{"id":11871,"date":"2023-06-17T21:49:52","date_gmt":"2023-06-17T19:49:52","guid":{"rendered":"https:\/\/www.leaplytics.de\/?page_id=11871"},"modified":"2023-11-03T11:27:35","modified_gmt":"2023-11-03T10:27:35","slug":"zaciname-markdown-viewer-power-bi","status":"publish","type":"page","link":"https:\/\/www.leaplytics.de\/sk\/zaciname-markdown-viewer-power-bi\/","title":{"rendered":"Za\u010d\u00edname - Markdown Viewer"},"content":{"rendered":"<p>Po na\u010d\u00edtan\u00ed na\u0161ej vizualiz\u00e1cie si ur\u010dite kladiete ot\u00e1zku, \u010do teraz robi\u0165. Pr\u00e1ve to v\u00e1m vysvetl\u00edme v tomto n\u00e1vode.<\/p>\n\n\n\n<h3 class=\"wp-block-heading\">1. Potiahnite vizu\u00e1lne na pracovn\u00fd h\u00e1rok<\/h3>\n\n\n<div class=\"wp-block-image\">\n<figure class=\"alignleft size-full\"><img loading=\"lazy\" decoding=\"async\" width=\"281\" height=\"350\" src=\"https:\/\/www.leaplytics.de\/wp-content\/uploads\/2023\/11\/md.png\" alt=\"\" class=\"wp-image-12805\" srcset=\"https:\/\/www.leaplytics.de\/wp-content\/uploads\/2023\/11\/md.png 281w, https:\/\/www.leaplytics.de\/wp-content\/uploads\/2023\/11\/md-241x300.png 241w, https:\/\/www.leaplytics.de\/wp-content\/uploads\/2023\/11\/md-48x60.png 48w\" sizes=\"auto, (max-width: 281px) 100vw, 281px\" \/><\/figure><\/div>\n\n\n<div class=\"wp-block-columns is-layout-flex wp-container-core-columns-is-layout-1 wp-block-columns-is-layout-flex\">\n<div class=\"wp-block-column is-layout-flow wp-block-column-is-layout-flow\" style=\"flex-basis:66.66%\">\n<p>Otvorte aplik\u00e1ciu Microsoft Power BI a pr\u00edslu\u0161n\u00fa zostavu alebo pracovn\u00fd h\u00e1rok, v ktorom chcete pou\u017ei\u0165 vizu\u00e1lnu funkciu \"Markdown Viewer\". Otvorte pracovn\u00fd h\u00e1rok v re\u017eime \u00faprav a v \u010dasti \"Vizualiz\u00e1cie\" n\u00e1jdete vizu\u00e1l \"Markdown Viewer\", ako aj v\u0161etky ostatn\u00e9 zak\u00fapen\u00e9 produkty LeapLytics. Kliknut\u00edm na vizu\u00e1l ho umiestnite na pracovn\u00fd h\u00e1rok (<em>Vzh\u013ead vizu\u00e1lu m\u00f4\u017eete nesk\u00f4r zmeni\u0165 prostredn\u00edctvom podokna \"Form\u00e1t\".<\/em>).<\/p>\n<\/div>\n<\/div>\n\n\n\n<div style=\"height:16px\" aria-hidden=\"true\" class=\"wp-block-spacer\"><\/div>\n\n\n\n<h3 class=\"wp-block-heading\">2. Panel nehnute\u013enost\u00ed<\/h3>\n\n\n<div class=\"wp-block-image\">\n<figure class=\"alignleft size-full\"><img loading=\"lazy\" decoding=\"async\" width=\"187\" height=\"411\" src=\"https:\/\/www.leaplytics.de\/wp-content\/uploads\/2023\/11\/md2.png\" alt=\"\" class=\"wp-image-12806\" srcset=\"https:\/\/www.leaplytics.de\/wp-content\/uploads\/2023\/11\/md2.png 187w, https:\/\/www.leaplytics.de\/wp-content\/uploads\/2023\/11\/md2-136x300.png 136w, https:\/\/www.leaplytics.de\/wp-content\/uploads\/2023\/11\/md2-27x60.png 27w\" sizes=\"auto, (max-width: 187px) 100vw, 187px\" \/><\/figure><\/div>\n\n\n<div class=\"wp-block-columns is-layout-flex wp-container-core-columns-is-layout-2 wp-block-columns-is-layout-flex\">\n<div class=\"wp-block-column is-layout-flow wp-block-column-is-layout-flow\" style=\"flex-basis:33.33%\">\n<p>Po umiestnen\u00ed jednej alebo viacer\u00fdch in\u0161tanci\u00ed vizu\u00e1lu na ovl\u00e1dac\u00ed panel sa na pravej strane zobraz\u00ed panel vlastnost\u00ed. Panel vlastnost\u00ed je rozdelen\u00fd na \u010dasti \"Polia\", \"Form\u00e1t\" a \"Anal\u00fdza\".<\/p>\n\n\n\n<p>V nasleduj\u00facich kapitol\u00e1ch sa dozviete, ako pou\u017e\u00edva\u0165 vizu\u00e1lny prehliada\u010d LeapLytics \"Markdown Viewer\" a ako ho spr\u00e1vne prisp\u00f4sobi\u0165 svojim potreb\u00e1m pomocou vlastnost\u00ed.<\/p>\n<\/div>\n<\/div>\n\n\n\n<div style=\"height:16px\" aria-hidden=\"true\" class=\"wp-block-spacer\"><\/div>\n\n\n\n<h3 class=\"wp-block-heading\">3. Prida\u0165 opatrenie<\/h3>\n\n\n<div class=\"wp-block-image\">\n<figure class=\"alignleft size-full\"><img loading=\"lazy\" decoding=\"async\" width=\"364\" height=\"409\" src=\"https:\/\/www.leaplytics.de\/wp-content\/uploads\/2023\/11\/md3.png\" alt=\"\" class=\"wp-image-12807\" srcset=\"https:\/\/www.leaplytics.de\/wp-content\/uploads\/2023\/11\/md3.png 364w, https:\/\/www.leaplytics.de\/wp-content\/uploads\/2023\/11\/md3-267x300.png 267w, https:\/\/www.leaplytics.de\/wp-content\/uploads\/2023\/11\/md3-53x60.png 53w\" sizes=\"auto, (max-width: 364px) 100vw, 364px\" \/><\/figure><\/div>\n\n\n<div class=\"wp-block-columns is-layout-flex wp-container-core-columns-is-layout-3 wp-block-columns-is-layout-flex\">\n<div class=\"wp-block-column is-layout-flow wp-block-column-is-layout-flow\" style=\"flex-basis:66.66%\">\n<p>Vyberte rozmer z \u010dasti \"\u00dadaje\" kliknut\u00edm na\u0148 alebo jeho pretiahnut\u00edm do po\u013ea \"\u00dadaje\" vizu\u00e1lneho zobrazenia.<\/p>\n\n\n\n<p><strong>Pri pou\u017e\u00edvan\u00ed n\u00e1\u0161ho prehliada\u010da Markdown je potrebn\u00e9 zabezpe\u010di\u0165, aby \u00fadaje dimenzie boli vo form\u00e1te Markdown.<\/strong><\/p>\n<\/div>\n<\/div>\n\n\n\n<div style=\"height:16px\" aria-hidden=\"true\" class=\"wp-block-spacer\"><\/div>\n\n\n\n<h3 class=\"wp-block-heading\">4. V\u00fdsledok<\/h3>\n\n\n\n<figure class=\"wp-block-image size-large\"><img loading=\"lazy\" decoding=\"async\" width=\"1024\" height=\"407\" src=\"https:\/\/www.leaplytics.de\/wp-content\/uploads\/2023\/11\/grafik-2-1024x407.png\" alt=\"\" class=\"wp-image-12810\" srcset=\"https:\/\/www.leaplytics.de\/wp-content\/uploads\/2023\/11\/grafik-2-1024x407.png 1024w, https:\/\/www.leaplytics.de\/wp-content\/uploads\/2023\/11\/grafik-2-300x119.png 300w, https:\/\/www.leaplytics.de\/wp-content\/uploads\/2023\/11\/grafik-2-768x305.png 768w, https:\/\/www.leaplytics.de\/wp-content\/uploads\/2023\/11\/grafik-2-1536x610.png 1536w, https:\/\/www.leaplytics.de\/wp-content\/uploads\/2023\/11\/grafik-2-151x60.png 151w, https:\/\/www.leaplytics.de\/wp-content\/uploads\/2023\/11\/grafik-2.png 1880w\" sizes=\"auto, (max-width: 1024px) 100vw, 1024px\" \/><\/figure>","protected":false},"excerpt":{"rendered":"<p>Po na\u010d\u00edtan\u00ed na\u0161ej vizualiz\u00e1cie si ur\u010dite kladiete ot\u00e1zku, \u010do teraz robi\u0165. Pr\u00e1ve to v\u00e1m vysvetl\u00edme v tomto n\u00e1vode. 1. Potiahnite vizualiz\u00e1ciu na pracovn\u00fd h\u00e1rok Otvorte aplik\u00e1ciu Microsoft Power BI a pr\u00edslu\u0161n\u00fa zostavu alebo pracovn\u00fd h\u00e1rok, v ktorom chcete pou\u017ei\u0165 vizualiz\u00e1ciu \"Markdown Viewer\". Otvorte pracovn\u00fd h\u00e1rok v aplik\u00e1cii ... <\/p>","protected":false},"author":2,"featured_media":0,"parent":0,"menu_order":0,"comment_status":"closed","ping_status":"closed","template":"","meta":{"footnotes":""},"class_list":["post-11871","page","type-page","status-publish","hentry","latest_post"],"_links":{"self":[{"href":"https:\/\/www.leaplytics.de\/sk\/wp-json\/wp\/v2\/pages\/11871","targetHints":{"allow":["GET"]}}],"collection":[{"href":"https:\/\/www.leaplytics.de\/sk\/wp-json\/wp\/v2\/pages"}],"about":[{"href":"https:\/\/www.leaplytics.de\/sk\/wp-json\/wp\/v2\/types\/page"}],"author":[{"embeddable":true,"href":"https:\/\/www.leaplytics.de\/sk\/wp-json\/wp\/v2\/users\/2"}],"replies":[{"embeddable":true,"href":"https:\/\/www.leaplytics.de\/sk\/wp-json\/wp\/v2\/comments?post=11871"}],"version-history":[{"count":0,"href":"https:\/\/www.leaplytics.de\/sk\/wp-json\/wp\/v2\/pages\/11871\/revisions"}],"wp:attachment":[{"href":"https:\/\/www.leaplytics.de\/sk\/wp-json\/wp\/v2\/media?parent=11871"}],"curies":[{"name":"wp","href":"https:\/\/api.w.org\/{rel}","templated":true}]}}