{"id":11926,"date":"2023-07-18T10:22:34","date_gmt":"2023-07-18T08:22:34","guid":{"rendered":"https:\/\/www.leaplytics.de\/?page_id=11926"},"modified":"2024-10-29T12:39:50","modified_gmt":"2024-10-29T11:39:50","slug":"vizualny-prehliadac-markdown-pre-power-bi","status":"publish","type":"page","link":"https:\/\/www.leaplytics.de\/sk\/vizualny-prehliadac-markdown-pre-power-bi\/","title":{"rendered":"Vizu\u00e1lny prehliada\u010d Markdown pre Power BI"},"content":{"rendered":"<p>Predstavujeme vlastn\u00fd vizu\u00e1l Markdown-to-HTML pre Power BI: rozpr\u00e1vajte svoj d\u00e1tov\u00fd pr\u00edbeh pomocou plnohodnotn\u00e9ho textov\u00e9ho editora na svojom informa\u010dnom paneli! Vyzdvihnite relevantn\u00e9 inform\u00e1cie prostredn\u00edctvom form\u00e1tovan\u00e9ho textu vo svojom z\u00e1\u017eitku z vizualiz\u00e1cie \u00fadajov!<\/p>\n\n\n\n<p>Sme nad\u0161en\u00ed, \u017ee m\u00f4\u017eeme predstavi\u0165 rie\u0161enie, ktor\u00e9 men\u00ed pravidl\u00e1 hry a umo\u017e\u0148uje pou\u017e\u00edvate\u013eom Power BI bezprobl\u00e9movo integrova\u0165 n\u00e1dherne form\u00e1tovan\u00fd text do svojich zost\u00e1v a ovl\u00e1dac\u00edch panelov.<\/p>\n\n\n\n<h3 class=\"wp-block-heading has-text-align-left\">V\u00fdhody<\/h3>\n\n\n\n<h5 class=\"wp-block-heading\">Uvo\u013enite silu Markdown<\/h5>\n\n\n\n<p>\u0160iroko prijat\u00fd zna\u010dkovac\u00ed jazyk s jednoduch\u00fdmi a v\u00fdrazn\u00fdmi mo\u017enos\u0165ami form\u00e1tovania textu v\u00e1m umo\u017en\u00ed vytv\u00e1ra\u0165 nadpisy, zoznamy, odkazy a \u010fal\u0161ie form\u00e1tovan\u00e9 textov\u00e9 prvky priamo pri va\u0161ich vizualiz\u00e1ci\u00e1ch \u00fadajov!<\/p>\n\n\n\n<h5 class=\"wp-block-heading\">Vytv\u00e1ranie presved\u010div\u00fdch vizu\u00e1lnych pr\u00edbehov<\/h5>\n\n\n\n<p>Vlastn\u00fd vizu\u00e1l Markdown-to-HTML v\u00e1m umo\u017e\u0148uje vytv\u00e1ra\u0165 p\u00fatav\u00e9 pr\u00edbehy v d\u00e1tovom pr\u00edbehu plynul\u00fdm sp\u00e1jan\u00edm bohato form\u00e1tovan\u00e9ho textu s va\u0161imi vizualiz\u00e1ciami. Priamo popri \u00fadajoch m\u00f4\u017eete poskytn\u00fa\u0165 podrobn\u00e9 vysvetlenia, postrehy a podporn\u00fa dokument\u00e1ciu, \u010d\u00edm zv\u00fd\u0161ite zrozumite\u013enos\u0165 a vplyv svojho posolstva.<\/p>\n\n\n\n<h5 class=\"wp-block-heading\">Zjednodu\u0161en\u00e1 integr\u00e1cia<\/h5>\n\n\n\n<p>N\u00e1\u0161 vlastn\u00fd vizu\u00e1l sa bezprobl\u00e9movo integruje do prostredia Power BI, \u010d\u00edm sa zabezpe\u010d\u00ed pou\u017e\u00edvate\u013esky pr\u00edvetiv\u00e9 prostredie. Sta\u010d\u00ed zada\u0165 k\u00f3d Markdown alebo sa pripoji\u0165 k zdroju \u00fadajov obsahuj\u00facemu obsah Markdown a n\u00e1\u0161 vizu\u00e1l sa postar\u00e1 o zvy\u0161ok.<\/p>\n\n\n\n<h5 class=\"wp-block-heading\">Prisp\u00f4sobenie v\u00e1\u0161mu \u0161t\u00fdlu<\/h5>\n\n\n\n<p>N\u00e1\u0161 vlastn\u00fd vizu\u00e1l Markdown-to-HTML pon\u00faka rozsiahle mo\u017enosti prisp\u00f4sobenia, aby ste do\u0148 vniesli svoju jedine\u010dn\u00fa identitu zna\u010dky. Prisp\u00f4sobte vzh\u013ead vizu\u00e1lu, ako s\u00fa p\u00edsma, farby a pozadia, aby bol v s\u00falade s va\u0161ou zna\u010dkou alebo t\u00e9mou spr\u00e1vy, a tak s\u00fadr\u017ene a profesion\u00e1lne prezentoval identitu va\u0161ej organiz\u00e1cie.<\/p>\n\n\n\n<h5 class=\"wp-block-heading\">Podpora spolupr\u00e1ce a zdie\u013eania znalost\u00ed<\/h5>\n\n\n\n<p>Podporte spolupr\u00e1cu, zdie\u013eanie znalost\u00ed a zefekt\u00edvnenie pracovn\u00fdch postupov vo va\u0161ej organiz\u00e1cii pomocou tohto ob\u013e\u00faben\u00e9ho form\u00e1tu na spolupr\u00e1cu a zdie\u013eanie znalost\u00ed.<\/p>\n\n\n\n<p>Zlep\u0161ite svoju hru na vizualiz\u00e1ciu \u00fadajov pomocou n\u00e1\u0161ho vlastn\u00e9ho vizu\u00e1lu Markdown-to-HTML pre Power BI. Prezentujte svoje poznatky a anal\u00fdzy vizu\u00e1lne ohromuj\u00facim a p\u00fatav\u00fdm sp\u00f4sobom, ktor\u00fd zaujme va\u0161e publikum. \u010ci u\u017e ste d\u00e1tov\u00fd analytik, obchodn\u00fd profesion\u00e1l alebo ved\u00faci pracovn\u00edk, tento vizu\u00e1l je navrhnut\u00fd tak, aby v\u00e1m pomohol bez n\u00e1mahy komunikova\u0165 zlo\u017eit\u00e9 my\u0161lienky a dosiahnu\u0165 trval\u00fd vplyv.<\/p>\n\n\n\n<p>Ste pripraven\u00ed zmeni\u0165 svoje zostavy a panely Power BI? Stiahnite si na\u0161u aplik\u00e1ciu Markdown-to-HTML Custom Visual e\u0161te dnes a odomknite svet dynamick\u00fdch mo\u017enost\u00ed form\u00e1tovania textu.<\/p>\n\n\n\n<p><em>Posilnite svoje prezent\u00e1cie \u00fadajov dokonalou kombin\u00e1ciou vizu\u00e1lnej estetiky a informa\u010dn\u00e9ho obsahu. Spoznajte bud\u00facnos\u0165 rozpr\u00e1vania pr\u00edbehov o \u00fadajoch pomocou Markdown a Power BI.<\/em><\/p>\n\n\n\n<p><\/p>\n\n\n\n<h3 class=\"wp-block-heading\">Vy\u017eiadajte si sk\u00fa\u0161obn\u00fa licenciu<\/h3>\n\n\n<div class=\"wpforms-container wpforms-container-full\" id=\"wpforms-11888\"><form id=\"wpforms-form-11888\" class=\"wpforms-validate wpforms-form wpforms-ajax-form\" data-formid=\"11888\" method=\"post\" enctype=\"multipart\/form-data\" action=\"\/sk\/wp-json\/wp\/v2\/pages\/11926\" data-token=\"e5da1159517e09abac0c70b767cdc9bf\" data-token-time=\"1776210642\" data-trp-original-action=\"\/sk\/wp-json\/wp\/v2\/pages\/11926\"><noscript class=\"wpforms-error-noscript\">Ak chcete vyplni\u0165 tento formul\u00e1r, povo\u013ete vo svojom prehliada\u010di JavaScript.<\/noscript><div class=\"wpforms-field-container\"><div id=\"wpforms-11888-field_0-container\" class=\"wpforms-field wpforms-field-name\" data-field-id=\"0\"><label class=\"wpforms-field-label\">N\u00e1zov <span class=\"wpforms-required-label\">*<\/span><\/label><div class=\"wpforms-field-row wpforms-field-medium\"><div class=\"wpforms-field-row-block wpforms-first wpforms-one-half\"><input type=\"text\" id=\"wpforms-11888-field_0\" class=\"wpforms-field-name-first wpforms-field-required\" name=\"wpforms[fields][0][first]\" required><label for=\"wpforms-11888-field_0\" class=\"wpforms-field-sublabel after\">Prv\u00e1 str\u00e1nka<\/label><\/div><div class=\"wpforms-field-row-block wpforms-one-half\"><input type=\"text\" id=\"wpforms-11888-field_0-last\" class=\"wpforms-field-name-last wpforms-field-required\" name=\"wpforms[fields][0][last]\" required><label for=\"wpforms-11888-field_0-last\" class=\"wpforms-field-sublabel after\">Posledn\u00fd<\/label><\/div><\/div><\/div><div id=\"wpforms-11888-field_1-container\" class=\"wpforms-field wpforms-field-email\" data-field-id=\"1\"><label class=\"wpforms-field-label\" for=\"wpforms-11888-field_1\">Obchodn\u00fd e-mail <span class=\"wpforms-required-label\">*<\/span><\/label><input type=\"email\" id=\"wpforms-11888-field_1\" class=\"wpforms-field-medium wpforms-field-required\" data-rule-restricted-email=\"1\" name=\"wpforms[fields][1]\" spellcheck=\"false\" required><\/div><div id=\"wpforms-11888-field_4-container\" class=\"wpforms-field wpforms-field-text\" data-field-id=\"4\"><label class=\"wpforms-field-label\" for=\"wpforms-11888-field_4\">Spolo\u010dnos\u0165 <span class=\"wpforms-required-label\">*<\/span><\/label><input type=\"text\" id=\"wpforms-11888-field_4\" class=\"wpforms-field-medium wpforms-field-required\" name=\"wpforms[fields][4]\" required><\/div><div id=\"wpforms-11888-field_3-container\" class=\"wpforms-field wpforms-field-gdpr-checkbox\" data-field-id=\"3\"><label class=\"wpforms-field-label\">Dohoda o GDPR <span class=\"wpforms-required-label\">*<\/span><\/label><ul id=\"wpforms-11888-field_3\" class=\"wpforms-field-required\"><li class=\"choice-1\"><input type=\"checkbox\" id=\"wpforms-11888-field_3_1\" name=\"wpforms[fields][3][]\" value=\"I consent to having this website store my submitted information so they can respond to my inquiry.\" required><label class=\"wpforms-field-label-inline\" for=\"wpforms-11888-field_3_1\">S\u00fahlas\u00edm s t\u00fdm, aby t\u00e1to webov\u00e1 lokalita ulo\u017eila moje poskytnut\u00e9 inform\u00e1cie, aby mohla odpoveda\u0165 na moju po\u017eiadavku.<\/label><\/li><\/ul><\/div><\/div><!-- .wpforms-field-container --><div class=\"wpforms-recaptcha-container wpforms-is-recaptcha wpforms-is-recaptcha-type-v3\" ><input type=\"hidden\" name=\"wpforms[recaptcha]\" value=\"\"><\/div><div class=\"wpforms-submit-container\" ><input type=\"hidden\" name=\"wpforms[id]\" value=\"11888\"><input type=\"hidden\" name=\"page_title\" value=\"\"><input type=\"hidden\" name=\"page_url\" value=\"https:\/\/www.leaplytics.de\/sk\/wp-json\/wp\/v2\/pages\/11926\"><input type=\"hidden\" name=\"url_referer\" value=\"\"><button type=\"submit\" name=\"wpforms[submit]\" id=\"wpforms-submit-11888\" class=\"wpforms-submit\" data-alt-text=\"Sending...\" data-submit-text=\"Submit\" aria-live=\"assertive\" value=\"wpforms-submit\">Odosla\u0165<\/button><img loading=\"lazy\" decoding=\"async\" src=\"https:\/\/www.leaplytics.de\/wp-content\/plugins\/wpforms-lite\/assets\/images\/submit-spin.svg\" class=\"wpforms-submit-spinner\" style=\"display: none;\" width=\"26\" height=\"26\" alt=\"Na\u010d\u00edtanie\"><\/div><input type=\"hidden\" name=\"trp-form-language\" value=\"sk\"\/><\/form><\/div>  <!-- .wpforms-container -->\n\n\n\n<div style=\"height:50px\" aria-hidden=\"true\" class=\"wp-block-spacer\"><\/div>\n\n\n\n<h3 class=\"wp-block-heading has-text-align-left\" id=\"tutorial\">Za\u010d\u00edname<\/h3>\n\n\n\n<p><em>Ako m\u00f4\u017eem za\u010da\u0165?<\/em> Vy\u017eiadajte si sk\u00fa\u0161obn\u00fa licenciu vy\u0161\u0161ie. A ke\u010f ste dostali licen\u010dn\u00fd k\u00f3d? Sta\u010d\u00ed klikn\u00fa\u0165 ni\u017e\u0161ie a spust\u00edte n\u00e1\u0161 v\u00fdukov\u00fd program.<\/p>\n\n\n\n<figure class=\"wp-block-embed is-type-wp-embed is-provider-leaplytics wp-block-embed-leaplytics\"><div class=\"wp-block-embed__wrapper\">\n<blockquote class=\"wp-embedded-content\" data-secret=\"IL8vEweSWi\"><a href=\"https:\/\/www.leaplytics.de\/sk\/zaciname-markdown-viewer-power-bi\/\">Za\u010d\u00edname - Markdown Viewer<\/a><\/blockquote><iframe loading=\"lazy\" class=\"wp-embedded-content\" sandbox=\"allow-scripts\" security=\"restricted\" style=\"position: absolute; clip: rect(1px, 1px, 1px, 1px);\" title=\"&quot;Za\u010d\u00edname - Markdown Viewer&quot; - LeapLytics\" src=\"https:\/\/www.leaplytics.de\/getting-started-markdown-viewer-power-bi\/embed\/#?secret=huMdA44Ho4#?secret=IL8vEweSWi\" data-secret=\"IL8vEweSWi\" width=\"600\" height=\"338\" frameborder=\"0\" marginwidth=\"0\" marginheight=\"0\" scrolling=\"no\"><\/iframe>\n<\/div><\/figure>","protected":false},"excerpt":{"rendered":"<p>Predstavujeme vlastn\u00fd vizu\u00e1l Markdown-to-HTML pre Power BI: rozpr\u00e1vajte svoj d\u00e1tov\u00fd pr\u00edbeh pomocou plnohodnotn\u00e9ho textov\u00e9ho editora na svojom informa\u010dnom paneli! Vyzdvihnite relevantn\u00e9 inform\u00e1cie prostredn\u00edctvom form\u00e1tovan\u00e9ho textu vo svojom z\u00e1\u017eitku z vizualiz\u00e1cie \u00fadajov! S rados\u0165ou v\u00e1m predstavujeme rie\u0161enie, ktor\u00e9 men\u00ed pravidl\u00e1 hry a umo\u017e\u0148uje pou\u017e\u00edvate\u013eom Power BI bezprobl\u00e9movo integrova\u0165 kr\u00e1sne form\u00e1tovan\u00fd text do svojich preh\u013eadov a ... <\/p>","protected":false},"author":2,"featured_media":0,"parent":0,"menu_order":0,"comment_status":"closed","ping_status":"closed","template":"","meta":{"footnotes":""},"class_list":["post-11926","page","type-page","status-publish","hentry","latest_post"],"_links":{"self":[{"href":"https:\/\/www.leaplytics.de\/sk\/wp-json\/wp\/v2\/pages\/11926","targetHints":{"allow":["GET"]}}],"collection":[{"href":"https:\/\/www.leaplytics.de\/sk\/wp-json\/wp\/v2\/pages"}],"about":[{"href":"https:\/\/www.leaplytics.de\/sk\/wp-json\/wp\/v2\/types\/page"}],"author":[{"embeddable":true,"href":"https:\/\/www.leaplytics.de\/sk\/wp-json\/wp\/v2\/users\/2"}],"replies":[{"embeddable":true,"href":"https:\/\/www.leaplytics.de\/sk\/wp-json\/wp\/v2\/comments?post=11926"}],"version-history":[{"count":3,"href":"https:\/\/www.leaplytics.de\/sk\/wp-json\/wp\/v2\/pages\/11926\/revisions"}],"predecessor-version":[{"id":13652,"href":"https:\/\/www.leaplytics.de\/sk\/wp-json\/wp\/v2\/pages\/11926\/revisions\/13652"}],"wp:attachment":[{"href":"https:\/\/www.leaplytics.de\/sk\/wp-json\/wp\/v2\/media?parent=11926"}],"curies":[{"name":"wp","href":"https:\/\/api.w.org\/{rel}","templated":true}]}}