{"id":12086,"date":"2023-08-02T17:05:19","date_gmt":"2023-08-02T15:05:19","guid":{"rendered":"https:\/\/www.leaplytics.de\/?page_id=12086"},"modified":"2023-08-06T14:32:15","modified_gmt":"2023-08-06T12:32:15","slug":"migracia-qlikview-na-power-bi","status":"publish","type":"page","link":"https:\/\/www.leaplytics.de\/sk\/migracia-qlikview-na-power-bi\/","title":{"rendered":"Migr\u00e1cia QlikView na Power BI - n\u00e1\u0161 pr\u00edstup"},"content":{"rendered":"<p>Pou\u017e\u00edvate v s\u00fa\u010dasnosti QlikView, ale zva\u017eujete prechod na Power BI?  V spolo\u010dnosti LeapLytics sa \u0161pecializujeme na poskytovanie odborn\u00fdch migra\u010dn\u00fdch slu\u017eieb, ktor\u00e9 v\u00e1m pom\u00f4\u017eu plynulo prejs\u0165 z QlikView na Power BI. N\u00e1\u0161 t\u00edm kvalifikovan\u00fdch odborn\u00edkov m\u00e1 rozsiahle sk\u00fasenosti s rie\u0161en\u00edm tak\u00fdchto migr\u00e1ci\u00ed, \u010d\u00edm zabezpe\u010duje hladk\u00fd a efekt\u00edvny proces pre va\u0161u organiz\u00e1ciu.<\/p>\n\n\n\n<h3 class=\"wp-block-heading\"><strong>Pre\u010do migrova\u0165 z QlikView na Power BI?<\/strong><\/h3>\n\n\n\n<p>Ke\u010f\u017ee technol\u00f3gie business intelligence sa neust\u00e1le vyv\u00edjaj\u00fa, pre organiz\u00e1cie je \u010dasto v\u00fdhodn\u00e9 prejs\u0165 na modernej\u0161ie a robustnej\u0161ie platformy, ako je Power BI. Tu je nieko\u013eko presved\u010div\u00fdch d\u00f4vodov, pre\u010do zv\u00e1\u017ei\u0165 migr\u00e1ciu z QlikView na Power BI:<\/p>\n\n\n\n<ol class=\"wp-block-list\">\n<li><strong>Vylep\u0161en\u00e1 vizualiz\u00e1cia \u00fadajov:<\/strong> Power BI pon\u00faka \u0161irok\u00fa \u0161k\u00e1lu mo\u017enost\u00ed vizualiz\u00e1cie, ktor\u00e9 v\u00e1m umo\u017enia prezentova\u0165 \u00fadaje preh\u013eadnej\u0161\u00edmi a interakt\u00edvnej\u0161\u00edmi sp\u00f4sobmi, a t\u00fdm umo\u017enia pracovn\u00edkom s rozhodovac\u00edmi pr\u00e1vomocami z\u00edska\u0165 lep\u0161ie poznatky.<\/li>\n\n\n\n<li><strong>Integr\u00e1cia s ekosyst\u00e9mom Microsoft:<\/strong> Ak va\u0161a organiz\u00e1cia u\u017e vyu\u017e\u00edva n\u00e1stroje spolo\u010dnosti Microsoft, ako je Excel, SharePoint alebo Office 365, Power BI sa s t\u00fdmito platformami bezprobl\u00e9movo integruje a zefekt\u00edv\u0148uje va\u0161e pracovn\u00e9 postupy.<\/li>\n\n\n\n<li><strong>\u0160k\u00e1lovate\u013enos\u0165 a v\u00fdkon:<\/strong> S rast\u00facimi d\u00e1tov\u00fdmi potrebami dok\u00e1\u017ee Power BI spracova\u0165 ve\u013ek\u00e9 s\u00fabory \u00fadajov a zlo\u017eit\u00e9 dotazy s pozoruhodnou efektivitou a r\u00fdchlos\u0165ou.<\/li>\n\n\n\n<li><strong>Mo\u017enosti cloudu:<\/strong> V\u010faka cloudov\u00fdm funkci\u00e1m Power BI m\u00f4\u017eete jednoducho zdie\u013ea\u0165 reporty a spolupracova\u0165 s kolegami, \u010d\u00edm si zabezpe\u010d\u00edte pr\u00edstup k d\u00f4le\u017eit\u00fdm inform\u00e1ci\u00e1m v re\u00e1lnom \u010dase.<\/li>\n\n\n\n<li><strong>Pravideln\u00e9 aktualiz\u00e1cie a podpora:<\/strong> Spolo\u010dnos\u0165 Microsoft \u010dasto aktualizuje a vylep\u0161uje Power BI, \u010d\u00edm v\u00e1m zabezpe\u010duje pr\u00edstup k najnov\u0161\u00edm funkci\u00e1m a vylep\u0161eniam.<\/li>\n<\/ol>\n\n\n\n<h3 class=\"wp-block-heading\"><strong>\u00davahy o \u00faspe\u0161nej migr\u00e1cii QlikView na Power BI<\/strong><\/h3>\n\n\n\n<p>Migr\u00e1cia z jednej platformy business intelligence na in\u00fa m\u00f4\u017ee by\u0165 zlo\u017eit\u00e1. Na zabezpe\u010denie \u00faspe\u0161nej migr\u00e1cie je nevyhnutn\u00e9 venova\u0165 pozornos\u0165 nasleduj\u00facim k\u013e\u00fa\u010dov\u00fdm aspektom:<\/p>\n\n\n\n<ol class=\"wp-block-list\">\n<li><strong>Hodnotenie \u00fadajov:<\/strong> Analyzujte existuj\u00face \u00fadaje QlikView a ur\u010dte ich \u0161trukt\u00faru, kvalitu a relevantnos\u0165 pre migr\u00e1ciu. Identifikujte potenci\u00e1lne po\u017eiadavky na \u010distenie a transform\u00e1ciu \u00fadajov.<\/li>\n\n\n\n<li><strong>Mapovanie \u00falo\u017e\u00edsk, spr\u00e1v a informa\u010dn\u00fdch panelov:<\/strong> D\u00f4kladne spoznajte svoje s\u00fa\u010dasn\u00e9 \u00falo\u017eisk\u00e1 QlikView, zostavy a ovl\u00e1dacie panely. Vytvorte pl\u00e1n mapovania, aby ste tieto vizualiz\u00e1cie zopakovali v Power BI a z\u00e1rove\u0148 vyu\u017eili jeho jedine\u010dn\u00e9 funkcie.<\/li>\n\n\n\n<li><strong>Modelovanie \u00fadajov v Power BI:<\/strong> Navrhnite efekt\u00edvny d\u00e1tov\u00fd model v Power BI, ktor\u00fd bude v s\u00falade s va\u0161imi obchodn\u00fdmi po\u017eiadavkami a optimalizuje v\u00fdkon.<\/li>\n\n\n\n<li><strong>Zabezpe\u010denie a opr\u00e1vnenia:<\/strong> Definujte bezpe\u010dnostn\u00e9 roly a opr\u00e1vnenia v aplik\u00e1cii Power BI, aby ste zabezpe\u010dili, \u017ee pr\u00edstup k \u00fadajom bude vhodne riaden\u00fd a obmedzen\u00fd.<\/li>\n\n\n\n<li><strong>\u0160kolenie a prijatie pou\u017e\u00edvate\u013eov:<\/strong> Pripravte svoj t\u00edm na migr\u00e1ciu poskytnut\u00edm komplexn\u00e9ho \u0161kolenia o vlastnostiach a funkci\u00e1ch Power BI.<\/li>\n\n\n\n<li><strong>Testovanie a zabezpe\u010denie kvality:<\/strong> Pred uveden\u00edm rie\u0161enia do prev\u00e1dzky vykonajte d\u00f4kladn\u00e9 testovanie s cie\u013eom identifikova\u0165 a vyrie\u0161i\u0165 v\u0161etky probl\u00e9my.<\/li>\n\n\n\n<li><strong>Podpora po migr\u00e1cii:<\/strong> Pon\u00fakajte priebe\u017en\u00fa podporu na rie\u0161enie ak\u00fdchko\u013evek probl\u00e9mov po migr\u00e1cii a pom\u00e1hajte pou\u017e\u00edvate\u013eom plne vyu\u017e\u00edva\u0165 mo\u017enosti Power BI.<\/li>\n<\/ol>\n\n\n\n<h3 class=\"wp-block-heading\"><strong>Pre\u010do LeapLytics pre va\u0161u migr\u00e1ciu z QlikView na Power BI?<\/strong><\/h3>\n\n\n\n<p>V spolo\u010dnosti LeapLytics sme hrd\u00ed na n\u00e1\u0161 pr\u00edstup zameran\u00fd na z\u00e1kazn\u00edka a na na\u0161e hlbok\u00e9 znalosti programov QlikView a Power BI. N\u00e1\u0161 t\u00edm odborn\u00edkov m\u00e1 zru\u010dnosti a znalosti potrebn\u00e9 na bezprobl\u00e9mov\u00e9 zvl\u00e1dnutie procesu migr\u00e1cie, \u010d\u00edm sa zabezpe\u010d\u00ed minim\u00e1lne naru\u0161enie va\u0161ich obchodn\u00fdch \u010dinnost\u00ed. Ke\u010f si vyberiete n\u00e1s, z\u00edskate v\u00fdhody:<\/p>\n\n\n\n<ul class=\"wp-block-list\">\n<li><strong>Sk\u00fasenosti a odbornos\u0165:<\/strong> Na\u0161i sk\u00fasen\u00ed odborn\u00edci \u00faspe\u0161ne vykonali mno\u017estvo migr\u00e1ci\u00ed z QlikView do Power BI, v\u010faka \u010domu sa vedia vysporiada\u0165 so v\u0161etk\u00fdmi zlo\u017eitos\u0165ami, ktor\u00e9 m\u00f4\u017eu nasta\u0165.<\/li>\n\n\n\n<li><strong>Rie\u0161enia na mieru:<\/strong> Ch\u00e1peme, \u017ee potreby ka\u017edej organiz\u00e1cie s\u00fa jedine\u010dn\u00e9. Preto pon\u00fakame personalizovan\u00e9 strat\u00e9gie migr\u00e1cie, ktor\u00e9 s\u00fa v s\u00falade s va\u0161imi \u0161pecifick\u00fdmi po\u017eiadavkami.<\/li>\n\n\n\n<li><strong>Zabezpe\u010denie \u00fadajov:<\/strong> Prioritou je pre n\u00e1s bezpe\u010dnos\u0165 va\u0161ich citliv\u00fdch inform\u00e1ci\u00ed a dodr\u017eiavanie osved\u010den\u00fdch postupov v odvetv\u00ed na ochranu va\u0161ich \u00fadajov po\u010das migr\u00e1cie aj po nej.<\/li>\n\n\n\n<li><strong>Nepretr\u017eit\u00e1 podpora:<\/strong> N\u00e1\u0161 z\u00e1v\u00e4zok k v\u00e1\u0161mu \u00faspechu presahuje r\u00e1mec procesu migr\u00e1cie. Poskytujeme priebe\u017en\u00fa podporu, aby sme rie\u0161ili ak\u00e9ko\u013evek probl\u00e9my a pomohli s prijat\u00edm Power BI.<\/li>\n<\/ul>\n\n\n\n<p>Spolo\u010dnos\u0165 LeapLytics je va\u0161\u00edm d\u00f4veryhodn\u00fdm partnerom, ktor\u00fd v\u00e1m umo\u017en\u00ed \u010do najplynulej\u0161\u00ed prechod z QlikView na Power BI. Kontaktujte n\u00e1s e\u0161te dnes, aby ste sa dozvedeli viac o na\u0161ich slu\u017eb\u00e1ch migr\u00e1cie a urobili prv\u00fd krok k uvo\u013eneniu skuto\u010dn\u00e9ho potenci\u00e1lu va\u0161ich \u00fadajov.<\/p>\n\n\n\n<h4 class=\"wp-block-heading\"><strong>Kontaktujte n\u00e1s e\u0161te dnes<\/strong><\/h4>\n\n\n\n<p>M\u00e1te ot\u00e1zky t\u00fdkaj\u00face sa migr\u00e1cie z QlikView do Power BI alebo z\u00e1ujem o na\u0161e slu\u017eby? Nev\u00e1hajte n\u00e1s oslovi\u0165 na konzult\u00e1ciu. Sme tu, aby sme v\u00e1m pomohli s hladk\u00fdm a \u00faspe\u0161n\u00fdm prechodom na Power BI. Spojte sa s na\u0161imi odborn\u00edkmi a <a href=\"https:\/\/www.leaplytics.de\/sk\/kontakt\/\"><strong>po\u0161lite n\u00e1m spr\u00e1vu<\/strong><\/a>.<\/p>\n\n\n\n<p>(<em>Nev\u00e1hajte n\u00e1s kontaktova\u0165 aj v pr\u00edpade, \u017ee potrebujete poradi\u0165 s in\u00fdm aspektom business intelligence, anal\u00fdzy \u00fadajov alebo vizualiz\u00e1cie. N\u00e1\u0161 t\u00edm je dobre vybaven\u00fd na to, aby v\u00e1m pomohol pri r\u00f4znych \u010dinnostiach s\u00favisiacich s \u00fadajmi.<\/em>)<\/p>","protected":false},"excerpt":{"rendered":"<p>Pou\u017e\u00edvate v s\u00fa\u010dasnosti QlikView, ale zva\u017eujete prechod na Power BI? V spolo\u010dnosti LeapLytics sa \u0161pecializujeme na poskytovanie odborn\u00fdch migra\u010dn\u00fdch slu\u017eieb, ktor\u00e9 v\u00e1m pom\u00f4\u017eu plynulo prejs\u0165 z QlikView na Power BI. N\u00e1\u0161 t\u00edm kvalifikovan\u00fdch odborn\u00edkov m\u00e1 rozsiahle sk\u00fasenosti s rie\u0161en\u00edm tak\u00fdchto migr\u00e1ci\u00ed, \u010d\u00edm zabezpe\u010duje hladk\u00fd a efekt\u00edvny proces pre va\u0161u organiz\u00e1ciu. Pre\u010do migrova\u0165 z ... <\/p>","protected":false},"author":2,"featured_media":0,"parent":0,"menu_order":0,"comment_status":"closed","ping_status":"closed","template":"","meta":{"footnotes":""},"class_list":["post-12086","page","type-page","status-publish","hentry","latest_post"],"_links":{"self":[{"href":"https:\/\/www.leaplytics.de\/sk\/wp-json\/wp\/v2\/pages\/12086","targetHints":{"allow":["GET"]}}],"collection":[{"href":"https:\/\/www.leaplytics.de\/sk\/wp-json\/wp\/v2\/pages"}],"about":[{"href":"https:\/\/www.leaplytics.de\/sk\/wp-json\/wp\/v2\/types\/page"}],"author":[{"embeddable":true,"href":"https:\/\/www.leaplytics.de\/sk\/wp-json\/wp\/v2\/users\/2"}],"replies":[{"embeddable":true,"href":"https:\/\/www.leaplytics.de\/sk\/wp-json\/wp\/v2\/comments?post=12086"}],"version-history":[{"count":0,"href":"https:\/\/www.leaplytics.de\/sk\/wp-json\/wp\/v2\/pages\/12086\/revisions"}],"wp:attachment":[{"href":"https:\/\/www.leaplytics.de\/sk\/wp-json\/wp\/v2\/media?parent=12086"}],"curies":[{"name":"wp","href":"https:\/\/api.w.org\/{rel}","templated":true}]}}