{"id":12944,"date":"2023-12-18T23:03:40","date_gmt":"2023-12-18T22:03:40","guid":{"rendered":"https:\/\/www.leaplytics.de\/?page_id=12944"},"modified":"2023-12-18T23:03:40","modified_gmt":"2023-12-18T22:03:40","slug":"ehs-risk-management-power-bi-pre-tazobny-a-ropny-priemysel","status":"publish","type":"page","link":"https:\/\/www.leaplytics.de\/sk\/ehs-risk-management-power-bi-pre-tazobny-a-ropny-priemysel\/","title":{"rendered":"Riadenie riz\u00edk BOZP Power BI pre \u0165a\u017eobn\u00fd a ropn\u00fd priemysel"},"content":{"rendered":"<h3 class=\"wp-block-heading\">\u00davod<\/h3>\n\n\n\n<p>Odvetvia, ako je \u0165a\u017eba a \u0165a\u017eba ropy, s\u00fa pre svetov\u00e9 hospod\u00e1rstvo k\u013e\u00fa\u010dov\u00e9, preto\u017ee dod\u00e1vaj\u00fa zdroje a energiu. \u010celia v\u0161ak v\u00fdzvam v oblasti environment\u00e1lnych, zdravotn\u00fdch a bezpe\u010dnostn\u00fdch riz\u00edk. Spolo\u010dnosti v s\u00fa\u010dasnosti pova\u017euj\u00fa spo\u013eahliv\u00e9 riadenie riz\u00edk v oblasti BOZP za z\u00e1klad \u00faspechu. Tento \u010dl\u00e1nok sa zaober\u00e1 t\u00fdm, ako m\u00f4\u017ee na\u0161a matica riz\u00edk Power BI zlep\u0161i\u0165 riadenie riz\u00edk BOZP.<\/p>\n\n\n\n<h3 class=\"wp-block-heading\"><strong>Pochopenie riadenia riz\u00edk v oblasti BOZP<\/strong><\/h3>\n\n\n\n<p>V \u0165a\u017eobnom a ropnom priemysle s\u00fa hlavn\u00fdmi probl\u00e9mami environment\u00e1lne, zdravotn\u00e9 a bezpe\u010dnostn\u00e9 rizik\u00e1. Patr\u00ed medzi ne naru\u0161enie biotopov, zne\u010distenie, nehody a pr\u00e1vne probl\u00e9my. Pr\u00edsne riadenie riz\u00edk v oblasti BOZP je nevyhnutn\u00e9 pre udr\u017eate\u013en\u00fa a \u00faspe\u0161n\u00fa prev\u00e1dzku.<\/p>\n\n\n\n<h3 class=\"wp-block-heading\"><strong>Matica riz\u00edk Power BI<\/strong><\/h3>\n\n\n\n<p>Matica riz\u00edk je siln\u00fd n\u00e1stroj na rie\u0161enie riz\u00edk BOZP pomocou Power BI. Tu sa dozviete, ako pom\u00e1ha:<\/p>\n\n\n\n<ol class=\"wp-block-list\">\n<li><strong>Identifik\u00e1cia riz\u00edk:<\/strong> zhroma\u017e\u010fuje \u00fadaje na zistenie riz\u00edk v oblasti bezpe\u010dnosti, dodr\u017eiavania predpisov alebo zdravia.<\/li>\n\n\n\n<li><strong>Vizualiz\u00e1cia:<\/strong> Kategorizuje rizik\u00e1, \u010d\u00edm pom\u00e1ha osob\u00e1m s rozhodovac\u00edmi pr\u00e1vomocami vidie\u0165 naliehav\u00e9 probl\u00e9my.<\/li>\n\n\n\n<li><strong>Monitorovanie v\u00fdkonu:<\/strong> Udr\u017eiava \u00fadaje o BOZP aktualizovan\u00e9 na \u00fa\u010dely proakt\u00edvneho riadenia riz\u00edk.<\/li>\n\n\n\n<li><strong>Interakt\u00edvne informa\u010dn\u00e9 panely: <\/strong>Zobrazenie metr\u00edk riz\u00edk, incidentov a trendov v re\u00e1lnom \u010dase na jednoduch\u0161ie sledovanie v\u00fdkonnosti.<\/li>\n<\/ol>\n\n\n\n<div class=\"wp-block-buttons is-layout-flex wp-block-buttons-is-layout-flex\" id=\"https:\/\/www.leaplytics.de\/frontpage\/project-management-custom-visuals-microsoft-powerbi\/risk-heatmap-custom-visual-for-power-bi\/\">\n<div class=\"wp-block-button has-custom-width wp-block-button__width-75 has-custom-font-size is-style-fill\" style=\"font-size:18px\"><a class=\"wp-block-button__link has-background wp-element-button\" href=\"https:\/\/www.leaplytics.de\/sk\/titulna-stranka\/riadenie-projektov-vlastne-vizualizacie-microsoft-powerbi\/vlastny-vizual-mapy-rizik-pre-power-bi\/\" style=\"background-color:#22316d\" rel=\"https:\/\/www.leaplytics.de\/frontpage\/project-management-custom-visuals-microsoft-powerbi\/risk-heatmap-custom-visual-for-power-bi\/\">Pozrite si na\u0161u vlastn\u00fa vizu\u00e1lnu maticu riz\u00edk pre Power BI tu!<\/a><\/div>\n<\/div>\n\n\n\n<p><\/p>\n\n\n\n<h3 class=\"wp-block-heading\"><strong>Zvy\u0161ovanie v\u00fdkonnosti prostredn\u00edctvom riadenia riz\u00edk BOZP<\/strong><\/h3>\n\n\n\n<p>\u00da\u010dinn\u00e9 riadenie riz\u00edk v oblasti BOZP zlep\u0161uje v\u00fdkonnos\u0165:<\/p>\n\n\n\n<ul class=\"wp-block-list\">\n<li><strong>Prev\u00e1dzkov\u00e1 efekt\u00edvnos\u0165:<\/strong> Zni\u017euje po\u010det neh\u00f4d, por\u00fach zariaden\u00ed a environment\u00e1lnych incidentov. Zvy\u0161uje sa tak efekt\u00edvnos\u0165 a skracuj\u00fa sa prestoje.<\/li>\n\n\n\n<li><strong>\u00daspora n\u00e1kladov:<\/strong> Minimalizuje incidenty, zni\u017euje pokuty, pr\u00e1vne poplatky a n\u00e1klady na \u010distenie.<\/li>\n\n\n\n<li><strong>Udr\u017eate\u013enos\u0165 a reput\u00e1cia:<\/strong> Preukazuje z\u00e1v\u00e4zok k udr\u017eate\u013enosti. Zlep\u0161uje to reput\u00e1ciu a pr\u00ed\u0165a\u017elivos\u0165 pre investorov a z\u00e1kazn\u00edkov.<\/li>\n\n\n\n<li><strong>Dodr\u017eiavanie predpisov:<\/strong> Dodr\u017eiava pravidl\u00e1 BOZP, udr\u017eiava dobr\u00e9 vz\u0165ahy s regula\u010dn\u00fdmi org\u00e1nmi a vyh\u00fdba sa pokut\u00e1m.<\/li>\n\n\n\n<li><strong>Pohoda zamestnancov:<\/strong> uprednost\u0148uje bezpe\u010dnos\u0165 a zdravie zamestn\u00e1vate\u013ea. Zvy\u0161uje tak motiv\u00e1ciu a produktivitu, zni\u017euje fluktu\u00e1ciu a absencie.<\/li>\n<\/ul>\n\n\n\n<h3 class=\"wp-block-heading\"><strong>Z\u00e1ver<\/strong><\/h3>\n\n\n\n<p>Riadenie riz\u00edk v oblasti BOZP je nevyhnutn\u00e9 pre vynikaj\u00facu prev\u00e1dzku. Na\u0161a matica riz\u00edk v Power BI je skvel\u00fdm n\u00e1strojom na efekt\u00edvne riadenie riz\u00edk. Riadenie riz\u00edk BOZP pom\u00e1ha spolo\u010dnostiam dosahova\u0165 lep\u0161ie v\u00fdsledky a zni\u017eova\u0165 n\u00e1klady. Pom\u00e1ha im tie\u017e plni\u0165 predpisy a budova\u0165 kult\u00faru udr\u017eate\u013enosti a bezpe\u010dnosti. \u010celiac dne\u0161n\u00fdm v\u00fdzvam je riadenie riz\u00edk EHS prostredn\u00edctvom Power BI k\u013e\u00fa\u010dom k \u00faspechu.<\/p>","protected":false},"excerpt":{"rendered":"<p>\u00davod Odvetvia, ako je \u0165a\u017eba a \u0165a\u017eba ropy, maj\u00fa pre svetov\u00e9 hospod\u00e1rstvo z\u00e1sadn\u00fd v\u00fdznam, preto\u017ee dod\u00e1vaj\u00fa zdroje a energiu. \u010celia v\u0161ak v\u00fdzvam v oblasti environment\u00e1lnych, zdravotn\u00fdch a bezpe\u010dnostn\u00fdch riz\u00edk (BOZP). Spolo\u010dnosti v s\u00fa\u010dasnosti pova\u017euj\u00fa spo\u013eahliv\u00e9 riadenie riz\u00edk v oblasti BOZP za z\u00e1klad \u00faspechu. Tento \u010dl\u00e1nok sa zaober\u00e1 t\u00fdm, ako m\u00f4\u017ee na\u0161a matica riz\u00edk Power BI zlep\u0161i\u0165 riadenie riz\u00edk BOZP. Pochopenie riz\u00edk EHS ... <\/p>","protected":false},"author":55,"featured_media":12952,"parent":0,"menu_order":0,"comment_status":"closed","ping_status":"closed","template":"","meta":{"footnotes":""},"class_list":["post-12944","page","type-page","status-publish","has-post-thumbnail","hentry","latest_post"],"_links":{"self":[{"href":"https:\/\/www.leaplytics.de\/sk\/wp-json\/wp\/v2\/pages\/12944","targetHints":{"allow":["GET"]}}],"collection":[{"href":"https:\/\/www.leaplytics.de\/sk\/wp-json\/wp\/v2\/pages"}],"about":[{"href":"https:\/\/www.leaplytics.de\/sk\/wp-json\/wp\/v2\/types\/page"}],"author":[{"embeddable":true,"href":"https:\/\/www.leaplytics.de\/sk\/wp-json\/wp\/v2\/users\/55"}],"replies":[{"embeddable":true,"href":"https:\/\/www.leaplytics.de\/sk\/wp-json\/wp\/v2\/comments?post=12944"}],"version-history":[{"count":0,"href":"https:\/\/www.leaplytics.de\/sk\/wp-json\/wp\/v2\/pages\/12944\/revisions"}],"wp:featuredmedia":[{"embeddable":true,"href":"https:\/\/www.leaplytics.de\/sk\/wp-json\/wp\/v2\/media\/12952"}],"wp:attachment":[{"href":"https:\/\/www.leaplytics.de\/sk\/wp-json\/wp\/v2\/media?parent=12944"}],"curies":[{"name":"wp","href":"https:\/\/api.w.org\/{rel}","templated":true}]}}