{"id":12961,"date":"2023-12-18T23:03:43","date_gmt":"2023-12-18T22:03:43","guid":{"rendered":"https:\/\/www.leaplytics.de\/?page_id=12961"},"modified":"2024-01-02T12:05:32","modified_gmt":"2024-01-02T11:05:32","slug":"identifikacia-nebezpecenstva-v-leteckom-priemysle","status":"publish","type":"page","link":"https:\/\/www.leaplytics.de\/sk\/identifikacia-nebezpecenstva-v-leteckom-priemysle\/","title":{"rendered":"Power BI: Identifik\u00e1cia nebezpe\u010denstva v letectve, lodnej doprave a dopravnom priemysle"},"content":{"rendered":"<h2 class=\"wp-block-heading has-medium-font-size\"><strong>\u00davod<\/strong><\/h2>\n\n\n\n<p>V letectve, lodnej doprave a preprave je k\u013e\u00fa\u010dov\u00e1 identifik\u00e1cia nebezpe\u010denstva a riadenie riz\u00edk. Na\u0161a matica riz\u00edk v Power BI sa ukazuje ako cenn\u00fd n\u00e1stroj na tento \u00fa\u010del.<\/p>\n\n\n\n<p>Tento n\u00e1stroj je vynikaj\u00faci pri identifik\u00e1cii nebezpe\u010denstiev a zjednodu\u0161uje prezent\u00e1ciu \u00fadajov na r\u00fdchle rozpoznanie. T\u00e1to schopnos\u0165 umo\u017e\u0148uje okam\u017eit\u00e9 konanie, \u010d\u00edm sa zvy\u0161uje bezpe\u010dnos\u0165 prev\u00e1dzky.<\/p>\n\n\n\n<h2 class=\"wp-block-heading has-medium-font-size\"><strong>Navig\u00e1cia pri leteck\u00fdch nebezpe\u010denstv\u00e1ch<\/strong><\/h2>\n\n\n\n<p>V letectve s\u00fa be\u017en\u00fdmi nebezpe\u010denstvami probl\u00e9my s dr\u00e1hami alebo n\u00e1razy vt\u00e1kov. Medzi k\u013e\u00fa\u010dov\u00e9 ukazovatele v\u00fdkonnosti patr\u00ed frekvencia takmer neh\u00f4d a \u00fa\u010dinnos\u0165 bezpe\u010dnostn\u00e9ho \u0161kolenia. K\u013e\u00fa\u010dov\u00e1 je napr\u00edklad spo\u013eahlivos\u0165 komunika\u010dn\u00e9ho syst\u00e9mu.<\/p>\n\n\n\n<h2 class=\"wp-block-heading has-medium-font-size\"><strong>Zabezpe\u010denie bezpe\u010dnosti pri plavbe na v\u00fdletn\u00fdch lodiach<\/strong><\/h2>\n\n\n\n<p>Pri plavb\u00e1ch m\u00f4\u017eu nebezpe\u010denstv\u00e1 zah\u0155\u0148a\u0165 zr\u00e1\u017eky lod\u00ed alebo mimoriadne zdravotn\u00e9 situ\u00e1cie. Medzi k\u013e\u00fa\u010dov\u00e9 ukazovatele v\u00fdkonnosti patr\u00ed sledovanie \u010dasu reakcie na n\u00fadzov\u00e9 situ\u00e1cie a dostato\u010dn\u00e9 zdravotn\u00edcke z\u00e1soby. Preto je zaistenie bezpe\u010dnosti cestuj\u00facich k\u013e\u00fa\u010dov\u00e9.<\/p>\n\n\n\n<h2 class=\"wp-block-heading has-medium-font-size\"><strong>Zabezpe\u010denie dopravn\u00fdch oper\u00e1ci\u00ed<\/strong><\/h2>\n\n\n\n<p>V sektore dopravy m\u00f4\u017eu nebezpe\u010denstv\u00e1 zah\u0155\u0148a\u0165 nehody alebo naru\u0161enie dod\u00e1vate\u013esk\u00e9ho re\u0165azca. K\u013e\u00fa\u010dov\u00fdmi ukazovate\u013emi v\u00fdkonnosti s\u00fa miera neh\u00f4d, dodr\u017eiavanie pl\u00e1nu \u00fadr\u017eby a \u00fa\u010dinnos\u0165 pohotovostn\u00fdch pl\u00e1nov. Z\u00e1kladom je napr\u00edklad sledovanie \u00fa\u010dinnosti programov \u0161kolenia vodi\u010dov.<\/p>\n\n\n\n<h2 class=\"wp-block-heading has-medium-font-size\"><strong>Matica riz\u00edk pre Power BI<\/strong><\/h2>\n\n\n\n<p>Tu je uveden\u00e9, ako Matica riz\u00edk zdokona\u013euje va\u0161e riadenie riz\u00edk:<\/p>\n\n\n\n<p><strong>Os pravdepodobnosti:<\/strong> Na tejto osi sa hodnot\u00ed pravdepodobnos\u0165 v\u00fdskytu rizika od n\u00edzkej po vysok\u00fa. Pom\u00e1ha pochopi\u0165 pravdepodobnos\u0165 v\u00fdskytu potenci\u00e1lnych riz\u00edk v t\u00fdchto sektoroch.<\/p>\n\n\n\n<p><strong>Os dopadu:<\/strong> T\u00e1to os sa zaober\u00e1 t\u00fdm, ak\u00e9 z\u00e1va\u017en\u00e9 m\u00f4\u017ee by\u0165 riziko, ktor\u00e9 sa kategorizuje ako n\u00edzke, stredn\u00e9 alebo vysok\u00e9. Pom\u00e1ha organiz\u00e1ci\u00e1m v letectve, lodnej doprave a doprave analyzova\u0165, ak\u00e9 ve\u013ek\u00e9 \u0161kody by mohlo riziko sp\u00f4sobi\u0165.<\/p>\n\n\n\n<p>Kombin\u00e1ciou pravdepodobnosti a vplyvu sa ka\u017ed\u00e9mu riziku pridel\u00ed sk\u00f3re. To pom\u00e1ha zoradi\u0165 rizik\u00e1 pod\u013ea toho, ak\u00e9 s\u00fa z\u00e1va\u017en\u00e9. V\u010dasn\u00e9 riadenie riz\u00edk s vysokou prioritou minimalizuje hrozby a naru\u0161enie prev\u00e1dzky.<\/p>\n\n\n\n<p>Pomocou matice riz\u00edk m\u00f4\u017eu organiz\u00e1cie v t\u00fdchto odvetviach:<\/p>\n\n\n\n<ol class=\"wp-block-list\">\n<li><strong>Vytv\u00e1ranie ovl\u00e1dac\u00edch panelov:<\/strong> Vytv\u00e1rajte informa\u010dn\u00e9 panely v re\u00e1lnom \u010dase zobrazuj\u00face bezpe\u010dnostn\u00e9 ukazovatele, incidenty a trendy. Mana\u017e\u00e9ri riz\u00edk tak m\u00f4\u017eu \u013eahko zisti\u0165, ako sa vyv\u00edja bezpe\u010dnos\u0165.<\/li>\n\n\n\n<li><strong>Vizualiz\u00e1cia \u00fadajov o rizik\u00e1ch:<\/strong> Pou\u017eite grafy a tabu\u013eky na zobrazenie sk\u00f3re riz\u00edk z matice riz\u00edk. Pom\u00e1ha to pochopi\u0165, ak\u00e9 z\u00e1va\u017en\u00e9 s\u00fa identifikovan\u00e9 rizik\u00e1.<\/li>\n\n\n\n<li><strong>Monitorovanie:<\/strong> Pomocou aplik\u00e1cie Power BI skontrolujte, \u010di sp\u013a\u0148ate bezpe\u010dnostn\u00e9 predpisy. N\u00e1jdite tie\u017e oblasti, ktor\u00e9 si vy\u017eaduj\u00fa viac bezpe\u010dnostn\u00fdch opatren\u00ed v letectve, lodnej doprave a doprave.<\/li>\n\n\n\n<li><strong>Identifikujte trendy: <\/strong>Pozrite sa na svoje \u00fadaje o rizik\u00e1ch. Pomocou matice riz\u00edk m\u00f4\u017eete pochopi\u0165 pr\u00ed\u010diny neh\u00f4d a rozpozna\u0165 pretrv\u00e1vaj\u00face bezpe\u010dnostn\u00e9 probl\u00e9my. To umo\u017e\u0148uje prij\u00edmanie informovan\u00fdch rozhodnut\u00ed na \u00fa\u010dely neust\u00e1leho zlep\u0161ovania bezpe\u010dnosti.<\/li>\n<\/ol>\n\n\n\n<div class=\"wp-block-buttons is-layout-flex wp-block-buttons-is-layout-flex\">\n<div class=\"wp-block-button has-custom-font-size\" style=\"font-size:18px\"><a class=\"wp-block-button__link has-background wp-element-button\" href=\"https:\/\/www.leaplytics.de\/sk\/titulna-stranka\/riadenie-projektov-vlastne-vizualizacie-microsoft-powerbi\/vlastny-vizual-mapy-rizik-pre-power-bi\/\" style=\"background-color:#22316d\" rel=\"https:\/\/www.leaplytics.de\/frontpage\/project-management-custom-visuals-microsoft-powerbi\/risk-heatmap-custom-visual-for-power-bi\/\">Pozrite si na\u0161u vlastn\u00fa vizu\u00e1lnu maticu riz\u00edk pre Power BI tu!<\/a><\/div>\n<\/div>\n\n\n\n<figure class=\"wp-block-image size-full\"><img loading=\"lazy\" decoding=\"async\" width=\"1024\" height=\"576\" src=\"https:\/\/www.leaplytics.de\/wp-content\/uploads\/2023\/12\/Risk-Matrix.jpg\" alt=\"\" class=\"wp-image-12965\" srcset=\"https:\/\/www.leaplytics.de\/wp-content\/uploads\/2023\/12\/Risk-Matrix.jpg 1024w, https:\/\/www.leaplytics.de\/wp-content\/uploads\/2023\/12\/Risk-Matrix-300x169.jpg 300w, https:\/\/www.leaplytics.de\/wp-content\/uploads\/2023\/12\/Risk-Matrix-768x432.jpg 768w, https:\/\/www.leaplytics.de\/wp-content\/uploads\/2023\/12\/Risk-Matrix-107x60.jpg 107w\" sizes=\"auto, (max-width: 1024px) 100vw, 1024px\" \/><\/figure>\n\n\n\n<h2 class=\"wp-block-heading has-medium-font-size\"><strong>Z\u00e1ver<\/strong><\/h2>\n\n\n\n<p>Matica riz\u00edk pre Power BI poskytuje cenn\u00e9 inform\u00e1cie o rizikov\u00fdch oblastiach. Pom\u00e1ha zamera\u0165 sa na zdroje a zlep\u0161i\u0165 bezpe\u010dnos\u0165. N\u00e1stroj umo\u017e\u0148uje odborn\u00edkom prij\u00edma\u0165 informovan\u00e9 rozhodnutia a zvl\u00e1da\u0165 rizik\u00e1.<\/p>\n\n\n\n<p>Matica riz\u00edk je v\u00fdznamn\u00fdm pr\u00ednosom pre leteck\u00fd, lodn\u00fd a dopravn\u00fd priemysel. Spr\u00edstup\u0148uje a zefekt\u00edv\u0148uje identifik\u00e1ciu a riadenie riz\u00edk. V\u010faka tomu m\u00f4\u017eu spolo\u010dnosti zachova\u0165 bezpe\u010dn\u00fa a plynul\u00fa prev\u00e1dzku v t\u00fdchto \u017eivotne d\u00f4le\u017eit\u00fdch odvetviach.<\/p>","protected":false},"excerpt":{"rendered":"<p>Introduction In aviation, cruise, and transport,hazard identification and risk management are crucial. Our Risk Matrix in Power BI emerges as a valuable tool for this purpose. The tool excels at identifying hazards and simplifying data presentation for quick recognition. This capability allows for immediate action, enhancing safety in operations. Navigating Aviation Hazards In aviation, common &hellip; <\/p>","protected":false},"author":55,"featured_media":12962,"parent":0,"menu_order":0,"comment_status":"closed","ping_status":"closed","template":"","meta":{"footnotes":""},"class_list":["post-12961","page","type-page","status-publish","has-post-thumbnail","hentry","latest_post"],"_links":{"self":[{"href":"https:\/\/www.leaplytics.de\/sk\/wp-json\/wp\/v2\/pages\/12961","targetHints":{"allow":["GET"]}}],"collection":[{"href":"https:\/\/www.leaplytics.de\/sk\/wp-json\/wp\/v2\/pages"}],"about":[{"href":"https:\/\/www.leaplytics.de\/sk\/wp-json\/wp\/v2\/types\/page"}],"author":[{"embeddable":true,"href":"https:\/\/www.leaplytics.de\/sk\/wp-json\/wp\/v2\/users\/55"}],"replies":[{"embeddable":true,"href":"https:\/\/www.leaplytics.de\/sk\/wp-json\/wp\/v2\/comments?post=12961"}],"version-history":[{"count":0,"href":"https:\/\/www.leaplytics.de\/sk\/wp-json\/wp\/v2\/pages\/12961\/revisions"}],"wp:featuredmedia":[{"embeddable":true,"href":"https:\/\/www.leaplytics.de\/sk\/wp-json\/wp\/v2\/media\/12962"}],"wp:attachment":[{"href":"https:\/\/www.leaplytics.de\/sk\/wp-json\/wp\/v2\/media?parent=12961"}],"curies":[{"name":"wp","href":"https:\/\/api.w.org\/{rel}","templated":true}]}}