{"id":13004,"date":"2023-12-18T23:06:58","date_gmt":"2023-12-18T22:06:58","guid":{"rendered":"https:\/\/www.leaplytics.de\/?page_id=13004"},"modified":"2024-04-09T20:48:32","modified_gmt":"2024-04-09T18:48:32","slug":"temy-power-bi","status":"publish","type":"page","link":"https:\/\/www.leaplytics.de\/sk\/temy-power-bi\/","title":{"rendered":"T\u00e9my Power BI"},"content":{"rendered":"<p><a href=\"https:\/\/www.leaplytics.de\/sk\/ehs-risk-management-power-bi-pre-tazobny-a-ropny-priemysel\/\">Riadenie riz\u00edk BOZP v Power BI<\/a><\/p>\n\n\n\n<p><a href=\"https:\/\/www.leaplytics.de\/sk\/identifikacia-nebezpecenstva-v-leteckom-priemysle\/\">Identifik\u00e1cia nebezpe\u010denstiev v letectve, lodnej doprave a preprave v Power BI<\/a><\/p>\n\n\n\n<p><a href=\"https:\/\/www.leaplytics.de\/sk\/matica-rizik-osha-v-oblasti-energetiky\/\">Matica riz\u00edk OSHA v Power BI<\/a><\/p>\n\n\n\n<p><a href=\"https:\/\/www.leaplytics.de\/sk\/matica-rizik-esg-s-microsoft-power-bi\/\">Matica riz\u00edk ESG v aplik\u00e1cii Power BI<\/a><\/p>\n\n\n\n<p><a href=\"https:\/\/www.leaplytics.de\/sk\/riadenie-kvality-dodavatela-s-power-bi\/\">Zabezpe\u010denie \/ riadenie kvality dod\u00e1vate\u013eov pomocou Power BI<\/a><\/p>\n\n\n\n<p><a href=\"https:\/\/www.leaplytics.de\/sk\/riadenie-rizik-kybernetickej-bezpecnosti-v-oblasti-energetiky\/\">Power BI: Riadenie riz\u00edk kybernetickej bezpe\u010dnosti<\/a><\/p>\n\n\n\n<p><a href=\"https:\/\/www.leaplytics.de\/sk\/riadenie-financnych-rizik-v-oblasti-energetiky\/\">Power BI: Riadenie finan\u010dn\u00fdch riz\u00edk v sektore finan\u010dn\u00fdch slu\u017eieb<\/a><\/p>\n\n\n\n<p><a href=\"https:\/\/www.leaplytics.de\/sk\/nechajte-power-bi-skokovo-zlepsit-riadenie-vasich-projektov\/\">Nechajte Power BI skokovo zlep\u0161i\u0165 riadenie projektov<\/a><\/p>\n\n\n\n<p><a href=\"https:\/\/www.leaplytics.de\/sk\/vizualne-zobrazenie-prehliadaca-textu-pre-power-bi\/\">Vizualiz\u00e1cie textov\u00e9ho prehliada\u010da pre Power BI<\/a><\/p>\n\n\n\n<p><a href=\"https:\/\/www.leaplytics.de\/sk\/matica-prilezitosti-pre-energetiku\/\">Matica pr\u00edle\u017eitost\u00ed pre Power BI<\/a><\/p>","protected":false},"excerpt":{"rendered":"<p>Riadenie riz\u00edk v oblasti BOZP v Power BI Identifik\u00e1cia nebezpe\u010denstiev v leteckom, lodnom a dopravnom priemysle v Power BI Matica riz\u00edk OSHA v Power BI Matica riz\u00edk ESG v Power BI Zabezpe\u010denie \/ riadenie kvality dod\u00e1vate\u013eov pomocou Power BI Power BI: Riadenie riz\u00edk kybernetickej bezpe\u010dnosti Power BI: Riadenie finan\u010dn\u00fdch riz\u00edk v sektore finan\u010dn\u00fdch slu\u017eieb Nechajte Power BI ... <\/p>","protected":false},"author":2,"featured_media":0,"parent":0,"menu_order":0,"comment_status":"closed","ping_status":"closed","template":"","meta":{"footnotes":""},"class_list":["post-13004","page","type-page","status-publish","hentry","latest_post"],"_links":{"self":[{"href":"https:\/\/www.leaplytics.de\/sk\/wp-json\/wp\/v2\/pages\/13004","targetHints":{"allow":["GET"]}}],"collection":[{"href":"https:\/\/www.leaplytics.de\/sk\/wp-json\/wp\/v2\/pages"}],"about":[{"href":"https:\/\/www.leaplytics.de\/sk\/wp-json\/wp\/v2\/types\/page"}],"author":[{"embeddable":true,"href":"https:\/\/www.leaplytics.de\/sk\/wp-json\/wp\/v2\/users\/2"}],"replies":[{"embeddable":true,"href":"https:\/\/www.leaplytics.de\/sk\/wp-json\/wp\/v2\/comments?post=13004"}],"version-history":[{"count":4,"href":"https:\/\/www.leaplytics.de\/sk\/wp-json\/wp\/v2\/pages\/13004\/revisions"}],"predecessor-version":[{"id":13338,"href":"https:\/\/www.leaplytics.de\/sk\/wp-json\/wp\/v2\/pages\/13004\/revisions\/13338"}],"wp:attachment":[{"href":"https:\/\/www.leaplytics.de\/sk\/wp-json\/wp\/v2\/media?parent=13004"}],"curies":[{"name":"wp","href":"https:\/\/api.w.org\/{rel}","templated":true}]}}