{"id":13065,"date":"2024-01-02T13:16:49","date_gmt":"2024-01-02T12:16:49","guid":{"rendered":"https:\/\/www.leaplytics.de\/?page_id=13065"},"modified":"2024-01-02T13:16:50","modified_gmt":"2024-01-02T12:16:50","slug":"riadenie-rizik-kybernetickej-bezpecnosti-v-oblasti-energetiky","status":"publish","type":"page","link":"https:\/\/www.leaplytics.de\/sk\/riadenie-rizik-kybernetickej-bezpecnosti-v-oblasti-energetiky\/","title":{"rendered":"Power BI: Riadenie riz\u00edk kybernetickej bezpe\u010dnosti"},"content":{"rendered":"<h3 class=\"wp-block-heading has-medium-font-size\">\u00davod<\/h3>\n\n\n\n<p>V dne\u0161nom r\u00fdchlom digit\u00e1lnom svete je riadenie riz\u00edk kybernetickej bezpe\u010dnosti k\u013e\u00fa\u010dov\u00e9. Tento \u010dl\u00e1nok sa zaober\u00e1 k\u013e\u00fa\u010dov\u00fdmi poznatkami t\u00fdkaj\u00facimi sa riadenia riz\u00edk kybernetickej bezpe\u010dnosti. Zd\u00f4raz\u0148ujeme, \u017ee organiz\u00e1cie musia prija\u0165 strat\u00e9gie riadenia riz\u00edk v Power BI.<\/p>\n\n\n\n<h3 class=\"wp-block-heading has-medium-font-size\">Pochopenie a optimaliz\u00e1cia strat\u00e9gi\u00ed kybernetickej bezpe\u010dnosti<\/h3>\n\n\n\n<p>Organiz\u00e1cie na celom svete investuj\u00fa do iniciat\u00edv v oblasti kybernetickej bezpe\u010dnosti s cie\u013eom zmierni\u0165 rizik\u00e1 a zn\u00ed\u017ei\u0165 n\u00e1klady t\u00fdm, \u017ee zabr\u00e1nia naru\u0161eniu bezpe\u010dnosti \u00fadajov a nepl\u00e1novan\u00fdm prestojom. Z\u00e1kladn\u00fdm aspektom je pochopenie typov riz\u00edk, ktor\u00fdm \u010delia. To umo\u017e\u0148uje podnikom prisp\u00f4sobi\u0165 \u00fa\u010dinn\u00e9 strat\u00e9gie riadenia riz\u00edk.<\/p>\n\n\n\n<p><strong>Krok 1 - Granul\u00e1rna klasifik\u00e1cia riz\u00edk: <\/strong><br>\u00da\u010dinn\u00e9 riadenie riz\u00edk zah\u0155\u0148a presn\u00fa klasifik\u00e1ciu riz\u00edk. Tento granul\u00e1rny pr\u00edstup umo\u017e\u0148uje organiz\u00e1ci\u00e1m identifikova\u0165 a klasifikova\u0165 potenci\u00e1lne hrozby.<\/p>\n\n\n\n<p><strong>Krok 2 - Proakt\u00edvna detekcia riz\u00edk: <\/strong><br>K\u013e\u00fa\u010dov\u00fd je proakt\u00edvny pr\u00edstup k odha\u013eovaniu riz\u00edk. Organiz\u00e1cie musia identifikova\u0165 potenci\u00e1lne hrozby sk\u00f4r, ako sa vystup\u0148uj\u00fa, \u010d\u00edm sa zvy\u0161uje ich bezpe\u010dnostn\u00e1 pripravenos\u0165.<\/p>\n\n\n\n<p><strong>Krok 3 - \u00da\u010dinn\u00e9 zmier\u0148ovanie riz\u00edk: <\/strong><br>\u00da\u010dinn\u00e9 zmier\u0148ovanie riz\u00edk hodnot\u00ed rizik\u00e1 na z\u00e1klade pravdepodobnosti a vplyvu. Vhodn\u00fdm pride\u013eovan\u00edm zdrojov sa minimalizuje pravdepodobnos\u0165 v\u00fdskytu a optimalizuje sa riadenie riz\u00edk.<\/p>\n\n\n\n<h3 class=\"wp-block-heading has-medium-font-size\">K\u013e\u00fa\u010dov\u00e9 ukazovatele v\u00fdkonnosti (KPI) v oblasti kybernetickej bezpe\u010dnosti<\/h3>\n\n\n\n<p>Integr\u00e1cia k\u013e\u00fa\u010dov\u00fdch ukazovate\u013eov v\u00fdkonnosti do riadenia riz\u00edk kybernetickej bezpe\u010dnosti poskytuje pou\u017eite\u013en\u00e9 poznatky:<\/p>\n\n\n\n<ul class=\"wp-block-list\">\n<li> R\u00fdchla reakcia na incident: Okam\u017eit\u00e1 reakcia v pr\u00edpade probl\u00e9mu je k\u013e\u00fa\u010dom k udr\u017eaniu vec\u00ed pod kontrolou. (KPI: <strong>\u010cas odozvy<\/strong>)<\/li>\n<\/ul>\n\n\n\n<ul class=\"wp-block-list\">\n<li> Vyh\u013ead\u00e1vanie zranite\u013enost\u00ed: R\u00fdchla identifik\u00e1cia a rie\u0161enie slab\u00fdch miest zabezpe\u010duje vy\u0161\u0161iu digit\u00e1lnu bezpe\u010dnos\u0165. (KPI: <strong>Identifikovan\u00e9 rizik\u00e1<\/strong>\/mitigrovan\u00e9)<\/li>\n<\/ul>\n\n\n\n<ul class=\"wp-block-list\">\n<li>Kontrola rizikov\u00fdch rie\u0161en\u00ed: Monitorovanie \u00fa\u010dinnosti pl\u00e1nov na zmiernenie riz\u00edk zabezpe\u010duje neust\u00e1le zlep\u0161ovanie. (KPI: <strong>Vyskytli sa rizik\u00e1<\/strong>, [Finan\u010dn\u00fd] vplyv rizika)<\/li>\n<\/ul>\n\n\n\n<h3 class=\"wp-block-heading has-medium-font-size\">Matica riz\u00edk pre Power BI<\/h3>\n\n\n\n<figure class=\"wp-block-image size-full\"><img loading=\"lazy\" decoding=\"async\" width=\"1024\" height=\"576\" src=\"https:\/\/www.leaplytics.de\/wp-content\/uploads\/2024\/01\/Risk-Matrix.jpg\" alt=\"\" class=\"wp-image-13066\" srcset=\"https:\/\/www.leaplytics.de\/wp-content\/uploads\/2024\/01\/Risk-Matrix.jpg 1024w, https:\/\/www.leaplytics.de\/wp-content\/uploads\/2024\/01\/Risk-Matrix-300x169.jpg 300w, https:\/\/www.leaplytics.de\/wp-content\/uploads\/2024\/01\/Risk-Matrix-768x432.jpg 768w, https:\/\/www.leaplytics.de\/wp-content\/uploads\/2024\/01\/Risk-Matrix-107x60.jpg 107w\" sizes=\"auto, (max-width: 1024px) 100vw, 1024px\" \/><\/figure>\n\n\n\n<p>Ako Matica riz\u00edk v aplik\u00e1cii Power BI hodnot\u00ed rizik\u00e1:<\/p>\n\n\n\n<p>Pochopenie pravdepodobnosti a potenci\u00e1lneho vplyvu rizika pom\u00e1ha vytvori\u0165 hodnotiacu tabu\u013eku riz\u00edk.  Kombin\u00e1ciou t\u00fdchto dimenzi\u00ed m\u00f4\u017eu organiz\u00e1cie ur\u010di\u0165 priority z\u00e1va\u017en\u00fdch riz\u00edk.<\/p>\n\n\n\n<p>V podobe na\u0161ej matice riz\u00edk pre Power BI poskytujeme nasleduj\u00face rie\u0161enia:<\/p>\n\n\n\n<ul class=\"wp-block-list\">\n<li> Informa\u010dn\u00e9 panely v re\u00e1lnom \u010dase: M\u00f4\u017eeme vytvori\u0165 informa\u010dn\u00e9 panely zobrazuj\u00face bezpe\u010dnostn\u00e9 inform\u00e1cie v re\u00e1lnom \u010dase. To n\u00e1m pom\u00e1ha zisti\u0165, ako bezpe\u010dne sa veci maj\u00fa v ka\u017edom okamihu.<\/li>\n<\/ul>\n\n\n\n<ul class=\"wp-block-list\">\n<li>Vizualiz\u00e1cia \u00fadajov o rizik\u00e1ch: Matica a integrovan\u00e9 grafy zobrazuj\u00fa miery rizika. V\u010faka tomu ka\u017ed\u00fd \u013eahko pochop\u00ed, ak\u00e9 z\u00e1va\u017en\u00e9 s\u00fa rizik\u00e1.<\/li>\n<\/ul>\n\n\n\n<ul class=\"wp-block-list\">\n<li> Monitorovanie a identifik\u00e1cia trendov: Pomocou matice riz\u00edk m\u00f4\u017eeme kontrolova\u0165, \u010di dodr\u017eiavame bezpe\u010dnostn\u00e9 pravidl\u00e1. Pom\u00e1ha n\u00e1m n\u00e1js\u0165 oblasti, ktor\u00e9 potrebuj\u00fa viac bezpe\u010dnostn\u00fdch opatren\u00ed, a pochopi\u0165 trendy pre lep\u0161iu bezpe\u010dnos\u0165.<\/li>\n<\/ul>\n\n\n\n<div class=\"wp-block-buttons is-layout-flex wp-block-buttons-is-layout-flex\">\n<div class=\"wp-block-button has-custom-font-size\" style=\"font-size:18px\"><a class=\"wp-block-button__link has-background wp-element-button\" href=\"https:\/\/www.leaplytics.de\/sk\/titulna-stranka\/riadenie-projektov-vlastne-vizualizacie-microsoft-powerbi\/vlastny-vizual-mapy-rizik-pre-power-bi\/\" style=\"background-color:#22316d\" rel=\"https:\/\/www.leaplytics.de\/frontpage\/project-management-custom-visuals-microsoft-powerbi\/risk-heatmap-custom-visual-for-power-bi\/\">Pozrite si na\u0161u vlastn\u00fa vizu\u00e1lnu maticu riz\u00edk pre Power BI tu!<\/a><\/div>\n<\/div>\n\n\n\n<p><\/p>\n\n\n\n<h3 class=\"wp-block-heading has-medium-font-size\">Z\u00e1ver<\/h3>\n\n\n\n<p>Vzh\u013eadom na v\u00fdvoj digit\u00e1lnych hrozieb potrebuj\u00fa organiz\u00e1cie optim\u00e1lne strat\u00e9gie riadenia riz\u00edk. Pochopenie rozmerov riz\u00edk je nevyhnutn\u00e9. Prijatie proakt\u00edvneho pr\u00edstupu k zmier\u0148ovaniu hrozieb posil\u0148uje kybernetick\u00fa bezpe\u010dnos\u0165 podnikov. D\u00f4raz sa kladie na zjednodu\u0161enie procesov pre inteligentn\u00fd a efekt\u00edvny pr\u00edstup ku kybernetickej bezpe\u010dnosti.<\/p>","protected":false},"excerpt":{"rendered":"<p>\u00davod V dne\u0161nom r\u00fdchlom digit\u00e1lnom svete je riadenie riz\u00edk kybernetickej bezpe\u010dnosti ve\u013emi d\u00f4le\u017eit\u00e9. Tento \u010dl\u00e1nok sa zaober\u00e1 k\u013e\u00fa\u010dov\u00fdmi poznatkami t\u00fdkaj\u00facimi sa riadenia riz\u00edk kybernetickej bezpe\u010dnosti. Zd\u00f4raz\u0148ujeme, \u017ee organiz\u00e1cie musia prija\u0165 strat\u00e9gie riadenia riz\u00edk v Power BI. Pochopenie a optimaliz\u00e1cia strat\u00e9gi\u00ed kybernetickej bezpe\u010dnosti Organiz\u00e1cie na celom svete investuj\u00fa do iniciat\u00edv v oblasti kybernetickej bezpe\u010dnosti s cie\u013eom zmierni\u0165 rizik\u00e1 a zn\u00ed\u017ei\u0165 n\u00e1klady t\u00fdm, \u017ee zabr\u00e1nia zneu\u017eitiu \u00fadajov ... <\/p>","protected":false},"author":55,"featured_media":13070,"parent":0,"menu_order":0,"comment_status":"closed","ping_status":"closed","template":"","meta":{"footnotes":""},"class_list":["post-13065","page","type-page","status-publish","has-post-thumbnail","hentry","latest_post"],"_links":{"self":[{"href":"https:\/\/www.leaplytics.de\/sk\/wp-json\/wp\/v2\/pages\/13065","targetHints":{"allow":["GET"]}}],"collection":[{"href":"https:\/\/www.leaplytics.de\/sk\/wp-json\/wp\/v2\/pages"}],"about":[{"href":"https:\/\/www.leaplytics.de\/sk\/wp-json\/wp\/v2\/types\/page"}],"author":[{"embeddable":true,"href":"https:\/\/www.leaplytics.de\/sk\/wp-json\/wp\/v2\/users\/55"}],"replies":[{"embeddable":true,"href":"https:\/\/www.leaplytics.de\/sk\/wp-json\/wp\/v2\/comments?post=13065"}],"version-history":[{"count":0,"href":"https:\/\/www.leaplytics.de\/sk\/wp-json\/wp\/v2\/pages\/13065\/revisions"}],"wp:featuredmedia":[{"embeddable":true,"href":"https:\/\/www.leaplytics.de\/sk\/wp-json\/wp\/v2\/media\/13070"}],"wp:attachment":[{"href":"https:\/\/www.leaplytics.de\/sk\/wp-json\/wp\/v2\/media?parent=13065"}],"curies":[{"name":"wp","href":"https:\/\/api.w.org\/{rel}","templated":true}]}}