{"id":13103,"date":"2024-01-22T16:06:43","date_gmt":"2024-01-22T15:06:43","guid":{"rendered":"https:\/\/www.leaplytics.de\/?page_id=13103"},"modified":"2024-01-22T16:06:43","modified_gmt":"2024-01-22T15:06:43","slug":"zoznam-zmien-matica-rizik-power-bi","status":"publish","type":"page","link":"https:\/\/www.leaplytics.de\/sk\/zoznam-zmien-matica-rizik-power-bi\/","title":{"rendered":"Zoznam zmien - Matica riz\u00edk Power BI"},"content":{"rendered":"<p>09\/23 - Vlastn\u00e9 farby dla\u017ed\u00edc: Webov\u00e9 rozhranie je teraz k dispoz\u00edcii online na adrese <a href=\"https:\/\/www.leaplytics.de\/sk\/custom-colors\/\" target=\"_blank\" rel=\"noreferrer noopener\">https:\/\/www.leaplytics.de\/custom-colors\/<\/a>.<\/p>\n\n\n\n<p>07\/23 - Podmienen\u00e9 form\u00e1tovanie: prisp\u00f4sobi\u0165 farbu riz\u00edk na z\u00e1klade ur\u010dit\u00fdch podmienok (napr. oddelenie, priorita alebo stav)<\/p>\n\n\n\n<p>23. 06. - Osov\u00e9 \u0161t\u00edtky: Bola pridan\u00e1 podpora pre \u0161peci\u00e1lne znaky.<\/p>\n\n\n\n<p>05\/23 - Maxim\u00e1lny po\u010det riz\u00edk na dla\u017edicu: Zv\u00fd\u0161en\u00fd na 100.<\/p>\n\n\n\n<p>05\/23 - K dispoz\u00edcii je viacero v\u00fdberov riz\u00edk.<\/p>\n\n\n\n<p>23. 03. - Prev\u0155tan\u00edm k optimaliz\u00e1cii riz\u00edk: Kliknut\u00edm prav\u00fdm tla\u010didlom my\u0161i na riziko prejdete na konkr\u00e9tnu str\u00e1nku.<\/p>","protected":false},"excerpt":{"rendered":"<p>09\/23 &#8211; Custom Tile Colors: The web interface is now available online at https:\/\/www.leaplytics.de\/custom-colors\/. 07\/23 &#8211; Conditional formatting: Customize the color of risks based on certain conditions (e.g. department, priority or status) 06\/23 &#8211; Axis Labels: Support for special characters has been added. 05\/23 &#8211; Maximum Number of Risks per Tile: Increased to 100. 05\/23 &hellip; <\/p>","protected":false},"author":2,"featured_media":0,"parent":0,"menu_order":0,"comment_status":"closed","ping_status":"closed","template":"","meta":{"footnotes":""},"class_list":["post-13103","page","type-page","status-publish","hentry","latest_post"],"_links":{"self":[{"href":"https:\/\/www.leaplytics.de\/sk\/wp-json\/wp\/v2\/pages\/13103","targetHints":{"allow":["GET"]}}],"collection":[{"href":"https:\/\/www.leaplytics.de\/sk\/wp-json\/wp\/v2\/pages"}],"about":[{"href":"https:\/\/www.leaplytics.de\/sk\/wp-json\/wp\/v2\/types\/page"}],"author":[{"embeddable":true,"href":"https:\/\/www.leaplytics.de\/sk\/wp-json\/wp\/v2\/users\/2"}],"replies":[{"embeddable":true,"href":"https:\/\/www.leaplytics.de\/sk\/wp-json\/wp\/v2\/comments?post=13103"}],"version-history":[{"count":2,"href":"https:\/\/www.leaplytics.de\/sk\/wp-json\/wp\/v2\/pages\/13103\/revisions"}],"predecessor-version":[{"id":13441,"href":"https:\/\/www.leaplytics.de\/sk\/wp-json\/wp\/v2\/pages\/13103\/revisions\/13441"}],"wp:attachment":[{"href":"https:\/\/www.leaplytics.de\/sk\/wp-json\/wp\/v2\/media?parent=13103"}],"curies":[{"name":"wp","href":"https:\/\/api.w.org\/{rel}","templated":true}]}}