{"id":13130,"date":"2024-02-19T14:11:39","date_gmt":"2024-02-19T13:11:39","guid":{"rendered":"https:\/\/www.leaplytics.de\/?page_id=13130"},"modified":"2024-02-20T10:03:59","modified_gmt":"2024-02-20T09:03:59","slug":"nechajte-power-bi-skokovo-zlepsit-riadenie-vasich-projektov","status":"publish","type":"page","link":"https:\/\/www.leaplytics.de\/sk\/nechajte-power-bi-skokovo-zlepsit-riadenie-vasich-projektov\/","title":{"rendered":"Nechajte Power BI skokovo zlep\u0161i\u0165 riadenie projektov"},"content":{"rendered":"<p>V dynamickom prostred\u00ed projektov\u00e9ho riadenia, kde s\u00fa presnos\u0165 a predv\u00eddavos\u0165 prvorad\u00e9, je vyu\u017e\u00edvanie technol\u00f3gi\u00ed k\u013e\u00fa\u010dov\u00e9. Microsoft Power BI sa stal n\u00e1strojom, ktor\u00fd men\u00ed pravidl\u00e1 hry. Power BI pon\u00faka projektov\u00fdm mana\u017e\u00e9rom dynamick\u00fa platformu na zlep\u0161enie ich rozhodovac\u00edch procesov.<\/p>\n\n\n\n<p>V tomto komplexnom sprievodcovi sa budeme venova\u0165 tomu, ako m\u00f4\u017ee Power BI posun\u00fa\u0165 jednotliv\u00e9 f\u00e1zy na vy\u0161\u0161iu \u00farove\u0148<sup>1 <\/sup>riadenia projektov. Hovor\u00edme o z\u00e1kladn\u00fdch aspektoch v\u00fdkonn\u00e9ho panela riadenia projektov.<\/p>\n\n\n\n<h3 class=\"wp-block-heading\" style=\"font-size:30px\">F\u00e1za pl\u00e1novania projektu<\/h3>\n\n\n\n<p class=\"has-medium-font-size\">1. <strong>Definujte skuto\u010dn\u00fd probl\u00e9m:<\/strong><\/p>\n\n\n\n<p>Predt\u00fdm, ako sa pust\u00edte do projektu, je d\u00f4le\u017eit\u00e9 presne ur\u010di\u0165 probl\u00e9m, ktor\u00fd sa sna\u017e\u00edte vyrie\u0161i\u0165. Power BI v\u00e1m pri tom pom\u00f4\u017ee t\u00fdm, \u017ee v\u00e1m pom\u00f4\u017ee analyzova\u0165 historick\u00e9 \u00fadaje, identifikova\u0165 vzory a odhali\u0165 z\u00e1kladn\u00e9 probl\u00e9my. Vizualizujte faktory \u00faspe\u0161nosti a ne\u00faspe\u0161nosti minul\u00fdch projektov, aby ste mohli prij\u00edma\u0165 informovan\u00e9 rozhodnutia.<\/p>\n\n\n\n<p class=\"has-medium-font-size\">2. <strong>Identifikujte zainteresovan\u00e9 strany:<\/strong><\/p>\n\n\n\n<p>Mo\u017enosti Power BI sa roz\u0161iruj\u00fa aj na spr\u00e1vu zainteresovan\u00fdch str\u00e1n. Vytvorte vizu\u00e1ly, ktor\u00e9 zv\u00fdraznia r\u00f4zne funkcie alebo osoby, ktor\u00fdch sa projekt t\u00fdka. Pomocou interakt\u00edvnych organiza\u010dn\u00fdch sch\u00e9m prezentujte ich pr\u00edspevky a o\u010dak\u00e1vania. Takto zabezpe\u010d\u00edme zos\u00faladenie od za\u010diatku.<\/p>\n\n\n\n<p class=\"has-medium-font-size\">3. <strong>Definujte ciele projektu:<\/strong><\/p>\n\n\n\n<p>Vytv\u00e1ranie jednozna\u010dn\u00fdch a zvl\u00e1dnute\u013en\u00fdch cie\u013eov je v\u00fdzvou. O\u010dak\u00e1vania a ciele zainteresovan\u00fdch str\u00e1n sa m\u00f4\u017eu meni\u0165 aj v r\u00e1mci projektu. Flexibilita Power BI v\u00e1m umo\u017e\u0148uje prisp\u00f4sobova\u0165 ciele pod\u013ea toho, ako zhroma\u017e\u010fujete viac inform\u00e1ci\u00ed. M\u00f4\u017eete napr\u00edklad vytvori\u0165 vizualiz\u00e1cie, ktor\u00e9 aktualizuj\u00fa ciele na z\u00e1klade \u00fadajov v re\u00e1lnom \u010dase.<\/p>\n\n\n\n<p class=\"has-medium-font-size\">4. <strong>Ur\u010denie rozsahu, zdrojov a hlavn\u00fdch \u00faloh:<\/strong><\/p>\n\n\n\n<p>Vizualizujte rozsah a \u00falohy projektu, odhadnite \u010dasov\u00fd harmonogram a n\u00e1klady. Pom\u00f4\u017ee v\u00e1m to zabezpe\u010di\u0165 jasn\u00e9 pochopenie po\u017eiadaviek na zdroje. Pomocou aplik\u00e1cie Power BI rozde\u013ete zlo\u017eit\u00e9 \u010dinnosti pomocou \u0161trukt\u00fary rozpisu pr\u00e1c (WBS).<\/p>\n\n\n\n<p class=\"has-medium-font-size\">5. <strong>Pripravte sa na kompromisy:<\/strong><\/p>\n\n\n\n<p>Power BI pom\u00e1ha pri vytv\u00e1ran\u00ed rovnov\u00e1hy medzi \u010dasom, n\u00e1kladmi a kvalitou. Integrujte svoje \u00fadaje a vytvorte vizu\u00e1ly, ktor\u00e9 uk\u00e1\u017eu, ako zmeny t\u00fdchto premenn\u00fdch ovplyv\u0148uj\u00fa v\u00fdsledky projektu. T\u00e1to transparentnos\u0165 u\u013eah\u010duje informovan\u00e9 rozhodovanie a zos\u00faladenie z\u00e1ujmov\u00fdch skup\u00edn.<\/p>\n\n\n\n<h3 class=\"wp-block-heading\" style=\"font-size:30px\">F\u00e1za budovania projektu<\/h3>\n\n\n\n<p class=\"has-medium-font-size\">6. <strong>Zostavte si t\u00edm:<\/strong><\/p>\n\n\n\n<p>Vyu\u017eite Power BI na pos\u00fadenie po\u017eadovan\u00fdch zru\u010dnost\u00ed a vizualiz\u00e1ciu zlo\u017eenia t\u00edmu. Pomocou vizualiz\u00e1ci\u00ed identifikujte nedostatky v zru\u010dnostiach, napl\u00e1nujte \u0161kolenia a pripravte svoj t\u00edm na \u00faspech.<\/p>\n\n\n\n<p class=\"has-medium-font-size\">7. <strong>Pridelenie pl\u00e1nu:<\/strong><\/p>\n\n\n\n<p>Vytv\u00e1rajte vizu\u00e1ly, ktor\u00e9 u\u013eah\u010duj\u00fa transparentn\u00fa komunik\u00e1ciu v r\u00e1mci t\u00edmu. Vizualizujte \u00falohy, potrebn\u00e9 zru\u010dnosti a individu\u00e1lne zru\u010dnosti, \u010d\u00edm zabezpe\u010d\u00edte s\u00fadr\u017en\u00fa t\u00edmov\u00fa dynamiku.<\/p>\n\n\n\n<p class=\"has-medium-font-size\">8. <strong>Vytvorenie harmonogramu:<\/strong><\/p>\n\n\n\n<p>Mo\u017enosti Power BI sa roz\u0161iruj\u00fa na pl\u00e1novanie projektov prostredn\u00edctvom Ganttov\u00fdch diagramov. Vytvorte vizu\u00e1ly, ktor\u00e9 zn\u00e1zor\u0148uj\u00fa \u010dasov\u00fd harmonogram, identifikuj\u00fa kritick\u00e9 cesty a s\u00fa v s\u00falade s pevn\u00fdmi term\u00ednmi. Udr\u017eujte realistick\u00fd harmonogram v r\u00e1mci obmedzen\u00ed.<\/p>\n\n\n\n<p class=\"has-medium-font-size\">9. <strong>Usporiadajte \u00favodn\u00e9 stretnutie:<\/strong><\/p>\n\n\n\n<p>V\u00e4\u010d\u0161inu vizu\u00e1lov Power BI je mo\u017en\u00e9 exportova\u0165 do aplik\u00e1cie MS PowerPoint. Po\u010das \u00favodn\u00e9ho stretnutia pou\u017eite vizu\u00e1ly Power BI na vysvetlenie pl\u00e1nu projektu, cie\u013eov a \u010dasov\u00e9ho r\u00e1mca. Povzbu\u010fte \u010dlenov t\u00edmu, aby poskytli svoje pr\u00edspevky, \u010d\u00edm podpor\u00edte spolupr\u00e1cu a spolo\u010dn\u00e9 porozumenie.<\/p>\n\n\n\n<p class=\"has-medium-font-size\">10. <strong>Vypracovanie rozpo\u010dtu:<\/strong><\/p>\n\n\n\n<p>Pomocou aplik\u00e1cie Power BI vytvorte komplexn\u00fd rozpo\u010det. Vizualizujte n\u00e1klady v jednotliv\u00fdch kateg\u00f3ri\u00e1ch, z\u00edskajte podnety od zainteresovan\u00fdch str\u00e1n a zachovajte flexibilitu v r\u00e1mci rozpo\u010dtov\u00fdch obmedzen\u00ed.<\/p>\n\n\n\n<h3 class=\"wp-block-heading\" style=\"font-size:30px\">F\u00e1za realiz\u00e1cie projektu<\/h3>\n\n\n\n<p class=\"has-medium-font-size\">11. <strong>Monitorovanie a kontrola procesov a rozpo\u010dtu:<\/strong><\/p>\n\n\n\n<p>Nain\u0161talujte si vizu\u00e1ly na monitorovanie projektov v Power BI, ako je napr\u00edklad na\u0161a matica riz\u00edk Power BI. Vizualiz\u00e1cia riz\u00edk spolu s postupom projektu umo\u017e\u0148uje komplexn\u00fd poh\u013ead na potenci\u00e1lne probl\u00e9my. Tu je n\u00e1vod, ako na to:<\/p>\n\n\n\n<p><strong>Pos\u00fadenie vplyvu rizika a pravdepodobnosti:<\/strong> Matica riz\u00edk pre Power BI pom\u00e1ha pri posudzovan\u00ed vplyvu a pravdepodobnosti ka\u017ed\u00e9ho rizika. Na vyjadrenie z\u00e1va\u017enosti riz\u00edk pou\u017eite farebne ozna\u010den\u00e9 bunky. To umo\u017e\u0148uje r\u00fdchlu identifik\u00e1ciu oblast\u00ed s vysok\u00fdm vplyvom.<\/p>\n\n\n\n<p><strong>Sledovanie rozpo\u010dtu v re\u00e1lnom \u010dase:<\/strong> Kombinujte vizu\u00e1lne zobrazenie sledovania rozpo\u010dtu s maticou riz\u00edk. Prira\u010fte rozpo\u010dtov\u00e9 d\u00f4sledky ku ka\u017ed\u00e9mu identifikovan\u00e9mu riziku, \u010d\u00edm z\u00edskate komplexn\u00fd preh\u013ead o potenci\u00e1lnych finan\u010dn\u00fdch dopadoch. S v\u00fdvojom riz\u00edk sa vizualiz\u00e1cie rozpo\u010dtu aktualizuj\u00fa v re\u00e1lnom \u010dase, \u010d\u00edm sa zabezpe\u010d\u00ed presn\u00e9 finan\u010dn\u00e9 monitorovanie.<\/p>\n\n\n\n<p><strong>Prev\u0155tanie na podrobn\u00fa anal\u00fdzu:<\/strong> Roz\u0161\u00edrenie matice riz\u00edk pomocou funkci\u00ed prehlbovania. Hlb\u0161\u00ed ponor do konkr\u00e9tneho rizika m\u00f4\u017ee zah\u0155\u0148a\u0165 podrobn\u00fa anal\u00fdzu, zobrazenie pr\u00edslu\u0161n\u00fdch finan\u010dn\u00fdch d\u00f4sledkov a po\u017eadovan\u00fdch strat\u00e9gi\u00ed zmier\u0148ovania.<\/p>\n\n\n\n<div class=\"wp-block-buttons is-layout-flex wp-block-buttons-is-layout-flex\">\n<div class=\"wp-block-button has-custom-font-size\" style=\"font-size:18px\"><a class=\"wp-block-button__link has-background wp-element-button\" href=\"https:\/\/www.leaplytics.de\/sk\/titulna-stranka\/riadenie-projektov-vlastne-vizualizacie-microsoft-powerbi\/vlastny-vizual-mapy-rizik-pre-power-bi\/\" style=\"background-color:#22316d\">Pozrite si na\u0161u vlastn\u00fa vizu\u00e1lnu maticu riz\u00edk pre Power BI tu!<\/a><\/div>\n<\/div>\n\n\n\n<p><\/p>\n\n\n\n<p class=\"has-medium-font-size\">12. <strong>Flexibiln\u00e1 reakcia na zmeny:<\/strong><\/p>\n\n\n\n<p>Mo\u017enosti Power BI v oblasti \u00fadajov v re\u00e1lnom \u010dase v\u00e1m umo\u017e\u0148uj\u00fa pohotovo reagova\u0165 na zmeny. Vizualizujte \u00fadaje na identifik\u00e1ciu potenci\u00e1lnych probl\u00e9mov, \u010do umo\u017e\u0148uje proakt\u00edvne rozhodovanie a korekcie.<\/p>\n\n\n\n<p class=\"has-medium-font-size\">13. <strong>Spr\u00e1va o pokroku:<\/strong><\/p>\n\n\n\n<p>Vytv\u00e1rajte vizu\u00e1ly pre zainteresovan\u00e9 strany s cie\u013eom poskytova\u0165 pravideln\u00e9 aktualiz\u00e1cie a spr\u00e1vy o stave. Exportovanie vizu\u00e1lov do programu PowerPoint v\u00e1m u\u013eah\u010d\u00ed pravideln\u00e9 stretnutia o stave. Power BI v\u00e1m umo\u017e\u0148uje prisp\u00f4sobi\u0165 spr\u00e1vy na z\u00e1klade preferenci\u00ed zainteresovan\u00fdch str\u00e1n, \u010d\u00edm sa posil\u0148uje transparentnos\u0165 a d\u00f4vera.<\/p>\n\n\n\n<p class=\"has-medium-font-size\">14. <strong>Organizujte t\u00fd\u017edenn\u00e9 stretnutia t\u00edmu:<\/strong><\/p>\n\n\n\n<p>Pou\u017eite Power BI na \u0161trukt\u00farovanie t\u00edmov\u00fdch stretnut\u00ed na z\u00e1klade k\u013e\u00fa\u010dov\u00fdch ukazovate\u013eov. Vizualizujte \u00fadaje o v\u00fdkonnosti, diskutujte o nesplnen\u00fdch cie\u013eoch a oslavujte \u00faspechy. Tento n\u00e1stroj pom\u00e1ha udr\u017ea\u0165 zameranie na z\u00e1kladn\u00e9 \u010dinnosti a udr\u017euje t\u00edm v s\u00falade.<\/p>\n\n\n\n<p class=\"has-medium-font-size\">15. <strong>Riadenie probl\u00e9mov:<\/strong><\/p>\n\n\n\n<p>Vizualiz\u00e1cie Power BI m\u00f4\u017eu pom\u00f4c\u0165 identifikova\u0165 a riadi\u0165 vznikaj\u00face probl\u00e9my. Sledujte t\u00edmov\u00fa dynamiku a projektov\u00e9 metriky, aby ste mohli rie\u0161i\u0165 probl\u00e9my sk\u00f4r, ako sa rozrast\u00fa. Matica riz\u00edk tu pom\u00e1ha sledova\u0165 a rie\u0161i\u0165 rizik\u00e1, aby sa zabr\u00e1nilo nepriazniv\u00fdm v\u00fdsledkom.<\/p>\n\n\n\n<h3 class=\"wp-block-heading\" style=\"font-size:30px\">F\u00e1za ukon\u010denia projektu<\/h3>\n\n\n\n<p class=\"has-medium-font-size\">16. <strong>Hodnotenie v\u00fdkonnosti projektu:<\/strong><\/p>\n\n\n\n<p>Pou\u017eite Power BI na porovnanie pokroku projektu s p\u00f4vodne definovan\u00fdm rozsahom. Vizualizujte v\u00fdkonnostn\u00e9 ukazovatele na za\u010datie diskusi\u00ed so zainteresovan\u00fdmi stranami o dokon\u010den\u00ed a \u00faspe\u0161nosti projektu. Taktie\u017e porovnajte metriky projektu s predch\u00e1dzaj\u00facimi \u00faspechmi alebo ne\u00faspechmi projektu.<\/p>\n\n\n\n<p class=\"has-medium-font-size\">17. <strong>Uzavrite projekt:<\/strong><\/p>\n\n\n\n<p>Vizualizujte si kroky spojen\u00e9 s ukon\u010den\u00edm projektu. Power BI pom\u00e1ha pri dokumentovan\u00ed a komunik\u00e1cii procesov ukon\u010dovania projektov. Preto zabezpe\u010dujeme plynul\u00fd prechod v\u00fdstupov.<\/p>\n\n\n\n<h3 class=\"wp-block-heading\" style=\"font-size:30px\">Debrief<\/h3>\n\n\n\n<p>Integrujte Power BI do ka\u017edej f\u00e1zy projektu a vytvorte komplexn\u00fd a dynamick\u00fd informa\u010dn\u00fd panel projektu. Nie ka\u017ed\u00fd vizu\u00e1l je nevyhnutn\u00fd, ale aplik\u00e1cia Power BI v\u00e1m pom\u00f4\u017ee ma\u0165 preh\u013ead o projekte v ka\u017edej f\u00e1ze. Poskytnite svojmu t\u00edmu u\u017eito\u010dn\u00e9 poznatky, podporte spolupr\u00e1cu a orientujte sa v zlo\u017eit\u00fdch podmienkach riadenia projektu. \u00daspech projektu u\u017e nie je len cie\u013eom, s Power BI je to vizualizovan\u00e1 cesta.<\/p>\n\n\n\n<p><\/p>\n\n\n\n<hr class=\"wp-block-separator has-alpha-channel-opacity\"\/>\n\n\n\n<p class=\"has-small-font-size\"><sup>1<\/sup> F\u00e1zy projektu v tomto \u010dl\u00e1nku vych\u00e1dzaj\u00fa z nasleduj\u00faceho \u010dl\u00e1nku: <a href=\"https:\/\/hbr.org\/2016\/11\/the-four-phases-of-project-management\">Harvard Business Review. (2016, 3. novembra). <em>\u0160tyri f\u00e1zy riadenia projektu<\/em>.<\/a><\/p>","protected":false},"excerpt":{"rendered":"<p>In the dynamic landscape of project management, where precision and foresight are paramount, leveraging technology is crucial. Microsoft Power BI has emerged as a game-changer. Power BI offers project managers a dynamic platform to enhance their decision-making processes. In this comprehensive guide, we will explore how Power BI can level up each phase1 of project &hellip; <\/p>","protected":false},"author":55,"featured_media":13133,"parent":0,"menu_order":0,"comment_status":"closed","ping_status":"closed","template":"","meta":{"footnotes":"[]"},"class_list":["post-13130","page","type-page","status-publish","has-post-thumbnail","hentry","latest_post"],"_links":{"self":[{"href":"https:\/\/www.leaplytics.de\/sk\/wp-json\/wp\/v2\/pages\/13130","targetHints":{"allow":["GET"]}}],"collection":[{"href":"https:\/\/www.leaplytics.de\/sk\/wp-json\/wp\/v2\/pages"}],"about":[{"href":"https:\/\/www.leaplytics.de\/sk\/wp-json\/wp\/v2\/types\/page"}],"author":[{"embeddable":true,"href":"https:\/\/www.leaplytics.de\/sk\/wp-json\/wp\/v2\/users\/55"}],"replies":[{"embeddable":true,"href":"https:\/\/www.leaplytics.de\/sk\/wp-json\/wp\/v2\/comments?post=13130"}],"version-history":[{"count":7,"href":"https:\/\/www.leaplytics.de\/sk\/wp-json\/wp\/v2\/pages\/13130\/revisions"}],"predecessor-version":[{"id":13144,"href":"https:\/\/www.leaplytics.de\/sk\/wp-json\/wp\/v2\/pages\/13130\/revisions\/13144"}],"wp:featuredmedia":[{"embeddable":true,"href":"https:\/\/www.leaplytics.de\/sk\/wp-json\/wp\/v2\/media\/13133"}],"wp:attachment":[{"href":"https:\/\/www.leaplytics.de\/sk\/wp-json\/wp\/v2\/media?parent=13130"}],"curies":[{"name":"wp","href":"https:\/\/api.w.org\/{rel}","templated":true}]}}