{"id":13180,"date":"2024-03-05T14:00:38","date_gmt":"2024-03-05T13:00:38","guid":{"rendered":"https:\/\/www.leaplytics.de\/?page_id=13180"},"modified":"2024-03-05T14:00:38","modified_gmt":"2024-03-05T13:00:38","slug":"pondelok-com-textovy-prehliadac-vizualny-pre-power-bi","status":"publish","type":"page","link":"https:\/\/www.leaplytics.de\/sk\/pondelok-com-textovy-prehliadac-vizualny-pre-power-bi\/","title":{"rendered":"Monday.com Text Viewer Visual pre Power BI"},"content":{"rendered":"<p>H\u013ead\u00e1te vizu\u00e1lny n\u00e1stroj na konverziu d\u00e1t, ktor\u00fd premen\u00ed v\u00e1\u0161 s\u00fabor Monday.com na kr\u00e1sne form\u00e1tovan\u00fd text? Plnohodnotn\u00fd textov\u00fd editor, ktor\u00fd sa d\u00e1 bez probl\u00e9mov integrova\u0165 do v\u00e1\u0161ho informa\u010dn\u00e9ho panela.<\/p>\n\n\n\n<p>Vyv\u00edjame vizualiz\u00e1cie pre Power BI, ktor\u00e9 rie\u0161ia bo\u013eav\u00e9 miesta na\u0161ich klientov. Pomocou na\u0161ich vizu\u00e1lov pre Power BI s certifik\u00e1tom MS sa sna\u017e\u00edme u\u013eah\u010di\u0165 a zefekt\u00edvni\u0165 \u017eivot na\u0161ich klientov!<\/p>\n\n\n\n<p>V s\u00fa\u010dasnosti pracujeme na prehliada\u010di textu, ktor\u00fd konvertuje \u00fadaje z Monday.com do kr\u00e1sne form\u00e1tovan\u00e9ho textu.<\/p>\n\n\n\n<p>Odo\u0161lite svoje kontaktn\u00e9 \u00fadaje ni\u017e\u0161ie a vst\u00fapte do n\u00e1\u0161ho zoznamu \u010dakate\u013eov, aby ste boli informovan\u00ed, ke\u010f bude vizu\u00e1lny prehliada\u010d textov Monday.com pripraven\u00fd na pou\u017eitie!<\/p>\n\n\n<div class=\"wpforms-container wpforms-container-full\" id=\"wpforms-13195\"><form id=\"wpforms-form-13195\" class=\"wpforms-validate wpforms-form wpforms-ajax-form\" data-formid=\"13195\" method=\"post\" enctype=\"multipart\/form-data\" action=\"\/sk\/wp-json\/wp\/v2\/pages\/13180\" data-token=\"e00df3de6f8a5b5bc0e98ca976399d34\" data-token-time=\"1776218356\" data-trp-original-action=\"\/sk\/wp-json\/wp\/v2\/pages\/13180\"><noscript class=\"wpforms-error-noscript\">Ak chcete vyplni\u0165 tento formul\u00e1r, povo\u013ete vo svojom prehliada\u010di JavaScript.<\/noscript><div class=\"wpforms-field-container\"><div id=\"wpforms-13195-field_0-container\" class=\"wpforms-field wpforms-field-name\" data-field-id=\"0\"><label class=\"wpforms-field-label\">N\u00e1zov <span class=\"wpforms-required-label\">*<\/span><\/label><div class=\"wpforms-field-row wpforms-field-medium\"><div class=\"wpforms-field-row-block wpforms-first wpforms-one-half\"><input type=\"text\" id=\"wpforms-13195-field_0\" class=\"wpforms-field-name-first wpforms-field-required\" name=\"wpforms[fields][0][first]\" required><label for=\"wpforms-13195-field_0\" class=\"wpforms-field-sublabel after\">Prv\u00e1 str\u00e1nka<\/label><\/div><div class=\"wpforms-field-row-block wpforms-one-half\"><input type=\"text\" id=\"wpforms-13195-field_0-last\" class=\"wpforms-field-name-last wpforms-field-required\" name=\"wpforms[fields][0][last]\" required><label for=\"wpforms-13195-field_0-last\" class=\"wpforms-field-sublabel after\">Posledn\u00fd<\/label><\/div><\/div><\/div><div id=\"wpforms-13195-field_1-container\" class=\"wpforms-field wpforms-field-email\" data-field-id=\"1\"><label class=\"wpforms-field-label\" for=\"wpforms-13195-field_1\">Obchodn\u00fd e-mail <span class=\"wpforms-required-label\">*<\/span><\/label><input type=\"email\" id=\"wpforms-13195-field_1\" class=\"wpforms-field-medium wpforms-field-required\" data-rule-restricted-email=\"1\" name=\"wpforms[fields][1]\" spellcheck=\"false\" required><\/div><div id=\"wpforms-13195-field_4-container\" class=\"wpforms-field wpforms-field-text\" data-field-id=\"4\"><label class=\"wpforms-field-label\" for=\"wpforms-13195-field_4\">Spolo\u010dnos\u0165 <span class=\"wpforms-required-label\">*<\/span><\/label><input type=\"text\" id=\"wpforms-13195-field_4\" class=\"wpforms-field-medium wpforms-field-required\" name=\"wpforms[fields][4]\" required><\/div><div id=\"wpforms-13195-field_3-container\" class=\"wpforms-field wpforms-field-gdpr-checkbox\" data-field-id=\"3\"><label class=\"wpforms-field-label\">Dohoda o GDPR <span class=\"wpforms-required-label\">*<\/span><\/label><ul id=\"wpforms-13195-field_3\" class=\"wpforms-field-required\"><li class=\"choice-1\"><input type=\"checkbox\" id=\"wpforms-13195-field_3_1\" name=\"wpforms[fields][3][]\" value=\"I consent to having this website store my submitted information so they can respond to my inquiry.\" required><label class=\"wpforms-field-label-inline\" for=\"wpforms-13195-field_3_1\">S\u00fahlas\u00edm s t\u00fdm, aby t\u00e1to webov\u00e1 lokalita ulo\u017eila moje poskytnut\u00e9 inform\u00e1cie, aby mohla odpoveda\u0165 na moju po\u017eiadavku.<\/label><\/li><\/ul><\/div><\/div><!-- .wpforms-field-container --><div class=\"wpforms-recaptcha-container wpforms-is-recaptcha wpforms-is-recaptcha-type-v3\" ><input type=\"hidden\" name=\"wpforms[recaptcha]\" value=\"\"><\/div><div class=\"wpforms-submit-container\" ><input type=\"hidden\" name=\"wpforms[id]\" value=\"13195\"><input type=\"hidden\" name=\"page_title\" value=\"\"><input type=\"hidden\" name=\"page_url\" value=\"https:\/\/www.leaplytics.de\/sk\/wp-json\/wp\/v2\/pages\/13180\"><input type=\"hidden\" name=\"url_referer\" value=\"\"><button type=\"submit\" name=\"wpforms[submit]\" id=\"wpforms-submit-13195\" class=\"wpforms-submit\" data-alt-text=\"Sending...\" data-submit-text=\"Submit\" aria-live=\"assertive\" value=\"wpforms-submit\">Odosla\u0165<\/button><img loading=\"lazy\" decoding=\"async\" src=\"https:\/\/www.leaplytics.de\/wp-content\/plugins\/wpforms-lite\/assets\/images\/submit-spin.svg\" class=\"wpforms-submit-spinner\" style=\"display: none;\" width=\"26\" height=\"26\" alt=\"Na\u010d\u00edtanie\"><\/div><input type=\"hidden\" name=\"trp-form-language\" value=\"sk\"\/><\/form><\/div>  <!-- .wpforms-container -->","protected":false},"excerpt":{"rendered":"<p>H\u013ead\u00e1te vizu\u00e1lny n\u00e1stroj na konverziu d\u00e1t, ktor\u00fd premen\u00ed v\u00e1\u0161 s\u00fabor Monday.com na kr\u00e1sne form\u00e1tovan\u00fd text? Plnohodnotn\u00fd textov\u00fd editor, ktor\u00fd sa d\u00e1 bez probl\u00e9mov integrova\u0165 do v\u00e1\u0161ho informa\u010dn\u00e9ho panela. Vyv\u00edjame vizu\u00e1ly pre Power BI, ktor\u00e9 rie\u0161ia bo\u013eav\u00e9 miesta na\u0161ich klientov. Pomocou na\u0161ich vizu\u00e1lov pre Power BI s certifik\u00e1tom MS sa usilujeme o to, aby sa \u017eivot na\u0161ich ... <\/p>","protected":false},"author":55,"featured_media":0,"parent":0,"menu_order":0,"comment_status":"closed","ping_status":"closed","template":"","meta":{"footnotes":""},"class_list":["post-13180","page","type-page","status-publish","hentry","latest_post"],"_links":{"self":[{"href":"https:\/\/www.leaplytics.de\/sk\/wp-json\/wp\/v2\/pages\/13180","targetHints":{"allow":["GET"]}}],"collection":[{"href":"https:\/\/www.leaplytics.de\/sk\/wp-json\/wp\/v2\/pages"}],"about":[{"href":"https:\/\/www.leaplytics.de\/sk\/wp-json\/wp\/v2\/types\/page"}],"author":[{"embeddable":true,"href":"https:\/\/www.leaplytics.de\/sk\/wp-json\/wp\/v2\/users\/55"}],"replies":[{"embeddable":true,"href":"https:\/\/www.leaplytics.de\/sk\/wp-json\/wp\/v2\/comments?post=13180"}],"version-history":[{"count":2,"href":"https:\/\/www.leaplytics.de\/sk\/wp-json\/wp\/v2\/pages\/13180\/revisions"}],"predecessor-version":[{"id":13214,"href":"https:\/\/www.leaplytics.de\/sk\/wp-json\/wp\/v2\/pages\/13180\/revisions\/13214"}],"wp:attachment":[{"href":"https:\/\/www.leaplytics.de\/sk\/wp-json\/wp\/v2\/media?parent=13180"}],"curies":[{"name":"wp","href":"https:\/\/api.w.org\/{rel}","templated":true}]}}