{"id":13321,"date":"2024-04-09T20:47:19","date_gmt":"2024-04-09T18:47:19","guid":{"rendered":"https:\/\/www.leaplytics.de\/?page_id=13321"},"modified":"2024-04-17T15:17:27","modified_gmt":"2024-04-17T13:17:27","slug":"matica-prilezitosti-pre-energetiku","status":"publish","type":"page","link":"https:\/\/www.leaplytics.de\/sk\/matica-prilezitosti-pre-energetiku\/","title":{"rendered":"Matica pr\u00edle\u017eitost\u00ed pre Power BI - vyu\u017eitie na odomknutie va\u0161ej konkuren\u010dnej v\u00fdhody"},"content":{"rendered":"<p>Pre mana\u017e\u00e9rov projektov a mana\u017e\u00e9rov riz\u00edk je vyu\u017eitie pr\u00edle\u017eitost\u00ed rovnako d\u00f4le\u017eit\u00e9 ako zmiernenie riz\u00edk. Prisp\u00f4soben\u00edm na\u0161ej vizu\u00e1lnej matice riz\u00edk pre Power BI ju m\u00f4\u017eeme premeni\u0165 na maticu pr\u00edle\u017eitost\u00ed. Tento pr\u00edstup umo\u017e\u0148uje identifikova\u0165 a vyu\u017ei\u0165 pr\u00edle\u017eitosti, ktor\u00e9 s\u00fa hnac\u00edm motorom konkuren\u010dnej v\u00fdhody.<\/p>\n\n\n\n<figure class=\"wp-block-embed is-type-video is-provider-youtube wp-block-embed-youtube wp-embed-aspect-16-9 wp-has-aspect-ratio\"><div class=\"wp-block-embed__wrapper\">\n<iframe loading=\"lazy\" title=\"Matica pr\u00edle\u017eitost\u00ed pre Power BI - LeapLytics\" width=\"770\" height=\"433\" src=\"https:\/\/www.youtube.com\/embed\/VzEAOzIjrZY?feature=oembed\" frameborder=\"0\" allow=\"accelerometer; autoplay; clipboard-write; encrypted-media; gyroscope; picture-in-picture; web-share\" referrerpolicy=\"strict-origin-when-cross-origin\" allowfullscreen><\/iframe>\n<\/div><figcaption class=\"wp-element-caption\">V na\u0161om videu na YouTube ukazujeme, ako nastavi\u0165 maticu pr\u00edle\u017eitost\u00ed v aplik\u00e1cii Power BI.<\/figcaption><\/figure>\n\n\n\n<h3 class=\"wp-block-heading has-medium-font-size\"><strong>Pre\u010do je riadenie pr\u00edle\u017eitost\u00ed d\u00f4le\u017eit\u00e9<\/strong><\/h3>\n\n\n\n<p>Riadenie pr\u00edle\u017eitost\u00ed je nevyhnutn\u00e9 pre podniky, ktor\u00e9 sa sna\u017eia o udr\u017eate\u013en\u00fd rast a konkuren\u010dn\u00fa v\u00fdhodu. Ide o identifik\u00e1ciu a vyu\u017eitie pr\u00edle\u017eitost\u00ed. Organiz\u00e1cie m\u00f4\u017eu vyu\u017ei\u0165 trhov\u00e9 trendy, inov\u00e1cie a nov\u00e9 technol\u00f3gie. Umo\u017e\u0148uje tie\u017e neust\u00e1le zlep\u0161ova\u0165 kvalitu produktov a slu\u017eieb. Efekt\u00edvne riadenie pr\u00edle\u017eitost\u00ed navy\u0161e umo\u017e\u0148uje podnikom udr\u017ea\u0165 si n\u00e1skok pred konkurenciou. K\u013e\u00fa\u010dov\u00e9 je prisp\u00f4sobi\u0165 sa meniacim sa potreb\u00e1m a preferenci\u00e1m z\u00e1kazn\u00edkov.<\/p>\n\n\n\n<h3 class=\"wp-block-heading has-medium-font-size\"><strong>Identifik\u00e1cia pr\u00edle\u017eitost\u00ed z r\u00f4znych zdrojov<\/strong><\/h3>\n\n\n\n<p>Ak chceme identifikova\u0165 pr\u00edle\u017eitosti, mus\u00edme vyu\u017ei\u0165 v\u0161etky zdroje, o ktor\u00fdch vieme.<\/p>\n\n\n\n<div class=\"wp-block-columns is-layout-flex wp-container-core-columns-is-layout-1 wp-block-columns-is-layout-flex\">\n<div class=\"wp-block-column is-layout-flow wp-block-column-is-layout-flow\" style=\"flex-basis:2%\">\n<p><strong>1.<\/strong><\/p>\n<\/div>\n\n\n\n<div class=\"wp-block-column is-layout-flow wp-block-column-is-layout-flow\" style=\"flex-basis:98%\">\n<p><strong>Zhodno\u0165te svoje konkuren\u010dn\u00e9 prostredie:<\/strong> Hodnotenie podnikate\u013esk\u00e9ho prostredia spo\u010d\u00edva v anal\u00fdze siln\u00fdch a slab\u00fdch str\u00e1nok konkurentov, ich postavenia na trhu a strat\u00e9gi\u00ed. V\u00fdkonn\u00fdm n\u00e1strojom m\u00f4\u017ee by\u0165 porovn\u00e1vanie alebo anal\u00fdza SWOT. Z\u00edskanie preh\u013eadu o najlep\u0161\u00edch postupoch konkurencie m\u00f4\u017ee odhali\u0165 potenci\u00e1lne pr\u00edle\u017eitosti.<\/p>\n<\/div>\n<\/div>\n\n\n\n<div class=\"wp-block-columns is-layout-flex wp-container-core-columns-is-layout-2 wp-block-columns-is-layout-flex\">\n<div class=\"wp-block-column is-layout-flow wp-block-column-is-layout-flow\" style=\"flex-basis:2%\">\n<p><strong>2.<\/strong><\/p>\n<\/div>\n\n\n\n<div class=\"wp-block-column is-layout-flow wp-block-column-is-layout-flow\" style=\"flex-basis:98%\">\n<p><strong>Pochopenie potrieb z\u00e1kazn\u00edkov vopred: <\/strong>Sledujte trendy na trhu, spr\u00e1vanie spotrebite\u013eov a nov\u00e9 preferencie. Prieskum trhu, sp\u00e4tn\u00e1 v\u00e4zba od z\u00e1kazn\u00edkov a anal\u00fdza n\u00e1kupn\u00fdch vzorcov pom\u00e1haj\u00fa predv\u00edda\u0165 potreby z\u00e1kazn\u00edkov.<\/p>\n<\/div>\n<\/div>\n\n\n\n<div class=\"wp-block-columns is-layout-flex wp-container-core-columns-is-layout-3 wp-block-columns-is-layout-flex\">\n<div class=\"wp-block-column is-layout-flow wp-block-column-is-layout-flow\" style=\"flex-basis:2%\">\n<p><strong>3.<\/strong><\/p>\n<\/div>\n\n\n\n<div class=\"wp-block-column is-layout-flow wp-block-column-is-layout-flow\" style=\"flex-basis:98%\">\n<p><strong>Podporova\u0165 inov\u00e1cie a zavies\u0165 postupy zdie\u013eania znalost\u00ed:<\/strong> Podporova\u0165 kult\u00faru inov\u00e1ci\u00ed a tvorivosti. Sp\u00e1janie \u013eud\u00ed z r\u00f4znych segmentov m\u00f4\u017ee by\u0165 hlavnou hnacou silou zdie\u013eania znalost\u00ed. To m\u00f4\u017ee vies\u0165 k inovat\u00edvnej\u0161\u00edm n\u00e1padom prostredn\u00edctvom netradi\u010dn\u00e9ho myslenia.<\/p>\n<\/div>\n<\/div>\n\n\n\n<div class=\"wp-block-columns is-layout-flex wp-container-core-columns-is-layout-4 wp-block-columns-is-layout-flex\">\n<div class=\"wp-block-column is-layout-flow wp-block-column-is-layout-flow\" style=\"flex-basis:2%\">\n<p><strong>4.<\/strong><\/p>\n<\/div>\n\n\n\n<div class=\"wp-block-column is-layout-flow wp-block-column-is-layout-flow\" style=\"flex-basis:98%\">\n<p><strong>Identifikujte nedostatky a n\u00e1jdite ich pr\u00ed\u010diny:<\/strong> Nedostatok sa vz\u0165ahuje na nedostato\u010dne vyu\u017e\u00edvan\u00e9 zdroje, procesy alebo kapacity v r\u00e1mci organiz\u00e1cie. Cie\u013eom je identifikova\u0165 oblasti, v ktor\u00fdch sa prejavuje nedostatok, a presk\u00fama\u0165 ich hlavn\u00e9 pr\u00ed\u010diny. Takto m\u00f4\u017eete odhali\u0165 skryt\u00e9 pr\u00edle\u017eitosti na optimaliz\u00e1ciu a zlep\u0161enie. Ako identifika\u010dn\u00e9 strat\u00e9gie m\u00f4\u017eu sl\u00fa\u017ei\u0165 audity procesov a sp\u00e4tn\u00e1 v\u00e4zba od zamestnancov.<\/p>\n<\/div>\n<\/div>\n\n\n\n<div class=\"wp-block-columns is-layout-flex wp-container-core-columns-is-layout-5 wp-block-columns-is-layout-flex\">\n<div class=\"wp-block-column is-layout-flow wp-block-column-is-layout-flow\" style=\"flex-basis:2%\">\n<p><strong>5.<\/strong><\/p>\n<\/div>\n\n\n\n<div class=\"wp-block-column is-layout-flow wp-block-column-is-layout-flow\" style=\"flex-basis:98%\">\n<p><strong>Nezab\u00fadajte na svoje rizik\u00e1, m\u00f4\u017eu pokr\u00fdva\u0165 pr\u00edle\u017eitosti: <\/strong>Rizik\u00e1 sa zvy\u010dajne vn\u00edmaj\u00fa ako potenci\u00e1lne hrozby pre obchodn\u00e9 oper\u00e1cie. M\u00f4\u017eu v\u0161ak odhali\u0165 aj skryt\u00e9 pr\u00edle\u017eitosti. Anal\u00fdzou a riaden\u00edm riz\u00edk zv\u00e1\u017ete, \u017ee niektor\u00e9 z nich m\u00f4\u017eete premeni\u0165 na pr\u00edle\u017eitosti. Napr\u00edklad zafixovan\u00e9 hrozby kybernetickej bezpe\u010dnosti m\u00f4\u017eu vies\u0165 k vy\u0161\u0161ej d\u00f4vere a lojalite z\u00e1kazn\u00edkov.<\/p>\n<\/div>\n<\/div>\n\n\n\n<div class=\"wp-block-columns is-layout-flex wp-container-core-columns-is-layout-6 wp-block-columns-is-layout-flex\">\n<div class=\"wp-block-column is-layout-flow wp-block-column-is-layout-flow\" style=\"flex-basis:2%\">\n<p><strong>6.<\/strong><\/p>\n<\/div>\n\n\n\n<div class=\"wp-block-column is-layout-flow wp-block-column-is-layout-flow\" style=\"flex-basis:98%\">\n<p><strong>Sta\u0148te sa priekopn\u00edkom udr\u017eate\u013en\u00e9ho rozvoja vo svojom odvetv\u00ed:<\/strong> Prijatie udr\u017eate\u013enosti m\u00f4\u017ee otvori\u0165 nov\u00e9 mo\u017enosti inov\u00e1cie, \u00faspory n\u00e1kladov a diferenci\u00e1cie. Identifikujte sp\u00f4soby, ako zn\u00ed\u017ei\u0165 emisie a optimalizova\u0165 vyu\u017e\u00edvanie zdrojov. V\u00fdsledkom bud\u00fa \u00faspory n\u00e1kladov, lojalita z\u00e1kazn\u00edkov a lep\u0161ia poves\u0165 zna\u010dky.<\/p>\n<\/div>\n<\/div>\n\n\n\n<h3 class=\"wp-block-heading has-medium-font-size\"><strong>V\u00fdhody riadenia pr\u00edle\u017eitost\u00ed<\/strong><\/h3>\n\n\n\n<p>Efekt\u00edvne riadenie pr\u00edle\u017eitost\u00ed prin\u00e1\u0161a mnoho v\u00fdhod. Vr\u00e1tane zv\u00fd\u0161enej ziskovosti, lep\u0161ieho postavenia na trhu, v\u00e4\u010d\u0161ej spokojnosti z\u00e1kazn\u00edkov a udr\u017eate\u013en\u00e9ho obchodn\u00e9ho rastu. Akt\u00edvnym identifikovan\u00edm a vyu\u017e\u00edvan\u00edm pr\u00edle\u017eitost\u00ed m\u00f4\u017eu organiz\u00e1cie podporova\u0165 inov\u00e1cie. Podporuj\u00fa kult\u00faru neust\u00e1leho zlep\u0161ovania a maximalizuj\u00fa svoju konkuren\u010dn\u00fa v\u00fdhodu.<\/p>\n\n\n\n<h3 class=\"wp-block-heading has-medium-font-size\"><strong>Pochopenie matice pr\u00edle\u017eitost\u00ed<\/strong><\/h3>\n\n\n\n<p>Matica pr\u00edle\u017eitost\u00ed vo svojej podstate odr\u00e1\u017ea zn\u00e1mu maticu riz\u00edk. Posudzuje potenci\u00e1lne pr\u00edle\u017eitosti z h\u013eadiska ich pravdepodobnosti a vplyvu. Matica u\u013eah\u010duje odha\u013eovanie, hodnotenie a riadenie pr\u00edle\u017eitost\u00ed. Vedenie organiz\u00e1ci\u00ed k vy\u0161\u0161ej v\u00fdkonnosti a rastu je najvy\u0161\u0161ou prioritou.<\/p>\n\n\n\n<div class=\"wp-block-columns is-layout-flex wp-container-core-columns-is-layout-7 wp-block-columns-is-layout-flex\">\n<div class=\"wp-block-column is-vertically-aligned-center is-layout-flow wp-block-column-is-layout-flow\" style=\"flex-basis:150px\">\n<figure class=\"wp-block-image size-full is-resized\"><img loading=\"lazy\" decoding=\"async\" width=\"255\" height=\"259\" src=\"https:\/\/www.leaplytics.de\/wp-content\/uploads\/2024\/04\/Bild3.jpg\" alt=\"\" class=\"wp-image-13324\" style=\"width:100px\" srcset=\"https:\/\/www.leaplytics.de\/wp-content\/uploads\/2024\/04\/Bild3.jpg 255w, https:\/\/www.leaplytics.de\/wp-content\/uploads\/2024\/04\/Bild3-59x60.jpg 59w\" sizes=\"auto, (max-width: 255px) 100vw, 255px\" \/><\/figure>\n<\/div>\n\n\n\n<div class=\"wp-block-column is-layout-flow wp-block-column-is-layout-flow\" style=\"flex-basis:66.66%\">\n<p><strong>Mo\u017enos\u0165 zobrazenia n\u00e1povedy prostredn\u00edctvom zobrazenia kurzorom my\u0161i<\/strong><\/p>\n\n\n\n<p>Po prejden\u00ed nad d\u00e1tov\u00e9 body sa zobrazia podrobn\u00e9 inform\u00e1cie. Pou\u017e\u00edvatelia sa tak m\u00f4\u017eu hlb\u0161ie ponori\u0165 do konkr\u00e9tnych pr\u00edle\u017eitost\u00ed. T\u00e1to funkcia zlep\u0161uje rozhodovanie t\u00fdm, \u017ee poskytuje komplexn\u00e9 inform\u00e1cie na prv\u00fd poh\u013ead.<\/p>\n<\/div>\n<\/div>\n\n\n\n<div class=\"wp-block-columns is-layout-flex wp-container-core-columns-is-layout-8 wp-block-columns-is-layout-flex\">\n<div class=\"wp-block-column is-vertically-aligned-center is-layout-flow wp-block-column-is-layout-flow\" style=\"flex-basis:150px\">\n<figure class=\"wp-block-image size-large is-resized\"><img loading=\"lazy\" decoding=\"async\" width=\"1024\" height=\"1024\" src=\"https:\/\/www.leaplytics.de\/wp-content\/uploads\/2022\/06\/Indicator-Settings-1024x1024.png\" alt=\"\" class=\"wp-image-8461\" style=\"width:128px;height:auto\" srcset=\"https:\/\/www.leaplytics.de\/wp-content\/uploads\/2022\/06\/Indicator-Settings-1024x1024.png 1024w, https:\/\/www.leaplytics.de\/wp-content\/uploads\/2022\/06\/Indicator-Settings-300x300.png 300w, https:\/\/www.leaplytics.de\/wp-content\/uploads\/2022\/06\/Indicator-Settings-150x150.png 150w, https:\/\/www.leaplytics.de\/wp-content\/uploads\/2022\/06\/Indicator-Settings-768x768.png 768w, https:\/\/www.leaplytics.de\/wp-content\/uploads\/2022\/06\/Indicator-Settings-1536x1536.png 1536w, https:\/\/www.leaplytics.de\/wp-content\/uploads\/2022\/06\/Indicator-Settings-370x370.png 370w, https:\/\/www.leaplytics.de\/wp-content\/uploads\/2022\/06\/Indicator-Settings-60x60.png 60w, https:\/\/www.leaplytics.de\/wp-content\/uploads\/2022\/06\/Indicator-Settings.png 1854w\" sizes=\"auto, (max-width: 1024px) 100vw, 1024px\" \/><\/figure>\n<\/div>\n\n\n\n<div class=\"wp-block-column is-layout-flow wp-block-column-is-layout-flow\">\n<p class=\"has-medium-font-size\"><strong>Podmienen\u00e9 form\u00e1tovanie<\/strong><\/p>\n\n\n\n<p>Pou\u017e\u00edvajte pravidl\u00e1 podmienen\u00e9ho form\u00e1tovania na zv\u00fdraznenie v\u00fdznamn\u00fdch pr\u00edle\u017eitost\u00ed na z\u00e1klade vopred definovan\u00fdch krit\u00e9ri\u00ed. T\u00e1to funkcia zvy\u0161uje preh\u013eadnos\u0165 a uprednost\u0148uje vyu\u017eite\u013en\u00e9 poznatky na strategick\u00e9 pl\u00e1novanie a realiz\u00e1ciu. Okrem toho m\u00f4\u017ee podmienen\u00e9 form\u00e1tovanie roz\u0161\u00edri\u0165 maticu o \u010fal\u0161\u00ed rozmer. Napr\u00edklad pos\u00faden\u00edm realizovate\u013enosti ka\u017edej pr\u00edle\u017eitosti prostredn\u00edctvom farebn\u00fdch k\u00f3dov. R\u00f4zne odtiene farieb by mohli predstavova\u0165 r\u00f4zne \u00farovne realizovate\u013enosti. Zainteresovan\u00e9 strany tak z\u00edskaj\u00fa cenn\u00e9 inform\u00e1cie o realizovate\u013enosti ka\u017edej pr\u00edle\u017eitosti.<\/p>\n<\/div>\n<\/div>\n\n\n\n<div class=\"wp-block-columns is-layout-flex wp-container-core-columns-is-layout-9 wp-block-columns-is-layout-flex\">\n<div class=\"wp-block-column is-vertically-aligned-center is-layout-flow wp-block-column-is-layout-flow\" style=\"flex-basis:150px\">\n<figure class=\"wp-block-image size-full is-resized\"><img loading=\"lazy\" decoding=\"async\" width=\"355\" height=\"218\" src=\"https:\/\/www.leaplytics.de\/wp-content\/uploads\/2024\/04\/Bild2.jpg\" alt=\"\" class=\"wp-image-13323\" style=\"width:128px\" srcset=\"https:\/\/www.leaplytics.de\/wp-content\/uploads\/2024\/04\/Bild2.jpg 355w, https:\/\/www.leaplytics.de\/wp-content\/uploads\/2024\/04\/Bild2-300x184.jpg 300w, https:\/\/www.leaplytics.de\/wp-content\/uploads\/2024\/04\/Bild2-98x60.jpg 98w\" sizes=\"auto, (max-width: 355px) 100vw, 355px\" \/><\/figure>\n<\/div>\n\n\n\n<div class=\"wp-block-column is-layout-flow wp-block-column-is-layout-flow\" style=\"flex-basis:66.66%\">\n<p><strong>Mo\u017enos\u0165 prev\u0155tania pre viac inform\u00e1ci\u00ed<\/strong><\/p>\n\n\n\n<p>Prech\u00e1dzajte vrstvami \u00fadajov pomocou funkcie prech\u00e1dzania. Pou\u017e\u00edvate\u013eom umo\u017e\u0148uje presk\u00fama\u0165 z\u00e1kladn\u00e9 faktory ovplyv\u0148uj\u00face jednotliv\u00e9 pr\u00edle\u017eitosti. T\u00e1to mo\u017enos\u0165 h\u013abkov\u00e9ho ponoru podporuje d\u00f4kladn\u00e9 pochopenie potenci\u00e1lnych faktorov a d\u00f4sledkov.<\/p>\n<\/div>\n<\/div>\n\n\n\n<div class=\"wp-block-columns is-layout-flex wp-container-core-columns-is-layout-10 wp-block-columns-is-layout-flex\">\n<div class=\"wp-block-column is-vertically-aligned-center is-layout-flow wp-block-column-is-layout-flow\" style=\"flex-basis:150px\">\n<figure class=\"wp-block-image size-large is-resized\"><img loading=\"lazy\" decoding=\"async\" width=\"1024\" height=\"1024\" src=\"https:\/\/www.leaplytics.de\/wp-content\/uploads\/2022\/05\/Color-Settings-1024x1024.png\" alt=\"\" class=\"wp-image-7710\" style=\"width:128px\" srcset=\"https:\/\/www.leaplytics.de\/wp-content\/uploads\/2022\/05\/Color-Settings-1024x1024.png 1024w, https:\/\/www.leaplytics.de\/wp-content\/uploads\/2022\/05\/Color-Settings-300x300.png 300w, https:\/\/www.leaplytics.de\/wp-content\/uploads\/2022\/05\/Color-Settings-150x150.png 150w, https:\/\/www.leaplytics.de\/wp-content\/uploads\/2022\/05\/Color-Settings-768x768.png 768w, https:\/\/www.leaplytics.de\/wp-content\/uploads\/2022\/05\/Color-Settings-1536x1536.png 1536w, https:\/\/www.leaplytics.de\/wp-content\/uploads\/2022\/05\/Color-Settings-2048x2048.png 2048w, https:\/\/www.leaplytics.de\/wp-content\/uploads\/2022\/05\/Color-Settings-370x370.png 370w, https:\/\/www.leaplytics.de\/wp-content\/uploads\/2022\/05\/Color-Settings-60x60.png 60w, https:\/\/www.leaplytics.de\/wp-content\/uploads\/2022\/05\/Color-Settings-600x600.png 600w, https:\/\/www.leaplytics.de\/wp-content\/uploads\/2022\/05\/Color-Settings-100x100.png 100w\" sizes=\"auto, (max-width: 1024px) 100vw, 1024px\" \/><\/figure>\n<\/div>\n\n\n\n<div class=\"wp-block-column is-layout-flow wp-block-column-is-layout-flow\" style=\"flex-basis:66.66%\">\n<p><strong>Vlastn\u00fd farebn\u00fd dizajn<\/strong><\/p>\n\n\n\n<p>Prisp\u00f4sobte si maticu pomocou vlastn\u00fdch farebn\u00fdch sch\u00e9m. Pom\u00e1ha to k preh\u013eadnosti a umo\u017e\u0148uje prisp\u00f4sobenie individu\u00e1lnym po\u017eiadavk\u00e1m.<\/p>\n<\/div>\n<\/div>\n\n\n\n<div class=\"wp-block-columns is-layout-flex wp-container-core-columns-is-layout-11 wp-block-columns-is-layout-flex\">\n<div class=\"wp-block-column is-vertically-aligned-center is-layout-flow wp-block-column-is-layout-flow\" style=\"flex-basis:150px\">\n<figure class=\"wp-block-image size-large\"><img loading=\"lazy\" decoding=\"async\" width=\"1024\" height=\"1018\" src=\"https:\/\/www.leaplytics.de\/wp-content\/uploads\/2022\/06\/Axis-Settings-1024x1018.png\" alt=\"\" class=\"wp-image-8460\" srcset=\"https:\/\/www.leaplytics.de\/wp-content\/uploads\/2022\/06\/Axis-Settings-1024x1018.png 1024w, https:\/\/www.leaplytics.de\/wp-content\/uploads\/2022\/06\/Axis-Settings-300x298.png 300w, https:\/\/www.leaplytics.de\/wp-content\/uploads\/2022\/06\/Axis-Settings-150x150.png 150w, https:\/\/www.leaplytics.de\/wp-content\/uploads\/2022\/06\/Axis-Settings-768x763.png 768w, https:\/\/www.leaplytics.de\/wp-content\/uploads\/2022\/06\/Axis-Settings-1536x1527.png 1536w, https:\/\/www.leaplytics.de\/wp-content\/uploads\/2022\/06\/Axis-Settings-60x60.png 60w, https:\/\/www.leaplytics.de\/wp-content\/uploads\/2022\/06\/Axis-Settings.png 1827w\" sizes=\"auto, (max-width: 1024px) 100vw, 1024px\" \/><\/figure>\n<\/div>\n\n\n\n<div class=\"wp-block-column is-layout-flow wp-block-column-is-layout-flow\" style=\"flex-basis:66.66%\">\n<p><strong>Prisp\u00f4sobite\u013en\u00e9 nastavenia mrie\u017eky, os\u00ed a indik\u00e1torov<\/strong><\/p>\n\n\n\n<p>Prisp\u00f4sobte rozlo\u017eenie matice preferenci\u00e1m organiz\u00e1cie a \u0161pecifick\u00fdm po\u017eiadavk\u00e1m projektu. Upravte l\u00ednie mrie\u017eky, ozna\u010denia os\u00ed a zna\u010dky indik\u00e1torov tak, aby sa optimalizovala \u010ditate\u013enos\u0165 a preh\u013eadnos\u0165.<\/p>\n<\/div>\n<\/div>\n\n\n\n<div class=\"wp-block-buttons is-layout-flex wp-block-buttons-is-layout-flex\">\n<div class=\"wp-block-button has-custom-font-size\" style=\"font-size:18px\"><a class=\"wp-block-button__link has-background wp-element-button\" href=\"https:\/\/www.leaplytics.de\/sk\/titulna-stranka\/riadenie-projektov-vlastne-vizualizacie-microsoft-powerbi\/vlastny-vizual-mapy-rizik-pre-power-bi\/\" style=\"background-color:#22316d\">Kliknut\u00edm sem sa dostanete k na\u0161ej vlastnej vizu\u00e1lnej matici riz\u00edk pre Power BI!<\/a><\/div>\n<\/div>\n\n\n\n<figure class=\"wp-block-image size-full\"><img loading=\"lazy\" decoding=\"async\" width=\"152\" height=\"37\" src=\"https:\/\/www.leaplytics.de\/wp-content\/uploads\/2022\/05\/PBI-Certified.png\" alt=\"\" class=\"wp-image-8358\" srcset=\"https:\/\/www.leaplytics.de\/wp-content\/uploads\/2022\/05\/PBI-Certified.png 152w, https:\/\/www.leaplytics.de\/wp-content\/uploads\/2022\/05\/PBI-Certified-150x37.png 150w\" sizes=\"auto, (max-width: 152px) 100vw, 152px\" \/><\/figure>\n\n\n\n<p><\/p>\n\n\n\n<h3 class=\"wp-block-heading has-medium-font-size\"><strong>Odomknutie konkuren\u010dnej v\u00fdhody<\/strong><\/h3>\n\n\n\n<p>Podniky z\u00edskaj\u00fa strategick\u00fa v\u00fdhodu na s\u00fa\u010dasnom trhu pomocou matice pr\u00edle\u017eitost\u00ed. Proakt\u00edvne identifikovanie a riadenie pr\u00edle\u017eitost\u00ed podporuje inov\u00e1cie, rast a udr\u017eate\u013en\u00fa v\u00fdhodu. Matica pr\u00edle\u017eitost\u00ed Power BI umo\u017e\u0148uje podnikom spravova\u0165 pr\u00edle\u017eitosti pomocou intuit\u00edvnych funkci\u00ed.<\/p>\n\n\n\n<h3 class=\"wp-block-heading has-medium-font-size\"><strong>Z\u00e1ver<\/strong><\/h3>\n\n\n\n<p>Matica pr\u00edle\u017eitost\u00ed je \u00fa\u010dinn\u00fd n\u00e1stroj na strategick\u00e9 rozhodovanie. Organiz\u00e1ci\u00e1m umo\u017e\u0148uje dosiahnu\u0165 udr\u017eate\u013en\u00fa konkuren\u010dn\u00fa v\u00fdhodu. V\u010faka robustn\u00fdm funkci\u00e1m vybavuje organiz\u00e1cie tak, aby sa im darilo na konkuren\u010dnom trhu. Vyu\u017eite ju na rast a inov\u00e1cie, \u010d\u00edm odomknete skryt\u00fd potenci\u00e1l.<\/p>","protected":false},"excerpt":{"rendered":"<p>Pre mana\u017e\u00e9rov projektov a mana\u017e\u00e9rov riz\u00edk je vyu\u017eitie pr\u00edle\u017eitost\u00ed rovnako d\u00f4le\u017eit\u00e9 ako zmiernenie riz\u00edk. Prisp\u00f4soben\u00edm na\u0161ej vizu\u00e1lnej matice riz\u00edk pre Power BI ju m\u00f4\u017eeme premeni\u0165 na maticu pr\u00edle\u017eitost\u00ed. Tento pr\u00edstup umo\u017e\u0148uje identifikova\u0165 a vyu\u017ei\u0165 pr\u00edle\u017eitosti, ktor\u00e9 s\u00fa hnac\u00edm motorom konkuren\u010dnej v\u00fdhody. Pre\u010do je riadenie pr\u00edle\u017eitost\u00ed d\u00f4le\u017eit\u00e9 Riadenie pr\u00edle\u017eitost\u00ed je nevyhnutn\u00e9 pre podniky, ktor\u00e9 sa sna\u017eia ... <\/p>","protected":false},"author":55,"featured_media":13426,"parent":0,"menu_order":0,"comment_status":"closed","ping_status":"closed","template":"","meta":{"footnotes":""},"class_list":["post-13321","page","type-page","status-publish","has-post-thumbnail","hentry","latest_post"],"_links":{"self":[{"href":"https:\/\/www.leaplytics.de\/sk\/wp-json\/wp\/v2\/pages\/13321","targetHints":{"allow":["GET"]}}],"collection":[{"href":"https:\/\/www.leaplytics.de\/sk\/wp-json\/wp\/v2\/pages"}],"about":[{"href":"https:\/\/www.leaplytics.de\/sk\/wp-json\/wp\/v2\/types\/page"}],"author":[{"embeddable":true,"href":"https:\/\/www.leaplytics.de\/sk\/wp-json\/wp\/v2\/users\/55"}],"replies":[{"embeddable":true,"href":"https:\/\/www.leaplytics.de\/sk\/wp-json\/wp\/v2\/comments?post=13321"}],"version-history":[{"count":11,"href":"https:\/\/www.leaplytics.de\/sk\/wp-json\/wp\/v2\/pages\/13321\/revisions"}],"predecessor-version":[{"id":13424,"href":"https:\/\/www.leaplytics.de\/sk\/wp-json\/wp\/v2\/pages\/13321\/revisions\/13424"}],"wp:featuredmedia":[{"embeddable":true,"href":"https:\/\/www.leaplytics.de\/sk\/wp-json\/wp\/v2\/media\/13426"}],"wp:attachment":[{"href":"https:\/\/www.leaplytics.de\/sk\/wp-json\/wp\/v2\/media?parent=13321"}],"curies":[{"name":"wp","href":"https:\/\/api.w.org\/{rel}","templated":true}]}}