{"id":13482,"date":"2024-06-03T18:15:40","date_gmt":"2024-06-03T16:15:40","guid":{"rendered":"https:\/\/www.leaplytics.de\/?page_id=13482"},"modified":"2024-06-03T18:15:41","modified_gmt":"2024-06-03T16:15:41","slug":"10-najlepsich-nastrojov-na-riadenie-rizik-ktore-by-mal-poznat-kazdy-projektovy-manazer-v-roku-2024","status":"publish","type":"page","link":"https:\/\/www.leaplytics.de\/sk\/10-najlepsich-nastrojov-na-riadenie-rizik-ktore-by-mal-poznat-kazdy-projektovy-manazer-v-roku-2024\/","title":{"rendered":"N\u00e1stroje na riadenie riz\u00edk - 10 najlep\u0161\u00edch, ktor\u00e9 by mal pozna\u0165 ka\u017ed\u00fd projektov\u00fd mana\u017e\u00e9r v roku 2024"},"content":{"rendered":"<p>Neo\u010dak\u00e1van\u00e9 probl\u00e9my alebo rizik\u00e1 m\u00f4\u017eu \u010dasto prekazi\u0165 aj tie najlep\u0161ie pl\u00e1ny projektu. Preto je \u00fa\u010dinn\u00e9 riadenie riz\u00edk pre ka\u017ed\u00e9ho projektov\u00e9ho mana\u017e\u00e9ra k\u013e\u00fa\u010dov\u00e9. Pomocou spr\u00e1vnych n\u00e1strojov a techn\u00edk m\u00f4\u017eete v\u010das identifikova\u0165, pos\u00fadi\u0165 a zmierni\u0165 rizik\u00e1. Tu je 10 najlep\u0161\u00edch n\u00e1strojov a techn\u00edk riadenia riz\u00edk, ktor\u00e9 by mal pozna\u0165 ka\u017ed\u00fd projektov\u00fd mana\u017e\u00e9r:<\/p>\n\n\n\n<div class=\"wp-block-columns is-layout-flex wp-container-core-columns-is-layout-1 wp-block-columns-is-layout-flex\">\n<div class=\"wp-block-column is-vertically-aligned-center is-layout-flow wp-block-column-is-layout-flow\" style=\"flex-basis:150px\"><div class=\"wp-block-image wp-duotone-rgb949494-ffffff-1\">\n<figure class=\"aligncenter size-full is-resized\"><img loading=\"lazy\" decoding=\"async\" width=\"640\" height=\"427\" src=\"https:\/\/www.leaplytics.de\/wp-content\/uploads\/2024\/05\/excel-logo-8033473_640.webp\" alt=\"\" class=\"wp-image-13483\" style=\"width:170px\" srcset=\"https:\/\/www.leaplytics.de\/wp-content\/uploads\/2024\/05\/excel-logo-8033473_640.webp 640w, https:\/\/www.leaplytics.de\/wp-content\/uploads\/2024\/05\/excel-logo-8033473_640-300x200.webp 300w, https:\/\/www.leaplytics.de\/wp-content\/uploads\/2024\/05\/excel-logo-8033473_640-90x60.webp 90w\" sizes=\"auto, (max-width: 640px) 100vw, 640px\" \/><\/figure><\/div><\/div>\n\n\n\n<div class=\"wp-block-column is-layout-flow wp-block-column-is-layout-flow\" style=\"flex-basis:66.66%\">\n<p><strong>Microsoft Excel<\/strong><\/p>\n\n\n\n<p>Microsoft Excel je z\u00e1kladn\u00fdm n\u00e1strojom na riadenie riz\u00edk. Je u\u017e\u00edvate\u013esky pr\u00edvetiv\u00fd a \u0161iroko dostupn\u00fd. Excel umo\u017e\u0148uje projektov\u00fdm mana\u017e\u00e9rom vytv\u00e1ra\u0165 podrobn\u00e9 zoznamy potenci\u00e1lnych riz\u00edk a sledova\u0165 ich stav po\u010das cel\u00e9ho \u017eivotn\u00e9ho cyklu projektu. Pomocou programu Excel m\u00f4\u017eete napr\u00edklad zostavi\u0165 zoznam v\u0161etk\u00fdch mo\u017en\u00fdch riz\u00edk projektu a na\u010drtn\u00fa\u0165 strat\u00e9gie na rie\u0161enie ka\u017ed\u00e9ho z nich. Excel odhal\u00ed svoj skuto\u010dn\u00fd potenci\u00e1l, ke\u010f spolupracuje s \u010fal\u0161\u00edmi v\u00fdkonn\u00fdmi n\u00e1strojmi.<\/p>\n<\/div>\n<\/div>\n\n\n\n<div class=\"wp-block-columns is-layout-flex wp-container-core-columns-is-layout-2 wp-block-columns-is-layout-flex\">\n<div class=\"wp-block-column is-vertically-aligned-center is-layout-flow wp-block-column-is-layout-flow\" style=\"flex-basis:150px\"><div class=\"wp-block-image wp-duotone-grayscale\">\n<figure class=\"aligncenter size-full is-resized\"><img loading=\"lazy\" decoding=\"async\" width=\"225\" height=\"300\" src=\"https:\/\/www.leaplytics.de\/wp-content\/uploads\/2024\/05\/power-bi-icon-logo-E1B451ED39-seeklogo.com_.png\" alt=\"\" class=\"wp-image-13484\" style=\"width:76px;height:auto\" srcset=\"https:\/\/www.leaplytics.de\/wp-content\/uploads\/2024\/05\/power-bi-icon-logo-E1B451ED39-seeklogo.com_.png 225w, https:\/\/www.leaplytics.de\/wp-content\/uploads\/2024\/05\/power-bi-icon-logo-E1B451ED39-seeklogo.com_-45x60.png 45w\" sizes=\"auto, (max-width: 225px) 100vw, 225px\" \/><\/figure><\/div><\/div>\n\n\n\n<div class=\"wp-block-column is-layout-flow wp-block-column-is-layout-flow\" style=\"flex-basis:66.66%\">\n<p><strong>Microsoft Power BI<\/strong><\/p>\n\n\n\n<p>Power BI je v\u00fdkonn\u00fd n\u00e1stroj na vizualiz\u00e1ciu \u00fadajov, ktor\u00fd transformuje komplexn\u00e9 \u00fadaje do preh\u013eadn\u00fdch vizu\u00e1lov. Excel a Power BI sa k sebe dokonale hodia. Excel pom\u00e1ha pri ukladan\u00ed a spr\u00e1ve \u00fadajov a Power BI podporuje interakt\u00edvne vizu\u00e1lne spr\u00e1vy. Tak\u00e9to interakt\u00edvne informa\u010dn\u00e9 panely zv\u00fdraz\u0148uj\u00fa va\u0161e rizik\u00e1 a vplyvy. Predstavte si, \u017ee pomocou farebn\u00fdch grafov zobraz\u00edte rizik\u00e1 v\u00e1\u0161ho najnov\u0161ieho projektu, v\u010faka \u010domu ich ka\u017ed\u00fd \u013eah\u0161ie pochop\u00ed a bude m\u00f4c\u0165 kona\u0165.<\/p>\n<\/div>\n<\/div>\n\n\n\n<div class=\"wp-block-columns is-layout-flex wp-container-core-columns-is-layout-3 wp-block-columns-is-layout-flex\">\n<div class=\"wp-block-column is-vertically-aligned-center is-layout-flow wp-block-column-is-layout-flow\" style=\"flex-basis:150px\"><div class=\"wp-block-image wp-duotone-858585-ffffff-2\">\n<figure class=\"aligncenter size-full is-resized\"><img loading=\"lazy\" decoding=\"async\" width=\"96\" height=\"96\" src=\"https:\/\/www.leaplytics.de\/wp-content\/uploads\/2024\/05\/Bild1.svg_.jpg\" alt=\"\" class=\"wp-image-13485\" style=\"width:120px\" srcset=\"https:\/\/www.leaplytics.de\/wp-content\/uploads\/2024\/05\/Bild1.svg_.jpg 96w, https:\/\/www.leaplytics.de\/wp-content\/uploads\/2024\/05\/Bild1.svg_-60x60.jpg 60w\" sizes=\"auto, (max-width: 96px) 100vw, 96px\" \/><\/figure><\/div><\/div>\n\n\n\n<div class=\"wp-block-column is-layout-flow wp-block-column-is-layout-flow\" style=\"flex-basis:66.66%\">\n<p><strong>Register riz\u00edk<\/strong><\/p>\n\n\n\n<p>Register riz\u00edk je d\u00f4le\u017eit\u00fdm dokumentom pri riaden\u00ed riz\u00edk. Pom\u00e1ha projektov\u00fdm mana\u017e\u00e9rom uchov\u00e1va\u0165 v\u0161etky identifikovan\u00e9 rizik\u00e1 na jednom mieste. Predstavte si ho ako komplexn\u00fd z\u00e1pisn\u00edk, v ktorom zdokumentujete ka\u017ed\u00fd mo\u017en\u00fd probl\u00e9m a pr\u00edslu\u0161n\u00e9 strat\u00e9gie na jeho zmiernenie. T\u00fdm sa zabezpe\u010d\u00ed, \u017ee rizik\u00e1 nebud\u00fa prehliadan\u00e9 a bud\u00fa priebe\u017ene monitorovan\u00e9.<\/p>\n<\/div>\n<\/div>\n\n\n\n<div class=\"wp-block-columns is-layout-flex wp-container-core-columns-is-layout-4 wp-block-columns-is-layout-flex\">\n<div class=\"wp-block-column is-vertically-aligned-center is-layout-flow wp-block-column-is-layout-flow\" style=\"flex-basis:150px\"><div class=\"wp-block-image wp-duotone-unset-3\">\n<figure class=\"aligncenter size-full is-resized\"><img loading=\"lazy\" decoding=\"async\" width=\"1827\" height=\"1816\" src=\"https:\/\/www.leaplytics.de\/wp-content\/uploads\/2022\/06\/Axis-Settings.png\" alt=\"\" class=\"wp-image-8460\" style=\"width:110px\" srcset=\"https:\/\/www.leaplytics.de\/wp-content\/uploads\/2022\/06\/Axis-Settings.png 1827w, https:\/\/www.leaplytics.de\/wp-content\/uploads\/2022\/06\/Axis-Settings-300x298.png 300w, https:\/\/www.leaplytics.de\/wp-content\/uploads\/2022\/06\/Axis-Settings-1024x1018.png 1024w, https:\/\/www.leaplytics.de\/wp-content\/uploads\/2022\/06\/Axis-Settings-150x150.png 150w, https:\/\/www.leaplytics.de\/wp-content\/uploads\/2022\/06\/Axis-Settings-768x763.png 768w, https:\/\/www.leaplytics.de\/wp-content\/uploads\/2022\/06\/Axis-Settings-1536x1527.png 1536w, https:\/\/www.leaplytics.de\/wp-content\/uploads\/2022\/06\/Axis-Settings-60x60.png 60w\" sizes=\"auto, (max-width: 1827px) 100vw, 1827px\" \/><\/figure><\/div><\/div>\n\n\n\n<div class=\"wp-block-column is-layout-flow wp-block-column-is-layout-flow\" style=\"flex-basis:66.66%\">\n<p><strong>Matica riz\u00edk<\/strong><\/p>\n\n\n\n<p>Matica riz\u00edk je vizu\u00e1lny n\u00e1stroj, ktor\u00fd pom\u00e1ha projektov\u00fdm mana\u017e\u00e9rom stanovi\u0165 priority riz\u00edk na z\u00e1klade ich pravdepodobnosti a vplyvu. Zakreslen\u00edm riz\u00edk do matice m\u00f4\u017eete r\u00fdchlo zisti\u0165, ktor\u00e9 z nich si vy\u017eaduj\u00fa okam\u017eit\u00fa pozornos\u0165. Matica riz\u00edk je len jedn\u00fdm z vizu\u00e1lnych n\u00e1strojov, ktor\u00e9 by mali by\u0165 s\u00fa\u010das\u0165ou ovl\u00e1dacieho panela Power BI ka\u017ed\u00e9ho mana\u017e\u00e9ra riz\u00edk.<\/p>\n<\/div>\n<\/div>\n\n\n\n<div class=\"wp-block-columns is-layout-flex wp-container-core-columns-is-layout-5 wp-block-columns-is-layout-flex\">\n<div class=\"wp-block-column is-vertically-aligned-center is-layout-flow wp-block-column-is-layout-flow\" style=\"flex-basis:150px\"><div class=\"wp-block-image wp-duotone-858585-ffffff-4\">\n<figure class=\"aligncenter size-full is-resized\"><img loading=\"lazy\" decoding=\"async\" width=\"500\" height=\"500\" src=\"https:\/\/www.leaplytics.de\/wp-content\/uploads\/2024\/05\/kisspng-computer-icons-normal-distribution-probability-dis-5adcdc96034e34.1804701715244238300136-removebg-preview.png\" alt=\"\" class=\"wp-image-13487\" style=\"width:110px\" srcset=\"https:\/\/www.leaplytics.de\/wp-content\/uploads\/2024\/05\/kisspng-computer-icons-normal-distribution-probability-dis-5adcdc96034e34.1804701715244238300136-removebg-preview.png 500w, https:\/\/www.leaplytics.de\/wp-content\/uploads\/2024\/05\/kisspng-computer-icons-normal-distribution-probability-dis-5adcdc96034e34.1804701715244238300136-removebg-preview-300x300.png 300w, https:\/\/www.leaplytics.de\/wp-content\/uploads\/2024\/05\/kisspng-computer-icons-normal-distribution-probability-dis-5adcdc96034e34.1804701715244238300136-removebg-preview-150x150.png 150w, https:\/\/www.leaplytics.de\/wp-content\/uploads\/2024\/05\/kisspng-computer-icons-normal-distribution-probability-dis-5adcdc96034e34.1804701715244238300136-removebg-preview-370x370.png 370w, https:\/\/www.leaplytics.de\/wp-content\/uploads\/2024\/05\/kisspng-computer-icons-normal-distribution-probability-dis-5adcdc96034e34.1804701715244238300136-removebg-preview-60x60.png 60w\" sizes=\"auto, (max-width: 500px) 100vw, 500px\" \/><\/figure><\/div><\/div>\n\n\n\n<div class=\"wp-block-column is-layout-flow wp-block-column-is-layout-flow\" style=\"flex-basis:66.66%\">\n<p><strong>Simul\u00e1cia Monte Carlo<\/strong><\/p>\n\n\n\n<p>Simul\u00e1cia Monte Carlo je pokro\u010dilej\u0161\u00ed n\u00e1stroj, ktor\u00fd vyu\u017e\u00edva \u0161tatistick\u00e9 met\u00f3dy na predpovedanie vplyvu riz\u00edk. Je to ako mnohokr\u00e1t hodi\u0165 kockou a zisti\u0165 naj\u010dastej\u0161ie v\u00fdsledky. Tento n\u00e1stroj v\u00e1m pom\u00f4\u017ee predv\u00edda\u0165 potenci\u00e1lne probl\u00e9my a pod\u013ea toho pl\u00e1nova\u0165. Simul\u00e1cia Monte Carlo je u\u017eito\u010dn\u00e1 najm\u00e4 pri zlo\u017eit\u00fdch projektoch s viacer\u00fdmi premenn\u00fdmi. Microsoft Excel je v\u00e1\u0161 n\u00e1stroj na realiz\u00e1ciu Simul\u00e1cie Monte Carlo.<\/p>\n<\/div>\n<\/div>\n\n\n\n<div class=\"wp-block-columns is-layout-flex wp-container-core-columns-is-layout-6 wp-block-columns-is-layout-flex\">\n<div class=\"wp-block-column is-vertically-aligned-center is-layout-flow wp-block-column-is-layout-flow\" style=\"flex-basis:150px\"><div class=\"wp-block-image wp-duotone-858585-ffffff-5\">\n<figure class=\"aligncenter size-full is-resized\"><img loading=\"lazy\" decoding=\"async\" width=\"256\" height=\"256\" src=\"https:\/\/www.leaplytics.de\/wp-content\/uploads\/2024\/05\/pedigree-1-337562-removebg-preview.png\" alt=\"\" class=\"wp-image-13495\" style=\"width:110px\" srcset=\"https:\/\/www.leaplytics.de\/wp-content\/uploads\/2024\/05\/pedigree-1-337562-removebg-preview.png 256w, https:\/\/www.leaplytics.de\/wp-content\/uploads\/2024\/05\/pedigree-1-337562-removebg-preview-150x150.png 150w, https:\/\/www.leaplytics.de\/wp-content\/uploads\/2024\/05\/pedigree-1-337562-removebg-preview-60x60.png 60w\" sizes=\"auto, (max-width: 256px) 100vw, 256px\" \/><\/figure><\/div><\/div>\n\n\n\n<div class=\"wp-block-column is-layout-flow wp-block-column-is-layout-flow\" style=\"flex-basis:66.66%\">\n<p><strong>PERT (technika hodnotenia programu)<\/strong><\/p>\n\n\n\n<p>PERT je technika, ktor\u00e1 pom\u00e1ha projektov\u00fdm mana\u017e\u00e9rom pochopi\u0165, ako m\u00f4\u017eu \u010das a rizik\u00e1 ovplyvni\u0165 harmonogram projektu. Zmapovan\u00edm v\u0161etk\u00fdch krokov a \u00faloh v projekte a anal\u00fdzou mo\u017en\u00fdch oneskoren\u00ed poskytuje PERT jasnej\u0161\u00ed obraz o \u010dasovom harmonograme projektu. Napr\u00edklad anal\u00fdza riz\u00edk projektu a ich vplyvu na trvanie jednotliv\u00fdch \u00faloh m\u00f4\u017ee pom\u00f4c\u0165 minimalizova\u0165 oneskorenia projektu.<\/p>\n<\/div>\n<\/div>\n\n\n\n<div class=\"wp-block-columns is-layout-flex wp-container-core-columns-is-layout-7 wp-block-columns-is-layout-flex\">\n<div class=\"wp-block-column is-vertically-aligned-center is-layout-flow wp-block-column-is-layout-flow\" style=\"flex-basis:150px\"><div class=\"wp-block-image wp-duotone-858585-ffffff-6\">\n<figure class=\"aligncenter size-full is-resized\"><img loading=\"lazy\" decoding=\"async\" width=\"512\" height=\"512\" src=\"https:\/\/www.leaplytics.de\/wp-content\/uploads\/2024\/05\/4940750.png\" alt=\"\" class=\"wp-image-13489\" style=\"width:110px\" srcset=\"https:\/\/www.leaplytics.de\/wp-content\/uploads\/2024\/05\/4940750.png 512w, https:\/\/www.leaplytics.de\/wp-content\/uploads\/2024\/05\/4940750-300x300.png 300w, https:\/\/www.leaplytics.de\/wp-content\/uploads\/2024\/05\/4940750-150x150.png 150w, https:\/\/www.leaplytics.de\/wp-content\/uploads\/2024\/05\/4940750-370x370.png 370w, https:\/\/www.leaplytics.de\/wp-content\/uploads\/2024\/05\/4940750-60x60.png 60w\" sizes=\"auto, (max-width: 512px) 100vw, 512px\" \/><\/figure><\/div><\/div>\n\n\n\n<div class=\"wp-block-column is-layout-flow wp-block-column-is-layout-flow\" style=\"flex-basis:66.66%\">\n<p><strong>SWOT anal\u00fdza<\/strong><\/p>\n\n\n\n<p>SWOT anal\u00fdza je n\u00e1stroj strategick\u00e9ho pl\u00e1novania, ktor\u00fd sk\u00fama siln\u00e9 a slab\u00e9 str\u00e1nky, pr\u00edle\u017eitosti a hrozby. Tento holistick\u00fd poh\u013ead pom\u00e1ha projektov\u00fdm mana\u017e\u00e9rom pochopi\u0165 intern\u00e9 aj extern\u00e9 faktory, ktor\u00e9 by mohli ovplyvni\u0165 projekt. Je to ako skenovanie podnikate\u013esk\u00e9ho prostredia s cie\u013eom prij\u00edma\u0165 lep\u0161ie rozhodnutia.<\/p>\n<\/div>\n<\/div>\n\n\n\n<div class=\"wp-block-columns is-layout-flex wp-container-core-columns-is-layout-8 wp-block-columns-is-layout-flex\">\n<div class=\"wp-block-column is-vertically-aligned-center is-layout-flow wp-block-column-is-layout-flow\" style=\"flex-basis:150px\"><div class=\"wp-block-image wp-duotone-858585-ffffff-7\">\n<figure class=\"aligncenter size-full is-resized\"><img loading=\"lazy\" decoding=\"async\" width=\"512\" height=\"512\" src=\"https:\/\/www.leaplytics.de\/wp-content\/uploads\/2024\/05\/bow_tie_icon_126607.png\" alt=\"\" class=\"wp-image-13490\" style=\"width:110px\" srcset=\"https:\/\/www.leaplytics.de\/wp-content\/uploads\/2024\/05\/bow_tie_icon_126607.png 512w, https:\/\/www.leaplytics.de\/wp-content\/uploads\/2024\/05\/bow_tie_icon_126607-300x300.png 300w, https:\/\/www.leaplytics.de\/wp-content\/uploads\/2024\/05\/bow_tie_icon_126607-150x150.png 150w, https:\/\/www.leaplytics.de\/wp-content\/uploads\/2024\/05\/bow_tie_icon_126607-370x370.png 370w, https:\/\/www.leaplytics.de\/wp-content\/uploads\/2024\/05\/bow_tie_icon_126607-60x60.png 60w\" sizes=\"auto, (max-width: 512px) 100vw, 512px\" \/><\/figure><\/div><\/div>\n\n\n\n<div class=\"wp-block-column is-layout-flow wp-block-column-is-layout-flow\" style=\"flex-basis:66.66%\">\n<p><strong>Diagram mot\u00fdlika<\/strong><\/p>\n\n\n\n<p>Diagram Bowtie je vizu\u00e1lny n\u00e1stroj, ktor\u00fd ukazuje, ako sa rizik\u00e1 vyskytuj\u00fa a ak\u00e9 maj\u00fa \u00fa\u010dinky. Pom\u00e1ha v\u00e1m pochopi\u0165 pr\u00ed\u010diny riz\u00edk a ako im predch\u00e1dza\u0165. Zahrnutie Bowtie diagramu do ovl\u00e1dacieho panela Power BI v\u00e1m pom\u00f4\u017ee pochopi\u0165 z\u00e1kladn\u00e9 sily v\u00e1\u0161ho portf\u00f3lia riz\u00edk.<\/p>\n<\/div>\n<\/div>\n\n\n\n<div class=\"wp-block-columns is-layout-flex wp-container-core-columns-is-layout-9 wp-block-columns-is-layout-flex\">\n<div class=\"wp-block-column is-vertically-aligned-center is-layout-flow wp-block-column-is-layout-flow\" style=\"flex-basis:150px\"><div class=\"wp-block-image wp-duotone-858585-ffffff-8\">\n<figure class=\"aligncenter size-full is-resized\"><img loading=\"lazy\" decoding=\"async\" width=\"200\" height=\"200\" src=\"https:\/\/www.leaplytics.de\/wp-content\/uploads\/2024\/05\/3732359-200.png\" alt=\"\" class=\"wp-image-13491\" style=\"width:110px\" srcset=\"https:\/\/www.leaplytics.de\/wp-content\/uploads\/2024\/05\/3732359-200.png 200w, https:\/\/www.leaplytics.de\/wp-content\/uploads\/2024\/05\/3732359-200-150x150.png 150w, https:\/\/www.leaplytics.de\/wp-content\/uploads\/2024\/05\/3732359-200-60x60.png 60w\" sizes=\"auto, (max-width: 200px) 100vw, 200px\" \/><\/figure><\/div><\/div>\n\n\n\n<div class=\"wp-block-column is-layout-flow wp-block-column-is-layout-flow\" style=\"flex-basis:66.66%\">\n<p><strong>\u0160trukt\u00fara rozdelenia riz\u00edk (RBS)<\/strong><\/p>\n\n\n\n<p>RBS je hierarchick\u00fd r\u00e1mec, ktor\u00fd kategorizuje rizik\u00e1 do r\u00f4znych skup\u00edn. Tento organiza\u010dn\u00fd n\u00e1stroj pom\u00e1ha projektov\u00fdm mana\u017e\u00e9rom systematicky identifikova\u0165 a riadi\u0165 rizik\u00e1. M\u00f4\u017eete napr\u00edklad kategorizova\u0165 rizik\u00e1 v s\u00favislosti s ich zdrojom alebo oblas\u0165ou vplyvu.<\/p>\n<\/div>\n<\/div>\n\n\n\n<div class=\"wp-block-columns is-layout-flex wp-container-core-columns-is-layout-10 wp-block-columns-is-layout-flex\">\n<div class=\"wp-block-column is-vertically-aligned-center is-layout-flow wp-block-column-is-layout-flow\" style=\"flex-basis:150px\"><div class=\"wp-block-image wp-duotone-858585-ffffff-9\">\n<figure class=\"aligncenter size-full is-resized\"><img loading=\"lazy\" decoding=\"async\" width=\"513\" height=\"486\" src=\"https:\/\/www.leaplytics.de\/wp-content\/uploads\/2024\/05\/6272532-middle-removebg-preview.png\" alt=\"\" class=\"wp-image-13493\" style=\"width:110px\" srcset=\"https:\/\/www.leaplytics.de\/wp-content\/uploads\/2024\/05\/6272532-middle-removebg-preview.png 513w, https:\/\/www.leaplytics.de\/wp-content\/uploads\/2024\/05\/6272532-middle-removebg-preview-300x284.png 300w, https:\/\/www.leaplytics.de\/wp-content\/uploads\/2024\/05\/6272532-middle-removebg-preview-63x60.png 63w\" sizes=\"auto, (max-width: 513px) 100vw, 513px\" \/><\/figure><\/div><\/div>\n\n\n\n<div class=\"wp-block-column is-layout-flow wp-block-column-is-layout-flow\" style=\"flex-basis:66.66%\">\n<p><strong>Anal\u00fdza scen\u00e1ra<\/strong><\/p>\n\n\n\n<p>Anal\u00fdza scen\u00e1rov pom\u00e1ha projektov\u00fdm mana\u017e\u00e9rom pl\u00e1nova\u0165 r\u00f4zne potenci\u00e1lne situ\u00e1cie. Prem\u00fd\u0161\u013ean\u00edm o r\u00f4znych scen\u00e1roch m\u00f4\u017eete vytvori\u0165 strat\u00e9gie na ich rie\u0161enie. V\u010faka pl\u00e1novaniu pod\u013ea scen\u00e1rov si uvedom\u00edte nielen priemern\u00fd v\u00fdsledok, ale aj extr\u00e9mne d\u00f4sledky.<\/p>\n<\/div>\n<\/div>\n\n\n\n<h3 class=\"wp-block-heading has-medium-font-size\">K\u013e\u00fa\u010dov\u00fd z\u00e1ver<\/h3>\n\n\n\n<p>T\u00fdchto 10 naj\u00fa\u010dinnej\u0161\u00edch n\u00e1strojov pom\u00e1ha projektov\u00fdm mana\u017e\u00e9rom lep\u0161ie vidie\u0165 a zvl\u00e1da\u0165 rizik\u00e1. Zabezpe\u010duj\u00fa hladk\u00fd priebeh a dobr\u00e9 ukon\u010denie projektov. Pomocou t\u00fdchto n\u00e1strojov m\u00f4\u017eete v\u010das odhali\u0165 probl\u00e9my a odstr\u00e1ni\u0165 ich sk\u00f4r, ako sa stan\u00fa ve\u013ek\u00fdmi. Va\u0161e projekty tak zostan\u00fa na spr\u00e1vnej ceste.<\/p>","protected":false},"excerpt":{"rendered":"<p>Unexpected problems, or risks, can often derail even the best-laid project plans. This is why effective risk management is crucial for every project manager. With the right tools and techniques, you can identify, assess, and mitigate risks early. Here are the top 10 risk management tools and techniques every project manager should know about: Microsoft &hellip; <\/p>","protected":false},"author":55,"featured_media":0,"parent":0,"menu_order":0,"comment_status":"closed","ping_status":"closed","template":"","meta":{"footnotes":""},"class_list":["post-13482","page","type-page","status-publish","hentry","latest_post"],"_links":{"self":[{"href":"https:\/\/www.leaplytics.de\/sk\/wp-json\/wp\/v2\/pages\/13482","targetHints":{"allow":["GET"]}}],"collection":[{"href":"https:\/\/www.leaplytics.de\/sk\/wp-json\/wp\/v2\/pages"}],"about":[{"href":"https:\/\/www.leaplytics.de\/sk\/wp-json\/wp\/v2\/types\/page"}],"author":[{"embeddable":true,"href":"https:\/\/www.leaplytics.de\/sk\/wp-json\/wp\/v2\/users\/55"}],"replies":[{"embeddable":true,"href":"https:\/\/www.leaplytics.de\/sk\/wp-json\/wp\/v2\/comments?post=13482"}],"version-history":[{"count":4,"href":"https:\/\/www.leaplytics.de\/sk\/wp-json\/wp\/v2\/pages\/13482\/revisions"}],"predecessor-version":[{"id":13499,"href":"https:\/\/www.leaplytics.de\/sk\/wp-json\/wp\/v2\/pages\/13482\/revisions\/13499"}],"wp:attachment":[{"href":"https:\/\/www.leaplytics.de\/sk\/wp-json\/wp\/v2\/media?parent=13482"}],"curies":[{"name":"wp","href":"https:\/\/api.w.org\/{rel}","templated":true}]}}