{"id":13717,"date":"2025-05-12T15:34:59","date_gmt":"2025-05-12T13:34:59","guid":{"rendered":"https:\/\/www.leaplytics.de\/?page_id=13717"},"modified":"2025-05-12T15:35:01","modified_gmt":"2025-05-12T13:35:01","slug":"posudky","status":"publish","type":"page","link":"https:\/\/www.leaplytics.de\/sk\/posudky\/","title":{"rendered":"Sk\u00fasenosti"},"content":{"rendered":"<p><em>&#8220;<strong>U\u017e viac ako rok pou\u017e\u00edvame v Power BI vizu\u00e1lnu maticu riz\u00edk\/teplotn\u00fa mapu LeapLytics.<\/strong><br>Pre n\u00e1\u0161 t\u00edm sa stal nepostr\u00e1date\u013en\u00fdm n\u00e1strojom. Jeho intuit\u00edvny dizajn a prisp\u00f4sobite\u013en\u00e9 funkcie n\u00e1m umo\u017e\u0148uj\u00fa efekt\u00edvne vizualizova\u0165 a prioritizova\u0165 rizik\u00e1, \u010do n\u00e1m umo\u017e\u0148uje zamera\u0165 sa na najkritickej\u0161ie oblasti. Mo\u017enos\u0165 prisp\u00f4sobi\u0165 maticu na\u0161im \u0161pecifick\u00fdm potreb\u00e1m v\u00fdrazne zlep\u0161ila na\u0161e procesy hodnotenia riz\u00edk. Tento doplnok vrelo odpor\u00fa\u010dam ka\u017ed\u00e9mu t\u00edmu, ktor\u00fd chce roz\u0161\u00edri\u0165 svoje mo\u017enosti riadenia riz\u00edk v r\u00e1mci Power BI.\"<\/em> (Anonym)<\/p>\n\n\n\n<p><em>&#8220;<strong>Zmena hry<\/strong> - T\u00e1to aplik\u00e1cia u\u0161etrila stovky hod\u00edn v\u00fdvoja, rie\u0161enia probl\u00e9mov a \u010fal\u0161\u00edch bolest\u00ed hlavy, ktor\u00e9 s\u00fa spojen\u00e9 s vytv\u00e1ran\u00edm aplik\u00e1cie od z\u00e1kladov. T\u00fato aplik\u00e1ciu bolo ve\u013emi jednoduch\u00e9 pripoji\u0165 k aplik\u00e1cii, ktor\u00fa sme vytv\u00e1rali, a je tie\u017e vizu\u00e1lne pr\u00ed\u0165a\u017eliv\u00e1 a \u013eahko pou\u017eite\u013en\u00e1. Vrelo odpor\u00fa\u010dam ka\u017ed\u00e9mu, kto chce u\u0161etri\u0165 hodiny v\u00fdvoja a \u010das a z\u00edska\u0165 nie\u010do, \u010do je u\u017e otestovan\u00e9 v bitke!\"<\/em> (Anonym)<\/p>\n\n\n\n<p><em>\"Vizu\u00e1lna matica riz\u00edk v platforme Power BI bola pou\u017eit\u00e1 ako <strong>strategick\u00fd n\u00e1stroj<\/strong> na riadenie kritick\u00fdch \u010dinnost\u00ed \u00fadr\u017eby, ktor\u00e9 poskytuj\u00fa r\u00fdchlu a efekt\u00edvnu vizualiz\u00e1ciu riz\u00edk spojen\u00fdch s ka\u017ed\u00fdm akt\u00edvom. Matica vizu\u00e1lne mapuje kritickos\u0165 akt\u00edv na z\u00e1klade \u00farovne ich vplyvu a pravdepodobnosti zlyhania, \u010do priamo podporuje stanovenie prior\u00edt n\u00e1pravn\u00fdch a prevent\u00edvnych \u010dinnost\u00ed. <br>T\u00e1to funkcia pom\u00e1ha identifikova\u0165 polo\u017eky \u00fadr\u017eby s najvy\u0161\u0161ou prev\u00e1dzkovou d\u00f4le\u017eitos\u0165ou, \u010d\u00edm prispieva k asert\u00edvnej\u0161iemu riadeniu zdrojov, t\u00edmov a term\u00ednov, najm\u00e4 v zlo\u017eit\u00fdch scen\u00e1roch, ako s\u00fa odst\u00e1vky alebo n\u00fadzov\u00e9 z\u00e1sahy. Interakt\u00edvne a prisp\u00f4sobite\u013en\u00e9 rozhranie navy\u0161e umo\u017e\u0148uje aktualiz\u00e1cie a simul\u00e1cie v re\u00e1lnom \u010dase, v\u010faka \u010domu je rozhodovac\u00ed proces r\u00fdchlej\u0161\u00ed a viac zalo\u017een\u00fd na \u00fadajoch.<br>Pou\u017e\u00edvanie tohto vizu\u00e1lu tie\u017e posil\u0148uje riadenie \u00fadr\u017eby na z\u00e1klade riz\u00edk, \u010d\u00edm sa technick\u00e9 \u00fasilie zos\u00fala\u010fuje so strategick\u00fdmi cie\u013emi organiz\u00e1cie v oblasti spo\u013eahlivosti a dostupnosti akt\u00edv.\"<\/em> (CENIBRA)<\/p>\n\n\n\n<p><em>&#8220;<strong>Fantastick\u00fd vizu\u00e1l<\/strong> - Vysk\u00fa\u0161al som tento vizu\u00e1l pre viacero spr\u00e1v a je tak jednoduch\u00fd na pou\u017e\u00edvanie, ale z\u00e1rove\u0148 tak v\u00fdkonn\u00fd. Vizu\u00e1lne zn\u00e1zornenie riz\u00edk v r\u00e1mci tejto matice mi u\u0161etrilo nespo\u010detn\u00e9 mno\u017estvo hod\u00edn, preto\u017ee m\u00f4\u017eem zamera\u0165 svoju pozornos\u0165 na tie \u010dasti, ktor\u00e9 s\u00fa ozna\u010den\u00e9 ako vysoko rizikov\u00e9. Spolo\u010dnos\u0165 Leaplytics tie\u017e ve\u013emi ochotne reaguje na e-maily. Tento doplnok od spolo\u010dnosti Leaplytics vrelo odpor\u00fa\u010dam.\"<\/em> (Anonym)<\/p>\n\n\n\n<p><em>&#8220;<strong>Kedysi som mal r\u00e1d heatmapy, teraz ich milujem<\/strong> - \u010casto som mal probl\u00e9my, ke\u010f som sa pok\u00fa\u0161al vytvori\u0165 tepeln\u00fa mapu. T\u00e1to m\u00e1 siln\u00fa vypovedaciu schopnos\u0165 a jej pou\u017e\u00edvanie je naozaj jednoduch\u00e9.\"<\/em> (Raphael de Taranto)<\/p>\n\n\n\n<p><em>&#8220;<strong>Vynikaj\u00faca aplik\u00e1cia<\/strong> - T\u00fato aplik\u00e1ciu mus\u00edte ma\u0165, ak pracujete s rizikami. \u013dahko sa nastavuje a je ve\u013emi dobre konfigurovate\u013en\u00e1 pod\u013ea va\u0161ich potrieb.\"<\/em> (Roy Varghese)<\/p>\n\n\n\n<p><em>&#8220;<strong>Skvel\u00fd pr\u00edstrojov\u00fd panel na vykazovanie riz\u00edk<\/strong> - Pr\u00edstrojov\u00fd panel poskytuje vynikaj\u00faci vizu\u00e1lny preh\u013ead o rizik\u00e1ch a za\u010dlenili sme ho do mnoh\u00fdch pr\u00edstrojov\u00fdch panelov na vykazovanie podnikov\u00fdch riz\u00edk. Spolo\u010dnos\u0165 LeapLytics pokra\u010duje vo vylep\u0161ovan\u00ed funkci\u00ed pr\u00edstrojovej dosky vr\u00e1tane mo\u017enosti farebn\u00e9ho ozna\u010dovania bodov\u00fdch bodov. Vrelo odpor\u00fa\u010dame tento z\u00e1suvn\u00fd modul aplik\u00e1cie heatmap riz\u00edk na zlep\u0161enie informa\u010dn\u00fdch panelov Power BI. Plusom je aj reakcia na ot\u00e1zky a podpora.\"<\/em> (Becky Sterrett)<\/p>\n\n\n\n<p><em>&#8220;<strong>Ve\u013ek\u00e1 mapa riz\u00edk<\/strong> - N\u00e1stroj mapy riz\u00edk bol ve\u013emi u\u017eito\u010dn\u00fd na informovanie zainteresovan\u00fdch str\u00e1n o podnikov\u00fdch rizik\u00e1ch a \u00farovniach riz\u00edk. \u013dahko sa pou\u017e\u00edva a m\u00e1 dobr\u00fa vizu\u00e1lnu podobu.\"<\/em> (Anonym)<\/p>\n\n\n\n<p class=\"has-text-align-left\"><em>&#8220;<strong>Tento n\u00e1stroj je pou\u017e\u00edvate\u013esky pr\u00edvetiv\u00fd<\/strong> a efekt\u00edvne prezentuje sk\u00f3re riz\u00edk v jasnom a zrozumite\u013enom form\u00e1te.\"<\/em> (Scott Nicol)<\/p>\n\n\n\n<p><em>&#8220;<strong>Skvel\u00fd n\u00e1stroj<\/strong> - Tento n\u00e1stroj n\u00e1m pomohol v na\u0161om neust\u00e1lom \u00fasil\u00ed o zefekt\u00edvnenie procesu hodnotenia riz\u00edk. Poskytuje skvel\u00fd vizu\u00e1lny n\u00e1stroj na r\u00fdchle pos\u00fadenie rizikov\u00e9ho profilu.\"<\/em> (Anonym)<\/p>\n\n\n\n<p><em>&#8220;<strong>Matica riz\u00edk<\/strong> - Bol som naozaj r\u00e1d, \u017ee som na\u0161iel tento n\u00e1stroj a ako fungoval z h\u013eadiska riadenia riz\u00edk \/ pod\u00e1vania spr\u00e1v - je to skvel\u00fd sp\u00f4sob, ako vizualizova\u0165 a prech\u00e1dza\u0165 registre riz\u00edk so zameran\u00edm na k\u013e\u00fa\u010dov\u00e9 \/ zv\u00fd\u0161en\u00e9 rizik\u00e1. Aj t\u00edm, ktor\u00fd mi poskytol podporu a zapojil sa do rie\u0161enia toho, ako ho pou\u017e\u00edvam a ako ho zlep\u0161i\u0165, bol fantastick\u00fd.\"<\/em> (Anonym)<\/p>\n\n\n\n<p><em>&#8220;<strong>Funguje presne pod\u013ea o\u010dak\u00e1vania a reklamy.<\/strong> - K\u00fapil licenciu na t\u00fato aplik\u00e1ciu pred takmer 9 mesiacmi, nain\u0161taloval ju do nieko\u013ek\u00fdch spr\u00e1v, ktor\u00e9 pou\u017e\u00edvaj\u00fa stovky \u013eud\u00ed na celom svete, a od pou\u017e\u00edvate\u013eov mal len pozit\u00edvnu sp\u00e4tn\u00fa v\u00e4zbu.\"<\/em> (Small, Roy)<\/p>\n\n\n\n<p><em>&#8220;<strong>Skvel\u00fd n\u00e1stroj na zobrazenie hist\u00f3rie matice riz\u00edk<\/strong> - Jeden z najlep\u0161\u00edch \u0161peci\u00e1lnych n\u00e1strojov na spr\u00e1vu z\u00e1znamov matice riz\u00edk a ich profesion\u00e1lne zobrazenie Tento n\u00e1stroj som navrhol a predstavil vedeniu 1- Skvel\u00fd dizajn 2- Flexibilita 3- Jednoduch\u00e9 pou\u017e\u00edvanie 4- Odpor\u00fa\u010dam ho vyu\u017ei\u0165 Vlastne je to to, \u010do som h\u013eadal \u010eakujem, Stefan Preusler \u010eakujem, t\u00edm LeapLytics GmbH\"<\/em> (\u0645\u062d\u064a\u064a \u0627\u0644\u062f\u064a\u0646)<\/p>\n\n\n\n<p><em>&#8220;<strong>Rozhodne stoj\u00ed za to<\/strong> - V\u0161etko, \u010do sme chceli dosiahnu\u0165 pomocou matice riz\u00edk, sme mohli realizova\u0165 pomocou tejto vizualiz\u00e1cie. Rozhodne to stoj\u00ed za to.\"<\/em> (Anonym)<\/p>\n\n\n\n<p><em>&#8220;<strong>Skvel\u00e9 rie\u0161enie pre aud\u00edtorov!<\/strong> - Vizu\u00e1lny objekt dokonale sp\u013a\u0148a po\u017eiadavky a po\u017eiadavky matice riz\u00edk pre aud\u00edtorov.\" (David L\u00f3pez Morales)<\/em><\/p>\n\n\n\n<p><em>&#8220;<strong>Dobr\u00fd vizu\u00e1l<\/strong> na podporu rozhovorov o rizik\u00e1ch.\"<\/em> (Elleke Bosworth)<\/p>\n\n\n\n<p><em>&#8220;<strong>Skvel\u00fd vizu\u00e1l<\/strong> - H\u013eadal som funk\u010dn\u00e9 rie\u0161enie na vizualiz\u00e1ciu svojich riz\u00edk. T\u00e1to vizualiz\u00e1cia mi funguje skvele a je pripraven\u00e1 na pou\u017eitie v priebehu nieko\u013ek\u00fdch min\u00fat. Interaktivita funguje dobre a p\u00f4sob\u00ed ako \"skuto\u010dn\u00e1\".\"<\/em> (Anonym)<\/p>\n\n\n\n<p><em>&#8220;<strong>Skvel\u00fd vizu\u00e1lny n\u00e1stroj na vyhodnocovanie riz\u00edk<\/strong> - \u00da\u017easn\u00fd n\u00e1stroj na vizualiz\u00e1ciu mapy riz\u00edk, ve\u013emi efekt\u00edvny a \u013eahko pr\u00edstupn\u00fd\"<\/em> (Anonym)<\/p>\n\n\n\n<p><em>&#8220;<strong>Nevyhnutn\u00fd n\u00e1stroj pre Risk Mgmt<\/strong> - Tento n\u00e1stroj je u\u017e\u00edvate\u013esky pr\u00edvetiv\u00fd a efekt\u00edvne prezentuje sk\u00f3re riz\u00edk v jasnom a zrozumite\u013enom form\u00e1te.\"<\/em> (Anonym)<\/p>\n\n\n\n<p><em>&#8220;<strong>Ve\u013emi u\u017eito\u010dn\u00fd n\u00e1stroj na riadenie riz\u00edk<\/strong> - Mapu riz\u00edk pova\u017eujem za ve\u013emi u\u017eito\u010dn\u00fa v na\u0161om procese riadenia riz\u00edk. Pom\u00e1ha vizualizova\u0165 riziko jednoduch\u00fdm a zrozumite\u013en\u00fdm sp\u00f4sobom pre predstavenstvo, ale aj pre zvy\u0161ok spolo\u010dnosti. Je tie\u017e jednoduch\u00e1 na pou\u017e\u00edvanie a r\u00fdchlo si osvoj\u00edte, ako nastavenia funguj\u00fa.\"<\/em> (Anonym)<\/p>\n\n\n\n<p><em>&#8220;<strong>Skvel\u00fd mal\u00fd doplnok!<\/strong> - Mapu tepla LeapLytics pou\u017e\u00edvame u\u017e rok. \u013dahko sa pou\u017e\u00edva, m\u00e1 dobr\u00fd pomer ceny a kvality a vizu\u00e1lne vyzer\u00e1 skvele na na\u0161om paneli riz\u00edk.\"<\/em> (Anonym)<\/p>\n\n\n\n<p><em>&#8220;<strong>Perfektn\u00e9<\/strong> - Es muy buena, vers\u00e1til y pr\u00e1ctica.\"<\/em> (Cynthia Mercedes Anaya Manrique)<\/p>\n\n\n\n<p><em>&#8220;<strong>Skvel\u00fd vizu\u00e1l a odozva<\/strong> - Poskytuje n\u00e1m vizu\u00e1lnu predstavu, ktor\u00fa sme potrebovali, a odpove\u010f na na\u0161e ot\u00e1zky bola r\u00fdchla a u\u017eito\u010dn\u00e1.\"<\/em> (Anonym)<\/p>\n\n\n\n<p><em>&#8220;<strong>Solid <\/strong>- Sol\u00eddny vizu\u00e1l\"<\/em> (Anonym)<\/p>","protected":false},"excerpt":{"rendered":"<p>\"U\u017e viac ako rok pou\u017e\u00edvame vizu\u00e1lnu maticu riz\u00edk a mapu riz\u00edk LeapLytics v Power BI, ktor\u00e1 sa stala nepostr\u00e1date\u013en\u00fdm n\u00e1strojom pre n\u00e1\u0161 t\u00edm. Jeho intuit\u00edvny dizajn a prisp\u00f4sobite\u013en\u00e9 funkcie n\u00e1m umo\u017e\u0148uj\u00fa efekt\u00edvne vizualizova\u0165 a prioritizova\u0165 rizik\u00e1, \u010do n\u00e1m umo\u017e\u0148uje zamera\u0165 sa na najkritickej\u0161ie oblasti. Mo\u017enos\u0165 prisp\u00f4sobi\u0165 maticu ... <\/p>","protected":false},"author":2,"featured_media":0,"parent":0,"menu_order":0,"comment_status":"closed","ping_status":"closed","template":"","meta":{"footnotes":""},"class_list":["post-13717","page","type-page","status-publish","hentry","latest_post"],"_links":{"self":[{"href":"https:\/\/www.leaplytics.de\/sk\/wp-json\/wp\/v2\/pages\/13717","targetHints":{"allow":["GET"]}}],"collection":[{"href":"https:\/\/www.leaplytics.de\/sk\/wp-json\/wp\/v2\/pages"}],"about":[{"href":"https:\/\/www.leaplytics.de\/sk\/wp-json\/wp\/v2\/types\/page"}],"author":[{"embeddable":true,"href":"https:\/\/www.leaplytics.de\/sk\/wp-json\/wp\/v2\/users\/2"}],"replies":[{"embeddable":true,"href":"https:\/\/www.leaplytics.de\/sk\/wp-json\/wp\/v2\/comments?post=13717"}],"version-history":[{"count":5,"href":"https:\/\/www.leaplytics.de\/sk\/wp-json\/wp\/v2\/pages\/13717\/revisions"}],"predecessor-version":[{"id":13725,"href":"https:\/\/www.leaplytics.de\/sk\/wp-json\/wp\/v2\/pages\/13717\/revisions\/13725"}],"wp:attachment":[{"href":"https:\/\/www.leaplytics.de\/sk\/wp-json\/wp\/v2\/media?parent=13717"}],"curies":[{"name":"wp","href":"https:\/\/api.w.org\/{rel}","templated":true}]}}