{"id":13808,"date":"2025-07-14T10:32:30","date_gmt":"2025-07-14T08:32:30","guid":{"rendered":"https:\/\/www.leaplytics.de\/?page_id=13808"},"modified":"2025-07-14T10:32:31","modified_gmt":"2025-07-14T08:32:31","slug":"gantt-leaplytics-power-bi","status":"publish","type":"page","link":"https:\/\/www.leaplytics.de\/sk\/gantt-leaplytics-power-bi\/","title":{"rendered":"Gantt LeapLytics - Power BI"},"content":{"rendered":"<p>Je to jednoduch\u00e9. Umo\u017en\u00edme v\u00e1m o\u017eivi\u0165 \u010dasov\u00e9 pl\u00e1ny a harmonogramy projektov priamo v Power BI. N\u00e1\u0161 vizu\u00e1lny n\u00e1stroj Leaplytics Gantt Chart transformuje komplexn\u00e9 projektov\u00e9 \u00fadaje do profesion\u00e1lnych, interakt\u00edvnych a komplexn\u00fdch vizualiz\u00e1ci\u00ed \u010dasov\u00fdch os\u00ed. Zobrazte harmonogramy projektov z aplik\u00e1ci\u00ed Microsoft Project, Primavera P6, Jira, Asana a Azure DevOps presne tak, ako boli ur\u010den\u00e9.<\/p>\n<blockquote>\n<p>\"Kone\u010dne Ganttov diagram, ktor\u00fd skuto\u010dne funguje v Power BI! Mo\u017enos\u0165 zobrazi\u0165 \u010dasov\u00fd harmonogram projektu so z\u00e1vislos\u0165ami a sledovan\u00edm pokroku priamo v na\u0161ich riadiacich paneloch namiesto statick\u00fdch sn\u00edmok obrazovky zmenila na\u0161e prezent\u00e1cie projektov.\"<br \/>- <strong>Johnson M., mana\u017e\u00e9r Business Intelligence<\/strong> <em>(odvetvie stavebn\u00edctva)<\/em><\/p>\n<\/blockquote>\n<h2 id=\"what-s-in-it-for-you-\">\u010co z toho budete ma\u0165?<\/h2>\n<p>Odomknite profesion\u00e1lnu vizualiz\u00e1ciu projektov pre svoje ovl\u00e1dacie panely Power BI:<\/p>\n<p><strong>Kr\u00e1sne vizualizujte projekty:<\/strong> Transformujte nespracovan\u00e9 projektov\u00e9 \u00fadaje z aplik\u00e1ci\u00ed Microsoft Project, Primavera P6, Jira, Asana a Azure DevOps do profesion\u00e1lne vykreslen\u00fdch Ganttov\u00fdch diagramov.<\/p>\n<p><strong>Eliminujte manu\u00e1lnu pr\u00e1cu:<\/strong> U\u017e nemus\u00edte exportova\u0165 sn\u00edmky obrazovky ani ru\u010dne vytv\u00e1ra\u0165 grafy \u010dasovej osi. Va\u0161e existuj\u00face \u00fadaje o projekte sa zobrazia ako interakt\u00edvne Ganttove grafy.<\/p>\n<p><strong>Zap\u00f4sobte na zainteresovan\u00e9 strany:<\/strong> Prezentujte profesion\u00e1lne projektov\u00e9 informa\u010dn\u00e9 panely, ktor\u00e9 zachov\u00e1vaj\u00fa d\u00f4veryhodnos\u0165 na stretnutiach ved\u00facich pracovn\u00edkov a prezent\u00e1ci\u00e1ch zainteresovan\u00fdch str\u00e1n.<\/p>\n<p><strong>U\u0161etrite \u010das:<\/strong> Presta\u0148te tr\u00e1vi\u0165 hodiny manu\u00e1lnym vytv\u00e1ran\u00edm \u010dasovej osi. Pripojte \u00fadaje o projekte a sledujte, ako sa zoznamy \u00faloh menia na komplexn\u00e9 Ganttove vizualiz\u00e1cie.<\/p>\n<blockquote>\n<p>\"T\u00fd\u017edenne sme str\u00e1vili 12 hod\u00edn vytv\u00e1ran\u00edm spr\u00e1v o \u010dasovej osi z na\u0161ich n\u00e1strojov na riadenie projektov. Teraz sa v\u0161etko automaticky zobrazuje ako kr\u00e1sne interakt\u00edvne Ganttove grafy. Na\u0161e spr\u00e1vy o stave projektu vyzeraj\u00fa op\u00e4\u0165 profesion\u00e1lne.\"<br \/>- <strong>Rodriguez A., riadite\u013e pre analytiku<\/strong> <em>(Technol\u00f3gia zdravotnej starostlivosti)<\/em><\/p>\n<\/blockquote>\n<h2 id=\"how-you-can-benefit\">Ako m\u00f4\u017eete z\u00edska\u0165 v\u00fdhody<\/h2>\n<p>Pou\u017e\u00edvatelia, ktor\u00ed si osvojili na\u0161u vizu\u00e1lnu spr\u00e1vu Leaplytics Gantt Chart:<\/p>\n<p><strong>Odstr\u00e1nen\u00e9 no\u010dn\u00e9 mory na \u010dasovej osi:<\/strong> U\u017e \u017eiadne ru\u010dn\u00e9 vytv\u00e1ranie grafov alebo statick\u00fdch sn\u00edmok \u010dasovej osi v prezent\u00e1ci\u00e1ch.<\/p>\n<p><strong>Zv\u00fd\u0161en\u00e9 prijatie pr\u00edstrojovej dosky:<\/strong> Zainteresovan\u00e9 strany sa viac zap\u00e1jaj\u00fa do interakt\u00edvnych Ganttov\u00fdch diagramov, ktor\u00e9 m\u00f4\u017eu presk\u00fama\u0165 a pochopi\u0165.<\/p>\n<p><strong>Zv\u00fd\u0161en\u00e1 profesion\u00e1lna d\u00f4veryhodnos\u0165:<\/strong> V\u00fdkonn\u00e9 prezent\u00e1cie vyzeraj\u00fa uhladene a zachov\u00e1vaj\u00fa si poves\u0165 profesion\u00e1la v oblasti \u00fadajov.<\/p>\n<p><strong>Zjednoten\u00e9 poh\u013eady na projekt:<\/strong> Zobrazte \u00fadaje o projekte z viacer\u00fdch podnikov\u00fdch platforiem v jednom ucelenom interakt\u00edvnom Ganttovom grafe Power BI.<\/p>\n<h2 id=\"key-features\">K\u013e\u00fa\u010dov\u00e9 vlastnosti<\/h2>\n<p><strong>Podpora viacer\u00fdch platforiem:<\/strong> Podporuje Microsoft Project, Primavera P6, Jira, Asana, Azure DevOps a ak\u00e9ko\u013evek tabu\u013ekov\u00e9 projektov\u00e9 \u00fadaje.<\/p>\n<p><strong>Pokro\u010dil\u00fd motor \u010dasovej osi:<\/strong><\/p>\n<ul>\n<li>Inteligentn\u00e9 polohovanie \u00faloh a \u0161k\u00e1lovanie d\u00e1tumu<\/li>\n<li>Inteligentn\u00e9 hierarchick\u00e9 riadenie \u00faloh pre komplexn\u00e9 projekty<\/li>\n<\/ul>\n<p><strong>Profesion\u00e1lna vizualiz\u00e1cia projektu:<\/strong> <\/p>\n<ul>\n<li>Vykres\u013euje spr\u00e1vne li\u0161ty \u00faloh, z\u00e1vislosti, m\u00ed\u013eniky a sledovanie pokroku, ktor\u00e9 re\u0161pektuj\u00fa t\u00e9my Power BI<\/li>\n<li>Interakt\u00edvna navig\u00e1cia na \u010dasovej osi s mo\u017enos\u0165ou pribl\u00ed\u017eenia a posunu<\/li>\n<\/ul>\n<p><strong>Funkcie podnikov\u00e9ho projektu:<\/strong><\/p>\n<ul>\n<li>Z\u00e1vislosti \u00faloh so \u0161\u00edpkami vz\u0165ahov<\/li>\n<li>Sledovanie pokroku a stavu dokon\u010denia<\/li>\n<li>Vizualiz\u00e1cia priradenia zdrojov<\/li>\n<li>Anal\u00fdza kritickej cesty<\/li>\n<\/ul>\n<p><strong>Optimalizovan\u00fd v\u00fdkon:<\/strong> Efekt\u00edvne vykres\u013eovanie ve\u013ek\u00fdch s\u00faborov \u00fadajov o projektoch s viac ako 1000 \u00falohami a komplexn\u00fdmi sie\u0165ami z\u00e1vislost\u00ed.<\/p>\n<p><strong>Bezprobl\u00e9mov\u00e1 integr\u00e1cia Power BI:<\/strong> Funguje ako ak\u00fdko\u013evek in\u00fd vizu\u00e1l Power BI, re\u0161pektuje filtre, slicery a kr\u00ed\u017eov\u00e9 filtrovanie.<\/p>\n<p><strong>Intuit\u00edvna konfigur\u00e1cia:<\/strong> Jednoduch\u00fd form\u00e1tovac\u00ed panel s rozba\u013eovac\u00edm v\u00fdberom pol\u00ed \u00faloh, d\u00e1tumov a mo\u017enost\u00ed vizualiz\u00e1cie.<\/p>\n<p><strong>Pripravenos\u0165 na podnikanie:<\/strong> Robustn\u00fd licen\u010dn\u00fd syst\u00e9m ur\u010den\u00fd na podnikov\u00e9 nasadenie s pokro\u010dil\u00fdmi funkciami riadenia projektov.<\/p>\n<h2 id=\"your-team-will-thank-you\">V\u00e1\u0161 t\u00edm v\u00e1m po\u010fakuje<\/h2>\n<p><em>U\u017e v\u00e1s nebavia statick\u00e9 sn\u00edmky obrazovky projektu v prezent\u00e1ci\u00e1ch pre ved\u00facich pracovn\u00edkov?<\/em> Mali ste niekedy probl\u00e9m vysvetli\u0165 stav projektu pomocou nudn\u00fdch tabu\u013ekov\u00fdch preh\u013eadov, ke\u010f va\u0161e zainteresovan\u00e9 strany potrebuj\u00fa vidie\u0165 \u010dasov\u00fd harmonogram? N\u00e1\u0161 vizu\u00e1lny Ganttov diagram Leaplytics poskytuje rie\u0161enie, na ktor\u00e9 ste \u010dakali. Je to vizu\u00e1l, ktor\u00fd sme si ako odborn\u00edci na riadenie projektov v\u017edy \u017eelali, aby existoval, ke\u010f sme sa sna\u017eili efekt\u00edvne komunikova\u0165 o stave projektu.<\/p>\n<blockquote>\n<p>\"Mo\u017enos\u0165 zobrazova\u0165 na\u0161e \u0161printy a z\u00e1vislosti projektu Azure DevOps pomocou spr\u00e1vnej Ganttovej vizualiz\u00e1cie sp\u00f4sobila revol\u00faciu v tom, ako prezentujeme stav projektu ved\u00facim pracovn\u00edkom. \u010casov\u00e1 os je interakt\u00edvna a nastavenie bolo neuverite\u013ene jednoduch\u00e9.\"<br \/>- <strong>Chen L., hlavn\u00fd d\u00e1tov\u00fd analytik<\/strong> <em>(V\u00fdvoj softv\u00e9ru)<\/em><\/p>\n<\/blockquote>\n<h2 id=\"letter-from-the-ceo\">List od gener\u00e1lneho riadite\u013ea<\/h2>\n<p>Ahoj v\u0161etci...<\/p>\n<p>Som Stefan, gener\u00e1lny riadite\u013e spolo\u010dnosti LeapLytics.<\/p>\n<p>Vizualiz\u00e1cia projektov v Power BI je u\u017e roky pretrv\u00e1vaj\u00facim probl\u00e9mom. Organiz\u00e1cie v\u00fdrazne investuj\u00fa do platforiem, ako s\u00fa Microsoft Project, Primavera P6, Jira a Azure DevOps, aby mohli spravova\u0165 komplexn\u00e9 harmonogramy a z\u00e1vislosti projektov. Ke\u010f sa v\u0161ak tieto projektov\u00e9 \u00fadaje dostan\u00fa do Power BI, st\u00e1vaj\u00fa sa z nich ne\u010ditate\u013en\u00e9 tabu\u013eky alebo si vy\u017eaduj\u00fa ru\u010dn\u00e9 vytv\u00e1ranie grafov.<\/p>\n<p>Tento nes\u00falad medzi sofistikovan\u00fdmi n\u00e1strojmi na riadenie projektov a z\u00e1kladn\u00fdm vykazovan\u00edm projektov v Power BI frustroval nespo\u010detn\u00e9 mno\u017estvo projektov\u00fdch mana\u017e\u00e9rov pri prezent\u00e1ci\u00e1ch pre ved\u00facich pracovn\u00edkov. Podkop\u00e1va to d\u00f4veryhodnos\u0165 a sp\u00f4sobuje, \u017ee cenn\u00e9 projektov\u00e9 poznatky s\u00fa na informa\u010dn\u00fdch paneloch prakticky nevidite\u013en\u00e9.<\/p>\n<p>Tradi\u010dn\u00e9 vizu\u00e1ly BI jednoducho neboli navrhnut\u00e9 pre komplexn\u00fa realitu modern\u00e9ho riadenia projektov, kde \u00falohy maj\u00fa z\u00e1vislosti, sledovanie postupu, pride\u013eovanie zdrojov a \u010dasov\u00e9 obmedzenia. Tu sa za\u010d\u00edna frustr\u00e1cia.<\/p>\n<p>N\u00e1\u0161 vizu\u00e1lny graf Leaplytics Gantt Chart pre Power BI rie\u0161i tento z\u00e1sadn\u00fd probl\u00e9m. Ver\u00edme, \u017ee va\u0161e projektov\u00e9 \u00fadaje by mali komunikova\u0165 jasne a profesion\u00e1lne v\u0161ade, vr\u00e1tane ovl\u00e1dac\u00edch panelov Power BI.<\/p>\n<p>Ide o zachovanie invest\u00edci\u00ed, ktor\u00e9 ste vlo\u017eili do sofistikovan\u00e9ho pl\u00e1novania projektu, a o jeho vizu\u00e1lnu prezent\u00e1ciu, ktor\u00fa o\u010dak\u00e1vaj\u00fa va\u0161e zainteresovan\u00e9 strany. Tento vizu\u00e1l sme navrhli tak, aby zvl\u00e1dol komplexnos\u0165 skuto\u010dn\u00fdch projektov\u00fdch \u00fadajov a z\u00e1rove\u0148 zachoval jednoduch\u00e9 nastavenie.<\/p>\n<p>Toto je n\u00e1\u0161 pr\u00edspevok k odstr\u00e1neniu no\u010dnej mory vizualiz\u00e1cie projektov, ktor\u00e1 pou\u017e\u00edvate\u013eov Power BI tr\u00e1pila pr\u00edli\u0161 dlho.<\/p>\n<p>S pozdravom,<br \/><strong>Stefan Preusler<\/strong><br \/>Spoluzakladate\u013e a gener\u00e1lny riadite\u013e spolo\u010dnosti LeapLytics GmbH<\/p>\n<hr>\n<h2 id=\"ready-to-transform-your-project-visualization-\">Ste pripraven\u00ed zmeni\u0165 vizualiz\u00e1ciu svojho projektu?<\/h2>\n<p><a href=\"https:\/\/www.leaplytics.de\/sk\/\"><strong>Vy\u017eiadanie sk\u00fa\u0161obnej licencie<\/strong><\/a><\/p>\n<h2 id=\"getting-started\">Za\u010d\u00edname<\/h2>\n<p>Z\u00edskali ste licenciu alebo sa len chcete dozvedie\u0165 viac?<br \/>Kliknut\u00edm ni\u017e\u0161ie z\u00edskate pr\u00edstup k n\u00e1\u0161mu komplexn\u00e9mu sprievodcovi:<\/p>\n<p><a href=\"https:\/\/www.leaplytics.de\/sk\/getting-started-gantt-chart-power-bi\/?utm_source=extension&amp;utm_medium=power-bi&amp;utm_campaign=gantt-chart\"><strong>Za\u010d\u00edname - Leaplytics Ganttov graf Visual pre Power BI<\/strong><\/a><\/p>\n<hr>\n<p><em>Transformujte \u00fadaje o projekte do profesion\u00e1lnych vizualiz\u00e1ci\u00ed \u010dasovej osi, ktor\u00fdm zainteresovan\u00e9 strany skuto\u010dne rozumej\u00fa.<\/em> <\/p>","protected":false},"excerpt":{"rendered":"<p>It&#39;s straightforward. We empower you to bring your project timelines and schedules to life directly within Power BI. Our Leaplytics Gantt Chart visual transforms complex project data into professional, interactive, and comprehensive timeline visualizations. Display project schedules from Microsoft Project, Primavera P6, Jira, Asana, and Azure DevOps exactly as intended. &quot;Finally, a Gantt chart that &hellip; <\/p>","protected":false},"author":2,"featured_media":0,"parent":0,"menu_order":0,"comment_status":"closed","ping_status":"closed","template":"","meta":{"footnotes":""},"class_list":["post-13808","page","type-page","status-publish","hentry","latest_post"],"_links":{"self":[{"href":"https:\/\/www.leaplytics.de\/sk\/wp-json\/wp\/v2\/pages\/13808","targetHints":{"allow":["GET"]}}],"collection":[{"href":"https:\/\/www.leaplytics.de\/sk\/wp-json\/wp\/v2\/pages"}],"about":[{"href":"https:\/\/www.leaplytics.de\/sk\/wp-json\/wp\/v2\/types\/page"}],"author":[{"embeddable":true,"href":"https:\/\/www.leaplytics.de\/sk\/wp-json\/wp\/v2\/users\/2"}],"replies":[{"embeddable":true,"href":"https:\/\/www.leaplytics.de\/sk\/wp-json\/wp\/v2\/comments?post=13808"}],"version-history":[{"count":1,"href":"https:\/\/www.leaplytics.de\/sk\/wp-json\/wp\/v2\/pages\/13808\/revisions"}],"predecessor-version":[{"id":13809,"href":"https:\/\/www.leaplytics.de\/sk\/wp-json\/wp\/v2\/pages\/13808\/revisions\/13809"}],"wp:attachment":[{"href":"https:\/\/www.leaplytics.de\/sk\/wp-json\/wp\/v2\/media?parent=13808"}],"curies":[{"name":"wp","href":"https:\/\/api.w.org\/{rel}","templated":true}]}}