{"id":14251,"date":"2025-12-05T17:32:08","date_gmt":"2025-12-05T16:32:08","guid":{"rendered":"https:\/\/www.leaplytics.de\/?page_id=14251"},"modified":"2025-12-05T17:49:46","modified_gmt":"2025-12-05T16:49:46","slug":"business-intelligence","status":"publish","type":"page","link":"https:\/\/www.leaplytics.de\/sk\/business-intelligence\/","title":{"rendered":"Business Intelligence"},"content":{"rendered":"<p>Tu je probl\u00e9m: v\u00e4\u010d\u0161ina spolo\u010dnost\u00ed m\u00e1 \u00fadaje v\u0161ade. Tabu\u013eky. Datab\u00e1zy. Cloudov\u00e9 aplik\u00e1cie. Ale ma\u0165 \u00fadaje nie je to ist\u00e9 ako ich pou\u017e\u00edva\u0165. Mus\u00edte vidie\u0165, \u010do je d\u00f4le\u017eit\u00e9. R\u00fdchlo. Bez toho, aby ste sa museli hodiny prehrab\u00e1va\u0165 v preh\u013eadoch. Bez \u010dakania, k\u00fdm v\u00e1m IT oddelenie vytvor\u00ed informa\u010dn\u00fd panel. Bez h\u00e1dania, \u010di s\u00fa va\u0161e projekty na dobrej ceste alebo s\u00fa pred zlyhan\u00edm.<\/p>\n\n<p>To je to, \u010do rob\u00ed business intelligence, ke\u010f sa rob\u00ed spr\u00e1vne. Zmen\u00ed va\u0161e chaotick\u00e9 \u00fadaje na jasn\u00e9 odpovede. Na prv\u00fd poh\u013ead.<\/p>\n\n\n<hr class=\"wp-block-separator has-alpha-channel-opacity\"\/>\n\n\n<h2>\u010co pon\u00fakame<\/h2>\n\n<p>Vytv\u00e1rame n\u00e1stroje pre dve najv\u00fdkonnej\u0161ie platformy BI na trhu: <strong>Microsoft Power BI<\/strong> a <strong>Qlik Sense<\/strong>. Navy\u0161e pom\u00e1hame spolo\u010dnostiam prejs\u0165 zo star\u0161\u00edch syst\u00e9mov na modern\u00e9.Bez oh\u013eadu na to, ak\u00fa platformu pou\u017e\u00edvate, n\u00e1\u0161 cie\u013e je jednoduch\u00fd: pom\u00f4c\u0165 v\u00e1m robi\u0165 lep\u0161ie rozhodnutia r\u00fdchlej\u0161ie.<\/p>\n\n\n<hr class=\"wp-block-separator has-alpha-channel-opacity\"\/>\n\n\n<!-- SECTION 1: POWER BI -->\n\n<h2>Aplik\u00e1cie a vizualiz\u00e1cie Power BI<\/h2>\n\n<p>Power BI je vlajkov\u00e1 lo\u010f analytick\u00fdch n\u00e1strojov spolo\u010dnosti Microsoft. Pou\u017e\u00edvaj\u00fa ho mili\u00f3ny \u013eud\u00ed. Po vybalen\u00ed z krabice mu v\u0161ak ch\u00fdbaj\u00fa niektor\u00e9 d\u00f4le\u017eit\u00e9 vizu\u00e1lne prvky na riadenie projektov a vykazovanie stavu.<\/p>\n\n<p>To sme opravili.<\/p>\n\n<p>Na\u0161e vizualiz\u00e1cie Power BI s\u00fa <strong>Certifik\u00e1t spolo\u010dnosti Microsoft<\/strong>. To znamen\u00e1, \u017ee sp\u013a\u0148aj\u00fa najvy\u0161\u0161ie bezpe\u010dnostn\u00e9 normy. Exportuj\u00fa sa do s\u00faborov PDF a PowerPoint. A pracuj\u00fa so v\u0161etk\u00fdmi va\u0161imi existuj\u00facimi spr\u00e1vami.<\/p>\n\n<p><a href=\"https:\/\/www.leaplytics.de\/sk\/vizualne-aplikacie-power-bi\/\">Presk\u00famajte v\u0161etky vizualiz\u00e1cie Power BI<\/a><\/p>\n\n<hr class=\"wp-block-separator has-alpha-channel-opacity\"\/>\n\n\n<!-- SECTION 2: QLIK SENSE -->\n\n<h2>Roz\u0161\u00edrenia a ovl\u00e1dacie panely Qlik Sense<\/h2>\n\n<p>Qlik Sense je vytvoren\u00fd na prieskum. Vy kladiete ot\u00e1zky, on n\u00e1jde odpovede. Ale ke\u010f ide o vizualiz\u00e1cie riadenia projektov, potrebuje pomoc.<\/p>\n\n<p>Na\u0161e roz\u0161\u00edrenia vyplnia medzery. S\u00fa ur\u010den\u00e9 pre projektov\u00fdch mana\u017e\u00e9rov, mana\u017e\u00e9rov portf\u00f3lia a v\u0161etk\u00fdch, ktor\u00ed potrebuj\u00fa sledova\u0165 stav viacer\u00fdch iniciat\u00edv.<\/p>\n\n\n<h3 class=\"wp-block-heading\">Informa\u010dn\u00fd panel pre riadenie projektov<\/h3>\n\n\n<p>R\u00f4zni \u013eudia potrebuj\u00fa r\u00f4zne n\u00e1zory. Mana\u017e\u00e9r portf\u00f3lia potrebuje celkov\u00fd poh\u013ead. Projektov\u00fd mana\u017e\u00e9r potrebuje detaily.<\/p>\n\n<p>N\u00e1\u0161 pr\u00edstup k pr\u00edstrojov\u00fdm panelom zobrazuje spr\u00e1vne inform\u00e1cie spr\u00e1vnym \u013eu\u010fom na spr\u00e1vnej \u00farovni. Jedn\u00fdm poh\u013eadom zist\u00edte, \u010domu je potrebn\u00e9 venova\u0165 pozornos\u0165.<\/p>\n\n<ul>\n<li>Spr\u00e1vy o stave projektu so semaforom a maticou riz\u00edk<\/li>\n<li>Zobrazenia m\u00ed\u013enikov zobrazuj\u00face dosiahnutie cie\u013ea<\/li>\n<li>Pr\u00edstrojov\u00e9 panely na \u00farovni portf\u00f3lia pre ved\u00facich pracovn\u00edkov<\/li>\n<\/ul>\n\n<p><a href=\"https:\/\/www.leaplytics.de\/sk\/titulna-stranka\/ovladaci-panel-riadenia-projektov-qlik-sense\/\">\u010eal\u0161ie inform\u00e1cie o n\u00e1stenke na riadenie projektov<\/a><\/p>\n\n\n<h3 class=\"wp-block-heading\">Roz\u0161\u00edrenia Qlik Sense<\/h3>\n\n\n<p>Ka\u017ed\u00e9 roz\u0161\u00edrenie rie\u0161i konkr\u00e9tny probl\u00e9m. M\u00f4\u017eete ich pou\u017e\u00edva\u0165 samostatne alebo ich skombinova\u0165 do kompletn\u00e9ho bal\u00edka na riadenie projektov.<\/p>\n\n<p><a href=\"https:\/\/www.leaplytics.de\/sk\/titulna-stranka\/rozsirenia-qlik-sense\/\">Presk\u00famajte v\u0161etky roz\u0161\u00edrenia Qlik Sense<\/a><\/p>\n\n\n<hr class=\"wp-block-separator has-alpha-channel-opacity\"\/>\n\n<!-- SECTION 3: MIGRATIONS -->\n\n<h2>Migr\u00e1cia QlikView na Power BI<\/h2>\n\n<p>St\u00e1le pou\u017e\u00edvate QlikView? Je to spo\u013eahliv\u00fd softv\u00e9r. Ale svet sa posunul \u010falej.<\/p>\n\n<p>Power BI sa integruje so v\u0161etk\u00fdmi n\u00e1strojmi spolo\u010dnosti Microsoft. Funguje v cloude. Pravidelne sa aktualizuje. A je to miesto, kde sa realizuje v\u00e4\u010d\u0161ina nov\u00fdch projektov BI.<\/p>\n\n<p>Migr\u00e1cia znie desivo. Nemus\u00ed by\u0165.<\/p>\n\n\n<h3 class=\"wp-block-heading\">Pre\u010do spolo\u010dnosti migruj\u00fa<\/h3>\n\n\n<ul>\n<li><strong>Lep\u0161ie vizu\u00e1lne efekty:<\/strong> Power BI m\u00e1 modern\u00e9 mo\u017enosti vizualiz\u00e1cie \u00fadajov<\/li>\n<li><strong>Integr\u00e1cia so spolo\u010dnos\u0165ou Microsoft:<\/strong> Bezprobl\u00e9mov\u00e1 spolupr\u00e1ca s aplik\u00e1ciami Excel, Teams, SharePoint a Azure<\/li>\n<li><strong>Cloud-first:<\/strong> Pr\u00edstup k spr\u00e1vam odkia\u013eko\u013evek<\/li>\n<li><strong>\u0160k\u00e1lovate\u013enos\u0165:<\/strong> Rastie spolu s va\u0161imi d\u00e1tov\u00fdmi potrebami<\/li>\n<li><strong>Pravideln\u00e9 aktualiz\u00e1cie:<\/strong> Nov\u00e9 funkcie ka\u017ed\u00fd mesiac<\/li>\n<\/ul>\n\n\n<h3 class=\"wp-block-heading\">S \u010d\u00edm pracujeme<\/h3>\n\n\n<ul>\n<li><strong>Hodnotenie \u00fadajov:<\/strong> Zistite, \u010do m\u00e1te a \u010do je potrebn\u00e9 presun\u00fa\u0165<\/li>\n<li><strong>Mapovanie:<\/strong> Pripojenie star\u00fdch zost\u00e1v k nov\u00fdm ovl\u00e1dac\u00edm panelom<\/li>\n<li><strong>Modelovanie \u00fadajov:<\/strong> Vytvorenie spr\u00e1vnej \u0161trukt\u00fary v aplik\u00e1cii Power BI<\/li>\n<li><strong>Bezpe\u010dnos\u0165:<\/strong> Nastavenie opr\u00e1vnen\u00ed, ktor\u00e9 zodpovedaj\u00fa va\u0161im potreb\u00e1m<\/li>\n<li><strong>\u0160kolenie:<\/strong> Zozn\u00e1mte svoj t\u00edm s nov\u00fdmi n\u00e1strojmi<\/li>\n<li><strong>Testovanie:<\/strong> Pred zapnut\u00edm vyp\u00edna\u010da sa uistite, \u017ee v\u0161etko funguje<\/li>\n<li><strong>Podpora:<\/strong> Ak n\u00e1s budete potrebova\u0165, sme tu aj po spusten\u00ed<\/li>\n<\/ul>\n\n<p><a href=\"https:\/\/www.leaplytics.de\/sk\/migracia-qlikview-na-power-bi\/\">\u010eal\u0161ie inform\u00e1cie o migr\u00e1cii QlikView<\/a><\/p>\n\n\n<hr class=\"wp-block-separator has-alpha-channel-opacity\"\/>\n\n\n<h2>Pre\u010do pracova\u0165 s nami<\/h2>\n\n<p>U\u017e roky vytv\u00e1rame n\u00e1stroje BI. Na\u0161e vizu\u00e1lne n\u00e1stroje pou\u017e\u00edvaj\u00fa spolo\u010dnosti na celom svete. V \u010dom sme in\u00ed:<\/p>\n\n<ul>\n<li><strong>Certifikovan\u00e9:<\/strong> Na\u0161e vizualiz\u00e1cie Power BI sp\u013a\u0148aj\u00fa bezpe\u010dnostn\u00e9 \u0161tandardy spolo\u010dnosti Microsoft<\/li>\n<li><strong>Nie je potrebn\u00e9 \u017eiadne k\u00f3dovanie:<\/strong> V\u0161etko funguje prostredn\u00edctvom konfigur\u00e1cie typu uk\u00e1\u017e a klikni<\/li>\n<li><strong>Vysk\u00fa\u0161ajte pred k\u00fapou:<\/strong> Bezplatn\u00e9 sk\u00fa\u0161obn\u00e9 verzie v\u0161etk\u00fdch na\u0161ich produktov<\/li>\n<li><strong>Skuto\u010dn\u00e1 podpora:<\/strong> M\u00e1te ot\u00e1zky? Odpoved\u00e1me na ne<\/li>\n<\/ul>\n\n<p><a href=\"https:\/\/www.leaplytics.de\/sk\/posudky\/\">Pozrite sa, \u010do hovoria na\u0161i z\u00e1kazn\u00edci<\/a><\/p>\n\n\n<hr class=\"wp-block-separator has-alpha-channel-opacity\"\/>\n\n\n<h2>Ste pripraven\u00ed za\u010da\u0165?<\/h2>\n\n<p>Vyberte si platformu. Vysk\u00fa\u0161ajte vizu\u00e1l. Uvid\u00edte, \u010di to vyrie\u0161i v\u00e1\u0161 probl\u00e9m.<\/p>\n\n<p>M\u00e1te ot\u00e1zky? <a href=\"https:\/\/www.leaplytics.de\/sk\/kontakt\/\">Kontaktujte n\u00e1s<\/a> alebo si pozrite na\u0161e <a href=\"https:\/\/www.leaplytics.de\/sk\/faq\/\">\u010cASTO KLADEN\u00c9 OT\u00c1ZKY<\/a>.<\/p>","protected":false},"excerpt":{"rendered":"<p>Tu je probl\u00e9m: v\u00e4\u010d\u0161ina spolo\u010dnost\u00ed m\u00e1 \u00fadaje v\u0161ade. Tabu\u013eky. Datab\u00e1zy. Cloudov\u00e9 aplik\u00e1cie. Ale ma\u0165 \u00fadaje nie je to ist\u00e9 ako ich pou\u017e\u00edva\u0165. Mus\u00edte vidie\u0165, \u010do je d\u00f4le\u017eit\u00e9. R\u00fdchlo. Bez toho, aby ste sa museli hodiny prehrab\u00e1va\u0165 v preh\u013eadoch. Bez \u010dakania, k\u00fdm v\u00e1m IT oddelenie vytvor\u00ed informa\u010dn\u00fd panel. Bez h\u00e1dania, \u010di s\u00fa va\u0161e projekty na dobrej ceste alebo s\u00fa pred zlyhan\u00edm. ... <\/p>","protected":false},"author":2,"featured_media":0,"parent":0,"menu_order":0,"comment_status":"closed","ping_status":"closed","template":"","meta":{"footnotes":""},"class_list":["post-14251","page","type-page","status-publish","hentry","latest_post"],"_links":{"self":[{"href":"https:\/\/www.leaplytics.de\/sk\/wp-json\/wp\/v2\/pages\/14251","targetHints":{"allow":["GET"]}}],"collection":[{"href":"https:\/\/www.leaplytics.de\/sk\/wp-json\/wp\/v2\/pages"}],"about":[{"href":"https:\/\/www.leaplytics.de\/sk\/wp-json\/wp\/v2\/types\/page"}],"author":[{"embeddable":true,"href":"https:\/\/www.leaplytics.de\/sk\/wp-json\/wp\/v2\/users\/2"}],"replies":[{"embeddable":true,"href":"https:\/\/www.leaplytics.de\/sk\/wp-json\/wp\/v2\/comments?post=14251"}],"version-history":[{"count":12,"href":"https:\/\/www.leaplytics.de\/sk\/wp-json\/wp\/v2\/pages\/14251\/revisions"}],"predecessor-version":[{"id":14272,"href":"https:\/\/www.leaplytics.de\/sk\/wp-json\/wp\/v2\/pages\/14251\/revisions\/14272"}],"wp:attachment":[{"href":"https:\/\/www.leaplytics.de\/sk\/wp-json\/wp\/v2\/media?parent=14251"}],"curies":[{"name":"wp","href":"https:\/\/api.w.org\/{rel}","templated":true}]}}