{"id":14255,"date":"2025-12-05T17:33:46","date_gmt":"2025-12-05T16:33:46","guid":{"rendered":"https:\/\/www.leaplytics.de\/?page_id=14255"},"modified":"2025-12-19T00:03:08","modified_gmt":"2025-12-18T23:03:08","slug":"umela-inteligencia","status":"publish","type":"page","link":"https:\/\/www.leaplytics.de\/sk\/umela-inteligencia\/","title":{"rendered":"Umel\u00e1 inteligencia"},"content":{"rendered":"<h2>AI, ktor\u00e1 skuto\u010dne funguje pre va\u0161u firmu<\/h2>\n\n<p>V\u0161etci hovoria o umelej inteligencii. V\u00e4\u010d\u0161inou je to len humbuk. My sa zameriavame na to, \u010do skuto\u010dne funguje.<\/p>\n<p>Umel\u00e1 inteligencia je dobr\u00e1 v \u0161pecifick\u00fdch veciach: \u010d\u00edtanie dokumentov, vyh\u013ead\u00e1vanie vzorov, spracovanie \u00fadajov, zvl\u00e1danie rutinn\u00fdch \u00faloh. Veci, ktor\u00e9 v\u00e1\u0161mu t\u00edmu denne zaberaj\u00fa \u010das.<\/p>\n<p>Vytv\u00e1rame syst\u00e9my umelej inteligencie, ktor\u00e9 presne toto robia. \u017diadna m\u00e1gia. \u017diadne m\u00f3dne slov\u00e1. Len praktick\u00e9 n\u00e1stroje, v\u010faka ktor\u00fdm bude v\u00e1\u0161 t\u00edm efekt\u00edvnej\u0161\u00ed.<\/p>\n\n\n<hr class=\"wp-block-separator has-alpha-channel-opacity\"\/>\n\n\n\n<h3 class=\"wp-block-heading\">Probl\u00e9m, ktor\u00fd rie\u0161ime<\/h3>\n\n\n<p>V\u00e1\u0161 t\u00edm je zanepr\u00e1zdnen\u00fd. Pr\u00edli\u0161 zanepr\u00e1zdnen\u00fd.<\/p>\n<p>Inteligentn\u00ed \u013eudia tr\u00e1via hodiny pr\u00e1cou, ktor\u00e1 nepotrebuje ich odborn\u00e9 znalosti. \u010c\u00edtanie dokumentov. Zad\u00e1van\u00edm \u00fadajov. Odpovedan\u00edm na rovnak\u00e9 ot\u00e1zky. Zh\u00e1\u0148anie schv\u00e1len\u00ed. Vytv\u00e1ranie spr\u00e1v.<\/p>\n<p>D\u00f4le\u017eit\u00e1 pr\u00e1ca sa vytla\u010d\u00ed. Strat\u00e9gia trp\u00ed. Anal\u00fdza sa ur\u00fdch\u013euje. Rozhodnutia sa prij\u00edmaj\u00fa bez dostato\u010dn\u00fdch inform\u00e1ci\u00ed, preto\u017ee ich nikto nemal \u010das n\u00e1js\u0165.<\/p>\n<p>Nie je to probl\u00e9m \u013eud\u00ed. Je to probl\u00e9m objemu. Jednoducho je pr\u00edli\u0161 ve\u013ea rutinnej pr\u00e1ce a m\u00e1lo hod\u00edn.<\/p>\n\n\n<hr class=\"wp-block-separator has-alpha-channel-opacity\"\/>\n\n\n\n<h3 class=\"wp-block-heading\">Ako AI skuto\u010dne pom\u00e1ha<\/h3>\n\n\n<p>Umel\u00e1 inteligencia sa postar\u00e1 o rutinn\u00e9 \u010dinnosti, aby sa v\u00e1\u0161 t\u00edm mohol s\u00fastredi\u0165 na to, \u010do je d\u00f4le\u017eit\u00e9.<\/p>\n<p>Vzor je jednoduch\u00fd:<\/p>\n\n<p><strong>Prich\u00e1dzaj\u00fa \u00fadaje.<\/strong><br \/>\nDokumenty. E-maily. Formul\u00e1re. Transakcie. Veci, ktor\u00e9 ka\u017ed\u00fd de\u0148 zaplavuj\u00fa va\u0161e syst\u00e9my.<\/p>\n\n<p><strong>Sprac\u00fava ju umel\u00e1 inteligencia.<\/strong><br \/>\nP\u00ed\u0161e sa v \u0148om. Vy\u0165ahuje sa z neho. Klasifikuje. Kontroluje. R\u00fdchlej\u0161ie ako \u010dlovek, bez toho, aby sa unavil alebo nie\u010do prehliadol.<\/p>\n\n<p><strong>Vytvor\u00ed sa v\u00fdstup.<\/strong><br \/>\nZhrnutia. Upozornenia. N\u00e1vrhy. Odpor\u00fa\u010dania. Inform\u00e1cie, ktor\u00e9 v\u00e1\u0161 t\u00edm m\u00f4\u017ee skuto\u010dne vyu\u017ei\u0165.<\/p>\n\n<p><strong>Prijat\u00e9 opatrenia.<\/strong><br \/>\nRutinn\u00e9 \u00falohy sa vykon\u00e1vaj\u00fa automaticky. V\u00fdnimky s\u00fa ur\u010den\u00e9 \u013eu\u010fom. Spr\u00e1vni \u013eudia vidia spr\u00e1vne veci v spr\u00e1vnom \u010dase.<\/p>\n\n<p><strong>Sp\u00e4tn\u00e1 v\u00e4zba na v\u00fdsledky.<\/strong><br \/>\nSyst\u00e9m sa nau\u010d\u00ed, \u010do funguje. \u010casom sa zlep\u0161uje. Va\u0161e procesy sa zlep\u0161uj\u00fa.<\/p>\n\n<p>Nejde o nahradenie \u013eud\u00ed. Ide o odstr\u00e1nenie pr\u00e1ce, ktor\u00e1 by v prvom rade nemala potrebova\u0165 \u013eud\u00ed.<\/p>\n\n\n<hr class=\"wp-block-separator has-alpha-channel-opacity\"\/>\n\n\n\n<h3 class=\"wp-block-heading\">AI pre ka\u017ed\u00e9 oddelenie<\/h3>\n\n\n<p>R\u00f4zne t\u00edmy maj\u00fa r\u00f4zne v\u00fdzvy. Ale vzorec je rovnak\u00fd: pr\u00edli\u0161 ve\u013ea rutinnej pr\u00e1ce, m\u00e1lo \u010dasu na to, \u010do je d\u00f4le\u017eit\u00e9.<\/p>\n<p>Vytv\u00e1rame rie\u0161enia AI prisp\u00f4soben\u00e9 tomu, ako jednotliv\u00e9 oddelenia skuto\u010dne pracuj\u00fa.<\/p>\n\n\n<hr class=\"wp-block-separator has-alpha-channel-opacity\"\/>\n\n\n\n<h4 class=\"wp-block-heading\">Financie<\/h4>\n\n\n<p>Finan\u010dn\u00e9 t\u00edmy sa topia v dokumentoch a \u00fadajoch. Fakt\u00fary. Spr\u00e1vy. Zos\u00fahlasenia. Predpovede.<\/p>\n<p>AI automaticky \u010d\u00edta finan\u010dn\u00e9 dokumenty. Spracov\u00e1va fakt\u00fary bez manu\u00e1lneho zad\u00e1vania. Odha\u013euje anom\u00e1lie v transakci\u00e1ch. Navrhuje vysvetlenia odch\u00fdlok. Predpoved\u00e1 na z\u00e1klade vzorcov, nie odhadov.<\/p>\n<p>V\u00e1\u0161 finan\u010dn\u00fd t\u00edm prestane p\u00edsa\u0165 a za\u010dne analyzova\u0165.<\/p>\n\n<p><a href=\"https:\/\/www.leaplytics.de\/sk\/financie-ai\/\">Pozri AI pre financie \u2192<\/a><\/p>\n\n\n<hr class=\"wp-block-separator has-alpha-channel-opacity\"\/>\n\n\n\n<h4 class=\"wp-block-heading\">Pr\u00e1vo \/ Pr\u00e1vo<\/h4>\n\n\n<p>Pr\u00e1vnick\u00e1 pr\u00e1ca je pr\u00e1ca s textom. Zmluvy. Dokumenty. V\u00fdskum. Kontrola dodr\u017eiavania predpisov.<\/p>\n<p>Umel\u00e1 inteligencia \u010d\u00edta zmluvy a vyber\u00e1 k\u013e\u00fa\u010dov\u00e9 ustanovenia. Ozna\u010duje rizik\u00e1 a ch\u00fdbaj\u00face podmienky. Presk\u00famava dokumenty v s\u00fadnych sporoch r\u00fdchlej\u0161ie, ako by to dok\u00e1zal ak\u00fdko\u013evek t\u00edm. Pripravuje prv\u00e9 verzie \u0161tandardn\u00fdch dokumentov. Monitoruje zmeny v pr\u00e1vnych predpisoch.<\/p>\n<p>Va\u0161i pr\u00e1vnici sa s\u00fastredia na pos\u00fadenie a strat\u00e9giu, nie na \u010d\u00edtanie ka\u017edej strany.<\/p>\n\n<p><a href=\"https:\/\/www.leaplytics.de\/sk\/pravne-pravo-ai\/\">Pozri AI pre pr\u00e1vne predpisy \u2192<\/a><\/p>\n\n\n<hr class=\"wp-block-separator has-alpha-channel-opacity\"\/>\n\n\n\n<h4 class=\"wp-block-heading\">Marketing a predaj<\/h4>\n\n\n<p>Marketingov\u00e9 a obchodn\u00e9 t\u00edmy sa donekone\u010dna nah\u00e1\u0148aj\u00fa za potenci\u00e1lnymi z\u00e1kazn\u00edkmi a vytv\u00e1raj\u00fa obsah. \u010eal\u0161ie kan\u00e1ly. Viac spr\u00e1v. Viac \u00fadajov na anal\u00fdzu.<\/p>\n<p>Umel\u00e1 inteligencia vyhodnocuje v\u00fdsledky, tak\u017ee z\u00e1stupcovia najprv pracuj\u00fa s t\u00fdmi najlep\u0161\u00edmi. Varianty obsahu priprav\u00ed v priebehu nieko\u013ek\u00fdch sek\u00fand. Segmentuje z\u00e1kazn\u00edkov na z\u00e1klade skuto\u010dn\u00e9ho spr\u00e1vania. Predpoved\u00e1 potrubie na z\u00e1klade \u00fadajov, nie na z\u00e1klade n\u00e1deje. Automaticky optimalizuje kampane.<\/p>\n<p>V\u00e1\u0161 t\u00edm namiesto triedenia a p\u00edsania pred\u00e1va a tvor\u00ed strat\u00e9gie.<\/p>\n\n<p><a href=\"https:\/\/www.leaplytics.de\/sk\/marketing-predaj-ai\/\">Pozrite si AI pre marketing a predaj \u2192<\/a><\/p>\n\n\n<hr class=\"wp-block-separator has-alpha-channel-opacity\"\/>\n\n\n\n<h4 class=\"wp-block-heading\">\u013dudsk\u00e9 zdroje<\/h4>\n\n\n<p>T\u00edmy \u013eudsk\u00fdch zdrojov sa zaoberaj\u00fa \u013eu\u010fmi, ale v\u00e4\u010d\u0161inu \u010dasu tr\u00e1via papierovan\u00edm. Aplik\u00e1cie. N\u00e1stup do zamestnania. Ot\u00e1zky t\u00fdkaj\u00face sa politiky. Dodr\u017eiavanie predpisov.<\/p>\n<p>AI preveruje \u017eivotopisy a vyh\u013ead\u00e1va najlep\u0161\u00edch kandid\u00e1tov. Okam\u017eite odpoved\u00e1 na ot\u00e1zky zamestnancov. Automatizuje kontroln\u00e9 zoznamy pri n\u00e1stupe. Sleduje dodr\u017eiavanie predpisov bez manu\u00e1lnej kontroly. Odha\u013euje rizik\u00e1 spojen\u00e9 s udr\u017ean\u00edm zamestnancov sk\u00f4r, ako \u013eudia od\u00eddu.<\/p>\n<p>V\u00e1\u0161 t\u00edm \u013eudsk\u00fdch zdrojov sa zameriava na \u013eud\u00ed, nie na papierovanie.<\/p>\n\n<p><a href=\"https:\/\/www.leaplytics.de\/sk\/ludske-zdroje-ai\/\">Pozri AI pre \u013eudsk\u00e9 zdroje \u2192<\/a><\/p>\n\n\n<hr class=\"wp-block-separator has-alpha-channel-opacity\"\/>\n\n\n\n<h4 class=\"wp-block-heading\">Prev\u00e1dzka<\/h4>\n\n\n<p>Prev\u00e1dzkov\u00e9 t\u00edmy v\u0161etko koordinuj\u00fa. Dod\u00e1vate\u013esk\u00e9 re\u0165azce. Harmonogramy. Kvalitu. Tis\u00edce pohybliv\u00fdch \u010dast\u00ed, ktor\u00e9 musia spolupracova\u0165.<\/p>\n<p>AI predpoved\u00e1 dopyt a optimalizuje z\u00e1soby. Pl\u00e1nuje zdroje na z\u00e1klade skuto\u010dn\u00fdch obmedzen\u00ed. Priebe\u017ene monitoruje kvalitu. Odha\u013euje \u00fazke miesta sk\u00f4r, ako sa stan\u00fa probl\u00e9mom. Automaticky vytv\u00e1ra prev\u00e1dzkov\u00e9 spr\u00e1vy.<\/p>\n<p>V\u00e1\u0161 prev\u00e1dzkov\u00fd t\u00edm rie\u0161i probl\u00e9my namiesto ich sledovania.<\/p>\n\n<p><a href=\"https:\/\/www.leaplytics.de\/sk\/operacie-ai\/\">Pozri AI pre oper\u00e1cie \u2192<\/a><\/p>\n\n\n<hr class=\"wp-block-separator has-alpha-channel-opacity\"\/>\n\n\n\n<h4 class=\"wp-block-heading\">Z\u00edskavanie zdrojov a obstar\u00e1vanie<\/h4>\n\n\n<p>T\u00edmy obstar\u00e1vania nakupuj\u00fa a riadia dod\u00e1vate\u013eov. Objedn\u00e1vky. Zmluvy. V\u00fddavky. Riziko. Nikdy nie je dostatok \u010dasu na strategick\u00fa pr\u00e1cu.<\/p>\n<p>Umel\u00e1 inteligencia vyhodnocuje dod\u00e1vate\u013eov a rozpozn\u00e1va rizik\u00e1. Automaticky spracov\u00e1va n\u00e1kupn\u00e9 objedn\u00e1vky. Sleduje zmluvn\u00e9 podmienky a term\u00edny obnovenia. Analyzuje v\u00fddavky a nach\u00e1dza \u00faspory. Priebe\u017ene monitoruje v\u00fdkonnos\u0165 dod\u00e1vate\u013eov.<\/p>\n<p>V\u00e1\u0161 t\u00edm pre verejn\u00e9 obstar\u00e1vanie namiesto sprac\u00favania \u00fadajov rokuje a tvor\u00ed strat\u00e9giu.<\/p>\n\n<p><a href=\"https:\/\/www.leaplytics.de\/sk\/obstaravanie-ai\/\">Pozrite si AI pre obstar\u00e1vanie \u2192<\/a><\/p>\n\n\n<hr class=\"wp-block-separator has-alpha-channel-opacity\"\/>\n\n\n\n<h3 class=\"wp-block-heading\">\u010co AI neurob\u00ed<\/h3>\n\n\n<p>\u00daprimne hovor\u00edme o limitoch.<\/p>\n<p>AI nenahr\u00e1dza v\u00e1\u0161 t\u00edm. Nerob\u00ed rozhodnutia. Nerie\u0161i citliv\u00e9 situ\u00e1cie, ktor\u00e9 si vy\u017eaduj\u00fa \u013eudsk\u00fd pr\u00edstup. Nevytv\u00e1ra strat\u00e9giu ani nevytv\u00e1ra vz\u0165ahy.<\/p>\n<p>AI sa postar\u00e1 o rutinu. \u010c\u00edtanie. Spracovanie. Porovn\u00e1vanie vzorov. Prv\u00fd n\u00e1vrh.<\/p>\n<p>Va\u0161i \u013eudia prem\u00fd\u0161\u013eaj\u00fa, rozhoduj\u00fa a vykon\u00e1vaj\u00fa pr\u00e1cu, ktor\u00e1 si skuto\u010dne vy\u017eaduje ich odborn\u00e9 znalosti.<\/p>\n<p>To nie je obmedzenie - o to ide. AI rob\u00ed to, v \u010dom je dobr\u00e1, aby \u013eudia mohli robi\u0165 to, v \u010dom s\u00fa dobr\u00ed.<\/p>\n\n\n<hr class=\"wp-block-separator has-alpha-channel-opacity\"\/>\n\n\n\n<h3 class=\"wp-block-heading\">Pre\u010do pracova\u0165 s nami<\/h3>\n\n\n<p>Nepred\u00e1vame umel\u00fa inteligenciu pre \u0148u samotn\u00fa. Rie\u0161ime probl\u00e9my.<\/p>\n\n<p><strong>Pou\u017e\u00edvame to, \u010do pred\u00e1vame.<\/strong><br \/>\nNa\u0161e vlastn\u00e9 podnikanie funguje na b\u00e1ze umelej inteligencie. Spracovanie olova. Spracovanie dokumentov. Anal\u00fdza. Vieme, \u010do funguje, preto\u017ee sme na tom z\u00e1visl\u00ed ka\u017ed\u00fd de\u0148.<\/p>\n\n<p><strong>Zameriavame sa na v\u00fdsledky.<\/strong><br \/>\nNie technol\u00f3gia pre technol\u00f3giu. P\u00fdtame sa: ak\u00e1 pr\u00e1ca v\u00e1m uber\u00e1 \u010das? \u010co sa v\u00e1m nedar\u00ed? Potom vytvor\u00edme umel\u00fa inteligenciu, ktor\u00e1 to naprav\u00ed.<\/p>\n\n<p><strong>Vytv\u00e1rame pre v\u00e1\u0161 pracovn\u00fd postup.<\/strong><br \/>\n\u017diadne univerz\u00e1lne produkty. Pozorujeme, ako v\u00e1\u0161 t\u00edm skuto\u010dne pracuje, a vytv\u00e1rame syst\u00e9my, ktor\u00e9 mu vyhovuj\u00fa.<\/p>\n\n<p><strong>Sme \u00faprimn\u00ed, pokia\u013e ide o vhodnos\u0165.<\/strong><br \/>\nNiekedy nie je rie\u0161en\u00edm umel\u00e1 inteligencia. Ak je v\u00e1\u0161 probl\u00e9m lep\u0161ie vyrie\u0161i\u0165 in\u00fdm sp\u00f4sobom, povieme v\u00e1m to.<\/p>\n\n\n<hr class=\"wp-block-separator has-alpha-channel-opacity\"\/>\n\n\n\n<h3 class=\"wp-block-heading\">Ste pripraven\u00ed zisti\u0165, \u010do je mo\u017en\u00e9?<\/h3>\n\n\n<p>Myslite na \u010das svojho t\u00edmu.<\/p>\n<p>Ak\u00e9 \u00falohy sa opakuj\u00fa? Ktor\u00e1 pr\u00e1ca nepotrebuje \u013eudsk\u00fa odbornos\u0165, ale aj tak sa jej dost\u00e1va? \u010co sa prepadne, ke\u010f je ve\u013ea pr\u00e1ce?<\/p>\n<p>Pr\u00e1ve tu m\u00f4\u017ee pom\u00f4c\u0165 umel\u00e1 inteligencia. Nie jedn\u00e9ho d\u0148a. Teraz.<\/p>\n<p>Porozpr\u00e1vajme sa o va\u0161ich konkr\u00e9tnych v\u00fdzvach a zistime, \u010di m\u00e1 umel\u00e1 inteligencia zmysel.<\/p>\n\n<p><a href=\"https:\/\/www.leaplytics.de\/sk\/kontakt\/\">Obr\u00e1\u0165te sa na n\u00e1s<\/a><\/p>","protected":false},"excerpt":{"rendered":"<p>Umel\u00e1 inteligencia, ktor\u00e1 skuto\u010dne funguje pre va\u0161u firmu O umelej inteligencii hovor\u00ed ka\u017ed\u00fd. V\u00e4\u010d\u0161ina z nich je v\u0161ak len humbuk. My sa zameriavame na to, \u010do skuto\u010dne funguje. AI je dobr\u00e1 v konkr\u00e9tnych veciach: \u010d\u00edtanie dokumentov, vyh\u013ead\u00e1vanie vzorov, spracovanie \u00fadajov, zvl\u00e1danie rutinn\u00fdch \u00faloh. Veci, ktor\u00e9 v\u00e1\u0161mu t\u00edmu denne zaberaj\u00fa \u010das. Vytv\u00e1rame syst\u00e9my AI, ktor\u00e9 robia presne toto. \u017diadne ... <\/p>","protected":false},"author":2,"featured_media":0,"parent":0,"menu_order":0,"comment_status":"closed","ping_status":"closed","template":"","meta":{"footnotes":""},"class_list":["post-14255","page","type-page","status-publish","hentry","latest_post"],"_links":{"self":[{"href":"https:\/\/www.leaplytics.de\/sk\/wp-json\/wp\/v2\/pages\/14255","targetHints":{"allow":["GET"]}}],"collection":[{"href":"https:\/\/www.leaplytics.de\/sk\/wp-json\/wp\/v2\/pages"}],"about":[{"href":"https:\/\/www.leaplytics.de\/sk\/wp-json\/wp\/v2\/types\/page"}],"author":[{"embeddable":true,"href":"https:\/\/www.leaplytics.de\/sk\/wp-json\/wp\/v2\/users\/2"}],"replies":[{"embeddable":true,"href":"https:\/\/www.leaplytics.de\/sk\/wp-json\/wp\/v2\/comments?post=14255"}],"version-history":[{"count":14,"href":"https:\/\/www.leaplytics.de\/sk\/wp-json\/wp\/v2\/pages\/14255\/revisions"}],"predecessor-version":[{"id":14420,"href":"https:\/\/www.leaplytics.de\/sk\/wp-json\/wp\/v2\/pages\/14255\/revisions\/14420"}],"wp:attachment":[{"href":"https:\/\/www.leaplytics.de\/sk\/wp-json\/wp\/v2\/media?parent=14255"}],"curies":[{"name":"wp","href":"https:\/\/api.w.org\/{rel}","templated":true}]}}