{"id":14402,"date":"2025-12-18T23:52:33","date_gmt":"2025-12-18T22:52:33","guid":{"rendered":"https:\/\/www.leaplytics.de\/?page_id=14402"},"modified":"2025-12-19T01:57:41","modified_gmt":"2025-12-19T00:57:41","slug":"marketing-predaj-ai","status":"publish","type":"page","link":"https:\/\/www.leaplytics.de\/sk\/marketing-predaj-ai\/","title":{"rendered":"Marketingov\u00e1 \/ predajn\u00e1 AI"},"content":{"rendered":"<h2>V\u00e1\u0161 marketingov\u00fd a obchodn\u00fd t\u00edm m\u00e1 pr\u00edli\u0161 ve\u013ea pr\u00e1ce. AI m\u00f4\u017ee pom\u00f4c\u0165.<\/h2>\n\n<p>Marketing a predaj je pr\u00e1ca s \u013eu\u010fmi. Vedenie. Perspekt\u00edvy. Z\u00e1kazn\u00edci. Kampane. Spr\u00e1vy. Neust\u00e1le \u00fasilie n\u00e1js\u0165, presved\u010di\u0165 a udr\u017ea\u0165 si kupuj\u00facich.<\/p>\n<p>V\u00e4\u010d\u0161ina z nich sa riadi vzormi. Zaznamenajte n\u00e1skok. Nap\u00ed\u0161te e-mail. Rozde\u013ete zoznam na segmenty. Aktualizujte CRM. Op\u00e4tovn\u00e9 sledovanie.<\/p>\n<p>Umel\u00e1 inteligencia je na to stvoren\u00e1. Analyzuje r\u00fdchlej\u0161ie ako \u010dlovek. Nikdy nezabudne na n\u00e1sledn\u00e9 kroky. Nikdy nepo\u0161le nespr\u00e1vnu spr\u00e1vu nespr\u00e1vnemu segmentu.<\/p>\n<p>Nenahr\u00e1dza to v\u00e1\u0161 marketingov\u00fd a predajn\u00fd t\u00edm. V\u010faka nemu s\u00fa r\u00fdchlej\u0161\u00ed. Zvl\u00e1dne rutinu, aby sa va\u0161i \u013eudia mohli s\u00fastredi\u0165 na vz\u0165ahy a strat\u00e9giu.<\/p>\n\n\n<hr class=\"wp-block-separator has-alpha-channel-opacity\"\/>\n\n\n\n<h3 class=\"wp-block-heading\">Realita dne\u0161n\u00e9ho marketingu a predaja<\/h3>\n\n\n<p>Marketingov\u00e9 a predajn\u00e9 t\u00edmy s\u00fa vy\u0165a\u017een\u00e9. \u010eal\u0161ie kan\u00e1ly. V\u00e4\u010d\u0161ia konkurencia. Vy\u0161\u0161ie o\u010dak\u00e1vania. Pr\u00edsnej\u0161ie rozpo\u010dty.<\/p>\n<p>Marketingov\u00ed pracovn\u00edci tr\u00e1via hodiny nad obsahom, ktor\u00fd nemus\u00ed by\u0165 \u00faspe\u0161n\u00fd. Obchodn\u00ed z\u00e1stupcovia nah\u00e1\u0148aj\u00fa potenci\u00e1lnych z\u00e1kazn\u00edkov, ktor\u00ed sa nikam nedostan\u00fa. \u00dadaje le\u017eia v syst\u00e9moch, ale nikto nem\u00e1 \u010das ich analyzova\u0165.<\/p>\n<p>Dobr\u00e9 potenci\u00e1lne z\u00e1kazn\u00edci vychladn\u00fa, preto\u017ee n\u00e1sledn\u00e1 kontrola trvala pr\u00edli\u0161 dlho. Kampane prebiehaj\u00fa bez jasnej n\u00e1vratnosti invest\u00edci\u00ed. V\u0161etci s\u00fa zanepr\u00e1zdnen\u00ed, ale v\u00fdsledky nezodpovedaj\u00fa vynalo\u017een\u00e9mu \u00fasiliu.<\/p>\n<p>Nie preto, \u017ee by \u013eudia neboli dobr\u00ed vo svojej pr\u00e1ci. Preto\u017ee je jednoducho pr\u00edli\u0161 ve\u013ea pr\u00e1ce a m\u00e1lo hod\u00edn.<\/p>\n\n\n<hr class=\"wp-block-separator has-alpha-channel-opacity\"\/>\n\n\n\n<h3 class=\"wp-block-heading\">Kde AI prin\u00e1\u0161a skuto\u010dn\u00fd rozdiel<\/h3>\n\n\n<p>Umel\u00e1 inteligencia funguje najlep\u0161ie tam, kde s\u00fa k dispoz\u00edcii \u00fadaje a vzory. Marketing a predaj maj\u00fa oboje.<\/p>\n<p>Tu je p\u00e4\u0165 oblast\u00ed, v ktor\u00fdch umel\u00e1 inteligencia prin\u00e1\u0161a skuto\u010dn\u00e9 v\u00fdsledky - nie humbuk, ale skuto\u010dn\u00fd vplyv na pr\u00edjmy a \u00fasporu \u010dasu.<\/p>\n\n\n<hr class=\"wp-block-separator has-alpha-channel-opacity\"\/>\n\n\n\n<h4 class=\"wp-block-heading\">1. Generovanie a kvalifik\u00e1cia potenci\u00e1lnych z\u00e1kazn\u00edkov<\/h4>\n\n\n<p>Nie v\u0161etky stopy s\u00fa rovnak\u00e9. Niektor\u00e9 sa daj\u00fa k\u00fapi\u0165. V\u00e4\u010d\u0161ina nie. Zis\u0165ovanie, ktor\u00fd z nich je ktor\u00fd, zaber\u00e1 \u010das, ktor\u00fd by ste mohli venova\u0165 predaju.<\/p>\n<p>Medzit\u00fdm dobr\u00e9 stopy unikn\u00fa, preto\u017ee si nez\u00edskali pozornos\u0165 dostato\u010dne r\u00fdchlo.<\/p>\n\n\n<h5 class=\"wp-block-heading\">\u010co rob\u00ed umel\u00e1 inteligencia<\/h5>\n\n\n<p><strong>Sk\u00f3re sa z\u00edskava automaticky.<\/strong><br \/>\nNa z\u00e1klade spr\u00e1vania, demografick\u00fdch \u00fadajov a historick\u00fdch vzorcov umel\u00e1 inteligencia zorad\u00ed potenci\u00e1lnych z\u00e1kazn\u00edkov, ktor\u00ed s najv\u00e4\u010d\u0161ou pravdepodobnos\u0165ou nak\u00fapia. Hor\u00face potenci\u00e1lne z\u00e1kazn\u00edci sa okam\u017eite objavia.<\/p>\n\n<p><strong>Identifikuje n\u00e1kupn\u00e9 sign\u00e1ly.<\/strong><br \/>\nN\u00e1v\u0161tevy webov\u00fdch str\u00e1nok. S\u0165ahovanie obsahu. Zapojenie e-mailom. Umel\u00e1 inteligencia si v\u0161imne, ke\u010f spr\u00e1vanie niekoho hovor\u00ed \"pripraven\u00fd k\u00fapi\u0165\".<\/p>\n\n<p><strong>Kvalifikuje potenci\u00e1lnych z\u00e1kazn\u00edkov pomocou ot\u00e1zok.<\/strong><br \/>\nChatboti a formul\u00e1re, ktor\u00e9 klad\u00fa spr\u00e1vne ot\u00e1zky. Umel\u00e1 inteligencia zhroma\u017e\u010fuje inform\u00e1cie o kvalifik\u00e1cii sk\u00f4r, ako sa zapoj\u00ed \u010dlovek.<\/p>\n\n<p><strong>Obohacuje \u00fadaje o olove.<\/strong><br \/>\nVe\u013ekos\u0165 spolo\u010dnosti. Odvetvie. \u00daloha. Umel\u00e1 inteligencia dopln\u00ed ch\u00fdbaj\u00face inform\u00e1cie, aby ste vedeli, s k\u00fdm hovor\u00edte.<\/p>\n\n<p><strong>Trasy ved\u00fa k spr\u00e1vnej osobe.<\/strong><br \/>\nVedenie podniku? Ide do predaja pre podniky. Mal\u00fd podnik? In\u00fd t\u00edm. Umel\u00e1 inteligencia automaticky prira\u010fuje potenci\u00e1lnych z\u00e1kazn\u00edkov k obchodn\u00fdm z\u00e1stupcom.<\/p>\n\n\n<h5 class=\"wp-block-heading\">\u010co to pre v\u00e1s znamen\u00e1<\/h5>\n\n\n<ul>\n<li><strong>Pre obchodn\u00fdch riadite\u013eov:<\/strong> Z\u00e1stupcovia tr\u00e1via \u010das na potenci\u00e1lnych z\u00e1kazn\u00edkoch, ktor\u00ed sa konvertuj\u00fa. Vy\u0161\u0161ia miera v\u00fdhier. Krat\u0161ie predajn\u00e9 cykly.<\/li>\n<li><strong>Pre obchodn\u00fdch z\u00e1stupcov:<\/strong> Presta\u0148te h\u00e1da\u0165, komu zavola\u0165. Pracujte s t\u00fdmi, ktor\u00e9 sa s najv\u00e4\u010d\u0161ou pravdepodobnos\u0165ou uzavr\u00fa. Menej \u010dasu na slep\u00fdch uli\u010dk\u00e1ch.<\/li>\n<li><strong>Pre podnik:<\/strong> R\u00fdchlej\u0161ia reakcia na hor\u00face potenci\u00e1lne z\u00e1kazn\u00edkov. Lep\u0161ia miera konverzie. Ni\u017e\u0161ie n\u00e1klady na akviz\u00edciu.<\/li>\n<\/ul>\n\n<p><a href=\"https:\/\/www.leaplytics.de\/sk\/kvalifikacia-na-generovanie-potencialnych-zakaznikov-ai\/\">\u010eal\u0161ie inform\u00e1cie o AI pre generovanie a kvalifik\u00e1ciu l\u00eddrov \u2192<\/a><\/p>\n\n\n<hr class=\"wp-block-separator has-alpha-channel-opacity\"\/>\n\n\n\n<h4 class=\"wp-block-heading\">2. Tvorba obsahu a personaliz\u00e1cia<\/h4>\n\n\n<p>Obsah \u017eiv\u00ed stroj. E-maily. Reklamy. Pr\u00edspevky na soci\u00e1lnych sie\u0165ach. Cie\u013eov\u00e9 str\u00e1nky. Popisy produktov. Ka\u017ed\u00fd potrebuje viac obsahu a r\u00fdchlej\u0161ie.<\/p>\n<p>A v\u0161eobecn\u00fd obsah u\u017e nefunguje. \u013dudia o\u010dak\u00e1vaj\u00fa spr\u00e1vy, ktor\u00e9 s\u00fa pre nich relevantn\u00e9.<\/p>\n\n\n<h5 class=\"wp-block-heading\">\u010co rob\u00ed umel\u00e1 inteligencia<\/h5>\n\n\n<p><strong>R\u00fdchlo pripravuje obsah.<\/strong><br \/>\nE-mailov\u00e1 k\u00f3pia. Varianty reklamy. Pr\u00edspevky na soci\u00e1lnych sie\u0165ach. Popisy produktov. Umel\u00e1 inteligencia nap\u00ed\u0161e prv\u00e9 n\u00e1vrhy za nieko\u013eko sek\u00fand. Vy ich upravujete a vylep\u0161ujete.<\/p>\n\n<p><strong>Vytv\u00e1ra vari\u00e1cie v rozsahu.<\/strong><br \/>\nPotrebujete 10 verzi\u00ed na A\/B testovanie? R\u00f4zne uhly pre r\u00f4zne segmenty? AI r\u00fdchlo vygeneruje mo\u017enosti.<\/p>\n\n<p><strong>Personalizuje spr\u00e1vy.<\/strong><br \/>\nR\u00f4zne k\u00f3pie pre r\u00f4zne odvetvia. R\u00f4zne bolestiv\u00e9 body pre r\u00f4zne \u00falohy. Umel\u00e1 inteligencia automaticky prisp\u00f4sobuje spr\u00e1vy segmentom.<\/p>\n\n<p><strong>Optimalizuje predmety a nadpisy.<\/strong><br \/>\nNa z\u00e1klade toho, \u010do fungovalo predt\u00fdm, navrhne umel\u00e1 inteligencia k\u00f3piu, ktor\u00e1 bude ma\u0165 v\u00e4\u010d\u0161iu pravdepodobnos\u0165 otvorenia a kliknutia.<\/p>\n\n<p><strong>Zachov\u00e1va hlas zna\u010dky.<\/strong><br \/>\nTr\u00e9nujte umel\u00fa inteligenciu na svoj \u0161t\u00fdl. Nau\u010d\u00ed sa v\u00e1\u0161 t\u00f3n a udr\u017e\u00ed obsah konzistentn\u00fd.<\/p>\n\n\n<h5 class=\"wp-block-heading\">\u010co to pre v\u00e1s znamen\u00e1<\/h5>\n\n\n<ul>\n<li><strong>Pre CMO:<\/strong> Viac v\u00fdstupn\u00e9ho obsahu bez v\u00e4\u010d\u0161ieho po\u010dtu zamestnancov. R\u00fdchlej\u0161ie kampane. Konzistentn\u00fd hlas zna\u010dky vo ve\u013ekom meradle.<\/li>\n<li><strong>Pre obchodn\u00edkov:<\/strong> Za\u010dnite s n\u00e1vrhmi namiesto pr\u00e1zdnych str\u00e1n. Venujte \u010das strat\u00e9gii, nie p\u00edsaniu 50. variantu e-mailu.<\/li>\n<li><strong>Pre podnik:<\/strong> Posolstv\u00e1, ktor\u00e9 rezonuj\u00fa. Vy\u0161\u0161ia anga\u017eovanos\u0165. Lep\u0161ia konverzia.<\/li>\n<\/ul>\n\n<p><em>D\u00f4le\u017eit\u00e9: Umel\u00e1 inteligencia pripravuje obsah, ale spr\u00e1va je st\u00e1le v ruk\u00e1ch \u013eud\u00ed. Pred odoslan\u00edm v\u0161etko skontrolujte.<\/em><\/p>\n\n<p><a href=\"https:\/\/www.leaplytics.de\/sk\/tvorba-obsahu-personalizacia-ai\/\">\u010eal\u0161ie inform\u00e1cie o AI pre tvorbu obsahu a personaliz\u00e1ciu \u2192<\/a><\/p>\n\n\n<hr class=\"wp-block-separator has-alpha-channel-opacity\"\/>\n\n\n\n<h4 class=\"wp-block-heading\">3. Poznatky o z\u00e1kazn\u00edkoch a segment\u00e1cia<\/h4>\n\n\n<p>M\u00e1te \u00fadaje o z\u00e1kazn\u00edkoch. Je ich ve\u013ea. Hist\u00f3ria n\u00e1kupov. Spr\u00e1vanie. Demografick\u00e9 \u00fadaje. Interakcie.<\/p>\n<p>Ale premeni\u0165 \u00fadaje na poznatky? To si vy\u017eaduje anal\u00fdzu. A inteligentn\u00e1 segment\u00e1cia? T\u00e1 si vy\u017eaduje e\u0161te viac.<\/p>\n\n\n<h5 class=\"wp-block-heading\">\u010co rob\u00ed umel\u00e1 inteligencia<\/h5>\n\n\n<p><strong>Analyzuje spr\u00e1vanie z\u00e1kazn\u00edkov.<\/strong><br \/>\n\u010co robia z\u00e1kazn\u00edci pred n\u00e1kupom? Predt\u00fdm, ako sa rozhodn\u00fa pre odchod? Umel\u00e1 inteligencia nach\u00e1dza vzory v \u00fadajoch o spr\u00e1van\u00ed.<\/p>\n\n<p><strong>Vytv\u00e1ra inteligentn\u00e9 segmenty.<\/strong><br \/>\nNielen demografick\u00e9 - aj behavior\u00e1lne segmenty. Z\u00e1kazn\u00edci s vysokou hodnotou. Rizikov\u00ed z\u00e1kazn\u00edci. Potenci\u00e1l pripraven\u00fd na k\u00fapu. UI zoskupuje \u013eud\u00ed pod\u013ea toho, \u010do skuto\u010dne robia.<\/p>\n\n<p><strong>Predpoved\u00e1 odliv z\u00e1kazn\u00edkov.<\/strong><br \/>\nKtor\u00ed z\u00e1kazn\u00edci pravdepodobne od\u00eddu? Umel\u00e1 inteligencia rozpozn\u00e1 varovn\u00e9 sign\u00e1ly, aby ste mohli kona\u0165 sk\u00f4r, ako od\u00eddu.<\/p>\n\n<p><strong>Vypo\u010d\u00edta hodnotu \u017eivotnosti.<\/strong><br \/>\nKtor\u00ed z\u00e1kazn\u00edci maj\u00fa v priebehu \u010dasu najv\u00e4\u010d\u0161iu hodnotu? Umel\u00e1 inteligencia vyhodnocuje hodnotu, aby ste vedeli, kam investova\u0165.<\/p>\n\n<p><strong>Identifikuje mo\u017enosti kr\u00ed\u017eov\u00e9ho predaja.<\/strong><br \/>\nNa z\u00e1klade n\u00e1kupn\u00fdch vzorcov umel\u00e1 inteligencia navrhuje, ktor\u00e9 produkty odpor\u00fa\u010da z\u00e1kazn\u00edkom.<\/p>\n\n\n<h5 class=\"wp-block-heading\">\u010co to pre v\u00e1s znamen\u00e1<\/h5>\n\n\n<ul>\n<li><strong>Pre CMO:<\/strong> V\u00fddavky na marketing id\u00fa spr\u00e1vnym \u013eu\u010fom. Lep\u0161ia n\u00e1vratnos\u0165 invest\u00edci\u00ed. Rozhodnutia zalo\u017een\u00e9 na \u00fadajoch namiesto odhadov.<\/li>\n<li><strong>Pre obchodn\u00edkov:<\/strong> Segmenty, ktor\u00e9 s\u00fa skuto\u010dne d\u00f4le\u017eit\u00e9. Kampane zameran\u00e9 na spr\u00e1vanie, nielen na demografick\u00e9 \u00fadaje.<\/li>\n<li><strong>Pre podnik:<\/strong> Udr\u017ete si viac z\u00e1kazn\u00edkov. Pred\u00e1vajte viac existuj\u00facim z\u00e1kazn\u00edkom. Pochopte, \u010do je hnac\u00edm motorom pr\u00edjmov.<\/li>\n<\/ul>\n\n<p><a href=\"https:\/\/www.leaplytics.de\/sk\/segmentacia-zakaznikov-ai\/\">\u010eal\u0161ie inform\u00e1cie o AI pre z\u00e1kazn\u00edcky preh\u013ead a segment\u00e1ciu \u2192<\/a><\/p>\n\n\n<hr class=\"wp-block-separator has-alpha-channel-opacity\"\/>\n\n\n\n<h4 class=\"wp-block-heading\">4. Predajn\u00e9 potrubie a progn\u00f3zy<\/h4>\n\n\n<p>Predpovedanie predaja je \u010diasto\u010dne vedou a \u010diasto\u010dne zbo\u017en\u00fdm \u017eelan\u00edm. Obchodn\u00ed z\u00e1stupcovia s\u00fa optimisti. Obchody sa pos\u00favaj\u00fa. Predpove\u010f sa men\u00ed ka\u017ed\u00fd t\u00fd\u017ede\u0148.<\/p>\n<p>Medzit\u00fdm mana\u017e\u00e9ri tr\u00e1via hodiny v CRM a sna\u017eia sa zisti\u0165, \u010do sa skuto\u010dne uzavrie.<\/p>\n\n\n<h5 class=\"wp-block-heading\">\u010co rob\u00ed umel\u00e1 inteligencia<\/h5>\n\n\n<p><strong>Sk\u00f3re pravdepodobnosti.<\/strong><br \/>\nNa z\u00e1klade charakterist\u00edk transakci\u00ed a historick\u00fdch vzorcov umel\u00e1 inteligencia predpoved\u00e1, ktor\u00e9 transakcie bud\u00fa skuto\u010dne uzavret\u00e9. Nie na z\u00e1klade pocitov\u00fdch \u00fadajov.<\/p>\n\n<p><strong>Identifikuje rizikov\u00e9 obchody.<\/strong><br \/>\n\u017diadna aktivita za dva t\u00fd\u017edne? Zainteresovan\u00e1 strana sa odml\u010dala? Umel\u00e1 inteligencia ozna\u010d\u00ed dohody, ktor\u00fdm je potrebn\u00e9 venova\u0165 pozornos\u0165 sk\u00f4r, ako zanikn\u00fa.<\/p>\n\n<p><strong>Zlep\u0161uje presnos\u0165 predpovede.<\/strong><br \/>\nUmel\u00e1 inteligencia sa pozer\u00e1 na \u00fadaje o potrubiach a historick\u00e9 miery uzavretia. Poskytuje v\u00e1m progn\u00f3zu na z\u00e1klade vzorcov, nie s\u013eubov.<\/p>\n\n<p><strong>Navrhuje \u010fal\u0161ie najlep\u0161ie opatrenia.<\/strong><br \/>\nKomu by mal z\u00e1stupca dnes zavola\u0165? Ktor\u00fd obchod je potrebn\u00e9 sledova\u0165? Umel\u00e1 inteligencia uprednost\u0148uje \u010dinnosti, ktor\u00e9 pos\u00favaj\u00fa obchody vpred.<\/p>\n\n<p><strong>Analyzuje vzorce v\u00fdhier\/prehier.<\/strong><br \/>\nPre\u010do sa obchody uzatv\u00e1raj\u00fa? Pre\u010do prehr\u00e1vaj\u00fa? Umel\u00e1 inteligencia n\u00e1jde vzorce va\u0161ich v\u00fdhier a prehier, aby ste mohli zopakova\u0165, \u010do funguje.<\/p>\n\n\n<h5 class=\"wp-block-heading\">\u010co to pre v\u00e1s znamen\u00e1<\/h5>\n\n\n<ul>\n<li><strong>Pre obchodn\u00fdch riadite\u013eov:<\/strong> Predpovede, ktor\u00fdm m\u00f4\u017eete d\u00f4verova\u0165. Vidite\u013enos\u0165 stavu potrubia. Kou\u010dovanie na z\u00e1klade \u00fadajov.<\/li>\n<li><strong>Pre obchodn\u00fdch z\u00e1stupcov:<\/strong> Vedie\u0165, na ktor\u00e9 obchody sa zamera\u0165. Jasn\u00e9 priority. Menej \u010dasu na aktualiz\u00e1ciu CRM, viac \u010dasu na predaj.<\/li>\n<li><strong>Pre podnik:<\/strong> Predv\u00eddate\u013en\u00e9 pr\u00edjmy. Lep\u0161ie pl\u00e1novanie. Menej prekvapen\u00ed na konci \u0161tvr\u0165roka.<\/li>\n<\/ul>\n\n<p><a href=\"https:\/\/www.leaplytics.de\/sk\/predpovedanie-predajneho-potrubia-ai\/\">\u010eal\u0161ie inform\u00e1cie o AI pre predajn\u00e9 potrubie a progn\u00f3zovanie \u2192<\/a><\/p>\n\n\n<hr class=\"wp-block-separator has-alpha-channel-opacity\"\/>\n\n\n\n<h4 class=\"wp-block-heading\">5. Spr\u00e1va a optimaliz\u00e1cia kampan\u00ed<\/h4>\n\n\n<p>Kampane prebiehaj\u00fa naprie\u010d kan\u00e1lmi. E-mail. Soci\u00e1lne siete. Platen\u00e9 reklamy. Obsah. Udalosti. Ka\u017ed\u00e1 z nich m\u00e1 svoje metriky. Ka\u017ed\u00e1 z nich potrebuje optimaliz\u00e1ciu.<\/p>\n<p>Zisti\u0165, \u010do funguje - a pre\u010do - si vy\u017eaduje \u010das, ktor\u00fd nikto nem\u00e1.<\/p>\n\n\n<h5 class=\"wp-block-heading\">\u010co rob\u00ed umel\u00e1 inteligencia<\/h5>\n\n\n<p><strong>Sleduje v\u00fdkonnos\u0165 v\u0161etk\u00fdch kan\u00e1lov.<\/strong><br \/>\nV\u0161etky va\u0161e kampane. V\u0161etky va\u0161e metriky. Jeden poh\u013ead. Umel\u00e1 inteligencia konsoliduje \u00fadaje tak, aby ste videli cel\u00fd obraz.<\/p>\n\n<p><strong>Identifikuje, \u010do funguje.<\/strong><br \/>\nKtor\u00e9 kampane zvy\u0161uj\u00fa pr\u00edjmy? Ktor\u00e9 kan\u00e1ly s\u00fa pre ktor\u00e9 segmenty naj\u00fa\u010dinnej\u0161ie? Umel\u00e1 inteligencia sp\u00e1ja marketingov\u00e9 aktivity s v\u00fdsledkami.<\/p>\n\n<p><strong>Optimalizuje pride\u013eovanie rozpo\u010dtu.<\/strong><br \/>\nViac m\u00ed\u0148ajte tam, kde to funguje. Menej tam, kde to nefunguje. AI navrhuje, ako presun\u00fa\u0165 rozpo\u010det pre lep\u0161iu n\u00e1vratnos\u0165 invest\u00edci\u00ed.<\/p>\n\n<p><strong>Predpoved\u00e1 v\u00fdkonnos\u0165 kampane.<\/strong><br \/>\nPred spusten\u00edm umel\u00e1 inteligencia odhadne v\u00fdsledky na z\u00e1klade podobn\u00fdch minul\u00fdch kampan\u00ed. Menej prekvapen\u00ed.<\/p>\n\n<p><strong>Automatizuje rutinn\u00e9 optimaliz\u00e1cie.<\/strong><br \/>\nPozastavte nev\u00fdkonn\u00e9 reklamy. Upravte ponuky. Presun\u00fa\u0165 rozpo\u010det. Umel\u00e1 inteligencia sa o taktick\u00e9 \u00fapravy postar\u00e1 automaticky.<\/p>\n\n\n<h5 class=\"wp-block-heading\">\u010co to pre v\u00e1s znamen\u00e1<\/h5>\n\n\n<ul>\n<li><strong>Pre CMO:<\/strong> Jasn\u00e1 n\u00e1vratnos\u0165 invest\u00edci\u00ed do marketingu. Rozhodnutia o rozpo\u010dte na z\u00e1klade \u00fadajov. Zd\u00f4vodnite invest\u00edcie \u010d\u00edslami.<\/li>\n<li><strong>Pre obchodn\u00edkov:<\/strong> Presta\u0148te h\u00e1da\u0165, \u010do funguje. Optimalizujte r\u00fdchlej\u0161ie. Venujte \u010das strat\u00e9gii, nie tabu\u013ek\u00e1m.<\/li>\n<li><strong>Pre podnik:<\/strong> Viac pr\u00edjmov na jeden marketingov\u00fd dol\u00e1r. Efekt\u00edvny rast. Kampane, ktor\u00e9 skuto\u010dne funguj\u00fa.<\/li>\n<\/ul>\n\n<p><em>D\u00f4le\u017eit\u00e9: umel\u00e1 inteligencia optimalizuje na z\u00e1klade \u00fadajov, ale marketingov\u00fd \u00fasudok je st\u00e1le d\u00f4le\u017eit\u00fd. Umel\u00e1 inteligencia nepozn\u00e1 strat\u00e9giu va\u0161ej zna\u010dky - pozn\u00e1te ju vy.<\/em><\/p>\n\n<p><a href=\"https:\/\/www.leaplytics.de\/sk\/optimalizacia-riadenia-kampani-ai\/\">\u010eal\u0161ie inform\u00e1cie o AI pre spr\u00e1vu a optimaliz\u00e1ciu kampan\u00ed \u2192<\/a><\/p>\n\n\n<hr class=\"wp-block-separator has-alpha-channel-opacity\"\/>\n\n\n\n<h3 class=\"wp-block-heading\">\u010co AI neurob\u00ed<\/h3>\n\n\n<p>Ujasnime si limity.<\/p>\n<p>Umel\u00e1 inteligencia nenahr\u00e1dza odborn\u00edkov na marketing a predaj. Nevytv\u00e1ra vz\u0165ahy. Nevyjedn\u00e1va zlo\u017eit\u00e9 obchody. Nevytv\u00e1ra strat\u00e9giu va\u0161ej zna\u010dky ani sa nestar\u00e1 o rozru\u0161en\u00fdch z\u00e1kazn\u00edkov, ktor\u00ed potrebuj\u00fa \u013eudsk\u00fd pr\u00edstup.<\/p>\n<p>Zvl\u00e1dne rutinu. Bodovanie. Vypracovanie n\u00e1vrhu. Anal\u00fdzu. Optimaliz\u00e1ciu.<\/p>\n<p>V\u00e1\u0161 t\u00edm st\u00e1le prem\u00fd\u0161\u013ea. Len to urob\u00ed r\u00fdchlej\u0161ie, preto\u017ee \u00fadaje s\u00fa pripraven\u00e9 a z\u00e1kladn\u00e1 pr\u00e1ca je hotov\u00e1.<\/p>\n\n\n<hr class=\"wp-block-separator has-alpha-channel-opacity\"\/>\n\n\n\n<h3 class=\"wp-block-heading\">Spodn\u00e1 hranica<\/h3>\n\n\n<p>Marketingov\u00e9 a obchodn\u00e9 t\u00edmy, ktor\u00e9 dobre vyu\u017e\u00edvaj\u00fa AI, nepracuj\u00fa menej. Pracuj\u00fa inak.<\/p>\n<p>Namiesto toho, aby h\u00e1dali, ktor\u00e9 stopy zavolaj\u00fa, pracuj\u00fa na t\u00fdch najlep\u0161\u00edch. Namiesto toho, aby p\u00edsali ka\u017ed\u00fd e-mail od za\u010diatku, vylep\u0161uj\u00fa n\u00e1vrhy. Namiesto toho, aby rozm\u00fd\u0161\u013eali, \u010do funguje, vidia to v \u00fadajoch.<\/p>\n<p>V\u00fdsledok:<\/p>\n<ul>\n<li>Vy\u0161\u0161ia miera konverzie<\/li>\n<li>Krat\u0161ie predajn\u00e9 cykly<\/li>\n<li>Lep\u0161ia n\u00e1vratnos\u0165 invest\u00edci\u00ed do marketingu<\/li>\n<li>Odborn\u00edci na predaj a marketing, ktor\u00ed vykon\u00e1vaj\u00fa pr\u00e1cu, ktor\u00e1 skuto\u010dne potrebuje ich odborn\u00e9 znalosti.<\/li>\n<li>Rast pr\u00edjmov bez proporcion\u00e1lneho rastu po\u010dtu zamestnancov<\/li>\n<\/ul>\n<p>Nejde o v\u00fdmenu v\u00e1\u0161ho t\u00edmu. Ide o to, aby bol efekt\u00edvnej\u0161\u00ed.<\/p>\n\n\n<hr class=\"wp-block-separator has-alpha-channel-opacity\"\/>\n\n\n\n<h3 class=\"wp-block-heading\">Ste pripraven\u00ed zisti\u0165, \u010do je mo\u017en\u00e9?<\/h3>\n\n\n<p>Ka\u017ed\u00fd marketingov\u00fd a predajn\u00fd t\u00edm je in\u00fd. V\u00e1\u0161 lievik nie je ako lievik v\u0161etk\u00fdch ostatn\u00fdch. Va\u0161i z\u00e1kazn\u00edci maj\u00fa svoje vlastn\u00e9 vzorce. Va\u0161e priority z\u00e1visia od v\u00e1\u0161ho podnikania.<\/p>\n<p>Nepred\u00e1vame univerz\u00e1lne rie\u0161enia. Venujeme sa va\u0161im \u0161pecifick\u00fdm probl\u00e9mom. Identifikujeme, kde m\u00f4\u017ee umel\u00e1 inteligencia skuto\u010dne pom\u00f4c\u0165. Vytv\u00e1rame syst\u00e9my, ktor\u00e9 vyhovuj\u00fa va\u0161im procesom.<\/p>\n<p>\u017diadny humbuk. \u017diadne s\u013euby, ktor\u00e9 nem\u00f4\u017eeme splni\u0165. Len praktick\u00e1 AI, ktor\u00e1 v\u00e1m pom\u00f4\u017ee r\u00e1s\u0165.<\/p>\n\n<p><a href=\"https:\/\/www.leaplytics.de\/sk\/kontakt\/\">Po\u010fme si pohovori\u0165 o va\u0161om marketingu a predaji<\/a><\/p>\n\n<p><a href=\"https:\/\/www.leaplytics.de\/sk\/umela-inteligencia\/\">Pozrite si v\u0161etky slu\u017eby AI<\/a><\/p>","protected":false},"excerpt":{"rendered":"<p>Your Marketing &#038; Sales Team Has Too Much Work. AI Can Help. Marketing and sales work is people work. Leads. Prospects. Customers. Campaigns. Messages. A constant push to find, convince, and keep buyers. Most of it follows patterns. Score the lead. Write the email. Segment the list. Update the CRM. Follow up again. AI is &hellip; <\/p>","protected":false},"author":2,"featured_media":0,"parent":0,"menu_order":0,"comment_status":"closed","ping_status":"closed","template":"","meta":{"footnotes":""},"class_list":["post-14402","page","type-page","status-publish","hentry","latest_post"],"_links":{"self":[{"href":"https:\/\/www.leaplytics.de\/sk\/wp-json\/wp\/v2\/pages\/14402","targetHints":{"allow":["GET"]}}],"collection":[{"href":"https:\/\/www.leaplytics.de\/sk\/wp-json\/wp\/v2\/pages"}],"about":[{"href":"https:\/\/www.leaplytics.de\/sk\/wp-json\/wp\/v2\/types\/page"}],"author":[{"embeddable":true,"href":"https:\/\/www.leaplytics.de\/sk\/wp-json\/wp\/v2\/users\/2"}],"replies":[{"embeddable":true,"href":"https:\/\/www.leaplytics.de\/sk\/wp-json\/wp\/v2\/comments?post=14402"}],"version-history":[{"count":3,"href":"https:\/\/www.leaplytics.de\/sk\/wp-json\/wp\/v2\/pages\/14402\/revisions"}],"predecessor-version":[{"id":14492,"href":"https:\/\/www.leaplytics.de\/sk\/wp-json\/wp\/v2\/pages\/14402\/revisions\/14492"}],"wp:attachment":[{"href":"https:\/\/www.leaplytics.de\/sk\/wp-json\/wp\/v2\/media?parent=14402"}],"curies":[{"name":"wp","href":"https:\/\/api.w.org\/{rel}","templated":true}]}}