{"id":14411,"date":"2025-12-18T23:54:38","date_gmt":"2025-12-18T22:54:38","guid":{"rendered":"https:\/\/www.leaplytics.de\/?page_id=14411"},"modified":"2025-12-19T02:12:42","modified_gmt":"2025-12-19T01:12:42","slug":"obstaravanie-ai","status":"publish","type":"page","link":"https:\/\/www.leaplytics.de\/sk\/obstaravanie-ai\/","title":{"rendered":"Sourcing \/ obstar\u00e1vanie AI"},"content":{"rendered":"<h2>V\u00e1\u0161 t\u00edm obstar\u00e1vania m\u00e1 pr\u00edli\u0161 ve\u013ea pr\u00e1ce. AI m\u00f4\u017ee pom\u00f4c\u0165.<\/h2>\n\n<p>Pr\u00e1ca v oblasti obstar\u00e1vania je pr\u00e1ca sourcingu. Dod\u00e1vatelia. Zmluvy. Objedn\u00e1vky. Schva\u013eovanie. Sledovanie v\u00fddavkov. Neust\u00e1ly cyklus h\u013eadania, n\u00e1kupu a riadenia.<\/p>\n<p>V\u00e4\u010d\u0161ina z nich sa riadi vzormi. N\u00e1jdite dod\u00e1vate\u013ea. Z\u00edskajte cenov\u00e9 ponuky. Spracujte objedn\u00e1vku. Skontrolujte fakt\u00faru. Obnovenie zmluvy. Opakujte.<\/p>\n<p>Umel\u00e1 inteligencia je na to stvoren\u00e1. Analyzuje dod\u00e1vate\u013eov r\u00fdchlej\u0161ie ako \u010dlovek. Nikdy nezme\u0161k\u00e1 obnovenie zmluvy. V\u0161imne si mo\u017enosti \u00faspor v \u00fadajoch, ktor\u00e9 nikto nem\u00e1 \u010das presk\u00fama\u0165.<\/p>\n<p>Nenahr\u00e1dza to v\u00e1\u0161 t\u00edm pre verejn\u00e9 obstar\u00e1vanie. V\u010faka nemu je r\u00fdchlej\u0161\u00ed. Zvl\u00e1dne rutinu, tak\u017ee sa va\u0161i \u013eudia m\u00f4\u017eu s\u00fastredi\u0165 na strategick\u00e9 obstar\u00e1vanie a vz\u0165ahy.<\/p>\n\n\n<hr class=\"wp-block-separator has-alpha-channel-opacity\"\/>\n\n\n\n<h3 class=\"wp-block-heading\">Realita pr\u00e1ce vo verejnom obstar\u00e1van\u00ed v s\u00fa\u010dasnosti<\/h3>\n\n\n<p>T\u00edmy verejn\u00e9ho obstar\u00e1vania s\u00fa vy\u0165a\u017een\u00e9. Viac dod\u00e1vate\u013eov. Viac po\u017eiadaviek na dodr\u017eiavanie predpisov. V\u00e4\u010d\u0161\u00ed tlak na zni\u017eovanie n\u00e1kladov. Menej \u010dasu na strategick\u00fa pr\u00e1cu.<\/p>\n<p>Kupuj\u00faci tr\u00e1via hodiny transak\u010dnou pr\u00e1cou namiesto vyjedn\u00e1vania o lep\u0161\u00edch ponuk\u00e1ch. Obnovenie zml\u00fav sa pl\u00ed\u017ei. \u00dadaje o v\u00fddavkoch le\u017eia v syst\u00e9moch, ale nikto ich neanalyzuje. Maverick spending happens because the process is too slow.<\/p>\n<p>Pr\u00edle\u017eitosti na \u00fasporu sa prem\u00e1rnia. Dod\u00e1vate\u013esk\u00e9 rizik\u00e1 zost\u00e1vaj\u00fa nepov\u0161imnut\u00e9. V\u0161etci s\u00fa zanepr\u00e1zdnen\u00ed spracovan\u00edm, nie optimaliz\u00e1ciou.<\/p>\n<p>Nie preto, \u017ee by \u013eudia neboli dobr\u00ed vo svojej pr\u00e1ci. Preto\u017ee je jednoducho pr\u00edli\u0161 ve\u013ea transak\u010dnej pr\u00e1ce a m\u00e1lo \u010dasu na strat\u00e9giu.<\/p>\n\n\n<hr class=\"wp-block-separator has-alpha-channel-opacity\"\/>\n\n\n\n<h3 class=\"wp-block-heading\">Kde AI prin\u00e1\u0161a skuto\u010dn\u00fd rozdiel<\/h3>\n\n\n<p>Umel\u00e1 inteligencia funguje najlep\u0161ie tam, kde s\u00fa k dispoz\u00edcii \u00fadaje a vzory. Verejn\u00e9 obstar\u00e1vanie m\u00e1 oboje.<\/p>\n<p>Tu je p\u00e4\u0165 oblast\u00ed, v ktor\u00fdch umel\u00e1 inteligencia prin\u00e1\u0161a skuto\u010dn\u00e9 v\u00fdsledky - nie humbuk, ale skuto\u010dn\u00e9 \u00faspory a n\u00e1vrat \u010dasu.<\/p>\n\n\n<hr class=\"wp-block-separator has-alpha-channel-opacity\"\/>\n\n\n\n<h4 class=\"wp-block-heading\">1. Zis\u0165ovanie a hodnotenie dod\u00e1vate\u013eov<\/h4>\n\n\n<p>N\u00e1jdenie dobr\u00fdch dod\u00e1vate\u013eov si vy\u017eaduje \u010das. Presk\u00famanie mo\u017enost\u00ed. Overenie kvalifik\u00e1cie. Pos\u00fadenie riz\u00edk. Z\u00edskanie cenov\u00fdch pon\u00fak.<\/p>\n<p>A zosta\u0165 pri t\u00fdch ist\u00fdch dod\u00e1vate\u013eoch, preto\u017ee \"sme ich v\u017edy pou\u017e\u00edvali\"? To je ponech\u00e1vanie pe\u0148az\u00ed na stole.<\/p>\n\n\n<h5 class=\"wp-block-heading\">\u010co rob\u00ed umel\u00e1 inteligencia<\/h5>\n\n\n<p><strong>identifikuje potenci\u00e1lnych dod\u00e1vate\u013eov.<\/strong><br \/>\nNa z\u00e1klade va\u0161ich po\u017eiadaviek umel\u00e1 inteligencia vyh\u013ead\u00e1 a navrhne dod\u00e1vate\u013eov, ktor\u00fdch by ste mo\u017eno nena\u0161li. Nov\u00e9 mo\u017enosti pre lep\u0161ie ponuky.<\/p>\n\n<p><strong>Posudzuje riziko dod\u00e1vate\u013ea.<\/strong><br \/>\nFinan\u010dn\u00e1 stabilita. Hist\u00f3ria dodr\u017eiavania predpisov. Novinky a reput\u00e1cia. Umel\u00e1 inteligencia zhroma\u017e\u010fuje inform\u00e1cie a ozna\u010duje potenci\u00e1lne rizik\u00e1.<\/p>\n\n<p><strong>Sk\u00f3re kvalifik\u00e1cie dod\u00e1vate\u013ea.<\/strong><br \/>\nCertifik\u00e1ty. Schopnosti. Z\u00e1znamy o dosiahnut\u00fdch v\u00fdsledkoch. AI automaticky vyhodnocuje dod\u00e1vate\u013eov na z\u00e1klade va\u0161ich krit\u00e9ri\u00ed.<\/p>\n\n<p><strong>Inteligentne porovn\u00e1va ponuky.<\/strong><br \/>\nNielen cena - celkov\u00e9 n\u00e1klady. Podmienky. Ukazovatele kvality. Umel\u00e1 inteligencia v\u00e1m pom\u00e1ha porovn\u00e1va\u0165 jablk\u00e1 s jablkami.<\/p>\n\n<p><strong>monitoruje inform\u00e1cie o trhu.<\/strong><br \/>\nCenov\u00e9 trendy. Podmienky ponuky. Zmeny v odvetv\u00ed. Umel\u00e1 inteligencia sleduje trhov\u00e9 faktory, ktor\u00e9 ovplyv\u0148uj\u00fa va\u0161e rozhodnutia o z\u00e1sobovan\u00ed.<\/p>\n\n\n<h5 class=\"wp-block-heading\">\u010co to pre v\u00e1s znamen\u00e1<\/h5>\n\n\n<ul>\n<li><strong>Pre CPO:<\/strong> Lep\u0161\u00ed v\u00fdber dod\u00e1vate\u013eov. Ni\u017e\u0161ie riziko. Konkurencieschopnej\u0161ie ceny. Strategick\u00e9 obstar\u00e1vanie namiesto reakt\u00edvneho n\u00e1kupu.<\/li>\n<li><strong>Pre mana\u017e\u00e9rov verejn\u00e9ho obstar\u00e1vania:<\/strong> R\u00fdchlej\u0161ie hodnotenie dod\u00e1vate\u013eov. D\u00f4vera vo v\u00fdber dod\u00e1vate\u013ea. \u010cas na vyjedn\u00e1vanie namiesto prieskumu.<\/li>\n<li><strong>Pre podnik:<\/strong> Lep\u0161\u00ed dod\u00e1vatelia. Lep\u0161ie ceny. Menej v\u00fdpadkov dod\u00e1vok.<\/li>\n<\/ul>\n\n<p><a href=\"https:\/\/www.leaplytics.de\/sk\/hodnotenie-dodavatelov-ai\/\">\u010eal\u0161ie inform\u00e1cie o AI pre vyh\u013ead\u00e1vanie a hodnotenie dod\u00e1vate\u013eov \u2192<\/a><\/p>\n\n\n<hr class=\"wp-block-separator has-alpha-channel-opacity\"\/>\n\n\n\n<h4 class=\"wp-block-heading\">2. Po\u017eiadavky na n\u00e1kup a objedn\u00e1vanie<\/h4>\n\n\n<p>Objedn\u00e1vky neust\u00e1le pr\u00fadia. Po\u017eiadavky z ka\u017ed\u00e9ho oddelenia. Schva\u013eovanie, ktor\u00e9 treba sledova\u0165. Z\u00e1kazky, ktor\u00e9 treba vytvori\u0165. Potvrdenia, ktor\u00e9 treba sledova\u0165.<\/p>\n<p>Ak je proces pomal\u00fd, \u013eudia ho obch\u00e1dzaj\u00fa. St\u00e1va sa, \u017ee sa m\u00ed\u0148aj\u00fa peniaze. Trp\u00ed dodr\u017eiavanie predpisov.<\/p>\n\n\n<h5 class=\"wp-block-heading\">\u010co rob\u00ed umel\u00e1 inteligencia<\/h5>\n\n\n<p><strong>Automaticky spracov\u00e1va po\u017eiadavky.<\/strong><br \/>\n\u0160tandardn\u00e1 po\u017eiadavka? AI over\u00ed, za\u0161le na schv\u00e1lenie a vytvor\u00ed PO. Pri be\u017en\u00fdch objedn\u00e1vkach sa nevykon\u00e1va \u017eiadna manu\u00e1lna manipul\u00e1cia.<\/p>\n\n<p><strong>Inteligentn\u00e9 smerovanie schva\u013eovania.<\/strong><br \/>\nNa z\u00e1klade sumy, kateg\u00f3rie a z\u00e1sad posiela AI \u017eiadosti spr\u00e1vnym schva\u013eovate\u013eom. \u017diadne nejasnosti v tom, kto \u010do schva\u013euje.<\/p>\n\n<p><strong>Navrhuje preferovan\u00fdch dod\u00e1vate\u013eov.<\/strong><br \/>\nPri be\u017en\u00fdch n\u00e1kupoch odpor\u00fa\u010da AI zmluvn\u00fdch dod\u00e1vate\u013eov s najlep\u0161\u00edmi podmienkami. Integrovan\u00e1 funkcia dodr\u017eiavania predpisov.<\/p>\n\n<p><strong>Overuje sa na z\u00e1klade zml\u00fav.<\/strong><br \/>\nJe t\u00e1to cena spr\u00e1vna? Pou\u017e\u00edvame dohodnut\u00e9 podmienky? UI kontroluje objedn\u00e1vky pod\u013ea zmluvn\u00fdch podmienok.<\/p>\n\n<p><strong>Sleduje stav objedn\u00e1vky.<\/strong><br \/>\nKde je moja objedn\u00e1vka? Kedy pr\u00edde? Umel\u00e1 inteligencia sleduje stav a akt\u00edvne upozor\u0148uje na oneskorenie.<\/p>\n\n\n<h5 class=\"wp-block-heading\">\u010co to pre v\u00e1s znamen\u00e1<\/h5>\n\n\n<ul>\n<li><strong>Pre CPO:<\/strong> Vy\u0161\u0161ia miera dodr\u017eiavania zml\u00fav. Menej svojvo\u013en\u00fdch v\u00fddavkov. R\u00fdchlej\u0161ie cykly obstar\u00e1vania.<\/li>\n<li><strong>Pre kupuj\u00facich:<\/strong> Presta\u0148te spracov\u00e1va\u0165 be\u017en\u00e9 objedn\u00e1vky manu\u00e1lne. Zamerajte sa na zlo\u017eit\u00e9 n\u00e1kupy, ktor\u00e9 si vy\u017eaduj\u00fa odborn\u00e9 znalosti.<\/li>\n<li><strong>Pre \u017eiadate\u013eov:<\/strong> R\u00fdchlej\u0161ie objedn\u00e1vky. Jasn\u00fd stav. Jednoduch\u00fd proces, ktor\u00fd \u013eudia skuto\u010dne dodr\u017eiavaj\u00fa.<\/li>\n<\/ul>\n\n<p><a href=\"https:\/\/www.leaplytics.de\/sk\/objednavanie-nakupnych-poziadaviek-ai\/\">\u010eal\u0161ie inform\u00e1cie o AI pre n\u00e1kupn\u00e9 po\u017eiadavky a objedn\u00e1vanie \u2192<\/a><\/p>\n\n\n<hr class=\"wp-block-separator has-alpha-channel-opacity\"\/>\n\n\n\n<h4 class=\"wp-block-heading\">3. Riadenie zml\u00fav<\/h4>\n\n\n<p>Zmluvy sa hromadia. Zmluvy s dod\u00e1vate\u013emi. Zmluvy o poskytovan\u00ed slu\u017eieb. Licen\u010dn\u00e9 zmluvy. Ka\u017ed\u00e1 s in\u00fdmi podmienkami, d\u00e1tumami a z\u00e1v\u00e4zkami.<\/p>\n<p>Obnovenie sa zme\u0161k\u00e1. Na podmienky sa zab\u00fada. Nikto nevie, na \u010dom sme sa vlastne dohodli.<\/p>\n\n\n<h5 class=\"wp-block-heading\">\u010co rob\u00ed umel\u00e1 inteligencia<\/h5>\n\n\n<p><strong>Automaticky extrahuje k\u013e\u00fa\u010dov\u00e9 v\u00fdrazy.<\/strong><br \/>\nCeny. Zv\u00e4zky. Dolo\u017eky o ukon\u010den\u00ed zmluvy. D\u00e1tumy obnovenia. Umel\u00e1 inteligencia \u010d\u00edta zmluvy a vyber\u00e1 to, \u010do je d\u00f4le\u017eit\u00e9.<\/p>\n\n<p><strong>Sleduje d\u00e1tumy obnovenia.<\/strong><br \/>\nBl\u00ed\u017ei sa automatick\u00e9 obnovenie? Uzatv\u00e1ra sa okno na ukon\u010denie zmluvy? AI v\u00e1s upozorn\u00ed pred uplynut\u00edm term\u00ednov.<\/p>\n\n<p><strong>Porovn\u00e1va zmluvn\u00e9 podmienky.<\/strong><br \/>\nAko sa t\u00e1to zmluva porovn\u00e1va s ostatn\u00fdmi? S trhov\u00fdmi \u0161tandardmi? UI upozor\u0148uje na odch\u00fdlky.<\/p>\n\n<p><strong>monitoruje dodr\u017eiavanie podmienok.<\/strong><br \/>\nPln\u00edme objemov\u00e9 z\u00e1v\u00e4zky? Dodr\u017eiava dod\u00e1vate\u013e SLA? AI sleduje plnenie zmluvy.<\/p>\n\n<p><strong>Navrhuje body na rokovanie.<\/strong><br \/>\nNa z\u00e1klade anal\u00fdzy zmluvy a \u00fadajov o trhu identifikuje umel\u00e1 inteligencia podmienky, ktor\u00e9 je potrebn\u00e9 po\u010das predl\u017eovania presadi\u0165.<\/p>\n\n\n<h5 class=\"wp-block-heading\">\u010co to pre v\u00e1s znamen\u00e1<\/h5>\n\n\n<ul>\n<li><strong>Pre CPO:<\/strong> \u017diadne zme\u0161kan\u00e9 obnovenie. Lep\u0161ia vyjedn\u00e1vacia poz\u00edcia. Preh\u013ead o zmluvn\u00fdch z\u00e1v\u00e4zkoch.<\/li>\n<li><strong>Pre mana\u017e\u00e9rov verejn\u00e9ho obstar\u00e1vania:<\/strong> Zistite, \u010do obsahuj\u00fa va\u0161e zmluvy bez toho, aby ste museli \u010d\u00edta\u0165 ka\u017ed\u00fa stranu. Pripravte sa na obnovenie zml\u00fav pomocou \u00fadajov.<\/li>\n<li><strong>Pre podnik:<\/strong> Lep\u0161ie zmluvn\u00e9 podmienky. Zodpovednos\u0165 dod\u00e1vate\u013eov. Peniaze nezost\u00e1vaj\u00fa na stole.<\/li>\n<\/ul>\n\n<p><a href=\"https:\/\/www.leaplytics.de\/sk\/riadenie-zmluv-ai\/\">\u010eal\u0161ie inform\u00e1cie o AI pre spr\u00e1vu zml\u00fav \u2192<\/a><\/p>\n\n\n<hr class=\"wp-block-separator has-alpha-channel-opacity\"\/>\n\n\n\n<h4 class=\"wp-block-heading\">4. Anal\u00fdza a optimaliz\u00e1cia v\u00fddavkov<\/h4>\n\n\n<p>V\u0161ade m\u00ed\u0148ate peniaze. Ale kde presne? U ktor\u00fdch dod\u00e1vate\u013eov? Za ak\u00fdch podmienok? Za ak\u00e9 ceny v porovnan\u00ed s trhom?<\/p>\n<p>Bez vidite\u013enosti nem\u00f4\u017eete optimalizova\u0165. A manu\u00e1lna anal\u00fdza v\u00fddavkov? Na to nem\u00e1 nikto \u010das.<\/p>\n\n\n<h5 class=\"wp-block-heading\">\u010co rob\u00ed umel\u00e1 inteligencia<\/h5>\n\n\n<p><strong>Automaticky kategorizuje v\u00fddavky.<\/strong><br \/>\nKa\u017ed\u00e1 transakcia je klasifikovan\u00e1. Pod\u013ea kateg\u00f3ri\u00ed. Pod\u013ea dod\u00e1vate\u013ea. Pod\u013ea oddelenia. \u010cist\u00e9 \u00fadaje bez manu\u00e1lneho ozna\u010dovania.<\/p>\n\n<p><strong>Identifikuje mo\u017enosti \u00faspor.<\/strong><br \/>\nRozdiely v cene tej istej polo\u017eky. Dod\u00e1vatelia si \u00fa\u010dtuj\u00fa viac ako ostatn\u00ed. Mo\u017enosti konsolid\u00e1cie objemu. Umel\u00e1 inteligencia n\u00e1jde peniaze.<\/p>\n\n<p><strong>Zis\u0165uje maverick v\u00fddavky.<\/strong><br \/>\nN\u00e1kupy mimo zml\u00fav. Nepreferovan\u00ed dod\u00e1vatelia. Poru\u0161enia pravidiel. UI odhal\u00ed v\u00fddavky, ktor\u00e9 nie s\u00fa v s\u00falade s predpismi.<\/p>\n\n<p><strong>Porovnanie s trhom.<\/strong><br \/>\nPlat\u00edme pr\u00edli\u0161 ve\u013ea? Ako s\u00fa na tom na\u0161e ceny? AI poskytuje kontext pre va\u0161e v\u00fddavky.<\/p>\n\n<p><strong>Predpovede bud\u00facich v\u00fddavkov.<\/strong><br \/>\nNa z\u00e1klade vzorov a z\u00e1v\u00e4zkov umel\u00e1 inteligencia odhaduje, ko\u013eko miniete. Lep\u0161ie zostavovanie rozpo\u010dtu.<\/p>\n\n\n<h5 class=\"wp-block-heading\">\u010co to pre v\u00e1s znamen\u00e1<\/h5>\n\n\n<ul>\n<li><strong>Pre CPO:<\/strong> Jasn\u00fd preh\u013ead o v\u00fddavkoch. Kvantifikovan\u00e9 mo\u017enosti \u00faspor. \u00dadaje na vedenie rokovan\u00ed.<\/li>\n<li><strong>Pre mana\u017e\u00e9rov verejn\u00e9ho obstar\u00e1vania:<\/strong> Vedie\u0165, kam id\u00fa peniaze, bez toho, aby ste museli pod\u00e1va\u0165 spr\u00e1vy o stavbe. Zamerajte sa na kateg\u00f3rie s vysok\u00fdm vplyvom.<\/li>\n<li><strong>V oblasti financi\u00ed:<\/strong> Lep\u0161ia presnos\u0165 rozpo\u010dtu. Opr\u00e1vnen\u00e9 invest\u00edcie do obstar\u00e1vania. Zdokumentovan\u00e9 \u00faspory.<\/li>\n<\/ul>\n\n<p><a href=\"https:\/\/www.leaplytics.de\/sk\/analyza-vydavkov-optimalizacia-ai\/\">\u010eal\u0161ie inform\u00e1cie o AI pre anal\u00fdzu a optimaliz\u00e1ciu v\u00fddavkov \u2192<\/a><\/p>\n\n\n<hr class=\"wp-block-separator has-alpha-channel-opacity\"\/>\n\n\n\n<h4 class=\"wp-block-heading\">5. V\u00fdkonnos\u0165 dod\u00e1vate\u013ea a riadenie riz\u00edk<\/h4>\n\n\n<p>Ste z\u00e1visl\u00ed od dod\u00e1vate\u013eov. Ke\u010f zlyhaj\u00fa oni, zlyh\u00e1te aj vy. Oneskoren\u00e9 dod\u00e1vky. Probl\u00e9my s kvalitou. Finan\u010dn\u00e9 probl\u00e9my. Poru\u0161ovanie predpisov.<\/p>\n<p>Manu\u00e1lne monitorovanie ka\u017ed\u00e9ho dod\u00e1vate\u013ea? Nemo\u017en\u00e9. Ale ignorova\u0165 rizik\u00e1? Nebezpe\u010dn\u00e9.<\/p>\n\n\n<h5 class=\"wp-block-heading\">\u010co rob\u00ed umel\u00e1 inteligencia<\/h5>\n\n\n<p><strong>monitoruje v\u00fdkonnos\u0165 dod\u00e1vate\u013eov.<\/strong><br \/>\nDodanie na\u010das. Metriky kvality. Reakcia. UI nepretr\u017eite sleduje \u00fadaje o v\u00fdkonnosti.<\/p>\n\n<p><strong>Hodnot\u00ed vz\u0165ahy s dod\u00e1vate\u013emi.<\/strong><br \/>\nNa z\u00e1klade v\u00fdkonnosti, rizika a hodnoty AI hodnot\u00ed dod\u00e1vate\u013eov. Zistite, kto pln\u00ed a kto nie.<\/p>\n\n<p><strong>Zis\u0165uje rizikov\u00e9 sign\u00e1ly.<\/strong><br \/>\nFinan\u010dn\u00e9 probl\u00e9my? Negat\u00edvne spr\u00e1vy? Probl\u00e9my s dodr\u017eiavan\u00edm predpisov? AI monitoruje extern\u00e9 sign\u00e1ly a v\u010das v\u00e1s upozorn\u00ed.<\/p>\n\n<p><strong>Predpoved\u00e1 preru\u0161enie dod\u00e1vok.<\/strong><br \/>\nNa z\u00e1klade vzorov a vonkaj\u0161\u00edch faktorov ozna\u010d\u00ed umel\u00e1 inteligencia dod\u00e1vate\u013eov, ktor\u00ed maj\u00fa pravdepodobne probl\u00e9my.<\/p>\n\n<p><strong>Sleduje stav s\u00faladu.<\/strong><br \/>\nCertifik\u00e1ty s\u00fa aktu\u00e1lne? Platn\u00e9 poistenie? S\u00fa v s\u00fabore po\u017eadovan\u00e9 dokumenty? AI monitoruje a upozor\u0148uje na vypr\u0161anie platnosti.<\/p>\n\n\n<h5 class=\"wp-block-heading\">\u010co to pre v\u00e1s znamen\u00e1<\/h5>\n\n\n<ul>\n<li><strong>Pre CPO:<\/strong> Proakt\u00edvne riadenie riz\u00edk. Zodpovednos\u0165 dod\u00e1vate\u013ea na z\u00e1klade \u00fadajov. Chr\u00e1nen\u00fd dod\u00e1vate\u013esk\u00fd re\u0165azec.<\/li>\n<li><strong>Pre mana\u017e\u00e9rov verejn\u00e9ho obstar\u00e1vania:<\/strong> Zistite, ktor\u00fdch dod\u00e1vate\u013eov treba sledova\u0165. D\u00f4kazy pre n\u00e1ro\u010dn\u00e9 rozhovory s dod\u00e1vate\u013emi.<\/li>\n<li><strong>Pre podnik:<\/strong> Menej preru\u0161en\u00ed dod\u00e1vok. Lep\u0161ia kvalita dod\u00e1vate\u013eov. Zn\u00ed\u017eenie vystavenia riziku.<\/li>\n<\/ul>\n\n<p><em>D\u00f4le\u017eit\u00e9: Umel\u00e1 inteligencia poskytuje preh\u013ead a anal\u00fdzu, ale riadenie vz\u0165ahov s dod\u00e1vate\u013emi st\u00e1le vy\u017eaduje \u013eudsk\u00fd \u00fasudok. Strategick\u00e9 rozhodnutia o partnerstv\u00e1ch zost\u00e1vaj\u00fa na va\u0161om t\u00edme.<\/em><\/p>\n\n<p><a href=\"https:\/\/www.leaplytics.de\/sk\/riadenie-rizik-suvisiacich-s-vykonom-dodavatela-ai\/\">\u010eal\u0161ie inform\u00e1cie o AI pre riadenie v\u00fdkonnosti a riz\u00edk dod\u00e1vate\u013eov \u2192<\/a><\/p>\n\n\n<hr class=\"wp-block-separator has-alpha-channel-opacity\"\/>\n\n\n\n<h3 class=\"wp-block-heading\">\u010co AI neurob\u00ed<\/h3>\n\n\n<p>Ujasnime si limity.<\/p>\n<p>AI nenahr\u00e1dza odborn\u00edkov na verejn\u00e9 obstar\u00e1vanie. Nevyjedn\u00e1va zlo\u017eit\u00e9 obchody. Nespravuje strategick\u00e9 vz\u0165ahy s dod\u00e1vate\u013emi. Nerob\u00ed \u00fasudky o kompromisoch medzi cenou, kvalitou a rizikom.<\/p>\n<p>Zvl\u00e1dne rutinu. V\u00fdskum. Anal\u00fdzu. Monitorovanie. Spracovanie transakci\u00ed.<\/p>\n<p>V\u00e1\u0161 t\u00edm pre verejn\u00e9 obstar\u00e1vanie st\u00e1le vykon\u00e1va strategick\u00fa pr\u00e1cu. Len ju robia lep\u0161ie, preto\u017ee maj\u00fa k dispoz\u00edcii \u00fadaje a \u010das.<\/p>\n\n\n<hr class=\"wp-block-separator has-alpha-channel-opacity\"\/>\n\n\n\n<h3 class=\"wp-block-heading\">Spodn\u00e1 hranica<\/h3>\n\n\n<p>T\u00edmy verejn\u00e9ho obstar\u00e1vania, ktor\u00e9 dobre vyu\u017e\u00edvaj\u00fa AI, nepracuj\u00fa menej. Pracuj\u00fa inak.<\/p>\n<p>Namiesto vybavovania objedn\u00e1vok vyjedn\u00e1vaj\u00fa lep\u0161ie ponuky. Namiesto h\u013eadania \u00fadajov analyzuj\u00fa a konaj\u00fa. Namiesto reagovania na probl\u00e9my dod\u00e1vate\u013eov im predch\u00e1dza.<\/p>\n<p>V\u00fdsledok:<\/p>\n<ul>\n<li>Identifikovan\u00e9 a zachyten\u00e9 skuto\u010dn\u00e9 \u00faspory<\/li>\n<li>R\u00fdchlej\u0161ie cykly obstar\u00e1vania<\/li>\n<li>Ni\u017e\u0161ie riziko dod\u00e1vate\u013ea<\/li>\n<li>Odborn\u00edci na verejn\u00e9 obstar\u00e1vanie vykon\u00e1vaj\u00faci pr\u00e1cu, ktor\u00e1 skuto\u010dne potrebuje ich odborn\u00e9 znalosti<\/li>\n<li>Strategick\u00e9 obstar\u00e1vanie namiesto transak\u010dn\u00e9ho n\u00e1kupu<\/li>\n<\/ul>\n<p>Nejde o v\u00fdmenu v\u00e1\u0161ho t\u00edmu. Ide o to, aby bol efekt\u00edvnej\u0161\u00ed.<\/p>\n\n\n<hr class=\"wp-block-separator has-alpha-channel-opacity\"\/>\n\n\n\n<h3 class=\"wp-block-heading\">Ste pripraven\u00ed zisti\u0165, \u010do je mo\u017en\u00e9?<\/h3>\n\n\n<p>Ka\u017ed\u00fd t\u00edm obstar\u00e1vania je in\u00fd. Va\u0161e kateg\u00f3rie nie s\u00fa rovnak\u00e9 ako kateg\u00f3rie v\u0161etk\u00fdch ostatn\u00fdch. Va\u0161a dod\u00e1vate\u013esk\u00e1 z\u00e1klad\u0148a m\u00e1 svoje vlastn\u00e9 charakteristiky. Va\u0161e priority z\u00e1visia od v\u00e1\u0161ho podnikania.<\/p>\n<p>Nepred\u00e1vame univerz\u00e1lne rie\u0161enia. Venujeme sa va\u0161im \u0161pecifick\u00fdm v\u00fdzvam v oblasti obstar\u00e1vania. Identifikujeme, kde m\u00f4\u017ee umel\u00e1 inteligencia skuto\u010dne pom\u00f4c\u0165. Vytv\u00e1rame syst\u00e9my, ktor\u00e9 sa prisp\u00f4sobia tomu, ako pracujete.<\/p>\n<p>\u017diadny humbuk. \u017diadne s\u013euby, ktor\u00e9 nem\u00f4\u017eeme splni\u0165. Len praktick\u00e1 umel\u00e1 inteligencia, v\u010faka ktorej bude v\u00e1\u0161 t\u00edm obstar\u00e1vania efekt\u00edvnej\u0161\u00ed.<\/p>\n\n<p><a href=\"https:\/\/www.leaplytics.de\/sk\/kontakt\/\">Po\u010fme si pohovori\u0165 o va\u0161ich oper\u00e1ci\u00e1ch v oblasti obstar\u00e1vania<\/a><\/p>\n\n<p><a href=\"https:\/\/www.leaplytics.de\/sk\/umela-inteligencia\/\">Pozrite si v\u0161etky slu\u017eby AI<\/a><\/p>","protected":false},"excerpt":{"rendered":"<p>V\u00e1\u0161 t\u00edm obstar\u00e1vania m\u00e1 pr\u00edli\u0161 ve\u013ea pr\u00e1ce. AI m\u00f4\u017ee pom\u00f4c\u0165. Pr\u00e1ca vo verejnom obstar\u00e1van\u00ed je pr\u00e1ca sourcingu. Dod\u00e1vatelia. Zmluvy. Objedn\u00e1vky. Schva\u013eovanie. Sledovanie v\u00fddavkov. Neust\u00e1ly cyklus h\u013eadania, n\u00e1kupu a riadenia. V\u00e4\u010d\u0161ina z nich sa riadi vzorcami. N\u00e1js\u0165 dod\u00e1vate\u013ea. Z\u00edskajte cenov\u00e9 ponuky. Spracujte objedn\u00e1vku. Kontrola fakt\u00fary. Obnovenie zmluvy. Opakujte. Umel\u00e1 inteligencia je na to stvoren\u00e1. To ... <\/p>","protected":false},"author":2,"featured_media":0,"parent":0,"menu_order":0,"comment_status":"closed","ping_status":"closed","template":"","meta":{"footnotes":""},"class_list":["post-14411","page","type-page","status-publish","hentry","latest_post"],"_links":{"self":[{"href":"https:\/\/www.leaplytics.de\/sk\/wp-json\/wp\/v2\/pages\/14411","targetHints":{"allow":["GET"]}}],"collection":[{"href":"https:\/\/www.leaplytics.de\/sk\/wp-json\/wp\/v2\/pages"}],"about":[{"href":"https:\/\/www.leaplytics.de\/sk\/wp-json\/wp\/v2\/types\/page"}],"author":[{"embeddable":true,"href":"https:\/\/www.leaplytics.de\/sk\/wp-json\/wp\/v2\/users\/2"}],"replies":[{"embeddable":true,"href":"https:\/\/www.leaplytics.de\/sk\/wp-json\/wp\/v2\/comments?post=14411"}],"version-history":[{"count":3,"href":"https:\/\/www.leaplytics.de\/sk\/wp-json\/wp\/v2\/pages\/14411\/revisions"}],"predecessor-version":[{"id":14525,"href":"https:\/\/www.leaplytics.de\/sk\/wp-json\/wp\/v2\/pages\/14411\/revisions\/14525"}],"wp:attachment":[{"href":"https:\/\/www.leaplytics.de\/sk\/wp-json\/wp\/v2\/media?parent=14411"}],"curies":[{"name":"wp","href":"https:\/\/api.w.org\/{rel}","templated":true}]}}