{"id":14495,"date":"2025-12-19T01:58:56","date_gmt":"2025-12-19T00:58:56","guid":{"rendered":"https:\/\/www.leaplytics.de\/?page_id=14495"},"modified":"2025-12-19T01:58:57","modified_gmt":"2025-12-19T00:58:57","slug":"automatizacia-procesov-workflow-ai","status":"publish","type":"page","link":"https:\/\/www.leaplytics.de\/sk\/automatizacia-procesov-workflow-ai\/","title":{"rendered":"Automatiz\u00e1cia procesov a umel\u00e1 inteligencia pracovn\u00fdch postupov"},"content":{"rendered":"<h2>AI pre automatiz\u00e1ciu procesov a pracovn\u00fdch postupov<\/h2>\n\n<p>Oper\u00e1cie prebiehaj\u00fa v procesoch. Od objedn\u00e1vky po realiz\u00e1ciu. Od po\u017eiadavky po rie\u0161enie. \u00daloha a\u017e po dokon\u010denie. V\u0161etko sa riadi krokmi.<\/p>\n<p>Ke\u010f procesy funguj\u00fa hladko, veci plyn\u00fa. Ke\u010f nie, v\u0161etko sa zasekne. \u00dalohy sa hromadia. Odovzd\u00e1vanie \u00faloh zlyh\u00e1va. \u013dudia str\u00e1caj\u00fa \u010das ot\u00e1zkami \"kde je toto?\" a \"kto m\u00e1 toto?\".<\/p>\n<p>V\u00e4\u010d\u0161ina probl\u00e9mov s procesmi nie je sp\u00f4soben\u00e1 t\u00fdm, \u017ee by sa \u013eudia nestarali. S\u00fa preto, \u017ee procesy s\u00fa manu\u00e1lne. Niekto to mus\u00ed riadi\u0165. Niekto mus\u00ed schv\u00e1li\u0165 toto. Niekto mus\u00ed skontrolova\u0165, \u010di bol predch\u00e1dzaj\u00faci krok dokon\u010den\u00fd.<\/p>\n<p>Umel\u00e1 inteligencia dok\u00e1\u017ee automatizova\u0165 rutinn\u00e9 \u010dasti. Nenahr\u00e1dza \u013eudsk\u00fd \u00fasudok - len spracov\u00e1va pr\u00e1cu zalo\u017een\u00fa na pravidl\u00e1ch, ktor\u00e1 ho nepotrebuje.<\/p>\n<p>V\u00e1\u0161 t\u00edm sa prestane nah\u00e1\u0148a\u0165 za procesmi a za\u010dne rie\u0161i\u0165 probl\u00e9my.<\/p>\n\n\n<hr class=\"wp-block-separator has-alpha-channel-opacity\"\/>\n\n\n\n<h3 class=\"wp-block-heading\">Pre\u010do sa manu\u00e1lne procesy pokazia<\/h3>\n\n\n<p>M\u00e1te SOP. Zdokumentovan\u00e9 postupy. Jasn\u00e9 kroky, ako by mali veci fungova\u0165.<\/p>\n<p>Vykon\u00e1vanie je v\u0161ak manu\u00e1lne. Niekto dostane \u017eiados\u0165. Zist\u00ed, kto ju m\u00e1 vybavi\u0165. Po\u0161le ju \u010falej. Sleduj\u00fa, \u010di sa to uskuto\u010dnilo.<\/p>\n<p>Ke\u010f je objem n\u00edzky, funguje to. Ke\u010f je objem vysok\u00fd, veci sa prepad\u00e1vaj\u00fa:<\/p>\n<ul>\n<li>\u00dalohy presmerovan\u00e9 nespr\u00e1vnemu t\u00edmu<\/li>\n<li>Schv\u00e1lenia \u010dakaj\u00face v schr\u00e1nke niekoho, kto je mimo kancel\u00e1rie<\/li>\n<li>Vynechan\u00e9 kroky, preto\u017ee nikto neoveril ich dokon\u010denie<\/li>\n<li>V\u00fdnimky zachyten\u00e9 a\u017e pr\u00edli\u0161 neskoro<\/li>\n<li>Nikto nevie, kde sa \u010do nach\u00e1dza v procese<\/li>\n<\/ul>\n\n<p>V\u00e1\u0161 t\u00edm tr\u00e1vi viac \u010dasu koordin\u00e1ciou ako realiz\u00e1ciou. Stretnutia na sledovanie stavu. E-maily nah\u00e1\u0148aj\u00face aktualiz\u00e1cie. Eskal\u00e1cie, preto\u017ee sa nie\u010do zaseklo.<\/p>\n<p>Nie preto, \u017ee \u013eudia s\u00fa vo svojej pr\u00e1ci zl\u00ed. Preto\u017ee manu\u00e1lna koordin\u00e1cia sa ned\u00e1 roz\u0161\u00edri\u0165.<\/p>\n\n\n<hr class=\"wp-block-separator has-alpha-channel-opacity\"\/>\n\n\n\n<h3 class=\"wp-block-heading\">\u010co rob\u00ed umel\u00e1 inteligencia pre automatiz\u00e1ciu procesov<\/h3>\n\n\n<p>Umel\u00e1 inteligencia sa star\u00e1 o rutinn\u00e9 rozhodovanie vo va\u0161ich procesoch. Okam\u017eite uplat\u0148uje pravidl\u00e1. Spr\u00e1vne smeruje pr\u00e1cu. Monitoruje postup pr\u00e1c. Zachyt\u00e1va v\u00fdnimky.<\/p>\n<p>V\u00e1\u0161 t\u00edm sa s\u00fastred\u00ed na samotn\u00fa pr\u00e1cu, nie na koordin\u00e1ciu okolo nej.<\/p>\n\n\n<h4 class=\"wp-block-heading\">Inteligentn\u00e9 smerovanie \u00faloh<\/h4>\n\n\n<p>Prich\u00e1dza nov\u00e1 objedn\u00e1vka. Kam p\u00f4jde? Do ktor\u00e9ho skladu? Ktor\u00fd t\u00edm? Z\u00e1vis\u00ed od lokality, typu v\u00fdrobku, \u00farovne z\u00e1sob, kapacity t\u00edmu.<\/p>\n<p>Niekto sa na to v\u0161etko mus\u00ed pozrie\u0165 ru\u010dne a rozhodn\u00fa\u0165. S umelou inteligenciou sa to deje okam\u017eite:<\/p>\n<ul>\n<li>Analyzuje podrobnosti \u017eiadosti<\/li>\n<li>kontroluje aktu\u00e1lnu pracovn\u00fa z\u00e1\u0165a\u017e v t\u00edmoch<\/li>\n<li>Zoh\u013ead\u0148uje potrebn\u00e9 zru\u010dnosti a certifik\u00e1ty<\/li>\n<li>Faktory t\u00fdkaj\u00face sa polohy a logistiky<\/li>\n<li>Cesty k optim\u00e1lnemu t\u00edmu<\/li>\n<\/ul>\n\n<p>Nielen r\u00fdchlej\u0161\u00ed - aj konzistentnej\u0161\u00ed. Zaka\u017ed\u00fdm plat\u00ed rovnak\u00e1 logika. \u017diadne odch\u00fdlky pod\u013ea toho, kto to n\u00e1hodou vybavuje.<\/p>\n<p>\u0160peci\u00e1lne pr\u00edpady? Umel\u00e1 inteligencia ich ozna\u010d\u00ed pre smerovanie \u010dlovekom. Ale be\u017en\u00e9 pr\u00edpady (\u010do je v\u00e4\u010d\u0161ina pr\u00edpadov) smeruj\u00fa automaticky.<\/p>\n\n\n<h4 class=\"wp-block-heading\">Inteligentn\u00e1 spr\u00e1va schva\u013eovania<\/h4>\n\n\n<p>Schva\u013eovanie v\u0161etko spoma\u013euje. Ka\u017ed\u00fd n\u00e1kup potrebuje schv\u00e1lenie. Ka\u017ed\u00fa v\u00fdnimku treba podp\u00edsa\u0165. Ka\u017ed\u00fa zmenu je potrebn\u00e9 presk\u00fama\u0165.<\/p>\n<p>V\u00e4\u010d\u0161ina z nich je v\u0161ak rutinn\u00e1. \u0160tandardn\u00e1 po\u017eiadavka v r\u00e1mci z\u00e1sad? Mala by sa automaticky schv\u00e1li\u0165. Neobvykl\u00e1 \u017eiados\u0165 mimo parametrov? Mala by sa posla\u0165 spr\u00e1vnemu schva\u013eovate\u013eovi s \u00fapln\u00fdm kontextom.<\/p>\n<p>AI spracov\u00e1va logiku schva\u013eovania:<\/p>\n<ul>\n<li>\u0160tandardn\u00e9 po\u017eiadavky v r\u00e1mci prahov\u00fdch hodn\u00f4t: automaticky schv\u00e1len\u00e9 s auditn\u00fdm z\u00e1znamom<\/li>\n<li>\u017diadosti vy\u017eaduj\u00face presk\u00famanie: smerovan\u00e9 na pr\u00edslu\u0161n\u00fa \u00farove\u0148 na z\u00e1klade mno\u017estva, typu a rizika<\/li>\n<li>Komplexn\u00e9 po\u017eiadavky: eskalovan\u00e9 s \u00fapln\u00fdm kontextom a hist\u00f3riou<\/li>\n<li>Zastaven\u00e9 schva\u013eovanie: automatick\u00e9 zv\u00fd\u0161enie, ak je pr\u00edli\u0161 dlh\u00e9<\/li>\n<\/ul>\n\n<p>Va\u0161i mana\u017e\u00e9ri str\u00e1via \u010das rozhodovan\u00edm o veciach, ktor\u00e9 skuto\u010dne potrebuj\u00fa pos\u00fadenie. Nie gumovanie rutinn\u00fdch po\u017eiadaviek.<\/p>\n<p>A ke\u010f je niekto mimo? Umel\u00e1 inteligencia sa presmeruje na z\u00e1lohu. \u017diadne po\u017eiadavky, ktor\u00e9 by uviazli pri \u010dakan\u00ed na niekoho na dovolenke.<\/p>\n\n\n<h4 class=\"wp-block-heading\">Monitorovanie procesov v re\u00e1lnom \u010dase<\/h4>\n\n\n<p>Kde je v\u0161etko? \u010co sa zaseklo? \u010co je ohrozen\u00e9 nedodr\u017ean\u00edm term\u00ednov?<\/p>\n<p>AI sleduje ka\u017ed\u00fa \u00falohu v ka\u017edom kroku. Nie t\u00fdm, \u017ee by sa \u013eud\u00ed p\u00fdtala na aktualiz\u00e1cie - automaticky monitoruje syst\u00e9my. Vie to:<\/p>\n<ul>\n<li>\u010co sa pripravuje a kto na tom pracuje<\/li>\n<li>\u010co \u010dak\u00e1 (a ako dlho u\u017e \u010dak\u00e1)<\/li>\n<li>\u010co sa bl\u00ed\u017ei k term\u00ednom<\/li>\n<li>Kde sa vytv\u00e1raj\u00fa \u00fazke miesta<\/li>\n<li>Ktor\u00e9 procesy be\u017eia pomal\u0161ie ako zvy\u010dajne<\/li>\n<\/ul>\n\n<p>Pr\u00edstrojov\u00fd panel zobrazuje stav v re\u00e1lnom \u010dase. Nie spr\u00e1vy \"od v\u010dera\" - hne\u010f teraz. Va\u0161i mana\u017e\u00e9ri vedia, \u010domu je potrebn\u00e9 venova\u0165 pozornos\u0165, bez toho, aby museli zh\u00e1\u0148a\u0165 aktualiz\u00e1cie.<\/p>\n\n\n<h4 class=\"wp-block-heading\">Detekcia v\u00fdnimiek, ktor\u00e1 skuto\u010dne funguje<\/h4>\n\n\n<p>V\u00fdnimky s\u00fa drah\u00e9. Ch\u00fdbaj\u00face inform\u00e1cie o objedn\u00e1vke. Krok trv\u00e1 pr\u00edli\u0161 dlho. Nespr\u00e1vne dodr\u017ean\u00fd postup. K\u00fdm si to niekto v\u0161imne, je to u\u017e probl\u00e9m.<\/p>\n<p>Umel\u00e1 inteligencia zachyt\u00e1va v\u00fdnimky v\u010das:<\/p>\n<ul>\n<li><strong>Ch\u00fdbaj\u00face \u00fadaje:<\/strong> Objedn\u00e1vka odoslan\u00e1 bez povinn\u00fdch pol\u00ed? Ozna\u010den\u00e1 ihne\u010f, nie a\u017e ke\u010f sa dostane do plnenia.<\/li>\n<li><strong>Odch\u00fdlky procesu:<\/strong> Kroky vykonan\u00e9 mimo poradia? Vynechal sa kontroln\u00fd zoznam? AI upozor\u0148uje.<\/li>\n<li><strong>Probl\u00e9my s na\u010dasovan\u00edm:<\/strong> Krok trv\u00e1 3x dlh\u0161ie ako zvy\u010dajne? Upozornenia AI pred vypr\u0161an\u00edm lehoty.<\/li>\n<li><strong>Obavy o kvalitu:<\/strong> Chybovos\u0165 v konkr\u00e9tnom procese? Vzor zisten\u00fd v\u010das.<\/li>\n<li><strong>Nedostatky v dodr\u017eiavan\u00ed predpisov:<\/strong> Ch\u00fdba po\u017eadovan\u00e1 dokument\u00e1cia? Prekro\u010den\u00e1 prahov\u00e1 hodnota pre schv\u00e1lenie? Zachyten\u00e9 automaticky.<\/li>\n<\/ul>\n\n<p>V\u00e1\u0161 t\u00edm rie\u0161i v\u00fdnimky, ke\u010f s\u00fa e\u0161te mal\u00e9. Predt\u00fdm, ako sa roz\u0161\u00edria. Predt\u00fdm, ako sa to dotkne z\u00e1kazn\u00edkov.<\/p>\n\n\n<h4 class=\"wp-block-heading\">Automatizovan\u00e1 kontrola s\u00faladu<\/h4>\n\n\n<p>Ka\u017ed\u00fd proces m\u00e1 svoje po\u017eiadavky. Kroky sa musia uskuto\u010dni\u0165 v ur\u010ditom porad\u00ed. Dokument\u00e1cia mus\u00ed by\u0165 \u00fapln\u00e1. Musia by\u0165 z\u00edskan\u00e9 s\u00fahlasy. Musia sa vykona\u0165 kontroly kvality.<\/p>\n<p>Ru\u010dn\u00e9 overovanie tohto v\u0161etk\u00e9ho? Niekto mus\u00ed vykona\u0165 audit. V najlep\u0161om pr\u00edpade vzorov\u00e9 kontroly. S\u00falad pod\u013ea n\u00e1deje.<\/p>\n<p>AI overuje ka\u017ed\u00fd pr\u00edpad:<\/p>\n<ul>\n<li>Boli dokon\u010den\u00e9 v\u0161etky po\u017eadovan\u00e9 kroky?<\/li>\n<li>Bola dodr\u017ean\u00e1 spr\u00e1vna postupnos\u0165?<\/li>\n<li>Je dokument\u00e1cia \u00fapln\u00e1 a presn\u00e1?<\/li>\n<li>Boli z\u00edskan\u00e9 po\u017eadovan\u00e9 povolenia?<\/li>\n<li>Ukazuje auditn\u00e1 stopa, kto a kedy \u010do urobil?<\/li>\n<\/ul>\n\n<p>Proces, ktor\u00fd nie je v s\u00falade s predpismi? Okam\u017eite ozna\u010den\u00fd. Nie zisten\u00fd o nieko\u013eko t\u00fd\u017ed\u0148ov nesk\u00f4r po\u010das auditu. V\u00e1\u0161 s\u00falad je skuto\u010dn\u00fd, nie o\u010dak\u00e1van\u00fd.<\/p>\n\n\n<h4 class=\"wp-block-heading\">Anal\u00fdza v\u00fdkonnosti procesov<\/h4>\n\n\n<p>Ako dlho procesy skuto\u010dne trvaj\u00fa? Kde sa spoma\u013euj\u00fa? Ktor\u00e9 t\u00edmy s\u00fa r\u00fdchlej\u0161ie? Pre\u010do?<\/p>\n<p>AI sleduje v\u00fdkonnostn\u00e9 ukazovatele v\u0161etk\u00fdch va\u0161ich procesov:<\/p>\n<ul>\n<li>\u010cas cyklu pod\u013ea typu procesu<\/li>\n<li>Priepustnos\u0165 pod\u013ea t\u00edmu a jednotlivca<\/li>\n<li>Kde doch\u00e1dza k oneskoreniu (ktor\u00e9 kroky, ktor\u00e9 odovzdania)<\/li>\n<li>Miera chybovosti a frekvencia prepracovania<\/li>\n<li>Variabilita (na konzistencii z\u00e1le\u017e\u00ed rovnako ako na r\u00fdchlosti)<\/li>\n<\/ul>\n\n<p>Zist\u00edte, kde sa m\u00f4\u017eete zlep\u0161i\u0165. Nie h\u00e1danie - poh\u013ead na \u00fadaje. Tento t\u00edm je neust\u00e1le r\u00fdchlej\u0161\u00ed? Zistite, \u010do robia inak. Tento krok d\u00f4sledne pomal\u00fd? Presk\u00famajte, pre\u010do.<\/p>\n<p>Zlep\u0161ovanie procesov na z\u00e1klade faktov, nie pocitov.<\/p>\n\n\n<hr class=\"wp-block-separator has-alpha-channel-opacity\"\/>\n\n\n\n<h3 class=\"wp-block-heading\">\u010co to pre v\u00e1s znamen\u00e1<\/h3>\n\n\n\n<h4 class=\"wp-block-heading\">Pre prev\u00e1dzkov\u00fdch riadite\u013eov a ved\u00facich oper\u00e1torov<\/h4>\n\n\n<p><strong>Konzistentn\u00e9 vykon\u00e1vanie na r\u00f4znych miestach.<\/strong> V\u0161ade platili rovnak\u00e9 pravidl\u00e1. \u017diadne rozdiely pod\u013ea toho, kto pracuje alebo ako je zanepr\u00e1zdnen\u00fd.<\/p>\n\n<p><strong>\u0160k\u00e1lovate\u013en\u00e9 oper\u00e1cie.<\/strong> Zvl\u00e1dnite dvojn\u00e1sobn\u00fd objem bez dvojn\u00e1sobn\u00e9ho po\u010dtu zamestnancov. Koordina\u010dn\u00e1 pr\u00e1ca sa nezn\u00e1sobuje s objemom.<\/p>\n\n<p><strong>Lep\u0161ie dodr\u017eiavanie predpisov a auditn\u00e9 z\u00e1znamy.<\/strong> Ka\u017ed\u00fd proces sa automaticky zdokumentuje. Kompletn\u00fd auditn\u00fd z\u00e1znam pre ka\u017ed\u00fa transakciu. Dodr\u017eiavanie predpisov na z\u00e1klade n\u00e1vrhu, nie kontroly.<\/p>\n\n<p><strong>Vidite\u013enos\u0165 oper\u00e1ci\u00ed.<\/strong> Informa\u010dn\u00fd panel v re\u00e1lnom \u010dase o tom, \u010do sa deje. Zistite, ako sa vytv\u00e1raj\u00fa \u00fazke miesta sk\u00f4r, ako sa stan\u00fa kr\u00edzou.<\/p>\n\n<p><strong>Ni\u017e\u0161ia chybovos\u0165.<\/strong> Automatizovan\u00e1 kontrola v\u010das zachyt\u00ed chyby. V\u00fdnimky s\u00fa ozna\u010den\u00e9 sk\u00f4r, ako sp\u00f4sobia probl\u00e9my.<\/p>\n\n\n<h4 class=\"wp-block-heading\">Pre prev\u00e1dzkov\u00fdch mana\u017e\u00e9rov<\/h4>\n\n\n<p><strong>Presta\u0148te sa nah\u00e1\u0148a\u0165 za aktualiz\u00e1ciami stavu.<\/strong> Syst\u00e9m sleduje v\u0161etko. Vid\u00edte, \u010do potrebuje pozornos\u0165 bez toho, aby ste sa museli p\u00fdta\u0165.<\/p>\n\n<p><strong>Zamerajte sa na v\u00fdnimky, nie na rutinu.<\/strong> AI zvl\u00e1da \u0161tandardn\u00fd pracovn\u00fd postup. Vy rie\u0161ite neobvykl\u00e9 pr\u00edpady, ktor\u00e9 si vy\u017eaduj\u00fa pos\u00fadenie.<\/p>\n\n<p><strong>Zistite, kde sa veci zasekli.<\/strong> Ne\u010dakanie na eskal\u00e1ciu zo strany \u010dlenov t\u00edmu. Vid\u00edte to v re\u00e1lnom \u010dase.<\/p>\n\n<p><strong>\u00dadaje na zlep\u0161enie.<\/strong> Zistite, ktor\u00e9 procesy funguj\u00fa dobre a ktor\u00e9 je potrebn\u00e9 opravi\u0165. Skuto\u010dn\u00e9 \u010dasy cyklov, nie odhady.<\/p>\n\n<p><strong>Spravodliv\u00e9 rozdelenie pracovn\u00e9ho za\u0165a\u017eenia.<\/strong> Zistite, kto je pre\u0165a\u017een\u00fd a kto m\u00e1 kapacitu. Vyv\u00e1\u017ete pr\u00e1cu na z\u00e1klade skuto\u010dnosti.<\/p>\n\n\n<h4 class=\"wp-block-heading\">Pre t\u00edmy, ktor\u00e9 vykon\u00e1vaj\u00fa pr\u00e1cu<\/h4>\n\n\n<p><strong>Vymaza\u0165 front \u00faloh.<\/strong> \u017diadne prem\u00fd\u0161\u013eanie \"na \u010dom m\u00e1m pracova\u0165?\" Priority sa vypo\u010d\u00edtavaj\u00fa automaticky na z\u00e1klade term\u00ednov a d\u00f4le\u017eitosti.<\/p>\n\n<p><strong>U\u017e \u017eiadne nah\u00e1\u0148anie.<\/strong> Syst\u00e9m presmeruje pr\u00e1cu na v\u00e1s. Povie v\u00e1m, \u010do potrebujete vedie\u0165. Automaticky eskaluje, ak sa zaseknete.<\/p>\n\n<p><strong>Menej re\u017eijn\u00fdch n\u00e1kladov na koordin\u00e1ciu.<\/strong> Tr\u00e1vte \u010das pr\u00e1cou, nie koordin\u00e1ciou pr\u00e1ce. \u017diadne stretnutia na sledovanie stavu.<\/p>\n\n<p><strong>R\u00fdchle schva\u013eovanie.<\/strong> Rutinn\u00e9 veci sa automaticky schva\u013euj\u00fa. \u017diadne dni \u010dakania, k\u00fdm niekto d\u00e1 pe\u010diatku.<\/p>\n\n<p><strong>Menej po\u017eiarnych cvi\u010den\u00ed.<\/strong> V\u010dasn\u00e9 zachytenie v\u00fdnimiek. Probl\u00e9my s\u00fa odhalen\u00e9 sk\u00f4r, ako prepukn\u00fa. Menej paniky, viac pl\u00e1novania.<\/p>\n\n\n<hr class=\"wp-block-separator has-alpha-channel-opacity\"\/>\n\n\n\n<h3 class=\"wp-block-heading\">\u010co AI nedok\u00e1\u017ee<\/h3>\n\n\n<p>AI automatizuje pr\u00e1cu zalo\u017een\u00fa na pravidl\u00e1ch. Nenahr\u00e1dza \u00fasudok. Tu je to, \u010do st\u00e1le potrebuje \u013eud\u00ed:<\/p>\n\n<p><strong>Rie\u0161enie skuto\u010dne neobvykl\u00fdch situ\u00e1ci\u00ed.<\/strong> AI smeruje \u0161tandardn\u00e9 pr\u00edpady a ozna\u010duje v\u00fdnimky. Ale naozaj zvl\u00e1\u0161tne okrajov\u00e9 pr\u00edpady? Tie potrebuje rie\u0161enie probl\u00e9mu \u010dlovekom.<\/p>\n\n<p><strong>Vyjedn\u00e1vanie a riadenie vz\u0165ahov.<\/strong> Z\u00e1kazn\u00edk je rozru\u0161en\u00fd z me\u0161kania? Dod\u00e1vate\u013e potrebuje \u0161peci\u00e1lne zaobch\u00e1dzanie? To je \u013eudsk\u00e1 pr\u00e1ca.<\/p>\n\n<p><strong>Navrhovanie lep\u0161\u00edch procesov.<\/strong> Umel\u00e1 inteligencia sleduje, ako funguj\u00fa aktu\u00e1lne procesy. Prepracova\u0165 ich na lep\u0161ie v\u00fdsledky? To je na va\u0161om t\u00edme.<\/p>\n\n<p><strong>Vykon\u00e1vanie \u00fasudku.<\/strong> Mali by sme to ur\u00fdchli\u0165? Urobi\u0165 v\u00fdnimku? Prija\u0165 stratu, aby sme zachovali vz\u0165ah? Po\u010d\u00edta\u010de nedok\u00e1\u017eu zv\u00e1\u017ei\u0165 tieto kompromisy.<\/p>\n\n<p><strong>Komplexn\u00e9 schva\u013eovanie.<\/strong> Jednoduch\u00e9 schva\u013eovanie (v r\u00e1mci $X, v r\u00e1mci z\u00e1sad) mo\u017eno automatizova\u0165. Zlo\u017eit\u00e9 (strategick\u00e9 rozhodnutia, v\u00fdznamn\u00e9 v\u00fdnimky, medzifunk\u010dn\u00e9 vplyvy) potrebuj\u00fa \u013eudsk\u00e9 pos\u00fadenie.<\/p>\n\n<p>O umelej inteligencii uva\u017eujte ako o koordina\u010dnej vrstve. V\u00e1\u0161 t\u00edm sa star\u00e1 o vrstvu myslenia. Robia to len r\u00fdchlej\u0161ie, preto\u017ee hrub\u00e1 pr\u00e1ca je hotov\u00e1.<\/p>\n\n\n<hr class=\"wp-block-separator has-alpha-channel-opacity\"\/>\n\n\n\n<h3 class=\"wp-block-heading\">Za\u010d\u00edname s automatiz\u00e1ciou procesov<\/h3>\n\n\n<p>Nemus\u00edte automatizova\u0165 v\u0161etko naraz. Za\u010dnite s najobjemnej\u0161\u00edmi a naj\u0161tandardizovanej\u0161\u00edmi procesmi:<\/p>\n\n<p><strong>Dobr\u00ed prv\u00ed kandid\u00e1ti:<\/strong><\/p>\n<ul>\n<li>Smerovanie a pride\u013eovanie objedn\u00e1vok<\/li>\n<li>\u0160tandardn\u00e9 pracovn\u00e9 postupy schva\u013eovania<\/li>\n<li>Pr\u00edjem a triedenie \u017eiadost\u00ed<\/li>\n<li>Overenie dokon\u010denia \u00falohy<\/li>\n<li>Ozn\u00e1menia o stave a eskal\u00e1cie<\/li>\n<\/ul>\n\n<p><strong>Nie s\u00fa to skvel\u00ed prv\u00ed kandid\u00e1ti:<\/strong><\/p>\n<ul>\n<li>Vysoko variabiln\u00e9 procesy s mnoh\u00fdmi v\u00fdnimkami<\/li>\n<li>Procesy, ktor\u00e9 sa \u010dasto menia<\/li>\n<li>Oblasti, v ktor\u00fdch je \u013eudsk\u00fd \u00fasudok rozhoduj\u00faci pre ka\u017ed\u00fd pr\u00edpad<\/li>\n<li>Procesy, ktor\u00e9 zatia\u013e nikto nezdokumentoval<\/li>\n<\/ul>\n\n<p>Za\u010dnite tam, kde je jasn\u00fd proces, vysok\u00fd objem a zjavn\u00e1 boles\u0165. Dok\u00e1\u017ete hodnotu. Potom sa roz\u0161\u00edrte na zlo\u017eitej\u0161ie pr\u00edpady.<\/p>\n\n\n<hr class=\"wp-block-separator has-alpha-channel-opacity\"\/>\n\n\n\n<h3 class=\"wp-block-heading\">Spodn\u00e1 hranica<\/h3>\n\n\n<p>Manu\u00e1lna koordin\u00e1cia procesov sa ned\u00e1 roz\u0161\u00edri\u0165. V\u00e4\u010d\u0161\u00ed objem znamen\u00e1 viac re\u017eijn\u00fdch n\u00e1kladov na koordin\u00e1ciu. V\u00e1\u0161 t\u00edm sa zahlt\u00ed smerovan\u00edm, sledovan\u00edm a nah\u00e1\u0148an\u00edm namiesto toho, aby robil skuto\u010dn\u00fa pr\u00e1cu.<\/p>\n\n<p>AI sa star\u00e1 o koordin\u00e1ciu. Trasy funguj\u00fa spr\u00e1vne. Monitoruje postup pr\u00e1c. Zachyt\u00e1va v\u00fdnimky. Udr\u017eiava s\u00falad s predpismi. V\u0161etko automaticky.<\/p>\n\n<p>V\u00e1\u0161 t\u00edm pracuje na samotnej pr\u00e1ci. Nie na stretnutiach o pr\u00e1ci. Nie e-maily sleduj\u00face pr\u00e1cu. Nie tabu\u013eky sleduj\u00face pr\u00e1cu.<\/p>\n\n<p>V\u00fdsledkom s\u00fa plynul\u00e9 oper\u00e1cie. R\u00fdchlej\u0161ie cykly. Menej ch\u00fdb. Lep\u0161ie dodr\u017eiavanie predpisov. A profesion\u00e1li, ktor\u00ed robia to, v \u010dom s\u00fa dobr\u00ed, namiesto toho, aby sa nah\u00e1\u0148ali za procesmi.<\/p>\n\n<p>To je to, \u010do automatiz\u00e1cia procesov s AI skuto\u010dne prin\u00e1\u0161a. Nie \"zhasnut\u00e9 svetl\u00e1\". Len menej trenia a viac s\u00fastredenia na to, \u010do je d\u00f4le\u017eit\u00e9.<\/p>\n\n\n<hr class=\"wp-block-separator has-alpha-channel-opacity\"\/>\n\n\n\n<h3 class=\"wp-block-heading\">Ste pripraven\u00ed automatizova\u0165 svoje pracovn\u00e9 postupy?<\/h3>\n\n\n<p>Ka\u017ed\u00e1 oper\u00e1cia m\u00e1 in\u00e9 procesy. To, \u010do funguje vo va\u0161ej firme, z\u00e1vis\u00ed od toho, ako fungujete dnes.<\/p>\n\n<p>Nepresadzujeme v\u0161eobecn\u00e9 n\u00e1stroje pracovn\u00e9ho postupu. Pozorujeme va\u0161e \u0161pecifick\u00e9 procesy. Kde je r\u00e9\u017eia koordin\u00e1cie? Kde sa veci zasek\u00e1vaj\u00fa? \u010co je re\u00e1lne automatizova\u0165 vzh\u013eadom na va\u0161e syst\u00e9my?<\/p>\n\n<p>Potom vytvor\u00edme automatiz\u00e1ciu, ktor\u00e1 bude vyhovova\u0165 va\u0161im pracovn\u00fdm postupom. Nebudeme v\u00e1s n\u00fati\u0165 meni\u0165 sp\u00f4sob pr\u00e1ce, aby vyhovoval softv\u00e9ru. Softv\u00e9r, ktor\u00fd funguje tak, ako pracujete vy.<\/p>\n\n<p><a href=\"https:\/\/www.leaplytics.de\/sk\/kontakt\/\">Po\u010fme si pohovori\u0165 o va\u0161ich procesoch<\/a><\/p>\n\n<p><a href=\"https:\/\/www.leaplytics.de\/sk\/operacie-ai\/\">Sp\u00e4\u0165 na Oper\u00e1cie AI<\/a><\/p>","protected":false},"excerpt":{"rendered":"<p>AI for Process Automation &#038; Workflow Operations runs on processes. Order to fulfillment. Request to resolution. Task to completion. Everything follows steps. When processes work smoothly, things flow. When they don&#8217;t, everything gets stuck. Tasks pile up. Handoffs fail. People waste time asking &#8220;where is this?&#8221; and &#8220;who has that?&#8221; Most process problems aren&#8217;t because &hellip; <\/p>","protected":false},"author":2,"featured_media":0,"parent":0,"menu_order":0,"comment_status":"closed","ping_status":"closed","template":"","meta":{"footnotes":""},"class_list":["post-14495","page","type-page","status-publish","hentry","latest_post"],"_links":{"self":[{"href":"https:\/\/www.leaplytics.de\/sk\/wp-json\/wp\/v2\/pages\/14495","targetHints":{"allow":["GET"]}}],"collection":[{"href":"https:\/\/www.leaplytics.de\/sk\/wp-json\/wp\/v2\/pages"}],"about":[{"href":"https:\/\/www.leaplytics.de\/sk\/wp-json\/wp\/v2\/types\/page"}],"author":[{"embeddable":true,"href":"https:\/\/www.leaplytics.de\/sk\/wp-json\/wp\/v2\/users\/2"}],"replies":[{"embeddable":true,"href":"https:\/\/www.leaplytics.de\/sk\/wp-json\/wp\/v2\/comments?post=14495"}],"version-history":[{"count":1,"href":"https:\/\/www.leaplytics.de\/sk\/wp-json\/wp\/v2\/pages\/14495\/revisions"}],"predecessor-version":[{"id":14501,"href":"https:\/\/www.leaplytics.de\/sk\/wp-json\/wp\/v2\/pages\/14495\/revisions\/14501"}],"wp:attachment":[{"href":"https:\/\/www.leaplytics.de\/sk\/wp-json\/wp\/v2\/media?parent=14495"}],"curies":[{"name":"wp","href":"https:\/\/api.w.org\/{rel}","templated":true}]}}