{"id":14511,"date":"2025-12-19T02:02:31","date_gmt":"2025-12-19T01:02:31","guid":{"rendered":"https:\/\/www.leaplytics.de\/?page_id=14511"},"modified":"2025-12-19T02:02:32","modified_gmt":"2025-12-19T01:02:32","slug":"objednavanie-nakupnych-poziadaviek-ai","status":"publish","type":"page","link":"https:\/\/www.leaplytics.de\/sk\/objednavanie-nakupnych-poziadaviek-ai\/","title":{"rendered":"Po\u017eiadavky na n\u00e1kup a objedn\u00e1vanie AI"},"content":{"rendered":"<h2>AI pre n\u00e1kupn\u00e9 po\u017eiadavky a objedn\u00e1vanie: Zr\u00fdchlenie n\u00e1kupn\u00e9ho procesu<\/h2>\n\n<p>N\u00e1kupn\u00e9 po\u017eiadavky a objedn\u00e1vanie by mali by\u0165 jednoduch\u00e9. Niekto nie\u010do potrebuje. Po\u017eiada o to. \u017diados\u0165 sa schv\u00e1li. Objedn\u00e1vka sa odo\u0161le. Hotovo.<\/p>\n<p>Nie je to v\u0161ak jednoduch\u00e9. Po\u017eiadavky le\u017eia v schr\u00e1nkach a \u010dakaj\u00fa na schv\u00e1lenie. N\u00e1kupcovia ru\u010dne spracov\u00e1vaj\u00fa be\u017en\u00e9 objedn\u00e1vky. \u013dudia nevedia, ktor\u00e9ho dod\u00e1vate\u013ea maj\u00fa pou\u017ei\u0165. Objedn\u00e1vky id\u00fa k nezmluvn\u00fdm dod\u00e1vate\u013eom, preto\u017ee schva\u013eovac\u00ed proces je pr\u00edli\u0161 pomal\u00fd.<\/p>\n<p>V\u00fdsledok? T\u00edmy verejn\u00e9ho obstar\u00e1vania s\u00fa zahlten\u00e9 transak\u010dnou pr\u00e1cou. Maverick spending because people bypass the system. \u00daniky zml\u00fav, preto\u017ee objedn\u00e1vky sa neriadia dohodnut\u00fdmi podmienkami.<\/p>\n<p>AI to napravuje. Automaticky sprac\u00fava \u0161tandardn\u00e9 po\u017eiadavky. Inteligentne smeruje schva\u013eovanie. Zabezpe\u010duje, aby sa objedn\u00e1vky riadili zmluvn\u00fdmi podmienkami. Proces je tak\u00fd r\u00fdchly, \u017ee ho \u013eudia skuto\u010dne pou\u017e\u00edvaj\u00fa.<\/p>\n\n\n<hr class=\"wp-block-separator has-alpha-channel-opacity\"\/>\n\n\n\n<h3 class=\"wp-block-heading\">Pre\u010do s\u00fa procesy od n\u00e1kupu k platbe pomal\u00e9<\/h3>\n\n\n<p>Procesy od po\u017eiadavky k objedn\u00e1vke s\u00fa vo v\u00e4\u010d\u0161ine spolo\u010dnost\u00ed nefunk\u010dn\u00e9. Nie preto, \u017ee by t\u00edmy obstar\u00e1vania zle vykon\u00e1vali svoju pr\u00e1cu. Preto\u017ee tento proces vy\u017eaduje pr\u00edli\u0161 ve\u013ea manu\u00e1lnej pr\u00e1ce.<\/p>\n<p>Niekto predlo\u017e\u00ed \u017eiados\u0165. N\u00e1kupca ju mus\u00ed skontrolova\u0165. Skontroluje, \u010di je v s\u00falade so z\u00e1sadami. Ur\u010dite, kto ju m\u00e1 schv\u00e1li\u0165. Presmerujte ju spr\u00e1vnemu schva\u013eovate\u013eovi. Po\u010dkajte na schv\u00e1lenie. Potom ru\u010dne vytvorte objedn\u00e1vku. Vyberte dod\u00e1vate\u013ea. Op\u00e4\u0165 zadajte v\u0161etky \u00fadaje.<\/p>\n<p>Pre \u0161tandardn\u00e9, be\u017en\u00e9 objedn\u00e1vky. Zaka\u017ed\u00fdm.<\/p>\n<p>N\u00e1kupcovia tr\u00e1via hodiny sprac\u00favan\u00edm po\u017eiadaviek, ktor\u00e9 sa riadia rovnak\u00fdmi vzormi. Kancel\u00e1rske potreby. \u0160tandardn\u00e9 komponenty. Opakuj\u00face sa slu\u017eby. Objedn\u00e1vky, ktor\u00e9 nepotrebuj\u00fa \u013eudsk\u00fa expert\u00edzu, ale aj tak ju dost\u00e1vaj\u00fa, preto\u017ee proces si vy\u017eaduje manu\u00e1lne spracovanie.<\/p>\n<p>Ke\u010f je proces pomal\u00fd, \u013eudia ho obch\u00e1dzaj\u00fa. Nakupuj\u00fa priamo od dod\u00e1vate\u013eov. Pou\u017e\u00edvaj\u00fa osobn\u00e9 kreditn\u00e9 karty. Vynech\u00e1vaj\u00fa schva\u013eovanie. Maverick v\u00fddavky nie s\u00fa zlomyse\u013en\u00e9 - s\u00fa to \u013eudia, ktor\u00ed sa sna\u017eia urobi\u0165 svoju pr\u00e1cu.<\/p>\n<p>A verejn\u00e9 obstar\u00e1vanie str\u00e1ca kontrolu. Zmluvn\u00ed dod\u00e1vatelia nedostan\u00fa objem, ktor\u00fd im bol s\u013e\u00faben\u00fd. Vyjednan\u00e9 podmienky sa nevyu\u017e\u00edvaj\u00fa. Preh\u013ead o v\u00fddavkoch sa str\u00e1ca.<\/p>\n\n\n<hr class=\"wp-block-separator has-alpha-channel-opacity\"\/>\n\n\n\n<h3 class=\"wp-block-heading\">\u010co rob\u00ed AI pre po\u017eiadavky na n\u00e1kup a objedn\u00e1vanie<\/h3>\n\n\n<p>Umel\u00e1 inteligencia neur\u00fdch\u013euje len proces objedn\u00e1vania. Rob\u00ed ho inteligentn\u00fdm. Tu je n\u00e1vod, ako na to.<\/p>\n\n\n<h4 class=\"wp-block-heading\">Automaticky spracov\u00e1va po\u017eiadavky<\/h4>\n\n\n<p>Umel\u00e1 inteligencia dostane po\u017eiadavku. Analyzuje, \u010do sa po\u017eaduje.<\/p>\n<p>Je to \u0161tandardn\u00e1 polo\u017eka? Umel\u00e1 inteligencia ju pozn\u00e1 z predch\u00e1dzaj\u00facich objedn\u00e1vok. Over\u00ed po\u017eiadavku pod\u013ea z\u00e1sad. Skontroluje dostupnos\u0165 rozpo\u010dtu. Potvrd\u00ed, \u017ee po\u017eadovan\u00e9 inform\u00e1cie s\u00fa \u00fapln\u00e9.<\/p>\n<p>Ak je v\u0161etko v poriadku, umel\u00e1 inteligencia ju automaticky smeruje na schv\u00e1lenie. Pri be\u017en\u00fdch po\u017eiadavk\u00e1ch nie je potrebn\u00fd z\u00e1sah kupuj\u00faceho.<\/p>\n<p>Ak nie\u010do nie je v poriadku, umel\u00e1 inteligencia ozna\u010d\u00ed konkr\u00e9tne probl\u00e9my:<\/p>\n<ul>\n<li>Ch\u00fdbaj\u00face n\u00e1kladov\u00e9 stredisko alebo GL k\u00f3d<\/li>\n<li>Prekro\u010denie rozpo\u010dtovej hranice, ktor\u00e9 si vy\u017eaduje osobitn\u00e9 schv\u00e1lenie<\/li>\n<li>Polo\u017eka nezodpoved\u00e1 schv\u00e1len\u00fdm kateg\u00f3ri\u00e1m<\/li>\n<li>Po\u017eadovan\u00e1 dokument\u00e1cia nie je prilo\u017een\u00e1<\/li>\n<li>Nejasn\u00e9 \u0161pecifik\u00e1cie, ktor\u00e9 je potrebn\u00e9 objasni\u0165<\/li>\n<\/ul>\n<p>\u017diadate\u013e dostane okam\u017eite jasn\u00fa sp\u00e4tn\u00fa v\u00e4zbu. Nie v\u0161eobecn\u00e9 zamietnutie. Konkr\u00e9tne probl\u00e9my, ktor\u00e9 treba odstr\u00e1ni\u0165.<\/p>\n<p>\u0160tandardn\u00e9 po\u017eiadavky prech\u00e1dzaj\u00fa syst\u00e9mom v priebehu nieko\u013ek\u00fdch min\u00fat. Komplexn\u00e9 po\u017eiadavky sa presmeruj\u00fa k n\u00e1kupcom s inform\u00e1ciami o tom, \u010do je potrebn\u00e9 skontrolova\u0165.<\/p>\n\n\n<h4 class=\"wp-block-heading\">Inteligentn\u00e9 smerovanie schva\u013eovania<\/h4>\n\n\n<p>Pracovn\u00e9 postupy schva\u013eovania s\u00fa zlo\u017eit\u00e9. R\u00f4zni schva\u013eovatelia pre r\u00f4zne sumy. R\u00f4zne cesty pre r\u00f4zne kateg\u00f3rie. R\u00f4zne pravidl\u00e1 pre r\u00f4zne oddelenia.<\/p>\n<p>\u013dudia s\u00fa zm\u00e4ten\u00ed. Po\u017eiadavky sa dostan\u00fa k nespr\u00e1vnemu schva\u013eovate\u013eovi. Vracaj\u00fa sa sp\u00e4\u0165. Odkladaj\u00fa sa, k\u00fdm \u013eudia zistia, kto ich m\u00e1 vlastne schv\u00e1li\u0165.<\/p>\n<p>Umel\u00e1 inteligencia pozn\u00e1 pravidl\u00e1 schva\u013eovania:<\/p>\n<ul>\n<li><strong>Smerovanie na z\u00e1klade mno\u017estva:<\/strong> Pod $1 000 pripad\u00e1 na jedn\u00e9ho schva\u013eovate\u013ea. Nad $10,000 je potrebn\u00fd \u010fal\u0161\u00ed podpis.<\/li>\n<li><strong>Smerovanie pod\u013ea kateg\u00f3ri\u00ed:<\/strong> N\u00e1kupy IT potrebuj\u00fa schv\u00e1lenie IT. Kapit\u00e1lov\u00e9 vybavenie potrebuje finan\u010dn\u00fa kontrolu.<\/li>\n<li><strong>Pravidl\u00e1 ministerstva:<\/strong> R\u00f4zne oddelenia maj\u00fa r\u00f4zne \u00farovne delegovania a schva\u013eovacie re\u0165azce.<\/li>\n<li><strong>Politick\u00e9 v\u00fdnimky:<\/strong> Nekatal\u00f3gov\u00e9 polo\u017eky. Nezazmluvnen\u00ed dod\u00e1vatelia. Osobitn\u00e9 po\u017eiadavky na schv\u00e1lenie.<\/li>\n<li><strong>Logika substit\u00facie:<\/strong> Prim\u00e1rny schva\u013eovate\u013e nie je k dispoz\u00edcii? Automaticky sa presmeruje na ur\u010den\u00e9ho n\u00e1hradn\u00edka.<\/li>\n<\/ul>\n<p>Ka\u017ed\u00e1 po\u017eiadavka sa dostane k spr\u00e1vnemu schva\u013eovate\u013eovi hne\u010f na prv\u00fdkr\u00e1t. \u017diadne zm\u00e4tky. \u017diadne zdr\u017eania, k\u00fdm \u013eudia skontroluj\u00fa, kto m\u00e1 \u010do schv\u00e1li\u0165.<\/p>\n<p>A schva\u013eovatelia? T\u00ed dostan\u00fa kontext s ka\u017edou po\u017eiadavkou. \u010co sa objedn\u00e1va. Pre\u010do. Stav rozpo\u010dtu. S\u00falad so zmluvou. \u010ci ide o rutinn\u00fa z\u00e1le\u017eitos\u0165, alebo je potrebn\u00e9 ju skontrolova\u0165. V pr\u00edpade potreby m\u00f4\u017eu r\u00fdchlo schv\u00e1li\u0165.<\/p>\n\n\n<h4 class=\"wp-block-heading\">Navrhuje preferovan\u00fdch dod\u00e1vate\u013eov<\/h4>\n\n\n<p>Niekto po\u017eaduje kancel\u00e1rske potreby. Ktor\u00e9ho dod\u00e1vate\u013ea by ste mali pou\u017ei\u0165?<\/p>\n<p>Va\u0161a spolo\u010dnos\u0165 m\u00e1 troch zmluvn\u00fdch dod\u00e1vate\u013eov kancel\u00e1rskych potrieb. Ka\u017ed\u00fd z nich m\u00e1 in\u00e9 ceny za r\u00f4zne polo\u017eky. R\u00f4zne dodacie lehoty. R\u00f4zne minim\u00e1lne objedn\u00e1vky.<\/p>\n<p>Kupuj\u00faci to vedia. Vyjedn\u00e1vali o zmluv\u00e1ch. Ale \u017eiadatelia to nevedia. A n\u00e1kupcovia nechc\u00fa ru\u010dne vyh\u013ead\u00e1va\u0165, ktor\u00fd dod\u00e1vate\u013e je najlep\u0161\u00ed pre ka\u017ed\u00fa z\u00e1kazku.<\/p>\n<p>Umel\u00e1 inteligencia automaticky odpor\u00fa\u010da dod\u00e1vate\u013eov:<\/p>\n<ul>\n<li><strong>Najlep\u0161ie ceny:<\/strong> Porovn\u00e1 zmluvn\u00e9 ceny po\u017eadovan\u00fdch polo\u017eiek od r\u00f4znych dod\u00e1vate\u013eov.<\/li>\n<li><strong>R\u00fdchlos\u0165 dodania:<\/strong> Faktory naliehavosti a \u010dasu realiz\u00e1cie dod\u00e1vate\u013ea.<\/li>\n<li><strong>Mo\u017enos\u0165 konsolid\u00e1cie:<\/strong> Ak existuj\u00fa \u010fal\u0161ie otvoren\u00e9 objedn\u00e1vky, navrhnite ich kombin\u00e1ciu, aby ste splnili po\u017eiadavky na minim\u00e1lnu objedn\u00e1vku.<\/li>\n<li><strong>Dodr\u017eiavanie zmluvy:<\/strong> Uprednost\u0148uje dod\u00e1vate\u013eov, u ktor\u00fdch je potrebn\u00e9 splni\u0165 objemov\u00e9 z\u00e1v\u00e4zky.<\/li>\n<li><strong>V\u00fdkonnos\u0165 v minulosti:<\/strong> Zoh\u013ead\u0148uje spo\u013eahlivos\u0165 dod\u00e1vok a hist\u00f3riu kvality.<\/li>\n<\/ul>\n<p>Objedn\u00e1vka sa za\u0161le dod\u00e1vate\u013eovi, ktor\u00fd v\u00e1m poskytne najlep\u0161iu cenu. Nie n\u00e1hodne. Nie tomu, koho \u017eiadate\u013e n\u00e1hodou pozn\u00e1. Dod\u00e1vate\u013eovi, s ktor\u00fdm bola uzavret\u00e1 zmluva a ktor\u00fd m\u00e1 pre dan\u00fa z\u00e1kazku najlep\u0161ie podmienky.<\/p>\n<p>Zvy\u0161uje sa dodr\u017eiavanie zmluvy. Va\u0161e dohodnut\u00e9 podmienky sa skuto\u010dne pou\u017e\u00edvaj\u00fa. Dod\u00e1vatelia plnia objemov\u00e9 z\u00e1v\u00e4zky, preto\u017ee objedn\u00e1vky pr\u00fadia tam, kam maj\u00fa.<\/p>\n\n\n<h4 class=\"wp-block-heading\">Overuje objedn\u00e1vky na z\u00e1klade zml\u00fav<\/h4>\n\n\n<p>O zmluv\u00e1ch ste rokovali z ur\u010dit\u00e9ho d\u00f4vodu. Lep\u0161ie ceny. Dohodnut\u00e9 podmienky. Mno\u017estevn\u00e9 z\u013eavy. Ak v\u0161ak objedn\u00e1vky nezodpovedaj\u00fa zmluvn\u00fdm podmienkam, o v\u00fdhody pr\u00eddete.<\/p>\n<p>AI overuje ka\u017ed\u00fa objedn\u00e1vku na z\u00e1klade zmluvn\u00fdch podmienok:<\/p>\n<ul>\n<li><strong>Overenie ceny:<\/strong> Je to zmluvn\u00e1 cena? Ak nie, ozna\u010dte ju a vysvetlite odch\u00fdlku.<\/li>\n<li><strong>Dodr\u017eiavanie term\u00ednov:<\/strong> Objedn\u00e1vame v r\u00e1mci dohodnut\u00fdch minim\u00e1lnych\/maxim\u00e1lnych mno\u017estiev?<\/li>\n<li><strong>Overenie z\u013eavy:<\/strong> Uplat\u0148uj\u00fa sa zmluvn\u00e9 z\u013eavy? Vypo\u010d\u00edtavaj\u00fa sa objemov\u00e9 prest\u00e1vky spr\u00e1vne?<\/li>\n<li><strong>Zodpovedaj\u00faci v\u00fdrobok:<\/strong> Ide o zmluvn\u00fa polo\u017eku alebo podobn\u00fa n\u00e1hradu za in\u00fa cenu?<\/li>\n<li><strong>Platobn\u00e9 podmienky:<\/strong> Pou\u017e\u00edvame dohodnut\u00e9 platobn\u00e9 podmienky alebo in\u00e9 podmienky?<\/li>\n<\/ul>\n<p>Ak sa objedn\u00e1vka nezhoduje so zmluvou, syst\u00e9m AI ju ozna\u010d\u00ed e\u0161te pred odoslan\u00edm objedn\u00e1vky.<\/p>\n<p>Mo\u017eno je cena vy\u0161\u0161ia, ako bolo dohodnut\u00e9. Mo\u017eno dod\u00e1vate\u013e \"omylom\" odstr\u00e1nil z\u013eavu. Mo\u017eno niekto objedn\u00e1va nezmluvn\u00fa polo\u017eku, hoci existuje zmluvn\u00e1 alternat\u00edva.<\/p>\n<p>Zachyt\u00edte ju sk\u00f4r, ako za \u0148u zaplat\u00edte. Nie po\u010das ods\u00fahlasovania fakt\u00far, ke\u010f je u\u017e neskoro.<\/p>\n<p>Nejde o ned\u00f4veru vo\u010di dod\u00e1vate\u013eom. Ide o to, aby sa podmienky, ktor\u00e9 ste vyjednali, skuto\u010dne uplat\u0148ovali na ka\u017ed\u00fa objedn\u00e1vku.<\/p>\n\n\n<h4 class=\"wp-block-heading\">Proakt\u00edvne sleduje stav objedn\u00e1vky<\/h4>\n\n\n<p>Objedn\u00e1vky sa odosielaj\u00fa. Potom sa za\u010dn\u00fa ot\u00e1zky. \"Kde je moja objedn\u00e1vka?\" \"Kedy pr\u00edde?\" \"Potvrdil ju dod\u00e1vate\u013e?\"<\/p>\n<p>Kupuj\u00faci tieto ot\u00e1zky klad\u00fa neust\u00e1le. Kontroluj\u00fa syst\u00e9my. Telefonuj\u00fa dod\u00e1vate\u013eom. Posielaj\u00fa e-maily. Aktualiz\u00e1cia stavu je pr\u00e1ca na pln\u00fd \u00fav\u00e4zok.<\/p>\n<p>AI automaticky monitoruje stav objedn\u00e1vky:<\/p>\n<ul>\n<li><strong>Potvrdenie dod\u00e1vate\u013ea:<\/strong> Potvrdil dod\u00e1vate\u013e objedn\u00e1vku? Akceptoval d\u00e1tum dodania? Upozornil na ak\u00e9ko\u013evek nezrovnalosti?<\/li>\n<li><strong>Sledovanie v\u00fdroby\/odosielania:<\/strong> Je objedn\u00e1vka v s\u00falade s harmonogramom? Bola odoslan\u00e1? Kde sa nach\u00e1dza na ceste?<\/li>\n<li><strong>Monitorovanie dod\u00e1vok:<\/strong> O\u010dak\u00e1van\u00fd d\u00e1tum dodania sa bl\u00ed\u017ei. Pri\u0161iel? Bola prijat\u00e1 do skladu?<\/li>\n<li><strong>Upozornenia na v\u00fdnimky:<\/strong> Oneskorenia. Sp\u00e4tn\u00e9 objedn\u00e1vky. Probl\u00e9my s kvalitou ozna\u010den\u00e9 pri pr\u00edjme. Nezrovnalosti v mno\u017estve.<\/li>\n<li><strong>Proakt\u00edvna komunik\u00e1cia:<\/strong> Automaticky aktualizuje \u017eiadate\u013eov. Eskaluje na kupuj\u00facich len vtedy, ke\u010f je potrebn\u00fd z\u00e1sah.<\/li>\n<\/ul>\n<p>\u017diadatelia dost\u00e1vaj\u00fa aktualiz\u00e1cie stavu bez po\u017eiadania. Kupuj\u00faci sa zameriavaj\u00fa na v\u00fdnimky, nie na rutinn\u00e9 kontroly stavu.<\/p>\n<p>Oneskorenie objedn\u00e1vky? Umel\u00e1 inteligencia upozorn\u00ed \u017eiadate\u013ea a kupuj\u00faceho sk\u00f4r, ako sa niekto mus\u00ed op\u00fdta\u0165. Poskytuje kontext - pre\u010do sa oneskorila, nov\u00fd o\u010dak\u00e1van\u00fd d\u00e1tum, \u010di existuj\u00fa alternat\u00edvy.<\/p>\n<p>Probl\u00e9my sa rie\u0161ia proakt\u00edvne. Neobjav\u00ed sa, ke\u010f sa niekto sp\u00fdta: \"Hej, kde je t\u00e1 objedn\u00e1vka, ktor\u00fa som zadal pred tromi t\u00fd\u017ed\u0148ami?\"<\/p>\n\n\n<hr class=\"wp-block-separator has-alpha-channel-opacity\"\/>\n\n\n\n<h3 class=\"wp-block-heading\">\u010co to pre v\u00e1s znamen\u00e1<\/h3>\n\n\n\n<h4 class=\"wp-block-heading\">Pre CPO a ved\u00facich pracovn\u00edkov v oblasti obstar\u00e1vania<\/h4>\n\n\n<p>Z\u00edskate kontrolu a preh\u013ead nad cel\u00fdm procesom od n\u00e1kupu po objedn\u00e1vku.<\/p>\n<ul>\n<li><strong>Vy\u0161\u0161ia miera dodr\u017eiavania zml\u00fav:<\/strong> Objedn\u00e1vky smeruj\u00fa k zmluvn\u00fdm dod\u00e1vate\u013eom. Vyu\u017e\u00edvaj\u00fa sa dohodnut\u00e9 podmienky. Objemov\u00e9 z\u00e1v\u00e4zky sa plnia.<\/li>\n<li><strong>Menej maverick v\u00fddavkov:<\/strong> Ak je schv\u00e1len\u00fd proces r\u00fdchly, \u013eudia ho vyu\u017e\u00edvaj\u00fa namiesto toho, aby ho obch\u00e1dzali.<\/li>\n<li><strong>R\u00fdchlej\u0161ie cykly obstar\u00e1vania:<\/strong> \u0160tandardn\u00e9 objedn\u00e1vky sa sprac\u00favaj\u00fa v priebehu nieko\u013ek\u00fdch min\u00fat, nie dn\u00ed. R\u00fdchlej\u0161ie plnenie obchodn\u00fdch potrieb.<\/li>\n<li><strong>Lep\u0161ie pride\u013eovanie zdrojov:<\/strong> N\u00e1kupcovia pracuj\u00fa na komplexn\u00fdch n\u00e1kupoch a rokovaniach, nie na be\u017enom spracovan\u00ed objedn\u00e1vok.<\/li>\n<li><strong>Vidite\u013enos\u0165 v\u00fddavkov:<\/strong> V\u0161etky objedn\u00e1vky prech\u00e1dzaj\u00fa syst\u00e9mom. \u00dapln\u00fd preh\u013ead o tom, \u010do sa nakupuje a od koho.<\/li>\n<\/ul>\n\n\n<h4 class=\"wp-block-heading\">Pre mana\u017e\u00e9rov obstar\u00e1vania a n\u00e1kupcov<\/h4>\n\n\n<p>Prestanete by\u0165 centrom na spracovanie po\u017eiadaviek a stanete sa strategickou funkciou.<\/p>\n<ul>\n<li><strong>Presta\u0148te spracov\u00e1va\u0165 be\u017en\u00e9 objedn\u00e1vky:<\/strong> \u0160tandardn\u00e9 po\u017eiadavky sa automaticky sprac\u00favaj\u00fa. Vyrie\u0161ite len to, \u010do potrebuje odbornos\u0165.<\/li>\n<li><strong>Zamerajte sa na komplexn\u00e9 n\u00e1kupy:<\/strong> \u010cas na vyjedn\u00e1vanie. Riadenie vz\u0165ahov s dod\u00e1vate\u013emi. Strategick\u00e9 obstar\u00e1vanie.<\/li>\n<li><strong>Lep\u0161ie vyu\u017e\u00edvanie zml\u00fav:<\/strong> Objedn\u00e1vky sa automaticky posielaj\u00fa spr\u00e1vnym dod\u00e1vate\u013eom za spr\u00e1vnych podmienok.<\/li>\n<li><strong>Menej kontroly stavu:<\/strong> Automatick\u00e9 sledovanie rie\u0161i be\u017en\u00e9 ot\u00e1zky. Vy sa s\u00fastred\u00edte na v\u00fdnimky.<\/li>\n<li><strong>Jasn\u00e9 pracovn\u00e9 za\u0165a\u017eenie:<\/strong> Zistite, \u010domu je potrebn\u00e9 venova\u0165 pozornos\u0165. To, \u010do je rutinn\u00e1 z\u00e1le\u017eitos\u0165, sa vybavuje automaticky.<\/li>\n<\/ul>\n\n\n<h4 class=\"wp-block-heading\">Pre \u017eiadate\u013eov a podnikov\u00fdch pou\u017e\u00edvate\u013eov<\/h4>\n\n\n<p>Dostanete to, \u010do potrebujete, r\u00fdchlej\u0161ie a bez probl\u00e9mov.<\/p>\n<ul>\n<li><strong>R\u00fdchlej\u0161ie objedn\u00e1vky:<\/strong> \u0160tandardn\u00e9 po\u017eiadavky schv\u00e1len\u00e9 a objednan\u00e9 v priebehu nieko\u013ek\u00fdch min\u00fat. U\u017e \u017eiadne dni \u010dakania na be\u017en\u00e9 polo\u017eky.<\/li>\n<li><strong>Jasn\u00fd stav:<\/strong> Viem, kde je va\u0161a objedn\u00e1vka bez toho, aby som sa p\u00fdtal. Proakt\u00edvne aktualiz\u00e1cie o doru\u010den\u00ed.<\/li>\n<li><strong>Jednoduch\u00fd postup:<\/strong> Jasn\u00e9 usmernenie o tom, \u010do je potrebn\u00e9. Okam\u017eit\u00e1 sp\u00e4tn\u00e1 v\u00e4zba, ak nie\u010do nie je v poriadku.<\/li>\n<li><strong>Lep\u0161ie slu\u017eby:<\/strong> Automaticky navrhnut\u00ed preferovan\u00ed dod\u00e1vatelia. Najlep\u0161ie dodacie lehoty a podmienky.<\/li>\n<li><strong>U\u017e \u017eiadne obch\u00e1dzky:<\/strong> Schv\u00e1len\u00fd proces je dostato\u010dne r\u00fdchly na to, aby ste ho nemuseli obch\u00e1dza\u0165.<\/li>\n<\/ul>\n\n\n<hr class=\"wp-block-separator has-alpha-channel-opacity\"\/>\n\n\n\n<h3 class=\"wp-block-heading\">\u010co AI neurob\u00ed<\/h3>\n\n\n<p>Ujasnime si, \u010do to nie je.<\/p>\n<p>AI neschva\u013euje n\u00e1kupy. Schva\u013euj\u00fa ich \u013eudia. Umel\u00e1 inteligencia len presmeruje po\u017eiadavky na spr\u00e1vneho schva\u013eovate\u013ea so spr\u00e1vnymi inform\u00e1ciami.<\/p>\n<p>Umel\u00e1 inteligencia nenahr\u00e1dza \u00fasudok kupuj\u00faceho pri zlo\u017eit\u00fdch n\u00e1kupoch. Nov\u00ed dod\u00e1vatelia. Ne\u0161tandardn\u00e9 polo\u017eky. Kapit\u00e1lov\u00e9 vybavenie. Strategick\u00e9 n\u00e1kupy. Tie potrebuj\u00fa \u013eudsk\u00e9 odborn\u00e9 znalosti.<\/p>\n<p>Umel\u00e1 inteligencia neodstra\u0148uje v\u0161etku manu\u00e1lnu pr\u00e1cu. Niektor\u00e9 po\u017eiadavky s\u00fa zlo\u017eit\u00e9. Niektor\u00e9 objedn\u00e1vky si vy\u017eaduj\u00fa \u0161peci\u00e1lnu manipul\u00e1ciu. Niektor\u00e9 situ\u00e1cie si vy\u017eaduj\u00fa \u013eudsk\u00fd \u00fasudok o riziku, kvalite alebo v\u00fdbere dod\u00e1vate\u013ea.<\/p>\n<p>Umel\u00e1 inteligencia sa star\u00e1 o rutinu. \u0160tandardn\u00e9 pr\u00edkazy, ktor\u00e9 sa riadia vzormi. 80% objedn\u00e1vok, ktor\u00e9 nepotrebuj\u00fa \u013eudsk\u00fa odbornos\u0165, ale v minulosti ju aj tak z\u00edskali, preto\u017ee proces vy\u017eadoval manu\u00e1lne spracovanie.<\/p>\n<p>Va\u0161i kupuj\u00faci sa st\u00e1le rozhoduj\u00fa. Len sa rozhoduj\u00fa o veciach, ktor\u00e9 skuto\u010dne potrebuj\u00fa ich odborn\u00e9 znalosti.<\/p>\n\n\n<hr class=\"wp-block-separator has-alpha-channel-opacity\"\/>\n\n\n\n<h3 class=\"wp-block-heading\">Skuto\u010dn\u00e9 v\u00fdsledky z po\u017eiadaviek a objedn\u00e1vok AI<\/h3>\n\n\n<p>Ako to vyzer\u00e1 v praxi:<\/p>\n\n<p><strong>70-80% automaticky spracovan\u00fdch po\u017eiadaviek:<\/strong> \u0160tandardn\u00e9 objedn\u00e1vky prech\u00e1dzaj\u00fa bez z\u00e1sahu kupuj\u00faceho. Kupuj\u00faci sa zameriavaj\u00fa na 20-30%, ktor\u00e9 potrebuj\u00fa odborn\u00e9 znalosti.<\/p>\n\n<p><strong>Skr\u00e1tenie \u010dasu schva\u013eovacieho cyklu o 50-70%:<\/strong> Po\u017eiadavky sa okam\u017eite dostan\u00fa k spr\u00e1vnemu schva\u013eovate\u013eovi. \u017diadny zm\u00e4tok, \u017eiadne oneskorenia, \u017eiadne pos\u00favanie sa sp\u00e4\u0165.<\/p>\n\n<p><strong>Zvy\u0161uje sa s\u00falad so zmluvou 15-30%:<\/strong> Objedn\u00e1vky automaticky pr\u00fadia k zmluvn\u00fdm dod\u00e1vate\u013eom za zmluvn\u00fdch podmienok. Maverick v\u00fddavky klesaj\u00fa.<\/p>\n\n<p><strong>Uvo\u013enenie kapacity kupuj\u00facich:<\/strong> Hodiny denne z\u00edskan\u00e9 z be\u017en\u00e9ho spracovania objedn\u00e1vok. \u010cas presunut\u00fd na strategick\u00e9 obstar\u00e1vanie a rokovania.<\/p>\n\n<p><strong>Lep\u0161ia pou\u017e\u00edvate\u013esk\u00e1 sk\u00fasenos\u0165:<\/strong> Dostato\u010dne r\u00fdchle, aby \u013eudia pou\u017e\u00edvali syst\u00e9m namiesto h\u013eadania obch\u00e1dzok. Vy\u0161\u0161ie prijatie znamen\u00e1 lep\u0161\u00ed preh\u013ead o v\u00fddavkoch.<\/p>\n\n<p>Nejde o zni\u017eovanie po\u010dtu zamestnancov v oblasti verejn\u00e9ho obstar\u00e1vania. Ide o to, aby obstar\u00e1vanie mohlo vykon\u00e1va\u0165 viac strategickej pr\u00e1ce s rovnak\u00fdmi zdrojmi.<\/p>\n\n\n<hr class=\"wp-block-separator has-alpha-channel-opacity\"\/>\n\n\n\n<h3 class=\"wp-block-heading\">Ste pripraven\u00ed zr\u00fdchli\u0165 proces od n\u00e1kupu k objedn\u00e1vke?<\/h3>\n\n\n<p>Ka\u017ed\u00e1 spolo\u010dnos\u0165 m\u00e1 in\u00fd proces objedn\u00e1vania a objedn\u00e1vania. Va\u0161e pracovn\u00e9 postupy schva\u013eovania odr\u00e1\u017eaj\u00fa va\u0161u organiza\u010dn\u00fa \u0161trukt\u00faru. Va\u0161a dod\u00e1vate\u013esk\u00e1 z\u00e1klad\u0148a m\u00e1 jedine\u010dn\u00e9 charakteristiky. Va\u0161e kateg\u00f3rie maj\u00fa r\u00f4zne po\u017eiadavky.<\/p>\n<p>Nepred\u00e1vame v\u0161eobecn\u00fa automatiz\u00e1ciu obstar\u00e1vania. Pozorujeme v\u00e1\u0161 \u0161pecifick\u00fd proces od po\u017eiadavky po objedn\u00e1vku. Identifikujeme, ktor\u00e9 objedn\u00e1vky mo\u017eno automatizova\u0165 a ktor\u00e9 potrebuj\u00fa \u013eudsk\u00e9 sk\u00fasenosti. Vytv\u00e1rame syst\u00e9my, ktor\u00e9 zodpovedaj\u00fa skuto\u010dn\u00e9mu fungovaniu va\u0161ej organiz\u00e1cie.<\/p>\n<p>Nes\u013eubujeme, \u017ee v\u0161etko bude automatizovan\u00e9. Len praktick\u00e1 umel\u00e1 inteligencia, ktor\u00e1 sa postar\u00e1 o be\u017en\u00e9 objedn\u00e1vky, aby sa va\u0161i n\u00e1kupcovia mohli s\u00fastredi\u0165 na strategick\u00e9 obstar\u00e1vanie.<\/p>\n\n<p><a href=\"https:\/\/www.leaplytics.de\/sk\/kontakt\/\">Po\u010fme si pohovori\u0165 o va\u0161om procese zad\u00e1vania po\u017eiadaviek<\/a><\/p>\n\n<p><a href=\"https:\/\/www.leaplytics.de\/sk\/obstaravanie-ai\/\">Sp\u00e4\u0165 na Sourcing &amp; Procurement AI<\/a><\/p>","protected":false},"excerpt":{"rendered":"<p>AI for Purchase Requisition &#038; Ordering: Speed Up the Buying Process Purchase requisitions and ordering should be simple. Someone needs something. They request it. It gets approved. The order goes out. Done. But it&#8217;s not simple. Requisitions sit in inboxes waiting for approval. Buyers manually process routine orders. People don&#8217;t know which supplier to use. &hellip; <\/p>","protected":false},"author":2,"featured_media":0,"parent":0,"menu_order":0,"comment_status":"closed","ping_status":"closed","template":"","meta":{"footnotes":""},"class_list":["post-14511","page","type-page","status-publish","hentry","latest_post"],"_links":{"self":[{"href":"https:\/\/www.leaplytics.de\/sk\/wp-json\/wp\/v2\/pages\/14511","targetHints":{"allow":["GET"]}}],"collection":[{"href":"https:\/\/www.leaplytics.de\/sk\/wp-json\/wp\/v2\/pages"}],"about":[{"href":"https:\/\/www.leaplytics.de\/sk\/wp-json\/wp\/v2\/types\/page"}],"author":[{"embeddable":true,"href":"https:\/\/www.leaplytics.de\/sk\/wp-json\/wp\/v2\/users\/2"}],"replies":[{"embeddable":true,"href":"https:\/\/www.leaplytics.de\/sk\/wp-json\/wp\/v2\/comments?post=14511"}],"version-history":[{"count":1,"href":"https:\/\/www.leaplytics.de\/sk\/wp-json\/wp\/v2\/pages\/14511\/revisions"}],"predecessor-version":[{"id":14518,"href":"https:\/\/www.leaplytics.de\/sk\/wp-json\/wp\/v2\/pages\/14511\/revisions\/14518"}],"wp:attachment":[{"href":"https:\/\/www.leaplytics.de\/sk\/wp-json\/wp\/v2\/media?parent=14511"}],"curies":[{"name":"wp","href":"https:\/\/api.w.org\/{rel}","templated":true}]}}