{"id":14513,"date":"2025-12-19T02:02:54","date_gmt":"2025-12-19T01:02:54","guid":{"rendered":"https:\/\/www.leaplytics.de\/?page_id=14513"},"modified":"2025-12-19T02:02:55","modified_gmt":"2025-12-19T01:02:55","slug":"hodnotenie-dodavatelov-ai","status":"publish","type":"page","link":"https:\/\/www.leaplytics.de\/sk\/hodnotenie-dodavatelov-ai\/","title":{"rendered":"Vyh\u013ead\u00e1vanie a hodnotenie dod\u00e1vate\u013eov AI"},"content":{"rendered":"<h2>AI pre vyh\u013ead\u00e1vanie a hodnotenie dod\u00e1vate\u013eov: R\u00fdchlej\u0161ie vyh\u013ead\u00e1vanie lep\u0161\u00edch dod\u00e1vate\u013eov<\/h2>\n\n<p>N\u00e1jdenie spr\u00e1vneho dod\u00e1vate\u013ea je jedn\u00fdm z najd\u00f4le\u017eitej\u0161\u00edch rozhodnut\u00ed pri obstar\u00e1van\u00ed. Ak ho zvol\u00edte spr\u00e1vne, z\u00edskate kvalitn\u00e9 v\u00fdrobky, spo\u013eahliv\u00e9 dod\u00e1vky a konkurencieschopn\u00e9 ceny. Ak sa rozhodnete zle, budete ma\u0165 probl\u00e9my s oneskoren\u00edm, kvalitou a prekro\u010den\u00edm rozpo\u010dtu.<\/p>\n<p>Vyh\u013ead\u00e1vanie a hodnotenie dod\u00e1vate\u013eov si v\u0161ak vy\u017eaduje \u010das. Re\u00e1lny \u010das. V\u00fdskum. Telefon\u00e1ty. Porovn\u00e1vanie pon\u00fak. Pos\u00fadenie riz\u00edk. Previerky minulosti. Pre ka\u017ed\u00e9ho jedn\u00e9ho dod\u00e1vate\u013ea.<\/p>\n<p>A v\u00e4\u010d\u0161ina t\u00edmov pre verejn\u00e9 obstar\u00e1vanie? Zost\u00e1vaj\u00fa pri t\u00fdch ist\u00fdch dod\u00e1vate\u013eoch, preto\u017ee h\u013eadanie nov\u00fdch je pr\u00edli\u0161 n\u00e1ro\u010dn\u00e9. A to aj vtedy, ke\u010f t\u00edto dod\u00e1vatelia neposkytuj\u00fa najlep\u0161iu hodnotu.<\/p>\n<p>AI to men\u00ed. Vyh\u013ead\u00e1va, vyhodnocuje a porovn\u00e1va dod\u00e1vate\u013eov r\u00fdchlej\u0161ie, ako by to dok\u00e1zal ak\u00fdko\u013evek t\u00edm manu\u00e1lne. Neunavuje sa. Neobmedzuje sa v z\u00e1krut\u00e1ch. Objekt\u00edvne analyzuje ka\u017ed\u00fa mo\u017enos\u0165.<\/p>\n\n\n<hr class=\"wp-block-separator has-alpha-channel-opacity\"\/>\n\n\n\n<h3 class=\"wp-block-heading\">Probl\u00e9m s vyh\u013ead\u00e1van\u00edm dod\u00e1vate\u013eov v s\u00fa\u010dasnosti<\/h3>\n\n\n<p>Takto vyzer\u00e1 zis\u0165ovanie dod\u00e1vate\u013eov pre v\u00e4\u010d\u0161inu t\u00edmov obstar\u00e1vania:<\/p>\n<p>Niekto potrebuje nov\u00e9ho dod\u00e1vate\u013ea. Mo\u017eno ten s\u00fa\u010dasn\u00fd zv\u00fd\u0161il ceny. Mo\u017eno sa zn\u00ed\u017eila kvalita. Mo\u017eno uv\u00e1dzate na trh nie\u010do nov\u00e9.<\/p>\n<p>Kupuj\u00faci teda za\u010dne sk\u00fama\u0165. Vyh\u013ead\u00e1va v Googli. Odvetvov\u00e9 adres\u00e1re. Ve\u013etrhy. Odpor\u00fa\u010dania od kolegov. Hodiny str\u00e1ven\u00e9 h\u013eadan\u00edm potenci\u00e1lnych mo\u017enost\u00ed.<\/p>\n<p>Potom nasleduje hodnotenie. Finan\u010dn\u00e9 kontroly. Pos\u00fadenie schopnost\u00ed. Referen\u010dn\u00e9 v\u00fdzvy. Porovnanie pon\u00fak, ktor\u00e9 nie s\u00fa \u0161trukt\u00farovan\u00e9 rovnako. Snaha o pos\u00fadenie rizika bez \u00fapln\u00fdch inform\u00e1ci\u00ed.<\/p>\n<p>Trv\u00e1 to t\u00fd\u017edne. V pr\u00edpade kritick\u00fdch dod\u00e1vate\u013eov niekedy aj mesiace. A na konci? St\u00e1le v\u00e1m m\u00f4\u017ee unikn\u00fa\u0165 najlep\u0161ia mo\u017enos\u0165, preto\u017ee ste nevedeli, \u017ee existuje.<\/p>\n<p>Alebo e\u0161te hor\u0161ie - n\u00e1jdete dod\u00e1vate\u013ea, ktor\u00fd na papieri vyzer\u00e1 dobre, ale o \u0161es\u0165 mesiacov nesk\u00f4r sp\u00f4sobuje probl\u00e9my, ktor\u00e9 ste mali zachyti\u0165 po\u010das hodnotenia.<\/p>\n\n\n<hr class=\"wp-block-separator has-alpha-channel-opacity\"\/>\n\n\n\n<h3 class=\"wp-block-heading\">\u010co rob\u00ed umel\u00e1 inteligencia pri vyh\u013ead\u00e1van\u00ed a hodnoten\u00ed dod\u00e1vate\u013eov<\/h3>\n\n\n<p>Umel\u00e1 inteligencia nielen ur\u00fdch\u013euje vyh\u013ead\u00e1vanie dod\u00e1vate\u013eov. Rob\u00ed ho lep\u0161\u00edm. D\u00f4kladnej\u0161ie. Objekt\u00edvnej\u0161ie. Tu je n\u00e1vod, ako na to.<\/p>\n\n\n<h4 class=\"wp-block-heading\">Automaticky identifikuje potenci\u00e1lnych dod\u00e1vate\u013eov<\/h4>\n\n\n<p>Povedzte umelej inteligencii, \u010do potrebujete. \u0160pecifik\u00e1cie produktu. Po\u017eiadavky na slu\u017eby. Geografick\u00e9 preferencie. Objem. Certifik\u00e1ty.<\/p>\n<p>Vyh\u013ead\u00e1va v\u0161ade. Verejn\u00e9 datab\u00e1zy. Odvetvov\u00e9 zoznamy. Obchodn\u00e9 registre. Obchodn\u00e9 publik\u00e1cie. Dokonca analyzuje, ktor\u00ed dod\u00e1vatelia sl\u00fa\u017eia va\u0161im konkurentom.<\/p>\n<p>Nen\u00e1jde len zjavn\u00e9 men\u00e1, ktor\u00e9 ka\u017ed\u00fd pozn\u00e1. Objav\u00ed aj men\u0161\u00edch dod\u00e1vate\u013eov, ktor\u00fdch by ste manu\u00e1lne nikdy nena\u0161li. Region\u00e1lnych hr\u00e1\u010dov s lep\u0161\u00edmi cenami. \u0160pecialistov s jedine\u010dn\u00fdmi schopnos\u0165ami.<\/p>\n<p>Komplexn\u00fd zoznam z\u00edskate za nieko\u013eko min\u00fat. Nie troch dod\u00e1vate\u013eov, ktor\u00fdch niekto n\u00e1hodou pozn\u00e1. Ka\u017ed\u00fa re\u00e1lnu mo\u017enos\u0165.<\/p>\n\n\n<h4 class=\"wp-block-heading\">Komplexn\u00e9 pos\u00fadenie rizika dod\u00e1vate\u013ea<\/h4>\n\n\n<p>UI zhroma\u017e\u010fuje inform\u00e1cie o rizik\u00e1ch z viacer\u00fdch zdrojov:<\/p>\n<ul>\n<li><strong>Finan\u010dn\u00e1 stabilita:<\/strong> Finan\u010dn\u00e9 \u00fadaje spolo\u010dnosti. \u00daverov\u00e9 ratingy. Hist\u00f3ria platieb. Ukazovatele pe\u0148a\u017en\u00fdch tokov.<\/li>\n<li><strong>Hist\u00f3ria dodr\u017eiavania predpisov:<\/strong> Poru\u0161enia pr\u00e1vnych predpisov. Pr\u00e1vne ot\u00e1zky. Sankcie v odvetv\u00ed. Certifik\u00e1ty kvality.<\/li>\n<li><strong>Sign\u00e1ly reput\u00e1cie:<\/strong> Zmienky v spr\u00e1vach. Recenzie z\u00e1kazn\u00edkov. Hodnotenia v odvetv\u00ed. N\u00e1lady v soci\u00e1lnych m\u00e9di\u00e1ch.<\/li>\n<li><strong>Prev\u00e1dzkov\u00e1 kapacita:<\/strong> V\u00fdrobn\u00e1 kapacita. Zoznam klientov. Geografick\u00e1 p\u00f4sobnos\u0165. Technologick\u00e1 infra\u0161trukt\u00fara.<\/li>\n<li><strong>Riziko dod\u00e1vate\u013esk\u00e9ho re\u0165azca:<\/strong> Z\u00e1vislos\u0165 na jednotliv\u00fdch zdrojoch. Geografick\u00e1 koncentr\u00e1cia. Geopolitick\u00e1 expoz\u00edcia.<\/li>\n<\/ul>\n<p>Nezhroma\u017e\u010fuje len \u00fadaje. Analyzuje ich. Ozna\u010duje \u010derven\u00e9 vlajky. Hodnot\u00ed \u00farovne rizika. Ukazuje, \u010do je d\u00f4le\u017eit\u00e9.<\/p>\n<p>Dod\u00e1vate\u013e vyzer\u00e1 skvele, ale m\u00e1 tri \u017ealoby od z\u00e1kazn\u00edkov? AI ho ozna\u010d\u00ed. Mal\u00e1 spolo\u010dnos\u0165 s dobr\u00fdmi finan\u010dn\u00fdmi v\u00fdsledkami, ale z\u00e1visl\u00e1 od jedin\u00e9ho z\u00e1kazn\u00edka? Viete to sk\u00f4r, ako sa zavia\u017eete.<\/p>\n\n\n<h4 class=\"wp-block-heading\">Hodnotenie kvalifik\u00e1cie dod\u00e1vate\u013eov na z\u00e1klade va\u0161ich krit\u00e9ri\u00ed<\/h4>\n\n\n<p>Ka\u017ed\u00e1 spolo\u010dnos\u0165 m\u00e1 in\u00e9 po\u017eiadavky na dod\u00e1vate\u013eov. Niektor\u00e9 uprednost\u0148uj\u00fa certifik\u00e1cie. Niektor\u00e9 potrebuj\u00fa \u0161pecifick\u00e9 schopnosti. Niektor\u00e9 vy\u017eaduj\u00fa geografick\u00fa bl\u00edzkos\u0165.<\/p>\n<p>Svoje krit\u00e9ri\u00e1 si ur\u010d\u00edte sami. Umel\u00e1 inteligencia na ich z\u00e1klade vyhodnot\u00ed ka\u017ed\u00e9ho dod\u00e1vate\u013ea:<\/p>\n<ul>\n<li>Maj\u00fa spr\u00e1vne certifik\u00e1ty? (ISO, priemyseln\u00e9 normy, normy kvality)<\/li>\n<li>Zvl\u00e1dnu v\u00e1\u0161 objem? (V\u00fdrobn\u00e1 kapacita, \u0161k\u00e1lovate\u013enos\u0165, \u010dasy dodania)<\/li>\n<li>Maj\u00fa relevantn\u00e9 sk\u00fasenosti? (podobn\u00e9 produkty, znalosti v odvetv\u00ed, referencie klientov)<\/li>\n<li>S\u00fa finan\u010dne stabiln\u00e9? (Pr\u00edjmy, ziskovos\u0165, \u00faverov\u00fd rating)<\/li>\n<li>Sp\u013a\u0148aj\u00fa technick\u00e9 po\u017eiadavky? (vybavenie, procesy, technol\u00f3gie)<\/li>\n<\/ul>\n<p>Ka\u017ed\u00fd dod\u00e1vate\u013e je hodnoten\u00fd. Hodnotenie. Porovn\u00e1va sa. Zist\u00edte, kto skuto\u010dne sp\u013a\u0148a va\u0161e potreby, nie kto m\u00e1 najlep\u0161ie predajn\u00e9 argumenty.<\/p>\n<p>A ke\u010f sa va\u0161e krit\u00e9ri\u00e1 zmenia? Jedenkr\u00e1t aktualizujte sk\u00f3rovac\u00ed model. Ka\u017ed\u00fd dod\u00e1vate\u013e sa okam\u017eite prehodnot\u00ed.<\/p>\n\n\n<h4 class=\"wp-block-heading\">Inteligentne porovn\u00e1va cit\u00e1ty<\/h4>\n\n\n<p>Ponuky posielaj\u00fa traja dod\u00e1vatelia. V\u0161etky vyzeraj\u00fa inak. R\u00f4zne polo\u017eky. R\u00f4zne podmienky. R\u00f4zne \u0161trukt\u00fary zliav. Porovna\u0165 ich ru\u010dne znamen\u00e1 vytvori\u0165 tabu\u013eku a d\u00fafa\u0165, \u017ee ste ni\u010d neprehliadli.<\/p>\n<p>AI \u0161tandardizuje porovn\u00e1vanie pon\u00fak:<\/p>\n<ul>\n<li><strong>Anal\u00fdza celkov\u00fdch n\u00e1kladov:<\/strong> Nielen jednotkov\u00e1 cena. Preprava. Minim\u00e1lne objedn\u00e1vky. Platobn\u00e9 podmienky. Skryt\u00e9 poplatky. Skuto\u010dn\u00e9 celkov\u00e9 n\u00e1klady.<\/li>\n<li><strong>Normaliz\u00e1cia term\u00ednov:<\/strong> Prevedie r\u00f4zne \u0161trukt\u00fary cenov\u00fdch pon\u00fak na vz\u00e1jomn\u00e9 porovnanie. Vid\u00ed cez cenov\u00e9 hry.<\/li>\n<li><strong>Ukazovatele kvality:<\/strong> Faktory z\u00e1ru\u010dn\u00fdch podmienok. Certifik\u00e1ty kvality. Miera chybovosti z predch\u00e1dzaj\u00facich objedn\u00e1vok. Z\u00e1sady vr\u00e1tenia tovaru.<\/li>\n<li><strong>Rozdiely v \u00farovni slu\u017eieb:<\/strong> R\u00fdchlos\u0165 dodania. Flexibilita objedn\u00e1vky. Z\u00e1kazn\u00edcka podpora. Technick\u00e1 pomoc. Nie v\u0161etko je o cene.<\/li>\n<li><strong>Zmluvn\u00e9 podmienky:<\/strong> Platobn\u00e9 podmienky. Objemov\u00e9 z\u00e1v\u00e4zky. Dolo\u017eky o \u00faprave cien. Podmienky ukon\u010denia zmluvy.<\/li>\n<\/ul>\n<p>Umel\u00e1 inteligencia v\u00e1m uk\u00e1\u017ee, ktor\u00e1 ponuka je v skuto\u010dnosti lep\u0161ia. Nielen lacnej\u0161ia, ale aj v\u00fdhodnej\u0161ia.<\/p>\n<p>Niekedy je najni\u017e\u0161ia cena drah\u0161ia, ke\u010f zoh\u013eadn\u00edte probl\u00e9my s kvalitou, pomal\u00e9 dodanie alebo nepru\u017en\u00e9 podmienky. Umel\u00e1 inteligencia to spo\u010d\u00edta.<\/p>\n\n\n<h4 class=\"wp-block-heading\">Priebe\u017ene monitoruje spravodajstvo o trhu<\/h4>\n\n\n<p>Hodnotenie dod\u00e1vate\u013ea nie je jednorazov\u00e1 udalos\u0165. Trhy sa menia. Ceny kol\u00ed\u0161u. Podmienky dod\u00e1vok sa menia. Na trh vstupuj\u00fa nov\u00ed dod\u00e1vatelia.<\/p>\n<p>AI monitoruje nepretr\u017eite:<\/p>\n<ul>\n<li><strong>Cenov\u00e9 trendy:<\/strong> Plat\u00edte vy\u0161\u0161ie ako trhov\u00e9 ceny? Rast\u00fa alebo klesaj\u00fa ceny? Kedy by ste mali znovu rokova\u0165?<\/li>\n<li><strong>Podmienky z\u00e1sobovania:<\/strong> Nedostatok materi\u00e1lu. Kapacitn\u00e9 obmedzenia. Zmeny \u010dasu realiz\u00e1cie. Ukazovatele dod\u00e1vate\u013esk\u00e9ho rizika.<\/li>\n<li><strong>Zmeny v odvetv\u00ed:<\/strong> Nov\u00e9 technol\u00f3gie. Regula\u010dn\u00e9 zmeny. Konsolid\u00e1cia trhu. F\u00fazie alebo zatv\u00e1ranie dod\u00e1vate\u013eov.<\/li>\n<li><strong>Konkuren\u010dn\u00e9 spravodajstvo:<\/strong> Ko\u013eko platia podobn\u00e9 spolo\u010dnosti? Ktor\u00fdch dod\u00e1vate\u013eov pou\u017e\u00edvaj\u00fa? Posuny v postaven\u00ed na trhu.<\/li>\n<li><strong>Alternat\u00edvne zdroje:<\/strong> Vstup nov\u00fdch dod\u00e1vate\u013eov na trh. Geografick\u00e9 zmeny vo v\u00fdrobe. N\u00e1hradn\u00e9 materi\u00e1ly alebo v\u00fdrobky.<\/li>\n<\/ul>\n<p>Podmienky na trhu nemus\u00edte sk\u00fama\u0165 ru\u010dne. Umel\u00e1 inteligencia v\u00e1m prin\u00e1\u0161a inform\u00e1cie, ke\u010f je to d\u00f4le\u017eit\u00e9.<\/p>\n<p>Do va\u0161ej kateg\u00f3rie pr\u00e1ve vst\u00fapil nov\u00fd dod\u00e1vate\u013e s lep\u0161ou technol\u00f3giou? AI v\u00e1m to povie. Ceny surov\u00edn klesaj\u00fa, ale v\u00e1\u0161 dod\u00e1vate\u013e sa neprisp\u00f4sobil? Viete to pred \u010fal\u0161\u00edm rokovan\u00edm.<\/p>\n\n\n<hr class=\"wp-block-separator has-alpha-channel-opacity\"\/>\n\n\n\n<h3 class=\"wp-block-heading\">\u010co to pre v\u00e1s znamen\u00e1<\/h3>\n\n\n\n<h4 class=\"wp-block-heading\">Pre CPO a ved\u00facich pracovn\u00edkov v oblasti obstar\u00e1vania<\/h4>\n\n\n<p>Z\u00edskate mo\u017enos\u0165 strategick\u00e9ho z\u00edskavania zdrojov bez toho, aby ste museli roz\u0161irova\u0165 svoj t\u00edm.<\/p>\n<ul>\n<li><strong>Lep\u0161\u00ed v\u00fdber dod\u00e1vate\u013eov:<\/strong> Viac hodnoten\u00fdch mo\u017enost\u00ed. Objekt\u00edvne bodovanie. Rozhodnutia zalo\u017een\u00e9 na d\u00f4kazoch.<\/li>\n<li><strong>Ni\u017e\u0161ie riziko:<\/strong> V\u010dasn\u00e9 varovanie pred probl\u00e9mami dod\u00e1vate\u013ea. Komplexn\u00e9 pos\u00fadenie riz\u00edk pred prijat\u00edm z\u00e1v\u00e4zku.<\/li>\n<li><strong>Konkurencieschopnej\u0161ie ceny:<\/strong> Prieskum trhu pre rokovania. Preh\u013ead o cenov\u00fdch trendoch a alternat\u00edvach.<\/li>\n<li><strong>Strategick\u00e9 zameranie:<\/strong> V\u00e1\u0161 t\u00edm namiesto h\u013eadania dod\u00e1vate\u013eov rokuje a buduje vz\u0165ahy.<\/li>\n<li><strong>R\u00fdchlej\u0161ie cykly z\u00edskavania zdrojov:<\/strong> T\u00fd\u017edne v\u00fdskumu stla\u010den\u00e9 do nieko\u013ek\u00fdch dn\u00ed. R\u00fdchlej\u0161ia reakcia na obchodn\u00e9 potreby.<\/li>\n<\/ul>\n\n\n<h4 class=\"wp-block-heading\">Pre mana\u017e\u00e9rov obstar\u00e1vania a n\u00e1kupcov<\/h4>\n\n\n<p>\u010cas venujete rokovaniam a vz\u0165ahom, nie v\u00fdskumu.<\/p>\n<ul>\n<li><strong>Komplexn\u00e9 mo\u017enosti dod\u00e1vate\u013ea:<\/strong> Pozrite si v\u0161etk\u00fdch mo\u017en\u00fdch dod\u00e1vate\u013eov, nielen t\u00fdch, ktor\u00fdch u\u017e pozn\u00e1te.<\/li>\n<li><strong>D\u00f4vera vo v\u00fdber dod\u00e1vate\u013ea:<\/strong> Odpor\u00fa\u010dania podlo\u017een\u00e9 \u00fadajmi. D\u00f4kazy pre rozhodnutia o dod\u00e1vate\u013eoch.<\/li>\n<li><strong>Lep\u0161ia anal\u00fdza cit\u00e1ci\u00ed:<\/strong> Porovnanie skuto\u010dn\u00fdch n\u00e1kladov. U\u017e \u017eiadna manu\u00e1lna pr\u00e1ca s tabu\u013ekami.<\/li>\n<li><strong>Poh\u013ead na trh:<\/strong> Zistite, \u010do sa deje vo va\u0161ich kateg\u00f3ri\u00e1ch. Vyjedn\u00e1vajte z poz\u00edcie znalca.<\/li>\n<li><strong>\u010cas na strategick\u00fa pr\u00e1cu:<\/strong> Menej \u010dasu na h\u013eadanie dod\u00e1vate\u013eov. Viac \u010dasu na optimaliz\u00e1ciu vz\u0165ahov s dod\u00e1vate\u013emi.<\/li>\n<\/ul>\n\n\n<h4 class=\"wp-block-heading\">Pre podnik<\/h4>\n\n\n<p>Lep\u0161\u00ed dod\u00e1vatelia znamenaj\u00fa lep\u0161ie oper\u00e1cie a lep\u0161ie mar\u017ee.<\/p>\n<ul>\n<li><strong>Lep\u0161\u00ed dod\u00e1vatelia:<\/strong> N\u00e1jdite dod\u00e1vate\u013eov, ktor\u00ed skuto\u010dne poskytuj\u00fa kvalitu, spo\u013eahlivos\u0165 a hodnotu.<\/li>\n<li><strong>Lep\u0161ie ceny:<\/strong> Znalos\u0165 trhu vedie k lep\u0161\u00edm rokovaniam. Konkurencia vedie k lep\u0161\u00edm podmienkam.<\/li>\n<li><strong>Menej preru\u0161en\u00ed dod\u00e1vok:<\/strong> Hodnotenie riz\u00edk zachyt\u00ed probl\u00e9my sk\u00f4r, ako ovplyvnia v\u00fdrobu.<\/li>\n<li><strong>R\u00fdchlej\u0161ie uvedenie na trh:<\/strong> R\u00fdchle vyh\u013ead\u00e1vanie dod\u00e1vate\u013eov pre nov\u00e9 produkty alebo projekty.<\/li>\n<li><strong>Konkuren\u010dn\u00e1 v\u00fdhoda:<\/strong> Pr\u00edstup k lep\u0161\u00edm dod\u00e1vate\u013eom ako konkurencia, ktor\u00e1 m\u00e1 star\u0161ie vz\u0165ahy.<\/li>\n<\/ul>\n\n\n<hr class=\"wp-block-separator has-alpha-channel-opacity\"\/>\n\n\n\n<h3 class=\"wp-block-heading\">\u010co AI neurob\u00ed<\/h3>\n\n\n<p>Ujasnime si limity.<\/p>\n<p>Umel\u00e1 inteligencia nenahr\u00e1dza \u013eudsk\u00fd \u00fasudok v dod\u00e1vate\u013esk\u00fdch vz\u0165ahoch. Nevyjedn\u00e1va dohody. Neposudzuje, \u010di je dod\u00e1vate\u013e vhodn\u00fdm kult\u00farnym partnerom pre va\u0161u organiz\u00e1ciu. Nerob\u00ed kone\u010dn\u00e9 rozhodnutie o strategick\u00fdch partnerstv\u00e1ch.<\/p>\n<p>Niektor\u00e9 rozhodnutia dod\u00e1vate\u013eov si vy\u017eaduj\u00fa \u013eudsk\u00fd poh\u013ead:<\/p>\n<ul>\n<li>Strategick\u00e9 partnerstv\u00e1 s dod\u00e1vate\u013emi, ktor\u00e9 zah\u0155\u0148aj\u00fa spolo\u010dn\u00fd v\u00fdvoj alebo invest\u00edcie<\/li>\n<li>Komplexn\u00e9 vyjedn\u00e1vanie, pri ktorom s\u00fa d\u00f4le\u017eit\u00e9 vz\u0165ahy a vplyv<\/li>\n<li>Situ\u00e1cie, v ktor\u00fdch tolerancia rizika z\u00e1vis\u00ed od obchodnej strat\u00e9gie<\/li>\n<li>Dod\u00e1vatelia kritick\u00fdch komponentov, ktor\u00fdch kvalifik\u00e1cia presahuje r\u00e1mec \u00fadajov<\/li>\n<li>Vz\u0165ahov\u00e9 faktory, ktor\u00e9 sa nezobrazuj\u00fa v sk\u00f3re alebo hodnoten\u00ed<\/li>\n<\/ul>\n<p>AI sa zaober\u00e1 v\u00fdskumom, anal\u00fdzou a hodnoten\u00edm. V\u00e1\u0161 t\u00edm pre obstar\u00e1vanie sa star\u00e1 o strat\u00e9giu, vz\u0165ahy a \u00fasudok.<\/p>\n<p>Rozhoduj\u00fa sa v\u0161ak na z\u00e1klade lep\u0161\u00edch inform\u00e1ci\u00ed, v\u00e4\u010d\u0161ieho po\u010dtu mo\u017enost\u00ed a menej \u010dasu str\u00e1ven\u00e9ho manu\u00e1lnym vyh\u013ead\u00e1van\u00edm.<\/p>\n\n\n<hr class=\"wp-block-separator has-alpha-channel-opacity\"\/>\n\n\n\n<h3 class=\"wp-block-heading\">Skuto\u010dn\u00e9 v\u00fdsledky z AI pri vyh\u013ead\u00e1van\u00ed dod\u00e1vate\u013eov<\/h3>\n\n\n<p>Ako to vyzer\u00e1 v praxi:<\/p>\n\n<p><strong>R\u00fdchlej\u0161ie cykly z\u00edskavania zdrojov:<\/strong> Objavenie dod\u00e1vate\u013ea, ktor\u00e9 trvalo 3 a\u017e 4 t\u00fd\u017edne, teraz trv\u00e1 nieko\u013eko dn\u00ed. V\u00e1\u0161 t\u00edm vyhodnot\u00ed viac dod\u00e1vate\u013eov za krat\u0161\u00ed \u010das.<\/p>\n\n<p><strong>Lep\u0161ie ceny:<\/strong> Ke\u010f namiesto 3 dod\u00e1vate\u013eov hodnot\u00edte 10, n\u00e1jdete lep\u0161ie ceny. Konkurencia pracuje vo v\u00e1\u0161 prospech.<\/p>\n\n<p><strong>Vyh\u00fdbanie sa riziku:<\/strong> Dod\u00e1vate\u013eov s finan\u010dn\u00fdmi probl\u00e9mami alebo probl\u00e9mami s dodr\u017eiavan\u00edm predpisov ozna\u010d\u00edte e\u0161te pred podpisom zmluvy. Probl\u00e9mom sa predch\u00e1dza, nie s\u00fa riaden\u00e9.<\/p>\n\n<p><strong>Poh\u013ead na trh:<\/strong> Va\u0161i kupuj\u00faci vyjedn\u00e1vaj\u00fa so znalos\u0165ou trhu namiesto toho, aby d\u00fafali, \u017ee dostan\u00fa spravodliv\u00fa ponuku.<\/p>\n\n<p><strong>Strategick\u00e9 z\u00e1sobovanie:<\/strong> V\u00e1\u0161 t\u00edm sa s\u00fastred\u00ed na budovanie vz\u0165ahov s dod\u00e1vate\u013emi a vyjedn\u00e1vanie podmienok, nie na sk\u00famanie mo\u017enost\u00ed.<\/p>\n\n<p>Nejde o nahradenie odborn\u00fdch znalost\u00ed kupuj\u00faceho. Ide o to poskytn\u00fa\u0165 im n\u00e1stroje, ktor\u00e9 im umo\u017enia by\u0165 strategickej\u0161\u00edmi.<\/p>\n\n\n<hr class=\"wp-block-separator has-alpha-channel-opacity\"\/>\n\n\n\n<h3 class=\"wp-block-heading\">Ste pripraven\u00ed zlep\u0161i\u0165 svoj proces zis\u0165ovania dod\u00e1vate\u013eov?<\/h3>\n\n\n<p>Potreby ka\u017edej spolo\u010dnosti v oblasti zis\u0165ovania dod\u00e1vate\u013eov s\u00fa odli\u0161n\u00e9. Va\u0161e kateg\u00f3rie maj\u00fa jedine\u010dn\u00e9 po\u017eiadavky. Va\u0161a tolerancia rizika z\u00e1vis\u00ed od v\u00e1\u0161ho obchodn\u00e9ho modelu. Va\u0161e krit\u00e9ri\u00e1 pre dod\u00e1vate\u013eov odr\u00e1\u017eaj\u00fa va\u0161e priority.<\/p>\n<p>Nepred\u00e1vame v\u0161eobecn\u00e9 n\u00e1stroje na vyh\u013ead\u00e1vanie dod\u00e1vate\u013eov. Venujeme sa va\u0161im \u0161pecifick\u00fdm v\u00fdzvam v oblasti obstar\u00e1vania. Identifikujeme, kde m\u00f4\u017ee umel\u00e1 inteligencia skuto\u010dne zlep\u0161i\u0165 a ur\u00fdchli\u0165 hodnotenie dod\u00e1vate\u013eov. Vytv\u00e1rame syst\u00e9my, ktor\u00e9 zodpovedaj\u00fa sp\u00f4sobu pr\u00e1ce v\u00e1\u0161ho t\u00edmu pre obstar\u00e1vanie.<\/p>\n<p>\u017diadny humbuk okolo \"revolu\u010dnej umelej inteligencie\". Len praktick\u00e9 n\u00e1stroje, v\u010faka ktor\u00fdm bud\u00fa va\u0161i n\u00e1kupcovia efekt\u00edvnej\u0161ie vyh\u013ead\u00e1va\u0165 a hodnoti\u0165 dod\u00e1vate\u013eov.<\/p>\n\n<p><a href=\"https:\/\/www.leaplytics.de\/sk\/kontakt\/\">Po\u010fme si pohovori\u0165 o procese z\u00edskavania dod\u00e1vate\u013eov<\/a><\/p>\n\n<p><a href=\"https:\/\/www.leaplytics.de\/sk\/obstaravanie-ai\/\">Sp\u00e4\u0165 na Sourcing &amp; Procurement AI<\/a><\/p>","protected":false},"excerpt":{"rendered":"<p>AI pre vyh\u013ead\u00e1vanie a hodnotenie dod\u00e1vate\u013eov: N\u00e1js\u0165 lep\u0161ieho dod\u00e1vate\u013ea je jedn\u00fdm z najd\u00f4le\u017eitej\u0161\u00edch rozhodnut\u00ed v oblasti obstar\u00e1vania. Ak ho spr\u00e1vne vyberiete, z\u00edskate kvalitn\u00e9 v\u00fdrobky, spo\u013eahliv\u00e9 dod\u00e1vky a konkurencieschopn\u00e9 ceny. Ak ho urob\u00edte zle, budete ma\u0165 probl\u00e9my s oneskoren\u00edm, kvalitou a prekro\u010den\u00edm rozpo\u010dtu. Vyh\u013ead\u00e1vanie a hodnotenie dod\u00e1vate\u013eov si v\u0161ak vy\u017eaduje ... <\/p>","protected":false},"author":2,"featured_media":0,"parent":0,"menu_order":0,"comment_status":"closed","ping_status":"closed","template":"","meta":{"footnotes":""},"class_list":["post-14513","page","type-page","status-publish","hentry","latest_post"],"_links":{"self":[{"href":"https:\/\/www.leaplytics.de\/sk\/wp-json\/wp\/v2\/pages\/14513","targetHints":{"allow":["GET"]}}],"collection":[{"href":"https:\/\/www.leaplytics.de\/sk\/wp-json\/wp\/v2\/pages"}],"about":[{"href":"https:\/\/www.leaplytics.de\/sk\/wp-json\/wp\/v2\/types\/page"}],"author":[{"embeddable":true,"href":"https:\/\/www.leaplytics.de\/sk\/wp-json\/wp\/v2\/users\/2"}],"replies":[{"embeddable":true,"href":"https:\/\/www.leaplytics.de\/sk\/wp-json\/wp\/v2\/comments?post=14513"}],"version-history":[{"count":1,"href":"https:\/\/www.leaplytics.de\/sk\/wp-json\/wp\/v2\/pages\/14513\/revisions"}],"predecessor-version":[{"id":14522,"href":"https:\/\/www.leaplytics.de\/sk\/wp-json\/wp\/v2\/pages\/14513\/revisions\/14522"}],"wp:attachment":[{"href":"https:\/\/www.leaplytics.de\/sk\/wp-json\/wp\/v2\/media?parent=14513"}],"curies":[{"name":"wp","href":"https:\/\/api.w.org\/{rel}","templated":true}]}}