{"id":1785,"date":"2021-04-30T00:16:19","date_gmt":"2021-04-29T22:16:19","guid":{"rendered":"https:\/\/www.leaplytics.de\/?page_id=1785"},"modified":"2024-10-29T13:47:21","modified_gmt":"2024-10-29T12:47:21","slug":"balik-na-riadenie-projektov-pre-qliksense","status":"publish","type":"page","link":"https:\/\/www.leaplytics.de\/sk\/titulna-stranka\/rozsirenia-qlik-sense\/balik-na-riadenie-projektov-pre-qliksense\/","title":{"rendered":"Bal\u00edk na riadenie projektov pre Qlik Sense"},"content":{"rendered":"<p>Zbavte sa nedostato\u010dnej a nevyzretej mozaiky pre riadenie projektov v Qlik Sense pomocou LeapLytics Project Management Suite!<\/p>\n\n\n\n<p>Bal\u00edk Project Management Suite pre Qlik Sense obsahuje v\u0161etko, \u010do potrebujete na vytvorenie komplexn\u00fdch spr\u00e1v o stave riadenia projektov. Obsahuje 3 jedine\u010dn\u00e9 vizualiz\u00e1cie: Semafor, Matica riz\u00edk a \u010casov\u00e1 os. Okrem toho z\u00edskate potrebn\u00e9 doplnky na navrhnutie ovl\u00e1dacieho panela riadenia projektu. Roz\u0161\u00edrenia vykazuj\u00fa vysok\u00fd v\u00fdkon, vysok\u00fa \u00farove\u0148 vyspelosti a pou\u017eite\u013enosti, ako aj flexibilitu, aby sa prisp\u00f4sobili va\u0161im individu\u00e1lnym potreb\u00e1m.<\/p>\n\n\n\n<p>Bal\u00edk obsahuje pr\u00edslu\u0161n\u00e9 doplnky, ktor\u00e9 skuto\u010dne zlep\u0161uj\u00fa tvorbu informa\u010dn\u00e9ho panela pre riadenie projektov. Rozde\u013eovacie \u0165ahy dok\u00e1\u017eu \u0161trukt\u00farova\u0165 pr\u00edstrojov\u00fd panel v oblastiach, aby pou\u017e\u00edvate\u013ea viedli s maxim\u00e1lnym v\u00fdkonom. Prehliada\u010d zrelosti prin\u00e1\u0161a v\u00e4\u010d\u0161iu preh\u013eadnos\u0165 o etap\u00e1ch alebo f\u00e1zach projektu. Roz\u0161\u00edrenie Logo spolo\u010dnosti pren\u00e1\u0161a logo va\u0161ej individu\u00e1lnej spolo\u010dnosti do pou\u017eite\u013en\u00e9ho objektu QlikSense. Prevod v\u00e1\u0161ho loga je bezplatn\u00fd.<\/p>\n\n\n\n<p>Bal\u00edk Suite sa dod\u00e1va aj s \u013eahko pou\u017eite\u013enou integr\u00e1ciou zv\u00e4zkov, aby ste mali preh\u013ead o roz\u0161\u00edreniach riadenia projektov. Roz\u0161\u00edrenia vykazuj\u00fa harmonizovan\u00e9 vedenie pou\u017e\u00edvate\u013ea prostredn\u00edctvom nastaven\u00ed, ako aj intuit\u00edvne ovl\u00e1danie bez sk\u00fasenost\u00ed s k\u00f3dovan\u00edm. Jednoduch\u00e9 pou\u017e\u00edvanie dop\u013a\u0148a komplexn\u00e1 dokument\u00e1cia s obchodn\u00fdmi pr\u00edpadmi pou\u017eitia. \u010cast\u00e9 a sol\u00eddne vydania udr\u017eiavaj\u00fa pr\u00edpady pou\u017eitia v aktu\u00e1lnom stave.<\/p>\n\n\n\n<h3 class=\"wp-block-heading\">Obsah bal\u00edka na riadenie projektov pre Qlik Sense<\/h3>\n\n\n\n<p>Ofici\u00e1lnu dokument\u00e1ciu otvor\u00edte kliknut\u00edm na obr\u00e1zok. <\/p>\n\n\n\n<div class=\"wp-block-columns is-layout-flex wp-container-core-columns-is-layout-1 wp-block-columns-is-layout-flex\">\n<div class=\"wp-block-column is-layout-flow wp-block-column-is-layout-flow\">\n<h4 class=\"wp-block-heading\"><strong>Semafor<\/strong><\/h4>\n<\/div>\n\n\n\n<div class=\"wp-block-column is-layout-flow wp-block-column-is-layout-flow\">\n<h4 class=\"wp-block-heading\"><strong>Mapa riz\u00edk<\/strong><\/h4>\n<\/div>\n\n\n\n<div class=\"wp-block-column is-layout-flow wp-block-column-is-layout-flow\">\n<h4 class=\"wp-block-heading\"><strong>\u010casov\u00e1 os<\/strong><\/h4>\n<\/div>\n\n\n\n<div class=\"wp-block-column is-layout-flow wp-block-column-is-layout-flow\">\n<h4 class=\"wp-block-heading\"><strong>Akceler\u00e1tory<\/strong><\/h4>\n<\/div>\n<\/div>\n\n\n\n<div class=\"wp-block-columns is-layout-flex wp-container-core-columns-is-layout-2 wp-block-columns-is-layout-flex\">\n<div class=\"wp-block-column is-layout-flow wp-block-column-is-layout-flow\">\n<figure class=\"wp-block-image size-full\"><img loading=\"lazy\" decoding=\"async\" width=\"287\" height=\"300\" src=\"https:\/\/www.leaplytics.de\/wp-content\/uploads\/2021\/11\/TrafficLight300pixel.png\" alt=\"\" class=\"wp-image-2361\" title=\"Sada na riadenie projektov Semafor\" srcset=\"https:\/\/www.leaplytics.de\/wp-content\/uploads\/2021\/11\/TrafficLight300pixel.png 287w, https:\/\/www.leaplytics.de\/wp-content\/uploads\/2021\/11\/TrafficLight300pixel-57x60.png 57w\" sizes=\"auto, (max-width: 287px) 100vw, 287px\" \/><\/figure>\n<\/div>\n\n\n\n<div class=\"wp-block-column is-layout-flow wp-block-column-is-layout-flow\">\n<figure class=\"wp-block-image size-full\"><img loading=\"lazy\" decoding=\"async\" width=\"287\" height=\"300\" src=\"https:\/\/www.leaplytics.de\/wp-content\/uploads\/2021\/11\/RiskHeatmap-Kasten-Blau_300pixel.png\" alt=\"\" class=\"wp-image-2363\" title=\"Mapa riz\u00edk bal\u00edka Project Management Suite\" srcset=\"https:\/\/www.leaplytics.de\/wp-content\/uploads\/2021\/11\/RiskHeatmap-Kasten-Blau_300pixel.png 287w, https:\/\/www.leaplytics.de\/wp-content\/uploads\/2021\/11\/RiskHeatmap-Kasten-Blau_300pixel-57x60.png 57w\" sizes=\"auto, (max-width: 287px) 100vw, 287px\" \/><\/figure>\n<\/div>\n\n\n\n<div class=\"wp-block-column is-vertically-aligned-center is-layout-flow wp-block-column-is-layout-flow\"><div class=\"wp-block-image\">\n<figure class=\"aligncenter size-full\"><img loading=\"lazy\" decoding=\"async\" width=\"287\" height=\"300\" src=\"https:\/\/www.leaplytics.de\/wp-content\/uploads\/2021\/11\/TIMELINE_300pixel.png\" alt=\"\" class=\"wp-image-2364\" title=\"Zobrazenie m\u00ed\u013enikov bal\u00edka Project Management Suite\" srcset=\"https:\/\/www.leaplytics.de\/wp-content\/uploads\/2021\/11\/TIMELINE_300pixel.png 287w, https:\/\/www.leaplytics.de\/wp-content\/uploads\/2021\/11\/TIMELINE_300pixel-57x60.png 57w\" sizes=\"auto, (max-width: 287px) 100vw, 287px\" \/><\/figure><\/div><\/div>\n\n\n\n<div class=\"wp-block-column is-layout-flow wp-block-column-is-layout-flow\">\n<figure class=\"wp-block-image size-full\"><img loading=\"lazy\" decoding=\"async\" width=\"567\" height=\"593\" src=\"https:\/\/www.leaplytics.de\/wp-content\/uploads\/2021\/11\/Accelerators_1_300pixel.png\" alt=\"\" class=\"wp-image-2365\" title=\"Akceler\u00e1tor bal\u00edka Project Management Suite\" srcset=\"https:\/\/www.leaplytics.de\/wp-content\/uploads\/2021\/11\/Accelerators_1_300pixel.png 567w, https:\/\/www.leaplytics.de\/wp-content\/uploads\/2021\/11\/Accelerators_1_300pixel-287x300.png 287w, https:\/\/www.leaplytics.de\/wp-content\/uploads\/2021\/11\/Accelerators_1_300pixel-57x60.png 57w\" sizes=\"auto, (max-width: 567px) 100vw, 567px\" \/><\/figure>\n<\/div>\n<\/div>\n\n\n\n<div class=\"wp-block-columns is-layout-flex wp-container-core-columns-is-layout-3 wp-block-columns-is-layout-flex\">\n<div class=\"wp-block-column is-layout-flow wp-block-column-is-layout-flow\">\n<h6 class=\"wp-block-heading\">Vymazanie indik\u00e1cie stavu<\/h6>\n\n\n\n<h6 class=\"wp-block-heading\">Flexibiln\u00e9 rozsahy pre v\u0161etky typy jednotiek<\/h6>\n\n\n\n<h6 class=\"wp-block-heading\">Individu\u00e1lny vzh\u013ead a jednoduch\u00e9 pou\u017e\u00edvanie<\/h6>\n<\/div>\n\n\n\n<div class=\"wp-block-column is-layout-flow wp-block-column-is-layout-flow\">\n<h6 class=\"wp-block-heading\">\u00dapln\u00e9 rizikov\u00e9 profily<\/h6>\n\n\n\n<h6 class=\"wp-block-heading\">Stabiln\u00e1 a jednoduch\u00e1 mrie\u017eka pre 2 kateg\u00f3rie<\/h6>\n\n\n\n<h6 class=\"wp-block-heading\">R\u00f4zne sady pol\u00ed a farebn\u00e9 k\u00f3dovanie<\/h6>\n<\/div>\n\n\n\n<div class=\"wp-block-column is-layout-flow wp-block-column-is-layout-flow\">\n<h6 class=\"wp-block-heading\">Zobrazenie m\u00ed\u013enika s \u010dasov\u00fdm odstup\u0148ovan\u00edm<\/h6>\n\n\n\n<h6 class=\"wp-block-heading\">Automatick\u00e9 \u0161k\u00e1lovanie \u010dasovej osi so za\u010diatkom a koncom<\/h6>\n\n\n\n<h6 class=\"wp-block-heading\">Flexibiln\u00e9 popisy a farby odch\u00fdlok<\/h6>\n<\/div>\n\n\n\n<div class=\"wp-block-column is-layout-flow wp-block-column-is-layout-flow\">\n<h6 class=\"wp-block-heading\">V\u00fdkonn\u00e9 doplnky<\/h6>\n\n\n\n<h6 class=\"wp-block-heading\">Individu\u00e1lne logo spolo\u010dnosti<\/h6>\n\n\n\n<h6 class=\"wp-block-heading\">Poh\u013ead na vyspelos\u0165 pre mnoh\u00e9 pr\u00edpady pou\u017eitia<\/h6>\n<\/div>\n<\/div>\n\n\n\n<hr class=\"wp-block-separator has-css-opacity\"\/>\n\n\n\n<p>Tu sa m\u00f4\u017eete prihl\u00e1si\u0165 na odber exkluz\u00edvnych aktualiz\u00e1ci\u00ed a vydan\u00ed: <a href=\"https:\/\/www.leaplytics.de\/sk\/subscribe_product\/\"><strong>Predplatn\u00e9<\/strong><\/a><\/p>\n\n\n\n<div class=\"wp-block-columns are-vertically-aligned-center is-layout-flex wp-container-core-columns-is-layout-4 wp-block-columns-is-layout-flex\">\n<div class=\"wp-block-column is-vertically-aligned-center is-layout-flow wp-block-column-is-layout-flow\" style=\"flex-basis:100%\">\n<p><\/p>\n<\/div>\n<\/div>\n\n\n\n<p><\/p>","protected":false},"excerpt":{"rendered":"<p>Z\u00edskajte ostr\u00fd vizu\u00e1lny poh\u013ead na svoje rizikov\u00e9 profily pomocou mapy riz\u00edk pre QilkSense! Roz\u0161\u00edrenie je vytvoren\u00e9 na vizualiz\u00e1ciu profilov, ktor\u00e9 s\u00fa meran\u00e9 v matici dvoch k\u013e\u00fa\u010dov\u00fdch ukazovate\u013eov v\u00fdkonnosti a r\u00f4znych kateg\u00f3ri\u00ed. Dok\u00e1\u017ee vizualizova\u0165 viacero ukazovate\u013eov (a\u017e 4 v bezplatnej verzii) na jedno pole. R\u00f4zne nastavenia, ako napr\u00edklad jednoduch\u00e9 prep\u00ednanie medzi maticou 3 \u00d7 3 a 5 \u00d7 5 pol\u00ed, nastavenia okrajov a textu, prisp\u00f4sobuj\u00fa toto roz\u0161\u00edrenie va\u0161im potreb\u00e1m vykazovania. <\/p>\n<p>Toto roz\u0161\u00edrenie mo\u017eno pou\u017ei\u0165 aj na monitorovanie a indik\u00e1ciu prahov\u00fdch hodn\u00f4t pre v\u0161etky typy fyzik\u00e1lnych meran\u00ed, ukazovate\u013eov kvality a odch\u00fdlok vo v\u0161eobecnosti. V\u010faka tomu ho mo\u017eno pou\u017ei\u0165 na \u0161irok\u00fd po\u010det pr\u00edpadov pou\u017eitia, ktor\u00e9 sa vyskytuj\u00fa v r\u00f4znych podnikoch.<\/p>","protected":false},"author":1,"featured_media":0,"parent":227,"menu_order":1,"comment_status":"closed","ping_status":"closed","template":"","meta":{"footnotes":""},"class_list":["post-1785","page","type-page","status-publish","hentry","latest_post"],"_links":{"self":[{"href":"https:\/\/www.leaplytics.de\/sk\/wp-json\/wp\/v2\/pages\/1785","targetHints":{"allow":["GET"]}}],"collection":[{"href":"https:\/\/www.leaplytics.de\/sk\/wp-json\/wp\/v2\/pages"}],"about":[{"href":"https:\/\/www.leaplytics.de\/sk\/wp-json\/wp\/v2\/types\/page"}],"author":[{"embeddable":true,"href":"https:\/\/www.leaplytics.de\/sk\/wp-json\/wp\/v2\/users\/1"}],"replies":[{"embeddable":true,"href":"https:\/\/www.leaplytics.de\/sk\/wp-json\/wp\/v2\/comments?post=1785"}],"version-history":[{"count":3,"href":"https:\/\/www.leaplytics.de\/sk\/wp-json\/wp\/v2\/pages\/1785\/revisions"}],"predecessor-version":[{"id":13665,"href":"https:\/\/www.leaplytics.de\/sk\/wp-json\/wp\/v2\/pages\/1785\/revisions\/13665"}],"up":[{"embeddable":true,"href":"https:\/\/www.leaplytics.de\/sk\/wp-json\/wp\/v2\/pages\/227"}],"wp:attachment":[{"href":"https:\/\/www.leaplytics.de\/sk\/wp-json\/wp\/v2\/media?parent=1785"}],"curies":[{"name":"wp","href":"https:\/\/api.w.org\/{rel}","templated":true}]}}