{"id":2170,"date":"2021-06-21T21:09:50","date_gmt":"2021-06-21T19:09:50","guid":{"rendered":"https:\/\/www.leaplytics.de\/?page_id=2170"},"modified":"2023-02-09T15:48:24","modified_gmt":"2023-02-09T14:48:24","slug":"vizualizacie-semaforu-pre-napajanie-bi","status":"publish","type":"page","link":"https:\/\/www.leaplytics.de\/sk\/titulna-stranka\/riadenie-projektov-vlastne-vizualizacie-microsoft-powerbi\/vizualizacie-semaforu-pre-napajanie-bi\/","title":{"rendered":"Vizu\u00e1lna aplik\u00e1cia Traffic Light pre Microsoft Power BI"},"content":{"rendered":"<p><img loading=\"lazy\" decoding=\"async\" width=\"150\" height=\"37\" class=\"wp-image-8358\" style=\"width: 150px;\" src=\"https:\/\/www.leaplytics.de\/wp-content\/uploads\/2022\/05\/PBI-Certified.png\" alt=\"\" srcset=\"https:\/\/www.leaplytics.de\/wp-content\/uploads\/2022\/05\/PBI-Certified.png 152w, https:\/\/www.leaplytics.de\/wp-content\/uploads\/2022\/05\/PBI-Certified-150x37.png 150w\" sizes=\"auto, (max-width: 150px) 100vw, 150px\" \/><\/p>\n\n\n\n<p>\"Semafor\" je prisp\u00f4sobite\u013en\u00fd vizu\u00e1lny n\u00e1stroj Microsoft Power BI, ktor\u00fd pon\u00faka vizu\u00e1lne upozornenia pre v\u0161etky k\u013e\u00fa\u010dov\u00e9 ukazovatele v\u00fdkonnosti. V\u010faka funkci\u00e1m, ako je horizont\u00e1lne a vertik\u00e1lne zarovnanie a syst\u00e9m jedn\u00e9ho\/dvoch\/troch svetiel, mo\u017eno tento vizu\u00e1l prisp\u00f4sobi\u0165 va\u0161im potreb\u00e1m vykazovania, \u010do v\u00e1m umo\u017en\u00ed lep\u0161ie kontrolova\u0165 va\u0161e k\u013e\u00fa\u010dov\u00e9 ukazovatele v\u00fdkonnosti!<\/p>\n\n\n\n<div style=\"height:10px\" aria-hidden=\"true\" class=\"wp-block-spacer\"><\/div>\n\n\n\n<figure class=\"wp-block-image size-full\"><img loading=\"lazy\" decoding=\"async\" width=\"1140\" height=\"641\" src=\"https:\/\/www.leaplytics.de\/wp-content\/uploads\/2022\/04\/First_Slice_Traffic_Light_PowerBI.png\" alt=\"Vizu\u00e1lna aplik\u00e1cia Traffic Light pre Microsoft Power BI\" class=\"wp-image-6582\" srcset=\"https:\/\/www.leaplytics.de\/wp-content\/uploads\/2022\/04\/First_Slice_Traffic_Light_PowerBI.png 1140w, https:\/\/www.leaplytics.de\/wp-content\/uploads\/2022\/04\/First_Slice_Traffic_Light_PowerBI-300x169.png 300w, https:\/\/www.leaplytics.de\/wp-content\/uploads\/2022\/04\/First_Slice_Traffic_Light_PowerBI-1024x576.png 1024w, https:\/\/www.leaplytics.de\/wp-content\/uploads\/2022\/04\/First_Slice_Traffic_Light_PowerBI-768x432.png 768w, https:\/\/www.leaplytics.de\/wp-content\/uploads\/2022\/04\/First_Slice_Traffic_Light_PowerBI-107x60.png 107w\" sizes=\"auto, (max-width: 1140px) 100vw, 1140px\" \/><\/figure>\n\n\n\n<div style=\"height:50px\" aria-hidden=\"true\" class=\"wp-block-spacer\"><\/div>\n\n\n\n<h3 class=\"has-text-align-center wp-block-heading\" id=\"benefits\">V\u00fdhody<\/h3>\n\n\n\n<h5 class=\"wp-block-heading\" id=\"decision-maker\">Rozhodovacie org\u00e1ny<\/h5>\n\n\n\n<p>Ako osoba s rozhodovacou pr\u00e1vomocou potrebujete preh\u013eadn\u00e9 a zmyslupln\u00e9 spr\u00e1vy, ktor\u00e9 v\u00e1m umo\u017enia na prv\u00fd poh\u013ead zisti\u0165, kde je potrebn\u00e9 venova\u0165 \u010das a pozornos\u0165. Umo\u017e\u0148uje to n\u00e1\u0161 vizu\u00e1lny semafor pre Microsoft Power BI, ktor\u00fd poskytuje okam\u017eit\u00e9 upozornenia, ke\u010f sa k\u013e\u00fa\u010dov\u00e9 \u00fadaje nach\u00e1dzaj\u00fa mimo \u00fanosn\u00e9ho rozsahu.<\/p>\n\n\n\n<p class=\"has-text-align-left\"><em>R\u00fdchlo identifikujte oblasti, ktor\u00e9 si m\u00f4\u017eu vy\u017eadova\u0165 va\u0161u pozornos\u0165 alebo zlep\u0161enie, \u010do v\u00e1m umo\u017en\u00ed prij\u00edma\u0165 informovanej\u0161ie a v\u010dasnej\u0161ie rozhodnutia. To v\u00e1m pom\u00f4\u017ee optimalizova\u0165 v\u00fdkonnos\u0165 va\u0161ej organiz\u00e1cie a v kone\u010dnom d\u00f4sledku dosiahnu\u0165 lep\u0161ie v\u00fdsledky.<\/em><\/p>\n\n\n\n<h5 class=\"wp-block-heading\" id=\"department-manager-consultant\">Ved\u00faci oddelenia \/ konzultant<\/h5>\n\n\n\n<p>Ako mana\u017e\u00e9r alebo konzultant nepotrebujete \u017eiadne znalosti programovania na pou\u017e\u00edvanie aplik\u00e1cie Traffic Light Visual pre Microsoft Power BI. V\u0161etky zlo\u017eit\u00e9 implement\u00e1cie s\u00fa u\u017e vykonan\u00e9 za v\u00e1s, tak\u017ee ho m\u00f4\u017eete za\u010da\u0165 pou\u017e\u00edva\u0165 ihne\u010f. Sta\u010d\u00ed definova\u0165 rozsahy kritick\u00fdch hodn\u00f4t a prisp\u00f4sobi\u0165 n\u00e1vrh potreb\u00e1m va\u0161ej firmy. <\/p>\n\n\n\n<p><em>Na\u0161e roz\u0161\u00edrenie sa bezprobl\u00e9movo integruje do va\u0161ich informa\u010dn\u00fdch panelov, \u010d\u00edm \u0161etr\u00ed v\u00e1\u0161 \u010das a zvy\u0161uje zmysluplnos\u0165 va\u0161ich spr\u00e1v. Zap\u00f4sobte na svojich klientov alebo nadriaden\u00fdch pomocou vizu\u00e1lu semaforu pre Power BI.<\/em><\/p>\n\n\n\n<h5 class=\"wp-block-heading\" id=\"engineer-developer\">In\u017einier \/ v\u00fdvoj\u00e1r<\/h5>\n\n\n\n<p>Ak vytv\u00e1rate informa\u010dn\u00e9 panely BI, pom\u00f4\u017eeme v\u00e1m \u00faspe\u0161ne dokon\u010di\u0165 v\u00e1\u0161 projekt. N\u00e1\u0161 vizu\u00e1lny semafor pre Power BI pon\u00faka flexibiln\u00fa logiku a plne prisp\u00f4sobite\u013en\u00fd dizajn, v\u010faka \u010domu m\u00f4\u017eete na svojich klientov zap\u00f4sobi\u0165 p\u00f4sobiv\u00fdmi, profesion\u00e1lnymi informa\u010dn\u00fdmi panelmi. S na\u0161\u00edm vizu\u00e1lom u\u0161etr\u00edte \u010das a energiu a vyu\u017eijete na\u0161u osobn\u00fa, priamu podporu v pr\u00edpade ak\u00fdchko\u013evek ot\u00e1zok alebo probl\u00e9mov.<\/p>\n\n\n\n<p><em>Jasn\u00e1 komunik\u00e1cia a jednoduch\u00e1 obsluha zlep\u0161uj\u00fa va\u0161e slu\u017eby a u\u013eah\u010duj\u00fa v\u00e1m pr\u00e1cu.<\/em><\/p>\n\n\n\n<div style=\"height:50px\" aria-hidden=\"true\" class=\"wp-block-spacer\"><\/div>\n\n\n\n<div class=\"wp-block-group alignfull has-black-color has-text-color has-background has-link-color wp-elements-d994ed8cdde441663adf95149c771378\" style=\"background-color:#eeeeee\"><div class=\"wp-block-group__inner-container is-layout-flow wp-block-group-is-layout-flow\">\n<div style=\"height:50px\" aria-hidden=\"true\" class=\"wp-block-spacer\"><\/div>\n\n\n\n<h3 class=\"has-text-align-center wp-block-heading\">Funkcie<\/h3>\n\n\n\n<div style=\"height:50px\" aria-hidden=\"true\" class=\"wp-block-spacer\"><\/div>\n\n\n\n<div class=\"wp-block-columns is-layout-flex wp-container-core-columns-is-layout-1 wp-block-columns-is-layout-flex\">\n<div class=\"wp-block-column is-layout-flow wp-block-column-is-layout-flow\">\n<div class=\"wp-block-media-text alignwide is-stacked-on-mobile\" style=\"grid-template-columns:15% auto\"><figure class=\"wp-block-media-text__media\"><img loading=\"lazy\" decoding=\"async\" width=\"1024\" height=\"1024\" src=\"https:\/\/www.leaplytics.de\/wp-content\/uploads\/2022\/05\/Light-System-1024x1024.png\" alt=\"\" class=\"wp-image-7708 size-full\" srcset=\"https:\/\/www.leaplytics.de\/wp-content\/uploads\/2022\/05\/Light-System-1024x1024.png 1024w, https:\/\/www.leaplytics.de\/wp-content\/uploads\/2022\/05\/Light-System-300x300.png 300w, https:\/\/www.leaplytics.de\/wp-content\/uploads\/2022\/05\/Light-System-150x150.png 150w, https:\/\/www.leaplytics.de\/wp-content\/uploads\/2022\/05\/Light-System-768x768.png 768w, https:\/\/www.leaplytics.de\/wp-content\/uploads\/2022\/05\/Light-System-1536x1536.png 1536w, https:\/\/www.leaplytics.de\/wp-content\/uploads\/2022\/05\/Light-System-2048x2048.png 2048w, https:\/\/www.leaplytics.de\/wp-content\/uploads\/2022\/05\/Light-System-370x370.png 370w, https:\/\/www.leaplytics.de\/wp-content\/uploads\/2022\/05\/Light-System-60x60.png 60w, https:\/\/www.leaplytics.de\/wp-content\/uploads\/2022\/05\/Light-System-600x600.png 600w, https:\/\/www.leaplytics.de\/wp-content\/uploads\/2022\/05\/Light-System-100x100.png 100w\" sizes=\"auto, (max-width: 1024px) 100vw, 1024px\" \/><\/figure><div class=\"wp-block-media-text__content\">\n<p style=\"font-size:22px\"><strong>Sveteln\u00fd syst\u00e9m<\/strong><\/p>\n\n\n\n<p>Vyberte si medzi syst\u00e9mom s jedn\u00fdm, dvoma a tromi svetlami.<\/p>\n<\/div><\/div>\n<\/div>\n\n\n\n<div class=\"wp-block-column is-layout-flow wp-block-column-is-layout-flow\">\n<div class=\"wp-block-media-text alignwide is-stacked-on-mobile\" style=\"grid-template-columns:15% auto\"><figure class=\"wp-block-media-text__media\"><img loading=\"lazy\" decoding=\"async\" width=\"1024\" height=\"1024\" src=\"https:\/\/www.leaplytics.de\/wp-content\/uploads\/2022\/05\/Alignment-1024x1024.png\" alt=\"\" class=\"wp-image-7709 size-full\" srcset=\"https:\/\/www.leaplytics.de\/wp-content\/uploads\/2022\/05\/Alignment-1024x1024.png 1024w, https:\/\/www.leaplytics.de\/wp-content\/uploads\/2022\/05\/Alignment-300x300.png 300w, https:\/\/www.leaplytics.de\/wp-content\/uploads\/2022\/05\/Alignment-150x150.png 150w, https:\/\/www.leaplytics.de\/wp-content\/uploads\/2022\/05\/Alignment-768x768.png 768w, https:\/\/www.leaplytics.de\/wp-content\/uploads\/2022\/05\/Alignment-1536x1536.png 1536w, https:\/\/www.leaplytics.de\/wp-content\/uploads\/2022\/05\/Alignment-2048x2048.png 2048w, https:\/\/www.leaplytics.de\/wp-content\/uploads\/2022\/05\/Alignment-370x370.png 370w, https:\/\/www.leaplytics.de\/wp-content\/uploads\/2022\/05\/Alignment-60x60.png 60w, https:\/\/www.leaplytics.de\/wp-content\/uploads\/2022\/05\/Alignment-600x600.png 600w, https:\/\/www.leaplytics.de\/wp-content\/uploads\/2022\/05\/Alignment-100x100.png 100w\" sizes=\"auto, (max-width: 1024px) 100vw, 1024px\" \/><\/figure><div class=\"wp-block-media-text__content\">\n<p style=\"font-size:22px\"><strong>Zarovnanie<\/strong><\/p>\n\n\n\n<p>Pou\u017e\u00edvajte vizu\u00e1lne zobrazenie vo vertik\u00e1lnom alebo horizont\u00e1lnom zarovnan\u00ed.<\/p>\n<\/div><\/div>\n<\/div>\n<\/div>\n\n\n\n<div style=\"height:50px\" aria-hidden=\"true\" class=\"wp-block-spacer\"><\/div>\n\n\n\n<div class=\"wp-block-columns is-layout-flex wp-container-core-columns-is-layout-2 wp-block-columns-is-layout-flex\">\n<div class=\"wp-block-column is-layout-flow wp-block-column-is-layout-flow\">\n<div class=\"wp-block-media-text alignwide is-stacked-on-mobile\" style=\"grid-template-columns:15% auto\"><figure class=\"wp-block-media-text__media\"><img loading=\"lazy\" decoding=\"async\" width=\"1024\" height=\"1024\" src=\"https:\/\/www.leaplytics.de\/wp-content\/uploads\/2022\/05\/Color-Settings-1024x1024.png\" alt=\"\" class=\"wp-image-7710 size-full\" srcset=\"https:\/\/www.leaplytics.de\/wp-content\/uploads\/2022\/05\/Color-Settings-1024x1024.png 1024w, https:\/\/www.leaplytics.de\/wp-content\/uploads\/2022\/05\/Color-Settings-300x300.png 300w, https:\/\/www.leaplytics.de\/wp-content\/uploads\/2022\/05\/Color-Settings-150x150.png 150w, https:\/\/www.leaplytics.de\/wp-content\/uploads\/2022\/05\/Color-Settings-768x768.png 768w, https:\/\/www.leaplytics.de\/wp-content\/uploads\/2022\/05\/Color-Settings-1536x1536.png 1536w, https:\/\/www.leaplytics.de\/wp-content\/uploads\/2022\/05\/Color-Settings-2048x2048.png 2048w, https:\/\/www.leaplytics.de\/wp-content\/uploads\/2022\/05\/Color-Settings-370x370.png 370w, https:\/\/www.leaplytics.de\/wp-content\/uploads\/2022\/05\/Color-Settings-60x60.png 60w, https:\/\/www.leaplytics.de\/wp-content\/uploads\/2022\/05\/Color-Settings-600x600.png 600w, https:\/\/www.leaplytics.de\/wp-content\/uploads\/2022\/05\/Color-Settings-100x100.png 100w\" sizes=\"auto, (max-width: 1024px) 100vw, 1024px\" \/><\/figure><div class=\"wp-block-media-text__content\">\n<p style=\"font-size:22px\"><strong>Nastavenia farieb<\/strong><\/p>\n\n\n\n<p>Zme\u0148te farbu v\u0161etk\u00fdch grafick\u00fdch prvkov tak, aby sp\u013a\u0148ali va\u0161e CI-normy.<\/p>\n<\/div><\/div>\n<\/div>\n\n\n\n<div class=\"wp-block-column is-layout-flow wp-block-column-is-layout-flow\">\n<div class=\"wp-block-media-text alignwide is-stacked-on-mobile\" style=\"grid-template-columns:15% auto\"><figure class=\"wp-block-media-text__media\"><img loading=\"lazy\" decoding=\"async\" width=\"1021\" height=\"1024\" src=\"https:\/\/www.leaplytics.de\/wp-content\/uploads\/2022\/05\/Text-Settings-1021x1024.png\" alt=\"\" class=\"wp-image-7711 size-full\" srcset=\"https:\/\/www.leaplytics.de\/wp-content\/uploads\/2022\/05\/Text-Settings-1021x1024.png 1021w, https:\/\/www.leaplytics.de\/wp-content\/uploads\/2022\/05\/Text-Settings-300x300.png 300w, https:\/\/www.leaplytics.de\/wp-content\/uploads\/2022\/05\/Text-Settings-150x150.png 150w, https:\/\/www.leaplytics.de\/wp-content\/uploads\/2022\/05\/Text-Settings-768x771.png 768w, https:\/\/www.leaplytics.de\/wp-content\/uploads\/2022\/05\/Text-Settings-1531x1536.png 1531w, https:\/\/www.leaplytics.de\/wp-content\/uploads\/2022\/05\/Text-Settings-2041x2048.png 2041w, https:\/\/www.leaplytics.de\/wp-content\/uploads\/2022\/05\/Text-Settings-370x370.png 370w, https:\/\/www.leaplytics.de\/wp-content\/uploads\/2022\/05\/Text-Settings-60x60.png 60w, https:\/\/www.leaplytics.de\/wp-content\/uploads\/2022\/05\/Text-Settings-600x602.png 600w, https:\/\/www.leaplytics.de\/wp-content\/uploads\/2022\/05\/Text-Settings-100x100.png 100w\" sizes=\"auto, (max-width: 1021px) 100vw, 1021px\" \/><\/figure><div class=\"wp-block-media-text__content\">\n<p style=\"font-size:22px\"><strong>Nastavenia textu<\/strong><\/p>\n\n\n\n<p>Vyu\u017eite nastavenia textu a prisp\u00f4sobte vzh\u013ead textu svojim individu\u00e1lnym potreb\u00e1m. <\/p>\n<\/div><\/div>\n<\/div>\n<\/div>\n\n\n\n<div style=\"height:50px\" aria-hidden=\"true\" class=\"wp-block-spacer\"><\/div>\n\n\n\n<div class=\"wp-block-columns is-layout-flex wp-container-core-columns-is-layout-3 wp-block-columns-is-layout-flex\">\n<div class=\"wp-block-column is-layout-flow wp-block-column-is-layout-flow\">\n<div class=\"wp-block-media-text alignwide is-stacked-on-mobile\" style=\"grid-template-columns:15% auto\"><figure class=\"wp-block-media-text__media\"><img loading=\"lazy\" decoding=\"async\" width=\"1024\" height=\"1024\" src=\"https:\/\/www.leaplytics.de\/wp-content\/uploads\/2022\/06\/Certification-1-1024x1024.png\" alt=\"\" class=\"wp-image-8453 size-full\" srcset=\"https:\/\/www.leaplytics.de\/wp-content\/uploads\/2022\/06\/Certification-1-1024x1024.png 1024w, https:\/\/www.leaplytics.de\/wp-content\/uploads\/2022\/06\/Certification-1-300x300.png 300w, https:\/\/www.leaplytics.de\/wp-content\/uploads\/2022\/06\/Certification-1-150x150.png 150w, https:\/\/www.leaplytics.de\/wp-content\/uploads\/2022\/06\/Certification-1-768x768.png 768w, https:\/\/www.leaplytics.de\/wp-content\/uploads\/2022\/06\/Certification-1-1536x1536.png 1536w, https:\/\/www.leaplytics.de\/wp-content\/uploads\/2022\/06\/Certification-1-2048x2048.png 2048w, https:\/\/www.leaplytics.de\/wp-content\/uploads\/2022\/06\/Certification-1-370x370.png 370w, https:\/\/www.leaplytics.de\/wp-content\/uploads\/2022\/06\/Certification-1-60x60.png 60w\" sizes=\"auto, (max-width: 1024px) 100vw, 1024px\" \/><\/figure><div class=\"wp-block-media-text__content\">\n<p style=\"font-size:22px\"><strong>Certifik\u00e1t PBI<\/strong><\/p>\n\n\n\n<p>Tento vizu\u00e1l sp\u013a\u0148a najvy\u0161\u0161ie bezpe\u010dnostn\u00e9 \u0161tandardy spolo\u010dnosti Microsoft a podporuje export do s\u00faborov PDF a PowerPoint.<\/p>\n<\/div><\/div>\n<\/div>\n\n\n\n<div class=\"wp-block-column is-layout-flow wp-block-column-is-layout-flow\"><\/div>\n<\/div>\n\n\n\n<div style=\"height:50px\" aria-hidden=\"true\" class=\"wp-block-spacer\"><\/div>\n<\/div><\/div>\n\n\n\n<div style=\"height:75px\" aria-hidden=\"true\" class=\"wp-block-spacer\"><\/div>\n\n\n\n<figure class=\"wp-block-embed is-type-video is-provider-youtube wp-block-embed-youtube wp-embed-aspect-16-9 wp-has-aspect-ratio\"><div class=\"wp-block-embed__wrapper\" align=\"center\">\n<iframe loading=\"lazy\" title=\"Power BI - Vizu\u00e1lny semafor KPI\" width=\"770\" height=\"433\" src=\"https:\/\/www.youtube.com\/embed\/Ss6B1O-qtnA?feature=oembed\" frameborder=\"0\" allow=\"accelerometer; autoplay; clipboard-write; encrypted-media; gyroscope; picture-in-picture; web-share\" allowfullscreen><\/iframe>\n<\/div><\/figure>\n\n\n\n<div style=\"height:45px\" aria-hidden=\"true\" class=\"wp-block-spacer\"><\/div>\n\n\n\n<h3 class=\"has-text-align-center wp-block-heading\">Z\u00edskajte ho teraz!<\/h3>\n\n\n\n<div style=\"height:50px\" aria-hidden=\"true\" class=\"wp-block-spacer\"><\/div>\n\n\n\n<div class=\"wp-block-columns alignwide is-layout-flex wp-container-core-columns-is-layout-4 wp-block-columns-is-layout-flex\">\n<div class=\"wp-block-column has-text-color has-background has-link-color wp-elements-6226b2130b508035f3b09a7442aec556 is-layout-flow wp-block-column-is-layout-flow\" style=\"color:#000000;background-color:#eeeeee;padding-top:2em;padding-right:2em;padding-bottom:2em;padding-left:2em\">\n<h2 class=\"wp-block-heading\" id=\"single\" style=\"font-size:40px\"><strong>Sk\u00fa\u0161obn\u00e1 verzia<\/strong><\/h2>\n\n\n\n<div style=\"height:10px\" aria-hidden=\"true\" class=\"wp-block-spacer\"><\/div>\n\n\n\n<p class=\"has-normal-font-size\" style=\"line-height:1.5\">Sk\u00fa\u0161obn\u00fa verziu LeapLytics - Traffic Light m\u00f4\u017eete pou\u017e\u00edva\u0165 \u0161tyri t\u00fd\u017edne zadarmo na \u013eubovo\u013enom serveri a v \u013eubovo\u013enej spolo\u010dnosti. Vysk\u00fa\u0161ajte si, \u010di na\u0161e rie\u0161enie sp\u013a\u0148a va\u0161e po\u017eiadavky.<\/p>\n\n\n\n<div style=\"height:10px\" aria-hidden=\"true\" class=\"wp-block-spacer\"><\/div>\n\n\n\n<hr class=\"wp-block-separator has-text-color has-css-opacity has-background is-style-wide\" style=\"background-color:#000000;color:#000000\"\/>\n\n\n\n<div style=\"height:10px\" aria-hidden=\"true\" class=\"wp-block-spacer\"><\/div>\n\n\n\n<p><i class=\"fas fa-check\"><\/i> Syst\u00e9m troch svetiel<\/p>\n\n\n\n<p><i class=\"fas fa-check\"><\/i>  Syst\u00e9m dvoch svetiel<\/p>\n\n\n\n<p><i class=\"fas fa-check\"><\/i> Syst\u00e9m jedn\u00e9ho svetla<\/p>\n\n\n\n<p><i class=\"fas fa-check\"><\/i> Vertik\u00e1lne zarovnanie<\/p>\n\n\n\n<p><i class=\"fas fa-check\"><\/i> Horizont\u00e1lne zarovnanie<\/p>\n\n\n\n<p><i class=\"fas fa-check\"><\/i> Nastavenia hran\u00edc<\/p>\n\n\n\n<p><i class=\"fas fa-check\"><\/i> Nastavenia textu<\/p>\n\n\n\n<p><i class=\"fas fa-check\"><\/i> Nastavenia farieb<\/p>\n\n\n\n<div class=\"wp-block-buttons alignfull is-horizontal is-content-justification-center is-layout-flex wp-container-core-buttons-is-layout-1 wp-block-buttons-is-layout-flex\">\n<div class=\"wp-block-button\"><a class=\"wp-block-button__link has-white-color has-text-color wp-element-button\" href=\"https:\/\/appsource.microsoft.com\/en-en\/product\/power-bi-visuals\/leaplyticsgmbh1633373694058.leaplytics_traffic_light\" target=\"_blank\" rel=\"noreferrer noopener\">Na stiahnutie ZADARMO<\/a><\/div>\n\n\n\n<div class=\"wp-block-button\"><a class=\"wp-block-button__link has-white-color has-text-color wp-element-button\" href=\"https:\/\/www.leaplytics.de\/sk\/skusobna-prevadzka-svetelnej-signalizacie-bi\/\">\u017diados\u0165 o sk\u00fa\u0161obn\u00fa verziu<\/a><\/div>\n<\/div>\n<\/div>\n\n\n\n<div class=\"wp-block-column has-text-color has-background has-link-color wp-elements-60bfb23c4dfc59182e0371e21c3f4f32 is-layout-flow wp-block-column-is-layout-flow\" style=\"color:#000000;background-color:#f2c80f;padding-top:2em;padding-right:2em;padding-bottom:2em;padding-left:2em\">\n<h2 class=\"wp-block-heading\" id=\"family\" style=\"font-size:40px\"><strong>Verzia PRO<\/strong><\/h2>\n\n\n\n<div style=\"height:10px\" aria-hidden=\"true\" class=\"wp-block-spacer\"><\/div>\n\n\n\n<p class=\"has-normal-font-size\" style=\"line-height:1.5\">Verzia PRO aplik\u00e1cie LeapLytics - Semafor uvo\u013e\u0148uje pln\u00fd v\u00fdkon tohto vizu\u00e1lneho rie\u0161enia. Jedna licencia na server a spolo\u010dnos\u0165 - jedna cena na rok. <\/p>\n\n\n\n<div style=\"height:10px\" aria-hidden=\"true\" class=\"wp-block-spacer\"><\/div>\n\n\n\n<hr class=\"wp-block-separator has-text-color has-black-color has-css-opacity has-black-background-color has-background is-style-wide\"\/>\n\n\n\n<div style=\"height:10px\" aria-hidden=\"true\" class=\"wp-block-spacer\"><\/div>\n\n\n\n<p><i class=\"fas fa-check\"><\/i>   Syst\u00e9m troch svetiel<\/p>\n\n\n\n<p><i class=\"fas fa-check\"><\/i>   Syst\u00e9m dvoch svetiel<\/p>\n\n\n\n<p><i class=\"fas fa-check\"><\/i> Syst\u00e9m jedn\u00e9ho svetla<\/p>\n\n\n\n<p><i class=\"fas fa-check\"><\/i> Vertik\u00e1lne zarovnanie<\/p>\n\n\n\n<p><i class=\"fas fa-check\"><\/i> Horizont\u00e1lne zarovnanie<\/p>\n\n\n\n<p><i class=\"fas fa-check\"><\/i> Nastavenia hran\u00edc<\/p>\n\n\n\n<p><i class=\"fas fa-check\"><\/i> Nastavenia textu<\/p>\n\n\n\n<p><i class=\"fas fa-check\"><\/i> Nastavenia farieb<\/p>\n\n\n\n<div class=\"wp-block-buttons alignfull is-horizontal is-content-justification-center is-layout-flex wp-container-core-buttons-is-layout-2 wp-block-buttons-is-layout-flex\">\n<div class=\"wp-block-button\"><a class=\"wp-block-button__link has-white-color has-text-color wp-element-button\" href=\"https:\/\/shop.leaplytics.de\/product\/power-bi-traffic-light\/\">Z\u00edskajte verziu PRO<\/a><\/div>\n<\/div>\n<\/div>\n<\/div>\n\n\n\n<h3 class=\"has-text-align-center wp-block-heading\">V\u00fdukov\u00e9 programy<\/h3>\n\n\n\n<figure class=\"wp-block-embed is-type-wp-embed is-provider-leaplytics wp-block-embed-leaplytics\"><div class=\"wp-block-embed__wrapper\">\n<blockquote class=\"wp-embedded-content\" data-secret=\"cwg50Zk5fq\"><a href=\"https:\/\/www.leaplytics.de\/sk\/zaciname-s-napajanim-svetelnej-signalizacie-bi\/\">Za\u010d\u00edname - Semafor<\/a><\/blockquote><iframe loading=\"lazy\" class=\"wp-embedded-content\" sandbox=\"allow-scripts\" security=\"restricted\" style=\"position: absolute; clip: rect(1px, 1px, 1px, 1px);\" title=\"&quot;Za\u010d\u00edname - semafor&quot; - LeapLytics\" src=\"https:\/\/www.leaplytics.de\/getting-started-traffic-light-power-bi\/embed\/#?secret=JIdoTDIlqE#?secret=cwg50Zk5fq\" data-secret=\"cwg50Zk5fq\" width=\"600\" height=\"338\" frameborder=\"0\" marginwidth=\"0\" marginheight=\"0\" scrolling=\"no\"><\/iframe>\n<\/div><\/figure>\n\n\n\n<figure class=\"wp-block-embed is-type-wp-embed is-provider-leaplytics wp-block-embed-leaplytics\"><div class=\"wp-block-embed__wrapper\">\n<blockquote class=\"wp-embedded-content\" data-secret=\"UYaIRF2azY\"><a href=\"https:\/\/www.leaplytics.de\/sk\/moznosti-formatu-svetelna-signalizacia-napajania-bi\/\">Mo\u017enosti form\u00e1tu - Semafor<\/a><\/blockquote><iframe loading=\"lazy\" class=\"wp-embedded-content\" sandbox=\"allow-scripts\" security=\"restricted\" style=\"position: absolute; clip: rect(1px, 1px, 1px, 1px);\" title=\"&quot;Mo\u017enosti form\u00e1tu - semafor&quot; - LeapLytics\" src=\"https:\/\/www.leaplytics.de\/format-options-traffic-light-power-bi\/embed\/#?secret=AAuzBxTRft#?secret=UYaIRF2azY\" data-secret=\"UYaIRF2azY\" width=\"600\" height=\"338\" frameborder=\"0\" marginwidth=\"0\" marginheight=\"0\" scrolling=\"no\"><\/iframe>\n<\/div><\/figure>\n\n\n\n<div style=\"height:100px\" aria-hidden=\"true\" class=\"wp-block-spacer\"><\/div>\n\n\n\n<h3 class=\"has-text-align-center wp-block-heading\">Dokument\u00e1cia:<\/h3>\n\n\n<div class=\"_df_book df-lite\" id=\"df_2352\"  _slug=\"traffic-light-power-bi\" data-title=\"traffic-light-power-bi\" wpoptions=\"true\" thumb=\"https:\/\/www.leaplytics.de\/wp-content\/uploads\/2020\/10\/Three-Traffic-Lights-e1613769321194.png\" thumbtype=\"\" ><\/div><script class=\"df-shortcode-script\" nowprocket type=\"application\/javascript\">window.option_df_2352 = {\"outline\":[],\"autoEnableOutline\":\"false\",\"autoEnableThumbnail\":\"false\",\"overwritePDFOutline\":\"false\",\"direction\":\"1\",\"pageSize\":\"0\",\"source\":\"https:\\\/\\\/www.leaplytics.de\\\/wp-content\\\/uploads\\\/2021\\\/11\\\/Traffic-Light-PowerBI-User-Documentation_1.0.pdf\",\"wpOptions\":\"true\"}; if(window.DFLIP && window.DFLIP.parseBooks){window.DFLIP.parseBooks();}<\/script>\n\n\n\n<div style=\"height:50px\" aria-hidden=\"true\" class=\"wp-block-spacer\"><\/div>\n\n\n\n<div class=\"wp-block-buttons is-content-justification-center is-layout-flex wp-container-core-buttons-is-layout-3 wp-block-buttons-is-layout-flex\">\n<div class=\"wp-block-button aligncenter has-custom-font-size\" style=\"font-size:16px\"><a class=\"wp-block-button__link wp-element-button\" href=\"https:\/\/www.leaplytics.de\/wp-content\/uploads\/2021\/11\/Traffic-Light-PowerBI-User-Documentation_1.0.pdf\" target=\"_blank\" rel=\"noreferrer noopener\">Stiahnite si dokument\u00e1ciu<\/a><\/div>\n<\/div>\n\n\n\n<p class=\"has-text-align-right\"><a href=\"#\">Sp\u00e4\u0165 na za\u010diatok \u25b2<\/a><\/p>","protected":false},"excerpt":{"rendered":"<p>Sledujte stav projektu a m\u00ed\u013eniky pomocou tohto vizu\u00e1lneho rie\u0161enia so semaforom! To je hlavn\u00fd cie\u013e tohto vizu\u00e1lneho rie\u0161enia Traffic Light Custom Visual pre Microsoft Power BI. \"Traffic Light\" je vysoko prisp\u00f4sobite\u013en\u00e9 vizu\u00e1lne rie\u0161enie pre Power BI na sledovanie va\u0161ich k\u013e\u00fa\u010dov\u00fdch ukazovate\u013eov v\u00fdkonnosti. Viacer\u00e9 nastavenia, ako napr\u00edklad horizont\u00e1lne a vertik\u00e1lne zarovnanie alebo syst\u00e9m dvoch\/troch svetiel, prisp\u00f4sobuj\u00fa tento vizu\u00e1l va\u0161im potreb\u00e1m vykazovania.<br \/>\nTento vizu\u00e1l mo\u017eno pou\u017ei\u0165 aj na monitorovanie a ur\u010dovanie prahov\u00fdch hodn\u00f4t pre v\u0161etky typy fyzik\u00e1lnych meran\u00ed, ukazovate\u013eov kvality a rozdielov vo v\u0161eobecnosti. V\u010faka tomu ho mo\u017eno pou\u017ei\u0165 na \u0161irok\u00fd po\u010det pr\u00edpadov pou\u017eitia, ktor\u00e9 sa vyskytuj\u00fa v r\u00f4znych podnikoch.<\/p>","protected":false},"author":1,"featured_media":0,"parent":2301,"menu_order":1,"comment_status":"closed","ping_status":"closed","template":"","meta":{"footnotes":""},"class_list":["post-2170","page","type-page","status-publish","hentry","latest_post"],"_links":{"self":[{"href":"https:\/\/www.leaplytics.de\/sk\/wp-json\/wp\/v2\/pages\/2170","targetHints":{"allow":["GET"]}}],"collection":[{"href":"https:\/\/www.leaplytics.de\/sk\/wp-json\/wp\/v2\/pages"}],"about":[{"href":"https:\/\/www.leaplytics.de\/sk\/wp-json\/wp\/v2\/types\/page"}],"author":[{"embeddable":true,"href":"https:\/\/www.leaplytics.de\/sk\/wp-json\/wp\/v2\/users\/1"}],"replies":[{"embeddable":true,"href":"https:\/\/www.leaplytics.de\/sk\/wp-json\/wp\/v2\/comments?post=2170"}],"version-history":[{"count":0,"href":"https:\/\/www.leaplytics.de\/sk\/wp-json\/wp\/v2\/pages\/2170\/revisions"}],"up":[{"embeddable":true,"href":"https:\/\/www.leaplytics.de\/sk\/wp-json\/wp\/v2\/pages\/2301"}],"wp:attachment":[{"href":"https:\/\/www.leaplytics.de\/sk\/wp-json\/wp\/v2\/media?parent=2170"}],"curies":[{"name":"wp","href":"https:\/\/api.w.org\/{rel}","templated":true}]}}