{"id":23,"date":"2020-10-13T23:19:51","date_gmt":"2020-10-13T21:19:51","guid":{"rendered":"https:\/\/www.blytics.de\/?page_id=23"},"modified":"2025-04-15T20:00:36","modified_gmt":"2025-04-15T18:00:36","slug":"o","status":"publish","type":"page","link":"https:\/\/www.leaplytics.de\/sk\/o\/","title":{"rendered":"Vznik spolo\u010dnosti LeapLytics"},"content":{"rendered":"<p>Toto je pr\u00edbeh o dvoch priate\u013eoch z Frankfurtu v Nemecku. P\u00edsal sa rok 2020. Pracovali sme na viacer\u00fdch projektov\u00fdch poz\u00edci\u00e1ch, ako napr\u00edklad ved\u00faci projektu, strategick\u00fd a operat\u00edvny PMO. A uvedomili sme si, \u017ee po ruke nem\u00e1me skuto\u010dn\u00e9 rie\u0161enie pre reporting a anal\u00fdzu projektov\u00e9ho riadenia, ktor\u00e9 by vyhovovalo potreb\u00e1m viacer\u00fdch rol\u00ed projektov\u00e9ho riadenia. Preto sme za\u010dali preskakova\u0165 riadenie projektov s nov\u00fdmi n\u00e1padmi na analytick\u00e9 rie\u0161enia.<\/p>\n\n\n\n<p>Spolo\u010dnos\u0165 LeapLytics sme zalo\u017eili s v\u00edziou uvies\u0165 do \u017eivota analytiku s\u00favisiacu s riaden\u00edm projektov. Od za\u010diatku bolo jasn\u00e9, \u017ee integrovan\u00fd reporting nie je mo\u017en\u00e9 zabezpe\u010di\u0165 samostatn\u00fdmi rie\u0161eniami reportingu, ale sk\u00f4r integrovan\u00fdm pr\u00edstupom. Projektov\u00fd reporting by mal by\u0165 mo\u017en\u00fd s u\u017e existuj\u00facimi rie\u0161eniami v spolo\u010dnostiach a skupin\u00e1ch.<\/p>\n\n\n\n<p>Spolo\u010dnos\u0165 LeapLytics dnes predstavuje svie\u017ee a inovat\u00edvne rie\u0161enia reportovania, ktor\u00e9 s\u00fa vhodn\u00e9 pre r\u00f4zne \u00farovne integr\u00e1cie: od roz\u0161\u00edren\u00ed, ktor\u00e9 sa integruj\u00fa do va\u0161ich informa\u010dn\u00fdch panelov, cez hotov\u00e9 a pripraven\u00e9 informa\u010dn\u00e9 panely pre ur\u010dit\u00e9 pr\u00edpady pou\u017eitia a\u017e po individu\u00e1lne poradenstvo v oblasti reportovania a modelovania \u00fadajov.<\/p>\n\n\n\n<p>Ako zakladatelia chceme poskytova\u0165 profesion\u00e1lne rie\u0161enia v oblasti reportingu v r\u00e1mci svojich produktov a poradensk\u00e9ho pr\u00edstupu.<\/p>\n\n\n\n<figure class=\"wp-block-gallery has-nested-images columns-default is-cropped wp-block-gallery-1 is-layout-flex wp-block-gallery-is-layout-flex\">\n<figure class=\"wp-block-image size-large\"><a href=\"https:\/\/www.linkedin.com\/in\/stefanpreusler\/\"><img loading=\"lazy\" decoding=\"async\" width=\"768\" height=\"1024\" data-id=\"480\" src=\"https:\/\/www.leaplytics.de\/wp-content\/uploads\/2020\/11\/stefan-v2-2-768x1024.jpeg\" alt=\"\" class=\"wp-image-480\" srcset=\"https:\/\/www.leaplytics.de\/wp-content\/uploads\/2020\/11\/stefan-v2-2-768x1024.jpeg 768w, https:\/\/www.leaplytics.de\/wp-content\/uploads\/2020\/11\/stefan-v2-2-scaled-600x800.jpeg 600w, https:\/\/www.leaplytics.de\/wp-content\/uploads\/2020\/11\/stefan-v2-2-225x300.jpeg 225w, https:\/\/www.leaplytics.de\/wp-content\/uploads\/2020\/11\/stefan-v2-2-1152x1536.jpeg 1152w, https:\/\/www.leaplytics.de\/wp-content\/uploads\/2020\/11\/stefan-v2-2-1536x2048.jpeg 1536w, https:\/\/www.leaplytics.de\/wp-content\/uploads\/2020\/11\/stefan-v2-2-45x60.jpeg 45w, https:\/\/www.leaplytics.de\/wp-content\/uploads\/2020\/11\/stefan-v2-2-scaled.jpeg 1920w\" sizes=\"auto, (max-width: 768px) 100vw, 768px\" \/><\/a><figcaption class=\"wp-element-caption\">Stefan Preusler<\/figcaption><\/figure>\n\n\n\n<figure class=\"wp-block-image size-large\"><a href=\"https:\/\/www.linkedin.com\/in\/dominik-galsheimer-3233461b9\/\"><img loading=\"lazy\" decoding=\"async\" width=\"851\" height=\"1024\" data-id=\"488\" src=\"https:\/\/www.leaplytics.de\/wp-content\/uploads\/2020\/11\/Dominik_About-scaled-e1604523139831-851x1024.jpg\" alt=\"\" class=\"wp-image-488\" srcset=\"https:\/\/www.leaplytics.de\/wp-content\/uploads\/2020\/11\/Dominik_About-scaled-e1604523139831-851x1024.jpg 851w, https:\/\/www.leaplytics.de\/wp-content\/uploads\/2020\/11\/Dominik_About-scaled-e1604523139831-600x722.jpg 600w, https:\/\/www.leaplytics.de\/wp-content\/uploads\/2020\/11\/Dominik_About-scaled-e1604523139831-249x300.jpg 249w, https:\/\/www.leaplytics.de\/wp-content\/uploads\/2020\/11\/Dominik_About-scaled-e1604523139831-768x924.jpg 768w, https:\/\/www.leaplytics.de\/wp-content\/uploads\/2020\/11\/Dominik_About-scaled-e1604523139831-1277x1536.jpg 1277w, https:\/\/www.leaplytics.de\/wp-content\/uploads\/2020\/11\/Dominik_About-scaled-e1604523139831-1702x2048.jpg 1702w, https:\/\/www.leaplytics.de\/wp-content\/uploads\/2020\/11\/Dominik_About-scaled-e1604523139831-50x60.jpg 50w, https:\/\/www.leaplytics.de\/wp-content\/uploads\/2020\/11\/Dominik_About-scaled-e1604523139831.jpg 1920w\" sizes=\"auto, (max-width: 851px) 100vw, 851px\" \/><\/a><figcaption class=\"wp-element-caption\">Dominik Galsheimer<\/figcaption><\/figure>\n<\/figure>","protected":false},"excerpt":{"rendered":"<p>LeapLytics predstavuje svie\u017ee a inovat\u00edvne rie\u0161enia reportovania, ktor\u00e9 s\u00fa vhodn\u00e9 pre r\u00f4zne \u00farovne integr\u00e1cie<\/p>","protected":false},"author":1,"featured_media":3395,"parent":0,"menu_order":0,"comment_status":"closed","ping_status":"closed","template":"","meta":{"footnotes":""},"class_list":["post-23","page","type-page","status-publish","has-post-thumbnail","hentry","latest_post"],"_links":{"self":[{"href":"https:\/\/www.leaplytics.de\/sk\/wp-json\/wp\/v2\/pages\/23","targetHints":{"allow":["GET"]}}],"collection":[{"href":"https:\/\/www.leaplytics.de\/sk\/wp-json\/wp\/v2\/pages"}],"about":[{"href":"https:\/\/www.leaplytics.de\/sk\/wp-json\/wp\/v2\/types\/page"}],"author":[{"embeddable":true,"href":"https:\/\/www.leaplytics.de\/sk\/wp-json\/wp\/v2\/users\/1"}],"replies":[{"embeddable":true,"href":"https:\/\/www.leaplytics.de\/sk\/wp-json\/wp\/v2\/comments?post=23"}],"version-history":[{"count":15,"href":"https:\/\/www.leaplytics.de\/sk\/wp-json\/wp\/v2\/pages\/23\/revisions"}],"predecessor-version":[{"id":13709,"href":"https:\/\/www.leaplytics.de\/sk\/wp-json\/wp\/v2\/pages\/23\/revisions\/13709"}],"wp:featuredmedia":[{"embeddable":true,"href":"https:\/\/www.leaplytics.de\/sk\/wp-json\/wp\/v2\/media\/3395"}],"wp:attachment":[{"href":"https:\/\/www.leaplytics.de\/sk\/wp-json\/wp\/v2\/media?parent=23"}],"curies":[{"name":"wp","href":"https:\/\/api.w.org\/{rel}","templated":true}]}}