{"id":2301,"date":"2021-09-10T23:49:33","date_gmt":"2021-09-10T21:49:33","guid":{"rendered":"https:\/\/www.leaplytics.de\/?page_id=2301"},"modified":"2022-05-08T00:34:51","modified_gmt":"2022-05-07T22:34:51","slug":"riadenie-projektov-vlastne-vizualizacie-microsoft-powerbi","status":"publish","type":"page","link":"https:\/\/www.leaplytics.de\/sk\/titulna-stranka\/riadenie-projektov-vlastne-vizualizacie-microsoft-powerbi\/","title":{"rendered":"Vlastn\u00e9 vizu\u00e1ly pre Microsoft Power BI v oblasti riadenia projektov"},"content":{"rendered":"<p><strong>Efekt\u00edvne a s\u00favisiace s podnikan\u00edm<\/strong> je ochrann\u00e1 zn\u00e1mka spolo\u010dnosti LeapLytics a pridan\u00e1 hodnota na\u0161ich rie\u0161en\u00ed.<\/p>\n<p>Na\u0161e vlastn\u00e9 vizu\u00e1ly pre Microsoft Power BI s\u00fa ofici\u00e1lne schv\u00e1len\u00e9 spolo\u010dnos\u0165ou Microsoft a obsahuj\u00fa va\u0161e individu\u00e1lne rie\u0161enia. Vyu\u017eite r\u00f4zne mo\u017enosti na vylep\u0161enie svojho informa\u010dn\u00e9ho panela a na realiz\u00e1ciu svojich n\u00e1padov. Roz\u0161\u00edrenia maj\u00fa jasn\u00fa \u0161trukt\u00faru a s\u00fa vytvoren\u00e9 so zameran\u00edm na pou\u017e\u00edvate\u013ea, aby boli \u010do najiniciat\u00edvnej\u0161ie bez toho, aby ste sa vzdali d\u00f4le\u017eitej funkcionality.<\/p>\n<p>Komplexn\u00e1 dokument\u00e1cia s podrobn\u00fdm opisom mo\u017en\u00fdch pr\u00edpadov pou\u017eitia preto ur\u00fdch\u013euje pou\u017e\u00edvanie a implement\u00e1ciu.<\/p>\n<p>Ni\u017e\u0161ie n\u00e1jdete dostupn\u00e9 vizualiz\u00e1cie a presk\u00famajte ich funk\u010dnos\u0165 kliknut\u00edm na obr\u00e1zky.<\/p>\n<p>\u00a0<\/p>\n\n\n<div class=\"wp-block-media-text alignwide is-stacked-on-mobile\" style=\"grid-template-columns:43% auto\"><figure class=\"wp-block-media-text__media\"><a href=\"https:\/\/www.leaplytics.de\/sk\/titulna-stranka\/project-management-visuals-ms-powerbi\/vizualizacie-semaforu-pre-napajanie-bi\/\"><img loading=\"lazy\" decoding=\"async\" width=\"287\" height=\"300\" src=\"https:\/\/www.leaplytics.de\/wp-content\/uploads\/2021\/11\/TrafficLight300pixel.png\" alt=\"\" class=\"wp-image-2361 size-full\" srcset=\"https:\/\/www.leaplytics.de\/wp-content\/uploads\/2021\/11\/TrafficLight300pixel.png 287w, https:\/\/www.leaplytics.de\/wp-content\/uploads\/2021\/11\/TrafficLight300pixel-57x60.png 57w\" sizes=\"auto, (max-width: 287px) 100vw, 287px\" \/><\/a><\/figure><div class=\"wp-block-media-text__content\">\n<p class=\"has-large-font-size\">Vlastn\u00fd vizu\u00e1l semaforu<\/p>\n<\/div><\/div>\n\n\n\n<p><\/p>","protected":false},"excerpt":{"rendered":"<p>Efekt\u00edvne a obchodn\u00e9 rie\u0161enia s\u00fa ochrannou zn\u00e1mkou spolo\u010dnosti LeapLytics a pridanou hodnotou na\u0161ich rie\u0161en\u00ed.\u00a0<\/p>","protected":false},"author":1,"featured_media":0,"parent":111,"menu_order":0,"comment_status":"closed","ping_status":"closed","template":"","meta":{"footnotes":""},"class_list":["post-2301","page","type-page","status-publish","hentry","latest_post"],"_links":{"self":[{"href":"https:\/\/www.leaplytics.de\/sk\/wp-json\/wp\/v2\/pages\/2301","targetHints":{"allow":["GET"]}}],"collection":[{"href":"https:\/\/www.leaplytics.de\/sk\/wp-json\/wp\/v2\/pages"}],"about":[{"href":"https:\/\/www.leaplytics.de\/sk\/wp-json\/wp\/v2\/types\/page"}],"author":[{"embeddable":true,"href":"https:\/\/www.leaplytics.de\/sk\/wp-json\/wp\/v2\/users\/1"}],"replies":[{"embeddable":true,"href":"https:\/\/www.leaplytics.de\/sk\/wp-json\/wp\/v2\/comments?post=2301"}],"version-history":[{"count":0,"href":"https:\/\/www.leaplytics.de\/sk\/wp-json\/wp\/v2\/pages\/2301\/revisions"}],"up":[{"embeddable":true,"href":"https:\/\/www.leaplytics.de\/sk\/wp-json\/wp\/v2\/pages\/111"}],"wp:attachment":[{"href":"https:\/\/www.leaplytics.de\/sk\/wp-json\/wp\/v2\/media?parent=2301"}],"curies":[{"name":"wp","href":"https:\/\/api.w.org\/{rel}","templated":true}]}}