{"id":2436,"date":"2021-12-13T21:22:53","date_gmt":"2021-12-13T20:22:53","guid":{"rendered":"https:\/\/www.leaplytics.de\/?page_id=2436"},"modified":"2022-06-15T15:05:33","modified_gmt":"2022-06-15T13:05:33","slug":"ponuka-svetelnej-signalizacie-bi","status":"publish","type":"page","link":"https:\/\/www.leaplytics.de\/sk\/ponuka-svetelnej-signalizacie-bi\/","title":{"rendered":"Ponuka Power BI od spolo\u010dnosti Traffic Light"},"content":{"rendered":"<div class=\"wp-block-image\">\n<figure class=\"aligncenter size-full is-resized\"><img loading=\"lazy\" decoding=\"async\" src=\"https:\/\/www.leaplytics.de\/wp-content\/uploads\/2020\/10\/Three-Traffic-Lights-e1644325953391.png\" alt=\"\" class=\"wp-image-411\" width=\"175\" height=\"183\"\/><\/figure><\/div>\n\n\n<div style=\"height:50px\" aria-hidden=\"true\" class=\"wp-block-spacer\"><\/div>\n\n\n\n<div class=\"wp-block-columns alignwide is-layout-flex wp-container-core-columns-is-layout-1 wp-block-columns-is-layout-flex\">\n<div class=\"wp-block-column has-text-color has-background has-link-color wp-elements-50e564fd3b335201ec964f140d74ba12 is-layout-flow wp-block-column-is-layout-flow\" style=\"background-color:#eeeeee;color:#000000;padding-top:2em;padding-right:2em;padding-bottom:2em;padding-left:2em\">\n<h2 class=\"wp-block-heading\" id=\"single\" style=\"font-size:40px\"><strong>Verzia ZDARMA<\/strong><\/h2>\n\n\n\n<div style=\"height:10px\" aria-hidden=\"true\" class=\"wp-block-spacer\"><\/div>\n\n\n\n<p class=\"has-normal-font-size\" style=\"line-height:1.5\">Bezplatn\u00e1 verzia aplik\u00e1cie LeapLytics - Traffic Light je bezplatn\u00e1 s vodoznakom a obmedzenou funk\u010dnos\u0165ou.<\/p>\n\n\n\n<div style=\"height:10px\" aria-hidden=\"true\" class=\"wp-block-spacer\"><\/div>\n\n\n\n<hr class=\"wp-block-separator has-text-color has-css-opacity has-background is-style-wide\" style=\"background-color:#000000;color:#000000\"\/>\n\n\n\n<div style=\"height:10px\" aria-hidden=\"true\" class=\"wp-block-spacer\"><\/div>\n\n\n\n<p><i class=\"fas fa-times\"><\/i> Vodoznak odstr\u00e1nen\u00fd<\/p>\n\n\n\n<p><i class=\"fas fa-check\"><\/i> Syst\u00e9m troch svetiel<\/p>\n\n\n\n<p><i class=\"fas fa-times\"><\/i>  Syst\u00e9m dvoch svetiel<\/p>\n\n\n\n<p><i class=\"fas fa-times\"><\/i> Syst\u00e9m jedn\u00e9ho svetla<\/p>\n\n\n\n<p><i class=\"fas fa-check\"><\/i> Vertik\u00e1lne zarovnanie<\/p>\n\n\n\n<p><i class=\"fas fa-times\"><\/i> Horizont\u00e1lne zarovnanie<\/p>\n\n\n\n<p><i class=\"fas fa-times\"><\/i> Nastavenia hran\u00edc<\/p>\n\n\n\n<p><i class=\"fas fa-times\"><\/i> Nastavenia textu<\/p>\n\n\n\n<p><i class=\"fas fa-times\"><\/i> Nastavenia farieb<\/p>\n\n\n\n<div class=\"wp-block-buttons alignfull is-horizontal is-content-justification-center is-layout-flex wp-container-core-buttons-is-layout-1 wp-block-buttons-is-layout-flex\">\n<div class=\"wp-block-button\"><a class=\"wp-block-button__link\" href=\"https:\/\/appsource.microsoft.com\/en-en\/product\/power-bi-visuals\/leaplyticsgmbh1633373694058.leaplytics_traffic_light?tab=overview\" target=\"_blank\" rel=\"noreferrer noopener\">Z\u00edskajte bezplatn\u00fa verziu<\/a><\/div>\n<\/div>\n\n\n\n<div style=\"height:30px\" aria-hidden=\"true\" class=\"wp-block-spacer\"><\/div>\n\n\n\n<p class=\"has-text-align-center has-text-color\" style=\"color:#98bd00\"><strong><em>U\u017e pou\u017e\u00edvate BEZPLATN\u00da verziu tohto vizu\u00e1lu.<\/em><\/strong><\/p>\n<\/div>\n\n\n\n<div class=\"wp-block-column has-text-color has-background has-link-color wp-elements-27bc483104e077d24b05df2e0f3ad857 is-layout-flow wp-block-column-is-layout-flow\" style=\"background-color:#f2c80f;color:#000000;padding-top:2em;padding-right:2em;padding-bottom:2em;padding-left:2em\">\n<h2 class=\"wp-block-heading\" id=\"family\" style=\"font-size:40px\"><strong>Verzia PRO<\/strong><\/h2>\n\n\n\n<div style=\"height:10px\" aria-hidden=\"true\" class=\"wp-block-spacer\"><\/div>\n\n\n\n<p class=\"has-normal-font-size\" style=\"line-height:1.5\">Verzia PRO aplik\u00e1cie LeapLytics - Traffic Light odstra\u0148uje vodoznak a v\u0161etky obmedzenia, aby ste mohli naplno vyu\u017ei\u0165 silu tohto vizu\u00e1lu.<\/p>\n\n\n\n<div style=\"height:10px\" aria-hidden=\"true\" class=\"wp-block-spacer\"><\/div>\n\n\n\n<hr class=\"wp-block-separator has-text-color has-black-color has-css-opacity has-black-background-color has-background is-style-wide\"\/>\n\n\n\n<div style=\"height:10px\" aria-hidden=\"true\" class=\"wp-block-spacer\"><\/div>\n\n\n\n<p><i class=\"fas fa-check\"><\/i>  Vodoznak odstr\u00e1nen\u00fd<\/p>\n\n\n\n<p><i class=\"fas fa-check\"><\/i>   Syst\u00e9m troch svetiel<\/p>\n\n\n\n<p><i class=\"fas fa-check\"><\/i>   Syst\u00e9m dvoch svetiel<\/p>\n\n\n\n<p><i class=\"fas fa-check\"><\/i> Syst\u00e9m jedn\u00e9ho svetla<\/p>\n\n\n\n<p><i class=\"fas fa-check\"><\/i> Vertik\u00e1lne zarovnanie<\/p>\n\n\n\n<p><i class=\"fas fa-check\"><\/i> Horizont\u00e1lne zarovnanie<\/p>\n\n\n\n<p><i class=\"fas fa-check\"><\/i> Nastavenia hran\u00edc<\/p>\n\n\n\n<p><i class=\"fas fa-check\"><\/i> Nastavenia textu<\/p>\n\n\n\n<p><i class=\"fas fa-check\"><\/i> Nastavenia farieb<\/p>\n\n\n\n<div class=\"wp-block-buttons is-content-justification-center is-layout-flex wp-container-core-buttons-is-layout-2 wp-block-buttons-is-layout-flex\">\n<div class=\"wp-block-button\"><a class=\"wp-block-button__link\" href=\"https:\/\/shop.leaplytics.de\/product\/power-bi-traffic-light\/\">K\u00fapi\u0165 verziu PRO<\/a><\/div>\n<\/div>\n\n\n\n<div style=\"height:10px\" aria-hidden=\"true\" class=\"wp-block-spacer\"><\/div>\n\n\n\n<div class=\"wp-block-buttons alignfull is-horizontal is-content-justification-center is-layout-flex wp-container-core-buttons-is-layout-3 wp-block-buttons-is-layout-flex\">\n<div class=\"wp-block-button\"><a class=\"wp-block-button__link\" href=\"https:\/\/www.leaplytics.de\/sk\/ponuka-svetelnej-signalizacie-bi\/#contact\">Vysk\u00fa\u0161ajte verziu PRO<\/a><\/div>\n<\/div>\n<\/div>\n<\/div>\n\n\n\n<div style=\"height:50px\" aria-hidden=\"true\" class=\"wp-block-spacer\"><\/div>\n\n\n\n<hr class=\"wp-block-separator has-text-color has-cyan-bluish-gray-color has-css-opacity has-cyan-bluish-gray-background-color has-background\"\/>\n\n\n\n<div style=\"height:50px\" aria-hidden=\"true\" class=\"wp-block-spacer\"><\/div>\n\n\n\n<h2 class=\"wp-block-heading\" id=\"contact\">Vysk\u00fa\u0161ajte pred k\u00fapou! <\/h2>\n\n\n\n<div style=\"height:10px\" aria-hidden=\"true\" class=\"wp-block-spacer\"><\/div>\n\n\n\n<h4 class=\"wp-block-heading\" id=\"contact\">Vy\u017eiadajte si teraz svoju osobn\u00fa 2-t\u00fd\u017ed\u0148ov\u00fa sk\u00fa\u0161obn\u00fa licenciu!<\/h4>\n\n\n\n<div style=\"height:50px\" aria-hidden=\"true\" class=\"wp-block-spacer\"><\/div>\n\n\n\n<div class=\"wpcf7 no-js\" id=\"wpcf7-f8633-o1\" lang=\"de-DE\" dir=\"ltr\" data-wpcf7-id=\"8633\">\n<div class=\"screen-reader-response\"><p role=\"status\" aria-live=\"polite\" aria-atomic=\"true\"><\/p> <ul><\/ul><\/div>\n<form action=\"\/sk\/wp-json\/wp\/v2\/pages\/2436#wpcf7-f8633-o1\" method=\"post\" class=\"wpcf7-form init\" aria-label=\"Kontaktformular\" novalidate=\"novalidate\" data-status=\"init\" data-trp-original-action=\"\/sk\/wp-json\/wp\/v2\/pages\/2436#wpcf7-f8633-o1\">\n<fieldset class=\"hidden-fields-container\"><input type=\"hidden\" name=\"_wpcf7\" value=\"8633\" \/><input type=\"hidden\" name=\"_wpcf7_version\" value=\"6.1.1\" \/><input type=\"hidden\" name=\"_wpcf7_locale\" value=\"de_DE\" \/><input type=\"hidden\" name=\"_wpcf7_unit_tag\" value=\"wpcf7-f8633-o1\" \/><input type=\"hidden\" name=\"_wpcf7_container_post\" value=\"0\" \/><input type=\"hidden\" name=\"_wpcf7_posted_data_hash\" value=\"\" \/><input type=\"hidden\" name=\"_wpcf7_recaptcha_response\" value=\"\" \/>\n<\/fieldset>\n<p><label> Meno (*)<br \/>\n<span class=\"wpcf7-form-control-wrap\" data-name=\"first-name\"><input size=\"40\" maxlength=\"400\" class=\"wpcf7-form-control wpcf7-text wpcf7-validates-as-required\" aria-required=\"true\" aria-invalid=\"false\" value=\"\" type=\"text\" name=\"first-name\" \/><\/span><\/label>\n<\/p>\n<p><label> Priezvisko (*)<br \/>\n<span class=\"wpcf7-form-control-wrap\" data-name=\"your-name\"><input size=\"40\" maxlength=\"400\" class=\"wpcf7-form-control wpcf7-text wpcf7-validates-as-required\" aria-required=\"true\" aria-invalid=\"false\" value=\"\" type=\"text\" name=\"your-name\" \/><\/span> <\/label>\n<\/p>\n<p><label> Obchodn\u00fd e-mail (*)<br \/>\n<span class=\"wpcf7-form-control-wrap\" data-name=\"your-email\"><input size=\"40\" maxlength=\"400\" class=\"wpcf7-form-control wpcf7-email wpcf7-validates-as-required wpcf7-text wpcf7-validates-as-email\" aria-required=\"true\" aria-invalid=\"false\" value=\"\" type=\"email\" name=\"your-email\" \/><\/span> <\/label>\n<\/p>\n<p><label> Spolo\u010dnos\u0165 (*)<br \/>\n<span class=\"wpcf7-form-control-wrap\" data-name=\"Company\"><input size=\"40\" maxlength=\"400\" class=\"wpcf7-form-control wpcf7-text wpcf7-validates-as-required\" aria-required=\"true\" aria-invalid=\"false\" value=\"\" type=\"text\" name=\"Company\" \/><\/span> <\/label>\n<\/p>\n<p><b>Upozornenie:<\/b> Ak to urob\u00edte <u>nevidie\u0165<\/u> \"Odosla\u0165\" ni\u017e\u0161ie, m\u00e1te <u>neakceptovan\u00e9<\/u> na\u0161e z\u00e1sady ochrany osobn\u00fdch \u00fadajov. Preto nie sme opr\u00e1vnen\u00ed zhroma\u017e\u010fova\u0165 va\u0161e \u00fadaje v tejto forme. Bu\u010f n\u00e1m nap\u00ed\u0161te do chatu vpravo, alebo n\u00e1m po\u0161lite e-mail na adresu <a href=\"\/sk\/&\/#109;&#x61;&#105;&#x6c;t&#111;&#x3a;&#105;&#x6e;f&#x6f;&#64;&#108;&#x65;&#97;&#x70;l&#x79;&#x74;&#105;&#x63;s&#x2e;d&#101;\"><i class=\"fa fa-envelope\" aria-hidden=\"true\"><\/i>info@leaplytics.de<\/a> alebo vyma\u017ete s\u00fabory cookie v prehliada\u010di (Ctrl + Shift + Delete) a po op\u00e4tovnom na\u010d\u00edtan\u00ed str\u00e1nky prijmite z\u00e1sady ochrany osobn\u00fdch \u00fadajov.\n<\/p><div class=\"wpcf7-response-output\" aria-hidden=\"true\"><\/div>\n<input type=\"hidden\" name=\"trp-form-language\" value=\"sk\"\/><\/form>\n<\/div>\n\n\n\n\n<p><\/p>","protected":false},"excerpt":{"rendered":"<p>FREE Version The FREE Version of LeapLytics &#8211; Traffic Light is free to use with watermark and limited functionality. Watermark removed Three Light System Two Light System One Light System Vertical Alignment Horizontal Alignment Border Settings Text Settings Color Settings You are already using the FREE version of this visual. PRO Version The PRO Version &hellip; <\/p>","protected":false},"author":2,"featured_media":0,"parent":0,"menu_order":0,"comment_status":"closed","ping_status":"closed","template":"","meta":{"footnotes":""},"class_list":["post-2436","page","type-page","status-publish","hentry","latest_post"],"_links":{"self":[{"href":"https:\/\/www.leaplytics.de\/sk\/wp-json\/wp\/v2\/pages\/2436","targetHints":{"allow":["GET"]}}],"collection":[{"href":"https:\/\/www.leaplytics.de\/sk\/wp-json\/wp\/v2\/pages"}],"about":[{"href":"https:\/\/www.leaplytics.de\/sk\/wp-json\/wp\/v2\/types\/page"}],"author":[{"embeddable":true,"href":"https:\/\/www.leaplytics.de\/sk\/wp-json\/wp\/v2\/users\/2"}],"replies":[{"embeddable":true,"href":"https:\/\/www.leaplytics.de\/sk\/wp-json\/wp\/v2\/comments?post=2436"}],"version-history":[{"count":0,"href":"https:\/\/www.leaplytics.de\/sk\/wp-json\/wp\/v2\/pages\/2436\/revisions"}],"wp:attachment":[{"href":"https:\/\/www.leaplytics.de\/sk\/wp-json\/wp\/v2\/media?parent=2436"}],"curies":[{"name":"wp","href":"https:\/\/api.w.org\/{rel}","templated":true}]}}