{"id":6464,"date":"2022-04-25T20:31:18","date_gmt":"2022-04-25T18:31:18","guid":{"rendered":"https:\/\/www.leaplytics.de\/?page_id=6464"},"modified":"2022-04-26T20:20:47","modified_gmt":"2022-04-26T18:20:47","slug":"rozsirenia-pristrojoveho-panela-qlik-sense","status":"publish","type":"page","link":"https:\/\/www.leaplytics.de\/sk\/rozsirenia-pristrojoveho-panela-qlik-sense\/","title":{"rendered":"Qlik Sense Dashboard a roz\u0161\u00edrenia"},"content":{"rendered":"<p style=\"font-size:18px\"><strong>Efekt\u00edvne a s\u00favisiace s podnikan\u00edm<\/strong> je ochrann\u00e1 zn\u00e1mka spolo\u010dnosti LeapLytics a pridan\u00e1 hodnota na\u0161ich rie\u0161en\u00ed.<\/p>\n\n\n\n<figure class=\"wp-block-image size-full\"><img loading=\"lazy\" decoding=\"async\" width=\"1510\" height=\"785\" src=\"https:\/\/www.leaplytics.de\/wp-content\/uploads\/2022\/04\/Dashboard_QlikSense.png\" alt=\"\" class=\"wp-image-6468\" srcset=\"https:\/\/www.leaplytics.de\/wp-content\/uploads\/2022\/04\/Dashboard_QlikSense.png 1510w, https:\/\/www.leaplytics.de\/wp-content\/uploads\/2022\/04\/Dashboard_QlikSense-300x156.png 300w, https:\/\/www.leaplytics.de\/wp-content\/uploads\/2022\/04\/Dashboard_QlikSense-1024x532.png 1024w, https:\/\/www.leaplytics.de\/wp-content\/uploads\/2022\/04\/Dashboard_QlikSense-768x399.png 768w, https:\/\/www.leaplytics.de\/wp-content\/uploads\/2022\/04\/Dashboard_QlikSense-115x60.png 115w\" sizes=\"auto, (max-width: 1510px) 100vw, 1510px\" \/><\/figure>\n\n\n\n<div class=\"wp-block-buttons is-content-justification-center is-layout-flex wp-container-core-buttons-is-layout-1 wp-block-buttons-is-layout-flex\">\n<div class=\"wp-block-button\"><a class=\"wp-block-button__link has-background\" href=\"https:\/\/www.leaplytics.de\/sk\/titulna-stranka\/ovladaci-panel-riadenia-projektov-qlik-sense\/\" style=\"background:linear-gradient(135deg,rgb(202,248,128) 0%,rgb(0,152,69) 100%)\">Zobrazi\u0165 pr\u00edstrojov\u00fd panel<\/a><\/div>\n<\/div>\n\n\n\n<div style=\"height:100px\" aria-hidden=\"true\" class=\"wp-block-spacer\"><\/div>\n\n\n\n<p style=\"font-size:18px\">Na\u0161e roz\u0161\u00edrenia pre riadenie projektov s\u00fa ofici\u00e1lne schv\u00e1len\u00e9 spolo\u010dnos\u0165ou Qlik a zah\u0155\u0148aj\u00fa va\u0161e individu\u00e1lne rie\u0161enia. Vyu\u017eite r\u00f4zne mo\u017enosti na vylep\u0161enie svojho pr\u00edstrojov\u00e9ho panela a na realiz\u00e1ciu svojich n\u00e1padov. Roz\u0161\u00edrenia maj\u00fa jasn\u00fa \u0161trukt\u00faru a s\u00fa vytvoren\u00e9 so zameran\u00edm na pou\u017e\u00edvate\u013ea, aby boli \u010do najintuit\u00edvnej\u0161ie bez toho, aby ste sa vzdali d\u00f4le\u017eit\u00fdch funkci\u00ed.<\/p>\n\n\n\n<div style=\"height:100px\" aria-hidden=\"true\" class=\"wp-block-spacer\"><\/div>\n\n\n\n<div class=\"wp-block-media-text alignwide is-stacked-on-mobile\" style=\"grid-template-columns:60% auto\"><figure class=\"wp-block-media-text__media\"><img loading=\"lazy\" decoding=\"async\" width=\"1024\" height=\"576\" src=\"https:\/\/www.leaplytics.de\/wp-content\/uploads\/2022\/04\/First_Slice_Traffic_Light_QlikSense_green-1024x576.png\" alt=\"\" class=\"wp-image-6469 size-full\" srcset=\"https:\/\/www.leaplytics.de\/wp-content\/uploads\/2022\/04\/First_Slice_Traffic_Light_QlikSense_green-1024x576.png 1024w, https:\/\/www.leaplytics.de\/wp-content\/uploads\/2022\/04\/First_Slice_Traffic_Light_QlikSense_green-300x169.png 300w, https:\/\/www.leaplytics.de\/wp-content\/uploads\/2022\/04\/First_Slice_Traffic_Light_QlikSense_green-768x432.png 768w, https:\/\/www.leaplytics.de\/wp-content\/uploads\/2022\/04\/First_Slice_Traffic_Light_QlikSense_green-107x60.png 107w, https:\/\/www.leaplytics.de\/wp-content\/uploads\/2022\/04\/First_Slice_Traffic_Light_QlikSense_green.png 1140w\" sizes=\"auto, (max-width: 1024px) 100vw, 1024px\" \/><\/figure><div class=\"wp-block-media-text__content\">\n<p style=\"font-size:30px\"><strong>Semafor <\/strong><em>Roz\u0161\u00edrenie<\/em><\/p>\n\n\n\n<p style=\"font-size:18px\">Sledujte stav svojho projektu a ak\u00fdko\u013evek druh prahu pomocou tohto vizu\u00e1lneho rie\u0161enia semaforu! To je hlavn\u00fd cie\u013e tohto roz\u0161\u00edrenia semaforu. \"Semafor\" je vysoko prisp\u00f4sobite\u013en\u00e9 roz\u0161\u00edrenie Qlik Sense na monitorovanie va\u0161ich k\u013e\u00fa\u010dov\u00fdch ukazovate\u013eov v\u00fdkonnosti. <\/p>\n<\/div><\/div>\n\n\n\n<div class=\"wp-block-media-text alignwide has-media-on-the-right is-stacked-on-mobile\" style=\"grid-template-columns:auto 40%\"><figure class=\"wp-block-media-text__media\"><img loading=\"lazy\" decoding=\"async\" width=\"1024\" height=\"576\" src=\"https:\/\/www.leaplytics.de\/wp-content\/uploads\/2022\/04\/Second_Slice_Traffic_light_QlikSense_green-1024x576.png\" alt=\"\" class=\"wp-image-6470 size-full\" srcset=\"https:\/\/www.leaplytics.de\/wp-content\/uploads\/2022\/04\/Second_Slice_Traffic_light_QlikSense_green-1024x576.png 1024w, https:\/\/www.leaplytics.de\/wp-content\/uploads\/2022\/04\/Second_Slice_Traffic_light_QlikSense_green-300x169.png 300w, https:\/\/www.leaplytics.de\/wp-content\/uploads\/2022\/04\/Second_Slice_Traffic_light_QlikSense_green-768x432.png 768w, https:\/\/www.leaplytics.de\/wp-content\/uploads\/2022\/04\/Second_Slice_Traffic_light_QlikSense_green-107x60.png 107w, https:\/\/www.leaplytics.de\/wp-content\/uploads\/2022\/04\/Second_Slice_Traffic_light_QlikSense_green.png 1140w\" sizes=\"auto, (max-width: 1024px) 100vw, 1024px\" \/><\/figure><div class=\"wp-block-media-text__content\">\n<p style=\"font-size:18px\">Roz\u0161\u00edrenie semaforu pre Qlik Sense mo\u017eno pou\u017ei\u0165 aj na monitorovanie a indik\u00e1ciu prahov\u00fdch hodn\u00f4t pre v\u0161etky typy fyzik\u00e1lnych meran\u00ed, ukazovate\u013eov kvality a odch\u00fdlok vo v\u0161eobecnosti. Mo\u017eno ho pou\u017ei\u0165 na \u0161irok\u00fd po\u010det pr\u00edpadov pou\u017eitia, ktor\u00e9 sa vyskytuj\u00fa v r\u00f4znych podnikoch.<\/p>\n\n\n\n<div class=\"wp-block-buttons is-layout-flex wp-block-buttons-is-layout-flex\">\n<div class=\"wp-block-button\"><a class=\"wp-block-button__link has-very-light-gray-to-cyan-bluish-gray-gradient-background has-background\" href=\"https:\/\/www.leaplytics.de\/sk\/titulna-stranka\/rozsirenia-qlik-sense\/rozsirenie-semaforu-pre-qliksense\/\"> Dozvedie\u0165 sa viac<\/a><\/div>\n<\/div>\n<\/div><\/div>\n\n\n\n<div style=\"height:100px\" aria-hidden=\"true\" class=\"wp-block-spacer\"><\/div>\n\n\n\n<div style=\"height:100px\" aria-hidden=\"true\" class=\"wp-block-spacer\"><\/div>\n\n\n\n<div class=\"wp-block-media-text alignwide is-stacked-on-mobile\" style=\"grid-template-columns:60% auto\"><figure class=\"wp-block-media-text__media\"><img loading=\"lazy\" decoding=\"async\" width=\"1024\" height=\"576\" src=\"https:\/\/www.leaplytics.de\/wp-content\/uploads\/2022\/04\/First_Slice_Risk_Map_QlikSense_stone-1024x576.png\" alt=\"\" class=\"wp-image-6471 size-full\" srcset=\"https:\/\/www.leaplytics.de\/wp-content\/uploads\/2022\/04\/First_Slice_Risk_Map_QlikSense_stone-1024x576.png 1024w, https:\/\/www.leaplytics.de\/wp-content\/uploads\/2022\/04\/First_Slice_Risk_Map_QlikSense_stone-300x169.png 300w, https:\/\/www.leaplytics.de\/wp-content\/uploads\/2022\/04\/First_Slice_Risk_Map_QlikSense_stone-768x432.png 768w, https:\/\/www.leaplytics.de\/wp-content\/uploads\/2022\/04\/First_Slice_Risk_Map_QlikSense_stone-107x60.png 107w, https:\/\/www.leaplytics.de\/wp-content\/uploads\/2022\/04\/First_Slice_Risk_Map_QlikSense_stone.png 1140w\" sizes=\"auto, (max-width: 1024px) 100vw, 1024px\" \/><\/figure><div class=\"wp-block-media-text__content\">\n<p style=\"font-size:30px\"><strong>Mapa riz\u00edk <\/strong><em>Roz\u0161\u00edrenie<\/em><\/p>\n\n\n\n<p style=\"font-size:18px\">Z\u00edskajte ostr\u00fd vizu\u00e1lny poh\u013ead na svoje rizikov\u00e9 profily pomocou Risk Heatmap pre Qlik Sense! Roz\u0161\u00edrenie je vytvoren\u00e9 na vizualiz\u00e1ciu profilov, ktor\u00e9 s\u00fa meran\u00e9 v matici dvoch k\u013e\u00fa\u010dov\u00fdch ukazovate\u013eov v\u00fdkonnosti a r\u00f4znych kateg\u00f3ri\u00ed. Dok\u00e1\u017ee vizualizova\u0165 viacero ukazovate\u013eov na jedno pole.<\/p>\n<\/div><\/div>\n\n\n\n<div class=\"wp-block-media-text alignwide has-media-on-the-right is-stacked-on-mobile\" style=\"grid-template-columns:auto 40%\"><figure class=\"wp-block-media-text__media\"><img loading=\"lazy\" decoding=\"async\" width=\"1024\" height=\"576\" src=\"https:\/\/www.leaplytics.de\/wp-content\/uploads\/2022\/04\/Second_Slice_Risk_Map_QlikSense_stone-1024x576.png\" alt=\"\" class=\"wp-image-6472 size-full\" srcset=\"https:\/\/www.leaplytics.de\/wp-content\/uploads\/2022\/04\/Second_Slice_Risk_Map_QlikSense_stone-1024x576.png 1024w, https:\/\/www.leaplytics.de\/wp-content\/uploads\/2022\/04\/Second_Slice_Risk_Map_QlikSense_stone-300x169.png 300w, https:\/\/www.leaplytics.de\/wp-content\/uploads\/2022\/04\/Second_Slice_Risk_Map_QlikSense_stone-768x432.png 768w, https:\/\/www.leaplytics.de\/wp-content\/uploads\/2022\/04\/Second_Slice_Risk_Map_QlikSense_stone-107x60.png 107w, https:\/\/www.leaplytics.de\/wp-content\/uploads\/2022\/04\/Second_Slice_Risk_Map_QlikSense_stone.png 1140w\" sizes=\"auto, (max-width: 1024px) 100vw, 1024px\" \/><\/figure><div class=\"wp-block-media-text__content\">\n<p style=\"font-size:18px\">Toto roz\u0161\u00edrenie mo\u017eno pou\u017ei\u0165 aj na monitorovanie a indik\u00e1ciu prahov\u00fdch hodn\u00f4t pre v\u0161etky typy fyzik\u00e1lnych meran\u00ed, ukazovate\u013eov kvality a odch\u00fdlok vo v\u0161eobecnosti. V\u010faka tomu ho mo\u017eno pou\u017ei\u0165 na \u0161irok\u00fd po\u010det pr\u00edpadov pou\u017eitia, ktor\u00e9 sa vyskytuj\u00fa v r\u00f4znych podnikoch.<\/p>\n\n\n\n<div class=\"wp-block-buttons is-layout-flex wp-block-buttons-is-layout-flex\">\n<div class=\"wp-block-button\"><a class=\"wp-block-button__link has-background\" href=\"https:\/\/www.leaplytics.de\/sk\/titulna-stranka\/rozsirenia-qlik-sense\/risk-heatmap-extension-for-qliksense\/\" style=\"background:linear-gradient(135deg,rgb(202,248,128) 0%,rgb(0,152,69) 100%)\">Dozvedie\u0165 sa viac<\/a><\/div>\n<\/div>\n<\/div><\/div>\n\n\n\n<div style=\"height:100px\" aria-hidden=\"true\" class=\"wp-block-spacer\"><\/div>\n\n\n\n<div style=\"height:100px\" aria-hidden=\"true\" class=\"wp-block-spacer\"><\/div>\n\n\n\n<div class=\"wp-block-media-text alignwide is-stacked-on-mobile\" style=\"grid-template-columns:60% auto\"><figure class=\"wp-block-media-text__media\"><img loading=\"lazy\" decoding=\"async\" width=\"1024\" height=\"576\" src=\"https:\/\/www.leaplytics.de\/wp-content\/uploads\/2022\/04\/First_Slice_Timeline_QlikSense-1024x576.png\" alt=\"\" class=\"wp-image-6976 size-full\" srcset=\"https:\/\/www.leaplytics.de\/wp-content\/uploads\/2022\/04\/First_Slice_Timeline_QlikSense-1024x576.png 1024w, https:\/\/www.leaplytics.de\/wp-content\/uploads\/2022\/04\/First_Slice_Timeline_QlikSense-300x169.png 300w, https:\/\/www.leaplytics.de\/wp-content\/uploads\/2022\/04\/First_Slice_Timeline_QlikSense-768x432.png 768w, https:\/\/www.leaplytics.de\/wp-content\/uploads\/2022\/04\/First_Slice_Timeline_QlikSense-107x60.png 107w, https:\/\/www.leaplytics.de\/wp-content\/uploads\/2022\/04\/First_Slice_Timeline_QlikSense.png 1140w\" sizes=\"auto, (max-width: 1024px) 100vw, 1024px\" \/><\/figure><div class=\"wp-block-media-text__content\">\n<p style=\"font-size:30px\"><strong>\u010casov\u00e1 os<\/strong> <em>Roz\u0161\u00edrenie<\/em><\/p>\n\n\n\n<p style=\"font-size:18px\">Z\u00edskajte vizu\u00e1lny profil va\u0161ich k\u013e\u00fa\u010dov\u00fdch m\u00ed\u013enikov z h\u013eadiska distrib\u00facie a stavu oneskorenia.<\/p>\n<\/div><\/div>\n\n\n\n<div class=\"wp-block-media-text alignwide has-media-on-the-right is-stacked-on-mobile\" style=\"grid-template-columns:auto 40%\"><figure class=\"wp-block-media-text__media\"><img loading=\"lazy\" decoding=\"async\" width=\"1024\" height=\"576\" src=\"https:\/\/www.leaplytics.de\/wp-content\/uploads\/2022\/04\/Second_Slice_Traffic_light_QlikSense_green-1024x576.png\" alt=\"\" class=\"wp-image-6470 size-full\" srcset=\"https:\/\/www.leaplytics.de\/wp-content\/uploads\/2022\/04\/Second_Slice_Traffic_light_QlikSense_green-1024x576.png 1024w, https:\/\/www.leaplytics.de\/wp-content\/uploads\/2022\/04\/Second_Slice_Traffic_light_QlikSense_green-300x169.png 300w, https:\/\/www.leaplytics.de\/wp-content\/uploads\/2022\/04\/Second_Slice_Traffic_light_QlikSense_green-768x432.png 768w, https:\/\/www.leaplytics.de\/wp-content\/uploads\/2022\/04\/Second_Slice_Traffic_light_QlikSense_green-107x60.png 107w, https:\/\/www.leaplytics.de\/wp-content\/uploads\/2022\/04\/Second_Slice_Traffic_light_QlikSense_green.png 1140w\" sizes=\"auto, (max-width: 1024px) 100vw, 1024px\" \/><\/figure><div class=\"wp-block-media-text__content\">\n<p style=\"font-size:18px\">Vo v\u0161etk\u00fdch projektoch sl\u00fa\u017eia m\u00ed\u013eniky a \u010dasov\u00e9 harmonogramy ako relevantn\u00e9 metriky riadenia, ktor\u00e9 poskytuj\u00fa prostriedky na definovanie prior\u00edt projektu, monitorovanie pokroku a rozpr\u00e1vaj\u00fa celkov\u00fd pr\u00edbeh o tom, v akom stave sa v\u00e1\u0161 projekt nach\u00e1dza. V\u010faka tomuto roz\u0161\u00edreniu ho dok\u00e1\u017eete sledova\u0165.<\/p>\n\n\n\n<div class=\"wp-block-buttons is-layout-flex wp-block-buttons-is-layout-flex\">\n<div class=\"wp-block-button\"><a class=\"wp-block-button__link has-very-light-gray-to-cyan-bluish-gray-gradient-background has-background\" href=\"https:\/\/www.leaplytics.de\/sk\/titulna-stranka\/rozsirenia-qlik-sense\/rozsirenie-casovej-osi-pre-qliksense\/\">Dozvedie\u0165 sa viac<\/a><\/div>\n<\/div>\n<\/div><\/div>","protected":false},"excerpt":{"rendered":"<p>Efekt\u00edvne a obchodn\u00e9 rie\u0161enia s\u00fa ochrannou zn\u00e1mkou spolo\u010dnosti LeapLytics a pridanou hodnotou na\u0161ich rie\u0161en\u00ed. Na\u0161e roz\u0161\u00edrenia pre riadenie projektov s\u00fa ofici\u00e1lne schv\u00e1len\u00e9 spolo\u010dnos\u0165ou Qlik a zah\u0155\u0148aj\u00fa va\u0161e individu\u00e1lne rie\u0161enia. Vyu\u017eite r\u00f4zne mo\u017enosti na vylep\u0161enie svojho informa\u010dn\u00e9ho panela a na realiz\u00e1ciu svojich n\u00e1padov. Roz\u0161\u00edrenia sa riadia jasnou \u0161trukt\u00farou a s\u00fa vytvoren\u00e9 so zameran\u00edm na ... <\/p>","protected":false},"author":3,"featured_media":0,"parent":0,"menu_order":0,"comment_status":"closed","ping_status":"closed","template":"","meta":{"footnotes":""},"class_list":["post-6464","page","type-page","status-publish","hentry","latest_post"],"_links":{"self":[{"href":"https:\/\/www.leaplytics.de\/sk\/wp-json\/wp\/v2\/pages\/6464","targetHints":{"allow":["GET"]}}],"collection":[{"href":"https:\/\/www.leaplytics.de\/sk\/wp-json\/wp\/v2\/pages"}],"about":[{"href":"https:\/\/www.leaplytics.de\/sk\/wp-json\/wp\/v2\/types\/page"}],"author":[{"embeddable":true,"href":"https:\/\/www.leaplytics.de\/sk\/wp-json\/wp\/v2\/users\/3"}],"replies":[{"embeddable":true,"href":"https:\/\/www.leaplytics.de\/sk\/wp-json\/wp\/v2\/comments?post=6464"}],"version-history":[{"count":0,"href":"https:\/\/www.leaplytics.de\/sk\/wp-json\/wp\/v2\/pages\/6464\/revisions"}],"wp:attachment":[{"href":"https:\/\/www.leaplytics.de\/sk\/wp-json\/wp\/v2\/media?parent=6464"}],"curies":[{"name":"wp","href":"https:\/\/api.w.org\/{rel}","templated":true}]}}