{"id":799,"date":"2021-01-04T21:52:31","date_gmt":"2021-01-04T20:52:31","guid":{"rendered":"https:\/\/www.leaplytics.de\/?page_id=799"},"modified":"2024-11-04T09:23:33","modified_gmt":"2024-11-04T08:23:33","slug":"ovladaci-panel-riadenia-projektov-qlik-sense","status":"publish","type":"page","link":"https:\/\/www.leaplytics.de\/sk\/titulna-stranka\/ovladaci-panel-riadenia-projektov-qlik-sense\/","title":{"rendered":"Dashboard pre riadenie projektov Qlik Sense"},"content":{"rendered":"<h2 class=\"wp-block-heading\" id=\"dashboard\">Pr\u00edstrojov\u00e1 doska<\/h2>\n\n\n\n<p>Dashboard pre riadenie projektov Qlik Sense sa riadi jednoduch\u00fdm pravidlom: <strong>zobrazenie spr\u00e1vnych inform\u00e1ci\u00ed o projekte v spr\u00e1vnej agreg\u00e1cii zodpovedn\u00fdm osob\u00e1m na jeden poh\u013ead, \u010do im umo\u017en\u00ed prij\u00edma\u0165 spr\u00e1vne rozhodnutia<\/strong>. <\/p>\n\n\n\n<p>V projektovom prostred\u00ed existuj\u00fa r\u00f4zne zainteresovan\u00e9 strany, ktor\u00e9 maj\u00fa r\u00f4zne po\u017eiadavky na inform\u00e1cie a ka\u017ed\u00e1 z nich m\u00e1 in\u00fa \u00farove\u0148 podrobnosti. Nasleduj\u00face pr\u00edklady ukazuj\u00fa naj\u010dastej\u0161ie dva protiklady.  <\/p>\n\n\n\n<p><strong>\u00darove\u0148 portf\u00f3lia:<\/strong> S\u00fa tu portf\u00f3lio-mana\u017e\u00e9ri, ktor\u00ed musia zabezpe\u010di\u0165, aby sa spr\u00e1vnym projektom pridelili spr\u00e1vne zdroje. Je potrebn\u00e9 identifikova\u0165 \"hrdl\u00e1\" a riadi\u0165 projektov\u00e9 potrubia.<\/p>\n\n\n\n<p><strong>\u00darove\u0148 projektu: <\/strong>Projektov\u00ed mana\u017e\u00e9ri potrebuj\u00fa z\u00edska\u0165 inform\u00e1cie na najni\u017e\u0161ej \u00farovni, aby mali k dispoz\u00edcii v\u0161etky riadiace premenn\u00e9. Na druhej strane sponzori, \u010dlenovia hodnotiacej komisie a gener\u00e1lni riaditelia potrebuj\u00fa dosta\u0165 relevantn\u00fa podstatu inform\u00e1ci\u00ed, aby mohli prija\u0165 spr\u00e1vne rozhodnutia v r\u00e1mci nadraden\u00e9ho riadenia projektu.<\/p>\n\n\n\n<p>Pokro\u010dil\u00fd reporting riadenia projektov LeapLytics zabezpe\u010duje, \u017ee v\u0161etky po\u017eiadavky na reporting s\u00fa mo\u017en\u00e9 bez oh\u013eadu na druh zainteresovanej strany alebo \u00farove\u0148 agreg\u00e1cie. Prostredn\u00edctvom integra\u010dn\u00e9ho informa\u010dn\u00e9ho procesu sa v\u0161etky inform\u00e1cie zhroma\u017e\u010fuj\u00fa na najni\u017e\u0161ej \u00farovni a agreguj\u00fa sa pod\u013ea potrieb v\u0161etk\u00fdch mo\u017en\u00fdch pr\u00edjemcov.<\/p>\n\n\n\n<p>Tu s\u00fa dva pr\u00edklady vykazovania stavu projektu, ktor\u00e9 mo\u017eno realizova\u0165 pomocou na\u0161ej sady roz\u0161\u00edren\u00ed LeapLytics Extension Suite pre QlikSense. Informa\u010dn\u00e9 panely pou\u017e\u00edvaj\u00fa z\u00e1kladn\u00fd d\u00e1tov\u00fd model, ktor\u00fd sa riadi \u0161tandardn\u00fdmi pravidlami PMI pre riadenie projektov. V\u010faka tomu je mo\u017en\u00e9 pod\u00e1va\u0165 spr\u00e1vy o projektoch v r\u00e1mci cel\u00e9ho podniku harmonizovan\u00fdm, efekt\u00edvnym a pou\u017e\u00edvate\u013esky pr\u00edvetiv\u00fdm sp\u00f4sobom.<\/p>\n\n\n\n<h2 class=\"wp-block-heading\" id=\"project-status-report-qlik-sense\">Spr\u00e1va o stave projektu Qlik Sense<\/h2>\n\n\n\n<p>Z\u00e1kladn\u00e1 spr\u00e1va o stave projektu je jedn\u00fdm z pr\u00edkladov n\u00e1stroja Qlik Sense Project Management Dashboard a umo\u017e\u0148uje pou\u017e\u00edvate\u013eovi vybra\u0165 vyhraden\u00fd projekt, ako aj d\u00e1tum podania spr\u00e1vy. V\u0161etky potrebn\u00e9 inform\u00e1cie dostane prezentovan\u00e9 v trojst\u013apcovom rozlo\u017een\u00ed s pr\u00edslu\u0161n\u00fdmi hlavn\u00fdmi \u00fadajmi v z\u00e1hlav\u00ed. Hlavn\u00fdmi funkciami s\u00fa <a href=\"https:\/\/www.leaplytics.de\/sk\/extensions\/traffic-light\/\">Semafor<\/a> a <a href=\"https:\/\/www.leaplytics.de\/sk\/extensions\/risk-heatmap-extension-for-qliksense\/\">Matica riz\u00edk<\/a>.<\/p>\n\n\n\n<figure class=\"wp-block-image size-large\"><img loading=\"lazy\" decoding=\"async\" width=\"1024\" height=\"600\" src=\"https:\/\/www.leaplytics.de\/wp-content\/uploads\/2021\/11\/Laptop-with-Dashboard-Page2-1024x600.png\" alt=\"\" class=\"wp-image-2407\" srcset=\"https:\/\/www.leaplytics.de\/wp-content\/uploads\/2021\/11\/Laptop-with-Dashboard-Page2-1024x600.png 1024w, https:\/\/www.leaplytics.de\/wp-content\/uploads\/2021\/11\/Laptop-with-Dashboard-Page2-300x176.png 300w, https:\/\/www.leaplytics.de\/wp-content\/uploads\/2021\/11\/Laptop-with-Dashboard-Page2-768x450.png 768w, https:\/\/www.leaplytics.de\/wp-content\/uploads\/2021\/11\/Laptop-with-Dashboard-Page2-1536x901.png 1536w, https:\/\/www.leaplytics.de\/wp-content\/uploads\/2021\/11\/Laptop-with-Dashboard-Page2-2048x1201.png 2048w, https:\/\/www.leaplytics.de\/wp-content\/uploads\/2021\/11\/Laptop-with-Dashboard-Page2-102x60.png 102w\" sizes=\"auto, (max-width: 1024px) 100vw, 1024px\" \/><figcaption class=\"wp-element-caption\">Dashboard pre riadenie projektov Qlik Sense<\/figcaption><\/figure>\n\n\n\n<p>Variant z\u00e1kladnej spr\u00e1vy o stave projektu men\u00ed rozlo\u017eenie na horizont\u00e1lne zobrazenie a prid\u00e1va zobrazenie m\u00ed\u013enikov ako hlavn\u00fa funkciu na z\u00edskanie preh\u013eadu o pr\u00edslu\u0161n\u00fdch m\u00ed\u013enikoch a ich cie\u013eovom dosiahnut\u00ed.<\/p>\n\n\n\n<figure class=\"wp-block-image size-large\"><img loading=\"lazy\" decoding=\"async\" width=\"1024\" height=\"602\" src=\"https:\/\/www.leaplytics.de\/wp-content\/uploads\/2021\/11\/Laptop-with-Dashboard-Page3-1024x602.png\" alt=\"\" class=\"wp-image-2408\" srcset=\"https:\/\/www.leaplytics.de\/wp-content\/uploads\/2021\/11\/Laptop-with-Dashboard-Page3-1024x602.png 1024w, https:\/\/www.leaplytics.de\/wp-content\/uploads\/2021\/11\/Laptop-with-Dashboard-Page3-300x176.png 300w, https:\/\/www.leaplytics.de\/wp-content\/uploads\/2021\/11\/Laptop-with-Dashboard-Page3-768x451.png 768w, https:\/\/www.leaplytics.de\/wp-content\/uploads\/2021\/11\/Laptop-with-Dashboard-Page3-1536x903.png 1536w, https:\/\/www.leaplytics.de\/wp-content\/uploads\/2021\/11\/Laptop-with-Dashboard-Page3-2048x1204.png 2048w, https:\/\/www.leaplytics.de\/wp-content\/uploads\/2021\/11\/Laptop-with-Dashboard-Page3-102x60.png 102w\" sizes=\"auto, (max-width: 1024px) 100vw, 1024px\" \/><figcaption class=\"wp-element-caption\">Dashboard pre riadenie projektov Qlik Sense<\/figcaption><\/figure>\n\n\n\n<p>Na\u0161e roz\u0161\u00edrenie sa d\u00e1 pou\u017ei\u0165 aj v zastre\u0161uj\u00facich portf\u00f3liov\u00fdch paneloch.<\/p>\n\n\n\n<figure class=\"wp-block-image size-large\"><img loading=\"lazy\" decoding=\"async\" width=\"1024\" height=\"599\" src=\"https:\/\/www.leaplytics.de\/wp-content\/uploads\/2021\/11\/Laptop-with-Dashboard-Page1-1024x599.png\" alt=\"\" class=\"wp-image-2406\" srcset=\"https:\/\/www.leaplytics.de\/wp-content\/uploads\/2021\/11\/Laptop-with-Dashboard-Page1-1024x599.png 1024w, https:\/\/www.leaplytics.de\/wp-content\/uploads\/2021\/11\/Laptop-with-Dashboard-Page1-300x175.png 300w, https:\/\/www.leaplytics.de\/wp-content\/uploads\/2021\/11\/Laptop-with-Dashboard-Page1-768x449.png 768w, https:\/\/www.leaplytics.de\/wp-content\/uploads\/2021\/11\/Laptop-with-Dashboard-Page1-1536x898.png 1536w, https:\/\/www.leaplytics.de\/wp-content\/uploads\/2021\/11\/Laptop-with-Dashboard-Page1-2048x1198.png 2048w, https:\/\/www.leaplytics.de\/wp-content\/uploads\/2021\/11\/Laptop-with-Dashboard-Page1-103x60.png 103w\" sizes=\"auto, (max-width: 1024px) 100vw, 1024px\" \/><figcaption class=\"wp-element-caption\">Informa\u010dn\u00fd panel portf\u00f3lia projektu Qlik Sense<\/figcaption><\/figure>\n\n\n\n<p>Ak v\u00e1s zauj\u00edma, \u010do by to znamenalo pre va\u0161e prostredie riadenia projektov, radi si s vami dohodneme stretnutie. V takom pr\u00edpade alebo ak m\u00e1te ot\u00e1zky t\u00fdkaj\u00face sa podrobnost\u00ed, implement\u00e1cie a inform\u00e1ci\u00ed o cen\u00e1ch, dajte n\u00e1m vedie\u0165 a v kr\u00e1tkom \u010dase v\u00e1s kontaktujeme:<\/p>\n\n\n<div class=\"wpforms-container wpforms-container-full\" id=\"wpforms-10645\"><form id=\"wpforms-form-10645\" class=\"wpforms-validate wpforms-form wpforms-ajax-form\" data-formid=\"10645\" method=\"post\" enctype=\"multipart\/form-data\" action=\"\/sk\/wp-json\/wp\/v2\/pages\/799\" data-token=\"6ca35e2f315236f6fb14c0771cd2e34b\" data-token-time=\"1775752541\" data-trp-original-action=\"\/sk\/wp-json\/wp\/v2\/pages\/799\"><noscript class=\"wpforms-error-noscript\">Ak chcete vyplni\u0165 tento formul\u00e1r, povo\u013ete vo svojom prehliada\u010di JavaScript.<\/noscript><div class=\"wpforms-field-container\"><div id=\"wpforms-10645-field_0-container\" class=\"wpforms-field wpforms-field-name\" data-field-id=\"0\"><label class=\"wpforms-field-label\">N\u00e1zov <span class=\"wpforms-required-label\">*<\/span><\/label><div class=\"wpforms-field-row wpforms-field-medium\"><div class=\"wpforms-field-row-block wpforms-first wpforms-one-half\"><input type=\"text\" id=\"wpforms-10645-field_0\" class=\"wpforms-field-name-first wpforms-field-required\" name=\"wpforms[fields][0][first]\" required><label for=\"wpforms-10645-field_0\" class=\"wpforms-field-sublabel after\">Prv\u00e1 str\u00e1nka<\/label><\/div><div class=\"wpforms-field-row-block wpforms-one-half\"><input type=\"text\" id=\"wpforms-10645-field_0-last\" class=\"wpforms-field-name-last wpforms-field-required\" name=\"wpforms[fields][0][last]\" required><label for=\"wpforms-10645-field_0-last\" class=\"wpforms-field-sublabel after\">Posledn\u00fd<\/label><\/div><\/div><\/div><div id=\"wpforms-10645-field_1-container\" class=\"wpforms-field wpforms-field-email\" data-field-id=\"1\"><label class=\"wpforms-field-label\" for=\"wpforms-10645-field_1\">E-mail <span class=\"wpforms-required-label\">*<\/span><\/label><input type=\"email\" id=\"wpforms-10645-field_1\" class=\"wpforms-field-medium wpforms-field-required\" data-rule-restricted-email=\"1\" name=\"wpforms[fields][1]\" spellcheck=\"false\" required><\/div><div id=\"wpforms-10645-field_3-container\" class=\"wpforms-field wpforms-field-text\" data-field-id=\"3\"><label class=\"wpforms-field-label\" for=\"wpforms-10645-field_3\">Spolo\u010dnos\u0165 <span class=\"wpforms-required-label\">*<\/span><\/label><input type=\"text\" id=\"wpforms-10645-field_3\" class=\"wpforms-field-medium wpforms-field-required\" name=\"wpforms[fields][3]\" required><\/div><div id=\"wpforms-10645-field_2-container\" class=\"wpforms-field wpforms-field-textarea\" data-field-id=\"2\"><label class=\"wpforms-field-label\" for=\"wpforms-10645-field_2\">Koment\u00e1r alebo spr\u00e1va<\/label><textarea id=\"wpforms-10645-field_2\" class=\"wpforms-field-medium\" name=\"wpforms[fields][2]\" ><\/textarea><\/div><div id=\"wpforms-10645-field_4-container\" class=\"wpforms-field wpforms-field-gdpr-checkbox\" data-field-id=\"4\"><label class=\"wpforms-field-label\">Dohoda o GDPR <span class=\"wpforms-required-label\">*<\/span><\/label><ul id=\"wpforms-10645-field_4\" class=\"wpforms-field-required\"><li class=\"choice-1\"><input type=\"checkbox\" id=\"wpforms-10645-field_4_1\" name=\"wpforms[fields][4][]\" value=\"I consent to having this website store my submitted information so they can respond to my inquiry.\" required><label class=\"wpforms-field-label-inline\" for=\"wpforms-10645-field_4_1\">S\u00fahlas\u00edm s t\u00fdm, aby t\u00e1to webov\u00e1 lokalita ulo\u017eila moje poskytnut\u00e9 inform\u00e1cie, aby mohla odpoveda\u0165 na moju po\u017eiadavku.<\/label><\/li><\/ul><\/div><\/div><!-- .wpforms-field-container --><div class=\"wpforms-recaptcha-container wpforms-is-recaptcha wpforms-is-recaptcha-type-v3\" ><input type=\"hidden\" name=\"wpforms[recaptcha]\" value=\"\"><\/div><div class=\"wpforms-submit-container\" ><input type=\"hidden\" name=\"wpforms[id]\" value=\"10645\"><input type=\"hidden\" name=\"page_title\" value=\"\"><input type=\"hidden\" name=\"page_url\" value=\"https:\/\/www.leaplytics.de\/sk\/wp-json\/wp\/v2\/pages\/799\"><input type=\"hidden\" name=\"url_referer\" value=\"\"><button type=\"submit\" name=\"wpforms[submit]\" id=\"wpforms-submit-10645\" class=\"wpforms-submit\" data-alt-text=\"Sending...\" data-submit-text=\"Submit\" aria-live=\"assertive\" value=\"wpforms-submit\">Odosla\u0165<\/button><img loading=\"lazy\" decoding=\"async\" src=\"https:\/\/www.leaplytics.de\/wp-content\/plugins\/wpforms-lite\/assets\/images\/submit-spin.svg\" class=\"wpforms-submit-spinner\" style=\"display: none;\" width=\"26\" height=\"26\" alt=\"Na\u010d\u00edtanie\"><\/div><input type=\"hidden\" name=\"trp-form-language\" value=\"sk\"\/><\/form><\/div>  <!-- .wpforms-container -->","protected":false},"excerpt":{"rendered":"<p>Dashboard Project Management Dashboard Qlik Sense sa riadi jednoduch\u00fdm pravidlom: zobrazova\u0165 zodpovedn\u00fdm osob\u00e1m na jeden poh\u013ead spr\u00e1vne inform\u00e1cie o projekte v spr\u00e1vnej agreg\u00e1cii, \u010do im umo\u017en\u00ed prij\u00edma\u0165 spr\u00e1vne rozhodnutia. V projektovom prostred\u00ed existuj\u00fa r\u00f4zne zainteresovan\u00e9 strany, ktor\u00e9 maj\u00fa r\u00f4zne po\u017eiadavky na inform\u00e1cie a ka\u017ed\u00e1 s inou \u00farov\u0148ou podrobnosti. Na to, aby sa tieto inform\u00e1cie dostali k pou\u017e\u00edvate\u013eom, je potrebn\u00e9, aby sa ... <\/p>","protected":false},"author":1,"featured_media":0,"parent":111,"menu_order":0,"comment_status":"closed","ping_status":"closed","template":"","meta":{"footnotes":""},"class_list":["post-799","page","type-page","status-publish","hentry","latest_post"],"_links":{"self":[{"href":"https:\/\/www.leaplytics.de\/sk\/wp-json\/wp\/v2\/pages\/799","targetHints":{"allow":["GET"]}}],"collection":[{"href":"https:\/\/www.leaplytics.de\/sk\/wp-json\/wp\/v2\/pages"}],"about":[{"href":"https:\/\/www.leaplytics.de\/sk\/wp-json\/wp\/v2\/types\/page"}],"author":[{"embeddable":true,"href":"https:\/\/www.leaplytics.de\/sk\/wp-json\/wp\/v2\/users\/1"}],"replies":[{"embeddable":true,"href":"https:\/\/www.leaplytics.de\/sk\/wp-json\/wp\/v2\/comments?post=799"}],"version-history":[{"count":3,"href":"https:\/\/www.leaplytics.de\/sk\/wp-json\/wp\/v2\/pages\/799\/revisions"}],"predecessor-version":[{"id":13668,"href":"https:\/\/www.leaplytics.de\/sk\/wp-json\/wp\/v2\/pages\/799\/revisions\/13668"}],"up":[{"embeddable":true,"href":"https:\/\/www.leaplytics.de\/sk\/wp-json\/wp\/v2\/pages\/111"}],"wp:attachment":[{"href":"https:\/\/www.leaplytics.de\/sk\/wp-json\/wp\/v2\/media?parent=799"}],"curies":[{"name":"wp","href":"https:\/\/api.w.org\/{rel}","templated":true}]}}