{"id":8471,"date":"2022-06-07T22:47:30","date_gmt":"2022-06-07T20:47:30","guid":{"rendered":"https:\/\/www.leaplytics.de\/?page_id=8471"},"modified":"2022-06-08T11:19:35","modified_gmt":"2022-06-08T09:19:35","slug":"ako-aktivovat-licenciu-microsoft-power-bi","status":"publish","type":"page","link":"https:\/\/www.leaplytics.de\/sk\/ako-aktivovat-licenciu-microsoft-power-bi\/","title":{"rendered":"Ako: Aktiv\u00e1cia licencie v aplik\u00e1cii Microsoft Power BI"},"content":{"rendered":"<p>Dostali ste licen\u010dn\u00fd k\u013e\u00fa\u010d a chcete za\u010da\u0165. Kam ho v\u0161ak mus\u00edte vlo\u017ei\u0165? Vysvetl\u00edme v\u00e1m to tu.<\/p>\n\n\n\n<h2 class=\"wp-block-heading\">Power BI Web<\/h2>\n\n\n\n<div class=\"wp-block-columns is-layout-flex wp-container-core-columns-is-layout-1 wp-block-columns-is-layout-flex\">\n<div class=\"wp-block-column is-layout-flow wp-block-column-is-layout-flow\">\n<p>V re\u017eime editora najprv kliknite na na\u0161u vizualiz\u00e1ciu. V bo\u010dnom paneli sa potom otvoria mo\u017enosti nastaven\u00ed na\u0161ej vizualiz\u00e1cie. Kliknete na polo\u017eku \"Form\u00e1t\". Ide o druh\u00fa ikonu z\u013eava. Vyzer\u00e1 ako rolovac\u00ed \u0161tetec.<\/p>\n<\/div>\n\n\n\n<div class=\"wp-block-column is-layout-flow wp-block-column-is-layout-flow\">\n<figure class=\"wp-block-gallery has-nested-images columns-default is-cropped wp-block-gallery-1 is-layout-flex wp-block-gallery-is-layout-flex\">\n<figure class=\"wp-block-image size-large\"><img loading=\"lazy\" decoding=\"async\" width=\"322\" height=\"357\" src=\"https:\/\/www.leaplytics.de\/wp-content\/uploads\/2022\/06\/grafik.png\" alt=\"\" class=\"wp-image-8472\" srcset=\"https:\/\/www.leaplytics.de\/wp-content\/uploads\/2022\/06\/grafik.png 322w, https:\/\/www.leaplytics.de\/wp-content\/uploads\/2022\/06\/grafik-271x300.png 271w, https:\/\/www.leaplytics.de\/wp-content\/uploads\/2022\/06\/grafik-54x60.png 54w\" sizes=\"auto, (max-width: 322px) 100vw, 322px\" \/><\/figure>\n<\/figure>\n<\/div>\n<\/div>\n\n\n\n<div class=\"wp-block-columns is-layout-flex wp-container-core-columns-is-layout-2 wp-block-columns-is-layout-flex\">\n<div class=\"wp-block-column is-layout-flow wp-block-column-is-layout-flow\">\n<figure class=\"wp-block-image size-full\"><img loading=\"lazy\" decoding=\"async\" width=\"314\" height=\"636\" src=\"https:\/\/www.leaplytics.de\/wp-content\/uploads\/2022\/06\/grafik-1.png\" alt=\"\" class=\"wp-image-8476\" srcset=\"https:\/\/www.leaplytics.de\/wp-content\/uploads\/2022\/06\/grafik-1.png 314w, https:\/\/www.leaplytics.de\/wp-content\/uploads\/2022\/06\/grafik-1-148x300.png 148w, https:\/\/www.leaplytics.de\/wp-content\/uploads\/2022\/06\/grafik-1-30x60.png 30w\" sizes=\"auto, (max-width: 314px) 100vw, 314px\" \/><\/figure>\n<\/div>\n\n\n\n<div class=\"wp-block-column is-layout-flow wp-block-column-is-layout-flow\">\n<p>Teraz sa zobraz\u00ed nieko\u013eko rozba\u013eovac\u00edch pon\u00fak. Jedna z nich m\u00e1 ozna\u010denie \"Licencia\". Kliknete na \u0148u a pod \u0148ou sa zobraz\u00ed textov\u00e9 pole, do ktor\u00e9ho m\u00f4\u017eete zada\u0165 svoju licenciu.<\/p>\n\n\n\n<p>Hotovo! Licencia je aktivovan\u00e1 a v\u0161etky obmedzenia s\u00fa pre\u010d. Teraz m\u00f4\u017eete za\u010da\u0165!<\/p>\n<\/div>\n<\/div>\n\n\n\n<h2 class=\"wp-block-heading\">Pracovn\u00e1 plocha Power BI<\/h2>\n\n\n\n<div class=\"wp-block-columns is-layout-flex wp-container-core-columns-is-layout-3 wp-block-columns-is-layout-flex\">\n<div class=\"wp-block-column is-layout-flow wp-block-column-is-layout-flow\">\n<p>V re\u017eime editora najprv kliknite na na\u0161u vizualiz\u00e1ciu. V bo\u010dnom paneli sa potom otvoria mo\u017enosti nastaven\u00ed na\u0161ej vizualiz\u00e1cie. Kliknete na polo\u017eku \"Form\u00e1tova\u0165 va\u0161u vizualiz\u00e1ciu\". Ide o druh\u00fa ikonu z\u013eava. Vyzer\u00e1 ako st\u013apcov\u00fd graf so \u0161tetcom na ma\u013eovanie.<\/p>\n<\/div>\n\n\n\n<div class=\"wp-block-column is-layout-flow wp-block-column-is-layout-flow\">\n<figure class=\"wp-block-image size-full\"><img loading=\"lazy\" decoding=\"async\" width=\"301\" height=\"348\" src=\"https:\/\/www.leaplytics.de\/wp-content\/uploads\/2022\/06\/grafik-2.png\" alt=\"\" class=\"wp-image-8477\" srcset=\"https:\/\/www.leaplytics.de\/wp-content\/uploads\/2022\/06\/grafik-2.png 301w, https:\/\/www.leaplytics.de\/wp-content\/uploads\/2022\/06\/grafik-2-259x300.png 259w, https:\/\/www.leaplytics.de\/wp-content\/uploads\/2022\/06\/grafik-2-52x60.png 52w\" sizes=\"auto, (max-width: 301px) 100vw, 301px\" \/><\/figure>\n<\/div>\n<\/div>\n\n\n\n<div class=\"wp-block-columns is-layout-flex wp-container-core-columns-is-layout-4 wp-block-columns-is-layout-flex\">\n<div class=\"wp-block-column is-layout-flow wp-block-column-is-layout-flow\">\n<figure class=\"wp-block-image size-full\"><img loading=\"lazy\" decoding=\"async\" width=\"252\" height=\"410\" src=\"https:\/\/www.leaplytics.de\/wp-content\/uploads\/2022\/06\/grafik-3.png\" alt=\"\" class=\"wp-image-8478\" srcset=\"https:\/\/www.leaplytics.de\/wp-content\/uploads\/2022\/06\/grafik-3.png 252w, https:\/\/www.leaplytics.de\/wp-content\/uploads\/2022\/06\/grafik-3-184x300.png 184w, https:\/\/www.leaplytics.de\/wp-content\/uploads\/2022\/06\/grafik-3-37x60.png 37w\" sizes=\"auto, (max-width: 252px) 100vw, 252px\" \/><\/figure>\n<\/div>\n\n\n\n<div class=\"wp-block-column is-layout-flow wp-block-column-is-layout-flow\">\n<p>Teraz sa zobraz\u00ed nieko\u013eko rozba\u013eovac\u00edch pon\u00fak. Jedna z nich m\u00e1 ozna\u010denie \"Licencia\". Kliknete na \u0148u a pod \u0148ou sa zobraz\u00ed textov\u00e9 pole, do ktor\u00e9ho m\u00f4\u017eete zada\u0165 svoju licenciu.<\/p>\n\n\n\n<p>Hotovo! Licencia je aktivovan\u00e1 a v\u0161etky obmedzenia s\u00fa pre\u010d.<\/p>\n<\/div>\n<\/div>","protected":false},"excerpt":{"rendered":"<p>Dostali ste licen\u010dn\u00fd k\u013e\u00fa\u010d a chcete za\u010da\u0165. Kam ho v\u0161ak mus\u00edte vlo\u017ei\u0165? Vysvetl\u00edme v\u00e1m to tu. Power BI Web V re\u017eime editora najprv kliknite na na\u0161u vizualiz\u00e1ciu. V bo\u010dnom paneli sa potom otvoria mo\u017enosti nastaven\u00ed na\u0161ej vizualiz\u00e1cie. Kliknete na polo\u017eku \"Form\u00e1t\". Toto je druh\u00fd ... <\/p>","protected":false},"author":2,"featured_media":0,"parent":0,"menu_order":0,"comment_status":"closed","ping_status":"closed","template":"","meta":{"footnotes":""},"class_list":["post-8471","page","type-page","status-publish","hentry","latest_post"],"_links":{"self":[{"href":"https:\/\/www.leaplytics.de\/sk\/wp-json\/wp\/v2\/pages\/8471","targetHints":{"allow":["GET"]}}],"collection":[{"href":"https:\/\/www.leaplytics.de\/sk\/wp-json\/wp\/v2\/pages"}],"about":[{"href":"https:\/\/www.leaplytics.de\/sk\/wp-json\/wp\/v2\/types\/page"}],"author":[{"embeddable":true,"href":"https:\/\/www.leaplytics.de\/sk\/wp-json\/wp\/v2\/users\/2"}],"replies":[{"embeddable":true,"href":"https:\/\/www.leaplytics.de\/sk\/wp-json\/wp\/v2\/comments?post=8471"}],"version-history":[{"count":0,"href":"https:\/\/www.leaplytics.de\/sk\/wp-json\/wp\/v2\/pages\/8471\/revisions"}],"wp:attachment":[{"href":"https:\/\/www.leaplytics.de\/sk\/wp-json\/wp\/v2\/media?parent=8471"}],"curies":[{"name":"wp","href":"https:\/\/api.w.org\/{rel}","templated":true}]}}