{"id":8873,"date":"2022-06-25T15:01:05","date_gmt":"2022-06-25T13:01:05","guid":{"rendered":"https:\/\/www.leaplytics.de\/?page_id=8873"},"modified":"2024-09-13T15:22:46","modified_gmt":"2024-09-13T13:22:46","slug":"vlastne-farby-pre-maticu-heatmap-rizika-power-bi","status":"publish","type":"page","link":"https:\/\/www.leaplytics.de\/sk\/vlastne-farby-pre-maticu-heatmap-rizika-power-bi\/","title":{"rendered":"Vlastn\u00e9 farby a \u0161t\u00edtky os\u00ed"},"content":{"rendered":"<p>Chcete navrhn\u00fa\u0165 mapu riz\u00edk \/ maticu s v\u00fdrazn\u00fdmi farbami a ozna\u010deniami os\u00ed? N\u00e1\u0161 n\u00e1vrh\u00e1r rozlo\u017eenia v\u00e1m pom\u00f4\u017ee prisp\u00f4sobi\u0165 v\u0161etky potrebn\u00e9 prvky!<\/p>\n\n\n\n<div class=\"wp-block-buttons is-content-justification-center is-layout-flex wp-container-core-buttons-is-layout-1 wp-block-buttons-is-layout-flex\">\n<div class=\"wp-block-button\"><a class=\"wp-block-button__link has-text-align-center wp-element-button\" href=\"https:\/\/www.leaplytics.de\/sk\/custom-colors\/\">Prejs\u0165 na n\u00e1vrh\u00e1ra rozlo\u017eenia<\/a><\/div>\n<\/div>","protected":false},"excerpt":{"rendered":"<p>Chcete navrhn\u00fa\u0165 mapu riz\u00edk \/ maticu s v\u00fdrazn\u00fdmi farbami a ozna\u010deniami os\u00ed? N\u00e1\u0161 n\u00e1vrh\u00e1r rozlo\u017eenia v\u00e1m pom\u00f4\u017ee prisp\u00f4sobi\u0165 v\u0161etky potrebn\u00e9 prvky!<\/p>","protected":false},"author":2,"featured_media":0,"parent":0,"menu_order":0,"comment_status":"closed","ping_status":"closed","template":"","meta":{"footnotes":""},"class_list":["post-8873","page","type-page","status-publish","hentry","latest_post"],"_links":{"self":[{"href":"https:\/\/www.leaplytics.de\/sk\/wp-json\/wp\/v2\/pages\/8873","targetHints":{"allow":["GET"]}}],"collection":[{"href":"https:\/\/www.leaplytics.de\/sk\/wp-json\/wp\/v2\/pages"}],"about":[{"href":"https:\/\/www.leaplytics.de\/sk\/wp-json\/wp\/v2\/types\/page"}],"author":[{"embeddable":true,"href":"https:\/\/www.leaplytics.de\/sk\/wp-json\/wp\/v2\/users\/2"}],"replies":[{"embeddable":true,"href":"https:\/\/www.leaplytics.de\/sk\/wp-json\/wp\/v2\/comments?post=8873"}],"version-history":[{"count":5,"href":"https:\/\/www.leaplytics.de\/sk\/wp-json\/wp\/v2\/pages\/8873\/revisions"}],"predecessor-version":[{"id":13562,"href":"https:\/\/www.leaplytics.de\/sk\/wp-json\/wp\/v2\/pages\/8873\/revisions\/13562"}],"wp:attachment":[{"href":"https:\/\/www.leaplytics.de\/sk\/wp-json\/wp\/v2\/media?parent=8873"}],"curies":[{"name":"wp","href":"https:\/\/api.w.org\/{rel}","templated":true}]}}