{"id":8932,"date":"2022-06-26T15:12:00","date_gmt":"2022-06-26T13:12:00","guid":{"rendered":"https:\/\/www.leaplytics.de\/?page_id=8932"},"modified":"2023-11-01T10:18:18","modified_gmt":"2023-11-01T09:18:18","slug":"skusobna-prevadzka-svetelnej-signalizacie-bi","status":"publish","type":"page","link":"https:\/\/www.leaplytics.de\/sk\/skusobna-prevadzka-svetelnej-signalizacie-bi\/","title":{"rendered":"Power BI Traffic Light - Vysk\u00fa\u0161ajte teraz na\u0161u verziu Pro!"},"content":{"rendered":"<figure class=\"wp-block-image size-full\"><img loading=\"lazy\" decoding=\"async\" width=\"152\" height=\"37\" src=\"https:\/\/www.leaplytics.de\/wp-content\/uploads\/2022\/05\/PBI-Certified.png\" alt=\"\" class=\"wp-image-8358\" srcset=\"https:\/\/www.leaplytics.de\/wp-content\/uploads\/2022\/05\/PBI-Certified.png 152w, https:\/\/www.leaplytics.de\/wp-content\/uploads\/2022\/05\/PBI-Certified-150x37.png 150w\" sizes=\"auto, (max-width: 152px) 100vw, 152px\" \/><\/figure>\n\n\n\n<p>V\u010faka n\u00e1\u0161mu semaforu pre Microsoft Power BI s\u00fa \u00fadaje jednoduch\u00e9 a preh\u013eadn\u00e9.<\/p>\n\n\n\n<p><strong>Na\u0161a sk\u00fa\u0161obn\u00e1 verzia je bezplatn\u00e1. <\/strong>Nebudeme v\u00e1m ni\u010d \u00fa\u010dtova\u0165.<\/p>\n\n\n\n<p>Do 24 hod\u00edn dostanete e-mail so svojou \u0161tvort\u00fd\u017ed\u0148ovou sk\u00fa\u0161obnou licenciou.<\/p>\n\n\n<div class=\"wpforms-container wpforms-container-full wpforms-block wpforms-block-a477720d-895b-4bba-961c-87e2ca754ee2\" id=\"wpforms-10628\"><form id=\"wpforms-form-10628\" class=\"wpforms-validate wpforms-form wpforms-ajax-form\" data-formid=\"10628\" method=\"post\" enctype=\"multipart\/form-data\" action=\"\/sk\/wp-json\/wp\/v2\/pages\/8932\" data-token=\"fa432c597b2e222fba48e846601ac990\" data-token-time=\"1775836557\" data-trp-original-action=\"\/sk\/wp-json\/wp\/v2\/pages\/8932\"><noscript class=\"wpforms-error-noscript\">Ak chcete vyplni\u0165 tento formul\u00e1r, povo\u013ete vo svojom prehliada\u010di JavaScript.<\/noscript><div class=\"wpforms-field-container\"><div id=\"wpforms-10628-field_0-container\" class=\"wpforms-field wpforms-field-name\" data-field-id=\"0\"><label class=\"wpforms-field-label\">N\u00e1zov <span class=\"wpforms-required-label\">*<\/span><\/label><div class=\"wpforms-field-row wpforms-field-medium\"><div class=\"wpforms-field-row-block wpforms-first wpforms-one-half\"><input type=\"text\" id=\"wpforms-10628-field_0\" class=\"wpforms-field-name-first wpforms-field-required\" name=\"wpforms[fields][0][first]\" required><label for=\"wpforms-10628-field_0\" class=\"wpforms-field-sublabel after\">Prv\u00e1 str\u00e1nka<\/label><\/div><div class=\"wpforms-field-row-block wpforms-one-half\"><input type=\"text\" id=\"wpforms-10628-field_0-last\" class=\"wpforms-field-name-last wpforms-field-required\" name=\"wpforms[fields][0][last]\" required><label for=\"wpforms-10628-field_0-last\" class=\"wpforms-field-sublabel after\">Posledn\u00fd<\/label><\/div><\/div><\/div><div id=\"wpforms-10628-field_1-container\" class=\"wpforms-field wpforms-field-email\" data-field-id=\"1\"><label class=\"wpforms-field-label\" for=\"wpforms-10628-field_1\">Obchodn\u00fd e-mail <span class=\"wpforms-required-label\">*<\/span><\/label><input type=\"email\" id=\"wpforms-10628-field_1\" class=\"wpforms-field-medium wpforms-field-required\" data-rule-restricted-email=\"1\" name=\"wpforms[fields][1]\" spellcheck=\"false\" required><\/div><div id=\"wpforms-10628-field_4-container\" class=\"wpforms-field wpforms-field-text\" data-field-id=\"4\"><label class=\"wpforms-field-label\" for=\"wpforms-10628-field_4\">Spolo\u010dnos\u0165 <span class=\"wpforms-required-label\">*<\/span><\/label><input type=\"text\" id=\"wpforms-10628-field_4\" class=\"wpforms-field-medium wpforms-field-required\" name=\"wpforms[fields][4]\" required><\/div><div id=\"wpforms-10628-field_3-container\" class=\"wpforms-field wpforms-field-gdpr-checkbox\" data-field-id=\"3\"><label class=\"wpforms-field-label\">Dohoda o GDPR <span class=\"wpforms-required-label\">*<\/span><\/label><ul id=\"wpforms-10628-field_3\" class=\"wpforms-field-required\"><li class=\"choice-1\"><input type=\"checkbox\" id=\"wpforms-10628-field_3_1\" name=\"wpforms[fields][3][]\" value=\"I consent to having this website store my submitted information so they can respond to my inquiry.\" required><label class=\"wpforms-field-label-inline\" for=\"wpforms-10628-field_3_1\">S\u00fahlas\u00edm s t\u00fdm, aby t\u00e1to webov\u00e1 lokalita ulo\u017eila moje poskytnut\u00e9 inform\u00e1cie, aby mohla odpoveda\u0165 na moju po\u017eiadavku.<\/label><\/li><\/ul><\/div><\/div><!-- .wpforms-field-container --><div class=\"wpforms-recaptcha-container wpforms-is-recaptcha wpforms-is-recaptcha-type-v3\" ><input type=\"hidden\" name=\"wpforms[recaptcha]\" value=\"\"><\/div><div class=\"wpforms-submit-container\" ><input type=\"hidden\" name=\"wpforms[id]\" value=\"10628\"><input type=\"hidden\" name=\"page_title\" value=\"\"><input type=\"hidden\" name=\"page_url\" value=\"https:\/\/www.leaplytics.de\/sk\/wp-json\/wp\/v2\/pages\/8932\"><input type=\"hidden\" name=\"url_referer\" value=\"\"><button type=\"submit\" name=\"wpforms[submit]\" id=\"wpforms-submit-10628\" class=\"wpforms-submit\" data-alt-text=\"Sending...\" data-submit-text=\"Submit\" aria-live=\"assertive\" value=\"wpforms-submit\">Odosla\u0165<\/button><img loading=\"lazy\" decoding=\"async\" src=\"https:\/\/www.leaplytics.de\/wp-content\/plugins\/wpforms-lite\/assets\/images\/submit-spin.svg\" class=\"wpforms-submit-spinner\" style=\"display: none;\" width=\"26\" height=\"26\" alt=\"Na\u010d\u00edtanie\"><\/div><input type=\"hidden\" name=\"trp-form-language\" value=\"sk\"\/><\/form><\/div>  <!-- .wpforms-container -->","protected":false},"excerpt":{"rendered":"<p>V\u010faka n\u00e1\u0161mu semaforu pre Microsoft Power BI s\u00fa \u00fadaje jednoduch\u00e9 a preh\u013eadn\u00e9. Na\u0161a sk\u00fa\u0161obn\u00e1 verzia je bezplatn\u00e1. Nebudeme v\u00e1m ni\u010d \u00fa\u010dtova\u0165. Do 24 hod\u00edn dostanete e-mail so svojou \u0161tvort\u00fd\u017ed\u0148ovou osobnou sk\u00fa\u0161obnou licenciou.<\/p>","protected":false},"author":2,"featured_media":0,"parent":0,"menu_order":0,"comment_status":"closed","ping_status":"closed","template":"","meta":{"footnotes":""},"class_list":["post-8932","page","type-page","status-publish","hentry","latest_post"],"_links":{"self":[{"href":"https:\/\/www.leaplytics.de\/sk\/wp-json\/wp\/v2\/pages\/8932","targetHints":{"allow":["GET"]}}],"collection":[{"href":"https:\/\/www.leaplytics.de\/sk\/wp-json\/wp\/v2\/pages"}],"about":[{"href":"https:\/\/www.leaplytics.de\/sk\/wp-json\/wp\/v2\/types\/page"}],"author":[{"embeddable":true,"href":"https:\/\/www.leaplytics.de\/sk\/wp-json\/wp\/v2\/users\/2"}],"replies":[{"embeddable":true,"href":"https:\/\/www.leaplytics.de\/sk\/wp-json\/wp\/v2\/comments?post=8932"}],"version-history":[{"count":0,"href":"https:\/\/www.leaplytics.de\/sk\/wp-json\/wp\/v2\/pages\/8932\/revisions"}],"wp:attachment":[{"href":"https:\/\/www.leaplytics.de\/sk\/wp-json\/wp\/v2\/media?parent=8932"}],"curies":[{"name":"wp","href":"https:\/\/api.w.org\/{rel}","templated":true}]}}