{"id":9171,"date":"2022-07-25T14:37:58","date_gmt":"2022-07-25T12:37:58","guid":{"rendered":"https:\/\/www.leaplytics.de\/?page_id=9171"},"modified":"2025-12-11T17:22:50","modified_gmt":"2025-12-11T16:22:50","slug":"zaciname-s-mapou-rizik-heatmap-power-bi","status":"publish","type":"page","link":"https:\/\/www.leaplytics.de\/sk\/zaciname-s-mapou-rizik-heatmap-power-bi\/","title":{"rendered":"Za\u010d\u00edname - Matica riz\u00edk \/ Heatmap"},"content":{"rendered":"<h3 class=\"wp-block-heading\">Najr\u00fdchlej\u0161ia cesta k \u00faspechu<\/h3>\n\n\n\n<p>Je to jednoduch\u00e9. M\u00e1te z\u00e1ujem o na\u0161u maticu riz\u00edk? Tu sa s vami podel\u00edme o v\u0161etko, \u010do potrebujete, aby ste mohli za\u010da\u0165 \u010do najr\u00fdchlej\u0161ie. Najsk\u00f4r sa dozviete po\u017eiadavky v \u00fadajoch. Potom nasleduje preh\u013ead v\u0161etk\u00fdch funkci\u00ed matice riz\u00edk s kr\u00e1tkymi videami na YouTube.<\/p>\n\n\n\n<h3 class=\"wp-block-heading\">Ako pripravi\u0165 \u00fadaje<\/h3>\n\n\n\n<div class=\"wp-block-columns is-layout-flex wp-container-core-columns-is-layout-1 wp-block-columns-is-layout-flex\">\n<div class=\"wp-block-column is-layout-flow wp-block-column-is-layout-flow\" style=\"flex-basis:66.66%\">\n<figure class=\"wp-block-image size-large\"><img loading=\"lazy\" decoding=\"async\" width=\"1024\" height=\"434\" src=\"https:\/\/www.leaplytics.de\/wp-content\/uploads\/2022\/07\/grafik-12-1024x434.png\" alt=\"\" class=\"wp-image-9172\" srcset=\"https:\/\/www.leaplytics.de\/wp-content\/uploads\/2022\/07\/grafik-12-1024x434.png 1024w, https:\/\/www.leaplytics.de\/wp-content\/uploads\/2022\/07\/grafik-12-300x127.png 300w, https:\/\/www.leaplytics.de\/wp-content\/uploads\/2022\/07\/grafik-12-768x325.png 768w, https:\/\/www.leaplytics.de\/wp-content\/uploads\/2022\/07\/grafik-12-142x60.png 142w, https:\/\/www.leaplytics.de\/wp-content\/uploads\/2022\/07\/grafik-12.png 1074w\" sizes=\"auto, (max-width: 1024px) 100vw, 1024px\" \/><\/figure>\n<\/div>\n\n\n\n<div class=\"wp-block-column is-layout-flow wp-block-column-is-layout-flow\" style=\"flex-basis:33.33%\">\n<p>Na\u0161a matica riz\u00edk vy\u017eaduje pre dve mo\u017en\u00e9 dimenzie cel\u00e9 \u010d\u00edsla v rozsahu od 1 do 10.<\/p>\n\n\n\n<p>Ak to nie je pr\u00edpad va\u0161ich \u00fadajov, vytvorili sme <a href=\"https:\/\/www.leaplytics.de\/sk\/diskretizacia-pre-maticu-heatmap-rizika-power-bi\/\">podstr\u00e1nka s pokynmi na transform\u00e1ciu re\u0165azcov a in\u00fdch \u010d\u00edseln\u00fdch hodn\u00f4t<\/a>.<\/p>\n\n\n\n<figure class=\"wp-block-embed is-type-wp-embed is-provider-leaplytics wp-block-embed-leaplytics\"><div class=\"wp-block-embed__wrapper\">\n<blockquote class=\"wp-embedded-content\" data-secret=\"7mXanV1i1h\"><a href=\"https:\/\/www.leaplytics.de\/sk\/diskretizacia-pre-maticu-heatmap-rizika-power-bi\/\">Diskretiz\u00e1cia a transform\u00e1cia<\/a><\/blockquote><iframe loading=\"lazy\" class=\"wp-embedded-content\" sandbox=\"allow-scripts\" security=\"restricted\" style=\"position: absolute; visibility: hidden;\" title=\"&quot;Diskretiz\u00e1cia a transform\u00e1cia&quot; - LeapLytics\" src=\"https:\/\/www.leaplytics.de\/discretization-for-risk-heatmap-matrix-power-bi\/embed\/#?secret=kmJhx9MjAJ#?secret=7mXanV1i1h\" data-secret=\"7mXanV1i1h\" width=\"600\" height=\"338\" frameborder=\"0\" marginwidth=\"0\" marginheight=\"0\" scrolling=\"no\"><\/iframe>\n<\/div><\/figure>\n<\/div>\n<\/div>\n\n\n\n<h3 class=\"wp-block-heading has-text-align-left\">Stiahnite si vizu\u00e1lne<\/h3>\n\n\n\n<figure class=\"wp-block-embed is-type-video is-provider-youtube wp-block-embed-youtube wp-embed-aspect-16-9 wp-has-aspect-ratio\"><div class=\"wp-block-embed__wrapper\">\n<iframe loading=\"lazy\" title=\"Stiahnite si tutori\u00e1l - Matica riz\u00edk LeapLytics pre Power BI\" width=\"770\" height=\"433\" src=\"https:\/\/www.youtube.com\/embed\/_n9x8k2_gMY?feature=oembed\" frameborder=\"0\" allow=\"accelerometer; autoplay; clipboard-write; encrypted-media; gyroscope; picture-in-picture; web-share\" referrerpolicy=\"strict-origin-when-cross-origin\" allowfullscreen><\/iframe>\n<\/div><figcaption class=\"wp-element-caption\">V tomto kr\u00e1tkom videu v\u00e1m uk\u00e1\u017eeme, ako si stiahnu\u0165 vizualiz\u00e1ciu zo slu\u017eby Microsoft AppSource pre va\u0161e vykazovanie.<\/figcaption><\/figure>\n\n\n\n<h3 class=\"wp-block-heading has-text-align-left\">Na\u010d\u00edtanie \u00fadajov a licencie<\/h3>\n\n\n\n<figure class=\"wp-block-embed aligncenter is-type-video is-provider-youtube wp-block-embed-youtube wp-embed-aspect-16-9 wp-has-aspect-ratio\"><div class=\"wp-block-embed__wrapper\">\n<iframe loading=\"lazy\" title=\"Import \u00fadajov a aktiv\u00e1cia licencie - LeapLytics Risk Matrix pre Power BI\" width=\"770\" height=\"433\" src=\"https:\/\/www.youtube.com\/embed\/nK7rkWzEH74?start=26&#038;feature=oembed\" frameborder=\"0\" allow=\"accelerometer; autoplay; clipboard-write; encrypted-media; gyroscope; picture-in-picture; web-share\" referrerpolicy=\"strict-origin-when-cross-origin\" allowfullscreen><\/iframe>\n<\/div><\/figure>\n\n\n<div class=\"wp-block-image\">\n<figure class=\"aligncenter size-full\"><img loading=\"lazy\" decoding=\"async\" width=\"1024\" height=\"453\" src=\"https:\/\/www.leaplytics.de\/wp-content\/uploads\/2025\/12\/grafik.png\" alt=\"\" class=\"wp-image-14315\" srcset=\"https:\/\/www.leaplytics.de\/wp-content\/uploads\/2025\/12\/grafik.png 1024w, https:\/\/www.leaplytics.de\/wp-content\/uploads\/2025\/12\/grafik-300x133.png 300w, https:\/\/www.leaplytics.de\/wp-content\/uploads\/2025\/12\/grafik-768x340.png 768w, https:\/\/www.leaplytics.de\/wp-content\/uploads\/2025\/12\/grafik-18x8.png 18w, https:\/\/www.leaplytics.de\/wp-content\/uploads\/2025\/12\/grafik-136x60.png 136w\" sizes=\"auto, (max-width: 1024px) 100vw, 1024px\" \/><\/figure><\/div>\n\n\n<div class=\"wp-block-columns is-layout-flex wp-container-core-columns-is-layout-2 wp-block-columns-is-layout-flex\">\n<div class=\"wp-block-column is-layout-flow wp-block-column-is-layout-flow\" style=\"flex-basis:33.33%\">\n<p>Po pr\u00edprave \u00fadajov a konverzii vyjadrenia riz\u00edk na rozsah hodn\u00f4t 1 a\u017e 10 m\u00f4\u017eete teraz prepoji\u0165 \u00fadaje s vizualiz\u00e1ciou.<\/p>\n\n\n\n<p>Na za\u010diatku sa vy\u017eaduj\u00fa tri polia:<\/p>\n\n\n\n<ul class=\"wp-block-list\">\n<li>ID rizika (ozna\u010denie, ktor\u00e9 va\u0161e riziko dostane v matici)<\/li>\n\n\n\n<li>Horizont\u00e1lna os (rozmer, ktor\u00fd sa m\u00e1 vykresli\u0165 na horizont\u00e1lnu os)<\/li>\n\n\n\n<li>Vertik\u00e1lna os (vertik\u00e1lny rozmer)<\/li>\n<\/ul>\n\n\n\n<p>Vyhnite sa agreg\u00e1ci\u00e1m \"Count\", \"Count (distinct)\", \"Standard deviation\", \"Variance\" a \"Median\" pre osi, preto\u017ee tieto agreg\u00e1cie generuj\u00fa len celkov\u00fd k\u013e\u00fa\u010dov\u00fd \u00fadaj!<\/p>\n<\/div>\n\n\n\n<div class=\"wp-block-column is-layout-flow wp-block-column-is-layout-flow\" style=\"flex-basis:66.66%\"><div class=\"wp-block-image\">\n<figure class=\"aligncenter size-full\"><img loading=\"lazy\" decoding=\"async\" width=\"185\" height=\"529\" src=\"https:\/\/www.leaplytics.de\/wp-content\/uploads\/2022\/08\/grafik-13.png\" alt=\"\" class=\"wp-image-9406\" srcset=\"https:\/\/www.leaplytics.de\/wp-content\/uploads\/2022\/08\/grafik-13.png 185w, https:\/\/www.leaplytics.de\/wp-content\/uploads\/2022\/08\/grafik-13-105x300.png 105w, https:\/\/www.leaplytics.de\/wp-content\/uploads\/2022\/08\/grafik-13-21x60.png 21w\" sizes=\"auto, (max-width: 185px) 100vw, 185px\" \/><\/figure><\/div><\/div>\n<\/div>\n\n\n\n<h4 class=\"wp-block-heading\">Vlastn\u00e9 farby<\/h4>\n\n\n\n<p>V syst\u00e9me Windows jednoducho podr\u017ete kl\u00e1ves <strong>ALT<\/strong> a kliknite \u013eav\u00fdm tla\u010didlom my\u0161i na dla\u017edicu. Po tomto \u00fakone sa zobraz\u00ed re\u017eim \u00fapravy farieb.<\/p>\n\n\n\n<figure class=\"wp-block-image size-full\"><img loading=\"lazy\" decoding=\"async\" width=\"383\" height=\"328\" src=\"https:\/\/www.leaplytics.de\/wp-content\/uploads\/2025\/10\/grafik-1.png\" alt=\"\" class=\"wp-image-14039\" srcset=\"https:\/\/www.leaplytics.de\/wp-content\/uploads\/2025\/10\/grafik-1.png 383w, https:\/\/www.leaplytics.de\/wp-content\/uploads\/2025\/10\/grafik-1-300x257.png 300w, https:\/\/www.leaplytics.de\/wp-content\/uploads\/2025\/10\/grafik-1-14x12.png 14w, https:\/\/www.leaplytics.de\/wp-content\/uploads\/2025\/10\/grafik-1-70x60.png 70w\" sizes=\"auto, (max-width: 383px) 100vw, 383px\" \/><\/figure>\n\n\n\n<p> Kliknite na farebn\u00fd obd\u013a\u017enik a vyberte po\u017eadovan\u00fa farbu. Po jej v\u00fdbere kliknite na <strong>\"Prihl\u00e1ste sa.\"<\/strong><\/p>\n\n\n\n<div style=\"height:27px\" aria-hidden=\"true\" class=\"wp-block-spacer\"><\/div>\n\n\n\n<h4 class=\"wp-block-heading\">Nastavenia mrie\u017eky<\/h4>\n\n\n\n<figure class=\"wp-block-embed is-type-video is-provider-youtube wp-block-embed-youtube wp-embed-aspect-16-9 wp-has-aspect-ratio\"><div class=\"wp-block-embed__wrapper\">\n<iframe loading=\"lazy\" title=\"Nastavenia mrie\u017eky - LeapLytics Risk Matrix pre Power BI\" width=\"770\" height=\"433\" src=\"https:\/\/www.youtube.com\/embed\/oqx7gLN2kMs?feature=oembed\" frameborder=\"0\" allow=\"accelerometer; autoplay; clipboard-write; encrypted-media; gyroscope; picture-in-picture; web-share\" referrerpolicy=\"strict-origin-when-cross-origin\" allowfullscreen><\/iframe>\n<\/div><figcaption class=\"wp-element-caption\">Toto je na\u0161e in\u0161trukt\u00e1\u017ene video o prisp\u00f4soben\u00ed nastaven\u00ed mrie\u017eky va\u0161im potreb\u00e1m.<\/figcaption><\/figure>\n\n\n\n<h4 class=\"wp-block-heading\">Nastavenia osi<\/h4>\n\n\n\n<figure class=\"wp-block-embed is-type-video is-provider-youtube wp-block-embed-youtube wp-embed-aspect-16-9 wp-has-aspect-ratio\"><div class=\"wp-block-embed__wrapper\">\n<iframe loading=\"lazy\" title=\"Nastavenia osi - LeapLytics Risk Matrix pre Power BI\" width=\"770\" height=\"433\" src=\"https:\/\/www.youtube.com\/embed\/0-rcR5c84_k?feature=oembed\" frameborder=\"0\" allow=\"accelerometer; autoplay; clipboard-write; encrypted-media; gyroscope; picture-in-picture; web-share\" referrerpolicy=\"strict-origin-when-cross-origin\" allowfullscreen><\/iframe>\n<\/div><figcaption class=\"wp-element-caption\">V tomto kr\u00e1tkom videu sa venujeme r\u00f4znym nastaveniam os\u00ed.<\/figcaption><\/figure>\n\n\n\n<div style=\"height:27px\" aria-hidden=\"true\" class=\"wp-block-spacer\"><\/div>\n\n\n\n<h4 class=\"wp-block-heading\">Nastavenia indik\u00e1tora<\/h4>\n\n\n\n<figure class=\"wp-block-embed is-type-video is-provider-youtube wp-block-embed-youtube wp-embed-aspect-16-9 wp-has-aspect-ratio\"><div class=\"wp-block-embed__wrapper\">\n<iframe loading=\"lazy\" title=\"Nastavenia indik\u00e1tora - Matica riz\u00edk LeapLytics pre Power BI\" width=\"770\" height=\"433\" src=\"https:\/\/www.youtube.com\/embed\/pv5HGyIsiK0?feature=oembed\" frameborder=\"0\" allow=\"accelerometer; autoplay; clipboard-write; encrypted-media; gyroscope; picture-in-picture; web-share\" referrerpolicy=\"strict-origin-when-cross-origin\" allowfullscreen><\/iframe>\n<\/div><figcaption class=\"wp-element-caption\">Ste zvedav\u00ed na mo\u017enosti na\u0161ich r\u00f4znych nastaven\u00ed indik\u00e1torov? Pozrite si na\u0161e video a dozviete sa viac.<\/figcaption><\/figure>\n\n\n\n<div style=\"height:27px\" aria-hidden=\"true\" class=\"wp-block-spacer\"><\/div>\n\n\n\n<h4 class=\"wp-block-heading\">Podmienen\u00e9 form\u00e1tovanie<\/h4>\n\n\n\n<figure class=\"wp-block-embed is-type-video is-provider-youtube wp-block-embed-youtube wp-embed-aspect-16-9 wp-has-aspect-ratio\"><div class=\"wp-block-embed__wrapper\">\n<iframe loading=\"lazy\" title=\"Podmienen\u00e9 form\u00e1tovanie ukazovate\u013eov - LeapLytics Risk Matrix pre Power BI\" width=\"770\" height=\"433\" src=\"https:\/\/www.youtube.com\/embed\/2MNtkeeb6ZI?feature=oembed\" frameborder=\"0\" allow=\"accelerometer; autoplay; clipboard-write; encrypted-media; gyroscope; picture-in-picture; web-share\" referrerpolicy=\"strict-origin-when-cross-origin\" allowfullscreen><\/iframe>\n<\/div><figcaption class=\"wp-element-caption\">M\u00e1te z\u00e1ujem prida\u0165 do svojej matice riz\u00edk \u010fal\u0161\u00ed rozmer? Potom je toto video ur\u010den\u00e9 pr\u00e1ve v\u00e1m!<\/figcaption><\/figure>\n\n\n\n<div style=\"height:27px\" aria-hidden=\"true\" class=\"wp-block-spacer\"><\/div>\n\n\n\n<h4 class=\"wp-block-heading\">Uk\u00e1\u017eky n\u00e1strojov<\/h4>\n\n\n\n<figure class=\"wp-block-embed is-type-video is-provider-youtube wp-block-embed-youtube wp-embed-aspect-16-9 wp-has-aspect-ratio\"><div class=\"wp-block-embed__wrapper\">\n<iframe loading=\"lazy\" title=\"Mo\u017enos\u0165 Tooltip - LeapLytics Risk Matrix pre Power BI\" width=\"770\" height=\"433\" src=\"https:\/\/www.youtube.com\/embed\/HsGGM3QmWuU?feature=oembed\" frameborder=\"0\" allow=\"accelerometer; autoplay; clipboard-write; encrypted-media; gyroscope; picture-in-picture; web-share\" referrerpolicy=\"strict-origin-when-cross-origin\" allowfullscreen><\/iframe>\n<\/div><figcaption class=\"wp-element-caption\">V tomto videu si uk\u00e1\u017eeme, ako pou\u017e\u00edva\u0165 \u0161tandardn\u00e9 tooltipy aj tooltipy na pl\u00e1tne. To poskytuje viac inform\u00e1ci\u00ed o va\u0161om riziku po nabehnut\u00ed my\u0161ou.<\/figcaption><\/figure>\n\n\n\n<div style=\"height:27px\" aria-hidden=\"true\" class=\"wp-block-spacer\"><\/div>\n\n\n\n<h4 class=\"wp-block-heading\">Priechodn\u00e9 v\u0155tanie<\/h4>\n\n\n\n<figure class=\"wp-block-embed is-type-video is-provider-youtube wp-block-embed-youtube wp-embed-aspect-16-9 wp-has-aspect-ratio\"><div class=\"wp-block-embed__wrapper\">\n<iframe loading=\"lazy\" title=\"Mo\u017enos\u0165 previerky - LeapLytics Risk Matrix pre Power BI\" width=\"770\" height=\"433\" src=\"https:\/\/www.youtube.com\/embed\/0Kp7p_2AuSI?list=PLILJBdWmJP3Jegh_31AsIIaf5Y7mxjq4H\" frameborder=\"0\" allow=\"accelerometer; autoplay; clipboard-write; encrypted-media; gyroscope; picture-in-picture; web-share\" referrerpolicy=\"strict-origin-when-cross-origin\" allowfullscreen><\/iframe>\n<\/div><figcaption class=\"wp-element-caption\">Ak sa chcete ponori\u0165 do konkr\u00e9tneho rizika prostredn\u00edctvom matice riz\u00edk, potom je to pre v\u00e1s.<\/figcaption><\/figure>\n\n\n\n<div style=\"height:27px\" aria-hidden=\"true\" class=\"wp-block-spacer\"><\/div>\n\n\n\n<h4 class=\"wp-block-heading\">Anamn\u00e9za alebo inherentn\u00e9\/rezidu\u00e1lne riziko<\/h4>\n\n\n\n<figure class=\"wp-block-embed is-type-video is-provider-youtube wp-block-embed-youtube wp-embed-aspect-16-9 wp-has-aspect-ratio\"><div class=\"wp-block-embed__wrapper\">\n<iframe loading=\"lazy\" title=\"Pokrok v oblasti riz\u00edk - LeapLytics Risk Matrix pre Power BI\" width=\"770\" height=\"433\" src=\"https:\/\/www.youtube.com\/embed\/LrpK0XZtXrM?feature=oembed\" frameborder=\"0\" allow=\"accelerometer; autoplay; clipboard-write; encrypted-media; gyroscope; picture-in-picture; web-share\" referrerpolicy=\"strict-origin-when-cross-origin\" allowfullscreen><\/iframe>\n<\/div><figcaption class=\"wp-element-caption\">Kone\u010dne v\u00e1m predstavujeme funkciu hist\u00f3rie v na\u0161ej matici riz\u00edk!<\/figcaption><\/figure>\n\n\n\n<div style=\"height:27px\" aria-hidden=\"true\" class=\"wp-block-spacer\"><\/div>\n\n\n\n<p>Teraz ste pripraven\u00ed pou\u017e\u00edva\u0165 na\u0161u mapu riz\u00edk a vylep\u0161i\u0165 svoje hl\u00e1senia! Ni\u017e\u0161ie uv\u00e1dzame podrobnej\u0161ie pokyny pre v\u0161etky \u010fal\u0161ie prisp\u00f4sobenia:<\/p>\n\n\n\n<figure class=\"wp-block-embed is-type-wp-embed is-provider-leaplytics wp-block-embed-leaplytics\"><div class=\"wp-block-embed__wrapper\">\n<blockquote class=\"wp-embedded-content\" data-secret=\"pgdTKCl3D2\"><a href=\"https:\/\/www.leaplytics.de\/sk\/prekryvajuci-sa-text-pre-maticu-heatmap-rizika-power-bi\/\">Prekr\u00fdvaj\u00faci sa text<\/a><\/blockquote><iframe loading=\"lazy\" class=\"wp-embedded-content\" sandbox=\"allow-scripts\" security=\"restricted\" style=\"position: absolute; visibility: hidden;\" title=\"&quot;Prekr\u00fdvaj\u00faci sa text&quot; - LeapLytics\" src=\"https:\/\/www.leaplytics.de\/overlapping-text-for-risk-heatmap-matrix-power-bi\/embed\/#?secret=MOdhCvhh48#?secret=pgdTKCl3D2\" data-secret=\"pgdTKCl3D2\" width=\"600\" height=\"338\" frameborder=\"0\" marginwidth=\"0\" marginheight=\"0\" scrolling=\"no\"><\/iframe>\n<\/div><\/figure>\n\n\n\n<figure class=\"wp-block-embed is-type-wp-embed is-provider-leaplytics wp-block-embed-leaplytics\"><div class=\"wp-block-embed__wrapper\">\n<blockquote class=\"wp-embedded-content\" data-secret=\"K6ho5QUDYx\"><a href=\"https:\/\/www.leaplytics.de\/sk\/ako-aktivovat-licenciu-microsoft-power-bi\/\">Ako: Aktiv\u00e1cia licencie v aplik\u00e1cii Microsoft Power BI<\/a><\/blockquote><iframe loading=\"lazy\" class=\"wp-embedded-content\" sandbox=\"allow-scripts\" security=\"restricted\" style=\"position: absolute; visibility: hidden;\" title=\"&quot;Ako: Aktiv\u00e1cia licencie v Microsoft Power BI&quot; - LeapLytics\" src=\"https:\/\/www.leaplytics.de\/how-to-activate-license-microsoft-power-bi\/embed\/#?secret=7RloTinAc5#?secret=K6ho5QUDYx\" data-secret=\"K6ho5QUDYx\" width=\"600\" height=\"338\" frameborder=\"0\" marginwidth=\"0\" marginheight=\"0\" scrolling=\"no\"><\/iframe>\n<\/div><\/figure>\n\n\n\n<p><\/p>","protected":false},"excerpt":{"rendered":"<p>Najr\u00fdchlej\u0161ia cesta k \u00faspechu Je to jednoduch\u00e9. Zaujala v\u00e1s na\u0161a matica riz\u00edk? Tu sa s vami podel\u00edme o v\u0161etko, \u010do potrebujete, aby ste mohli za\u010da\u0165 \u010do najr\u00fdchlej\u0161ie. Najsk\u00f4r sa dozviete po\u017eiadavky v d\u00e1tach. Potom nasleduje preh\u013ead v\u0161etk\u00fdch funkci\u00ed matice riz\u00edk s kr\u00e1tkymi videoklipmi na YouTube, ktor\u00e9 sa ... <\/p>","protected":false},"author":2,"featured_media":0,"parent":0,"menu_order":0,"comment_status":"closed","ping_status":"closed","template":"","meta":{"footnotes":""},"class_list":["post-9171","page","type-page","status-publish","hentry","latest_post"],"_links":{"self":[{"href":"https:\/\/www.leaplytics.de\/sk\/wp-json\/wp\/v2\/pages\/9171","targetHints":{"allow":["GET"]}}],"collection":[{"href":"https:\/\/www.leaplytics.de\/sk\/wp-json\/wp\/v2\/pages"}],"about":[{"href":"https:\/\/www.leaplytics.de\/sk\/wp-json\/wp\/v2\/types\/page"}],"author":[{"embeddable":true,"href":"https:\/\/www.leaplytics.de\/sk\/wp-json\/wp\/v2\/users\/2"}],"replies":[{"embeddable":true,"href":"https:\/\/www.leaplytics.de\/sk\/wp-json\/wp\/v2\/comments?post=9171"}],"version-history":[{"count":33,"href":"https:\/\/www.leaplytics.de\/sk\/wp-json\/wp\/v2\/pages\/9171\/revisions"}],"predecessor-version":[{"id":14317,"href":"https:\/\/www.leaplytics.de\/sk\/wp-json\/wp\/v2\/pages\/9171\/revisions\/14317"}],"wp:attachment":[{"href":"https:\/\/www.leaplytics.de\/sk\/wp-json\/wp\/v2\/media?parent=9171"}],"curies":[{"name":"wp","href":"https:\/\/api.w.org\/{rel}","templated":true}]}}