{"id":9298,"date":"2022-08-01T18:12:55","date_gmt":"2022-08-01T16:12:55","guid":{"rendered":"https:\/\/www.leaplytics.de\/?page_id=9298"},"modified":"2024-10-29T10:26:15","modified_gmt":"2024-10-29T09:26:15","slug":"zaciname-s-napajanim-svetelnej-signalizacie-bi","status":"publish","type":"page","link":"https:\/\/www.leaplytics.de\/sk\/zaciname-s-napajanim-svetelnej-signalizacie-bi\/","title":{"rendered":"Za\u010d\u00edname - Semafor"},"content":{"rendered":"<p>Pr\u00e1ve ste sa dozvedeli o vizu\u00e1lnej aplik\u00e1cii Traffic Light v Power BI a zauj\u00edmalo by v\u00e1s, ak\u00e9 s\u00fa \u010fal\u0161ie kroky?<\/p>\n\n\n\n<p>Potom ste na spr\u00e1vnom mieste! V na\u0161om sprievodcovi krok za krokom, ktor\u00fd je podporen\u00fd na\u0161imi videon\u00e1vodmi, v\u00e1s prevedieme nastaven\u00edm a prisp\u00f4soben\u00edm n\u00e1\u0161ho vizu\u00e1lu.<\/p>\n\n\n\n<div style=\"height:40px\" aria-hidden=\"true\" class=\"wp-block-spacer\"><\/div>\n\n\n\n<h3 class=\"wp-block-heading\">1. Stiahnite si vizu\u00e1lnu<\/h3>\n\n\n\n<figure class=\"wp-block-embed is-type-video is-provider-youtube wp-block-embed-youtube wp-embed-aspect-16-9 wp-has-aspect-ratio\"><div class=\"wp-block-embed__wrapper\">\n<iframe loading=\"lazy\" title=\"Stiahnite si tutori\u00e1l - LeapLytics Traffic Light pre Power BI\" width=\"770\" height=\"433\" src=\"https:\/\/www.youtube.com\/embed\/_u8gc4RcyO0?feature=oembed\" frameborder=\"0\" allow=\"accelerometer; autoplay; clipboard-write; encrypted-media; gyroscope; picture-in-picture; web-share\" referrerpolicy=\"strict-origin-when-cross-origin\" allowfullscreen><\/iframe>\n<\/div><figcaption class=\"wp-element-caption\">Prv\u00fdm krokom je samozrejme stiahnutie vizu\u00e1lnej aplik\u00e1cie Traffic Light zo slu\u017eby Microsoft AppSource. V na\u0161om videu vysvetl\u00edme cel\u00fd proces s\u0165ahovania v priebehu 1 min\u00faty.<\/figcaption><\/figure>\n\n\n\n<div style=\"height:40px\" aria-hidden=\"true\" class=\"wp-block-spacer\"><\/div>\n\n\n\n<h3 class=\"wp-block-heading\">2. Pripravte si \u00fadaje<\/h3>\n\n\n\n<div class=\"wp-block-columns is-layout-flex wp-container-core-columns-is-layout-1 wp-block-columns-is-layout-flex\">\n<div class=\"wp-block-column is-layout-flow wp-block-column-is-layout-flow\"><div class=\"wp-block-image\">\n<figure class=\"alignleft size-full is-resized\"><img loading=\"lazy\" decoding=\"async\" width=\"2285\" height=\"1538\" src=\"https:\/\/www.leaplytics.de\/wp-content\/uploads\/2024\/08\/data-preparation.png\" alt=\"\" class=\"wp-image-13550\" style=\"width:389px;height:auto\" srcset=\"https:\/\/www.leaplytics.de\/wp-content\/uploads\/2024\/08\/data-preparation.png 2285w, https:\/\/www.leaplytics.de\/wp-content\/uploads\/2024\/08\/data-preparation-300x202.png 300w, https:\/\/www.leaplytics.de\/wp-content\/uploads\/2024\/08\/data-preparation-1024x689.png 1024w, https:\/\/www.leaplytics.de\/wp-content\/uploads\/2024\/08\/data-preparation-768x517.png 768w, https:\/\/www.leaplytics.de\/wp-content\/uploads\/2024\/08\/data-preparation-1536x1034.png 1536w, https:\/\/www.leaplytics.de\/wp-content\/uploads\/2024\/08\/data-preparation-2048x1378.png 2048w, https:\/\/www.leaplytics.de\/wp-content\/uploads\/2024\/08\/data-preparation-89x60.png 89w\" sizes=\"auto, (max-width: 2285px) 100vw, 2285px\" \/><\/figure><\/div><\/div>\n\n\n\n<div class=\"wp-block-column is-layout-flow wp-block-column-is-layout-flow\">\n<p>N\u00e1\u0161 semafor vy\u017eaduje bu\u010f \u010d\u00edseln\u00e9, percentu\u00e1lne alebo \u010dasov\u00e9 hodnoty (napr. d\u00e1tum) na nastavenie rozsahov pre ka\u017ed\u00fa farbu svetla.<\/p>\n\n\n\n<p>Uistite sa, \u017ee ste \u00fadaje, ktor\u00e9 v\u00e1s zauj\u00edmaj\u00fa, upravili na jeden z podporovan\u00fdch form\u00e1tov \u00fadajov.<\/p>\n<\/div>\n<\/div>\n\n\n\n<div style=\"height:40px\" aria-hidden=\"true\" class=\"wp-block-spacer\"><\/div>\n\n\n\n<h3 class=\"wp-block-heading\">3. Import \u00fadajov a licenci\u00ed<\/h3>\n\n\n\n<figure class=\"wp-block-embed is-type-video is-provider-youtube wp-block-embed-youtube wp-embed-aspect-16-9 wp-has-aspect-ratio\"><div class=\"wp-block-embed__wrapper\">\n<iframe loading=\"lazy\" title=\"Import \u00fadajov a aktiv\u00e1cia licencie - LeapLytics Traffic Light pre Power BI\" width=\"770\" height=\"433\" src=\"https:\/\/www.youtube.com\/embed\/S1HhF9H03K0?feature=oembed\" frameborder=\"0\" allow=\"accelerometer; autoplay; clipboard-write; encrypted-media; gyroscope; picture-in-picture; web-share\" referrerpolicy=\"strict-origin-when-cross-origin\" allowfullscreen><\/iframe>\n<\/div><figcaption class=\"wp-element-caption\">Ke\u010f sme pripravili na\u0161e \u00fadaje, je \u010das importova\u0165 ich do Power BI. V tomto videu v\u00e1m pom\u00f4\u017eeme importova\u0165 \u00fadaje a aktivova\u0165 licen\u010dn\u00fd k\u00f3d.<\/figcaption><\/figure>\n\n\n<div class=\"wp-block-image\">\n<figure class=\"alignleft size-full is-resized\"><img loading=\"lazy\" decoding=\"async\" width=\"964\" height=\"1875\" src=\"https:\/\/www.leaplytics.de\/wp-content\/uploads\/2024\/08\/datalicense.png\" alt=\"\" class=\"wp-image-13551\" style=\"width:204px;height:auto\" srcset=\"https:\/\/www.leaplytics.de\/wp-content\/uploads\/2024\/08\/datalicense.png 964w, https:\/\/www.leaplytics.de\/wp-content\/uploads\/2024\/08\/datalicense-154x300.png 154w, https:\/\/www.leaplytics.de\/wp-content\/uploads\/2024\/08\/datalicense-526x1024.png 526w, https:\/\/www.leaplytics.de\/wp-content\/uploads\/2024\/08\/datalicense-768x1494.png 768w, https:\/\/www.leaplytics.de\/wp-content\/uploads\/2024\/08\/datalicense-790x1536.png 790w, https:\/\/www.leaplytics.de\/wp-content\/uploads\/2024\/08\/datalicense-31x60.png 31w\" sizes=\"auto, (max-width: 964px) 100vw, 964px\" \/><\/figure><\/div>\n\n\n<p>Ak chcete importova\u0165 \u00fadaje, kliknite na polo\u017eku \"Z\u00edska\u0165 \u00fadaje\" na paneli \u00fadajov a vyberte pr\u00edslu\u0161n\u00fd zdroj \u00fadajov, napr\u00edklad zo\u0161it programu Excel.<\/p>\n\n\n\n<p><\/p>\n\n\n\n<p>V \u010fal\u0161om kroku vyberte vizu\u00e1l zo zoznamu vizu\u00e1lov a pridajte ho do zostavy Power BI. Teraz kliknite na polo\u017eku \"Format your visual\" (Form\u00e1tova\u0165 vizu\u00e1l) v \u010dasti vizualiz\u00e1ci\u00ed a vyberte \u010das\u0165 \"license\" (Licencia).<\/p>\n\n\n\n<p>Tu m\u00f4\u017eete jednoducho vlo\u017ei\u0165 svoj licen\u010dn\u00fd k\u00f3d pomocou kl\u00e1vesovej skratky CTRL + V.<\/p>\n\n\n\n<div style=\"height:40px\" aria-hidden=\"true\" class=\"wp-block-spacer\"><\/div>\n\n\n\n<h3 class=\"wp-block-heading\">4. Vizu\u00e1lne nastavenie<\/h3>\n\n\n\n<figure class=\"wp-block-embed is-type-video is-provider-youtube wp-block-embed-youtube wp-embed-aspect-16-9 wp-has-aspect-ratio\"><div class=\"wp-block-embed__wrapper\">\n<iframe loading=\"lazy\" title=\"Vizu\u00e1lne nastavenie - semafor LeapLytics pre Power BI\" width=\"770\" height=\"433\" src=\"https:\/\/www.youtube.com\/embed\/rY4INTDBFAA?feature=oembed\" frameborder=\"0\" allow=\"accelerometer; autoplay; clipboard-write; encrypted-media; gyroscope; picture-in-picture; web-share\" referrerpolicy=\"strict-origin-when-cross-origin\" allowfullscreen><\/iframe>\n<\/div><figcaption class=\"wp-element-caption\">\u010ealej mus\u00edme do vizu\u00e1lu prida\u0165 na\u0161e \u00fadaje. Tu v\u00e1s krok za krokom prevedieme t\u00fdm, ako prida\u0165 \u00fadaje do vizu\u00e1lu a ako vhodne definova\u0165 rozsahy \u00fadajov.<\/figcaption><\/figure>\n\n\n\n<div class=\"wp-block-columns is-layout-flex wp-container-core-columns-is-layout-2 wp-block-columns-is-layout-flex\">\n<div class=\"wp-block-column is-layout-flow wp-block-column-is-layout-flow\" style=\"flex-basis:33.33%\"><div class=\"wp-block-image\">\n<figure class=\"alignleft size-full is-resized\"><img loading=\"lazy\" decoding=\"async\" width=\"1019\" height=\"1675\" src=\"https:\/\/www.leaplytics.de\/wp-content\/uploads\/2024\/08\/measure.png\" alt=\"\" class=\"wp-image-13554\" style=\"width:204px;height:auto\" srcset=\"https:\/\/www.leaplytics.de\/wp-content\/uploads\/2024\/08\/measure.png 1019w, https:\/\/www.leaplytics.de\/wp-content\/uploads\/2024\/08\/measure-183x300.png 183w, https:\/\/www.leaplytics.de\/wp-content\/uploads\/2024\/08\/measure-623x1024.png 623w, https:\/\/www.leaplytics.de\/wp-content\/uploads\/2024\/08\/measure-768x1262.png 768w, https:\/\/www.leaplytics.de\/wp-content\/uploads\/2024\/08\/measure-934x1536.png 934w, https:\/\/www.leaplytics.de\/wp-content\/uploads\/2024\/08\/measure-37x60.png 37w\" sizes=\"auto, (max-width: 1019px) 100vw, 1019px\" \/><\/figure><\/div><\/div>\n\n\n\n<div class=\"wp-block-column is-layout-flow wp-block-column-is-layout-flow\" style=\"flex-basis:66.66%\">\n<p>Vyberte meranie, ktor\u00e9 v\u00e1s zauj\u00edma, z \u010dasti \"\u00dadaje\" kliknut\u00edm na\u0148 alebo jeho pretiahnut\u00edm do po\u013ea \"Meranie\" vizu\u00e1lneho zobrazenia.<\/p>\n\n\n\n<p><strong>Volite\u013en\u00e9: <\/strong>Kliknut\u00edm na rozba\u013eovac\u00ed zoznam si m\u00f4\u017eete vybra\u0165 spr\u00e1vnu agreg\u00e1ciu pre svoje potreby (Suma, Priemer at\u010f.).<\/p>\n\n\n\n<p>Pri pou\u017e\u00edvan\u00ed \u010dasov\u00fdch form\u00e1tov je potrebn\u00e9 zabezpe\u010di\u0165, aby bol form\u00e1t nastaven\u00fd pod\u013ea form\u00e1tu vybran\u00e9ho meradla.<\/p>\n<\/div>\n<\/div>\n\n\n\n<div style=\"height:40px\" aria-hidden=\"true\" class=\"wp-block-spacer\"><\/div>\n\n\n\n<h3 class=\"wp-block-heading\">5. Nastavenie rozsahov<\/h3>\n\n\n<div class=\"wp-block-image\">\n<figure class=\"alignleft size-full\"><img loading=\"lazy\" decoding=\"async\" width=\"185\" height=\"377\" src=\"https:\/\/www.leaplytics.de\/wp-content\/uploads\/2024\/08\/ranges.png\" alt=\"\" class=\"wp-image-13553\" srcset=\"https:\/\/www.leaplytics.de\/wp-content\/uploads\/2024\/08\/ranges.png 185w, https:\/\/www.leaplytics.de\/wp-content\/uploads\/2024\/08\/ranges-147x300.png 147w, https:\/\/www.leaplytics.de\/wp-content\/uploads\/2024\/08\/ranges-29x60.png 29w\" sizes=\"auto, (max-width: 185px) 100vw, 185px\" \/><\/figure><\/div>\n\n\n<p>\u010ealej, aby v\u00e1\u0161 vizu\u00e1l \"semaforu\" fungoval spr\u00e1vne, mus\u00edte definova\u0165 rozsahy pre zobrazenie farieb svetla. V \u010dasti \"Ranges\" (Rozsahy) v \u010dasti \"Formt your visual\" (Tvorba vizu\u00e1lu) m\u00f4\u017eete definova\u0165 minim\u00e1lne a maxim\u00e1lne hodnoty pre pr\u00edslu\u0161n\u00fa farbu*.<\/p>\n\n\n\n<p>Ke\u010f je v sekcii merania vybran\u00fd d\u00e1tum alebo intervalov\u00e9 meranie, je potrebn\u00e9 definova\u0165 rozsahy pod\u013ea vybran\u00e9ho \u010dasov\u00e9ho form\u00e1tu v sekcii \u010dasov\u00e9ho form\u00e1tu.<\/p>\n\n\n\n<p><em>*\u017dlt\u00e9 minimum a \u017elt\u00e9 maximum je deaktivovan\u00e9, ak je vybrat\u00fd \"syst\u00e9m dvoch svetiel\".<\/em><\/p>\n\n\n\n<div style=\"height:40px\" aria-hidden=\"true\" class=\"wp-block-spacer\"><\/div>\n\n\n\n<h3 class=\"wp-block-heading\">6. Prisp\u00f4sobte si svoj ob\u013e\u00faben\u00fd dizajn<\/h3>\n\n\n\n<figure class=\"wp-block-embed is-type-video is-provider-youtube wp-block-embed-youtube wp-embed-aspect-16-9 wp-has-aspect-ratio\"><div class=\"wp-block-embed__wrapper\">\n<iframe loading=\"lazy\" title=\"Vlastn\u00e9 nastavenia dizajnu - LeapLytics Traffic Light pre Power BI\" width=\"770\" height=\"433\" src=\"https:\/\/www.youtube.com\/embed\/GpFtfzbQ_OE?feature=oembed\" frameborder=\"0\" allow=\"accelerometer; autoplay; clipboard-write; encrypted-media; gyroscope; picture-in-picture; web-share\" referrerpolicy=\"strict-origin-when-cross-origin\" allowfullscreen><\/iframe>\n<\/div><figcaption class=\"wp-element-caption\">N\u00e1\u0161 vizu\u00e1l v\u00e1m pon\u00faka \u0161irok\u00fa \u0161k\u00e1lu mo\u017enost\u00ed prisp\u00f4sobenia. Pozrite si n\u00e1\u0161 videon\u00e1vod vy\u0161\u0161ie a dozviete sa, ako si semafor prisp\u00f4sobi\u0165 pod\u013ea svojich individu\u00e1lnych preferenci\u00ed.<\/figcaption><\/figure>\n\n\n<div class=\"wp-block-image\">\n<figure class=\"alignleft size-full is-resized\"><img loading=\"lazy\" decoding=\"async\" width=\"538\" height=\"1697\" src=\"https:\/\/www.leaplytics.de\/wp-content\/uploads\/2024\/08\/formats.png\" alt=\"\" class=\"wp-image-13552\" style=\"width:198px;height:auto\" srcset=\"https:\/\/www.leaplytics.de\/wp-content\/uploads\/2024\/08\/formats.png 538w, https:\/\/www.leaplytics.de\/wp-content\/uploads\/2024\/08\/formats-95x300.png 95w, https:\/\/www.leaplytics.de\/wp-content\/uploads\/2024\/08\/formats-325x1024.png 325w, https:\/\/www.leaplytics.de\/wp-content\/uploads\/2024\/08\/formats-487x1536.png 487w, https:\/\/www.leaplytics.de\/wp-content\/uploads\/2024\/08\/formats-19x60.png 19w\" sizes=\"auto, (max-width: 538px) 100vw, 538px\" \/><\/figure><\/div>\n\n\n<p>V poslednom kroku m\u00f4\u017eeme vizu\u00e1l prisp\u00f4sobi\u0165 individu\u00e1lnemu dizajnu. Po kliknut\u00ed na polo\u017eku \"Format your visual\" (Form\u00e1tova\u0165 vizu\u00e1l) v \u010dasti vizualiz\u00e1cie sa zobraz\u00ed nasleduj\u00faci panel.<\/p>\n\n\n\n<p>Tu si m\u00f4\u017eete prisp\u00f4sobi\u0165 v\u0161etky mo\u017enosti form\u00e1tovania v\u00fdberom svojho ob\u013e\u00faben\u00e9ho dizajnu. <\/p>\n\n\n\n<p>Pokyny k jednotliv\u00fdm mo\u017enostiam form\u00e1tovania n\u00e1jdete v na\u0161om videon\u00e1vode vy\u0161\u0161ie.<\/p>\n\n\n\n<div style=\"height:40px\" aria-hidden=\"true\" class=\"wp-block-spacer\"><\/div>\n\n\n\n<p>Perfektn\u00e9, teraz ste pripraven\u00ed pou\u017e\u00edva\u0165 n\u00e1\u0161 semafor a vylep\u0161i\u0165 svoje hl\u00e1senia!<\/p>\n\n\n\n<div style=\"height:40px\" aria-hidden=\"true\" class=\"wp-block-spacer\"><\/div>\n\n\n\n<div class=\"wp-block-buttons is-layout-flex wp-block-buttons-is-layout-flex\">\n<div class=\"wp-block-button\"><a class=\"wp-block-button__link has-background wp-element-button\" href=\"https:\/\/www.leaplytics.de\/sk\/titulna-stranka\/riadenie-projektov-vlastne-vizualizacie-microsoft-powerbi\/vlastny-vizual-mapy-rizik-pre-power-bi\/\" style=\"background-color:#44546a\">Chcete e\u0161te viac zv\u00fd\u0161i\u0165 \u00farove\u0148 svojich spr\u00e1v? Pozrite si na\u0161u maticu riz\u00edk pre Power BI!<\/a><\/div>\n<\/div>","protected":false},"excerpt":{"rendered":"<p>Pr\u00e1ve ste sa dozvedeli o vizu\u00e1lnej aplik\u00e1cii Traffic Light v Power BI a zauj\u00edmalo by v\u00e1s, ak\u00e9 s\u00fa \u010fal\u0161ie kroky? Potom ste na spr\u00e1vnom mieste! V na\u0161om sprievodcovi krok za krokom, ktor\u00fd je podporen\u00fd na\u0161imi videon\u00e1vodmi, v\u00e1s prevedieme nastaven\u00edm a prisp\u00f4soben\u00edm n\u00e1\u0161ho vizu\u00e1lu. 1. Stiahnite si vizu\u00e1l 2. Pripravte si vizu\u00e1l na pou\u017eitie a ... <\/p>","protected":false},"author":2,"featured_media":0,"parent":0,"menu_order":0,"comment_status":"closed","ping_status":"closed","template":"","meta":{"footnotes":""},"class_list":["post-9298","page","type-page","status-publish","hentry","latest_post"],"_links":{"self":[{"href":"https:\/\/www.leaplytics.de\/sk\/wp-json\/wp\/v2\/pages\/9298","targetHints":{"allow":["GET"]}}],"collection":[{"href":"https:\/\/www.leaplytics.de\/sk\/wp-json\/wp\/v2\/pages"}],"about":[{"href":"https:\/\/www.leaplytics.de\/sk\/wp-json\/wp\/v2\/types\/page"}],"author":[{"embeddable":true,"href":"https:\/\/www.leaplytics.de\/sk\/wp-json\/wp\/v2\/users\/2"}],"replies":[{"embeddable":true,"href":"https:\/\/www.leaplytics.de\/sk\/wp-json\/wp\/v2\/comments?post=9298"}],"version-history":[{"count":11,"href":"https:\/\/www.leaplytics.de\/sk\/wp-json\/wp\/v2\/pages\/9298\/revisions"}],"predecessor-version":[{"id":13635,"href":"https:\/\/www.leaplytics.de\/sk\/wp-json\/wp\/v2\/pages\/9298\/revisions\/13635"}],"wp:attachment":[{"href":"https:\/\/www.leaplytics.de\/sk\/wp-json\/wp\/v2\/media?parent=9298"}],"curies":[{"name":"wp","href":"https:\/\/api.w.org\/{rel}","templated":true}]}}