{"id":9336,"date":"2022-08-01T20:19:06","date_gmt":"2022-08-01T18:19:06","guid":{"rendered":"https:\/\/www.leaplytics.de\/?page_id=9336"},"modified":"2022-08-01T20:19:06","modified_gmt":"2022-08-01T18:19:06","slug":"moznosti-formatu-svetelna-signalizacia-napajania-bi","status":"publish","type":"page","link":"https:\/\/www.leaplytics.de\/sk\/moznosti-formatu-svetelna-signalizacia-napajania-bi\/","title":{"rendered":"Mo\u017enosti form\u00e1tu - Semafor"},"content":{"rendered":"<h3 class=\"wp-block-heading\">1. \u010casov\u00fd form\u00e1t<\/h3>\n\n\n<div class=\"wp-block-image\">\n<figure class=\"alignleft size-full\"><img loading=\"lazy\" decoding=\"async\" width=\"197\" height=\"238\" src=\"https:\/\/www.leaplytics.de\/wp-content\/uploads\/2022\/08\/grafik-7.png\" alt=\"\" class=\"wp-image-9337\" srcset=\"https:\/\/www.leaplytics.de\/wp-content\/uploads\/2022\/08\/grafik-7.png 197w, https:\/\/www.leaplytics.de\/wp-content\/uploads\/2022\/08\/grafik-7-50x60.png 50w\" sizes=\"auto, (max-width: 197px) 100vw, 197px\" \/><\/figure><\/div>\n\n\n<p>\u010cas\u0165 \"Form\u00e1t \u010dasu\" je nepovinn\u00e1 \u010das\u0165. V tejto \u010dasti m\u00f4\u017eete vybra\u0165 \u010dasov\u00fd alebo intervalov\u00fd form\u00e1t, ktor\u00fd sa pou\u017e\u00edva na v\u00fdpo\u010det rozsahov a v\u00fdstupn\u00e9ho textu ved\u013ea symbolu semaforu. Uistite sa, \u017ee ste vybrali \u010dasov\u00fd form\u00e1t pod\u013ea vstupn\u00fdch pol\u00ed rozsahov.<\/p>\n\n\n\n<div style=\"height:16px\" aria-hidden=\"true\" class=\"wp-block-spacer\"><\/div>\n\n\n\n<h3 class=\"wp-block-heading\">2. Sveteln\u00fd syst\u00e9m<\/h3>\n\n\n<div class=\"wp-block-image\">\n<figure class=\"alignleft size-full\"><img loading=\"lazy\" decoding=\"async\" width=\"199\" height=\"187\" src=\"https:\/\/www.leaplytics.de\/wp-content\/uploads\/2022\/08\/grafik-8.png\" alt=\"\" class=\"wp-image-9338\" srcset=\"https:\/\/www.leaplytics.de\/wp-content\/uploads\/2022\/08\/grafik-8.png 199w, https:\/\/www.leaplytics.de\/wp-content\/uploads\/2022\/08\/grafik-8-64x60.png 64w\" sizes=\"auto, (max-width: 199px) 100vw, 199px\" \/><\/figure><\/div>\n\n\n<p>V \u010dasti \"Sveteln\u00fd syst\u00e9m\" si m\u00f4\u017eete vybra\u0165 medzi jedno-, dvoj- a trojsveteln\u00fdm syst\u00e9mom.<\/p>\n\n\n\n<p><strong>Syst\u00e9m troch svetiel:<\/strong> Zelen\u00e1, \u017elt\u00e1 a \u010derven\u00e1 farba maj\u00fa svoj vlastn\u00fd kruh.<\/p>\n\n\n\n<p><strong>Syst\u00e9m dvoch svetiel:<\/strong> Zelen\u00e1 a \u010derven\u00e1 farba maj\u00fa ka\u017ed\u00fd svoj vlastn\u00fd kruh. \u017dlt\u00e9 svetlo nie je podporovan\u00e9.<\/p>\n\n\n\n<p><strong>Syst\u00e9m jedn\u00e9ho svetla:<\/strong> Zelen\u00e1, \u017elt\u00e1 a \u010derven\u00e1 maj\u00fa rovnak\u00fd kruh.<\/p>\n\n\n\n<div style=\"height:0px\" aria-hidden=\"true\" class=\"wp-block-spacer\"><\/div>\n\n\n\n<h3 class=\"wp-block-heading\">3. Zarovnanie<\/h3>\n\n\n<div class=\"wp-block-image\">\n<figure class=\"alignleft size-full\"><img loading=\"lazy\" decoding=\"async\" width=\"198\" height=\"167\" src=\"https:\/\/www.leaplytics.de\/wp-content\/uploads\/2022\/08\/grafik-9.png\" alt=\"\" class=\"wp-image-9339\" srcset=\"https:\/\/www.leaplytics.de\/wp-content\/uploads\/2022\/08\/grafik-9.png 198w, https:\/\/www.leaplytics.de\/wp-content\/uploads\/2022\/08\/grafik-9-71x60.png 71w\" sizes=\"auto, (max-width: 198px) 100vw, 198px\" \/><\/figure><\/div>\n\n\n<p>V \u010dasti \"Zarovnanie\" si m\u00f4\u017eete vybra\u0165 medzi vertik\u00e1lnym a horizont\u00e1lnym zarovnan\u00edm vizu\u00e1lu semaforu. V\u0161etky existuj\u00face nastavenia s\u00fa k dispoz\u00edcii pre obe zarovnania.<\/p>\n\n\n\n<div style=\"height:0px\" aria-hidden=\"true\" class=\"wp-block-spacer\"><\/div>\n\n\n\n<h3 class=\"wp-block-heading\">4. Nastavenia hran\u00edc<\/h3>\n\n\n<div class=\"wp-block-image\">\n<figure class=\"alignleft size-full\"><img loading=\"lazy\" decoding=\"async\" width=\"198\" height=\"211\" src=\"https:\/\/www.leaplytics.de\/wp-content\/uploads\/2022\/08\/grafik-10.png\" alt=\"\" class=\"wp-image-9344\" srcset=\"https:\/\/www.leaplytics.de\/wp-content\/uploads\/2022\/08\/grafik-10.png 198w, https:\/\/www.leaplytics.de\/wp-content\/uploads\/2022\/08\/grafik-10-56x60.png 56w\" sizes=\"auto, (max-width: 198px) 100vw, 198px\" \/><\/figure><\/div>\n\n\n<p>V \u010dasti \"Nastavenia ohrani\u010denia\" m\u00f4\u017eete zmeni\u0165 vidite\u013enos\u0165 vonkaj\u0161ieho ohrani\u010denia semaforu, ako aj vn\u00fatorn\u00fdch odtie\u0148ov svetla.<\/p>\n\n\n\n<div style=\"height:0px\" aria-hidden=\"true\" class=\"wp-block-spacer\"><\/div>\n\n\n\n<h3 class=\"wp-block-heading\">5. Nastavenia textu<\/h3>\n\n\n<div class=\"wp-block-image\">\n<figure class=\"alignleft size-full\"><img loading=\"lazy\" decoding=\"async\" width=\"196\" height=\"403\" src=\"https:\/\/www.leaplytics.de\/wp-content\/uploads\/2022\/08\/grafik-11.png\" alt=\"\" class=\"wp-image-9346\" srcset=\"https:\/\/www.leaplytics.de\/wp-content\/uploads\/2022\/08\/grafik-11.png 196w, https:\/\/www.leaplytics.de\/wp-content\/uploads\/2022\/08\/grafik-11-146x300.png 146w, https:\/\/www.leaplytics.de\/wp-content\/uploads\/2022\/08\/grafik-11-29x60.png 29w\" sizes=\"auto, (max-width: 196px) 100vw, 196px\" \/><\/figure><\/div>\n\n\n<p>Tento vizu\u00e1lny semafor pon\u00faka \u0161irok\u00fa \u0161k\u00e1lu nastaven\u00ed textu. M\u00f4\u017eete zapn\u00fa\u0165 a vypn\u00fa\u0165 textov\u00fd prvok, ktor\u00fd sa zobrazuje v rovnakom okne ako semafor. Ke\u010f je text vidite\u013en\u00fd, m\u00f4\u017eete zmeni\u0165 \u0161t\u00fdl textu, ve\u013ekos\u0165 textu, polohu textu a rodinu p\u00edsma pod\u013ea svojich individu\u00e1lnych potrieb<\/p>\n\n\n\n<div style=\"height:0px\" aria-hidden=\"true\" class=\"wp-block-spacer\"><\/div>\n\n\n\n<h3 class=\"wp-block-heading\">6. Nastavenia farieb<\/h3>\n\n\n<div class=\"wp-block-image\">\n<figure class=\"alignleft size-full\"><img loading=\"lazy\" decoding=\"async\" width=\"198\" height=\"482\" src=\"https:\/\/www.leaplytics.de\/wp-content\/uploads\/2022\/08\/grafik-12.png\" alt=\"\" class=\"wp-image-9349\" srcset=\"https:\/\/www.leaplytics.de\/wp-content\/uploads\/2022\/08\/grafik-12.png 198w, https:\/\/www.leaplytics.de\/wp-content\/uploads\/2022\/08\/grafik-12-123x300.png 123w, https:\/\/www.leaplytics.de\/wp-content\/uploads\/2022\/08\/grafik-12-25x60.png 25w\" sizes=\"auto, (max-width: 198px) 100vw, 198px\" \/><\/figure><\/div>\n\n\n<p>V \u010dasti \"Nastavenie farieb\" m\u00f4\u017eete zmeni\u0165 farbu ka\u017edej \u010dasti tohto vizu\u00e1lu. Sta\u010d\u00ed klikn\u00fa\u0165 na rozba\u013eovac\u00ed zoznam a vybra\u0165 farbu z preddefinovan\u00fdch farieb mot\u00edvu alebo pomocou k\u00f3dov rgb a hexak\u00f3dov definova\u0165 farbu pod\u013ea seba<\/p>","protected":false},"excerpt":{"rendered":"<p>1. Time format The \u201cTime Format\u201d section is an optional section. Within this section, you can select a time or interval format, which is used to calculate the ranges and the output text next to the traffic light symbol. Please make sure, to select the time format accordingly to the range input fields. 2. Light &hellip; <\/p>","protected":false},"author":2,"featured_media":0,"parent":0,"menu_order":0,"comment_status":"closed","ping_status":"closed","template":"","meta":{"footnotes":""},"class_list":["post-9336","page","type-page","status-publish","hentry","latest_post"],"_links":{"self":[{"href":"https:\/\/www.leaplytics.de\/sk\/wp-json\/wp\/v2\/pages\/9336","targetHints":{"allow":["GET"]}}],"collection":[{"href":"https:\/\/www.leaplytics.de\/sk\/wp-json\/wp\/v2\/pages"}],"about":[{"href":"https:\/\/www.leaplytics.de\/sk\/wp-json\/wp\/v2\/types\/page"}],"author":[{"embeddable":true,"href":"https:\/\/www.leaplytics.de\/sk\/wp-json\/wp\/v2\/users\/2"}],"replies":[{"embeddable":true,"href":"https:\/\/www.leaplytics.de\/sk\/wp-json\/wp\/v2\/comments?post=9336"}],"version-history":[{"count":0,"href":"https:\/\/www.leaplytics.de\/sk\/wp-json\/wp\/v2\/pages\/9336\/revisions"}],"wp:attachment":[{"href":"https:\/\/www.leaplytics.de\/sk\/wp-json\/wp\/v2\/media?parent=9336"}],"curies":[{"name":"wp","href":"https:\/\/api.w.org\/{rel}","templated":true}]}}