{"id":9526,"date":"2022-09-08T20:29:04","date_gmt":"2022-09-08T18:29:04","guid":{"rendered":"https:\/\/www.leaplytics.de\/?page_id=9526"},"modified":"2024-05-21T13:00:58","modified_gmt":"2024-05-21T11:00:58","slug":"matica-rizik-heatmap-power-bi-trial","status":"publish","type":"page","link":"https:\/\/www.leaplytics.de\/sk\/matica-rizik-heatmap-power-bi-trial\/","title":{"rendered":"Power BI Risk Matrix \/ Heatmap - Vysk\u00fa\u0161ajte teraz!"},"content":{"rendered":"<h3 class=\"wp-block-heading\">Ch\u00fdbaj\u00faci k\u00fasok sklada\u010dky pre va\u0161e riadenie riz\u00edk<\/h3>\n\n\n\n<figure class=\"wp-block-image size-full\"><img loading=\"lazy\" decoding=\"async\" width=\"152\" height=\"37\" src=\"https:\/\/www.leaplytics.de\/wp-content\/uploads\/2022\/05\/PBI-Certified.png\" alt=\"\" class=\"wp-image-8358\" srcset=\"https:\/\/www.leaplytics.de\/wp-content\/uploads\/2022\/05\/PBI-Certified.png 152w, https:\/\/www.leaplytics.de\/wp-content\/uploads\/2022\/05\/PBI-Certified-150x37.png 150w\" sizes=\"auto, (max-width: 152px) 100vw, 152px\" \/><\/figure>\n\n\n\n<p>Je to jednoduch\u00e9: vypl\u0148te nasleduj\u00faci formul\u00e1r a my v\u00e1m po\u0161leme bezplatn\u00fa \u0161tvort\u00fd\u017ed\u0148ov\u00fa sk\u00fa\u0161obn\u00fa licenciu.<\/p>\n\n\n<div class=\"wpforms-container wpforms-container-full\" id=\"wpforms-10592\"><form id=\"wpforms-form-10592\" class=\"wpforms-validate wpforms-form wpforms-ajax-form\" data-formid=\"10592\" method=\"post\" enctype=\"multipart\/form-data\" action=\"\/sk\/wp-json\/wp\/v2\/pages\/9526\" data-token=\"93e31137e329d7940839fcaafb5f94cb\" data-token-time=\"1776968769\" data-trp-original-action=\"\/sk\/wp-json\/wp\/v2\/pages\/9526\"><noscript class=\"wpforms-error-noscript\">Ak chcete vyplni\u0165 tento formul\u00e1r, povo\u013ete vo svojom prehliada\u010di JavaScript.<\/noscript><div class=\"wpforms-field-container\"><div id=\"wpforms-10592-field_0-container\" class=\"wpforms-field wpforms-field-name\" data-field-id=\"0\"><label class=\"wpforms-field-label\">N\u00e1zov <span class=\"wpforms-required-label\">*<\/span><\/label><div class=\"wpforms-field-row wpforms-field-medium\"><div class=\"wpforms-field-row-block wpforms-first wpforms-one-half\"><input type=\"text\" id=\"wpforms-10592-field_0\" class=\"wpforms-field-name-first wpforms-field-required\" name=\"wpforms[fields][0][first]\" required><label for=\"wpforms-10592-field_0\" class=\"wpforms-field-sublabel after\">Prv\u00e1 str\u00e1nka<\/label><\/div><div class=\"wpforms-field-row-block wpforms-one-half\"><input type=\"text\" id=\"wpforms-10592-field_0-last\" class=\"wpforms-field-name-last wpforms-field-required\" name=\"wpforms[fields][0][last]\" required><label for=\"wpforms-10592-field_0-last\" class=\"wpforms-field-sublabel after\">Posledn\u00fd<\/label><\/div><\/div><\/div><div id=\"wpforms-10592-field_1-container\" class=\"wpforms-field wpforms-field-email\" data-field-id=\"1\"><label class=\"wpforms-field-label\" for=\"wpforms-10592-field_1\">Obchodn\u00fd e-mail <span class=\"wpforms-required-label\">*<\/span><\/label><input type=\"email\" id=\"wpforms-10592-field_1\" class=\"wpforms-field-medium wpforms-field-required\" data-rule-restricted-email=\"1\" name=\"wpforms[fields][1]\" spellcheck=\"false\" required><\/div><div id=\"wpforms-10592-field_4-container\" class=\"wpforms-field wpforms-field-text\" data-field-id=\"4\"><label class=\"wpforms-field-label\" for=\"wpforms-10592-field_4\">Spolo\u010dnos\u0165 <span class=\"wpforms-required-label\">*<\/span><\/label><input type=\"text\" id=\"wpforms-10592-field_4\" class=\"wpforms-field-medium wpforms-field-required\" name=\"wpforms[fields][4]\" required><\/div><div id=\"wpforms-10592-field_3-container\" class=\"wpforms-field wpforms-field-gdpr-checkbox\" data-field-id=\"3\"><label class=\"wpforms-field-label\">Dohoda o GDPR <span class=\"wpforms-required-label\">*<\/span><\/label><ul id=\"wpforms-10592-field_3\" class=\"wpforms-field-required\"><li class=\"choice-1\"><input type=\"checkbox\" id=\"wpforms-10592-field_3_1\" name=\"wpforms[fields][3][]\" value=\"I consent to having this website store my submitted information so they can respond to my inquiry.\" required><label class=\"wpforms-field-label-inline\" for=\"wpforms-10592-field_3_1\">S\u00fahlas\u00edm s t\u00fdm, aby t\u00e1to webov\u00e1 lokalita ulo\u017eila moje poskytnut\u00e9 inform\u00e1cie, aby mohla odpoveda\u0165 na moju po\u017eiadavku.<\/label><\/li><\/ul><\/div><\/div><!-- .wpforms-field-container --><div class=\"wpforms-recaptcha-container wpforms-is-recaptcha wpforms-is-recaptcha-type-v3\" ><input type=\"hidden\" name=\"wpforms[recaptcha]\" value=\"\"><\/div><div class=\"wpforms-submit-container\" ><input type=\"hidden\" name=\"wpforms[id]\" value=\"10592\"><input type=\"hidden\" name=\"page_title\" value=\"\"><input type=\"hidden\" name=\"page_url\" value=\"https:\/\/www.leaplytics.de\/sk\/wp-json\/wp\/v2\/pages\/9526\"><input type=\"hidden\" name=\"url_referer\" value=\"\"><button type=\"submit\" name=\"wpforms[submit]\" id=\"wpforms-submit-10592\" class=\"wpforms-submit\" data-alt-text=\"Sending...\" data-submit-text=\"Submit\" aria-live=\"assertive\" value=\"wpforms-submit\">Odosla\u0165<\/button><img loading=\"lazy\" decoding=\"async\" src=\"https:\/\/www.leaplytics.de\/wp-content\/plugins\/wpforms-lite\/assets\/images\/submit-spin.svg\" class=\"wpforms-submit-spinner\" style=\"display: none;\" width=\"26\" height=\"26\" alt=\"Na\u010d\u00edtanie\"><\/div><input type=\"hidden\" name=\"trp-form-language\" value=\"sk\"\/><\/form><\/div>  <!-- .wpforms-container -->\n\n\n\n<div style=\"height:27px\" aria-hidden=\"true\" class=\"wp-block-spacer\"><\/div>\n\n\n\n<h3 class=\"wp-block-heading\">D\u00f4veryhodn\u00e9 pod\u013ea:<\/h3>\n\n\n<div class=\"wp-block-image\">\n<figure class=\"aligncenter size-medium is-resized\"><a href=\"https:\/\/www.railbaltica.org\/\" target=\"_blank\" rel=\"noreferrer noopener nofollow\"><img loading=\"lazy\" decoding=\"async\" width=\"300\" height=\"225\" src=\"https:\/\/www.leaplytics.de\/wp-content\/uploads\/2024\/05\/rb-logo-300x225.png\" alt=\"\" class=\"wp-image-13461\" style=\"width:300px\" srcset=\"https:\/\/www.leaplytics.de\/wp-content\/uploads\/2024\/05\/rb-logo-300x225.png 300w, https:\/\/www.leaplytics.de\/wp-content\/uploads\/2024\/05\/rb-logo-1024x768.png 1024w, https:\/\/www.leaplytics.de\/wp-content\/uploads\/2024\/05\/rb-logo-768x576.png 768w, https:\/\/www.leaplytics.de\/wp-content\/uploads\/2024\/05\/rb-logo-80x60.png 80w, https:\/\/www.leaplytics.de\/wp-content\/uploads\/2024\/05\/rb-logo.png 1200w\" sizes=\"auto, (max-width: 300px) 100vw, 300px\" \/><\/a><\/figure><\/div>\n\n\n<p><em>\"Vynikaj\u00faci n\u00e1stroj na vizualiz\u00e1ciu a zabezpe\u010denie komplexn\u00e9ho preh\u013eadu o rizikovom portf\u00f3liu. Mo\u017enos\u0165 prisp\u00f4sobi\u0165 farby, prahov\u00e9 hodnoty a maticu riz\u00edk je ide\u00e1lna - \u013eahko sa nastavuje a poskytuje mo\u017enos\u0165 pou\u017e\u00edva\u0165 rie\u0161enie pre r\u00f4zne \u00farovne riz\u00edk - podnik, projekt, program at\u010f. Nov\u00e1 funkcia vizualiz\u00e1cie zmeny jednotliv\u00fdch rizikov\u00fdch poz\u00edci\u00ed na tepelnej mape je ide\u00e1lna pre reporting, preto\u017ee presn\u00e1 zmena pravdepodobnosti alebo dopadu je jasne zrozumite\u013en\u00e1 aj pre neprofesion\u00e1lov v oblasti riadenia riz\u00edk, \u010do im umo\u017e\u0148uje sledova\u0165 zmeny.\"<\/em> <a href=\"https:\/\/www.railbaltica.org\/\" target=\"_blank\" rel=\"noreferrer noopener nofollow\">Rail Baltica<\/a><\/p>\n\n\n\n<h3 class=\"wp-block-heading\">List od gener\u00e1lneho riadite\u013ea<\/h3>\n\n\n\n<blockquote class=\"wp-block-quote is-layout-flow wp-block-quote-is-layout-flow\">\n<div class=\"wp-block-columns is-layout-flex wp-container-core-columns-is-layout-1 wp-block-columns-is-layout-flex\">\n<div class=\"wp-block-column is-layout-flow wp-block-column-is-layout-flow\" style=\"flex-basis:100%\">\n<h3 class=\"wp-block-heading has-text-align-left\"><img loading=\"lazy\" decoding=\"async\" width=\"150\" height=\"150\" class=\"wp-image-10452\" style=\"width: 150px;\" src=\"https:\/\/www.leaplytics.de\/wp-content\/uploads\/2023\/01\/stefan-profile.png\" alt=\"\" srcset=\"https:\/\/www.leaplytics.de\/wp-content\/uploads\/2023\/01\/stefan-profile.png 612w, https:\/\/www.leaplytics.de\/wp-content\/uploads\/2023\/01\/stefan-profile-300x300.png 300w, https:\/\/www.leaplytics.de\/wp-content\/uploads\/2023\/01\/stefan-profile-150x150.png 150w, https:\/\/www.leaplytics.de\/wp-content\/uploads\/2023\/01\/stefan-profile-370x370.png 370w, https:\/\/www.leaplytics.de\/wp-content\/uploads\/2023\/01\/stefan-profile-60x60.png 60w\" sizes=\"auto, (max-width: 150px) 100vw, 150px\" \/>Na\u0161e rie\u0161enie pre profesion\u00e1lov<\/h3>\n<\/div>\n<\/div>\n\n\n\n<p class=\"has-text-align-left\">Ahoj v\u0161etci...<br><br>Som Stefan, gener\u00e1lny riadite\u013e spolo\u010dnosti LeapLytics.<br><br>Toto je matica riz\u00edk, ktor\u00fa sme v\u017edy sami h\u013eadali. A teraz sa o \u0148u chceme podeli\u0165 s vami.<br><br>Je skvel\u00e9 ma\u0165 maticu riz\u00edk, ktor\u00e1 v\u00e1m pom\u00f4\u017ee pochopi\u0165 hrozby a pr\u00edle\u017eitosti. Preto\u017ee predt\u00fdm ste za\u010dali vidie\u0165 rizik\u00e1, ktor\u00e9 ste neo\u010dak\u00e1vali, zo zdrojov, ktor\u00e9 ste nevideli. Stratili ste kontrolu nad pochopen\u00edm svojho rizikov\u00e9ho prostredia. Lav\u00edna \u00fadajov v\u0161etko zahltila.<\/p>\n\n\n\n<p class=\"has-text-align-left\"><br>Tu v\u00e1m m\u00f4\u017eeme pom\u00f4c\u0165. Maticu riz\u00edk sme za\u010dali vyv\u00edja\u0165 v roku 2020. Odvtedy sme pridali mnoho nov\u00fdch funkci\u00ed. Pritom sme sa zamerali na pou\u017e\u00edvate\u013eov. Podmienen\u00e9 form\u00e1tovanie bol n\u00e1pad talianskej spolo\u010dnosti. Po\u017eiadavka na prezent\u00e1ciu riz\u00edk na z\u00e1klade \u010dasu pri\u0161la od z\u00e1kazn\u00edka z Austr\u00e1lie. Na\u0161a komunita z\u00e1kazn\u00edkov je to, na \u010do sme hrd\u00ed. Ale aj to, \u010do n\u00e1s poh\u00e1\u0148a k zlep\u0161ovaniu na\u0161ej matice riz\u00edk.<br><br>Matica riz\u00edk by nemala by\u0165 pr\u00ed\u0165a\u017eou. Nie\u010do, s \u010d\u00edm zaost\u00e1vate. Nie\u010do, \u010do odstra\u0148ujete, nie opatrujete. Namiesto toho, aby ste sa z nej te\u0161ili, sa s \u0148ou zaober\u00e1te. Namiesto toho by mala by\u0165 spo\u013eahliv\u00e1. A informat\u00edvna. Mali by v\u00e1m a va\u0161im t\u00edmom u\u013eah\u010di\u0165 zos\u00faladenie ich \u010dinnost\u00ed. Aby sa v\u00e1m darilo.<br><br>Tak\u017ee dobr\u00e1 spr\u00e1va, k\u00fazlo je st\u00e1le pr\u00edtomn\u00e9. Je v\u0161ak zahalen\u00e9 - pochovan\u00e9 pod sple\u0165ou obch\u00e1dzok a neuspokojiv\u00fdch rie\u0161en\u00ed. V\u00e1\u0161 pr\u00edstrojov\u00fd panel si zasl\u00fa\u017ei opr\u00e1\u0161i\u0165. Renov\u00e1ciu. Modernizovan\u00fd pre dne\u0161n\u00fd sp\u00f4sob riadenia riz\u00edk. S na\u0161\u00edm rie\u0161en\u00edm Risk Matrix sme to urobili. Je to prer\u00e1bka, prehodnotenie, zjednodu\u0161en\u00e9, siln\u00e9 znovuzavedenie riadenia riz\u00edk.<br><br>Nov\u00fd za\u010diatok, ako sa patr\u00ed.<\/p>\n\n\n\n<p><br>Prajem v\u00e1m pekn\u00fd de\u0148,<br>Stefan<br><br>Spoluzakladate\u013e a gener\u00e1lny riadite\u013e spolo\u010dnosti LeapLytics GmbH<\/p>\n<\/blockquote>\n\n\n<div class=\"wp-block-image\">\n<figure class=\"aligncenter size-large\"><img loading=\"lazy\" decoding=\"async\" width=\"1024\" height=\"576\" src=\"https:\/\/www.leaplytics.de\/wp-content\/uploads\/2022\/04\/First_Slice_Risk_Map_PowerBI-1024x576.png\" alt=\"\" class=\"wp-image-6585\" srcset=\"https:\/\/www.leaplytics.de\/wp-content\/uploads\/2022\/04\/First_Slice_Risk_Map_PowerBI-1024x576.png 1024w, https:\/\/www.leaplytics.de\/wp-content\/uploads\/2022\/04\/First_Slice_Risk_Map_PowerBI-300x169.png 300w, https:\/\/www.leaplytics.de\/wp-content\/uploads\/2022\/04\/First_Slice_Risk_Map_PowerBI-768x432.png 768w, https:\/\/www.leaplytics.de\/wp-content\/uploads\/2022\/04\/First_Slice_Risk_Map_PowerBI-107x60.png 107w, https:\/\/www.leaplytics.de\/wp-content\/uploads\/2022\/04\/First_Slice_Risk_Map_PowerBI.png 1140w\" sizes=\"auto, (max-width: 1024px) 100vw, 1024px\" \/><\/figure><\/div>\n\n\n<div style=\"height:29px\" aria-hidden=\"true\" class=\"wp-block-spacer\"><\/div>\n\n\n\n<blockquote class=\"wp-block-quote has-text-align-left is-layout-flow wp-block-quote-is-layout-flow\">\n<p>Rozhodne stoj\u00ed za to<\/p>\n<cite>\"V\u0161etko, \u010do sme chceli dosiahnu\u0165 pomocou matice riz\u00edk, sme mohli implementova\u0165 pomocou tejto vizualiz\u00e1cie. Rozhodne to stoj\u00ed za to.\" - <a href=\"https:\/\/appsource.microsoft.com\/en-us\/product\/power-bi-visuals\/leaplyticsgmbh1633373694058.leaplytics_risk_heatmap?tab=Reviews\" target=\"_blank\" rel=\"noreferrer noopener\">Hodnotenie recenzie Microsoft AppSource: <img loading=\"lazy\" decoding=\"async\" width=\"89\" height=\"14\" class=\"wp-image-13274\" style=\"width: 89px;\" src=\"https:\/\/www.leaplytics.de\/wp-content\/uploads\/2024\/04\/stars.png\" alt=\"\"><\/a><\/cite><\/blockquote>\n\n\n\n<h3 class=\"wp-block-heading\">\u010co dostanem?<\/h3>\n\n\n\n<i class=\"fa-solid fa-key\"><\/i> \u0160tvort\u00fd\u017ed\u0148ov\u00e9 sk\u00fa\u0161obn\u00e9 obdobie <b>Licen\u010dn\u00fd k\u013e\u00fa\u010d<\/b>\n<br><br>\n<i class=\"fa-solid fa-eye\"><\/i> Vizu\u00e1lne nastavenie <b>V\u00fdu\u010dbov\u00fd kurz<\/b>\n<br><br>\n<i class=\"fas fa-directions\"><\/i> <b>'Ako na to'<\/b> Sprievodcovia na YouTube\n<br><br>\n<i class=\"fa-solid fa-question\"><\/i> \u010casto kladen\u00e9 ot\u00e1zky (<b>\u010casto kladen\u00e9 ot\u00e1zky<\/b>)\n\n\n\n<div style=\"height:29px\" aria-hidden=\"true\" class=\"wp-block-spacer\"><\/div>\n\n\n\n<h3 class=\"wp-block-heading\">Pre\u010do by som mal otestova\u0165 v\u00e1\u0161 vizu\u00e1l?<\/h3>\n\n\n\n<p>Na\u0161a matica riz\u00edk LeapLytics je <strong>iba<\/strong> maticu riz\u00edk, ktor\u00e1 dok\u00e1\u017ee ka\u017ed\u00e9 riziko vykresli\u0165 ako samostatn\u00fa entitu. Pon\u00faka klikacie funkcie a umo\u017e\u0148uje zobrazi\u0165 podrobn\u00e9 presk\u00famanie prostredn\u00edctvom n\u00e1povedy. Okrem toho je to jedin\u00fd vizu\u00e1lny prvok v Power BI, ktor\u00fd umo\u017e\u0148uje pou\u017e\u00edvate\u013eom pr\u00edstup k h\u013abkov\u00fdm inform\u00e1ci\u00e1m o rizik\u00e1ch jednoduch\u00fdm vyh\u013eadan\u00edm konkr\u00e9tneho rizika.<\/p>\n\n\n\n<ul class=\"wp-block-list\">\n<li><strong>\u017diadne predplatn\u00e9<\/strong>: Jednoducho ju nechajte vypr\u0161a\u0165. <strong>Nebudeme v\u00e1m ni\u010d \u00fa\u010dtova\u0165.<\/strong><\/li>\n<\/ul>\n\n\n\n<figure class=\"wp-block-embed is-type-video is-provider-youtube wp-block-embed-youtube wp-embed-aspect-16-9 wp-has-aspect-ratio\"><div class=\"wp-block-embed__wrapper\" align=\"center\">\n<iframe loading=\"lazy\" title=\"Power BI Matica riz\u00edk \/ Heatmap LeapLytics Visual\" width=\"770\" height=\"433\" src=\"https:\/\/www.youtube.com\/embed\/SsN0lgNJX6A?feature=oembed\" frameborder=\"0\" allow=\"accelerometer; autoplay; clipboard-write; encrypted-media; gyroscope; picture-in-picture; web-share\" referrerpolicy=\"strict-origin-when-cross-origin\" allowfullscreen><\/iframe>\n<\/div><\/figure>\n\n\n\n<div style=\"height:55px\" aria-hidden=\"true\" class=\"wp-block-spacer\"><\/div>\n\n\n\n<blockquote class=\"wp-block-quote is-layout-flow wp-block-quote-is-layout-flow\">\n<p>Funguje presne pod\u013ea o\u010dak\u00e1vania a reklamy.<\/p>\n\n\n\n<h3 class=\"wp-block-heading\"><\/h3>\n<cite>\"K\u00fapil som si licenciu na t\u00fato aplik\u00e1ciu pred takmer 9 mesiacmi, nain\u0161taloval som ju do nieko\u013ek\u00fdch spr\u00e1v, ktor\u00e9 pou\u017e\u00edvaj\u00fa stovky \u013eud\u00ed na celom svete, a od pou\u017e\u00edvate\u013eov som mal len pozit\u00edvnu sp\u00e4tn\u00fa v\u00e4zbu.\" - <a href=\"https:\/\/appsource.microsoft.com\/en-us\/product\/power-bi-visuals\/leaplyticsgmbh1633373694058.leaplytics_risk_heatmap?tab=Reviews\" target=\"_blank\" rel=\"noreferrer noopener\">Hodnotenie recenzie Microsoft AppSource: <img loading=\"lazy\" decoding=\"async\" width=\"89\" height=\"14\" class=\"wp-image-13274\" style=\"width: 89px;\" src=\"https:\/\/www.leaplytics.de\/wp-content\/uploads\/2024\/04\/stars.png\" alt=\"\"><\/a><\/cite><\/blockquote>\n\n\n\n<p>M\u00e1te z\u00e1ujem? Do piatich min\u00fat dostanete e-mail so svojou \u0161tvort\u00fd\u017ed\u0148ovou sk\u00fa\u0161obnou licenciou.<\/p>\n\n\n<div class=\"wpforms-container wpforms-container-full\" id=\"wpforms-10592\"><form id=\"wpforms-form-10592\" class=\"wpforms-validate wpforms-form wpforms-ajax-form\" data-formid=\"10592\" method=\"post\" enctype=\"multipart\/form-data\" action=\"\/sk\/wp-json\/wp\/v2\/pages\/9526\" data-token=\"93e31137e329d7940839fcaafb5f94cb\" data-token-time=\"1776968769\" data-trp-original-action=\"\/sk\/wp-json\/wp\/v2\/pages\/9526\"><noscript class=\"wpforms-error-noscript\">Ak chcete vyplni\u0165 tento formul\u00e1r, povo\u013ete vo svojom prehliada\u010di JavaScript.<\/noscript><div class=\"wpforms-field-container\"><div id=\"wpforms-10592-field_0-container\" class=\"wpforms-field wpforms-field-name\" data-field-id=\"0\"><label class=\"wpforms-field-label\">N\u00e1zov <span class=\"wpforms-required-label\">*<\/span><\/label><div class=\"wpforms-field-row wpforms-field-medium\"><div class=\"wpforms-field-row-block wpforms-first wpforms-one-half\"><input type=\"text\" id=\"wpforms-10592-field_0\" class=\"wpforms-field-name-first wpforms-field-required\" name=\"wpforms[fields][0][first]\" required><label for=\"wpforms-10592-field_0\" class=\"wpforms-field-sublabel after\">Prv\u00e1 str\u00e1nka<\/label><\/div><div class=\"wpforms-field-row-block wpforms-one-half\"><input type=\"text\" id=\"wpforms-10592-field_0-last\" class=\"wpforms-field-name-last wpforms-field-required\" name=\"wpforms[fields][0][last]\" required><label for=\"wpforms-10592-field_0-last\" class=\"wpforms-field-sublabel after\">Posledn\u00fd<\/label><\/div><\/div><\/div><div id=\"wpforms-10592-field_1-container\" class=\"wpforms-field wpforms-field-email\" data-field-id=\"1\"><label class=\"wpforms-field-label\" for=\"wpforms-10592-field_1\">Obchodn\u00fd e-mail <span class=\"wpforms-required-label\">*<\/span><\/label><input type=\"email\" id=\"wpforms-10592-field_1\" class=\"wpforms-field-medium wpforms-field-required\" data-rule-restricted-email=\"1\" name=\"wpforms[fields][1]\" spellcheck=\"false\" required><\/div><div id=\"wpforms-10592-field_4-container\" class=\"wpforms-field wpforms-field-text\" data-field-id=\"4\"><label class=\"wpforms-field-label\" for=\"wpforms-10592-field_4\">Spolo\u010dnos\u0165 <span class=\"wpforms-required-label\">*<\/span><\/label><input type=\"text\" id=\"wpforms-10592-field_4\" class=\"wpforms-field-medium wpforms-field-required\" name=\"wpforms[fields][4]\" required><\/div><div id=\"wpforms-10592-field_3-container\" class=\"wpforms-field wpforms-field-gdpr-checkbox\" data-field-id=\"3\"><label class=\"wpforms-field-label\">Dohoda o GDPR <span class=\"wpforms-required-label\">*<\/span><\/label><ul id=\"wpforms-10592-field_3\" class=\"wpforms-field-required\"><li class=\"choice-1\"><input type=\"checkbox\" id=\"wpforms-10592-field_3_1\" name=\"wpforms[fields][3][]\" value=\"I consent to having this website store my submitted information so they can respond to my inquiry.\" required><label class=\"wpforms-field-label-inline\" for=\"wpforms-10592-field_3_1\">S\u00fahlas\u00edm s t\u00fdm, aby t\u00e1to webov\u00e1 lokalita ulo\u017eila moje poskytnut\u00e9 inform\u00e1cie, aby mohla odpoveda\u0165 na moju po\u017eiadavku.<\/label><\/li><\/ul><\/div><\/div><!-- .wpforms-field-container --><div class=\"wpforms-recaptcha-container wpforms-is-recaptcha wpforms-is-recaptcha-type-v3\" ><input type=\"hidden\" name=\"wpforms[recaptcha]\" value=\"\"><\/div><div class=\"wpforms-submit-container\" ><input type=\"hidden\" name=\"wpforms[id]\" value=\"10592\"><input type=\"hidden\" name=\"page_title\" value=\"\"><input type=\"hidden\" name=\"page_url\" value=\"https:\/\/www.leaplytics.de\/sk\/wp-json\/wp\/v2\/pages\/9526\"><input type=\"hidden\" name=\"url_referer\" value=\"\"><button type=\"submit\" name=\"wpforms[submit]\" id=\"wpforms-submit-10592\" class=\"wpforms-submit\" data-alt-text=\"Sending...\" data-submit-text=\"Submit\" aria-live=\"assertive\" value=\"wpforms-submit\">Odosla\u0165<\/button><img loading=\"lazy\" decoding=\"async\" src=\"https:\/\/www.leaplytics.de\/wp-content\/plugins\/wpforms-lite\/assets\/images\/submit-spin.svg\" class=\"wpforms-submit-spinner\" style=\"display: none;\" width=\"26\" height=\"26\" alt=\"Na\u010d\u00edtanie\"><\/div><input type=\"hidden\" name=\"trp-form-language\" value=\"sk\"\/><\/form><\/div>  <!-- .wpforms-container -->","protected":false},"excerpt":{"rendered":"<p>The missing puzzle piece for your risk management It&#8217;s easy: fill out the form below, and we&#8217;ll send you a free four-week trial license. Trusted By: &#8220;An excellent tool to visualize and ensure a holistic overview of the risk portfolio. The possibility to customize colors, thresholds, and the risk matrix is ideal\u2014easy to set up &hellip; <\/p>","protected":false},"author":2,"featured_media":0,"parent":0,"menu_order":0,"comment_status":"closed","ping_status":"closed","template":"","meta":{"footnotes":""},"class_list":["post-9526","page","type-page","status-publish","hentry","latest_post"],"_links":{"self":[{"href":"https:\/\/www.leaplytics.de\/sk\/wp-json\/wp\/v2\/pages\/9526","targetHints":{"allow":["GET"]}}],"collection":[{"href":"https:\/\/www.leaplytics.de\/sk\/wp-json\/wp\/v2\/pages"}],"about":[{"href":"https:\/\/www.leaplytics.de\/sk\/wp-json\/wp\/v2\/types\/page"}],"author":[{"embeddable":true,"href":"https:\/\/www.leaplytics.de\/sk\/wp-json\/wp\/v2\/users\/2"}],"replies":[{"embeddable":true,"href":"https:\/\/www.leaplytics.de\/sk\/wp-json\/wp\/v2\/comments?post=9526"}],"version-history":[{"count":51,"href":"https:\/\/www.leaplytics.de\/sk\/wp-json\/wp\/v2\/pages\/9526\/revisions"}],"predecessor-version":[{"id":13475,"href":"https:\/\/www.leaplytics.de\/sk\/wp-json\/wp\/v2\/pages\/9526\/revisions\/13475"}],"wp:attachment":[{"href":"https:\/\/www.leaplytics.de\/sk\/wp-json\/wp\/v2\/media?parent=9526"}],"curies":[{"name":"wp","href":"https:\/\/api.w.org\/{rel}","templated":true}]}}