{"id":11926,"date":"2023-07-18T10:22:34","date_gmt":"2023-07-18T08:22:34","guid":{"rendered":"https:\/\/www.leaplytics.de\/?page_id=11926"},"modified":"2024-10-29T12:39:50","modified_gmt":"2024-10-29T11:39:50","slug":"markdown-pregledovalnik-vizualno-za-moc-bi","status":"publish","type":"page","link":"https:\/\/www.leaplytics.de\/sl\/markdown-pregledovalnik-vizualno-za-moc-bi\/","title":{"rendered":"Pregledovalnik Markdown Visual za Power BI"},"content":{"rendered":"<p>Predstavljamo vizualni prikaz po meri Markdown-to-HTML za Power BI: pripovedujte svojo podatkovno zgodbo s polnopravnim urejevalnikom besedila na nadzorni plo\u0161\u010di! Izpostavite pomembne informacije prek oblikovanega besedila v svoji izku\u0161nji vizualizacije podatkov!<\/p>\n\n\n\n<p>Z veseljem vam predstavljamo re\u0161itev, ki spreminja pravila igre in omogo\u010da uporabnikom orodja Power BI, da v svoja poro\u010dila in nadzorne plo\u0161\u010de brez te\u017eav vklju\u010dijo lepo oblikovano besedilo.<\/p>\n\n\n\n<h3 class=\"wp-block-heading has-text-align-left\">Prednosti<\/h3>\n\n\n\n<h5 class=\"wp-block-heading\">Sprostite mo\u010d orodja Markdown<\/h5>\n\n\n\n<p>\u0160iroko sprejet ozna\u010devalni jezik z enostavnimi in izraznimi mo\u017enostmi oblikovanja besedila omogo\u010da ustvarjanje naslovov, seznamov, povezav in drugih oblikovanih elementov besedila neposredno ob vizualizacijah podatkov!<\/p>\n\n\n\n<h5 class=\"wp-block-heading\">Ustvarjanje prepri\u010dljivih vizualnih pripovedi<\/h5>\n\n\n\n<p>Vizualizacija po meri Markdown-to-HTML vam omogo\u010da, da v svoji podatkovni zgodbi oblikujete privla\u010dne pripovedi, tako da bogato oblikovano besedilo brez te\u017eav zdru\u017eite z vizualizacijami. Podrobne razlage, vpoglede in podporno dokumentacijo lahko zagotovite neposredno ob svojih podatkih, s \u010dimer pove\u010date jasnost in vpliv svojega sporo\u010dila.<\/p>\n\n\n\n<h5 class=\"wp-block-heading\">Racionalizirana integracija<\/h5>\n\n\n\n<p>Na\u0161 vizualni prikaz po meri se brez te\u017eav vklju\u010di v va\u0161e okolje Power BI in zagotavlja uporabniku prijazno izku\u0161njo. Preprosto vnesite kodo Markdown ali se pove\u017eite z virom podatkov, ki vsebuje vsebino Markdown, za vse ostalo pa bo poskrbel na\u0161 vizualni prikaz.<\/p>\n\n\n\n<h5 class=\"wp-block-heading\">Prilagodite se svojemu slogu<\/h5>\n\n\n\n<p>Na\u0161 vizualni prikaz po meri od ozna\u010devanja do HTML ponuja obse\u017ene mo\u017enosti prilagajanja, da vnese edinstveno identiteto va\u0161e blagovne znamke. Prilagodite videz vizuala, kot so pisave, barve in ozadja, da se uskladi z va\u0161o blagovno znamko ali temo poro\u010dila ter tako skladno in profesionalno predstavi identiteto va\u0161e organizacije.<\/p>\n\n\n\n<h5 class=\"wp-block-heading\">Spodbujanje sodelovanja in izmenjave znanja<\/h5>\n\n\n\n<p>S to priljubljeno obliko za sodelovanje in izmenjavo znanja spodbujajte sodelovanje, izmenjavo znanja in poenostavljene delovne tokove v organizaciji.<\/p>\n\n\n\n<p>Izbolj\u0161ajte svojo igro vizualizacije podatkov z na\u0161o vizualizacijo po meri iz ozna\u010devanja v HTML za Power BI. Predstavite svoja spoznanja in analize na vizualno osupljiv in privla\u010den na\u010din, ki bo navdu\u0161il va\u0161e ob\u010dinstvo. Ne glede na to, ali ste podatkovni analitik, poslovni strokovnjak ali vodstveni delavec, je ta vizualizacija zasnovana tako, da vam pomaga brez te\u017eav posredovati zapletene zamisli in trajno vplivati.<\/p>\n\n\n\n<p>Ste pripravljeni preoblikovati poro\u010dila in nadzorne plo\u0161\u010de Power BI? \u0160e danes prenesite na\u0161o aplikacijo Markdown-to-HTML Custom Visual in odkrijte svet dinami\u010dnih mo\u017enosti oblikovanja besedila.<\/p>\n\n\n\n<p><em>Podprite svoje predstavitve podatkov s popolno kombinacijo vizualne estetike in informativne vsebine. Spoznajte prihodnost pripovedovanja zgodb o podatkih z Markdownom in Power BI.<\/em><\/p>\n\n\n\n<p><\/p>\n\n\n\n<h3 class=\"wp-block-heading\">Zahtevajte poskusno licenco<\/h3>\n\n\n<div class=\"wpforms-container wpforms-container-full\" id=\"wpforms-11888\"><form id=\"wpforms-form-11888\" class=\"wpforms-validate wpforms-form wpforms-ajax-form\" data-formid=\"11888\" method=\"post\" enctype=\"multipart\/form-data\" action=\"\/sl\/wp-json\/wp\/v2\/pages\/11926\" data-token=\"67f6187c1e5a030da37a1d4ced145bd0\" data-token-time=\"1775757207\" data-trp-original-action=\"\/sl\/wp-json\/wp\/v2\/pages\/11926\"><noscript class=\"wpforms-error-noscript\">\u010ce \u017eelite izpolniti ta obrazec, v brskalniku omogo\u010dite JavaScript.<\/noscript><div class=\"wpforms-field-container\"><div id=\"wpforms-11888-field_0-container\" class=\"wpforms-field wpforms-field-name\" data-field-id=\"0\"><label class=\"wpforms-field-label\">Ime <span class=\"wpforms-required-label\">*<\/span><\/label><div class=\"wpforms-field-row wpforms-field-medium\"><div class=\"wpforms-field-row-block wpforms-first wpforms-one-half\"><input type=\"text\" id=\"wpforms-11888-field_0\" class=\"wpforms-field-name-first wpforms-field-required\" name=\"wpforms[fields][0][first]\" required><label for=\"wpforms-11888-field_0\" class=\"wpforms-field-sublabel after\">Prvi<\/label><\/div><div class=\"wpforms-field-row-block wpforms-one-half\"><input type=\"text\" id=\"wpforms-11888-field_0-last\" class=\"wpforms-field-name-last wpforms-field-required\" name=\"wpforms[fields][0][last]\" required><label for=\"wpforms-11888-field_0-last\" class=\"wpforms-field-sublabel after\">Nazadnje<\/label><\/div><\/div><\/div><div id=\"wpforms-11888-field_1-container\" class=\"wpforms-field wpforms-field-email\" data-field-id=\"1\"><label class=\"wpforms-field-label\" for=\"wpforms-11888-field_1\">Poslovna e-po\u0161ta <span class=\"wpforms-required-label\">*<\/span><\/label><input type=\"email\" id=\"wpforms-11888-field_1\" class=\"wpforms-field-medium wpforms-field-required\" data-rule-restricted-email=\"1\" name=\"wpforms[fields][1]\" spellcheck=\"false\" required><\/div><div id=\"wpforms-11888-field_4-container\" class=\"wpforms-field wpforms-field-text\" data-field-id=\"4\"><label class=\"wpforms-field-label\" for=\"wpforms-11888-field_4\">Podjetje <span class=\"wpforms-required-label\">*<\/span><\/label><input type=\"text\" id=\"wpforms-11888-field_4\" class=\"wpforms-field-medium wpforms-field-required\" name=\"wpforms[fields][4]\" required><\/div><div id=\"wpforms-11888-field_3-container\" class=\"wpforms-field wpforms-field-gdpr-checkbox\" data-field-id=\"3\"><label class=\"wpforms-field-label\">Sporazum GDPR <span class=\"wpforms-required-label\">*<\/span><\/label><ul id=\"wpforms-11888-field_3\" class=\"wpforms-field-required\"><li class=\"choice-1\"><input type=\"checkbox\" id=\"wpforms-11888-field_3_1\" name=\"wpforms[fields][3][]\" value=\"I consent to having this website store my submitted information so they can respond to my inquiry.\" required><label class=\"wpforms-field-label-inline\" for=\"wpforms-11888-field_3_1\">Sogla\u0161am, da to spletno mesto shrani moje posredovane podatke, da se lahko odzove na moje povpra\u0161evanje.<\/label><\/li><\/ul><\/div><\/div><!-- .wpforms-field-container --><div class=\"wpforms-recaptcha-container wpforms-is-recaptcha wpforms-is-recaptcha-type-v3\" ><input type=\"hidden\" name=\"wpforms[recaptcha]\" value=\"\"><\/div><div class=\"wpforms-submit-container\" ><input type=\"hidden\" name=\"wpforms[id]\" value=\"11888\"><input type=\"hidden\" name=\"page_title\" value=\"\"><input type=\"hidden\" name=\"page_url\" value=\"https:\/\/www.leaplytics.de\/sl\/wp-json\/wp\/v2\/pages\/11926\"><input type=\"hidden\" name=\"url_referer\" value=\"\"><button type=\"submit\" name=\"wpforms[submit]\" id=\"wpforms-submit-11888\" class=\"wpforms-submit\" data-alt-text=\"Sending...\" data-submit-text=\"Submit\" aria-live=\"assertive\" value=\"wpforms-submit\">Po\u0161lji<\/button><img loading=\"lazy\" decoding=\"async\" src=\"https:\/\/www.leaplytics.de\/wp-content\/plugins\/wpforms-lite\/assets\/images\/submit-spin.svg\" class=\"wpforms-submit-spinner\" style=\"display: none;\" width=\"26\" height=\"26\" alt=\"Nalaganje\"><\/div><input type=\"hidden\" name=\"trp-form-language\" value=\"sl\"\/><\/form><\/div>  <!-- .wpforms-container -->\n\n\n\n<div style=\"height:50px\" aria-hidden=\"true\" class=\"wp-block-spacer\"><\/div>\n\n\n\n<h3 class=\"wp-block-heading has-text-align-left\" id=\"tutorial\">Za\u010detek<\/h3>\n\n\n\n<p><em>Kako lahko za\u010dnem?<\/em> Zahtevajte preizkusno licenco zgoraj. In ko ste prejeli licen\u010dno kodo? Kliknite spodaj in za\u010dnite z na\u0161im u\u010dbenikom.<\/p>\n\n\n\n<figure class=\"wp-block-embed is-type-wp-embed is-provider-leaplytics wp-block-embed-leaplytics\"><div class=\"wp-block-embed__wrapper\">\n<blockquote class=\"wp-embedded-content\" data-secret=\"IL8vEweSWi\"><a href=\"https:\/\/www.leaplytics.de\/sl\/zacetek-pregledovalnik-markdown-power-bi\/\">Za\u010detek - Pregledovalnik Markdown<\/a><\/blockquote><iframe loading=\"lazy\" class=\"wp-embedded-content\" sandbox=\"allow-scripts\" security=\"restricted\" style=\"position: absolute; clip: rect(1px, 1px, 1px, 1px);\" title=\"&quot;Za\u010detek - Pregledovalnik Markdown&quot; - LeapLytics\" src=\"https:\/\/www.leaplytics.de\/getting-started-markdown-viewer-power-bi\/embed\/#?secret=huMdA44Ho4#?secret=IL8vEweSWi\" data-secret=\"IL8vEweSWi\" width=\"600\" height=\"338\" frameborder=\"0\" marginwidth=\"0\" marginheight=\"0\" scrolling=\"no\"><\/iframe>\n<\/div><\/figure>","protected":false},"excerpt":{"rendered":"<p>Predstavljamo vizualni prikaz po meri Markdown-to-HTML za Power BI: pripovedujte svojo podatkovno zgodbo s polnopravnim urejevalnikom besedila na nadzorni plo\u0161\u010di! Izpostavite pomembne informacije prek oblikovanega besedila v svoji izku\u0161nji vizualizacije podatkov! Z veseljem vam predstavljamo re\u0161itev, ki spreminja pravila igre in uporabnikom orodja Power BI omogo\u010da, da v svoja poro\u010dila brez te\u017eav vklju\u010dijo lepo oblikovano besedilo in ... <\/p>","protected":false},"author":2,"featured_media":0,"parent":0,"menu_order":0,"comment_status":"closed","ping_status":"closed","template":"","meta":{"footnotes":""},"class_list":["post-11926","page","type-page","status-publish","hentry","latest_post"],"_links":{"self":[{"href":"https:\/\/www.leaplytics.de\/sl\/wp-json\/wp\/v2\/pages\/11926","targetHints":{"allow":["GET"]}}],"collection":[{"href":"https:\/\/www.leaplytics.de\/sl\/wp-json\/wp\/v2\/pages"}],"about":[{"href":"https:\/\/www.leaplytics.de\/sl\/wp-json\/wp\/v2\/types\/page"}],"author":[{"embeddable":true,"href":"https:\/\/www.leaplytics.de\/sl\/wp-json\/wp\/v2\/users\/2"}],"replies":[{"embeddable":true,"href":"https:\/\/www.leaplytics.de\/sl\/wp-json\/wp\/v2\/comments?post=11926"}],"version-history":[{"count":3,"href":"https:\/\/www.leaplytics.de\/sl\/wp-json\/wp\/v2\/pages\/11926\/revisions"}],"predecessor-version":[{"id":13652,"href":"https:\/\/www.leaplytics.de\/sl\/wp-json\/wp\/v2\/pages\/11926\/revisions\/13652"}],"wp:attachment":[{"href":"https:\/\/www.leaplytics.de\/sl\/wp-json\/wp\/v2\/media?parent=11926"}],"curies":[{"name":"wp","href":"https:\/\/api.w.org\/{rel}","templated":true}]}}