{"id":12086,"date":"2023-08-02T17:05:19","date_gmt":"2023-08-02T15:05:19","guid":{"rendered":"https:\/\/www.leaplytics.de\/?page_id=12086"},"modified":"2023-08-06T14:32:15","modified_gmt":"2023-08-06T12:32:15","slug":"migracije-qlikview-na-power-bi","status":"publish","type":"page","link":"https:\/\/www.leaplytics.de\/sl\/migracije-qlikview-na-power-bi\/","title":{"rendered":"Migracija QlikView na Power BI - na\u0161 pristop"},"content":{"rendered":"<p>Ali trenutno uporabljate QlikView, vendar razmi\u0161ljate o prehodu na Power BI?  V podjetju LeapLytics smo specializirani za zagotavljanje strokovnih migracijskih storitev, ki vam pomagajo pri nemotenem prehodu s QlikView na Power BI. Na\u0161a ekipa usposobljenih strokovnjakov ima bogate izku\u0161nje z izvajanjem tak\u0161nih migracij, kar zagotavlja nemoten in u\u010dinkovit postopek za va\u0161o organizacijo.<\/p>\n\n\n\n<h3 class=\"wp-block-heading\"><strong>Zakaj se preseliti iz QlikView v Power BI?<\/strong><\/h3>\n\n\n\n<p>Ker se tehnologije za poslovno obve\u0161\u010danje \u0161e naprej razvijajo, je za organizacije pogosto koristno, da se nadgradijo na sodobnej\u0161e in zanesljivej\u0161e platforme, kot je Power BI. Tukaj je nekaj prepri\u010dljivih razlogov za razmislek o prehodu s QlikView na Power BI:<\/p>\n\n\n\n<ol class=\"wp-block-list\">\n<li><strong>Izbolj\u0161ana vizualizacija podatkov:<\/strong> Power BI ponuja \u0161tevilne mo\u017enosti vizualizacije, s katerimi lahko podatke predstavite na bolj pregledne in interaktivne na\u010dine ter tako omogo\u010dite svojim odlo\u010devalcem bolj\u0161e vpoglede.<\/li>\n\n\n\n<li><strong>Integracija z Microsoftovim ekosistemom:<\/strong> \u010ce va\u0161a organizacija \u017ee uporablja Microsoftova orodja, kot so Excel, SharePoint ali Office 365, se program Power BI brez te\u017eav pove\u017ee s temi platformami in poenostavi va\u0161 delovni proces.<\/li>\n\n\n\n<li><strong>Skalabilnost in zmogljivost:<\/strong> Ko va\u0161e potrebe po podatkih rastejo, lahko Power BI z izjemno u\u010dinkovitostjo in hitrostjo obdeluje velike podatkovne nize in zapletene poizvedbe.<\/li>\n\n\n\n<li><strong>zmo\u017enosti v oblaku:<\/strong> Z zmogljivostmi Power BI v oblaku lahko preprosto delite poro\u010dila in sodelujete s sodelavci, kar zagotavlja dostop do pomembnih informacij v realnem \u010dasu.<\/li>\n\n\n\n<li><strong>Redne posodobitve in podpora:<\/strong> Microsoft orodje Power BI pogosto posodablja in izbolj\u0161uje, kar vam zagotavlja dostop do najnovej\u0161ih funkcij in izbolj\u0161av.<\/li>\n<\/ol>\n\n\n\n<h3 class=\"wp-block-heading\"><strong>Razmisleki za uspe\u0161no migracijo iz QlikView v Power BI<\/strong><\/h3>\n\n\n\n<p>Prehod z ene platforme za poslovno obve\u0161\u010danje na drugo je lahko zapleten. Za zagotovitev uspe\u0161ne migracije je treba upo\u0161tevati naslednje klju\u010dne vidike:<\/p>\n\n\n\n<ol class=\"wp-block-list\">\n<li><strong>Ocenjevanje podatkov:<\/strong> Analizirajte obstoje\u010de podatke QlikView in dolo\u010dite njihovo strukturo, kakovost in ustreznost za migracijo. Ugotovite morebitne zahteve za \u010di\u0161\u010denje in preoblikovanje podatkov.<\/li>\n\n\n\n<li><strong>Kartiranje repozitorijev, poro\u010dil in nadzornih plo\u0161\u010d:<\/strong> Temeljito spoznajte svoje trenutne shrambe, poro\u010dila in nadzorne plo\u0161\u010de QlikView. Ustvarite na\u010drt kartiranja za ponovitev teh vizualizacij v Power BI in pri tem uporabite njegove edinstvene funkcije.<\/li>\n\n\n\n<li><strong>Modeliranje podatkov v orodju Power BI:<\/strong> Oblikujte u\u010dinkovit podatkovni model v programu Power BI, ki je usklajen z va\u0161imi poslovnimi zahtevami in optimizira delovanje.<\/li>\n\n\n\n<li><strong>Varnost in dovoljenja:<\/strong> Opredelite varnostne vloge in dovoljenja v programu Power BI, da zagotovite ustrezno upravljanje in omejevanje dostopa do podatkov.<\/li>\n\n\n\n<li><strong>Usposabljanje in sprejemanje uporabnikov:<\/strong> Svojo ekipo pripravite na migracijo s celovitim usposabljanjem o funkcijah in lastnostih Power BI.<\/li>\n\n\n\n<li><strong>Testiranje in zagotavljanje kakovosti:<\/strong> Izvedite temeljito testiranje, da ugotovite in odpravite morebitne te\u017eave, preden re\u0161itev za\u017eivi.<\/li>\n\n\n\n<li><strong>Podpora po migraciji:<\/strong> nudenje stalne podpore za re\u0161evanje morebitnih izzivov po migraciji in pomo\u010d uporabnikom pri polnem izkori\u0161\u010danju zmogljivosti orodja Power BI.<\/li>\n<\/ol>\n\n\n\n<h3 class=\"wp-block-heading\"><strong>Zakaj LeapLytics za migracijo iz QlikView v Power BI?<\/strong><\/h3>\n\n\n\n<p>V podjetju LeapLytics smo ponosni na svoj pristop, usmerjen k strankam, in na globoko razumevanje programov QlikView in Power BI. Na\u0161a ekipa strokovnjakov ima spretnosti in znanje, ki so potrebni za nemoteno izvajanje postopka migracije, s \u010dimer zagotovimo \u010dim manj\u0161e motnje pri va\u0161em poslovanju. Ko izberete nas, boste imeli koristi od:<\/p>\n\n\n\n<ul class=\"wp-block-list\">\n<li><strong>Izku\u0161nje in strokovno znanje:<\/strong> Na\u0161i izku\u0161eni strokovnjaki so uspe\u0161no izvedli \u0161tevilne migracije iz QlikView v Power BI, zato so ve\u0161\u010di obvladovanja vseh morebitnih zapletov.<\/li>\n\n\n\n<li><strong>Prilagojene re\u0161itve:<\/strong> Zavedamo se, da so potrebe vsake organizacije edinstvene. Zato vam ponujamo prilagojene migracijske strategije, ki ustrezajo va\u0161im posebnim zahtevam.<\/li>\n\n\n\n<li><strong>Varnost podatkov:<\/strong> Varnost va\u0161ih ob\u010dutljivih podatkov je na\u0161a prednostna naloga, zato med migracijo in po njej upo\u0161tevamo najbolj\u0161e industrijske prakse za za\u0161\u010dito va\u0161ih podatkov.<\/li>\n\n\n\n<li><strong>Stalna podpora:<\/strong> Na\u0161a zavezanost va\u0161emu uspehu se razteza preko procesa migracije. Zagotavljamo stalno podporo za odpravljanje morebitnih te\u017eav in pomo\u010d pri uvajanju tehnologije Power BI.<\/li>\n<\/ul>\n\n\n\n<p>LeapLytics je va\u0161 zaupanja vreden partner pri \u010dim bolj gladkem prehodu s QlikView na Power BI. \u0160e danes se obrnite na nas in izvedite ve\u010d o na\u0161ih storitvah migracije ter naredite prvi korak k sprostitvi resni\u010dnega potenciala va\u0161ih podatkov.<\/p>\n\n\n\n<h4 class=\"wp-block-heading\"><strong>Stopite v stik z nami \u0161e danes<\/strong><\/h4>\n\n\n\n<p>Imate vpra\u0161anja o migraciji iz QlikView v Power BI ali vas zanimajo na\u0161e storitve? Ne oklevajte in se obrnite na nas za posvetovanje. Tukaj smo, da vam pomagamo pri gladkem in uspe\u0161nem prehodu na Power BI. Stopite v stik z na\u0161imi strokovnjaki in <a href=\"https:\/\/www.leaplytics.de\/sl\/kontakt\/\"><strong>po\u0161ljite nam sporo\u010dilo<\/strong><\/a>.<\/p>\n\n\n\n<p>(<em>Z nami se lahko pove\u017eete tudi, \u010de potrebujete navodila o drugem vidiku poslovne inteligence, podatkovne analitike ali vizualizacije. Na\u0161a ekipa je dobro pripravljena, da vam pomaga pri razli\u010dnih prizadevanjih, povezanih s podatki.<\/em>)<\/p>","protected":false},"excerpt":{"rendered":"<p>Ali trenutno uporabljate QlikView, vendar razmi\u0161ljate o prehodu na Power BI? V podjetju LeapLytics smo specializirani za zagotavljanje strokovnih migracijskih storitev, ki vam pomagajo pri nemotenem prehodu s QlikView na Power BI. Na\u0161a ekipa usposobljenih strokovnjakov ima bogate izku\u0161nje z izvajanjem tak\u0161nih migracij, kar zagotavlja nemoten in u\u010dinkovit postopek za va\u0161o organizacijo. Zakaj bi migrirali iz ... <\/p>","protected":false},"author":2,"featured_media":0,"parent":0,"menu_order":0,"comment_status":"closed","ping_status":"closed","template":"","meta":{"footnotes":""},"class_list":["post-12086","page","type-page","status-publish","hentry","latest_post"],"_links":{"self":[{"href":"https:\/\/www.leaplytics.de\/sl\/wp-json\/wp\/v2\/pages\/12086","targetHints":{"allow":["GET"]}}],"collection":[{"href":"https:\/\/www.leaplytics.de\/sl\/wp-json\/wp\/v2\/pages"}],"about":[{"href":"https:\/\/www.leaplytics.de\/sl\/wp-json\/wp\/v2\/types\/page"}],"author":[{"embeddable":true,"href":"https:\/\/www.leaplytics.de\/sl\/wp-json\/wp\/v2\/users\/2"}],"replies":[{"embeddable":true,"href":"https:\/\/www.leaplytics.de\/sl\/wp-json\/wp\/v2\/comments?post=12086"}],"version-history":[{"count":0,"href":"https:\/\/www.leaplytics.de\/sl\/wp-json\/wp\/v2\/pages\/12086\/revisions"}],"wp:attachment":[{"href":"https:\/\/www.leaplytics.de\/sl\/wp-json\/wp\/v2\/media?parent=12086"}],"curies":[{"name":"wp","href":"https:\/\/api.w.org\/{rel}","templated":true}]}}