{"id":12944,"date":"2023-12-18T23:03:40","date_gmt":"2023-12-18T22:03:40","guid":{"rendered":"https:\/\/www.leaplytics.de\/?page_id=12944"},"modified":"2023-12-18T23:03:40","modified_gmt":"2023-12-18T22:03:40","slug":"ehs-risk-management-power-bi-za-rudarstvo-in-naftno-industrijo","status":"publish","type":"page","link":"https:\/\/www.leaplytics.de\/sl\/ehs-risk-management-power-bi-za-rudarstvo-in-naftno-industrijo\/","title":{"rendered":"Upravljanje tveganj EHS Power BI za rudarsko in naftno industrijo"},"content":{"rendered":"<h3 class=\"wp-block-heading\">Uvod<\/h3>\n\n\n\n<p>Panoge, kot sta rudarstvo in naftna industrija, so klju\u010dne za svetovno gospodarstvo, saj zagotavljajo vire in energijo. Vendar se soo\u010dajo z izzivi na podro\u010dju okoljskih, zdravstvenih in varnostnih tveganj. Podjetja zdaj menijo, da je dobro upravljanje tveganj na podro\u010dju varnosti in zdravja pri delu temeljnega pomena za uspeh. V tem \u010dlanku je predstavljeno, kako lahko na\u0161a matrika tveganj Power BI izbolj\u0161a upravljanje tveganj na podro\u010dju EHS.<\/p>\n\n\n\n<h3 class=\"wp-block-heading\"><strong>Razumevanje upravljanja tveganj EHS<\/strong><\/h3>\n\n\n\n<p>V rudarstvu in naftni industriji so glavna skrb okoljska, zdravstvena in varnostna tveganja. Ta vklju\u010dujejo motnje v habitatu, onesna\u017eevanje, nesre\u010de in pravna vpra\u0161anja. Strogo upravljanje tveganj na podro\u010dju varnosti in zdravja pri delu je bistvenega pomena za trajnostno in uspe\u0161no poslovanje.<\/p>\n\n\n\n<h3 class=\"wp-block-heading\"><strong>Matrika tveganj Power BI<\/strong><\/h3>\n\n\n\n<p>Matrika tveganj je dobro orodje za obravnavo tveganj v zvezi z varnostjo in zdravjem pri delu z orodjem Power BI. Tukaj je opisano, kako pomaga:<\/p>\n\n\n\n<ol class=\"wp-block-list\">\n<li><strong>Prepoznavanje tveganj:<\/strong> zbira podatke za ugotavljanje varnostnih tveganj, tveganj za skladnost ali zdravstvenih tveganj.<\/li>\n\n\n\n<li><strong>Vizualizacija:<\/strong> kategorizira tveganja in pomaga odlo\u010devalcem pri prepoznavanju nujnih vpra\u0161anj.<\/li>\n\n\n\n<li><strong>Spremljanje u\u010dinkovitosti:<\/strong> Posodablja podatke EHS za proaktivno upravljanje tveganj.<\/li>\n\n\n\n<li><strong>Interaktivne nadzorne plo\u0161\u010de: <\/strong>Prika\u017eite metrike tveganja, incidente in trende v realnem \u010dasu za la\u017eje sledenje uspe\u0161nosti.<\/li>\n<\/ol>\n\n\n\n<div class=\"wp-block-buttons is-layout-flex wp-block-buttons-is-layout-flex\" id=\"https:\/\/www.leaplytics.de\/frontpage\/project-management-custom-visuals-microsoft-powerbi\/risk-heatmap-custom-visual-for-power-bi\/\">\n<div class=\"wp-block-button has-custom-width wp-block-button__width-75 has-custom-font-size is-style-fill\" style=\"font-size:18px\"><a class=\"wp-block-button__link has-background wp-element-button\" href=\"https:\/\/www.leaplytics.de\/sl\/naslovna-stran\/upravljanje-projektov-po-meri-microsoft-powerbi\/toplotna-karta-tveganja-po-meri-za-power-bi\/\" style=\"background-color:#22316d\" rel=\"https:\/\/www.leaplytics.de\/frontpage\/project-management-custom-visuals-microsoft-powerbi\/risk-heatmap-custom-visual-for-power-bi\/\">Oglejte si na\u0161o vizualno matriko tveganj po meri za Power BI tukaj!<\/a><\/div>\n<\/div>\n\n\n\n<p><\/p>\n\n\n\n<h3 class=\"wp-block-heading\"><strong>Pove\u010danje uspe\u0161nosti z upravljanjem tveganj na podro\u010dju varnosti in zdravja pri delu<\/strong><\/h3>\n\n\n\n<p>U\u010dinkovito obvladovanje tveganj na podro\u010dju varnosti in zdravja pri delu izbolj\u0161uje uspe\u0161nost:<\/p>\n\n\n\n<ul class=\"wp-block-list\">\n<li><strong>Operativna u\u010dinkovitost:<\/strong> Zmanj\u0161a \u0161tevilo nesre\u010d, okvar opreme in okoljskih incidentov. S tem se izbolj\u0161a u\u010dinkovitost in skraj\u0161a \u010das izpada.<\/li>\n\n\n\n<li><strong>Prihranki stro\u0161kov:<\/strong> Zmanj\u0161uje \u0161tevilo incidentov, zmanj\u0161uje globe, sodne stro\u0161ke in stro\u0161ke \u010di\u0161\u010denja.<\/li>\n\n\n\n<li><strong>Trajnost in ugled:<\/strong> Izkazuje zavezanost k trajnosti. To pove\u010duje ugled in privla\u010dnost za vlagatelje in stranke.<\/li>\n\n\n\n<li><strong>Skladnost s predpisi:<\/strong> Upo\u0161teva pravila EHS, vzdr\u017euje dobre odnose z regulatorji in se izogiba kaznim.<\/li>\n\n\n\n<li><strong>Dobro po\u010dutje zaposlenih:<\/strong> daje prednost varnosti in zdravju delodajalca. Tako izbolj\u0161a motivacijo in produktivnost, zmanj\u0161a fluktuacijo in odsotnost z dela.<\/li>\n<\/ul>\n\n\n\n<h3 class=\"wp-block-heading\"><strong>Zaklju\u010dek<\/strong><\/h3>\n\n\n\n<p>Upravljanje tveganj na podro\u010dju varnosti in zdravja pri delu je bistvenega pomena za odli\u010dno poslovanje. Na\u0161a matrika tveganj v Power BI je odli\u010dno orodje za u\u010dinkovito upravljanje tveganj. Upravljanje tveganj na podro\u010dju EHS pomaga podjetjem pri bolj\u0161em poslovanju in zmanj\u0161evanju stro\u0161kov. Pomaga jim tudi pri izpolnjevanju predpisov ter vzpostavljanju kulture trajnosti in varnosti. Ob soo\u010danju z dana\u0161njimi izzivi je upravljanje tveganj EHS s pomo\u010djo orodja Power BI klju\u010d do uspeha.<\/p>","protected":false},"excerpt":{"rendered":"<p>Introduction Industries such as mining and petroleum are crucial for the global economy, supplying resources and energy. But, they face challenges in environmental, health, and safety (EHS) risks. Companies now view solid EHS risk management,fundamental for success. This article looks at how our Power BI Risk Matrix can enhance EHS risk management. Understanding EHS Risk &hellip; <\/p>","protected":false},"author":55,"featured_media":12952,"parent":0,"menu_order":0,"comment_status":"closed","ping_status":"closed","template":"","meta":{"footnotes":""},"class_list":["post-12944","page","type-page","status-publish","has-post-thumbnail","hentry","latest_post"],"_links":{"self":[{"href":"https:\/\/www.leaplytics.de\/sl\/wp-json\/wp\/v2\/pages\/12944","targetHints":{"allow":["GET"]}}],"collection":[{"href":"https:\/\/www.leaplytics.de\/sl\/wp-json\/wp\/v2\/pages"}],"about":[{"href":"https:\/\/www.leaplytics.de\/sl\/wp-json\/wp\/v2\/types\/page"}],"author":[{"embeddable":true,"href":"https:\/\/www.leaplytics.de\/sl\/wp-json\/wp\/v2\/users\/55"}],"replies":[{"embeddable":true,"href":"https:\/\/www.leaplytics.de\/sl\/wp-json\/wp\/v2\/comments?post=12944"}],"version-history":[{"count":0,"href":"https:\/\/www.leaplytics.de\/sl\/wp-json\/wp\/v2\/pages\/12944\/revisions"}],"wp:featuredmedia":[{"embeddable":true,"href":"https:\/\/www.leaplytics.de\/sl\/wp-json\/wp\/v2\/media\/12952"}],"wp:attachment":[{"href":"https:\/\/www.leaplytics.de\/sl\/wp-json\/wp\/v2\/media?parent=12944"}],"curies":[{"name":"wp","href":"https:\/\/api.w.org\/{rel}","templated":true}]}}