{"id":12961,"date":"2023-12-18T23:03:43","date_gmt":"2023-12-18T22:03:43","guid":{"rendered":"https:\/\/www.leaplytics.de\/?page_id=12961"},"modified":"2024-01-02T12:05:32","modified_gmt":"2024-01-02T11:05:32","slug":"identifikacija-nevarnosti-v-letalski-industriji-za-krizarjenje","status":"publish","type":"page","link":"https:\/\/www.leaplytics.de\/sl\/identifikacija-nevarnosti-v-letalski-industriji-za-krizarjenje\/","title":{"rendered":"Power BI: Prepoznavanje nevarnosti v letalstvu, kri\u017earjenju in prevozni\u0161tvu"},"content":{"rendered":"<h2 class=\"wp-block-heading has-medium-font-size\"><strong>Uvod<\/strong><\/h2>\n\n\n\n<p>V letalstvu, kri\u017earjenju in prometu sta prepoznavanje nevarnosti in obvladovanje tveganja klju\u010dnega pomena. Na\u0161a matrika tveganj v Power BI je dragoceno orodje za ta namen.<\/p>\n\n\n\n<p>Orodje je odli\u010dno pri prepoznavanju nevarnosti in poenostavitvi predstavitve podatkov za hitro prepoznavanje. Ta zmo\u017enost omogo\u010da takoj\u0161nje ukrepanje, kar pove\u010duje varnost pri delu.<\/p>\n\n\n\n<h2 class=\"wp-block-heading has-medium-font-size\"><strong>Obvladovanje nevarnosti v letalstvu<\/strong><\/h2>\n\n\n\n<p>V letalstvu so obi\u010dajne nevarnosti te\u017eave s stezo za vzletanje in pristajanje ali udarci ptic. Klju\u010dni kazalniki uspe\u0161nosti vklju\u010dujejo pogostost skoraj\u0161njih nesre\u010d in u\u010dinkovitost varnostnega usposabljanja. Klju\u010dnega pomena je na primer zanesljivost komunikacijskega sistema.<\/p>\n\n\n\n<h2 class=\"wp-block-heading has-medium-font-size\"><strong>Zagotavljanje varnosti pri kri\u017earjenju<\/strong><\/h2>\n\n\n\n<p>Pri kri\u017earjenjih lahko nevarnosti vklju\u010dujejo trke ladij ali zdravstvene nesre\u010de. Klju\u010dni kazalniki uspe\u0161nosti vklju\u010dujejo spremljanje odzivnega \u010dasa v nujnih primerih in ustrezne medicinske zaloge. Zato je zagotavljanje varnosti potnikov klju\u010dnega pomena.<\/p>\n\n\n\n<h2 class=\"wp-block-heading has-medium-font-size\"><strong>Varovanje prevoznih dejavnosti<\/strong><\/h2>\n\n\n\n<p>V prometnem sektorju lahko nevarnosti vklju\u010dujejo nesre\u010de ali prekinitve dobavne verige. Klju\u010dni kazalniki uspe\u0161nosti so stopnja nesre\u010d, upo\u0161tevanje urnika vzdr\u017eevanja in u\u010dinkovitost na\u010drtov za izredne razmere. Temeljnega pomena je na primer spremljanje u\u010dinkovitosti programov usposabljanja voznikov.<\/p>\n\n\n\n<h2 class=\"wp-block-heading has-medium-font-size\"><strong>Matrika tveganj za Power BI<\/strong><\/h2>\n\n\n\n<p>Matrika tveganj izbolj\u0161a va\u0161e upravljanje tveganj:<\/p>\n\n\n\n<p><strong>Os verjetnosti:<\/strong> Na tej osi je prikazano, kako verjetno je, da se bo tveganje zgodilo, in sicer od majhnega do velikega. Pomaga razumeti verjetnost pojavljanja morebitnih tveganj v teh sektorjih.<\/p>\n\n\n\n<p><strong>Udarna os:<\/strong> Na tej osi je prikazano, kako resno je lahko tveganje, razvr\u0161\u010deno kot nizko, srednje ali visoko. Organizacijam v letalstvu, kri\u017earjenju in prometu pomaga analizirati, kak\u0161no \u0161kodo bi lahko povzro\u010dilo tveganje.<\/p>\n\n\n\n<p>Z zdru\u017eitvijo verjetnosti in u\u010dinka se za vsako tveganje dolo\u010di ocena. To pomaga razvrstiti tveganja glede na njihovo resnost. Zgodnje obvladovanje visoko prednostnih tveganj zmanj\u0161uje gro\u017enje in motnje v delovanju.<\/p>\n\n\n\n<p>Z matriko tveganj lahko organizacije v teh sektorjih:<\/p>\n\n\n\n<ol class=\"wp-block-list\">\n<li><strong>Ustvarjanje nadzornih plo\u0161\u010d:<\/strong> Izdelujte nadzorne plo\u0161\u010de v realnem \u010dasu, ki prikazujejo varnostne metrike, incidente in trende. Tako lahko vodje tveganj enostavno vidijo, kako poteka varnost.<\/li>\n\n\n\n<li><strong>Vizualizacija podatkov o tveganjih:<\/strong> Za prikaz ocen tveganja iz matrike tveganj uporabite tabele in grafe. To pomaga razumeti, kako resna so ugotovljena tveganja.<\/li>\n\n\n\n<li><strong>Spremljanje:<\/strong> Z orodjem Power BI preverite, ali izpolnjujete varnostne predpise. Poi\u0161\u010dite tudi podro\u010dja, ki potrebujejo ve\u010d varnostnih ukrepov v letalstvu, kri\u017earjenju in prometu.<\/li>\n\n\n\n<li><strong>Prepoznavanje trendov: <\/strong>Oglejte si podatke o tveganjih. Z matriko tveganj lahko razumete razloge za nesre\u010de in prepoznate teko\u010da varnostna vpra\u0161anja. To omogo\u010da sprejemanje informiranih odlo\u010ditev za nenehno izbolj\u0161evanje varnosti.<\/li>\n<\/ol>\n\n\n\n<div class=\"wp-block-buttons is-layout-flex wp-block-buttons-is-layout-flex\">\n<div class=\"wp-block-button has-custom-font-size\" style=\"font-size:18px\"><a class=\"wp-block-button__link has-background wp-element-button\" href=\"https:\/\/www.leaplytics.de\/sl\/naslovna-stran\/upravljanje-projektov-po-meri-microsoft-powerbi\/toplotna-karta-tveganja-po-meri-za-power-bi\/\" style=\"background-color:#22316d\" rel=\"https:\/\/www.leaplytics.de\/frontpage\/project-management-custom-visuals-microsoft-powerbi\/risk-heatmap-custom-visual-for-power-bi\/\">Oglejte si na\u0161o vizualno matriko tveganj po meri za Power BI tukaj!<\/a><\/div>\n<\/div>\n\n\n\n<figure class=\"wp-block-image size-full\"><img loading=\"lazy\" decoding=\"async\" width=\"1024\" height=\"576\" src=\"https:\/\/www.leaplytics.de\/wp-content\/uploads\/2023\/12\/Risk-Matrix.jpg\" alt=\"\" class=\"wp-image-12965\" srcset=\"https:\/\/www.leaplytics.de\/wp-content\/uploads\/2023\/12\/Risk-Matrix.jpg 1024w, https:\/\/www.leaplytics.de\/wp-content\/uploads\/2023\/12\/Risk-Matrix-300x169.jpg 300w, https:\/\/www.leaplytics.de\/wp-content\/uploads\/2023\/12\/Risk-Matrix-768x432.jpg 768w, https:\/\/www.leaplytics.de\/wp-content\/uploads\/2023\/12\/Risk-Matrix-107x60.jpg 107w\" sizes=\"auto, (max-width: 1024px) 100vw, 1024px\" \/><\/figure>\n\n\n\n<h2 class=\"wp-block-heading has-medium-font-size\"><strong>Zaklju\u010dek<\/strong><\/h2>\n\n\n\n<p>Matrika tveganj za Power BI omogo\u010da dragocen vpogled v pokrajine tveganj. Pomaga pri osredoto\u010danju na vire in izbolj\u0161anju varnosti. Orodje strokovnjakom omogo\u010da sprejemanje informiranih odlo\u010ditev in obvladovanje tveganj.<\/p>\n\n\n\n<p>Matrika tveganj je pomemben pripomo\u010dek za letalsko, kri\u017earsko in prometno industrijo. Identifikacija in upravljanje tveganj sta dostopnej\u0161a in u\u010dinkovitej\u0161a. Na ta na\u010din lahko podjetja v teh klju\u010dnih sektorjih ohranjajo varno in nemoteno delovanje.<\/p>","protected":false},"excerpt":{"rendered":"<p>Introduction In aviation, cruise, and transport,hazard identification and risk management are crucial. Our Risk Matrix in Power BI emerges as a valuable tool for this purpose. The tool excels at identifying hazards and simplifying data presentation for quick recognition. This capability allows for immediate action, enhancing safety in operations. Navigating Aviation Hazards In aviation, common &hellip; <\/p>","protected":false},"author":55,"featured_media":12962,"parent":0,"menu_order":0,"comment_status":"closed","ping_status":"closed","template":"","meta":{"footnotes":""},"class_list":["post-12961","page","type-page","status-publish","has-post-thumbnail","hentry","latest_post"],"_links":{"self":[{"href":"https:\/\/www.leaplytics.de\/sl\/wp-json\/wp\/v2\/pages\/12961","targetHints":{"allow":["GET"]}}],"collection":[{"href":"https:\/\/www.leaplytics.de\/sl\/wp-json\/wp\/v2\/pages"}],"about":[{"href":"https:\/\/www.leaplytics.de\/sl\/wp-json\/wp\/v2\/types\/page"}],"author":[{"embeddable":true,"href":"https:\/\/www.leaplytics.de\/sl\/wp-json\/wp\/v2\/users\/55"}],"replies":[{"embeddable":true,"href":"https:\/\/www.leaplytics.de\/sl\/wp-json\/wp\/v2\/comments?post=12961"}],"version-history":[{"count":0,"href":"https:\/\/www.leaplytics.de\/sl\/wp-json\/wp\/v2\/pages\/12961\/revisions"}],"wp:featuredmedia":[{"embeddable":true,"href":"https:\/\/www.leaplytics.de\/sl\/wp-json\/wp\/v2\/media\/12962"}],"wp:attachment":[{"href":"https:\/\/www.leaplytics.de\/sl\/wp-json\/wp\/v2\/media?parent=12961"}],"curies":[{"name":"wp","href":"https:\/\/api.w.org\/{rel}","templated":true}]}}