{"id":13065,"date":"2024-01-02T13:16:49","date_gmt":"2024-01-02T12:16:49","guid":{"rendered":"https:\/\/www.leaplytics.de\/?page_id=13065"},"modified":"2024-01-02T13:16:50","modified_gmt":"2024-01-02T12:16:50","slug":"upravljanje-tveganj-kibernetske-varnosti-na-podrocju-energetike","status":"publish","type":"page","link":"https:\/\/www.leaplytics.de\/sl\/upravljanje-tveganj-kibernetske-varnosti-na-podrocju-energetike\/","title":{"rendered":"Power BI: Upravljanje tveganj kibernetske varnosti"},"content":{"rendered":"<h3 class=\"wp-block-heading has-medium-font-size\">Uvod<\/h3>\n\n\n\n<p>V dana\u0161njem hitrem digitalnem svetu je obvladovanje tveganj kibernetske varnosti klju\u010dnega pomena. V tem \u010dlanku so predstavljena klju\u010dna spoznanja o upravljanju tveganj kibernetske varnosti. Poudarjamo, da morajo organizacije sprejeti strategije za upravljanje tveganj v orodju Power BI.<\/p>\n\n\n\n<h3 class=\"wp-block-heading has-medium-font-size\">Razumevanje in optimizacija strategij kibernetske varnosti<\/h3>\n\n\n\n<p>Organizacije po vsem svetu vlagajo v pobude za kibernetsko varnost, da bi zmanj\u0161ale tveganja in stro\u0161ke s prepre\u010devanjem kr\u0161itev varnosti podatkov in nena\u010drtovanih izpadov. Temeljni vidik je razumevanje vrst tveganj, s katerimi se soo\u010dajo. To podjetjem omogo\u010da, da prilagodijo u\u010dinkovite strategije za obvladovanje tveganj.<\/p>\n\n\n\n<p><strong>Korak 1 - Granularna razvrstitev tveganj: <\/strong><br>U\u010dinkovito upravljanje tveganj vklju\u010duje natan\u010dno razvr\u0161\u010danje tveganj. Ta podroben pristop organizacijam omogo\u010da prepoznavanje in razvr\u0161\u010danje potencialnih gro\u017eenj.<\/p>\n\n\n\n<p><strong>Korak 2 - Proaktivno odkrivanje tveganj: <\/strong><br>Klju\u010dnega pomena je proaktivni pristop k odkrivanju tveganj. Organizacije morajo prepoznati morebitne gro\u017enje, \u0161e preden se stopnjujejo, in tako izbolj\u0161ati varnostno pripravljenost.<\/p>\n\n\n\n<p><strong>Korak 3 - U\u010dinkovito zmanj\u0161evanje tveganj: <\/strong><br>U\u010dinkovito zmanj\u0161evanje tveganj ocenjuje tveganja na podlagi verjetnosti in vpliva. Ustrezno razporejanje virov zmanj\u0161uje verjetnost pojavov in optimizira obvladovanje tveganj.<\/p>\n\n\n\n<h3 class=\"wp-block-heading has-medium-font-size\">Klju\u010dni kazalniki uspe\u0161nosti (KPI) na podro\u010dju kibernetske varnosti<\/h3>\n\n\n\n<p>Vklju\u010devanje klju\u010dnih kazalnikov uspe\u0161nosti v upravljanje tveganj kibernetske varnosti zagotavlja uporabne vpoglede:<\/p>\n\n\n\n<ul class=\"wp-block-list\">\n<li> Hitro odzivanje na incidente: Takoj\u0161nje ukrepanje ob pojavu te\u017eave je klju\u010dnega pomena za ohranjanje nadzora nad dogajanjem. (KPI: <strong>Odzivni \u010das<\/strong>)<\/li>\n<\/ul>\n\n\n\n<ul class=\"wp-block-list\">\n<li> Opazovanje ranljivosti: Hitro prepoznavanje in odpravljanje \u0161ibkih to\u010dk zagotavlja ve\u010djo digitalno varnost. (KPI: <strong>Ugotovljena tveganja<\/strong>\/izvedeno)<\/li>\n<\/ul>\n\n\n\n<ul class=\"wp-block-list\">\n<li>Preverjanje re\u0161itev za tveganja: Spremljanje u\u010dinkovitosti na\u010drtov za zmanj\u0161anje tveganj zagotavlja nenehno izbolj\u0161evanje. (KPI: <strong>Nastala tveganja<\/strong>, vpliv [finan\u010dnega] tveganja)<\/li>\n<\/ul>\n\n\n\n<h3 class=\"wp-block-heading has-medium-font-size\">Matrika tveganj za Power BI<\/h3>\n\n\n\n<figure class=\"wp-block-image size-full\"><img loading=\"lazy\" decoding=\"async\" width=\"1024\" height=\"576\" src=\"https:\/\/www.leaplytics.de\/wp-content\/uploads\/2024\/01\/Risk-Matrix.jpg\" alt=\"\" class=\"wp-image-13066\" srcset=\"https:\/\/www.leaplytics.de\/wp-content\/uploads\/2024\/01\/Risk-Matrix.jpg 1024w, https:\/\/www.leaplytics.de\/wp-content\/uploads\/2024\/01\/Risk-Matrix-300x169.jpg 300w, https:\/\/www.leaplytics.de\/wp-content\/uploads\/2024\/01\/Risk-Matrix-768x432.jpg 768w, https:\/\/www.leaplytics.de\/wp-content\/uploads\/2024\/01\/Risk-Matrix-107x60.jpg 107w\" sizes=\"auto, (max-width: 1024px) 100vw, 1024px\" \/><\/figure>\n\n\n\n<p>Kako matrika tveganj v orodju Power BI ocenjuje tveganja:<\/p>\n\n\n\n<p>Razumevanje verjetnosti in mo\u017enega vpliva tveganja pomaga oblikovati preglednico tveganj.  Z zdru\u017eitvijo teh dimenzij lahko organizacije dolo\u010dijo prednostno razvrstitev resnih tveganj.<\/p>\n\n\n\n<p>V obliki na\u0161e matrike tveganj za Power BI zagotavljamo naslednje re\u0161itve:<\/p>\n\n\n\n<ul class=\"wp-block-list\">\n<li> Nadzorne plo\u0161\u010de v realnem \u010dasu: Ustvarimo lahko nadzorne plo\u0161\u010de, ki prikazujejo varnostne informacije v realnem \u010dasu. Tako lahko v vsakem trenutku izvemo, kako varne so stvari.<\/li>\n<\/ul>\n\n\n\n<ul class=\"wp-block-list\">\n<li>Vizualizacija podatkov o tveganjih: V matriki in integriranih grafih so prikazane mere tveganja. Tako lahko vsakdo zlahka razume, kako resna so tveganja.<\/li>\n<\/ul>\n\n\n\n<ul class=\"wp-block-list\">\n<li> Spremljanje in prepoznavanje trendov: S pomo\u010djo matrike tveganj lahko preverimo, ali upo\u0161tevamo varnostna pravila. Pomaga nam poiskati podro\u010dja, ki potrebujejo ve\u010d varnostnih ukrepov, in razumeti trende za bolj\u0161o varnost.<\/li>\n<\/ul>\n\n\n\n<div class=\"wp-block-buttons is-layout-flex wp-block-buttons-is-layout-flex\">\n<div class=\"wp-block-button has-custom-font-size\" style=\"font-size:18px\"><a class=\"wp-block-button__link has-background wp-element-button\" href=\"https:\/\/www.leaplytics.de\/sl\/naslovna-stran\/upravljanje-projektov-po-meri-microsoft-powerbi\/toplotna-karta-tveganja-po-meri-za-power-bi\/\" style=\"background-color:#22316d\" rel=\"https:\/\/www.leaplytics.de\/frontpage\/project-management-custom-visuals-microsoft-powerbi\/risk-heatmap-custom-visual-for-power-bi\/\">Oglejte si na\u0161o vizualno matriko tveganj po meri za Power BI tukaj!<\/a><\/div>\n<\/div>\n\n\n\n<p><\/p>\n\n\n\n<h3 class=\"wp-block-heading has-medium-font-size\">Zaklju\u010dek<\/h3>\n\n\n\n<p>Zaradi razvijajo\u010dih se digitalnih gro\u017eenj organizacije potrebujejo optimalne strategije za obvladovanje tveganj. Razumevanje razse\u017enosti tveganj je neizbe\u017eno. S sprejetjem proaktivnega pristopa za zmanj\u0161evanje gro\u017eenj se okrepi kibernetska varnost podjetij. Poudarek je na poenostavitvi procesov za pametni in u\u010dinkoviti pristop h kibernetski varnosti.<\/p>","protected":false},"excerpt":{"rendered":"<p>Uvod V dana\u0161njem hitrem digitalnem svetu je obvladovanje tveganj kibernetske varnosti klju\u010dnega pomena. V tem \u010dlanku so predstavljena klju\u010dna spoznanja o upravljanju tveganj kibernetske varnosti. Poudarjamo, da morajo organizacije sprejeti strategije za upravljanje tveganj v orodju Power BI. Razumevanje in optimizacija strategij kibernetske varnosti Organizacije po vsem svetu vlagajo v pobude za kibernetsko varnost, da bi zmanj\u0161ale tveganja in stro\u0161ke s prepre\u010devanjem izgube podatkov ... <\/p>","protected":false},"author":55,"featured_media":13070,"parent":0,"menu_order":0,"comment_status":"closed","ping_status":"closed","template":"","meta":{"footnotes":""},"class_list":["post-13065","page","type-page","status-publish","has-post-thumbnail","hentry","latest_post"],"_links":{"self":[{"href":"https:\/\/www.leaplytics.de\/sl\/wp-json\/wp\/v2\/pages\/13065","targetHints":{"allow":["GET"]}}],"collection":[{"href":"https:\/\/www.leaplytics.de\/sl\/wp-json\/wp\/v2\/pages"}],"about":[{"href":"https:\/\/www.leaplytics.de\/sl\/wp-json\/wp\/v2\/types\/page"}],"author":[{"embeddable":true,"href":"https:\/\/www.leaplytics.de\/sl\/wp-json\/wp\/v2\/users\/55"}],"replies":[{"embeddable":true,"href":"https:\/\/www.leaplytics.de\/sl\/wp-json\/wp\/v2\/comments?post=13065"}],"version-history":[{"count":0,"href":"https:\/\/www.leaplytics.de\/sl\/wp-json\/wp\/v2\/pages\/13065\/revisions"}],"wp:featuredmedia":[{"embeddable":true,"href":"https:\/\/www.leaplytics.de\/sl\/wp-json\/wp\/v2\/media\/13070"}],"wp:attachment":[{"href":"https:\/\/www.leaplytics.de\/sl\/wp-json\/wp\/v2\/media?parent=13065"}],"curies":[{"name":"wp","href":"https:\/\/api.w.org\/{rel}","templated":true}]}}