{"id":13092,"date":"2024-01-22T11:56:36","date_gmt":"2024-01-22T10:56:36","guid":{"rendered":"https:\/\/www.leaplytics.de\/?page_id=13092"},"modified":"2024-01-22T11:59:33","modified_gmt":"2024-01-22T10:59:33","slug":"upravljanje-financnih-tveganj-v-druzbi-power-bi","status":"publish","type":"page","link":"https:\/\/www.leaplytics.de\/sl\/upravljanje-financnih-tveganj-v-druzbi-power-bi\/","title":{"rendered":"Power BI: Upravljanje finan\u010dnih tveganj v sektorju finan\u010dnih storitev"},"content":{"rendered":"<h2 class=\"wp-block-heading has-medium-font-size\">Uvod<\/h2>\n\n\n\n<p>Upravljanje tveganj je zaradi stalne negotovosti v financah klju\u010dnega pomena. Strokovnjaki morajo opredeliti in obravnavati kriti\u010dne dejavnike za stabilnost, skladnost in rast. Ta \u010dlanek obravnava upravljanje tveganj v financah in poudarja vizualizacijo podatkov z uporabo matrike tveganj Power BI za bolj\u0161e odlo\u010danje.<\/p>\n\n\n\n<h2 class=\"wp-block-heading has-medium-font-size\">Klju\u010dni dejavniki pri upravljanju tveganj v finan\u010dnih storitvah<\/h2>\n\n\n\n<p style=\"font-size:18px\">1.&nbsp;&nbsp;&nbsp;&nbsp;&nbsp; <strong>Skladnost s predpisi<\/strong>:<\/p>\n\n\n\n<p>Upo\u0161tevanje regulativnih zahtev je temelj upravljanja tveganj v finan\u010dnih storitvah. Predpisi, kot so Basel III, Dodd-Frank in MiFID II, dolo\u010dajo stroge smernice za zagotavljanje stabilnosti in za\u0161\u010dito dele\u017enikov. Finan\u010dne institucije morajo biti na teko\u010dem z razvijajo\u010dimi se predpisi in izvajati zanesljive ukrepe za zagotavljanje skladnosti.<\/p>\n\n\n\n<ul class=\"wp-block-list\">\n<li><strong>KPI:<\/strong> Ocena skladnosti<\/li>\n<\/ul>\n\n\n\n<ul class=\"wp-block-list\">\n<li><strong>Pojasnilo:<\/strong> Ta klju\u010dni kazalnik uspe\u0161nosti meri, kako institucija izpolnjuje regulativne zahteve. Vi\u0161ji rezultat pomeni bolj\u0161o skladnost.<\/li>\n<\/ul>\n\n\n\n<p style=\"font-size:18px\">2.&nbsp;&nbsp;&nbsp;&nbsp;&nbsp; <strong>Kreditno tveganje<\/strong>:<\/p>\n\n\n\n<p>Kreditno tveganje je nelo\u010dljivo povezano s finan\u010dnim sektorjem in njegovo obvladovanje je bistvenega pomena. Analiziranje kreditne sposobnosti posojilojemalcev, spremljanje kreditne izpostavljenosti in izvajanje skrbnih posojilnih praks so bistvenega pomena za zmanj\u0161evanje kreditnega tveganja.<\/p>\n\n\n\n<ul class=\"wp-block-list\">\n<li><strong>KPI:<\/strong> Privzeta verjetnost Ocena\/indeks<\/li>\n<\/ul>\n\n\n\n<ul class=\"wp-block-list\">\n<li><strong>Pojasnilo:<\/strong> Ocena\/indeks verjetnosti nepla\u010dila odra\u017ea verjetnost, da posojilojemalci ne bodo poravnali svojih obveznosti. Za\u017eelena je ni\u017eja ocena\/index, kar ka\u017ee na manj\u0161e kreditno tveganje.<\/li>\n<\/ul>\n\n\n\n<p style=\"font-size:18px\">3.&nbsp;&nbsp;&nbsp;&nbsp;&nbsp; <strong>Tr\u017eno tveganje<\/strong>:<\/p>\n\n\n\n<p>Nihanja obrestnih mer, deviznih te\u010dajev in cen blaga predstavljajo izziv za finan\u010dne institucije. Izvajanje modelov tveganja, ki ocenjujejo izpostavljenost tr\u017enemu tveganju, je bistvenega pomena. Scenariji stresnega testiranja lahko pomagajo prepoznati morebitne ranljivosti.<\/p>\n\n\n\n<ul class=\"wp-block-list\">\n<li><strong>KPI:<\/strong> Indeks tr\u017ene volatilnosti<\/li>\n<\/ul>\n\n\n\n<ul class=\"wp-block-list\">\n<li><strong>Pojasnilo:<\/strong> Indeks tr\u017ene volatilnosti opredeljuje stopnjo nepredvidljivosti na finan\u010dnih trgih. Vi\u0161ji indeks ka\u017ee na ve\u010dje tr\u017eno tveganje.<\/li>\n<\/ul>\n\n\n\n<p style=\"font-size:18px\">4.&nbsp;&nbsp;&nbsp;&nbsp;&nbsp; <strong>Operativno tveganje<\/strong>:<\/p>\n\n\n\n<p>Motnje v delovanju, gro\u017enje kibernetski varnosti <a href=\"https:\/\/www.leaplytics.de\/sl\/upravljanje-tveganj-kibernetske-varnosti-na-podrocju-energetike\/\"><mark style=\"background-color:rgba(0, 0, 0, 0)\" class=\"has-inline-color has-vivid-cyan-blue-color\">(kliknite tukaj in si oglejte na\u0161 \u010dlanek o upravljanju tveganj kibernetske varnosti)<\/mark><\/a>in napake v notranjih procesih lahko vplivajo na finan\u010dne storitve. Klju\u010dnega pomena so razvoj celovitih okvirov tveganj, izvajanje rednih revizij in spremljanje ukrepov kibernetske varnosti. Ti ukrepi pomagajo pri obvladovanju operativnega tveganja.<\/p>\n\n\n\n<ul class=\"wp-block-list\">\n<li><strong>KPI:<\/strong> Ocena operativne odpornosti<\/li>\n<\/ul>\n\n\n\n<ul class=\"wp-block-list\">\n<li><strong>Pojasnilo:<\/strong> Ocena operativne odpornosti ocenjuje sposobnost institucije, da se upre motnjam v poslovanju in si po njih opomore. Vi\u0161ji rezultat pomeni ve\u010djo operativno odpornost.<\/li>\n<\/ul>\n\n\n\n<p style=\"font-size:18px\">5.&nbsp;&nbsp;&nbsp;&nbsp;&nbsp; <strong>Likvidnostno tveganje<\/strong>:<\/p>\n\n\n\n<p>Zagotavljanje zadostne likvidnosti za izpolnjevanje kratkoro\u010dnih obveznosti je temeljnega pomena. Institucije morajo imeti na\u010drte za nepredvidljive dogodke, izvajati stresne teste likvidnostnih pozicij ter vzdr\u017eevati ravnovesje med kratkoro\u010dnimi in dolgoro\u010dnimi sredstvi.<\/p>\n\n\n\n<ul class=\"wp-block-list\">\n<li><strong>KPI:<\/strong> Koli\u010dnik likvidnostnega kritja<\/li>\n<\/ul>\n\n\n\n<ul class=\"wp-block-list\">\n<li><strong>Pojasnilo:<\/strong> Koli\u010dnik likvidnostnega kritja meri zmo\u017enost institucije, da z likvidnimi sredstvi pokrije kratkoro\u010dne obveznosti. Vi\u0161ji koli\u010dnik ka\u017ee na bolj\u0161i likvidnostni polo\u017eaj.<\/li>\n<\/ul>\n\n\n\n<h2 class=\"wp-block-heading has-medium-font-size\">Vizualizacija podatkov z matriko tveganj za Power BI<\/h2>\n\n\n\n<p>Matrika tveganj za Power BI je zmogljivo vizualno orodje, s katerim upravljavci tveganj ocenjujejo, razvr\u0161\u010dajo po pomembnosti in sporo\u010dajo tveganja. Matrika omogo\u010da kategorizacijo tveganj glede na njihovo verjetnost in vpliv. S svojimi obse\u017enimi funkcijami matrika tveganj omogo\u010da celovit in ve\u010ddimenzionalen pogled na podro\u010dje tveganj.<\/p>\n\n\n\n<figure class=\"wp-block-image size-full\"><img loading=\"lazy\" decoding=\"async\" width=\"1024\" height=\"576\" src=\"https:\/\/www.leaplytics.de\/wp-content\/uploads\/2024\/01\/Risk-Matrix.jpg\" alt=\"\" class=\"wp-image-13066\" srcset=\"https:\/\/www.leaplytics.de\/wp-content\/uploads\/2024\/01\/Risk-Matrix.jpg 1024w, https:\/\/www.leaplytics.de\/wp-content\/uploads\/2024\/01\/Risk-Matrix-300x169.jpg 300w, https:\/\/www.leaplytics.de\/wp-content\/uploads\/2024\/01\/Risk-Matrix-768x432.jpg 768w, https:\/\/www.leaplytics.de\/wp-content\/uploads\/2024\/01\/Risk-Matrix-107x60.jpg 107w\" sizes=\"auto, (max-width: 1024px) 100vw, 1024px\" \/><\/figure>\n\n\n\n<div class=\"wp-block-buttons is-content-justification-center is-layout-flex wp-container-core-buttons-is-layout-1 wp-block-buttons-is-layout-flex\">\n<div class=\"wp-block-button has-custom-font-size\" style=\"font-size:18px\"><a class=\"wp-block-button__link has-background wp-element-button\" href=\"https:\/\/www.leaplytics.de\/sl\/naslovna-stran\/upravljanje-projektov-po-meri-microsoft-powerbi\/toplotna-karta-tveganja-po-meri-za-power-bi\/\" style=\"background-color:#22316d\">Oglejte si na\u0161o vizualno matriko tveganj po meri za Power BI tukaj!<\/a><\/div>\n<\/div>\n\n\n\n<p><\/p>\n\n\n\n<h2 class=\"wp-block-heading has-medium-font-size\">Izzivi in prilo\u017enosti<\/h2>\n\n\n\n<p><strong>Izzivi<\/strong>:<\/p>\n\n\n\n<ul class=\"wp-block-list\">\n<li><strong>Kakovost in integracija podatkov<\/strong>: Zagotavljanje to\u010dnosti in zanesljivosti podatkov iz razli\u010dnih virov je lahko izziv. Vklju\u010devanje podatkov v program Power BI zahteva skrbno pozornost pri ohranjanju celovitosti podatkov.<\/li>\n\n\n\n<li><strong>Komunikacija z zainteresiranimi stranmi<\/strong>: Sporo\u010danje informacij o tveganjih zainteresiranim stranem je klju\u010dnega pomena. Izziv je predstaviti zapletene podatke v razumljivi obliki.<\/li>\n<\/ul>\n\n\n\n<p><strong>Prilo\u017enosti<\/strong>:<\/p>\n\n\n\n<ul class=\"wp-block-list\">\n<li><strong>Prediktivna analitika<\/strong>: Z uporabo napovedne analitike v orodju Power BI prepoznate morebitna tveganja, \u0161e preden se zgodijo. To pomaga pri upravljanju tveganj vnaprej.<\/li>\n\n\n\n<li><strong>Spremljanje v realnem \u010dasu<\/strong>: Power BI omogo\u010da spremljanje klju\u010dnih kazalnikov tveganja v realnem \u010dasu. To omogo\u010da pro\u017eno odzivanje na nastajajo\u010da tveganja.<\/li>\n<\/ul>\n\n\n\n<p><strong>Re\u0161evanje izzivov z upravljanjem tveganj<\/strong><\/p>\n\n\n\n<ul class=\"wp-block-list\">\n<li><strong>Vzpostavitev upravljanja podatkov<\/strong>: Izvajanje zanesljivih praks upravljanja podatkov zagotavlja kakovost in celovitost podatkov. To pove\u010duje zanesljivost ocen tveganja.<\/li>\n\n\n\n<li><strong>Usposabljanje zainteresiranih strani<\/strong>: Zagotovite usposabljanje za interpretacijo podatkov o tveganjih in uporabo orodij Power BI za informirano odlo\u010danje.<\/li>\n<\/ul>\n\n\n\n<h2 class=\"wp-block-heading has-medium-font-size\">Zaklju\u010dek<\/h2>\n\n\n\n<p>V dinami\u010dni panogi finan\u010dnih storitev je u\u010dinkovito upravljanje tveganj klju\u010dnega pomena. Uporaba orodij, kot je matrika tveganja za Power BI, izbolj\u0161a sprejemanje odlo\u010ditev. Pomaga pri premagovanju izzivov in izkori\u0161\u010danju prilo\u017enosti. Klju\u010dni koraki so obravnava kakovosti podatkov, izbolj\u0161anje komunikacije z dele\u017eniki in uporaba napredne analitike. S sprejetjem teh strategij lahko finan\u010dne institucije pove\u010dajo odpornost in zagotovijo trajnostno rast.<\/p>","protected":false},"excerpt":{"rendered":"<p>Uvod Upravljanje tveganj je zaradi stalne negotovosti v financah klju\u010dnega pomena. Strokovnjaki morajo opredeliti in obravnavati kriti\u010dne dejavnike za stabilnost, skladnost in rast. Ta \u010dlanek obravnava upravljanje tveganj v financah s poudarkom na vizualizaciji podatkov z uporabo matrike tveganj Power BI za bolj\u0161e odlo\u010danje. Klju\u010dni dejavniki pri upravljanju tveganj v finan\u010dnih storitvah 1.      Skladnost z zakonodajo: Upo\u0161tevanje regulativnih predpisov: 1. <\/p>","protected":false},"author":55,"featured_media":13094,"parent":0,"menu_order":0,"comment_status":"closed","ping_status":"closed","template":"","meta":{"footnotes":""},"class_list":["post-13092","page","type-page","status-publish","has-post-thumbnail","hentry","latest_post"],"_links":{"self":[{"href":"https:\/\/www.leaplytics.de\/sl\/wp-json\/wp\/v2\/pages\/13092","targetHints":{"allow":["GET"]}}],"collection":[{"href":"https:\/\/www.leaplytics.de\/sl\/wp-json\/wp\/v2\/pages"}],"about":[{"href":"https:\/\/www.leaplytics.de\/sl\/wp-json\/wp\/v2\/types\/page"}],"author":[{"embeddable":true,"href":"https:\/\/www.leaplytics.de\/sl\/wp-json\/wp\/v2\/users\/55"}],"replies":[{"embeddable":true,"href":"https:\/\/www.leaplytics.de\/sl\/wp-json\/wp\/v2\/comments?post=13092"}],"version-history":[{"count":6,"href":"https:\/\/www.leaplytics.de\/sl\/wp-json\/wp\/v2\/pages\/13092\/revisions"}],"predecessor-version":[{"id":13102,"href":"https:\/\/www.leaplytics.de\/sl\/wp-json\/wp\/v2\/pages\/13092\/revisions\/13102"}],"wp:featuredmedia":[{"embeddable":true,"href":"https:\/\/www.leaplytics.de\/sl\/wp-json\/wp\/v2\/media\/13094"}],"wp:attachment":[{"href":"https:\/\/www.leaplytics.de\/sl\/wp-json\/wp\/v2\/media?parent=13092"}],"curies":[{"name":"wp","href":"https:\/\/api.w.org\/{rel}","templated":true}]}}