{"id":13103,"date":"2024-01-22T16:06:43","date_gmt":"2024-01-22T15:06:43","guid":{"rendered":"https:\/\/www.leaplytics.de\/?page_id=13103"},"modified":"2024-01-22T16:06:43","modified_gmt":"2024-01-22T15:06:43","slug":"seznam-sprememb-matrika-tveganja-power-bi","status":"publish","type":"page","link":"https:\/\/www.leaplytics.de\/sl\/seznam-sprememb-matrika-tveganja-power-bi\/","title":{"rendered":"Seznam sprememb - Power BI matrika tveganj"},"content":{"rendered":"<p>09\/23 - Barve plo\u0161\u010dic po meri: Spletni vmesnik je zdaj na voljo na spletnem naslovu <a href=\"https:\/\/www.leaplytics.de\/sl\/custom-colors\/\" target=\"_blank\" rel=\"noreferrer noopener\">https:\/\/www.leaplytics.de\/custom-colors\/<\/a>.<\/p>\n\n\n\n<p>07\/23 - Pogojno oblikovanje: Prilagodite barvo tveganj na podlagi dolo\u010denih pogojev (npr. oddelek, prednostna naloga ali status).<\/p>\n\n\n\n<p>06\/23 - Etikete Axis: Dodana je bila podpora za posebne znake.<\/p>\n\n\n\n<p>05\/23 - Najve\u010dje \u0161tevilo tveganj na plo\u0161\u010dico: Pove\u010dalo se je na 100.<\/p>\n\n\n\n<p>05\/23 - Na voljo je ve\u010d vrst tveganj.<\/p>\n\n\n\n<p>03\/23 - Od vrtanja do optimizacije tveganja: Z desnim klikom na tveganje se lahko pomaknete na dolo\u010deno stran.<\/p>","protected":false},"excerpt":{"rendered":"<p>09\/23 &#8211; Custom Tile Colors: The web interface is now available online at https:\/\/www.leaplytics.de\/custom-colors\/. 07\/23 &#8211; Conditional formatting: Customize the color of risks based on certain conditions (e.g. department, priority or status) 06\/23 &#8211; Axis Labels: Support for special characters has been added. 05\/23 &#8211; Maximum Number of Risks per Tile: Increased to 100. 05\/23 &hellip; <\/p>","protected":false},"author":2,"featured_media":0,"parent":0,"menu_order":0,"comment_status":"closed","ping_status":"closed","template":"","meta":{"footnotes":""},"class_list":["post-13103","page","type-page","status-publish","hentry","latest_post"],"_links":{"self":[{"href":"https:\/\/www.leaplytics.de\/sl\/wp-json\/wp\/v2\/pages\/13103","targetHints":{"allow":["GET"]}}],"collection":[{"href":"https:\/\/www.leaplytics.de\/sl\/wp-json\/wp\/v2\/pages"}],"about":[{"href":"https:\/\/www.leaplytics.de\/sl\/wp-json\/wp\/v2\/types\/page"}],"author":[{"embeddable":true,"href":"https:\/\/www.leaplytics.de\/sl\/wp-json\/wp\/v2\/users\/2"}],"replies":[{"embeddable":true,"href":"https:\/\/www.leaplytics.de\/sl\/wp-json\/wp\/v2\/comments?post=13103"}],"version-history":[{"count":2,"href":"https:\/\/www.leaplytics.de\/sl\/wp-json\/wp\/v2\/pages\/13103\/revisions"}],"predecessor-version":[{"id":13441,"href":"https:\/\/www.leaplytics.de\/sl\/wp-json\/wp\/v2\/pages\/13103\/revisions\/13441"}],"wp:attachment":[{"href":"https:\/\/www.leaplytics.de\/sl\/wp-json\/wp\/v2\/media?parent=13103"}],"curies":[{"name":"wp","href":"https:\/\/api.w.org\/{rel}","templated":true}]}}