{"id":13130,"date":"2024-02-19T14:11:39","date_gmt":"2024-02-19T13:11:39","guid":{"rendered":"https:\/\/www.leaplytics.de\/?page_id=13130"},"modified":"2024-02-20T10:03:59","modified_gmt":"2024-02-20T09:03:59","slug":"omogocite-power-bi-da-izboljsa-vase-projektno-vodenje","status":"publish","type":"page","link":"https:\/\/www.leaplytics.de\/sl\/omogocite-power-bi-da-izboljsa-vase-projektno-vodenje\/","title":{"rendered":"Naj Power BI poskrbi za skokovit napredek pri upravljanju projektov"},"content":{"rendered":"<p>V dinami\u010dnem okolju vodenja projektov, kjer sta natan\u010dnost in predvidevanje najpomembnej\u0161a, je uporaba tehnologije klju\u010dnega pomena. Microsoft Power BI je spremenil pravila igre. Power BI ponuja vodjem projektov dinami\u010dno platformo za izbolj\u0161anje njihovih postopkov odlo\u010danja.<\/p>\n\n\n\n<p>V tem iz\u010drpnem vodniku bomo raziskali, kako lahko Power BI izbolj\u0161a vsako fazo.<sup>1 <\/sup>vodenja projektov. Govorimo o temeljnih vidikih zmogljive nadzorne plo\u0161\u010de za vodenje projektov.<\/p>\n\n\n\n<h3 class=\"wp-block-heading\" style=\"font-size:30px\">Faza na\u010drtovanja projekta<\/h3>\n\n\n\n<p class=\"has-medium-font-size\">1. <strong>Opredelite pravi problem:<\/strong><\/p>\n\n\n\n<p>Preden se lotite projekta, morate natan\u010dno opredeliti te\u017eavo, ki jo \u017eelite re\u0161iti. Pri tem vam pomaga program Power BI, saj vam pomaga analizirati pretekle podatke, prepoznati vzorce in odkriti osnovne te\u017eave. Vizualizirajte dejavnike uspeha in neuspeha preteklih projektov, da boste lahko sprejemali utemeljene odlo\u010ditve.<\/p>\n\n\n\n<p class=\"has-medium-font-size\">2. <strong>Opredelitev zainteresiranih strani:<\/strong><\/p>\n\n\n\n<p>Zmogljivosti orodja Power BI se raz\u0161irijo na upravljanje dele\u017enikov. Ustvarite vizualne prikaze, ki poudarjajo razli\u010dne funkcije ali posameznike, na katere projekt vpliva. Uporabite interaktivne organizacijske diagrame, da predstavite njihove prispevke in pri\u010dakovanja. Tako zagotovimo usklajenost \u017ee od samega za\u010detka.<\/p>\n\n\n\n<p class=\"has-medium-font-size\">3. <strong>Opredelitev ciljev projekta:<\/strong><\/p>\n\n\n\n<p>Oblikovanje jasnih in obvladljivih ciljev je izziv. Pri\u010dakovanja in cilji zainteresiranih strani se lahko med projektom tudi spremenijo. Prilagodljivost orodja Power BI vam omogo\u010da prilagajanje ciljev, ko zberete ve\u010d informacij. Ustvarite na primer vizualne prikaze, ki cilje posodabljajo na podlagi podatkov v realnem \u010dasu.<\/p>\n\n\n\n<p class=\"has-medium-font-size\">4. <strong>Dolo\u010dite obseg, vire in glavne naloge:<\/strong><\/p>\n\n\n\n<p>Vizualizirajte obseg in naloge projekta, ocenite \u010dasovni razpored in stro\u0161ke. To vam pomaga zagotoviti jasno razumevanje potreb po virih. Z orodjem Power BI raz\u010dlenite zapletene dejavnosti s strukturo razdelitve dela (Work Breakdown Structure - WBS).<\/p>\n\n\n\n<p class=\"has-medium-font-size\">5. <strong>Pripravite se na kompromise:<\/strong><\/p>\n\n\n\n<p>Power BI pomaga pri vzpostavljanju ravnovesja med \u010dasom, stro\u0161ki in kakovostjo. Zdru\u017eite svoje podatke in ustvarite vizualne prikaze, ki prikazujejo, kako spremembe teh spremenljivk vplivajo na rezultate projekta. Ta preglednost olaj\u0161a sprejemanje odlo\u010ditev na podlagi informacij in usklajevanje interesnih skupin.<\/p>\n\n\n\n<h3 class=\"wp-block-heading\" style=\"font-size:30px\">Faza vzpostavitve projekta<\/h3>\n\n\n\n<p class=\"has-medium-font-size\">6. <strong>Sestavite svojo ekipo:<\/strong><\/p>\n\n\n\n<p>Z orodjem Power BI ocenite potrebna znanja in spretnosti ter vizualizirajte sestavo ekipe. S pomo\u010djo vizualnih prikazov lahko ugotovite vrzeli v znanju in spretnostih, na\u010drtujete usposabljanje in pripravite svojo ekipo na uspeh.<\/p>\n\n\n\n<p class=\"has-medium-font-size\">7. <strong>Naloge za na\u010drtovanje:<\/strong><\/p>\n\n\n\n<p>Ustvarite vizualne podobe, ki olaj\u0161ajo pregledno komunikacijo v ekipi. Vizualizirajte naloge, potrebna znanja in spretnosti ter nabor posameznih znanj in spretnosti ter tako zagotovite povezano dinamiko ekipe.<\/p>\n\n\n\n<p class=\"has-medium-font-size\">8. <strong>Ustvarite urnik:<\/strong><\/p>\n\n\n\n<p>Zmogljivosti orodja Power BI se raz\u0161irijo na na\u010drtovanje projektov s pomo\u010djo Ganttovih diagramov. Razvijte vizualne prikaze, ki ponazarjajo \u010dasovni razpored, dolo\u010dajo kriti\u010dne poti in se usklajujejo z dolo\u010denimi roki. Ohranite realisti\u010den \u010dasovni razpored v okviru omejitev.<\/p>\n\n\n\n<p class=\"has-medium-font-size\">9. <strong>Organizirajte uvodni sestanek:<\/strong><\/p>\n\n\n\n<p>Ve\u010dino prikazov Power BI je mogo\u010de izvoziti v program MS PowerPoint. Na uvodnem sestanku uporabite vizualizacijo Power BI za razlago na\u010drta, ciljev in \u010dasovnega okvira projekta. \u010clane ekipe spodbudite k prispevkom, s \u010dimer boste spodbudili sodelovanje in skupno razumevanje.<\/p>\n\n\n\n<p class=\"has-medium-font-size\">10. <strong>Pripravite prora\u010dun:<\/strong><\/p>\n\n\n\n<p>Z orodjem Power BI ustvarite celovit prora\u010dun. Vizualizirajte stro\u0161ke po kategorijah, pridobite podatke zainteresiranih strani in ohranite pro\u017enost v okviru prora\u010dunskih omejitev.<\/p>\n\n\n\n<h3 class=\"wp-block-heading\" style=\"font-size:30px\">Faza izvajanja projekta<\/h3>\n\n\n\n<p class=\"has-medium-font-size\">11. <strong>Spremljanje in nadzor procesa in prora\u010duna:<\/strong><\/p>\n\n\n\n<p>V Power BI namestite vizualne elemente za spremljanje projektov, kot je na\u0161a matrika tveganj Power BI. Vizualizacija tveganj poleg napredka projekta omogo\u010da celosten pogled na morebitne izzive. Tukaj je opisano, kako:<\/p>\n\n\n\n<p><strong>Ocena u\u010dinka in verjetnosti tveganja:<\/strong> Matrika tveganj za Power BI pomaga pri ocenjevanju vpliva in verjetnosti vsakega tveganja. Uporabite barvno ozna\u010dene celice za predstavitev resnosti tveganj. To omogo\u010da hitro prepoznavanje podro\u010dij z velikim vplivom.<\/p>\n\n\n\n<p><strong>Spremljanje prora\u010duna v realnem \u010dasu:<\/strong> Zdru\u017eite vizualizacije za spremljanje prora\u010duna z matriko tveganj. Vsakemu ugotovljenemu tveganju pripi\u0161ite prora\u010dunske posledice in tako zagotovite celovit pregled morebitnih finan\u010dnih u\u010dinkov. Ko se tveganja razvijajo, se prora\u010dunski prikazi posodabljajo v realnem \u010dasu, kar zagotavlja natan\u010dno finan\u010dno spremljanje.<\/p>\n\n\n\n<p><strong>Prevrtavanje za podrobno analizo:<\/strong> Napredovanje matrike tveganj s pomo\u010djo funkcij za prebijanje. Poglobljeno raziskovanje dolo\u010denega tveganja lahko vklju\u010duje podrobno analizo, prikaz ustreznih finan\u010dnih posledic in zahtevanih strategij za njihovo zmanj\u0161anje.<\/p>\n\n\n\n<div class=\"wp-block-buttons is-layout-flex wp-block-buttons-is-layout-flex\">\n<div class=\"wp-block-button has-custom-font-size\" style=\"font-size:18px\"><a class=\"wp-block-button__link has-background wp-element-button\" href=\"https:\/\/www.leaplytics.de\/sl\/naslovna-stran\/upravljanje-projektov-po-meri-microsoft-powerbi\/toplotna-karta-tveganja-po-meri-za-power-bi\/\" style=\"background-color:#22316d\">Oglejte si na\u0161o vizualno matriko tveganj po meri za Power BI tukaj!<\/a><\/div>\n<\/div>\n\n\n\n<p><\/p>\n\n\n\n<p class=\"has-medium-font-size\">12. <strong>Prilagodljiv odziv na spremembe:<\/strong><\/p>\n\n\n\n<p>Zmo\u017enosti podatkov v realnem \u010dasu, ki jih ponuja Power BI, vam omogo\u010dajo, da se takoj odzovete na spremembe. Z vizualizacijo podatkov lahko prepoznate morebitne te\u017eave, kar omogo\u010da proaktivno sprejemanje odlo\u010ditev in popravke.<\/p>\n\n\n\n<p class=\"has-medium-font-size\">13. <strong>Poro\u010dilo o napredku:<\/strong><\/p>\n\n\n\n<p>Ustvarjanje vizualnih prikazov za zainteresirane strani za zagotavljanje rednih posodobitev in poro\u010dil o stanju. Z izvozom vizualnih prikazov v PowerPoint bodo redni sestanki o stanju enostavni. Power BI omogo\u010da prilagajanje poro\u010dil glede na \u017eelje dele\u017enikov, kar spodbuja preglednost in zaupanje.<\/p>\n\n\n\n<p class=\"has-medium-font-size\">14. <strong>Organizirajte tedenske sestanke ekipe:<\/strong><\/p>\n\n\n\n<p>Uporabite orodje Power BI za strukturiranje sestankov skupine na podlagi klju\u010dnih kazalnikov. Vizualizirajte podatke o uspe\u0161nosti, razpravljajte o nedose\u017eenih ciljih in praznujte uspehe. Orodje pomaga ohranjati osredoto\u010denost na bistvene dejavnosti in ohranja usklajenost ekipe.<\/p>\n\n\n\n<p class=\"has-medium-font-size\">15. <strong>Upravljanje te\u017eav:<\/strong><\/p>\n\n\n\n<p>Vizuali Power BI lahko pomagajo pri prepoznavanju in obvladovanju nastajajo\u010dih te\u017eav. Spremljajte dinamiko ekipe in projektne metrike ter se lotite te\u017eav, \u0161e preden se pove\u010dajo. Matrika tveganj pomaga pri spremljanju in odpravljanju tveganj, da bi prepre\u010dili ne\u017eelene posledice.<\/p>\n\n\n\n<h3 class=\"wp-block-heading\" style=\"font-size:30px\">Faza zaklju\u010devanja projekta<\/h3>\n\n\n\n<p class=\"has-medium-font-size\">16. <strong>Vrednotenje uspe\u0161nosti projekta:<\/strong><\/p>\n\n\n\n<p>Z orodjem Power BI primerjajte napredek projekta s prvotno opredeljenim obsegom. Vizualizirajte kazalnike uspe\u0161nosti in za\u010dnite razprave z zainteresiranimi stranmi o zaklju\u010dku in uspehu projekta. Prav tako lahko primerjate metrike projekta s prej\u0161njimi uspe\u0161nimi ali neuspe\u0161nimi projekti.<\/p>\n\n\n\n<p class=\"has-medium-font-size\">17. <strong>Zaprite projekt:<\/strong><\/p>\n\n\n\n<p>Vizualizirajte korake, ki so potrebni za dokon\u010danje projekta. Power BI pomaga pri dokumentiranju in sporo\u010danju postopkov zaklju\u010devanja projektov. Tako zagotovimo nemoten prehod rezultatov.<\/p>\n\n\n\n<h3 class=\"wp-block-heading\" style=\"font-size:30px\">Razprava<\/h3>\n\n\n\n<p>V vsako fazo projekta vklju\u010dite program Power BI in ustvarite celovito in dinami\u010dno nadzorno plo\u0161\u010do projekta. Ni nujno, da je vsak vizualni prikaz obvezen, vendar vam bo uporaba orodja Power BI pomagala, da boste imeli pregled nad projektom v vsaki fazi. Opolnomo\u010dite svojo ekipo z uporabnimi vpogledi, spodbujajte sodelovanje in se orientirajte po zapletenosti projektnega vodenja. Uspeh projekta ni ve\u010d le cilj, z orodjem Power BI je to vizualizirano potovanje.<\/p>\n\n\n\n<p><\/p>\n\n\n\n<hr class=\"wp-block-separator has-alpha-channel-opacity\"\/>\n\n\n\n<p class=\"has-small-font-size\"><sup>1<\/sup> Faze projekta v tem \u010dlanku temeljijo na naslednjem \u010dlanku: <a href=\"https:\/\/hbr.org\/2016\/11\/the-four-phases-of-project-management\">Harvard Business Review. (2016, 3. november). <em>\u0160tiri faze projektnega vodenja<\/em>.<\/a><\/p>","protected":false},"excerpt":{"rendered":"<p>In the dynamic landscape of project management, where precision and foresight are paramount, leveraging technology is crucial. Microsoft Power BI has emerged as a game-changer. Power BI offers project managers a dynamic platform to enhance their decision-making processes. In this comprehensive guide, we will explore how Power BI can level up each phase1 of project &hellip; <\/p>","protected":false},"author":55,"featured_media":13133,"parent":0,"menu_order":0,"comment_status":"closed","ping_status":"closed","template":"","meta":{"footnotes":"[]"},"class_list":["post-13130","page","type-page","status-publish","has-post-thumbnail","hentry","latest_post"],"_links":{"self":[{"href":"https:\/\/www.leaplytics.de\/sl\/wp-json\/wp\/v2\/pages\/13130","targetHints":{"allow":["GET"]}}],"collection":[{"href":"https:\/\/www.leaplytics.de\/sl\/wp-json\/wp\/v2\/pages"}],"about":[{"href":"https:\/\/www.leaplytics.de\/sl\/wp-json\/wp\/v2\/types\/page"}],"author":[{"embeddable":true,"href":"https:\/\/www.leaplytics.de\/sl\/wp-json\/wp\/v2\/users\/55"}],"replies":[{"embeddable":true,"href":"https:\/\/www.leaplytics.de\/sl\/wp-json\/wp\/v2\/comments?post=13130"}],"version-history":[{"count":7,"href":"https:\/\/www.leaplytics.de\/sl\/wp-json\/wp\/v2\/pages\/13130\/revisions"}],"predecessor-version":[{"id":13144,"href":"https:\/\/www.leaplytics.de\/sl\/wp-json\/wp\/v2\/pages\/13130\/revisions\/13144"}],"wp:featuredmedia":[{"embeddable":true,"href":"https:\/\/www.leaplytics.de\/sl\/wp-json\/wp\/v2\/media\/13133"}],"wp:attachment":[{"href":"https:\/\/www.leaplytics.de\/sl\/wp-json\/wp\/v2\/media?parent=13130"}],"curies":[{"name":"wp","href":"https:\/\/api.w.org\/{rel}","templated":true}]}}