{"id":13321,"date":"2024-04-09T20:47:19","date_gmt":"2024-04-09T18:47:19","guid":{"rendered":"https:\/\/www.leaplytics.de\/?page_id=13321"},"modified":"2024-04-17T15:17:27","modified_gmt":"2024-04-17T13:17:27","slug":"matrika-priloznosti-za-power-bi","status":"publish","type":"page","link":"https:\/\/www.leaplytics.de\/sl\/matrika-priloznosti-za-power-bi\/","title":{"rendered":"Matrika prilo\u017enosti za Power BI - uporaba za sprostitev konkuren\u010dne prednosti"},"content":{"rendered":"<p>Za vodje projektov in vodje tveganj je izkori\u0161\u010danje prilo\u017enosti enako pomembno kot zmanj\u0161evanje tveganj. S prilagoditvijo na\u0161e vizualne matrike tveganj za Power BI jo lahko spremenimo v matriko prilo\u017enosti. Ta pristop omogo\u010da prepoznavanje in izkori\u0161\u010danje prilo\u017enosti, ki prina\u0161ajo konkuren\u010dno prednost.<\/p>\n\n\n\n<figure class=\"wp-block-embed is-type-video is-provider-youtube wp-block-embed-youtube wp-embed-aspect-16-9 wp-has-aspect-ratio\"><div class=\"wp-block-embed__wrapper\">\n<iframe loading=\"lazy\" title=\"Matrika prilo\u017enosti za Power BI - LeapLytics\" width=\"770\" height=\"433\" src=\"https:\/\/www.youtube.com\/embed\/VzEAOzIjrZY?feature=oembed\" frameborder=\"0\" allow=\"accelerometer; autoplay; clipboard-write; encrypted-media; gyroscope; picture-in-picture; web-share\" referrerpolicy=\"strict-origin-when-cross-origin\" allowfullscreen><\/iframe>\n<\/div><figcaption class=\"wp-element-caption\">V videoposnetku v YouTubu predstavljamo, kako v Power BI nastavite matriko prilo\u017enosti.<\/figcaption><\/figure>\n\n\n\n<h3 class=\"wp-block-heading has-medium-font-size\"><strong>Zakaj je upravljanje prilo\u017enosti pomembno<\/strong><\/h3>\n\n\n\n<p>Upravljanje prilo\u017enosti je bistvenega pomena za podjetja, ki si prizadevajo za trajnostno rast in konkuren\u010dno prednost. Gre za prepoznavanje in izkori\u0161\u010danje prilo\u017enosti. Organizacije lahko izkoristijo tr\u017ene trende, inovacije in nove tehnologije. Omogo\u010da tudi nenehno izbolj\u0161evanje kakovosti izdelkov in storitev. Poleg tega u\u010dinkovito upravljanje prilo\u017enosti podjetjem omogo\u010da, da ostanejo pred konkurenti. Klju\u010dnega pomena je prilagajanje spreminjajo\u010dim se potrebam in \u017eeljam strank.<\/p>\n\n\n\n<h3 class=\"wp-block-heading has-medium-font-size\"><strong>Ugotavljanje prilo\u017enosti iz razli\u010dnih virov<\/strong><\/h3>\n\n\n\n<p>Za prepoznavanje prilo\u017enosti moramo uporabiti vse vire, ki jih poznamo.<\/p>\n\n\n\n<div class=\"wp-block-columns is-layout-flex wp-container-core-columns-is-layout-1 wp-block-columns-is-layout-flex\">\n<div class=\"wp-block-column is-layout-flow wp-block-column-is-layout-flow\" style=\"flex-basis:2%\">\n<p><strong>1.<\/strong><\/p>\n<\/div>\n\n\n\n<div class=\"wp-block-column is-layout-flow wp-block-column-is-layout-flow\" style=\"flex-basis:98%\">\n<p><strong>Ocenite svoje konkuren\u010dno okolje:<\/strong> Pri ocenjevanju poslovnega okolja je treba analizirati prednosti in slabosti konkurentov, njihovo tr\u017eno pozicioniranje in strategije. Primerjalna analiza ali analiza SWOT sta lahko u\u010dinkoviti orodji. Vpogled v najbolj\u0161e prakse konkurentov lahko razkrije potencialne prilo\u017enosti.<\/p>\n<\/div>\n<\/div>\n\n\n\n<div class=\"wp-block-columns is-layout-flex wp-container-core-columns-is-layout-2 wp-block-columns-is-layout-flex\">\n<div class=\"wp-block-column is-layout-flow wp-block-column-is-layout-flow\" style=\"flex-basis:2%\">\n<p><strong>2.<\/strong><\/p>\n<\/div>\n\n\n\n<div class=\"wp-block-column is-layout-flow wp-block-column-is-layout-flow\" style=\"flex-basis:98%\">\n<p><strong>Vnaprej\u0161nje razumevanje potreb strank: <\/strong>Bodite pozorni na tr\u017ene trende, vedenje potro\u0161nikov in nove preference. Tr\u017ene raziskave, povratne informacije strank in analiza nakupnih vzorcev pomagajo predvideti potrebe strank.<\/p>\n<\/div>\n<\/div>\n\n\n\n<div class=\"wp-block-columns is-layout-flex wp-container-core-columns-is-layout-3 wp-block-columns-is-layout-flex\">\n<div class=\"wp-block-column is-layout-flow wp-block-column-is-layout-flow\" style=\"flex-basis:2%\">\n<p><strong>3.<\/strong><\/p>\n<\/div>\n\n\n\n<div class=\"wp-block-column is-layout-flow wp-block-column-is-layout-flow\" style=\"flex-basis:98%\">\n<p><strong>Spodbujanje inovacij in uvajanje praks izmenjave znanja:<\/strong> Spodbujanje kulture inovativnosti in ustvarjalnosti. Zdru\u017eevanje ljudi iz razli\u010dnih segmentov je lahko pomembno za izmenjavo znanja. To lahko privede do bolj inovativnih zamisli, ki so posledica razmi\u0161ljanja izven okvirov.<\/p>\n<\/div>\n<\/div>\n\n\n\n<div class=\"wp-block-columns is-layout-flex wp-container-core-columns-is-layout-4 wp-block-columns-is-layout-flex\">\n<div class=\"wp-block-column is-layout-flow wp-block-column-is-layout-flow\" style=\"flex-basis:2%\">\n<p><strong>4.<\/strong><\/p>\n<\/div>\n\n\n\n<div class=\"wp-block-column is-layout-flow wp-block-column-is-layout-flow\" style=\"flex-basis:98%\">\n<p><strong>Prepoznajte zaostanek in poi\u0161\u010dite vzroke:<\/strong> Neizkori\u0161\u010denost se nana\u0161a na premalo izkori\u0161\u010dene vire, procese ali zmogljivosti v organizaciji. Cilj je opredeliti podro\u010dja nezadostne izkori\u0161\u010denosti in raziskati temeljne vzroke zanje. Tako lahko odkrijete skrite prilo\u017enosti za optimizacijo in izbolj\u0161ave. Revizije procesov in povratne informacije zaposlenih lahko slu\u017eijo kot identifikacijske strategije.<\/p>\n<\/div>\n<\/div>\n\n\n\n<div class=\"wp-block-columns is-layout-flex wp-container-core-columns-is-layout-5 wp-block-columns-is-layout-flex\">\n<div class=\"wp-block-column is-layout-flow wp-block-column-is-layout-flow\" style=\"flex-basis:2%\">\n<p><strong>5.<\/strong><\/p>\n<\/div>\n\n\n\n<div class=\"wp-block-column is-layout-flow wp-block-column-is-layout-flow\" style=\"flex-basis:98%\">\n<p><strong>Ne pozabite na svoja tveganja, saj lahko zakrijejo prilo\u017enosti: <\/strong>Tveganja se obi\u010dajno obravnavajo kot potencialne gro\u017enje poslovnim dejavnostim. Vendar lahko odkrijejo tudi skrite prilo\u017enosti. Z analizo in upravljanjem tveganj upo\u0161tevajte, da lahko nekatera spremenite v prilo\u017enosti. Na primer, odpravljene gro\u017enje kibernetski varnosti lahko vodijo k ve\u010djemu zaupanju in zvestobi strank.<\/p>\n<\/div>\n<\/div>\n\n\n\n<div class=\"wp-block-columns is-layout-flex wp-container-core-columns-is-layout-6 wp-block-columns-is-layout-flex\">\n<div class=\"wp-block-column is-layout-flow wp-block-column-is-layout-flow\" style=\"flex-basis:2%\">\n<p><strong>6.<\/strong><\/p>\n<\/div>\n\n\n\n<div class=\"wp-block-column is-layout-flow wp-block-column-is-layout-flow\" style=\"flex-basis:98%\">\n<p><strong>Postanite trajnostni pionir v svoji panogi:<\/strong> Uveljavljanje trajnosti lahko odpira nove prilo\u017enosti za inovacije, prihranke stro\u0161kov in diferenciacijo. Ugotovite, kako zmanj\u0161ati emisije in optimizirati uporabo virov. Prihranek stro\u0161kov, zvestoba strank in bolj\u0161i ugled blagovne znamke bodo rezultat.<\/p>\n<\/div>\n<\/div>\n\n\n\n<h3 class=\"wp-block-heading has-medium-font-size\"><strong>Prednosti upravljanja prilo\u017enosti<\/strong><\/h3>\n\n\n\n<p>U\u010dinkovito upravljanje prilo\u017enosti prina\u0161a \u0161tevilne prednosti. Vklju\u010dno z ve\u010djo dobi\u010dkonosnostjo, bolj\u0161im tr\u017enim polo\u017eajem, ve\u010djim zadovoljstvom strank in trajnostno poslovno rastjo. S proaktivnim prepoznavanjem in izkori\u0161\u010danjem prilo\u017enosti lahko organizacije spodbujajo inovacije. Spodbujajo kulturo nenehnih izbolj\u0161av in pove\u010dujejo svojo konkuren\u010dno prednost.<\/p>\n\n\n\n<h3 class=\"wp-block-heading has-medium-font-size\"><strong>Razumevanje matrike prilo\u017enosti<\/strong><\/h3>\n\n\n\n<p>Matrika prilo\u017enosti v svojem bistvu odra\u017ea znano matriko tveganj. Ocenjevanje potencialnih prilo\u017enosti glede na njihovo verjetnost in vpliv. Matrika olaj\u0161a odkrivanje, ocenjevanje in upravljanje prilo\u017enosti. Najpomembnej\u0161a prednostna naloga je usmerjanje organizacij k ve\u010dji uspe\u0161nosti in rasti.<\/p>\n\n\n\n<div class=\"wp-block-columns is-layout-flex wp-container-core-columns-is-layout-7 wp-block-columns-is-layout-flex\">\n<div class=\"wp-block-column is-vertically-aligned-center is-layout-flow wp-block-column-is-layout-flow\" style=\"flex-basis:150px\">\n<figure class=\"wp-block-image size-full is-resized\"><img loading=\"lazy\" decoding=\"async\" width=\"255\" height=\"259\" src=\"https:\/\/www.leaplytics.de\/wp-content\/uploads\/2024\/04\/Bild3.jpg\" alt=\"\" class=\"wp-image-13324\" style=\"width:100px\" srcset=\"https:\/\/www.leaplytics.de\/wp-content\/uploads\/2024\/04\/Bild3.jpg 255w, https:\/\/www.leaplytics.de\/wp-content\/uploads\/2024\/04\/Bild3-59x60.jpg 59w\" sizes=\"auto, (max-width: 255px) 100vw, 255px\" \/><\/figure>\n<\/div>\n\n\n\n<div class=\"wp-block-column is-layout-flow wp-block-column-is-layout-flow\" style=\"flex-basis:66.66%\">\n<p><strong>Mo\u017enost Tooltip prek premika mi\u0161ke<\/strong><\/p>\n\n\n\n<p>\u010ce podrsate nad podatkovne to\u010dke, se prika\u017eejo podrobne informacije. Uporabnikom omogo\u010da, da se poglobijo v dolo\u010dene prilo\u017enosti. Ta funkcija izbolj\u0161a sprejemanje odlo\u010ditev, saj zagotavlja celovite vpoglede na prvi pogled.<\/p>\n<\/div>\n<\/div>\n\n\n\n<div class=\"wp-block-columns is-layout-flex wp-container-core-columns-is-layout-8 wp-block-columns-is-layout-flex\">\n<div class=\"wp-block-column is-vertically-aligned-center is-layout-flow wp-block-column-is-layout-flow\" style=\"flex-basis:150px\">\n<figure class=\"wp-block-image size-large is-resized\"><img loading=\"lazy\" decoding=\"async\" width=\"1024\" height=\"1024\" src=\"https:\/\/www.leaplytics.de\/wp-content\/uploads\/2022\/06\/Indicator-Settings-1024x1024.png\" alt=\"\" class=\"wp-image-8461\" style=\"width:128px;height:auto\" srcset=\"https:\/\/www.leaplytics.de\/wp-content\/uploads\/2022\/06\/Indicator-Settings-1024x1024.png 1024w, https:\/\/www.leaplytics.de\/wp-content\/uploads\/2022\/06\/Indicator-Settings-300x300.png 300w, https:\/\/www.leaplytics.de\/wp-content\/uploads\/2022\/06\/Indicator-Settings-150x150.png 150w, https:\/\/www.leaplytics.de\/wp-content\/uploads\/2022\/06\/Indicator-Settings-768x768.png 768w, https:\/\/www.leaplytics.de\/wp-content\/uploads\/2022\/06\/Indicator-Settings-1536x1536.png 1536w, https:\/\/www.leaplytics.de\/wp-content\/uploads\/2022\/06\/Indicator-Settings-370x370.png 370w, https:\/\/www.leaplytics.de\/wp-content\/uploads\/2022\/06\/Indicator-Settings-60x60.png 60w, https:\/\/www.leaplytics.de\/wp-content\/uploads\/2022\/06\/Indicator-Settings.png 1854w\" sizes=\"auto, (max-width: 1024px) 100vw, 1024px\" \/><\/figure>\n<\/div>\n\n\n\n<div class=\"wp-block-column is-layout-flow wp-block-column-is-layout-flow\">\n<p class=\"has-medium-font-size\"><strong>Pogojno oblikovanje<\/strong><\/p>\n\n\n\n<p>Uporabite pravila pogojnega oblikovanja za poudarjanje pomembnih prilo\u017enosti na podlagi vnaprej dolo\u010denih meril. Ta funkcija izbolj\u0161a preglednost in prednostno razvrsti uporabne vpoglede za strate\u0161ko na\u010drtovanje in izvajanje. Poleg tega lahko s pogojnim oblikovanjem matriko raz\u0161irite z drugo dimenzijo. Na primer z oceno izvedljivosti vsake prilo\u017enosti s pomo\u010djo barvnih kod. Razli\u010dni barvni odtenki lahko predstavljajo razli\u010dne stopnje izvedljivosti. Zainteresiranim stranem se tako zagotovi dragocen vpogled v izvedljivost vsake prilo\u017enosti.<\/p>\n<\/div>\n<\/div>\n\n\n\n<div class=\"wp-block-columns is-layout-flex wp-container-core-columns-is-layout-9 wp-block-columns-is-layout-flex\">\n<div class=\"wp-block-column is-vertically-aligned-center is-layout-flow wp-block-column-is-layout-flow\" style=\"flex-basis:150px\">\n<figure class=\"wp-block-image size-full is-resized\"><img loading=\"lazy\" decoding=\"async\" width=\"355\" height=\"218\" src=\"https:\/\/www.leaplytics.de\/wp-content\/uploads\/2024\/04\/Bild2.jpg\" alt=\"\" class=\"wp-image-13323\" style=\"width:128px\" srcset=\"https:\/\/www.leaplytics.de\/wp-content\/uploads\/2024\/04\/Bild2.jpg 355w, https:\/\/www.leaplytics.de\/wp-content\/uploads\/2024\/04\/Bild2-300x184.jpg 300w, https:\/\/www.leaplytics.de\/wp-content\/uploads\/2024\/04\/Bild2-98x60.jpg 98w\" sizes=\"auto, (max-width: 355px) 100vw, 355px\" \/><\/figure>\n<\/div>\n\n\n\n<div class=\"wp-block-column is-layout-flow wp-block-column-is-layout-flow\" style=\"flex-basis:66.66%\">\n<p><strong>Mo\u017enost vrtanja za ve\u010d vpogleda<\/strong><\/p>\n\n\n\n<p>Prehajanje med plastmi podatkov s funkcijo vrtanja skozi. Uporabnikom omogo\u010da, da razi\u0161\u010dejo osnovne dejavnike, ki vplivajo na vsako prilo\u017enost. Ta mo\u017enost poglobljenega poglabljanja spodbuja temeljito razumevanje potencialnih dejavnikov in posledic.<\/p>\n<\/div>\n<\/div>\n\n\n\n<div class=\"wp-block-columns is-layout-flex wp-container-core-columns-is-layout-10 wp-block-columns-is-layout-flex\">\n<div class=\"wp-block-column is-vertically-aligned-center is-layout-flow wp-block-column-is-layout-flow\" style=\"flex-basis:150px\">\n<figure class=\"wp-block-image size-large is-resized\"><img loading=\"lazy\" decoding=\"async\" width=\"1024\" height=\"1024\" src=\"https:\/\/www.leaplytics.de\/wp-content\/uploads\/2022\/05\/Color-Settings-1024x1024.png\" alt=\"\" class=\"wp-image-7710\" style=\"width:128px\" srcset=\"https:\/\/www.leaplytics.de\/wp-content\/uploads\/2022\/05\/Color-Settings-1024x1024.png 1024w, https:\/\/www.leaplytics.de\/wp-content\/uploads\/2022\/05\/Color-Settings-300x300.png 300w, https:\/\/www.leaplytics.de\/wp-content\/uploads\/2022\/05\/Color-Settings-150x150.png 150w, https:\/\/www.leaplytics.de\/wp-content\/uploads\/2022\/05\/Color-Settings-768x768.png 768w, https:\/\/www.leaplytics.de\/wp-content\/uploads\/2022\/05\/Color-Settings-1536x1536.png 1536w, https:\/\/www.leaplytics.de\/wp-content\/uploads\/2022\/05\/Color-Settings-2048x2048.png 2048w, https:\/\/www.leaplytics.de\/wp-content\/uploads\/2022\/05\/Color-Settings-370x370.png 370w, https:\/\/www.leaplytics.de\/wp-content\/uploads\/2022\/05\/Color-Settings-60x60.png 60w, https:\/\/www.leaplytics.de\/wp-content\/uploads\/2022\/05\/Color-Settings-600x600.png 600w, https:\/\/www.leaplytics.de\/wp-content\/uploads\/2022\/05\/Color-Settings-100x100.png 100w\" sizes=\"auto, (max-width: 1024px) 100vw, 1024px\" \/><\/figure>\n<\/div>\n\n\n\n<div class=\"wp-block-column is-layout-flow wp-block-column-is-layout-flow\" style=\"flex-basis:66.66%\">\n<p><strong>Oblikovanje barv po meri<\/strong><\/p>\n\n\n\n<p>Matrico prilagodite z barvnimi shemami po meri. To pripomore k jasnosti in omogo\u010da prilagajanje individualnim zahtevam.<\/p>\n<\/div>\n<\/div>\n\n\n\n<div class=\"wp-block-columns is-layout-flex wp-container-core-columns-is-layout-11 wp-block-columns-is-layout-flex\">\n<div class=\"wp-block-column is-vertically-aligned-center is-layout-flow wp-block-column-is-layout-flow\" style=\"flex-basis:150px\">\n<figure class=\"wp-block-image size-large\"><img loading=\"lazy\" decoding=\"async\" width=\"1024\" height=\"1018\" src=\"https:\/\/www.leaplytics.de\/wp-content\/uploads\/2022\/06\/Axis-Settings-1024x1018.png\" alt=\"\" class=\"wp-image-8460\" srcset=\"https:\/\/www.leaplytics.de\/wp-content\/uploads\/2022\/06\/Axis-Settings-1024x1018.png 1024w, https:\/\/www.leaplytics.de\/wp-content\/uploads\/2022\/06\/Axis-Settings-300x298.png 300w, https:\/\/www.leaplytics.de\/wp-content\/uploads\/2022\/06\/Axis-Settings-150x150.png 150w, https:\/\/www.leaplytics.de\/wp-content\/uploads\/2022\/06\/Axis-Settings-768x763.png 768w, https:\/\/www.leaplytics.de\/wp-content\/uploads\/2022\/06\/Axis-Settings-1536x1527.png 1536w, https:\/\/www.leaplytics.de\/wp-content\/uploads\/2022\/06\/Axis-Settings-60x60.png 60w, https:\/\/www.leaplytics.de\/wp-content\/uploads\/2022\/06\/Axis-Settings.png 1827w\" sizes=\"auto, (max-width: 1024px) 100vw, 1024px\" \/><\/figure>\n<\/div>\n\n\n\n<div class=\"wp-block-column is-layout-flow wp-block-column-is-layout-flow\" style=\"flex-basis:66.66%\">\n<p><strong>Prilagodljive nastavitve mre\u017ee, osi in kazalnika<\/strong><\/p>\n\n\n\n<p>Prilagodite razporeditev matrike glede na organizacijske preference in posebne zahteve projekta. Prilagodite mre\u017ene \u010drte, oznake osi in indikatorske oznake za optimalno berljivost in jasnost.<\/p>\n<\/div>\n<\/div>\n\n\n\n<div class=\"wp-block-buttons is-layout-flex wp-block-buttons-is-layout-flex\">\n<div class=\"wp-block-button has-custom-font-size\" style=\"font-size:18px\"><a class=\"wp-block-button__link has-background wp-element-button\" href=\"https:\/\/www.leaplytics.de\/sl\/naslovna-stran\/upravljanje-projektov-po-meri-microsoft-powerbi\/toplotna-karta-tveganja-po-meri-za-power-bi\/\" style=\"background-color:#22316d\">Kliknite tukaj za dostop do na\u0161e vizualne matrike tveganj po meri za Power BI!<\/a><\/div>\n<\/div>\n\n\n\n<figure class=\"wp-block-image size-full\"><img loading=\"lazy\" decoding=\"async\" width=\"152\" height=\"37\" src=\"https:\/\/www.leaplytics.de\/wp-content\/uploads\/2022\/05\/PBI-Certified.png\" alt=\"\" class=\"wp-image-8358\" srcset=\"https:\/\/www.leaplytics.de\/wp-content\/uploads\/2022\/05\/PBI-Certified.png 152w, https:\/\/www.leaplytics.de\/wp-content\/uploads\/2022\/05\/PBI-Certified-150x37.png 150w\" sizes=\"auto, (max-width: 152px) 100vw, 152px\" \/><\/figure>\n\n\n\n<p><\/p>\n\n\n\n<h3 class=\"wp-block-heading has-medium-font-size\"><strong>Odpiranje konkuren\u010dne prednosti<\/strong><\/h3>\n\n\n\n<p>Podjetja z uporabo matrike prilo\u017enosti pridobijo strate\u0161ko prednost na dana\u0161njem trgu. Proaktivno prepoznavanje in upravljanje prilo\u017enosti spodbuja inovacije, rast in trajnostno prednost. Matrika prilo\u017enosti Power BI podjetjem omogo\u010da upravljanje prilo\u017enosti z intuitivnimi funkcijami.<\/p>\n\n\n\n<h3 class=\"wp-block-heading has-medium-font-size\"><strong>Zaklju\u010dek<\/strong><\/h3>\n\n\n\n<p>Matrika prilo\u017enosti je mo\u010dno orodje za strate\u0161ko odlo\u010danje. Organizacijam omogo\u010da doseganje trajnostne konkuren\u010dne prednosti. Z obse\u017enimi funkcijami omogo\u010da organizacijam, da uspevajo na konkuren\u010dnem trgu. Izkoristite jo za rast in inovacije ter sprostite skrite mo\u017enosti.<\/p>","protected":false},"excerpt":{"rendered":"<p>For project and risk managers, harnessing opportunities is just as crucial as mitigating risks. By adapting our Risk Matrix visual for Power BI, we can convert it into an Opportunity Matrix. This approach empowers to identify and capitalize on opportunities that drive competitive advantage. Why Opportunity Management Matters Opportunity management is essential for businesses seeking &hellip; <\/p>","protected":false},"author":55,"featured_media":13426,"parent":0,"menu_order":0,"comment_status":"closed","ping_status":"closed","template":"","meta":{"footnotes":""},"class_list":["post-13321","page","type-page","status-publish","has-post-thumbnail","hentry","latest_post"],"_links":{"self":[{"href":"https:\/\/www.leaplytics.de\/sl\/wp-json\/wp\/v2\/pages\/13321","targetHints":{"allow":["GET"]}}],"collection":[{"href":"https:\/\/www.leaplytics.de\/sl\/wp-json\/wp\/v2\/pages"}],"about":[{"href":"https:\/\/www.leaplytics.de\/sl\/wp-json\/wp\/v2\/types\/page"}],"author":[{"embeddable":true,"href":"https:\/\/www.leaplytics.de\/sl\/wp-json\/wp\/v2\/users\/55"}],"replies":[{"embeddable":true,"href":"https:\/\/www.leaplytics.de\/sl\/wp-json\/wp\/v2\/comments?post=13321"}],"version-history":[{"count":11,"href":"https:\/\/www.leaplytics.de\/sl\/wp-json\/wp\/v2\/pages\/13321\/revisions"}],"predecessor-version":[{"id":13424,"href":"https:\/\/www.leaplytics.de\/sl\/wp-json\/wp\/v2\/pages\/13321\/revisions\/13424"}],"wp:featuredmedia":[{"embeddable":true,"href":"https:\/\/www.leaplytics.de\/sl\/wp-json\/wp\/v2\/media\/13426"}],"wp:attachment":[{"href":"https:\/\/www.leaplytics.de\/sl\/wp-json\/wp\/v2\/media?parent=13321"}],"curies":[{"name":"wp","href":"https:\/\/api.w.org\/{rel}","templated":true}]}}