{"id":13717,"date":"2025-05-12T15:34:59","date_gmt":"2025-05-12T13:34:59","guid":{"rendered":"https:\/\/www.leaplytics.de\/?page_id=13717"},"modified":"2025-05-12T15:35:01","modified_gmt":"2025-05-12T13:35:01","slug":"pricevanja","status":"publish","type":"page","link":"https:\/\/www.leaplytics.de\/sl\/pricevanja\/","title":{"rendered":"Pri\u010devanja"},"content":{"rendered":"<p><em>&#8220;<strong>\u017de ve\u010d kot leto dni uporabljamo vizualno matriko tveganj in toplotno karto LeapLytics v orodju Power BI.<\/strong><br>Postal je nepogre\u0161ljivo orodje na\u0161e ekipe. Njegova intuitivna zasnova in prilagodljive funkcije nam omogo\u010dajo u\u010dinkovito vizualizacijo in prednostno razvr\u0161\u010danje tveganj, kar nam omogo\u010da, da se osredoto\u010dimo na najbolj kriti\u010dna podro\u010dja. Mo\u017enost prilagajanja matrike na\u0161im posebnim potrebam je bistveno izbolj\u0161ala na\u0161e postopke ocenjevanja tveganj. Vti\u010dnik toplo priporo\u010dam vsem ekipam, ki \u017eelijo izbolj\u0161ati svoje zmo\u017enosti upravljanja tveganj v okviru Power BI.\"<\/em> (Anonimno)<\/p>\n\n\n\n<p><em>&#8220;<strong>Spreminjanje igre<\/strong> - Ta aplikacija je prihranila na stotine ur razvoja, odpravljanja te\u017eav in vseh drugih glavobolov, ki nastanejo pri izdelavi aplikacije od samega za\u010detka. To aplikacijo je bilo zelo enostavno priklju\u010diti na aplikacijo, ki smo jo gradili, poleg tega pa je vizualno privla\u010dna in enostavna za uporabo. Toplo priporo\u010dam vsem, ki \u017eelijo prihraniti ure razvoja in \u010das ter dobiti nekaj, kar je \u017ee preizku\u0161eno v boju!\"<\/em> (Anonimno)<\/p>\n\n\n\n<p><em>\"Vizualna matrika tveganj v platformi Power BI se uporablja kot <strong>strate\u0161ko orodje<\/strong> za upravljanje kriti\u010dnih dejavnosti vzdr\u017eevanja, ki omogo\u010da hitro in u\u010dinkovito vizualizacijo tveganj, povezanih z vsakim sredstvom. Matrika vizualno prika\u017ee kriti\u010dnost sredstva na podlagi njegove stopnje vpliva in verjetnosti okvare, kar neposredno podpira dolo\u010danje prednosti korektivnih in preventivnih ukrepov. <br>Ta funkcija pomaga prepoznati vzdr\u017eevalne elemente z najve\u010djo operativno pomembnostjo, kar prispeva k bolj odlo\u010dnemu upravljanju virov, ekip in rokov, zlasti v kompleksnih scenarijih, kot so zaustavitve ali nujni posegi. Poleg tega interaktivni in prilagodljivi vmesnik omogo\u010da posodobitve in simulacije v realnem \u010dasu, zaradi \u010desar je postopek odlo\u010danja hitrej\u0161i in bolj temelji na podatkih.<br>Uporaba te vizualne podobe prav tako krepi upravljanje vzdr\u017eevanja na podlagi tveganja in usklajuje tehni\u010dna prizadevanja s strate\u0161kimi cilji organizacije glede zanesljivosti in razpolo\u017eljivosti sredstev.\"<\/em> (CENIBRA)<\/p>\n\n\n\n<p><em>&#8220;<strong>Fantasti\u010dno vizualno<\/strong> - To vizualno orodje sem preizkusil za ve\u010d poro\u010dil in je tako enostavno za uporabo, a hkrati tako zmogljivo. Vizualni prikaz tveganj v tej matriki mi je prihranil ne\u0161teto ur, saj lahko svojo pozornost usmerim na tiste dele, ki so ozna\u010deni kot zelo vplivni. Podjetje Leaplytics se zelo dobro odziva tudi na elektronsko po\u0161to. Toplo priporo\u010dam ta vti\u010dnik podjetja Leaplytics.\"<\/em> (Anonimno)<\/p>\n\n\n\n<p><em>&#8220;<strong>V\u010dasih sem imel rad toplotne karte, zdaj jih obo\u017eujem<\/strong> - Pogosto sem imel te\u017eave, ko sem posku\u0161al pripraviti toplotno karto. Ta ima mo\u010dno pripovedno mo\u010d in je zelo enostaven za uporabo.\"<\/em> (Raphael de Taranto)<\/p>\n\n\n\n<p><em>&#8220;<strong>Odli\u010dna aplikacija<\/strong> - To je aplikacija, ki jo morate imeti, \u010de delate s tveganji. Enostavno jo je nastaviti in je zelo prilagodljiva va\u0161im potrebam.\"<\/em> (Roy Varghese)<\/p>\n\n\n\n<p><em>&#8220;<strong>Odli\u010dna nadzorna plo\u0161\u010da za poro\u010danje o tveganjih<\/strong> - Nadzorna plo\u0161\u010da omogo\u010da odli\u010den prikaz tveganj in smo jo vklju\u010dili v \u0161tevilne nadzorne plo\u0161\u010de za poro\u010danje o tveganjih v podjetjih. LeapLytics \u0161e naprej izbolj\u0161uje funkcije nadzorne plo\u0161\u010de, vklju\u010dno z mo\u017enostjo barvnega ozna\u010devanja to\u010dkovnih to\u010dk. Toplo priporo\u010damo ta vti\u010dnik aplikacije za toplotno karto tveganj za izbolj\u0161anje nadzornih plo\u0161\u010d Power BI. Odzivnost na vpra\u0161anja in podpora sta prav tako plus.\"<\/em> (Becky Sterrett)<\/p>\n\n\n\n<p><em>&#8220;<strong>Velika toplotna karta tveganja<\/strong> - Orodje za toplotni prikaz tveganj je bilo zelo uporabno za obve\u0161\u010danje zainteresiranih strani o tveganjih v podjetju in stopnjah tveganja. Enostavno za uporabo in dobro vizualno.\"<\/em> (Anonimno)<\/p>\n\n\n\n<p class=\"has-text-align-left\"><em>&#8220;<strong>To orodje je uporabniku prijazno<\/strong> in u\u010dinkovito predstavi ocene tveganja v jasni, lahko razumljivi obliki.\"<\/em> (Scott Nicol)<\/p>\n\n\n\n<p><em>&#8220;<strong>Odli\u010dno orodje<\/strong> - To orodje je bilo klju\u010dnega pomena pri na\u0161ih nenehnih prizadevanjih za racionalizacijo postopka ocenjevanja tveganj. Zagotavlja odli\u010den vizualni prikaz za hitro oceno profila tveganja.\"<\/em> (Anonimno)<\/p>\n\n\n\n<p><em>&#8220;<strong>Matrika tveganj<\/strong> - Zelo sem bil vesel, ko sem na\u0161el to orodje in kako je delovalo z vidika upravljanja tveganj\/poro\u010danja - to je odli\u010den na\u010din za vizualizacijo in pregledovanje registrov tveganj s poudarkom na klju\u010dnih\/zvi\u0161anih tveganjih. Ekipa je bila prav tako fantasti\u010dna, saj mi je zagotavljala podporo in sodelovala z menoj pri uporabi orodja in izbolj\u0161avah.\"<\/em> (Anonimno)<\/p>\n\n\n\n<p><em>&#8220;<strong>Deluje to\u010dno tako, kot je bilo pri\u010dakovano in ogla\u0161evano.<\/strong> - Licenco za to aplikacijo sem kupil pred skoraj 9 meseci, jo namestil v ve\u010d poro\u010dil, ki jih uporablja na stotine ljudi po vsem svetu, uporabniki pa so imeli le pozitivne povratne informacije.\"<\/em> (Small, Roy)<\/p>\n\n\n\n<p><em>&#8220;<strong>Odli\u010dno orodje za pregled zgodovine matrike tveganja<\/strong> - Eno najbolj\u0161ih posebnih orodij za upravljanje zapisa matrike tveganj in njegovo profesionalno prikazovanje To orodje sem zasnoval in ga predstavil vodstvu 1- odli\u010den dizajn 2- prilagodljivost 3- enostavna uporaba 4- priporo\u010dam, da ga izkoristite Pravzaprav je to tisto, kar sem iskal Hvala, Stefan Preusler Hvala, ekipa LeapLytics GmbH\"<\/em> (\u0645\u062d\u064a\u064a \u0627\u0644\u062f\u064a\u0646)<\/p>\n\n\n\n<p><em>&#8220;<strong>Absolutno vredno<\/strong> - Vse, kar smo \u017eeleli dose\u010di z matriko tveganja, smo lahko izvedli s to vizualizacijo. Absolutno vredno.\"<\/em> (Anonimno)<\/p>\n\n\n\n<p><em>&#8220;<strong>Odli\u010dna re\u0161itev za revizorje!<\/strong> - Vizualni predmet popolnoma ustreza zahtevam in zahtevam matrike tveganj za revizorje.\" (David L\u00f3pez Morales)<\/em><\/p>\n\n\n\n<p><em>&#8220;<strong>Dobra vizualna podoba<\/strong> v podporo pogovorom o tveganjih.\"<\/em> (Elleke Bosworth)<\/p>\n\n\n\n<p><em>&#8220;<strong>Odli\u010dna vizualna podoba<\/strong> - Iskal sem delujo\u010do re\u0161itev za vizualizacijo svojih tveganj. Ta vizualizacija mi odli\u010dno ustreza in je pripravljena za uporabo v nekaj minutah. Interaktivnost deluje dobro in deluje kot \"prava stvar\".\"<\/em> (Anonimno)<\/p>\n\n\n\n<p><em>&#8220;<strong>Odli\u010dno vizualno orodje za tveganje<\/strong> - Odli\u010dno orodje za vizualizacijo toplotne karte tveganja, zelo u\u010dinkovito in enostavno za dostop.\"<\/em> (Anonimno)<\/p>\n\n\n\n<p><em>&#8220;<strong>Orodje, ki ga je treba imeti za upravljanje tveganj<\/strong> - To orodje je uporabniku prijazno in u\u010dinkovito predstavlja ocene tveganja v jasni in razumljivi obliki.\"<\/em> (Anonimno)<\/p>\n\n\n\n<p><em>&#8220;<strong>Zelo koristno orodje za upravljanje tveganj<\/strong> - Menim, da je toplotni zemljevid tveganj zelo koristen pri na\u0161em postopku upravljanja tveganj. Pomaga vizualizirati tveganje na enostaven in razumljiv na\u010din tako za upravni odbor kot tudi za ostale zaposlene v podjetju. Poleg tega je enostaven za uporabo in hitro se seznani\u0161 z delovanjem nastavitev.\"<\/em> (Anonimno)<\/p>\n\n\n\n<p><em>&#8220;<strong>Odli\u010den majhen dodatek!<\/strong> - V zadnjem letu uporabljamo toplotni zemljevid LeapLytics. Je enostaven za uporabo, cenovno ugoden, vizualno pa je na na\u0161i nadzorni plo\u0161\u010di tveganja videti odli\u010dno.\"<\/em> (Anonimno)<\/p>\n\n\n\n<p><em>&#8220;<strong>Odli\u010dno<\/strong> - Es muy buena, vers\u00e1til y pr\u00e1ctica.\"<\/em> (Cynthia Mercedes Anaya Manrique)<\/p>\n\n\n\n<p><em>&#8220;<strong>Velik vizualni in odziv<\/strong> - Daje nam vizualno podobo, ki smo jo potrebovali, odgovor na na\u0161a vpra\u0161anja pa je bil hiter in koristen.\"<\/em> (Anonimno)<\/p>\n\n\n\n<p><em>&#8220;<strong>Solid <\/strong>- Solidna vizualna podoba\"<\/em> (Anonimno)<\/p>","protected":false},"excerpt":{"rendered":"<p>\"\u017de ve\u010d kot leto dni uporabljamo LeapLyticsovo vizualno matriko tveganj \/ Heatmap v Power BI, ki je postala nepogre\u0161ljivo orodje za na\u0161o ekipo. Njegova intuitivna zasnova in prilagodljive funkcije nam omogo\u010dajo u\u010dinkovito vizualizacijo in prednostno razvr\u0161\u010danje tveganj, kar nam omogo\u010da, da se osredoto\u010dimo na najbolj kriti\u010dna podro\u010dja. Mo\u017enost prilagajanja matrike ... <\/p>","protected":false},"author":2,"featured_media":0,"parent":0,"menu_order":0,"comment_status":"closed","ping_status":"closed","template":"","meta":{"footnotes":""},"class_list":["post-13717","page","type-page","status-publish","hentry","latest_post"],"_links":{"self":[{"href":"https:\/\/www.leaplytics.de\/sl\/wp-json\/wp\/v2\/pages\/13717","targetHints":{"allow":["GET"]}}],"collection":[{"href":"https:\/\/www.leaplytics.de\/sl\/wp-json\/wp\/v2\/pages"}],"about":[{"href":"https:\/\/www.leaplytics.de\/sl\/wp-json\/wp\/v2\/types\/page"}],"author":[{"embeddable":true,"href":"https:\/\/www.leaplytics.de\/sl\/wp-json\/wp\/v2\/users\/2"}],"replies":[{"embeddable":true,"href":"https:\/\/www.leaplytics.de\/sl\/wp-json\/wp\/v2\/comments?post=13717"}],"version-history":[{"count":5,"href":"https:\/\/www.leaplytics.de\/sl\/wp-json\/wp\/v2\/pages\/13717\/revisions"}],"predecessor-version":[{"id":13725,"href":"https:\/\/www.leaplytics.de\/sl\/wp-json\/wp\/v2\/pages\/13717\/revisions\/13725"}],"wp:attachment":[{"href":"https:\/\/www.leaplytics.de\/sl\/wp-json\/wp\/v2\/media?parent=13717"}],"curies":[{"name":"wp","href":"https:\/\/api.w.org\/{rel}","templated":true}]}}