{"id":13808,"date":"2025-07-14T10:32:30","date_gmt":"2025-07-14T08:32:30","guid":{"rendered":"https:\/\/www.leaplytics.de\/?page_id=13808"},"modified":"2025-07-14T10:32:31","modified_gmt":"2025-07-14T08:32:31","slug":"gantt-leaplytics-power-bi","status":"publish","type":"page","link":"https:\/\/www.leaplytics.de\/sl\/gantt-leaplytics-power-bi\/","title":{"rendered":"Gantt LeapLytics - Power BI"},"content":{"rendered":"<p>To je preprosto. Omogo\u010damo vam, da \u010dasovne razporede in urnike projektov o\u017eivite neposredno v programu Power BI. Na\u0161 vizualni diagram Leaplytics Gantt Chart preoblikuje kompleksne projektne podatke v profesionalne, interaktivne in iz\u010drpne vizualizacije \u010dasovnice. Prika\u017eite urnike projektov iz programov Microsoft Project, Primavera P6, Jira, Asana in Azure DevOps to\u010dno tako, kot je bilo predvideno.<\/p>\n<blockquote>\n<p>\"Kon\u010dno Ganttov diagram, ki dejansko deluje v Power BI! Mo\u017enost prikaza \u010dasovnice projekta z odvisnostmi in spremljanjem napredka neposredno v na\u0161ih nadzornih plo\u0161\u010dah namesto stati\u010dnih zaslonskih slik je spremenila na\u0161e predstavitve projektov.\"<br \/>- <strong>Johnson M., vodja poslovne inteligence<\/strong> <em>(gradbeni sektor)<\/em><\/p>\n<\/blockquote>\n<h2 id=\"what-s-in-it-for-you-\">Kaj je za vas?<\/h2>\n<p>Odkrijte profesionalno vizualizacijo projektov za nadzorne plo\u0161\u010de Power BI:<\/p>\n<p><strong>Lepo vizualizirajte projekte:<\/strong> Surove podatke o projektih iz programov Microsoft Project, Primavera P6, Jira, Asana in Azure DevOps pretvorite v profesionalno prikazane Ganttove diagrame.<\/p>\n<p><strong>Odpravite ro\u010dno delo:<\/strong> Ni\u010d ve\u010d izvoza posnetkov zaslona ali ro\u010dnega ustvarjanja \u010dasovnih diagramov. Va\u0161i obstoje\u010di podatki o projektu se prika\u017eejo kot interaktivni Ganttovi diagrami.<\/p>\n<p><strong>Navdu\u0161ite dele\u017enike:<\/strong> Predstavite strokovne projektne nadzorne plo\u0161\u010de, ki ohranjajo verodostojnost na sestankih vodstva in predstavitvah zainteresiranih strani.<\/p>\n<p><strong>Prihranite \u010das:<\/strong> Ne porabite ve\u010d ur za ro\u010dno ustvarjanje \u010dasovnice. Pove\u017eite podatke o projektu in opazujte, kako se seznami nalog spremenijo v celovite Ganttove vizualizacije.<\/p>\n<blockquote>\n<p>\"V\u010dasih smo za izdelavo poro\u010dil o \u010dasovnici iz orodij za upravljanje projektov porabili 12 ur na teden. Zdaj se vse samodejno prika\u017ee kot \u010dudoviti interaktivni Ganttovi diagrami. Na\u0161a poro\u010dila o stanju projekta so spet videti profesionalno.\"<br \/>- <strong>Rodriguez A., direktor analitike<\/strong> <em>(Tehnologija zdravstvenega varstva)<\/em><\/p>\n<\/blockquote>\n<h2 id=\"how-you-can-benefit\">Kako lahko izkoristite prednosti<\/h2>\n<p>Uporabniki, ki so sprejeli na\u0161e vizualno poro\u010dilo Leaplytics Gantt Chart:<\/p>\n<p><strong>Odpravljene no\u010dne more \u010dasovnice:<\/strong> Ni\u010d ve\u010d ro\u010dnega ustvarjanja grafikonov ali stati\u010dnih \u010dasovnih zaslonskih slik v predstavitvah.<\/p>\n<p><strong>Ve\u010dja uporaba nadzorne plo\u0161\u010de:<\/strong> Zainteresirane strani bolj sodelujejo z interaktivnimi Ganttovimi grafikoni, ki jih lahko raziskujejo in razumejo.<\/p>\n<p><strong>Ve\u010dja strokovna verodostojnost:<\/strong> Vodstvene predstavitve so videti uglajene in ohranjajo va\u0161 ugled podatkovnega strokovnjaka.<\/p>\n<p><strong>Poenoteni pogledi na projekt:<\/strong> Prika\u017eite podatke o projektu iz ve\u010d platform podjetja v enem povezanem interaktivnem grafikonu Power BI Gantt.<\/p>\n<h2 id=\"key-features\">Klju\u010dne lastnosti<\/h2>\n<p><strong>Podpora za ve\u010d platform:<\/strong> Podpira Microsoft Project, Primavera P6, Jira, Asana, Azure DevOps in vse tabelarne podatke o projektih.<\/p>\n<p><strong>Napredni mehanizem \u010dasovnice:<\/strong><\/p>\n<ul>\n<li>Inteligentno pozicioniranje opravil in skaliranje datuma<\/li>\n<li>Pametno hierarhi\u010dno upravljanje nalog za kompleksne projekte<\/li>\n<\/ul>\n<p><strong>Vizualizacija profesionalnih projektov:<\/strong> <\/p>\n<ul>\n<li>Prikazovanje ustreznih vrstic opravil, odvisnosti, mejnikov in sledenja napredku, ki upo\u0161tevajo teme Power BI.<\/li>\n<li>Interaktivna navigacija po \u010dasovnici z mo\u017enostjo pove\u010dave in pomikanja<\/li>\n<\/ul>\n<p><strong>Lastnosti projekta Enterprise:<\/strong><\/p>\n<ul>\n<li>Odvisnosti opravil s pu\u0161\u010dicami odnosov<\/li>\n<li>Spremljanje napredka in status dokon\u010danja<\/li>\n<li>Vizualizacija dodeljevanja virov<\/li>\n<li>Analiza kriti\u010dne poti<\/li>\n<\/ul>\n<p><strong>Optimizirana zmogljivost:<\/strong> U\u010dinkovito upodabljanje za velike nabore podatkov o projektih z ve\u010d kot 1000 nalogami in zapletenimi mre\u017eami odvisnosti.<\/p>\n<p><strong>Brezhibna integracija orodja Power BI:<\/strong> Deluje kot katerikoli drug vizualni prikaz Power BI, pri \u010demer upo\u0161teva filtre, rezine in navzkri\u017eno filtriranje.<\/p>\n<p><strong>Intuitivna konfiguracija:<\/strong> Enostavna oblikovna plo\u0161\u010da s spustnimi izbirami za polja opravil, datume in mo\u017enosti vizualizacije.<\/p>\n<p><strong>Pripravljen za podjetja:<\/strong> Zanesljiv sistem licenciranja, zasnovan za uporabo v podjetjih, z naprednimi funkcijami za upravljanje projektov.<\/p>\n<h2 id=\"your-team-will-thank-you\">Va\u0161a ekipa vam bo hvale\u017ena<\/h2>\n<p><em>Ste se naveli\u010dali stati\u010dnih zaslonskih slik projektov v vodstvenih predstavitvah?<\/em> Ste kdaj imeli te\u017eave pri pojasnjevanju stanja projekta s pomo\u010djo dolgo\u010dasnih tabelari\u010dnih poro\u010dil, medtem ko morajo va\u0161i dele\u017eniki videti \u010dasovni potek? Na\u0161 vizualni diagram Leaplytics Gantt Chart je re\u0161itev, ki ste jo \u010dakali. To je vizualni prikaz, za katerega smo si kot strokovnjaki za vodenje projektov vedno \u017eeleli, da bi obstajal, ko smo posku\u0161ali u\u010dinkovito sporo\u010dati stanje projekta.<\/p>\n<blockquote>\n<p>\"Mo\u017enost prikaza na\u0161ih sprintov Azure DevOps in projektnih odvisnosti z ustrezno Ganttovo vizualizacijo je revolucionarno spremenila na\u010din, kako vodstvu predstavljamo stanje projekta. \u010casovna os je interaktivna, nastavitev pa je bila izjemno preprosta.\"<br \/>- <strong>Chen L., vodilni podatkovni analitik<\/strong> <em>(razvoj programske opreme)<\/em><\/p>\n<\/blockquote>\n<h2 id=\"letter-from-the-ceo\">Pismo glavnega izvr\u0161nega direktorja<\/h2>\n<p>Hej, vsi...<\/p>\n<p>Sem Stefan, izvr\u0161ni direktor podjetja LeapLytics.<\/p>\n<p>Vizualizacija projektov v orodju Power BI je \u017ee ve\u010d let pere\u010da te\u017eava. Organizacije veliko vlagajo v platforme, kot so Microsoft Project, Primavera P6, Jira in Azure DevOps, da bi upravljale zapletene \u010dasovne na\u010drte in odvisnosti projektov. Toda ko ti podatki o projektih vstopijo v program Power BI, postanejo neberljive tabele ali pa zahtevajo ro\u010dno ustvarjanje grafikonov.<\/p>\n<p>Ta razkorak med naprednimi orodji za upravljanje projektov in osnovnim poro\u010danjem o projektih Power BI je v predstavitvah vodstva razo\u010daral ne\u0161teto vodij projektov. To spodkopava verodostojnost in povzro\u010da, da so dragoceni vpogledi v projekt prakti\u010dno nevidni v nadzornih plo\u0161\u010dah.<\/p>\n<p>Tradicionalne vizualne podobe BI preprosto niso bile zasnovane za kompleksno realnost sodobnega projektnega vodenja, kjer so naloge odvisne, kjer se spremlja napredek, dodeljujejo viri in so \u010dasovno omejene. Tu se za\u010dne razo\u010daranje.<\/p>\n<p>Na\u0161 vizualni diagram Leaplytics Gantt Chart za Power BI re\u0161uje to temeljno te\u017eavo. Verjamemo, da morajo biti va\u0161i projektni podatki jasno in profesionalno predstavljeni povsod, tudi na nadzornih plo\u0161\u010dah Power BI.<\/p>\n<p>Gre za to, da ohranite nalo\u017ebe, ki ste jih vlo\u017eili v prefinjeno na\u010drtovanje projektov, in jih predstavite z vizualno jasnostjo, ki jo pri\u010dakujejo va\u0161e zainteresirane strani. To vizualno predstavitev smo zasnovali tako, da bo obvladovala zapletenost resni\u010dnih podatkov o projektu, hkrati pa bo njena nastavitev preprosta.<\/p>\n<p>To je na\u0161 prispevek k odpravi no\u010dne more pri vizualizaciji projektov, ki je predolgo pestila uporabnike orodja Power BI.<\/p>\n<p>Lep pozdrav,<br \/><strong>Stefan Preusler<\/strong><br \/>Soustanovitelj in izvr\u0161ni direktor dru\u017ebe LeapLytics GmbH<\/p>\n<hr>\n<h2 id=\"ready-to-transform-your-project-visualization-\">Ste pripravljeni spremeniti vizualizacijo projekta?<\/h2>\n<p><a href=\"https:\/\/www.leaplytics.de\/sl\/\"><strong>Zahtevajte preizkusno licenco<\/strong><\/a><\/p>\n<h2 id=\"getting-started\">Za\u010detek<\/h2>\n<p>Ste prejeli licenco ali \u017eelite izvedeti ve\u010d?<br \/>Kliknite spodaj za dostop do na\u0161ega iz\u010drpnega vodnika:<\/p>\n<p><a href=\"https:\/\/www.leaplytics.de\/sl\/getting-started-gantt-chart-power-bi\/?utm_source=extension&amp;utm_medium=power-bi&amp;utm_campaign=gantt-chart\"><strong>Za\u010detek - Leaplytics Gantt Chart Visual za Power BI<\/strong><\/a><\/p>\n<hr>\n<p><em>Podatke o projektu pretvorite v profesionalne vizualizacije \u010dasovnice, ki jih zainteresirane strani dejansko razumejo.<\/em> <\/p>","protected":false},"excerpt":{"rendered":"<p>It&#39;s straightforward. We empower you to bring your project timelines and schedules to life directly within Power BI. Our Leaplytics Gantt Chart visual transforms complex project data into professional, interactive, and comprehensive timeline visualizations. Display project schedules from Microsoft Project, Primavera P6, Jira, Asana, and Azure DevOps exactly as intended. &quot;Finally, a Gantt chart that &hellip; <\/p>","protected":false},"author":2,"featured_media":0,"parent":0,"menu_order":0,"comment_status":"closed","ping_status":"closed","template":"","meta":{"footnotes":""},"class_list":["post-13808","page","type-page","status-publish","hentry","latest_post"],"_links":{"self":[{"href":"https:\/\/www.leaplytics.de\/sl\/wp-json\/wp\/v2\/pages\/13808","targetHints":{"allow":["GET"]}}],"collection":[{"href":"https:\/\/www.leaplytics.de\/sl\/wp-json\/wp\/v2\/pages"}],"about":[{"href":"https:\/\/www.leaplytics.de\/sl\/wp-json\/wp\/v2\/types\/page"}],"author":[{"embeddable":true,"href":"https:\/\/www.leaplytics.de\/sl\/wp-json\/wp\/v2\/users\/2"}],"replies":[{"embeddable":true,"href":"https:\/\/www.leaplytics.de\/sl\/wp-json\/wp\/v2\/comments?post=13808"}],"version-history":[{"count":1,"href":"https:\/\/www.leaplytics.de\/sl\/wp-json\/wp\/v2\/pages\/13808\/revisions"}],"predecessor-version":[{"id":13809,"href":"https:\/\/www.leaplytics.de\/sl\/wp-json\/wp\/v2\/pages\/13808\/revisions\/13809"}],"wp:attachment":[{"href":"https:\/\/www.leaplytics.de\/sl\/wp-json\/wp\/v2\/media?parent=13808"}],"curies":[{"name":"wp","href":"https:\/\/api.w.org\/{rel}","templated":true}]}}