{"id":14398,"date":"2025-12-18T23:49:49","date_gmt":"2025-12-18T22:49:49","guid":{"rendered":"https:\/\/www.leaplytics.de\/?page_id=14398"},"modified":"2025-12-19T02:01:17","modified_gmt":"2025-12-19T01:01:17","slug":"operacije-ai","status":"publish","type":"page","link":"https:\/\/www.leaplytics.de\/sl\/operacije-ai\/","title":{"rendered":"Operativna umetna inteligenca"},"content":{"rendered":"<h2>Va\u0161a operativna ekipa ima preve\u010d dela. Umetna inteligenca lahko pomaga.<\/h2>\n\n<p>Operativno delo je usklajevanje. Naro\u010dila. Inventarizacija. urniki. preverjanje kakovosti. Tiso\u010d gibljivih delov, ki se morajo ujemati.<\/p>\n<p>Ve\u010dinoma se ravna po vzorcih. Spremljajte po\u0161iljko. Preverite stanje zaloge. Usmerite nalogo. Ozna\u010dite izjemo. Ponovno odgovorite na vpra\u0161anje \"Kje je moje naro\u010dilo?\".<\/p>\n<p>Umetna inteligenca je ustvarjena za to. Spremlja vse hkrati. Nikoli ne izgubi sledi. Nikoli ne pozabi preveriti skladi\u0161\u010da 3.<\/p>\n<p>To ne nadome\u0161\u010da va\u0161e operativne ekipe. Je le hitrej\u0161a. Obravnava rutino, tako da lahko va\u0161i zaposleni re\u0161ujejo resni\u010dne te\u017eave.<\/p>\n\n\n<hr class=\"wp-block-separator has-alpha-channel-opacity\"\/>\n\n\n\n<h3 class=\"wp-block-heading\">Realnost operativnega dela danes<\/h3>\n\n\n<p>Operativne ekipe gasijo po\u017ear. Ve\u010d naro\u010dil. Skraj\u0161ani roki. Ve\u010dja pri\u010dakovanja strank. Oskrbovalne verige, ki se ne obna\u0161ajo.<\/p>\n<p>Vodje porabijo ve\u010d ur za iskanje informacij, namesto da bi sprejemali odlo\u010ditve. Ekipe ro\u010dno preiskujejo izjeme. Podatki so v desetih razli\u010dnih sistemih, ki se med seboj ne pogovarjajo.<\/p>\n<p>Vedno nekaj zamuja. Nekaj je vedno na zalogi. Vedno je treba nekaj popraviti.<\/p>\n<p>Ne zato, ker ljudje niso dobri pri svojem delu. Preprosto se dogaja preve\u010d stvari, ki niso dovolj prepoznavne.<\/p>\n\n\n<hr class=\"wp-block-separator has-alpha-channel-opacity\"\/>\n\n\n\n<h3 class=\"wp-block-heading\">Kjer umetna inteligenca prina\u0161a resni\u010dne razlike<\/h3>\n\n\n<p>Umetna inteligenca najbolje deluje, kadar je na voljo veliko podatkov in jasnih vzorcev. Operacije imajo oboje.<\/p>\n<p>Tukaj je pet podro\u010dij, na katerih umetna inteligenca prina\u0161a dejanske rezultate - ne gre za govorice, temve\u010d za dejansko re\u0161ene te\u017eave in prihranjen \u010das.<\/p>\n\n\n<hr class=\"wp-block-separator has-alpha-channel-opacity\"\/>\n\n\n\n<h4 class=\"wp-block-heading\">1. Upravljanje dobavne verige in zalog<\/h4>\n\n\n<p>Inventarizacija je uravnote\u017eeno dejanje. Prevelika koli\u010dina zadr\u017euje gotovino. Premajhna zaloga pomeni izpad zalog. In napovedovanje povpra\u0161evanja? To je deloma znanost, deloma ugibanje.<\/p>\n<p>Dobavitelji medtem zamujajo. Po\u0161iljke zamujajo. Nekdo mora vse to spremljati.<\/p>\n\n\n<h5 class=\"wp-block-heading\">Kaj po\u010dne umetna inteligenca<\/h5>\n\n\n<p><strong>Natan\u010dno napoveduje povpra\u0161evanje.<\/strong><br \/>\nZgodovinski podatki. Sezonskost. Tr\u017eni trendi. Umetna inteligenca najde vzorce in predvidi, kaj boste potrebovali. Ne popolnoma, vendar bolje kot preglednice.<\/p>\n\n<p><strong>optimizira ravni zalog.<\/strong><br \/>\nKoliko varnostne zaloge za vsako SKU? Kdaj ponovno naro\u010diti? Umetna inteligenca izra\u010duna na podlagi dejanskih vzorcev povpra\u0161evanja in dobavnih rokov.<\/p>\n\n<p><strong>spremlja dobavitelje in po\u0161iljke.<\/strong><br \/>\nKje je naro\u010dilo? Ali je pravo\u010dasno? UI spremlja stanje pri vseh prevoznikih in opozarja na zamude, \u0161e preden postanejo te\u017eave.<\/p>\n\n<p><strong>Opazuje tveganja v dobavni verigi.<\/strong><br \/>\nDobavitelj stalno zamuja? Imate te\u017eave s prevozno potjo? Umetna inteligenca opazi vzorce in vas pravo\u010dasno opozori.<\/p>\n\n<p><strong>Predlaga odlo\u010ditve o spremembi vrstnega reda.<\/strong><br \/>\nNa podlagi trenutne zaloge, prejetih naro\u010dil in napovedi umetna inteligenca priporo\u010da, kaj in kdaj naro\u010diti.<\/p>\n\n\n<h5 class=\"wp-block-heading\">Kaj to pomeni za vas<\/h5>\n\n\n<ul>\n<li><strong>Za operativne direktorje:<\/strong> Ni\u017eji stro\u0161ki zalog. Manj izpadov zalog. Bolj\u0161i denarni tok. Preglednost dobavne verige brez ro\u010dnega sledenja.<\/li>\n<li><strong>Za vodje operacij:<\/strong> Nehajte se pehati za po\u0161iljkami. Vedite, kaj prihaja in kaj je ogro\u017eeno. Sprejemajte odlo\u010ditve z resni\u010dnimi podatki.<\/li>\n<li><strong>Za podjetje:<\/strong> Izdelki so na voljo, ko jih kupci \u017eelijo. Denar ne le\u017ei v prese\u017enih zalogah.<\/li>\n<\/ul>\n\n<p><a href=\"https:\/\/www.leaplytics.de\/sl\/upravljanje-zalog-dobavne-verige-ai\/\">Preberite ve\u010d o umetni inteligenci za upravljanje dobavne verige in zalog \u2192<\/a><\/p>\n\n\n<hr class=\"wp-block-separator has-alpha-channel-opacity\"\/>\n\n\n\n<h4 class=\"wp-block-heading\">2. Avtomatizacija procesov in potek dela<\/h4>\n\n\n<p>Operacije potekajo v procesih. Naro\u010dila te\u010dejo skozi korake. Naloge je treba usmerjati. Potrebne so odobritve. Izjeme je treba obravnavati.<\/p>\n<p>Pri ro\u010dnem upravljanju se stvari zataknejo. Ljudje pozabijo. Predaja ni uspe\u0161na. Nih\u010de ne ve, kje so stvari.<\/p>\n\n\n<h5 class=\"wp-block-heading\">Kaj po\u010dne umetna inteligenca<\/h5>\n\n\n<p><strong>Samodejno usmerja opravila.<\/strong><br \/>\nTo naro\u010dilo gre v skladi\u0161\u010de A, ta zahteva pa v ekipo B. Umetna inteligenca pozna pravila in jih takoj uporabi.<\/p>\n\n<p><strong>Pametno obravnava odobritve.<\/strong><br \/>\nStandardna zahteva pod pragom? Samodejno odobreno. Nenavadna zahteva? Posredovana pravi osebi s kontekstom.<\/p>\n\n<p><strong>spremlja potek procesa.<\/strong><br \/>\nKje so se stvari zataknile? Kateri korak je ozko grlo? Umetna inteligenca spremlja vsako nalogo v vseh fazah.<\/p>\n\n<p><strong>Zgodaj ujame izjeme.<\/strong><br \/>\nNaro\u010dite manjkajo\u010de informacije? Korak traja predolgo? Ni bil upo\u0161tevan SOP? UI opozarja na te\u017eave, preden se te raz\u0161irijo.<\/p>\n\n<p><strong>Zagotavlja skladnost s postopki.<\/strong><br \/>\nAli so vsi koraki potekali v pravilnem vrstnem redu? Ali je bil kontrolni seznam izpolnjen? UI samodejno preveri skladnost postopka.<\/p>\n\n\n<h5 class=\"wp-block-heading\">Kaj to pomeni za vas<\/h5>\n\n\n<ul>\n<li><strong>Za operativne direktorje:<\/strong> Dosledni postopki na razli\u010dnih lokacijah. Manj napak. Bolj\u0161e revizijske sledi. Skalabilno poslovanje.<\/li>\n<li><strong>Za vodje operacij:<\/strong> Vedite, kje vse se nahaja. Nehajte se pehati za odobritvami. Osredoto\u010dite se na izjeme in ne na rutino.<\/li>\n<li><strong>Za ekipe:<\/strong> Jasne naloge. Jasne prednostne naloge. Ni\u010d ve\u010d vpra\u0161anja \"Kaj naj naredim naslednji\u010d?\"<\/li>\n<\/ul>\n\n<p><a href=\"https:\/\/www.leaplytics.de\/sl\/avtomatizacija-procesov-delovni-tok-ai\/\">Ve\u010d o umetni inteligenci za avtomatizacijo procesov in potek dela \u2192<\/a><\/p>\n\n\n<hr class=\"wp-block-separator has-alpha-channel-opacity\"\/>\n\n\n\n<h4 class=\"wp-block-heading\">3. Nadzor in spremljanje kakovosti<\/h4>\n\n\n<p>Te\u017eave s kakovostjo so drage. Pomanjkljivosti. Vra\u010dila. Popravki. Prito\u017ebe strank. Odpoklici v najslab\u0161em primeru.<\/p>\n<p>Zgodnje odkrivanje te\u017eav je najpomembnej\u0161e. Toda ro\u010dno pregledovanje vsega? To se ne obnese.<\/p>\n\n\n<h5 class=\"wp-block-heading\">Kaj po\u010dne umetna inteligenca<\/h5>\n\n\n<p><strong>Stalno spremlja kazalnike kakovosti.<\/strong><br \/>\nNe preverjanja na kraju samem - stalno spremljanje. Umetna inteligenca spremlja podatke o proizvodnji in opozori, \u010de kaj odstopa od specifikacij.<\/p>\n\n<p><strong>samodejno odkriva napake.<\/strong><br \/>\nVizualni pregled z umetno inteligenco odkrije napake, ki jih ljudje spregledamo. Zlasti pri obse\u017enih in ponavljajo\u010dih se pregledih.<\/p>\n\n<p><strong>Napovedovanje okvar opreme.<\/strong><br \/>\nVzorci vibracij. Temperaturni trendi. Poslab\u0161anje zmogljivosti. Umetna inteligenca zazna opozorilne znake, preden se stroji pokvarijo.<\/p>\n\n<p><strong>iskanje vzrokov za te\u017eave s kakovostjo.<\/strong><br \/>\nKatera serija? Katerega dobavitelja? Kateri stroj? Katera izmena? UI pove\u017ee te\u017eave s kakovostjo z njihovimi viri.<\/p>\n\n<p><strong>Zagotavlja dokumentacijo o skladnosti.<\/strong><br \/>\nZapisi o kakovosti. Rezultati preskusov. Certifikati. UI uredi dokumentacijo in ozna\u010di vrzeli.<\/p>\n\n\n<h5 class=\"wp-block-heading\">Kaj to pomeni za vas<\/h5>\n\n\n<ul>\n<li><strong>Za operativne direktorje:<\/strong> Manj napak pri strankah. Ni\u017eji stro\u0161ki ponovnega dela. Bolj\u0161a skladnost. Za\u0161\u010diten ugled.<\/li>\n<li><strong>Za vodje kakovosti:<\/strong> Ujemite te\u017eave prej. Porabite \u010das za analizo osnovnih vzrokov in ne za ro\u010dno preverjanje.<\/li>\n<li><strong>Za produkcijske ekipe:<\/strong> Povratne informacije v realnem \u010dasu. Odpravite te\u017eave, preden se razmno\u017eijo.<\/li>\n<\/ul>\n\n<p><a href=\"https:\/\/www.leaplytics.de\/sl\/spremljanje-nadzora-kakovosti-ai\/\">Ve\u010d o umetni inteligenci za nadzor in spremljanje kakovosti \u2192<\/a><\/p>\n\n\n<hr class=\"wp-block-separator has-alpha-channel-opacity\"\/>\n\n\n\n<h4 class=\"wp-block-heading\">4. Na\u010drtovanje in razporejanje virov<\/h4>\n\n\n<p>Na\u010drtovanje je uganka. Ljudje. Oprema. Zmogljivost. Povpra\u0161evanje. Omejitve. Vse se mora ujemati.<\/p>\n<p>In se nenehno spreminja. Nekdo pokli\u010de na bolni\u0161ko. Stroj se pokvari. Pride hitro naro\u010dilo. Za\u010dni znova.<\/p>\n\n\n<h5 class=\"wp-block-heading\">Kaj po\u010dne umetna inteligenca<\/h5>\n\n\n<p><strong>Ustvarja optimizirane urnike.<\/strong><br \/>\nGlede na povpra\u0161evanje, zmogljivosti, znanja in omejitve umetna inteligenca sestavi urnike, ki dejansko delujejo. Hitreje, kot bi to zmogel \u010dlovek.<\/p>\n\n<p><strong>Uravnote\u017ei delovne obremenitve.<\/strong><br \/>\nNobena ekipa ni preobremenjena, medtem ko druga ne dela. Umetna inteligenca razdeli delo glede na zmogljivosti in znanja.<\/p>\n\n<p><strong>Prilagaja se spremembam v realnem \u010dasu.<\/strong><br \/>\nOdsotnost? Odpoved opreme? Hitro naro\u010dilo? Umetna inteligenca prera\u010duna in predlaga prilagoditve.<\/p>\n\n<p><strong>Napovedovanje potreb po zmogljivosti.<\/strong><br \/>\nNa podlagi napovedi povpra\u0161evanja umetna inteligenca predvidi, kdaj boste potrebovali ve\u010d zmogljivosti - preden vam jih zmanjka.<\/p>\n\n<p><strong>Ujemanje znanja in spretnosti z nalogami.<\/strong><br \/>\nKdo je usposobljen za to delo? Kdo je na voljo? UI upo\u0161teva certifikate, izku\u0161nje in razpolo\u017eljivost.<\/p>\n\n\n<h5 class=\"wp-block-heading\">Kaj to pomeni za vas<\/h5>\n\n\n<ul>\n<li><strong>Za operativne direktorje:<\/strong> Ve\u010dja izkori\u0161\u010denost. Ni\u017eji stro\u0161ki nadurnega dela. Bolj\u0161a u\u010dinkovitost dobave. Na\u010drtovanje zmogljivosti, ki deluje.<\/li>\n<li><strong>Za vodje operacij:<\/strong> Prenehajte porabljati ure in ure za pripravo urnikov. Hitro se prilagodite, ko se stvari spremenijo.<\/li>\n<li><strong>Za ekipe:<\/strong> po\u0161tene delovne obremenitve. Jasni urniki. Manj sprememb v zadnjem trenutku.<\/li>\n<\/ul>\n\n<p><a href=\"https:\/\/www.leaplytics.de\/sl\/nacrtovanje-virov-nacrtovanje-ai\/\">Preberite ve\u010d o umetni inteligenci za na\u010drtovanje in razporejanje virov \u2192<\/a><\/p>\n\n\n<hr class=\"wp-block-separator has-alpha-channel-opacity\"\/>\n\n\n\n<h4 class=\"wp-block-heading\">5. Operativno poro\u010danje in analitika<\/h4>\n\n\n<p>Ne morete izbolj\u0161ati tistega, \u010desar ne vidite. Vendar so operativni podatki razpr\u0161eni. Razli\u010dni sistemi. Razli\u010dni formati. Za jasno sliko so potrebne ure.<\/p>\n<p>Do prejema poro\u010dila so se razmere spremenile.<\/p>\n\n\n<h5 class=\"wp-block-heading\">Kaj po\u010dne umetna inteligenca<\/h5>\n\n\n<p><strong>Zdru\u017euje podatke od vsepovsod.<\/strong><br \/>\nERP. WMS. MES. Preglednice. Senzorji IoT. Umetna inteligenca vse to zdru\u017ei v enem pogledu.<\/p>\n\n<p><strong>Spremljanje klju\u010dnih kazalnikov uspe\u0161nosti v realnem \u010dasu.<\/strong><br \/>\nOEE. Pravo\u010dasna dobava. Prepustnost. \u010cas cikla. Umetna inteligenca spremlja, kar je pomembno, in vas opozori, ko se metrike spremenijo.<\/p>\n\n<p><strong>samodejno prepozna ozka grla.<\/strong><br \/>\nKje je omejitev? Kaj upo\u010dasnjuje delo? Umetna inteligenca analizira tok in poka\u017ee na te\u017eavo.<\/p>\n\n<p><strong>Razlo\u017ei spremembe delovanja.<\/strong><br \/>\n\"Prepustnost se je zmanj\u0161ala za 8%, ker je imel stroj 3 45 minut dalj\u0161i izpad od povpre\u010dja.\" Umetna inteligenca povezuje to\u010dke.<\/p>\n\n<p><strong>Ustvarja operativna poro\u010dila.<\/strong><br \/>\nDnevni povzetki. Poro\u010dila o predaji izmene. Tedenski pregledi. Umetna inteligenca jih ustvari samodejno.<\/p>\n\n\n<h5 class=\"wp-block-heading\">Kaj to pomeni za vas<\/h5>\n\n\n<ul>\n<li><strong>Za operativne direktorje:<\/strong> Resni\u010dna preglednost nad delovanjem. Odlo\u010ditve, ki temeljijo na podatkih. Zgodnje odkrivanje te\u017eav.<\/li>\n<li><strong>Za vodje operacij:<\/strong> Prenehajte ro\u010dno pripravljati poro\u010dila. Vedite, kaj se dogaja zdaj in ne v\u010deraj.<\/li>\n<li><strong>Za ekipe:<\/strong> Jasne povratne informacije o uspe\u0161nosti. razumevanje, kako njihovo delo spada v \u0161ir\u0161o sliko.<\/li>\n<\/ul>\n\n<p><em>Pomembno: umetna inteligenca zagotavlja preglednost in analizo, vendar je \u0161e vedno pomembna operativna presoja. \u0160tevilke potrebujejo kontekst, ki ga ima samo va\u0161a ekipa.<\/em><\/p>\n\n\n<hr class=\"wp-block-separator has-alpha-channel-opacity\"\/>\n\n\n\n<h3 class=\"wp-block-heading\">\u010cesa umetna inteligenca ne bo naredila<\/h3>\n\n\n<p>Jasno povejmo, kak\u0161ne so omejitve.<\/p>\n<p>Umetna inteligenca ne nadome\u0161\u010da operativnih strokovnjakov. Ne obravnava klicev jeznih strank. Ne pogaja se z dobaviteljem. Ne naredi te\u017ekega kompromisa, ko gre vse naenkrat narobe.<\/p>\n<p>Opravlja rutinske naloge. Spremljanje. Na\u010drtovanje. Zaznavanje vzorcev. Prvi osnutek poro\u010dila.<\/p>\n<p>Va\u0161a operativna ekipa \u0161e vedno razmi\u0161lja. Samo hitreje, ker imajo pregled nad dogajanjem in ker je osnovno delo \u017ee opravljeno.<\/p>\n\n\n<hr class=\"wp-block-separator has-alpha-channel-opacity\"\/>\n\n\n\n<h3 class=\"wp-block-heading\">Spodnja linija<\/h3>\n\n\n<p>Operativne ekipe, ki dobro uporabljajo umetno inteligenco, ne delajo manj. Delajo druga\u010de.<\/p>\n<p>Namesto ro\u010dnega sledenja po\u0161iljkam se ukvarjajo z izjemami. Namesto da bi urnike sestavljali od za\u010detka, jih prilagodijo in optimizirajo. Namesto da bi iskali podatke, jih analizirajo in se odlo\u010dajo.<\/p>\n<p>Rezultat:<\/p>\n<ul>\n<li>Ve\u010dja prepustnost z enakimi viri<\/li>\n<li>Manj izpadov zalog in zamud<\/li>\n<li>Ni\u017eji operativni stro\u0161ki<\/li>\n<li>Operativni strokovnjaki re\u0161ujejo resni\u010dne probleme in ne i\u0161\u010dejo informacij.<\/li>\n<li>Bolj\u0161a u\u010dinkovitost dostave strankam<\/li>\n<\/ul>\n<p>Ne gre za zamenjavo ekipe. Gre za to, da jo naredite u\u010dinkovitej\u0161o.<\/p>\n\n\n<hr class=\"wp-block-separator has-alpha-channel-opacity\"\/>\n\n\n\n<h3 class=\"wp-block-heading\">Ste pripravljeni videti, kaj je mogo\u010de?<\/h3>\n\n\n<p>Vsaka operativna ekipa je druga\u010dna. Va\u0161i procesi niso enaki procesom vseh drugih. Va\u0161e omejitve imajo svoje posebnosti. Va\u0161e prednostne naloge so odvisne od va\u0161ega poslovanja.<\/p>\n<p>Ne prodajamo univerzalnih re\u0161itev. Upo\u0161tevamo va\u0161e specifi\u010dne dejavnosti. Ugotovimo, kje lahko umetna inteligenca dejansko pomaga. Zgradimo sisteme, ki ustrezajo va\u0161emu na\u010dinu dela.<\/p>\n<p>Brez \u0161umenja. Brez obljub, ki jih ne moremo izpolniti. Samo prakti\u010dna umetna inteligenca, ki pove\u010duje u\u010dinkovitost va\u0161ega poslovanja.<\/p>\n\n<p><a href=\"https:\/\/www.leaplytics.de\/sl\/kontakt\/\">Pogovorimo se o va\u0161ih operacijah<\/a><\/p>\n\n<p><a href=\"https:\/\/www.leaplytics.de\/sl\/umetna-inteligenca\/\">Oglejte si vse storitve AI<\/a><\/p>","protected":false},"excerpt":{"rendered":"<p>Va\u0161a operativna ekipa ima preve\u010d dela. Umetna inteligenca lahko pomaga. Operativno delo je koordinacijsko delo. Naro\u010dila. Inventarizacija. urniki. Preverjanje kakovosti. Tiso\u010d gibljivih delov, ki se morajo ujemati. Ve\u010dina tega poteka po vzorcih. Spremljajte po\u0161iljko. Preverite stanje zalog. Usmerite nalogo. Ozna\u010dite izjemo. Ponovno odgovorite na vpra\u0161anje \"Kje je moje naro\u010dilo?\". Umetna inteligenca je vgrajena ... <\/p>","protected":false},"author":2,"featured_media":0,"parent":0,"menu_order":0,"comment_status":"closed","ping_status":"closed","template":"","meta":{"footnotes":""},"class_list":["post-14398","page","type-page","status-publish","hentry","latest_post"],"_links":{"self":[{"href":"https:\/\/www.leaplytics.de\/sl\/wp-json\/wp\/v2\/pages\/14398","targetHints":{"allow":["GET"]}}],"collection":[{"href":"https:\/\/www.leaplytics.de\/sl\/wp-json\/wp\/v2\/pages"}],"about":[{"href":"https:\/\/www.leaplytics.de\/sl\/wp-json\/wp\/v2\/types\/page"}],"author":[{"embeddable":true,"href":"https:\/\/www.leaplytics.de\/sl\/wp-json\/wp\/v2\/users\/2"}],"replies":[{"embeddable":true,"href":"https:\/\/www.leaplytics.de\/sl\/wp-json\/wp\/v2\/comments?post=14398"}],"version-history":[{"count":2,"href":"https:\/\/www.leaplytics.de\/sl\/wp-json\/wp\/v2\/pages\/14398\/revisions"}],"predecessor-version":[{"id":14509,"href":"https:\/\/www.leaplytics.de\/sl\/wp-json\/wp\/v2\/pages\/14398\/revisions\/14509"}],"wp:attachment":[{"href":"https:\/\/www.leaplytics.de\/sl\/wp-json\/wp\/v2\/media?parent=14398"}],"curies":[{"name":"wp","href":"https:\/\/api.w.org\/{rel}","templated":true}]}}