{"id":14459,"date":"2025-12-19T01:50:48","date_gmt":"2025-12-19T00:50:48","guid":{"rendered":"https:\/\/www.leaplytics.de\/?page_id=14459"},"modified":"2025-12-19T01:50:49","modified_gmt":"2025-12-19T00:50:49","slug":"sprejem-strank-upravljanje-primerov-ai","status":"publish","type":"page","link":"https:\/\/www.leaplytics.de\/sl\/sprejem-strank-upravljanje-primerov-ai\/","title":{"rendered":"Sprejem strank in upravljanje primerov AI"},"content":{"rendered":"<h2>UI za sprejem strank in upravljanje primerov: Samodejno spremenite kaos v organizacijo<\/h2>\n\n<p>Nenehno prihajajo nove zadeve. Elektronska po\u0161ta. Telefonski klici. Spletni obrazci. Prihodi. Napotitve.<\/p>\n<p>Vsak od njih potrebuje pozornost. Vsako je treba razumeti, kategorizirati, razvrstiti po pomembnosti in jo posredovati pravi osebi.<\/p>\n<p>Ko je delo po\u010dasno, to deluje dobro. Ko je veliko dela, se to pokvari.<\/p>\n<p>Poizvedbe ostanejo brez odgovora. Informacije so razpr\u0161ene po e-po\u0161tnih sporo\u010dilih in zapiskih. Potencialne stranke se ne oglasijo dovolj hitro. Odidejo drugam.<\/p>\n<p>Umetna inteligenca to popravi. Prebere vsako poizvedbo. Razume, za kaj gre. Dolo\u010di prednostne naloge glede na nujnost. Organizira informacije. Na rutinska vpra\u0161anja odgovarja takoj.<\/p>\n<p>Va\u0161a ekipa se osredoto\u010da na pravno delo in ne na razvr\u0161\u010danje in organiziranje. Stranke dobijo hitre in strokovne odgovore \u017ee ob prvem stiku.<\/p>\n\n\n<hr class=\"wp-block-separator has-alpha-channel-opacity\"\/>\n\n\n\n<h3 class=\"wp-block-heading\">Problem sprejema strank<\/h3>\n\n\n<p>Sprejem strank se zdi preprost. Vendar ni.<\/p>\n<p>Vsaka nova zadeva vklju\u010duje:<\/p>\n<ul>\n<li>Razumevanje potreb potencialne stranke<\/li>\n<li>Ugotavljanje, ali je to podro\u010dje va\u0161e prakse<\/li>\n<li>ocenjevanje nujnosti (zastaralni roki, roki, \u010dasovno ob\u010dutljiva vpra\u0161anja)<\/li>\n<li>Zbiranje osnovnih informacij (stranke, \u010dasovni okvir, klju\u010dna dejstva)<\/li>\n<li>Napotitev k pravemu odvetniku<\/li>\n<li>Odgovor z naslednjimi koraki ali za\u010detnimi vpra\u0161anji<\/li>\n<li>Na\u010drtovanje posvetovanj<\/li>\n<li>Izvajanje preverjanj konfliktov<\/li>\n<li>Organiziranje vsega za odvetnika, ki bo zadevo obravnaval.<\/li>\n<\/ul>\n\n<p>To deluje, \u010de poizvedbe prihajajo ena za drugo. \u010ce pa med malico pride pet poizvedb, se stvari zapletejo.<\/p>\n\n<p>Pogoste te\u017eave:<\/p>\n<ul>\n<li>Zamude pri odzivu (stranka je \u017ee poklicala drugo podjetje)<\/li>\n<li>Informacije, razpr\u0161ene po e-po\u0161tnih nitih<\/li>\n<li>Nujnost ni prepoznana (rok pote\u010de)<\/li>\n<li>Poizvedbe so preusmerjene k napa\u010dnemu odvetniku (izguba \u010dasa vseh).<\/li>\n<li>Vedno znova ro\u010dni odgovori na ista vpra\u0161anja<\/li>\n<li>Ni enotnega pogleda na dovodni cevovod<\/li>\n<\/ul>\n\n<p>Rezultat: Izgubljene stranke. Razo\u010darano osebje. Neurejena dokumentacija od prvega dne.<\/p>\n\n\n<hr class=\"wp-block-separator has-alpha-channel-opacity\"\/>\n\n\n\n<h3 class=\"wp-block-heading\">Kaj umetna inteligenca naredi za sprejem strank in upravljanje primerov<\/h3>\n\n\n<p>Umetna inteligenca prebere vsako poizvedbo takoj, ko prispe. Razume vpra\u0161anje. Organizira informacije. Ustrezno se odzove.<\/p>\n<p>Va\u0161a ekipa dobi urejene datoteke primerov namesto razpr\u0161enih e-po\u0161tnih sporo\u010dil.<\/p>\n\n\n<h4 class=\"wp-block-heading\">1. Samodejno razvr\u0161\u010danje snovi<\/h4>\n\n\n<p>Nekdo po\u0161lje e-po\u0161to: \"Mislim, da so me prej\u0161nji teden odpustili zaradi moje starosti. Star sem 58 let. Ali mi lahko pomagate?\"<\/p>\n\n<p>Umetna inteligenca takoj razvrsti:<\/p>\n<ul>\n<li>Podro\u010dje prakse: Delovno pravo - neupravi\u010dena odpoved pogodbe o zaposlitvi<\/li>\n<li>Podkategorija: Diskriminacija zaradi starosti<\/li>\n<li>Sorodna vpra\u0161anja: Potencialni zahtevek Urada za varstvo potro\u0161nikov, vpra\u0161anja zastaranja<\/li>\n<li>Pot do: Partner na podro\u010dju delovnega prava<\/li>\n<\/ul>\n\n<p>Nekdo drug po\u0161lje e-po\u0161to: \"Potrebujem pomo\u010d pri pregledu pogodbe o poslovnem najemu za svojo restavracijo. Najemodajalec \u017eeli, da pogodbo podpi\u0161em do petka.\"<\/p>\n\n<p>AI razvr\u0161\u010da:<\/p>\n<ul>\n<li>Podro\u010dje prakse: Nepremi\u010dninsko\/komercialno pravo<\/li>\n<li>Podkategorija: Pregled zakupa<\/li>\n<li>Sorodna vpra\u0161anja: \u010casovno ob\u010dutljivo (rok je petek)<\/li>\n<li>Pot do: Nepremi\u010dninski\/poslovni odvetnik<\/li>\n<\/ul>\n\n<p>Noben \u010dlovek ne bere in razvr\u0161\u010da. To poteka samodejno.<\/p>\n\n\n<h4 class=\"wp-block-heading\">2. Ocena nujnosti<\/h4>\n\n\n<p>Vse poizvedbe niso enake. Nekatera zahtevajo takoj\u0161njo pozornost.<\/p>\n\n<p>Umetna inteligenca ozna\u010di nujnost na podlagi:<\/p>\n<ul>\n<li>izrecno navedeni roki (\"sojenje bo naslednji mesec\", \"podpi\u0161i do petka\")<\/li>\n<li>vpra\u0161anja zastaranja (\"nesre\u010da se je zgodila pred dvema letoma\" - pribli\u017euje se rok za od\u0161kodnino za telesne po\u0161kodbe)<\/li>\n<li>\u010casovno ob\u010dutljive zadeve (prepovedi pribli\u017eevanja, izselitve, kazenske ovadbe)<\/li>\n<li>poslovno kriti\u010dna vpra\u0161anja (pismo o prenehanju poslovanja, pogodbeni spor, ki zaustavlja poslovanje).<\/li>\n<\/ul>\n\n<p>Nujne zadeve so takoj ozna\u010dene. Pravi odvetnik je takoj obve\u0161\u010den.<\/p>\n\n<p>Primer zastave: \"Visoka nujnost - potencialno vpra\u0161anje zastaranja. Osebna po\u0161kodba zaradi nesre\u010de pred 2,5 leti. Priporo\u010deno takoj\u0161nje posvetovanje.\"<\/p>\n\n\n<h4 class=\"wp-block-heading\">3. Samodejno strukturiranje informacij<\/h4>\n\n\n<p>Poizvedbe strank so neurejene. Svojo zgodbo pripovedujejo v obliki pripovedi. Pomembne podrobnosti so zakopane v odstavkih.<\/p>\n\n<p>izvle\u010dki in strukture umetne inteligence:<\/p>\n<ul>\n<li>Ime in kontaktni podatki stranke<\/li>\n<li>Narava pravnega vpra\u0161anja<\/li>\n<li>Nasprotna stranka (\u010de je primerno)<\/li>\n<li>Klju\u010dni datumi in \u010dasovnica<\/li>\n<li>Trenutno stanje<\/li>\n<li>Dejavniki nujnosti<\/li>\n<li>Navedeni ali prilo\u017eeni dokumenti<\/li>\n<li>Predhodno sprejeti pravni ukrepi<\/li>\n<\/ul>\n\n<p>Odvetnik dobi pregleden povzetek namesto raztresenih odstavkov elektronske po\u0161te.<\/p>\n\n<p><strong>Pred:<\/strong> Preberi 3 dolge odstavke e-po\u0161te, si delaj zapiske in ro\u010dno urejaj informacije.<\/p>\n<p><strong>Po:<\/strong> Preglejte strukturiran povzetek in si na prvi pogled oglejte klju\u010dna dejstva.<\/p>\n\n\n<h4 class=\"wp-block-heading\">4. Takoj\u0161nji odgovori na pogosta vpra\u0161anja<\/h4>\n\n\n<p>Potencialne stranke ve\u010dkrat postavljajo ista vpra\u0161anja:<\/p>\n<ul>\n<li>\"Katere dokumente moram prinesti s seboj?\"<\/li>\n<li>\"Koliko zara\u010dunavate?\"<\/li>\n<li>\"Kak\u0161na je va\u0161a razpolo\u017eljivost?\"<\/li>\n<li>\"Ali obravnavate [vrsta zadeve]?\"<\/li>\n<li>\"Kaj se zgodi na posvetovanju?\"<\/li>\n<li>\"Kako dolgo trajajo ti primeri?\"<\/li>\n<\/ul>\n\n<p>Umetna inteligenca odgovarja takoj, 24 ur na dan, 7 dni v tednu, 7 dni v tednu z informacijami va\u0161ega podjetja.<\/p>\n\n<p>Primer:<\/p>\n<p><em>Elektronsko sporo\u010dilo prejeto ob 21. uri: \"Ali obravnavate primere vo\u017enje pod vplivom alkohola? Kaj naj storim? V\u010deraj zve\u010der so me aretirali.\"<\/em><\/p>\n\n<p>Umetna inteligenca se takoj odzove:<\/p>\n<p>\"Hvala, ker ste se obrnili na [ime podjetja]. Da, obravnavamo primere vo\u017enje pod vplivom alkohola. Pomembni takoj\u0161nji ukrepi: (1) O svojem primeru ne razpravljajte z nikomer, razen z odvetnikom, (2) ne objavljajte na dru\u017ebenih omre\u017ejih, (3) shranite vse dokaze (potrdila, podatke o pri\u010dah itd.).<\/p>\n<p>Va\u0161 primer bo jutri zjutraj pregledal odvetnik. Medtem pa so vam na voljo informacije o tem, kaj lahko pri\u010dakujete: [povezava].<\/p>\n<p>\u010clan ekipe vas bo kontaktiral do jutri do 10. ure zjutraj in se dogovoril za posvetovanje.\"<\/p>\n\n<p>Stranka dobi takoj\u0161nje smernice. Po\u010duti se sli\u0161ano. Ne pokli\u010de drugega podjetja.<\/p>\n\n\n<h4 class=\"wp-block-heading\">5. Poenoten pogled na primer<\/h4>\n\n\n<p>Informacije o primeru prihajajo iz ve\u010d kanalov:<\/p>\n<ul>\n<li>Za\u010detna oddaja spletnega obrazca<\/li>\n<li>Nadaljnje e-po\u0161tno sporo\u010dilo z dokumenti<\/li>\n<li>Zapiski telefonskih klicev<\/li>\n<li>Besedilno sporo\u010dilo z dodatnimi informacijami<\/li>\n<li>Drugo e-po\u0161tno sporo\u010dilo z vpra\u0161anji<\/li>\n<\/ul>\n\n<p>AI ustvari enotno datoteko primera. Vse na enem mestu. Kronolo\u0161ko. Organizirano. Popolna.<\/p>\n\n<p>Ko odvetnik pregleda zadevo, vidi celotno sliko. Ne bo treba iskati niti elektronske po\u0161te ali spra\u0161evati osebje, \"ali so poslali te dokumente?\"<\/p>\n\n\n<h4 class=\"wp-block-heading\">6. Pametno usmerjanje in dodeljevanje<\/h4>\n\n\n<p>Razli\u010dni odvetniki obravnavajo razli\u010dne zadeve. Poti umetne inteligence temeljijo na:<\/p>\n<ul>\n<li>Tekma na vadbenem obmo\u010dju<\/li>\n<li>Razpolo\u017eljivost odvetnika<\/li>\n<li>zahtevnost zadeve (vi\u0161ji in ni\u017eji odvetnik)<\/li>\n<li>Izravnava delovne obremenitve<\/li>\n<li>Navzkri\u017eja interesov (predhodno preverjanje)<\/li>\n<\/ul>\n\n<p>Pravi primer je samodejno dodeljen pravemu odvetniku. Osebje ne izvaja ro\u010dnega razvr\u0161\u010danja.<\/p>\n\n\n<hr class=\"wp-block-separator has-alpha-channel-opacity\"\/>\n\n\n\n<h3 class=\"wp-block-heading\">Kaj to pomeni za vas<\/h3>\n\n\n\n<h4 class=\"wp-block-heading\">Za odlo\u010devalce<\/h4>\n\n\n<p><strong>Ve\u010dja konverzija od povpra\u0161evanja do stranke.<\/strong><br \/>\nHitri odzivni \u010dasi so pomembni. \u010ce nekdo dobi takoj\u0161en odgovor in jasne nadaljnje korake, se bo bolj verjetno odlo\u010dil za va\u0161e podjetje.<\/p>\n\n<p><strong>Brez izgubljenih prilo\u017enosti.<\/strong><br \/>\nNujne zadeve so takoj ozna\u010dene. Poizvedbe ne ostanejo v nabiralnikih. Vsaka potencialna stranka dobi pravo\u010dasno pozornost.<\/p>\n\n<p><strong>Manj\u0161i upravni stro\u0161ki.<\/strong><br \/>\nOsebje porabi manj \u010dasa za razvr\u0161\u010danje e-po\u0161te, odgovarjanje na klice o osnovnih vpra\u0161anjih in urejanje informacij. Ve\u010d \u010dasa nameni vsebinskemu delu.<\/p>\n\n<p><strong>Bolj\u0161a dodelitev sredstev.<\/strong><br \/>\nZadeve so \u017ee od za\u010detka dodeljene pravemu odvetniku. Ne zapravljajte \u010dasa za zadeve, za katere ni pristojen.<\/p>\n\n\n<h4 class=\"wp-block-heading\">Za odvetnike<\/h4>\n\n\n<p><strong>Od prvega dne urejajte datoteke primerov.<\/strong><br \/>\nKo pregledate novo zadevo, so vse informacije \u017ee strukturirane. Osredoto\u010dite se na pravno analizo in ne na urejanje razpr\u0161enih podrobnosti.<\/p>\n\n<p><strong>Ni\u010d ve\u010d preobremenjenosti z e-po\u0161to.<\/strong><br \/>\nVidite zadeve, ki zahtevajo va\u0161o pozornost. Obdelana so rutinska vpra\u0161anja. Informacije so vnaprej organizirane.<\/p>\n\n<p><strong>Bolj\u0161i prvi vtis.<\/strong><br \/>\nKo pokli\u010dete potencialno stranko, \u017ee imate celotno sliko. Strokovno, pripravljeno, u\u010dinkovito.<\/p>\n\n<p><strong>Ve\u010d \u010dasa za pravno delo.<\/strong><br \/>\nManj \u010dasa za logistiko sprejema pomeni ve\u010d \u010dasa za primere, odnose s strankami in poslovni razvoj.<\/p>\n\n\n<h4 class=\"wp-block-heading\">Za potencialne stranke<\/h4>\n\n\n<p><strong>Hitri odzivi.<\/strong><br \/>\nNi treba \u010dakati 24-48 ur na prvi odziv. Takoj\u0161nja potrditev. Jasni naslednji koraki. Profesionalna izku\u0161nja od prvega stika.<\/p>\n\n<p><strong>Dostopnost 24 ur na dan, 7 dni v tednu za prvi stik.<\/strong><br \/>\nPravne nujne zadeve se ne dogajajo od 9 do 5. AI se odzove kadar koli, zagotovi za\u010detne napotke in nadaljnje ukrepe.<\/p>\n\n<p><strong>Jasna komunikacija.<\/strong><br \/>\nNobenega \"bomo se vam oglasili\". Natan\u010dne informacije o postopku, \u010dasovnem razporedu, naslednjih korakih in pri\u010dakovanjih.<\/p>\n\n\n<hr class=\"wp-block-separator has-alpha-channel-opacity\"\/>\n\n\n\n<h3 class=\"wp-block-heading\">Primer iz resni\u010dnega sveta: Sprejem v primeru osebne po\u0161kodbe<\/h3>\n\n\n<p>Nekdo izpolni spletni obrazec v soboto ob 23.00:<\/p>\n<p>\"Pred tremi tedni sem imel prometno nesre\u010do. Drugi voznik je prevozil rde\u010do lu\u010d. \u0160el sem na urgenco, zdaj pa hodim k zdravniku zaradi bole\u010din v hrbtu. Zavarovalnica je poklicala in \u017eeli izjavo. Ne vem, kaj naj storim. Potrebujem pomo\u010d.\"<\/p>\n\n<p><strong>Brez umetne inteligence:<\/strong><\/p>\n<ul>\n<li>Obrazec je v nabiralniku do ponedeljka zjutraj<\/li>\n<li>Osebje prebere v ponedeljek ob 9. uri zjutraj, posreduje odvetniku PI<\/li>\n<li>Odvetnik pregleda ponedeljek popoldne, prosi osebje, naj pokli\u010de stranko<\/li>\n<li>Osebje posku\u0161a vzpostaviti stik s stranko v ponedeljek ob 16.00, pusti glasovno po\u0161to<\/li>\n<li>Stranka pokli\u010de nazaj v torek, osebje zbere ve\u010d informacij<\/li>\n<li>Posvetovanje predvideno v \u010detrtek<\/li>\n<li>Prvi stik za posvetovanje je na\u010drtovan: 5 dni<\/li>\n<li>Stranka je v tem \u010dasu poklicala 2 drugi podjetji<\/li>\n<\/ul>\n\n<p><strong>Z umetno inteligenco:<\/strong><\/p>\n<ul>\n<li>AI takoj prebere obrazec (sobota, 23.00)<\/li>\n<li>Razvr\u0161\u010da: (zastaranje ni vpra\u0161anje, vendar so pomembni novi dokazi)<\/li>\n<li>Zastave: stik z zavarovalnico - nujno, stranka ne sme dati izjave brez odvetnika<\/li>\n<li>AI po\u0161lje takoj\u0161en odgovor: \"Hvala, ker ste stopili v stik z nami. POMEMBNO: Pred pogovorom z odvetnikom ne podajajte izjav zavarovalnici. V ponedeljek zjutraj bomo najprej napotili nekoga, ki bo stopil v stik z vami. Do takrat vam svetujemo, kaj morate storiti: [navodila za dokumentiranje po\u0161kodb, hrambo dokazov itd.<\/li>\n<li>AI ustvari strukturirano datoteko primera z vsemi podrobnostmi iz obrazca.<\/li>\n<li>AI poti do odvetnika PI z zastavico za nujnost<\/li>\n<li>Odvetnik obravnava primer v ponedeljek ob 8. uri zjutraj, stranko pokli\u010de neposredno ob 9. uri zjutraj<\/li>\n<li>Posvetovanje je na\u010drtovano za ponedeljek popoldne ali torek dopoldne<\/li>\n<li>Od prvega stika do na\u010drtovanega posvetovanja: manj kot 48 ur<\/li>\n<li>Stranka ni klicala drugih podjetij, ker se po\u010dutijo poskrbljeno<\/li>\n<\/ul>\n\n<p>Enak primer. Zelo razli\u010dna izku\u0161nja stranke. Ve\u010dja verjetnost pretvorbe v stranko.<\/p>\n\n\n<hr class=\"wp-block-separator has-alpha-channel-opacity\"\/>\n\n\n\n<h3 class=\"wp-block-heading\">\u010cesa umetna inteligenca ne po\u010dne<\/h3>\n\n\n<p>Jasno povejmo o omejitvah.<\/p>\n\n<p><strong>AI ne daje pravnih nasvetov.<\/strong><br \/>\nZagotavlja splo\u0161ne informacije in postopke v podjetju. Ne analizira specifi\u010dnih pravnih situacij in ne daje priporo\u010dil.<\/p>\n\n<p><strong>Umetna inteligenca ne nadome\u0161\u010da preverjanja konfliktov.<\/strong><br \/>\nNa podlagi imen strank lahko ozna\u010di morebitne konflikte, vendar mora \u010dlovek pred sodelovanjem opraviti ustrezno preverjanje konfliktov.<\/p>\n\n<p><strong>Umetna inteligenca ne sprejema odlo\u010ditev o sprejetju.<\/strong><br \/>\nOrganizira informacije in usmerja zadeve. Odvetnik se odlo\u010di, ali bo prevzel zadevo.<\/p>\n\n<p><strong>Umetna inteligenca ne obvladuje ob\u010dutljivih pogovorov.<\/strong><br \/>\nStranke v stiski, zapletene situacije ali stranke s posebnimi potrebami so dele\u017ene \u010dlove\u0161ke pozornosti. Umetna inteligenca prepozna, kdaj je treba stopnjevati postopek.<\/p>\n\n<p><strong>Umetna inteligenca ne nadome\u0161\u010da vzpostavljanja odnosov.<\/strong><br \/>\nUkvarja se z logistiko. Ljudje gradijo zaupanje, odnose in odnose s strankami.<\/p>\n\n<p>AI je koordinator za sprejem. Odvetniki so \u0161e vedno odvetniki.<\/p>\n\n\n<hr class=\"wp-block-separator has-alpha-channel-opacity\"\/>\n\n\n\n<h3 class=\"wp-block-heading\">Kako za\u010deti<\/h3>\n\n\n<p><strong>1. Za\u010drtajte svoj postopek sprejema.<\/strong><br \/>\nKako prihajajo poizvedbe? Po elektronski po\u0161ti? Spletni obrazci? Telefonski klici? Besedila? Kaj se zgodi z njimi? Kdo kaj obravnava?<\/p>\n\n<p><strong>2. Opredelite pogosta vpra\u0161anja in zadeve.<\/strong><br \/>\nKaj ponavljajo\u010de spra\u0161ujejo potencialne stranke? Katere informacije vedno potrebujete? Katera podro\u010dja prakse so najpogostej\u0161a?<\/p>\n\n<p><strong>3. Dokumentirajte predloge za odziv.<\/strong><br \/>\nKako se trenutno odzivate na razli\u010dne poizvedbe? Katere informacije zagotavljate? To je osnova za umetno inteligenco.<\/p>\n\n<p><strong>4. Dolo\u010dite pravila usmerjanja.<\/strong><br \/>\nKateri odvetnik se ukvarja s posameznimi podro\u010dji prakse? Kako dolo\u010date prednostne naloge? Kateri dejavniki dolo\u010dajo usmerjanje?<\/p>\n\n<p><strong>5. Za\u010dnite z enim dovodnim kanalom.<\/strong><br \/>\nZa\u010dnite s spletnimi obrazci ali e-po\u0161to. Ko bo sistem dobro deloval, dodajte druge kanale.<\/p>\n\n<p><strong>6. Spremljajte in izbolj\u0161ujte.<\/strong><br \/>\nPreverite, kako umetna inteligenca razvr\u0161\u010da in usmerja. Zagotovite povratne informacije. Sistem se z uporabo izbolj\u0161uje.<\/p>\n\n\n<hr class=\"wp-block-separator has-alpha-channel-opacity\"\/>\n\n\n\n<h3 class=\"wp-block-heading\">Pogosta vpra\u0161anja<\/h3>\n\n\n<p><strong>Ali lahko umetna inteligenca opravlja telefonske poizvedbe?<\/strong><br \/>\nDa, z integracijo telefona. Umetna inteligenca lahko prepisuje klice, pridobiva informacije in celo opravlja nekatere klice z glasovno umetno inteligenco (\u010deprav \u0161tevilna podjetja raje uporabljajo \u010dlove\u0161ki odzivnik).<\/p>\n\n<p><strong>Kaj \u010de umetna inteligenca naredi kaj narobe?<\/strong><br \/>\nEnostavna prerazporeditev. Umetna inteligenca se u\u010di iz popravkov. Natan\u010dnost usmerjanja se s\u010dasoma izbolj\u0161a, saj se sistem nau\u010di va\u0161ih vzorcev.<\/p>\n\n<p><strong>Ali to deluje z na\u0161im obstoje\u010dim sistemom za upravljanje primerov?<\/strong><br \/>\nVe\u010dina sistemov za upravljanje pravnih zadev ima API-je. Umetna inteligenca se lahko integrira za samodejno ustvarjanje primerov z organiziranimi informacijami.<\/p>\n\n<p><strong>Kaj pa zasebnost podatkov?<\/strong><br \/>\nInformacije o strankah se obdelujejo z ustrezno varnostjo. Sistem umetne inteligence mora biti zasnovan v skladu z zakonskimi zahtevami glede zaupnosti.<\/p>\n\n<p><strong>Ali lahko umetna inteligenca preverja konflikte?<\/strong><br \/>\nUmetna inteligenca lahko opravi predhodne preglede (ujemanje imen strank), za celovite preglede konfliktov pa je \u0161e vedno potreben \u010dlove\u0161ki pregled in ustrezno iskanje po zbirki podatkov o konfliktih.<\/p>\n\n<p><strong>Kaj se zgodi, \u010de umetna inteligenca ne\u010desa ne more razvrstiti?<\/strong><br \/>\nOzna\u010di se za \u010dlove\u0161ki pregled. Bolje je, da to preveri \u010dlovek, kot pa da se napa\u010dno usmeri.<\/p>\n\n\n<hr class=\"wp-block-separator has-alpha-channel-opacity\"\/>\n\n\n\n<h3 class=\"wp-block-heading\">Spodnja linija<\/h3>\n\n\n<p>Sprejemanje strank ni nujno kaoti\u010dno.<\/p>\n<p>Umetna inteligenca prebere vsako poizvedbo, jo razvrsti po vrsti in nujnosti, strukturira informacije, odgovori na rutinska vpra\u0161anja in po\u0161lje k pravemu odvetniku.<\/p>\n<p>Rezultat so hitrej\u0161i odzivni \u010dasi, vi\u0161je stopnje konverzije, ni\u017eji upravni stro\u0161ki in urejene datoteke primerov od prvega dne.<\/p>\n<p>Ni \u010darovnije. Samo prakti\u010dna avtomatizacija, ki izbolj\u0161a izku\u0161njo strank in u\u010dinkovitost ekipe.<\/p>\n\n\n<hr class=\"wp-block-separator has-alpha-channel-opacity\"\/>\n\n\n\n<h3 class=\"wp-block-heading\">Ste pripravljeni izbolj\u0161ati postopek sprejema?<\/h3>\n\n\n<p>Vsaka odvetni\u0161ka pisarna ima razli\u010dne poti sprejema, podro\u010dja prakse in delovne tokove.<\/p>\n<p>Ne prodajamo univerzalnih re\u0161itev. Upo\u0161tevamo va\u0161 poseben postopek sprejema. Ugotovimo, kje umetna inteligenca prina\u0161a najve\u010djo vrednost. Izdelamo sistem, ki ustreza potrebam va\u0161ega podjetja.<\/p>\n<p>Pogovorimo se o va\u0161ih izzivih pri vnosu in o tem, kje vam lahko pomaga umetna inteligenca.<\/p>\n\n<p><a href=\"https:\/\/www.leaplytics.de\/sl\/kontakt\/\">Razpravljajte o potrebah za sprejem strank<\/a><\/p>\n\n<p><a href=\"https:\/\/www.leaplytics.de\/sl\/pravno-pravo-ai\/\">Nazaj na Pregled pravne umetne inteligence<\/a><\/p>","protected":false},"excerpt":{"rendered":"<p>UI za sprejem strank in upravljanje primerov: Nenehno prihajajo nove zadeve. Elektronska sporo\u010dila. Telefonski klici. Spletni obrazci. Prihodi. Napotitve. Vsakemu je treba posvetiti pozornost. Vsakega je treba razumeti, kategorizirati, razvrstiti po pomembnosti in ga posredovati pravi osebi. Ko je delo po\u010dasno, to deluje dobro. Ko je veliko dela, se to zalomi... <\/p>","protected":false},"author":2,"featured_media":0,"parent":0,"menu_order":0,"comment_status":"closed","ping_status":"closed","template":"","meta":{"footnotes":""},"class_list":["post-14459","page","type-page","status-publish","hentry","latest_post"],"_links":{"self":[{"href":"https:\/\/www.leaplytics.de\/sl\/wp-json\/wp\/v2\/pages\/14459","targetHints":{"allow":["GET"]}}],"collection":[{"href":"https:\/\/www.leaplytics.de\/sl\/wp-json\/wp\/v2\/pages"}],"about":[{"href":"https:\/\/www.leaplytics.de\/sl\/wp-json\/wp\/v2\/types\/page"}],"author":[{"embeddable":true,"href":"https:\/\/www.leaplytics.de\/sl\/wp-json\/wp\/v2\/users\/2"}],"replies":[{"embeddable":true,"href":"https:\/\/www.leaplytics.de\/sl\/wp-json\/wp\/v2\/comments?post=14459"}],"version-history":[{"count":1,"href":"https:\/\/www.leaplytics.de\/sl\/wp-json\/wp\/v2\/pages\/14459\/revisions"}],"predecessor-version":[{"id":14464,"href":"https:\/\/www.leaplytics.de\/sl\/wp-json\/wp\/v2\/pages\/14459\/revisions\/14464"}],"wp:attachment":[{"href":"https:\/\/www.leaplytics.de\/sl\/wp-json\/wp\/v2\/media?parent=14459"}],"curies":[{"name":"wp","href":"https:\/\/api.w.org\/{rel}","templated":true}]}}