{"id":14460,"date":"2025-12-19T01:51:00","date_gmt":"2025-12-19T00:51:00","guid":{"rendered":"https:\/\/www.leaplytics.de\/?page_id=14460"},"modified":"2025-12-19T01:51:01","modified_gmt":"2025-12-19T00:51:01","slug":"preverjanje-skladnosti-politike-ai","status":"publish","type":"page","link":"https:\/\/www.leaplytics.de\/sl\/preverjanje-skladnosti-politike-ai\/","title":{"rendered":"Preverjanje skladnosti in politike AI"},"content":{"rendered":"<h2>UI za preverjanje skladnosti in pravilnikov: Nehajte upati, da niste \u010desa spregledali<\/h2>\n\n<p>Pravila so povsod. Zvezni zakoni. Dr\u017eavni zakoni. Industrijski predpisi. Pravila podjetja. Pogodbene obveznosti. Zahteve za varstvo podatkov.<\/p>\n<p>Vsak dokument mora biti skladen. Vsako politiko je treba posodobiti, ko se spremenijo predpisi. Vsako pogodbo je treba preveriti glede na ve\u010d sklopov pravil.<\/p>\n<p>Skladnost ni neobvezna. Stro\u0161ki opustitve so visoki: globe, to\u017ebe, regulativne preiskave, \u0161koda na ugledu.<\/p>\n<p>Te\u017eava? Preverjanje skladnosti je ro\u010dno. Zahteva veliko \u010dasa. Zlahka kaj spregledate, ko pregledate 15. pogodbo tistega dne.<\/p>\n<p>Umetna inteligenca to spremeni. Vsak dokument preveri glede na vsa pravila. Ugotavlja vrzeli. Spremlja spremembe predpisov. Predlaga posodobitve.<\/p>\n<p>Sistemati\u010dno preverjate skladnost, namesto da bi upali, da vam ni\u010d ne uide.<\/p>\n\n\n<hr class=\"wp-block-separator has-alpha-channel-opacity\"\/>\n\n\n\n<h3 class=\"wp-block-heading\">Te\u017eava s skladnostjo<\/h3>\n\n\n<p>Delo v zvezi s skladnostjo je preprosto, vendar zamudno: preverite, ali dokumenti izpolnjujejo zahtevane standarde.<\/p>\n\n<p>Pogosti scenariji skladnosti:<\/p>\n<ul>\n<li>Politike zasebnosti morajo vklju\u010devati posebna razkritja GDPR<\/li>\n<li>Pogoji uporabe storitev morajo vklju\u010devati obvezne dolo\u010dbe, specifi\u010dne za posamezno dr\u017eavo.<\/li>\n<li>Pogodbe morajo biti skladne s podro\u010dnimi predpisi (HIPAA, SOX, PCI-DSS).<\/li>\n<li>Kadrovske politike morajo odra\u017eati veljavno zakonodajo o zaposlovanju.<\/li>\n<li>Nalepke na izdelkih morajo izpolnjevati zahteve FDA.<\/li>\n<li>Finan\u010dni dokumenti morajo izpolnjevati pravila o razkritju<\/li>\n<li>Tr\u017eno gradivo mora biti v skladu s predpisi o ogla\u0161evanju<\/li>\n<\/ul>\n\n<p>Tradicionalno preverjanje skladnosti:<\/p>\n<ul>\n<li>Vodenje kontrolnih seznamov zahtev<\/li>\n<li>ro\u010dno pregledovanje dokumentov glede na kontrolne sezname<\/li>\n<li>Posku\u0161ajte slediti spremembam predpisov<\/li>\n<li>Posodabljanje dokumentov, ko se spremenijo predpisi.<\/li>\n<li>Upam, da niste ni\u010desar zamudili<\/li>\n<li>Ko vas kaznujejo ali to\u017eijo, ugotovite, da ste nekaj zamudili.<\/li>\n<\/ul>\n\n<p>Te\u017eave:<\/p>\n<ul>\n<li>Ro\u010dno preverjanje je po\u010dasno in nedosledno.<\/li>\n<li>Zahteve se spreminjajo hitreje, kot jim lahko sledite<\/li>\n<li>V razli\u010dnih jurisdikcijah veljajo razli\u010dna pravila<\/li>\n<li>Nih\u010de ne more imeti v glavi ve\u010d sto zahtev<\/li>\n<li>Pritisk po hitrem ukrepanju vodi do bli\u017enjic<\/li>\n<li>Ni dokaza, da ste dejansko preverili vse<\/li>\n<\/ul>\n\n<p>Rezultat: Skladnost postane le preverjanje izpolnjevanja okenc. Dokler ne gre kaj narobe.<\/p>\n\n\n<hr class=\"wp-block-separator has-alpha-channel-opacity\"\/>\n\n\n\n<h3 class=\"wp-block-heading\">Kaj umetna inteligenca omogo\u010da pri preverjanju skladnosti in politik<\/h3>\n\n\n<p>UI pozna pravila. Prebere dokumente. Primerja ju. Nikoli se ne utruja. Nikoli ne pozabi zahteve.<\/p>\n<p>Ne nadome\u0161\u010da strokovnega znanja o skladnosti. Skladnost postane sistemati\u010dna in ne prilo\u017enostna.<\/p>\n\n\n<h4 class=\"wp-block-heading\">1. Avtomatizirano preverjanje skladnosti<\/h4>\n\n\n<p>Dru\u017ebi AI posredujete svoje zahteve glede skladnosti. UI preveri vsak dokument glede na te zahteve.<\/p>\n\n<p><strong>Primer: Preverjanje politike zasebnosti GDPR<\/strong><\/p>\n<p>GDPR zahteva posebna razkritja. AI preveri va\u0161 pravilnik o zasebnosti glede:<\/p>\n<ul>\n<li>Identiteta in kontaktni podatki upravljavca podatkov<\/li>\n<li>Kontaktni podatki poobla\u0161\u010dene osebe za varstvo podatkov (\u010de je primerno)<\/li>\n<li>Nameni obdelave podatkov<\/li>\n<li>Pravna podlaga za obdelavo<\/li>\n<li>Zakoniti interesi (\u010de je primerno)<\/li>\n<li>Prejemniki ali kategorije prejemnikov<\/li>\n<li>Mednarodni prenosi podatkov (\u010de je primerno)<\/li>\n<li>Obdobja hrambe<\/li>\n<li>Pravice posameznikov, na katere se nana\u0161ajo osebni podatki (dostop, popravek, izbris itd.)<\/li>\n<li>Pravica do preklica privolitve<\/li>\n<li>Pravica do vlo\u017eitve prito\u017ebe pri nadzornem organu<\/li>\n<li>Razkritja v zvezi z avtomatiziranim odlo\u010danjem (\u010de je primerno)<\/li>\n<\/ul>\n\n<p>AI se vra\u010da:<\/p>\n<ul>\n<li>\u2713 Prisoten: Seznam izpolnjenih zahtev<\/li>\n<li>\u2717 Manjka: Seznam zahtev ni bil najden<\/li>\n<li>\u26a0 Nejasno: Zahteve so morda obravnavane, vendar niso jasno navedene<\/li>\n<\/ul>\n\n<p>Vrzeli odpravite, \u0161e preden jih odkrijejo regulatorji.<\/p>\n\n\n<h4 class=\"wp-block-heading\">2. Zahtevano preverjanje vsebine<\/h4>\n\n\n<p>Nekateri dokumenti morajo vsebovati poseben jezik. Beseda za besedo. UI ga preveri.<\/p>\n\n<p><strong>Primer: Razkritja za posamezne dr\u017eave<\/strong><\/p>\n\n<p>Kalifornija zahteva posebno besedilo v arbitra\u017enih sporazumih o zaposlitvi. New York zahteva posebno besedilo v sporazumih o poravnavi s klavzulo o zaupnosti.<\/p>\n\n<p>Preverjanja umetne inteligence:<\/p>\n<ul>\n<li>Ali je prisoten zahtevani jezik?<\/li>\n<li>Ali je dovolj vidna (\u010de je potrebna vidnost)?<\/li>\n<li>Ali se uporablja trenutna razli\u010dica (\u010de je bil jezik posodobljen)?<\/li>\n<\/ul>\n\n<p>Ne zana\u0161ate se na spomin ali zastarele predloge.<\/p>\n\n\n<h4 class=\"wp-block-heading\">3. Skladnost z ve\u010d jurisdikcijami<\/h4>\n\n\n<p>Razli\u010dne dr\u017eave, razli\u010dna pravila. Razli\u010dne dr\u017eave, razli\u010dna pravila. Isti dokument bo morda moral biti skladen z ve\u010d sklopi pravil.<\/p>\n\n<p>AI preverja vse ustrezne jurisdikcije hkrati.<\/p>\n\n<p><strong>Primer: Pogoji storitve za storitev v ve\u010d dr\u017eavah<\/strong><\/p>\n\n<p>Va\u0161e podjetje posluje v Kaliforniji, New Yorku in Teksasu. Vsaka dr\u017eava ima posebne zahteve za potro\u0161ni\u0161ke pogodbe.<\/p>\n\n<p>AI preveri pogoje storitve glede na:<\/p>\n<ul>\n<li>Kalifornijski zakoni o varstvu potro\u0161nikov<\/li>\n<li>Zahteve zakona o samodejnem podalj\u0161anju v Kaliforniji<\/li>\n<li>Newyor\u0161ki predpisi o varstvu potro\u0161nikov<\/li>\n<li>Posebne dolo\u010dbe za zvezno dr\u017eavo Teksas<\/li>\n<li>Zvezni predpisi (FTC itd.)<\/li>\n<\/ul>\n\n<p>Rezultati prikazujejo stanje skladnosti glede na jurisdikcijo. Natan\u010dno vidite, kaj je treba dodati za vsako dr\u017eavo.<\/p>\n\n\n<h4 class=\"wp-block-heading\">4. Spremljanje regulativnih sprememb<\/h4>\n\n\n<p>Spreminjajo se predpisi. Sprejeti so novi zakoni. Agencije izdajajo nove smernice. Sodne odlo\u010dbe postavljajo nove zahteve.<\/p>\n\n<p>AI spremlja ustrezne vire:<\/p>\n<ul>\n<li>Posodobitve zveznega registra<\/li>\n<li>Spremembe dr\u017eavne zakonodaje<\/li>\n<li>Navodila in razlage Agencije<\/li>\n<li>Sodne odlo\u010dbe, ki vplivajo na skladnost<\/li>\n<li>Regulativni organi za posamezno panogo<\/li>\n<\/ul>\n\n<p>Ko se spremeni nekaj, kar vpliva na vas, to ozna\u010di z umetno inteligenco:<\/p>\n<ul>\n<li>Kaj se je spremenilo<\/li>\n<li>Datum za\u010detka veljavnosti<\/li>\n<li>Kateri dokumenti so prizadeti<\/li>\n<li>Kaj je treba posodobiti<\/li>\n<\/ul>\n\n<p>Spremembe predpisov ne ugotovite, ko prejmete obvestilo o kr\u0161itvi.<\/p>\n\n\n<h4 class=\"wp-block-heading\">5. Analiza pomanjkljivosti in predlogi za odpravo pomanjkljivosti<\/h4>\n\n\n<p>Iskanje vrzeli je ena stvar. Druga pa je vedeti, kako jih odpraviti.<\/p>\n\n<p>Umetna inteligenca ne le prepozna manjkajo\u010de zahteve, temve\u010d predlaga tudi jezik za njihovo obravnavo.<\/p>\n\n<p><strong>Primer:<\/strong><\/p>\n<p><em>Ugotovljena vrzel: \"(2)(a) \u010dlena 13(2) Splo\u0161ne uredbe o varstvu podatkov.\"<\/em><\/p>\n\n<p><em>Predlagani jezik: \"Osebne podatke hranimo [navedite obdobja] ali tako dolgo, kot je potrebno za izpolnitev namenov, za katere so bili zbrani, razen \u010de zakon zahteva dalj\u0161e obdobje hrambe.\"<\/em><\/p>\n\n<p>Ne za\u010dnete od za\u010detka. Pregledate in prilagodite predlagani jezik.<\/p>\n\n\n<h4 class=\"wp-block-heading\">6. Nadzor nad razli\u010dicami politik in revizijska sled<\/h4>\n\n\n<p>Skladnost pomeni, da doka\u017eete, da ste jo upo\u0161tevali. UI ustvarja dokumentacijo:<\/p>\n<ul>\n<li>Ko je bila vsaka politika preverjena<\/li>\n<li>Katere zahteve so bile preverjene<\/li>\n<li>Katere vrzeli so bile ugotovljene<\/li>\n<li>Katere posodobitve so bile opravljene<\/li>\n<li>Ko so posodobitve za\u010dele delovati v \u017eivo<\/li>\n<li>Kdo je odobril spremembe<\/li>\n<\/ul>\n\n<p>V primeru revizije ali poizvedbe o skladnosti imate na voljo jasne zapise.<\/p>\n\n\n<hr class=\"wp-block-separator has-alpha-channel-opacity\"\/>\n\n\n\n<h3 class=\"wp-block-heading\">Kaj to pomeni za vas<\/h3>\n\n\n\n<h4 class=\"wp-block-heading\">Za odlo\u010devalce<\/h4>\n\n\n<p><strong>Manj\u0161e tveganje skladnosti.<\/strong><br \/>\nSistemati\u010dno preverjanje odpravi pomanjkljivosti, \u0161e preden postanejo kr\u0161itve. Manj glob. Manj regulativnih vpra\u0161anj. Manj to\u017eb.<\/p>\n\n<p><strong>Postopki, pripravljeni na revizijo.<\/strong><br \/>\nJasna dokumentacija o tem, kaj je bilo preverjeno, kdaj in kak\u0161ni ukrepi so bili sprejeti. Regulatorji vidijo profesionalni program skladnosti.<\/p>\n\n<p><strong>Hitrej\u0161e posodobitve dokumentov.<\/strong><br \/>\nKo se predpisi spremenijo, natan\u010dno veste, kaj je treba posodobiti. Nobenega velikega pretiravanja, da bi vse pregledali.<\/p>\n\n<p><strong>Dosledna skladnost v celotni organizaciji.<\/strong><br \/>\nVsak dokument je enako temeljito pregledan. Ni odstopanj glede na to, kdo je zaposlen ali kdo je kaj pozabil preveriti.<\/p>\n\n\n<h4 class=\"wp-block-heading\">Za odvetnike in ekipe za skladnost<\/h4>\n\n\n<p><strong>Sistemati\u010dno preverjanje namesto pomnilnika.<\/strong><br \/>\nNi si treba zapomniti 200 zahtev. Umetna inteligenca jih vedno preveri.<\/p>\n\n<p><strong>Dokaz, da ste opravili svoje delo.<\/strong><br \/>\nJasna evidenca o opravljenih preverjanjih skladnosti. \u010ce gre kaj narobe, lahko doka\u017eete skrbnost.<\/p>\n\n<p><strong>Proaktivni namesto reaktivni.<\/strong><br \/>\nTe\u017eave odkrijete med razvojem in ne po objavi. O spremembah predpisov boste izvedeli, \u0161e preden vas bodo stranke o njih povpra\u0161ale.<\/p>\n\n<p><strong>Osredoto\u010dite se na kompleksne presoje.<\/strong><br \/>\nUmetna inteligenca skrbi za rutinsko preverjanje skladnosti. Vi se osredoto\u010dite na siva podro\u010dja, oceno tveganja in strate\u0161ke odlo\u010ditve o skladnosti.<\/p>\n\n\n<h4 class=\"wp-block-heading\">Za podjetje<\/h4>\n\n\n<p><strong>Delujte hitro, ne da bi kr\u0161ili pravila.<\/strong><br \/>\nPreverjanje skladnosti ne upo\u010dasni vsega. Hitri samodejni pregledi vam omogo\u010dajo hitro in varno napredovanje.<\/p>\n\n<p><strong>Zmanj\u0161ajte stro\u0161ke usklajevanja.<\/strong><br \/>\nManj \u010dasa za ro\u010dno preverjanje. Manj te\u017eav s skladnostjo, ki zahtevajo drago sanacijo. Manj\u0161e tveganje za globe.<\/p>\n\n<p><strong>Gradite zaupanje z zainteresiranimi stranmi.<\/strong><br \/>\nStranke, partnerji in regulatorji vidijo podjetje, ki resno jemlje skladnost.<\/p>\n\n\n<hr class=\"wp-block-separator has-alpha-channel-opacity\"\/>\n\n\n\n<h3 class=\"wp-block-heading\">Primer iz resni\u010dnega sveta: Posodobitev pravilnika o zasebnosti na spletni strani<\/h3>\n\n\n<p>Va\u0161e podjetje posluje v ZDA in EU. GDPR je bila posodobljena z novimi zahtevami.<\/p>\n\n<p><strong>Brez umetne inteligence:<\/strong><\/p>\n<ul>\n<li>Ekipa za skladnost se seznani s posodobitvijo (s\u010dasoma)<\/li>\n<li>Pregled novih zahtev<\/li>\n<li>Poi\u0161\u010de trenutni dokument o politiki zasebnosti<\/li>\n<li>Ro\u010dno branje pravilnika<\/li>\n<li>posku\u0161a si zapomniti vse nove zahteve GDPR<\/li>\n<li>Posodobitve osnutkov<\/li>\n<li>Po\u0161lje pravni slu\u017ebi v pregled.<\/li>\n<li>Pravni pregledi in ureditve<\/li>\n<li>Posodobitve gredo skozi postopek odobritve<\/li>\n<li>Ekipa za spletno stran uvaja spremembe<\/li>\n<li>\u010cas: 3-6 tednov<\/li>\n<li>Tveganje: Morda ste kaj spregledali<\/li>\n<\/ul>\n\n<p><strong>Z umetno inteligenco:<\/strong><\/p>\n<ul>\n<li>Umetna inteligenca zazna posodobitev GDPR (na dan objave)<\/li>\n<li>Zastave AI: \"Nove zahteve GDPR vplivajo na va\u0161o politiko zasebnosti\"<\/li>\n<li>umetna inteligenca preveri veljavno politiko glede na nove zahteve.<\/li>\n<li>AI ustvari poro\u010dilo: \"Manjkajo 3 obvezna razkritja\" s posebnostmi<\/li>\n<li>Umetna inteligenca predlaga jezik za vsak manjkajo\u010di element<\/li>\n<li>Skladnost pregleda predloge AI in jih prilagodi<\/li>\n<li>Pravni pregledi predlaganih sprememb<\/li>\n<li>Posodobitve gredo skozi postopek odobritve<\/li>\n<li>Ekipa za spletno stran uvaja spremembe<\/li>\n<li>AI preveri, ali posodobljena politika izpolnjuje vse zahteve.<\/li>\n<li>\u010cas: 3-5 dni<\/li>\n<li>Tveganje: celovito preverjanje izpolnjevanja vseh zahtev<\/li>\n<\/ul>\n\n<p>Enaka kakovost. 75% je hitrej\u0161i. Bolj\u0161a dokumentacija. Ve\u010dje zaupanje.<\/p>\n\n\n<hr class=\"wp-block-separator has-alpha-channel-opacity\"\/>\n\n\n\n<h3 class=\"wp-block-heading\">\u010cesa umetna inteligenca ne po\u010dne<\/h3>\n\n\n<p>Jasno povejmo, \u010desa umetna inteligenca ne more narediti.<\/p>\n\n<p><strong>UI ne razlaga dvoumnih predpisov.<\/strong><br \/>\n\u010ce je zakonodaja jasna, umetna inteligenca preverja njeno spo\u0161tovanje. Kadar je potrebna razlaga, se ljudje odlo\u010dijo, kako ravnati v skladu z zakonodajo.<\/p>\n\n<p><strong>Umetna inteligenca ne sprejema poslovnih odlo\u010ditev o tveganju.<\/strong><br \/>\nUgotavlja vrzeli v skladnosti. Odlo\u010dite se, ali jih boste takoj odpravili, sprejeli tveganje ali poiskali druga\u010den pristop.<\/p>\n\n<p><strong>Umetna inteligenca ne nadome\u0161\u010da presoje o skladnosti.<\/strong><br \/>\nV\u010dasih skladnost ni \u010drno-bela. Umetna inteligenca ozna\u010di te\u017eavo. Strokovnjak za skladnost presodi.<\/p>\n\n<p><strong>Umetna inteligenca se ne posodablja samodejno za vedno.<\/strong><br \/>\nRegulativno spremljanje zahteva vzdr\u017eevanje. V nabor pravil umetne inteligence je treba dodati nove predpise. To mora nekdo upravljati.<\/p>\n\n<p><strong>Zaradi umetne inteligence ne boste postali skladni s predpisi.<\/strong><br \/>\nZ njim lahko preverite skladnost. \u0160e vedno pa morate odpraviti pomanjkljivosti, izvajati politike in slediti njihovemu izvajanju.<\/p>\n\n<p>UI je orodje za zagotavljanje skladnosti. Strokovnjaki za skladnost so \u0161e vedno nujni.<\/p>\n\n\n<hr class=\"wp-block-separator has-alpha-channel-opacity\"\/>\n\n\n\n<h3 class=\"wp-block-heading\">Kako za\u010deti<\/h3>\n\n\n<p><strong>1. Dolo\u010dite svoje zahteve glede skladnosti.<\/strong><br \/>\nKateri predpisi veljajo za va\u0161e podjetje? Katere industrijske standarde morate izpolnjevati? Katere pogodbene obveznosti imate?<\/p>\n\n<p><strong>2. Dokumentirajte svoje trenutne kontrolne sezname skladnosti.<\/strong><br \/>\nKaj trenutno preverjate? Kaj bi morali preveriti? Izrecno navedite, kaj je treba preveriti.<\/p>\n\n<p><strong>3. Dolo\u010dite prednostne naloge glede na tveganje.<\/strong><br \/>\nZa\u010dnite s podro\u010dji skladnosti z visokim tveganjem (GDPR, HIPAA, finan\u010dni predpisi). Kasneje dodajte podro\u010dja z manj\u0161im tveganjem.<\/p>\n\n<p><strong>4. Sestavite nabore pravil umetne inteligence.<\/strong><br \/>\nUsposabljanje umetne inteligence za zahteve glede skladnosti. \u010cim bolj jasna in konkretna je, tem bolje.<\/p>\n\n<p><strong>5. Preizkusite obstoje\u010de dokumente.<\/strong><br \/>\nIzvedite preverjanje skladnosti trenutnih pravilnikov in pogodb z umetno inteligenco. Oglejte si, kaj najde. Potrdite to\u010dnost.<\/p>\n\n<p><strong>6. Vklju\u010ditev v delovni proces.<\/strong><br \/>\nPreverjanje skladnosti umetne inteligence naj bo standardni korak. Osnutek dokumenta \u2192 preverjanje umetne inteligence \u2192 pregled s strani \u010dloveka \u2192 odobritev.<\/p>\n\n<p><strong>7. Spremljajte in izbolj\u0161ujte.<\/strong><br \/>\nSpremljajte la\u017eno pozitivne in la\u017eno negativne rezultate. Izbolj\u0161ajte pravila umetne inteligence. Posodabljajte regulativno spremljanje.<\/p>\n\n\n<hr class=\"wp-block-separator has-alpha-channel-opacity\"\/>\n\n\n\n<h3 class=\"wp-block-heading\">Pogosta vpra\u0161anja<\/h3>\n\n\n<p><strong>Katere predpise lahko AI preveri?<\/strong><br \/>\nVsi predpisi z jasnimi in dokumentiranimi zahtevami. GDPR, CCPA, HIPAA, SOX, specifi\u010dni industrijski predpisi. Bolj ko je pravilnik jasen, bolje deluje umetna inteligenca.<\/p>\n\n<p><strong>Ali lahko umetna inteligenca obvladuje politike, specifi\u010dne za posamezno podjetje?<\/strong><br \/>\nDa. UI lahko preveri dokumente glede na notranje politike, smernice blagovnih znamk, pogodbene standarde in zahteve, specifi\u010dne za podjetje.<\/p>\n\n<p><strong>Kaj pa skladnost s predpisi za posamezno panogo?<\/strong><br \/>\nUI je mogo\u010de usposobiti za industrijske predpise (finan\u010dne storitve, zdravstvo, proizvodnja itd.). Za pravilno nastavitev je potrebno strokovno znanje s podro\u010dja.<\/p>\n\n<p><strong>Kako natan\u010dno je preverjanje skladnosti z umetno inteligenco?<\/strong><br \/>\nZa izrecne zahteve (posebna razkritja, zahtevani jezik): 90-95%. Za razlagalne zahteve: Za interpretacije: ni\u017eje, zahteva \u010dlove\u0161ko presojo. Zato je \u010dlove\u0161ki pregled \u0161e vedno bistvenega pomena.<\/p>\n\n<p><strong>Ali to velja za mednarodno skladnost?<\/strong><br \/>\nDa. UI lahko preveri predpise ve\u010d dr\u017eav. To je \u0161e posebej koristno za podjetja, ki poslujejo v razli\u010dnih jurisdikcijah.<\/p>\n\n<p><strong>Kako umetno inteligenco obve\u0161\u010date o spremembah predpisov?<\/strong><br \/>\nKombinacija samodejnega spremljanja in strokovnega pregleda. Ve\u010dje spremembe so ozna\u010dene samodejno. Strokovnjaki potrjujejo in posodabljajo nabore pravil umetne inteligence.<\/p>\n\n\n<hr class=\"wp-block-separator has-alpha-channel-opacity\"\/>\n\n\n\n<h3 class=\"wp-block-heading\">Spodnja linija<\/h3>\n\n\n<p>Skladnost ni odvisna od spomina in upanja.<\/p>\n<p>UI sistemati\u010dno preverja dokumente glede na regulativne zahteve. Spremlja spremembe. Ozna\u010duje vrzeli. Predlaga popravke. Vse dokumentira.<\/p>\n<p>Rezultat je manj\u0161e tveganje skladnosti, hitrej\u0161e posodabljanje dokumentov, bolj\u0161a pripravljenost na revizijo in ekipe za skladnost, ki namesto ro\u010dnega preverjanja opravljajo strate\u0161ko delo.<\/p>\n<p>Ni \u010darovnije. Samo sistemati\u010dno preverjanje skladnosti v velikem obsegu.<\/p>\n\n\n<hr class=\"wp-block-separator has-alpha-channel-opacity\"\/>\n\n\n\n<h3 class=\"wp-block-heading\">Ste pripravljeni izbolj\u0161ati preverjanje skladnosti?<\/h3>\n\n\n<p>Vsaka organizacija ima razli\u010dne zahteve glede skladnosti, profile tveganja in postopke.<\/p>\n<p>Ne prodajamo splo\u0161nih orodij za zagotavljanje skladnosti. Upo\u0161tevamo va\u0161e specifi\u010dne predpise in izzive glede skladnosti. Ugotovimo, kje umetna inteligenca prina\u0161a najve\u010djo vrednost. Zgradimo sisteme za preverjanje, ki ustrezajo va\u0161im potrebam.<\/p>\n<p>Pogovorimo se o va\u0161ih zahtevah glede skladnosti in o tem, kje vam lahko pomaga umetna inteligenca.<\/p>\n\n<p><a href=\"https:\/\/www.leaplytics.de\/sl\/kontakt\/\">Razpravljajte o svojih potrebah glede skladnosti<\/a><\/p>\n\n<p><a href=\"https:\/\/www.leaplytics.de\/sl\/pravno-pravo-ai\/\">Nazaj na Pregled pravne umetne inteligence<\/a><\/p>","protected":false},"excerpt":{"rendered":"<p>AI for Compliance &#038; Policy Checking: Stop Hoping You Didn&#8217;t Miss Something Rules are everywhere. Federal laws. State laws. Industry regulations. Company policies. Contractual obligations. Data protection requirements. Every document needs to comply. Every policy needs updating when regulations change. Every contract needs checking against multiple rule sets. Compliance isn&#8217;t optional. The cost of missing &hellip; <\/p>","protected":false},"author":2,"featured_media":0,"parent":0,"menu_order":0,"comment_status":"closed","ping_status":"closed","template":"","meta":{"footnotes":""},"class_list":["post-14460","page","type-page","status-publish","hentry","latest_post"],"_links":{"self":[{"href":"https:\/\/www.leaplytics.de\/sl\/wp-json\/wp\/v2\/pages\/14460","targetHints":{"allow":["GET"]}}],"collection":[{"href":"https:\/\/www.leaplytics.de\/sl\/wp-json\/wp\/v2\/pages"}],"about":[{"href":"https:\/\/www.leaplytics.de\/sl\/wp-json\/wp\/v2\/types\/page"}],"author":[{"embeddable":true,"href":"https:\/\/www.leaplytics.de\/sl\/wp-json\/wp\/v2\/users\/2"}],"replies":[{"embeddable":true,"href":"https:\/\/www.leaplytics.de\/sl\/wp-json\/wp\/v2\/comments?post=14460"}],"version-history":[{"count":1,"href":"https:\/\/www.leaplytics.de\/sl\/wp-json\/wp\/v2\/pages\/14460\/revisions"}],"predecessor-version":[{"id":14466,"href":"https:\/\/www.leaplytics.de\/sl\/wp-json\/wp\/v2\/pages\/14460\/revisions\/14466"}],"wp:attachment":[{"href":"https:\/\/www.leaplytics.de\/sl\/wp-json\/wp\/v2\/media?parent=14460"}],"curies":[{"name":"wp","href":"https:\/\/api.w.org\/{rel}","templated":true}]}}