{"id":14495,"date":"2025-12-19T01:58:56","date_gmt":"2025-12-19T00:58:56","guid":{"rendered":"https:\/\/www.leaplytics.de\/?page_id=14495"},"modified":"2025-12-19T01:58:57","modified_gmt":"2025-12-19T00:58:57","slug":"avtomatizacija-procesov-delovni-tok-ai","status":"publish","type":"page","link":"https:\/\/www.leaplytics.de\/sl\/avtomatizacija-procesov-delovni-tok-ai\/","title":{"rendered":"Avtomatizacija procesov in umetna inteligenca delovnih tokov"},"content":{"rendered":"<h2>UI za avtomatizacijo procesov in potek dela<\/h2>\n\n<p>Operacije potekajo v procesih. Od naro\u010dila do izpolnitve. Od zahteve do re\u0161itve. Od naloge do zaklju\u010dka. Vse poteka po korakih.<\/p>\n<p>Ko procesi delujejo nemoteno, stvari te\u010dejo teko\u010de. Kadar ne, se vse zatakne. Naloge se kopi\u010dijo. Predaja nalog je neuspe\u0161na. Ljudje zapravljajo \u010das z vpra\u0161anji \"kje je to?\" in \"kdo ima to?\"<\/p>\n<p>Ve\u010dina te\u017eav s procesi ni posledica tega, da ljudem ni mar. So zato, ker so procesi ro\u010dni. Nekdo mora to usmerjati. Nekdo mora to odobriti. Nekdo mora preveriti, ali je bil prej\u0161nji korak opravljen.<\/p>\n<p>Umetna inteligenca lahko avtomatizira rutinske dele. Ne nadome\u0161\u010da \u010dlove\u0161ke presoje, temve\u010d le opravlja delo, ki temelji na pravilih in ga ne potrebuje.<\/p>\n<p>Va\u0161a ekipa ne bo ve\u010d sledila postopkom in bo za\u010dela re\u0161evati te\u017eave.<\/p>\n\n\n<hr class=\"wp-block-separator has-alpha-channel-opacity\"\/>\n\n\n\n<h3 class=\"wp-block-heading\">Zakaj se ro\u010dni procesi pokvarijo<\/h3>\n\n\n<p>Imate SOP. Dokumentirane postopke. Jasne korake, kako naj bi stvari delovale.<\/p>\n<p>Vendar je izvedba ro\u010dna. Nekdo prejme zahtevo. Ugotovijo, kdo jo mora obravnavati. Po\u0161lje jo naprej. Sledijo nadaljnji ukrepi, da se prepri\u010dajo, da je bilo to storjeno.<\/p>\n<p>Ko je glasnost majhna, to deluje. Ko je obseg velik, stvari padejo skozi razpoke:<\/p>\n<ul>\n<li>Naloge so bile preusmerjene na napa\u010dno ekipo<\/li>\n<li>Odobritve, ki \u010dakajo v nabiralniku nekoga, ki ga ni v pisarni.<\/li>\n<li>Koraki so presko\u010deni, ker nih\u010de ni preveril dokon\u010danja<\/li>\n<li>Izjeme se ujamejo \u0161ele prepozno<\/li>\n<li>Nih\u010de ne ve, kje se kaj nahaja v procesu.<\/li>\n<\/ul>\n\n<p>Va\u0161a ekipa ve\u010d \u010dasa porabi za usklajevanje kot za izvajanje. Sestanki za spremljanje stanja. Elektronska sporo\u010dila, ki i\u0161\u010dejo posodobitve. Eskalacije, ker se je nekaj zataknilo.<\/p>\n<p>Ne zato, ker ljudje slabo opravljajo svoje delo. Ker ro\u010dno usklajevanje ne deluje na veliko.<\/p>\n\n\n<hr class=\"wp-block-separator has-alpha-channel-opacity\"\/>\n\n\n\n<h3 class=\"wp-block-heading\">Kako umetna inteligenca vpliva na avtomatizacijo procesov<\/h3>\n\n\n<p>Umetna inteligenca skrbi za rutinsko sprejemanje odlo\u010ditev v va\u0161ih procesih. Pravila uporablja takoj. Pravilno usmerja delo. Spremlja napredek. Ujema izjeme.<\/p>\n<p>Va\u0161a ekipa se osredoto\u010da na samo delo in ne na usklajevanje okoli njega.<\/p>\n\n\n<h4 class=\"wp-block-heading\">Inteligentno usmerjanje nalog<\/h4>\n\n\n<p>Pri\u0161lo je novo naro\u010dilo. Kam gre? V katero skladi\u0161\u010de? Katera ekipa? Odvisno od lokacije, vrste izdelka, ravni zalog in zmogljivosti ekipe.<\/p>\n<p>Nekdo mora vse to ro\u010dno pregledati in se odlo\u010diti. Z umetno inteligenco se to zgodi takoj:<\/p>\n<ul>\n<li>analizira podrobnosti zahteve<\/li>\n<li>Preverja trenutno delovno obremenitev v skupinah.<\/li>\n<li>Upo\u0161teva potrebna znanja in spretnosti ter certifikate.<\/li>\n<li>Dejavniki lokacije in logistike<\/li>\n<li>Poti do optimalne ekipe<\/li>\n<\/ul>\n\n<p>Ne le hitreje - tudi bolj dosledno. Vedno velja ista logika. Nobenih razlik glede na to, kdo jo je opravil.<\/p>\n<p>Posebni primeri? Umetna inteligenca jih ozna\u010di za \u010dlove\u0161ko usmerjanje. Rutinski primeri (to je ve\u010dina primerov) pa potekajo samodejno.<\/p>\n\n\n<h4 class=\"wp-block-heading\">Pametno upravljanje odobritev<\/h4>\n\n\n<p>Odobritve vse upo\u010dasnijo. Vsak nakup je treba odobriti. Vsako izjemo je treba potrditi. Vsako spremembo je treba pregledati.<\/p>\n<p>Ve\u010dina je rutinskih. Standardna zahteva v okviru pravilnika? Morala bi se samodejno odobriti. Nenavadna zahteva zunaj parametrov? Posredovati jo je treba pravemu odobravalcu s celotnim kontekstom.<\/p>\n<p>Umetna inteligenca skrbi za logiko odobritve:<\/p>\n<ul>\n<li>Standardne zahteve v okviru pragov: samodejno odobrene z revizijsko sledjo<\/li>\n<li>Zahtevki, ki jih je treba pregledati: usmerjeni na ustrezno raven glede na znesek, vrsto in tveganje.<\/li>\n<li>Kompleksne zahteve: eskalirane s celotnim kontekstom in zgodovino<\/li>\n<li>Zaostale odobritve: samodejno se stopnjujejo, \u010de predolgo \u010dakajo.<\/li>\n<\/ul>\n\n<p>Va\u0161i vodje porabijo \u010das za odlo\u010ditve, ki dejansko zahtevajo presojo. Ne pa z gumijastim \u017eigom za rutinske zahteve.<\/p>\n<p>In ko je nekdo zunaj? Umetna inteligenca preusmeri na rezervno enoto. Nobenih zahtevkov, ki bi obti\u010dali in \u010dakali na nekoga, ki je na dopustu.<\/p>\n\n\n<h4 class=\"wp-block-heading\">Spremljanje procesov v realnem \u010dasu<\/h4>\n\n\n<p>Kje je vse? Kaj se je zataknilo? Kaj je v nevarnosti, da zamudite roke?<\/p>\n<p>Umetna inteligenca spremlja vsako opravilo v vsakem koraku. Ne tako, da bi ljudi spra\u0161evala za posodobitve, temve\u010d tako, da bi sisteme spremljala samodejno. Ve:<\/p>\n<ul>\n<li>Kaj je v pripravi in kdo dela na tem<\/li>\n<li>Kaj \u010daka (in kako dolgo \u017ee \u010daka)<\/li>\n<li>Kaj se pribli\u017euje rokom<\/li>\n<li>Kje nastajajo ozka grla<\/li>\n<li>Kateri procesi te\u010dejo po\u010dasneje kot obi\u010dajno<\/li>\n<\/ul>\n\n<p>Nadzorna plo\u0161\u010da prikazuje stanje v realnem \u010dasu. Ne poro\u010dil \"od v\u010deraj\" - takoj zdaj. Va\u0161i vodje vedo, \u010demu je treba posvetiti pozornost, ne da bi morali iskati posodobitve.<\/p>\n\n\n<h4 class=\"wp-block-heading\">Dejansko delujo\u010de odkrivanje izjem<\/h4>\n\n\n<p>Izjeme so drage. Naro\u010dite manjkajo\u010de informacije. Korak traja predolgo. Postopek ni pravilno izveden. Ko nekdo to opazi, je to \u017ee te\u017eava.<\/p>\n<p>Umetna inteligenca zgodaj ujame izjeme:<\/p>\n<ul>\n<li><strong>Manjkajo\u010di podatki:<\/strong> Naro\u010dilo oddano brez zahtevanih polj? Ozna\u010deno je takoj, ne \u0161ele, ko pride do izpolnitve.<\/li>\n<li><strong>Odstopanja v procesu:<\/strong> Koraki so bili opravljeni v druga\u010dnem vrstnem redu? Presko\u010den kontrolni seznam? AI opazi.<\/li>\n<li><strong>\u010casovne te\u017eave:<\/strong> Korak traja 3x dlje kot obi\u010dajno? AI opozori pred iztekom roka.<\/li>\n<li><strong>pomisleki glede kakovosti:<\/strong> Stopnja napak pri dolo\u010denem procesu? Vzorec je zaznan zgodaj.<\/li>\n<li><strong>Vrzeli v zvezi s skladnostjo:<\/strong> Manjka zahtevana dokumentacija? Prese\u017een prag odobritve? Ujeto samodejno.<\/li>\n<\/ul>\n\n<p>Va\u0161a ekipa obravnava izjeme, ko so \u0161e majhne. Preden se raz\u0161irijo. Preden prizadenejo stranke.<\/p>\n\n\n<h4 class=\"wp-block-heading\">Avtomatizirano preverjanje skladnosti<\/h4>\n\n\n<p>Vsak proces ima zahteve. Koraki morajo potekati v zaporedju. Dokumentacija mora biti popolna. Pridobiti je treba odobritve. Izvesti je treba preglede kakovosti.<\/p>\n<p>Ro\u010dno preverjanje vsega tega? Nekdo mora opraviti revizijo. V najbolj\u0161em primeru preverja vzorce. Skladnost z upanjem.<\/p>\n<p>Umetna inteligenca preveri vsak primer:<\/p>\n<ul>\n<li>Ali so bili opravljeni vsi zahtevani koraki?<\/li>\n<li>Ali je bilo upo\u0161tevano pravilno zaporedje?<\/li>\n<li>Ali je dokumentacija popolna in to\u010dna?<\/li>\n<li>Ali so bila pridobljena potrebna dovoljenja?<\/li>\n<li>Ali je iz revizijske sledi razvidno, kdo in kdaj je kaj storil?<\/li>\n<\/ul>\n\n<p>Neskladen postopek? Takoj ozna\u010deno. Ne pa, da se to ugotovi \u010dez nekaj tednov med revizijo. Va\u0161a skladnost je resni\u010dna in ne pri\u010dakovana.<\/p>\n\n\n<h4 class=\"wp-block-heading\">Analitika uspe\u0161nosti procesov<\/h4>\n\n\n<p>Koliko \u010dasa dejansko trajajo postopki? Kje se upo\u010dasnijo? Katere ekipe so hitrej\u0161e? Zakaj?<\/p>\n<p>Umetna inteligenca spremlja kazalnike uspe\u0161nosti vseh va\u0161ih procesov:<\/p>\n<ul>\n<li>\u010cas cikla glede na vrsto postopka<\/li>\n<li>Prehodnost po skupinah in posameznikih<\/li>\n<li>kje prihaja do zamud (kateri koraki, katere predaje)<\/li>\n<li>Stopnje napak in pogostost ponovnega dela<\/li>\n<li>Razli\u010dnost (doslednost je enako pomembna kot hitrost)<\/li>\n<\/ul>\n\n<p>Vidite, kje se lahko izbolj\u0161ate. Ne ugibate, ampak gledate na podatke. Je ta ekipa stalno hitrej\u0161a? Ugotovite, kaj delajo druga\u010de. Ta korak je stalno po\u010dasen? Preu\u010dite, zakaj.<\/p>\n<p>Izbolj\u0161anje procesov na podlagi dejstev in ne ob\u010dutkov.<\/p>\n\n\n<hr class=\"wp-block-separator has-alpha-channel-opacity\"\/>\n\n\n\n<h3 class=\"wp-block-heading\">Kaj to pomeni za vas<\/h3>\n\n\n\n<h4 class=\"wp-block-heading\">Za operativne direktorje in vodje operacij<\/h4>\n\n\n<p><strong>Dosledno izvajanje na razli\u010dnih lokacijah.<\/strong> Povsod veljajo enaka pravila. Brez razlik glede na to, kdo dela ali kako zaseden je.<\/p>\n\n<p><strong>Skalabilne operacije.<\/strong> Obvladajte dvakrat ve\u010dji obseg brez dvakrat ve\u010djega \u0161tevila zaposlenih. Koordinacijsko delo se ne pove\u010duje z obsegom.<\/p>\n\n<p><strong>Bolj\u0161a skladnost in revizijske sledi.<\/strong> Vsak postopek se samodejno dokumentira. Popolna revizijska sled za vsako transakcijo. Skladnost z zasnovo, ne s preverjanjem.<\/p>\n\n<p><strong>Preglednost operacij.<\/strong> Nadzorna plo\u0161\u010da v realnem \u010dasu o dogajanju. Opazujte ozka grla, ki se oblikujejo, preden postanejo kriza.<\/p>\n\n<p><strong>Ni\u017eja stopnja napak.<\/strong> Z avtomatiziranim preverjanjem napake odkrijete zgodaj. Izjeme so ozna\u010dene, \u0161e preden povzro\u010dijo te\u017eave.<\/p>\n\n\n<h4 class=\"wp-block-heading\">Za operativne vodje<\/h4>\n\n\n<p><strong>Nehajte se pehati za posodobitvami stanja.<\/strong> Sistem spremlja vse. Vidite, na kaj je treba opozoriti, ne da bi morali spra\u0161evati naokoli.<\/p>\n\n<p><strong>Osredoto\u010dite se na izjeme in ne na rutino.<\/strong> Umetna inteligenca skrbi za standardni potek dela. Vi se ukvarjate z neobi\u010dajnimi primeri, ki jih je treba presoditi.<\/p>\n\n<p><strong>Ugotovite, kje so stvari zataknjene.<\/strong> Ne \u010dakate, da \u010dlani ekipe stopnjujejo te\u017eave. Vidite ga v realnem \u010dasu.<\/p>\n\n<p><strong>Podatki za izbolj\u0161anje.<\/strong> Spoznajte, kateri procesi delujejo dobro in katere je treba popraviti. Dejanski \u010dasi ciklov in ne ocene.<\/p>\n\n<p><strong>pravi\u010dna porazdelitev delovne obremenitve.<\/strong> Ugotovite, kdo je preobremenjen in kdo ima dovolj prostora. Uravnote\u017eite delo na podlagi dejanskega stanja.<\/p>\n\n\n<h4 class=\"wp-block-heading\">Za ekipe, ki opravljajo delo<\/h4>\n\n\n<p><strong>Po\u010distite \u010dakalno vrsto opravil.<\/strong> Ni ve\u010d spra\u0161evanja \"na \u010dem naj delam?\" Prednostne naloge se samodejno izra\u010dunajo glede na roke in pomembnost.<\/p>\n\n<p><strong>Ni\u010d ve\u010d preganjanja.<\/strong> Sistem preusmeri delo na vas. Pove vam, kar morate vedeti. \u010ce se zataknete, samodejno spro\u017ei eskalacijo.<\/p>\n\n<p><strong>Manj splo\u0161nih stro\u0161kov usklajevanja.<\/strong> \u010cas porabite za delo in ne za usklajevanje o delu. Ni sestankov za spremljanje stanja.<\/p>\n\n<p><strong>Hitre odobritve.<\/strong> Rutinske stvari so samodejno odobrene. Ni treba \u010dakati ve\u010d dni, da nekdo odtisne \u017eig.<\/p>\n\n<p><strong>Manj po\u017earnih vaj.<\/strong> Izjeme, ki jih je mogo\u010de zgodaj ujeti. Te\u017eave so prepoznane, \u0161e preden izbruhnejo. Manj panike, ve\u010d na\u010drtovanja.<\/p>\n\n\n<hr class=\"wp-block-separator has-alpha-channel-opacity\"\/>\n\n\n\n<h3 class=\"wp-block-heading\">\u010cesa umetna inteligenca ne more storiti<\/h3>\n\n\n<p>UI avtomatizira delo na podlagi pravil. Ne nadome\u0161\u010da presoje. Tu je tisto, kar \u0161e vedno potrebuje ljudi:<\/p>\n\n<p><strong>Obvladovanje resni\u010dno nenavadnih situacij.<\/strong> AI usmerja standardne primere in ozna\u010duje izjeme. Toda res \u010dudni robni primeri? Te mora re\u0161evati \u010dlovek.<\/p>\n\n<p><strong>Pogajanja in upravljanje odnosov.<\/strong> Stranka je razburjena zaradi zamude? Dobavitelj potrebuje posebno obravnavo? To je \u010dlove\u0161ko delo.<\/p>\n\n<p><strong>Oblikovanje bolj\u0161ih procesov.<\/strong> Umetna inteligenca spremlja uspe\u0161nost trenutnih procesov. jih preoblikujete za bolj\u0161e rezultate? To je naloga va\u0161e ekipe.<\/p>\n\n<p><strong>Presojanje.<\/strong> Ali naj to pospe\u0161imo? Narediti izjemo? Sprejeti izgubo, da bi ohranili odnos? Ra\u010dunalniki ne morejo pretehtati teh kompromisov.<\/p>\n\n<p><strong>Kompleksne odobritve.<\/strong> Enostavne odobritve (v okviru politike $X) lahko avtomatizirate. Kompleksne (strate\u0161ke odlo\u010ditve, pomembne izjeme, medfunkcijski vplivi) morajo pregledati ljudje.<\/p>\n\n<p>O umetni inteligenci razmi\u0161ljajte kot o usklajevalni plasti. Va\u0161a ekipa skrbi za miselno plast. Samo hitreje jo opravi, ker je osnovno delo opravljeno.<\/p>\n\n\n<hr class=\"wp-block-separator has-alpha-channel-opacity\"\/>\n\n\n\n<h3 class=\"wp-block-heading\">Za\u010detek uporabe avtomatizacije procesov<\/h3>\n\n\n<p>Ne avtomatizirate vsega naenkrat. Za\u010dnite z najbolj standardiziranimi procesi z najve\u010djim obsegom:<\/p>\n\n<p><strong>Dobri prvi kandidati:<\/strong><\/p>\n<ul>\n<li>Usmerjanje in dodeljevanje naro\u010dil<\/li>\n<li>Standardni delovni tokovi odobritve<\/li>\n<li>Sprejem in razvr\u0161\u010danje zahtevkov<\/li>\n<li>Preverjanje dokon\u010danja naloge<\/li>\n<li>Obvestila o stanju in eskalacije<\/li>\n<\/ul>\n\n<p><strong>Prvi kandidati niso odli\u010dni:<\/strong><\/p>\n<ul>\n<li>Zelo spremenljivi procesi s \u0161tevilnimi izjemami<\/li>\n<li>Procesi, ki se pogosto spreminjajo<\/li>\n<li>Podro\u010dja, na katerih je \u010dlove\u0161ka presoja odlo\u010dilna za vsak primer<\/li>\n<li>Postopki, ki jih \u0161e nih\u010de ni dokumentiral<\/li>\n<\/ul>\n\n<p>Za\u010dnite tam, kjer je jasen postopek, velik obseg in o\u010ditna bole\u010dina. Doka\u017eite vrednost. Nato raz\u0161irite na bolj zapletene primere.<\/p>\n\n\n<hr class=\"wp-block-separator has-alpha-channel-opacity\"\/>\n\n\n\n<h3 class=\"wp-block-heading\">Spodnja linija<\/h3>\n\n\n<p>Ro\u010dno usklajevanje procesov ni obse\u017eno. Ve\u010dji obseg pomeni ve\u010d splo\u0161nih stro\u0161kov usklajevanja. Va\u0161a ekipa se namesto z dejanskim delom ukvarja z usmerjanjem, sledenjem in preganjanjem.<\/p>\n\n<p>Umetna inteligenca skrbi za usklajevanje. Poti delujejo pravilno. Spremlja napredek. Ujema izjeme. Zagotavlja skladnost. Vse samodejno.<\/p>\n\n<p>Va\u0161a ekipa se ukvarja s samim delom. Ne na sestankih o delu. Ne elektronskih sporo\u010dil, ki spremljajo delo. Ne preglednic, ki spremljajo delo.<\/p>\n\n<p>Rezultat so teko\u010de operacije. Hitrej\u0161i \u010dasi ciklov. Manj napak. Bolj\u0161a skladnost. In strokovnjaki, ki delajo to, v \u010demer so dobri, namesto da bi se ukvarjali s procesi.<\/p>\n\n<p>To dejansko zagotavlja avtomatizacija procesov z umetno inteligenco. Ne \"ugasnjene lu\u010di\". Le manj trenja in ve\u010d osredoto\u010denosti na pomembne stvari.<\/p>\n\n\n<hr class=\"wp-block-separator has-alpha-channel-opacity\"\/>\n\n\n\n<h3 class=\"wp-block-heading\">Ste pripravljeni avtomatizirati delovne tokove?<\/h3>\n\n\n<p>Vsaka operacija ima razli\u010dne postopke. Kaj deluje v va\u0161em podjetju, je odvisno od tega, kako poslujete danes.<\/p>\n\n<p>Ne spodbujamo splo\u0161nih orodij za delovni tok. Upo\u0161tevamo va\u0161e specifi\u010dne procese. Kje so re\u017eijski stro\u0161ki usklajevanja? Kje se stvari zataknejo? Kaj je glede na va\u0161e sisteme realno avtomatizirati?<\/p>\n\n<p>Nato pripravimo avtomatizacijo, ki ustreza va\u0161emu delovnemu procesu. Ne silimo vas, da spremenite na\u010din dela, da bi ga prilagodili programski opremi. Programska oprema, ki deluje tako, kot delate vi.<\/p>\n\n<p><a href=\"https:\/\/www.leaplytics.de\/sl\/kontakt\/\">Pogovorimo se o va\u0161ih procesih<\/a><\/p>\n\n<p><a href=\"https:\/\/www.leaplytics.de\/sl\/operacije-ai\/\">Nazaj na Operacije AI<\/a><\/p>","protected":false},"excerpt":{"rendered":"<p>AI for Process Automation &#038; Workflow Operations runs on processes. Order to fulfillment. Request to resolution. Task to completion. Everything follows steps. When processes work smoothly, things flow. When they don&#8217;t, everything gets stuck. Tasks pile up. Handoffs fail. People waste time asking &#8220;where is this?&#8221; and &#8220;who has that?&#8221; Most process problems aren&#8217;t because &hellip; <\/p>","protected":false},"author":2,"featured_media":0,"parent":0,"menu_order":0,"comment_status":"closed","ping_status":"closed","template":"","meta":{"footnotes":""},"class_list":["post-14495","page","type-page","status-publish","hentry","latest_post"],"_links":{"self":[{"href":"https:\/\/www.leaplytics.de\/sl\/wp-json\/wp\/v2\/pages\/14495","targetHints":{"allow":["GET"]}}],"collection":[{"href":"https:\/\/www.leaplytics.de\/sl\/wp-json\/wp\/v2\/pages"}],"about":[{"href":"https:\/\/www.leaplytics.de\/sl\/wp-json\/wp\/v2\/types\/page"}],"author":[{"embeddable":true,"href":"https:\/\/www.leaplytics.de\/sl\/wp-json\/wp\/v2\/users\/2"}],"replies":[{"embeddable":true,"href":"https:\/\/www.leaplytics.de\/sl\/wp-json\/wp\/v2\/comments?post=14495"}],"version-history":[{"count":1,"href":"https:\/\/www.leaplytics.de\/sl\/wp-json\/wp\/v2\/pages\/14495\/revisions"}],"predecessor-version":[{"id":14501,"href":"https:\/\/www.leaplytics.de\/sl\/wp-json\/wp\/v2\/pages\/14495\/revisions\/14501"}],"wp:attachment":[{"href":"https:\/\/www.leaplytics.de\/sl\/wp-json\/wp\/v2\/media?parent=14495"}],"curies":[{"name":"wp","href":"https:\/\/api.w.org\/{rel}","templated":true}]}}